{"id":142107,"date":"2023-05-14T14:00:56","date_gmt":"2023-05-14T14:00:56","guid":{"rendered":"http:\/\/talkpal.ai\/katalansk-grammatikk\/"},"modified":"2025-05-22T18:35:54","modified_gmt":"2025-05-22T18:35:54","slug":"katalansk-grammatikk","status":"publish","type":"page","link":"https:\/\/talkpal.ai\/no\/katalansk-grammatikk\/","title":{"rendered":"Katalansk grammatikk"},"content":{"rendered":"\r\n\r\n\r\n<section class=\"languageChallengeSection\">\r\n    <div class=\"languageInfoWrapper\">\r\n        \r\n        <h1>Katalansk grammatikk<\/h1>\r\n        <p>Dykk ned i den katalanske grammatikkens verden og oppdag den unike strukturen i dette livlige romanske spr\u00e5ket. Hvis du behersker det grunnleggende, vil du kunne kommunisere mer effektivt og f\u00e5 en dypere kontakt med den katalanske kulturen. Begynn \u00e5 l\u00e6re <a href=\"https:\/\/talkpal.ai\/catalan-grammar\/\">katalansk grammatikk<\/a> i dag og ta det f\u00f8rste skrittet mot flytende <a href=\"https:\/\/talkpal.ai\/learn-catalan\/\">katalansk<\/a>!\n\n<\/p>\r\n\r\n                            <a class=\"getStartedHidden\" href=\"https:\/\/app.talkpal.ai\/no\/signup?lng=\">Kom i gang<\/a>\r\n        \r\n    <\/div>\r\n\r\n    <figure>\r\n    <img decoding=\"async\" width=\"768\" height=\"768\" src=\"https:\/\/talkpal.ai\/wp-content\/uploads\/2023\/06\/catalan-768x768.png\" class=\"languageImage no-lazy\" alt=\"Language learning techniques for fast learning\" fetchpriority=\"high\" sizes=\"(max-width: 768px) 150px, 768px\" srcset=\"https:\/\/talkpal.ai\/wp-content\/uploads\/2023\/06\/catalan-768x768.png 768w, https:\/\/talkpal.ai\/wp-content\/uploads\/2023\/06\/catalan-300x300.png 300w\" \/>\r\n    \r\n\r\n    <\/figure>\r\n\r\n            <a class=\"getStartedVisible\" href=\"https:\/\/app.talkpal.ai\/no\/signup?lng=\">Kom i gang<\/a>\r\n    \r\n<\/section>\r\n<section class=\"promotionalBanner\">\r\n    <p class=\"promotionalText\">Den mest effektive m\u00e5ten \u00e5 l\u00e6re et spr\u00e5k p\u00e5<\/p>\r\n    <a class=\"promotionalLink\" href=\"https:\/\/app.talkpal.ai\/no\/signup?lng=\">Pr\u00f8v Talkpal gratis<\/a>\r\n<\/section>\n<div class=\"wp-block-group pageContainerStyle\"><div class=\"wp-block-group__inner-container is-layout-constrained wp-block-group-is-layout-constrained\">\n<h2 class=\"wp-block-heading\" id=\"h-catalan-grammar-a-quick-guide-for-language-enthusiasts\">Katalansk grammatikk: En hurtigveiledning for spr\u00e5kentusiaster<\/h2>\n\n\n\n<p>Planlegger du \u00e5 l\u00e6re <a href=\"https:\/\/talkpal.ai\/learn-catalan\/\">katalansk<\/a> eller bare nysgjerrig p\u00e5 dette vakre romanske spr\u00e5ket? Se ikke lenger! Vi er her for \u00e5 ta deg med p\u00e5 en rask omvisning i <a href=\"https:\/\/talkpal.ai\/catalan-grammar\/\">katalansk grammatikk<\/a> og gi deg de grunnleggende kunnskapene. La <a href=\"https:\/\/talkpal.ai\/locations\/language-courses-in-oss\/\">oss<\/a> dykke ned i dette sjarmerende spr\u00e5ket og utforske hvordan det fungerer p\u00e5 et grammatisk niv\u00e5.<\/p>\n\n\n\n<p>Katalansk, som snakkes av rundt 10 millioner mennesker, hovedsakelig i Catalonia, <a href=\"https:\/\/talkpal.ai\/locations\/language-courses-in-valencia\/\">Valencia<\/a> og Balearene, har en unik blanding av p\u00e5virkninger fra latin, <a href=\"https:\/\/talkpal.ai\/learn-spanish\/\">spansk<\/a> og <a href=\"https:\/\/talkpal.ai\/learn-french\/\">fransk<\/a>. Akkurat som deg og meg, beriker spr\u00e5k seg ytterligere ved \u00e5 l\u00e5ne forskjellige nyanser fra hverandre over tid. S\u00e5 spennende!<\/p>\n\n\n\n<p><strong>La oss n\u00e5 l\u00e6re noen grunnleggende aspekter ved katalansk grammatikk:<\/strong><\/p>\n\n\n\n<h3 class=\"wp-block-heading\" id=\"h-1-nouns-and-gender\">1. Substantiv og kj\u00f8nn:<\/h3>\n\n\n\n<p>Syng med meg &#8211; &laquo;Hvert substantiv har makt! Akkurat som i andre romanske spr\u00e5k er katalanske substantiv enten maskulinum eller femininum, og dette &laquo;kj\u00f8nnet&raquo; p\u00e5virker hvordan de brukes sammen med artikler og adjektiver. Men ikke v\u00e6r redd! Substantiv som ender p\u00e5 -a, er som oftest hunkj\u00f8nn, mens de som ender p\u00e5 -o (eller andre konsonanter), er hankj\u00f8nn. V\u00e6r imidlertid oppmerksom p\u00e5 unntak \u2013 de elsker \u00e5 snike seg inn p\u00e5 deg!<\/p>\n\n\n\n<h3 class=\"wp-block-heading\" id=\"h-2-articles\">2. Artikler:<\/h3>\n\n\n\n<p>Livet ville v\u00e6rt kjedelig uten artikler, ikke sant? P\u00e5 katalansk har vi bestemte artikler for \u00e5 peke p\u00e5 bestemte ting eller personer (for eksempel &laquo;hunden&raquo; eller &laquo;boken&raquo;) og ubestemte artikler for generelle referanser (for eksempel &laquo;en hund&raquo; eller &laquo;en bok&raquo;).  <\/p>\n\n\n\n<p>Bestemt artikkel p\u00e5 katalansk er &laquo;el&raquo; for substantiv i maskulinum entall, &laquo;la&raquo; for substantiv i femininum entall, &laquo;els&raquo; for substantiv i maskulinum flertall og &laquo;les&raquo; for substantiv i femininum flertall. Ubestemt artikkel, derimot, er &laquo;un&raquo; for substantiv i maskulinum entall og &laquo;una&raquo; for substantiv i femininum entall. I flertallsformen er det ingen spesifikke ubestemte artikler. Easy-peasy, ikke sant?<\/p>\n\n\n\n<h3 class=\"wp-block-heading\" id=\"h-3-adjectives\">3. Adjektiver:<\/h3>\n\n\n\n<p>Adjektiver gir smak til setningene dine ved \u00e5 beskrive substantiver, og p\u00e5 katalansk stemmer de i kj\u00f8nn og tall med substantivene de endrer. I de fleste tilfeller er adjektiver som slutter p\u00e5 &laquo;-o&raquo; maskuline, og de som slutter p\u00e5 &laquo;-a&raquo; er feminine. For \u00e5 danne flertall endrer du &laquo;-o&raquo; til &laquo;-os&raquo; (maskulinum) og &laquo;-a&raquo; til &laquo;-es&raquo; (femininum). Husk at noen adjektiver har en unik form for begge kj\u00f8nn og bare flertallsmark\u00f8ren endres. H\u00f8res g\u00f8y ut, ikke sant?<\/p>\n\n\n\n<h3 class=\"wp-block-heading\" id=\"h-4-verbs-and-conjugation\">4. Verb og b\u00f8ying:<\/h3>\n\n\n\n<p>Hjertet til hvert spr\u00e5k! Verb p\u00e5 katalansk deles inn i tre grupper basert p\u00e5 infinitivsendelsene: &laquo;-ar&raquo;, &laquo;-er&raquo; og &laquo;-ir&raquo;. Hver gruppe har sitt distinkte konjugasjonsm\u00f8nster for forskjellige tider, stemninger og pronomen &#8211; akkurat som \u00e5 danse til forskjellige rytmer. Katalansk har ogs\u00e5 hjelpeverb (som &laquo;\u00e5 ha&raquo; og &laquo;\u00e5 v\u00e6re&raquo;) som kan kombineres med andre verb for \u00e5 skape sammensatte tider og passiv. S\u00e5 ta p\u00e5 deg danseskoene og begynn \u00e5 utforske den livlige verden av katalanske verb.<\/p>\n\n\n\n<h3 class=\"wp-block-heading\" id=\"h-5-word-order\">5. Ordrekkef\u00f8lge:<\/h3>\n\n\n\n<p>La oss plassere ordene i riktig rekkef\u00f8lge! Katalansk f\u00f8lger vanligvis en subjekt-verb-objekt (SVO) ordrekkef\u00f8lge, akkurat som engelsk. Fleksibilitet i ordrekkef\u00f8lge er imidlertid tillatt for vektlegging eller stilistiske form\u00e5l. Adjektiver kommer vanligvis etter substantivet de beskriver, men du kan se dem f\u00f8r substantivet for \u00e5 understreke viktigheten deres. Husk at \u00f8velse gj\u00f8r mester n\u00e5r det gjelder \u00e5 mestre ordrekkef\u00f8lge p\u00e5 katalansk.<\/p>\n\n\n\n<h3 class=\"wp-block-heading\" id=\"h-6-pronouns-and-prepositions\">6. Pronomen og preposisjoner:<\/h3>\n\n\n\n<p>Sist men ikke minst! Katalansk har subjektpronomen (jeg, du, han, hun osv.) og objektpronomen (meg, deg, ham, henne osv.), som kan gjennomg\u00e5 forskjellige endringer avhengig av funksjonen i en setning. I tillegg hjelper katalanske preposisjoner (som &laquo;a&raquo;, &laquo;de&raquo;, &laquo;en&raquo;, &laquo;amb&raquo;) deg med \u00e5 koble sammen ord og setninger og vise forholdet mellom dem.<\/p>\n\n\n\n<p>Huff! N\u00e5 har du l\u00e6rt deg det grunnleggende i katalansk grammatikk. Fortsett \u00e5 utforske, stille sp\u00f8rsm\u00e5l og \u00f8ve p\u00e5 dette herlige spr\u00e5ket. Husk at \u00e5 l\u00e6re et nytt spr\u00e5k er som \u00e5 legge ut p\u00e5 en spennende reise. Det vil g\u00e5 opp og ned, men bel\u00f8nningen er verdt innsatsen. Bon viatge!<\/p>\n<\/div><\/div>\n\r\n<section class=\"learnNavigationSection\">\r\n            \r\n        <a href=\"https:\/\/talkpal.ai\/no\/laer-katalansk\/\">\r\n            <div class=\"learnNavigationWrapper\">\r\n                <div class=\"learnNavigationContent\">\r\n                    <img decoding=\"async\" src=\"https:\/\/talkpal.ai\/wp-content\/uploads\/2024\/08\/Catalan.jpg\" alt=\"Catalan Flag\">\r\n                    <div>\r\n                        <h4>Om Catalan Learning<\/h4>\r\n                        <p>Finn ut alt om katalansk grammatikk.<\/p>\r\n                    <\/div>\r\n                <\/div>\r\n            <\/div>\r\n        <\/a>\r\n\r\n        \r\n        <a href=\"https:\/\/talkpal.ai\/no\/katalanske-grammatikkovelser\/\">\r\n            <div class=\"learnNavigationWrapper\">\r\n                <div class=\"learnNavigationContent\">\r\n                    <img decoding=\"async\" src=\"https:\/\/talkpal.ai\/wp-content\/uploads\/2024\/08\/Catalan.jpg\" alt=\"Catalan Flag\">\r\n                    <div>\r\n                        <h4>\u00d8velse i katalansk grammatikk<\/h4>\r\n                        <p>\u00d8v p\u00e5 katalansk grammatikk.<\/p>\r\n                    <\/div>\r\n                <\/div>\r\n            <\/div>\r\n        <\/a>\r\n\r\n        \r\n        <a href=\"https:\/\/talkpal.ai\/vocabulary_language\/catalan\/\">\r\n            <div class=\"learnNavigationWrapper\">\r\n                <div class=\"learnNavigationContent\">\r\n                    <img decoding=\"async\" src=\"https:\/\/talkpal.ai\/wp-content\/uploads\/2024\/08\/Catalan.jpg\" alt=\"Catalan Flag\">\r\n                    <div>\r\n                        <h4>Katalansk ordforr\u00e5d<\/h4>\r\n                        <p>Utvid ordforr\u00e5det ditt p\u00e5 katalansk.<\/p>\r\n                    <\/div>\r\n                <\/div>\r\n            <\/div>\r\n        <\/a>\r\n\r\n            <\/section>","protected":false},"excerpt":{"rendered":"<p>Katalansk grammatikk: En hurtigveiledning for spr\u00e5kentusiaster Planlegger du \u00e5 l\u00e6re katalansk eller bare nysgjerrig p\u00e5 dette vakre romanske spr\u00e5ket? Se ikke lenger! Vi er her for \u00e5 ta deg med p\u00e5 en rask omvisning i katalansk grammatikk og gi deg de grunnleggende kunnskapene. La oss dykke ned i dette sjarmerende spr\u00e5ket og utforske hvordan det [&hellip;]<\/p>\n","protected":false},"author":1,"featured_media":142117,"parent":0,"menu_order":0,"comment_status":"closed","ping_status":"closed","template":"LearningContentPage.php","meta":{"_acf_changed":false,"footnotes":""},"class_list":["post-142107","page","type-page","status-publish","has-post-thumbnail","hentry"],"acf":[],"yoast_head":"<!-- This site is optimized with the Yoast SEO Premium plugin v27.2 (Yoast SEO v27.2) - https:\/\/yoast.com\/product\/yoast-seo-premium-wordpress\/ -->\n<title>Katalansk grammatikk - Talkpal<\/title>\n<meta name=\"description\" content=\"Oppdag det grunnleggende i katalansk grammatikk og start din reise inn i dette vakre romanske spr\u00e5ket i dag!\" \/>\n<meta name=\"robots\" content=\"index, follow, max-snippet:-1, max-image-preview:large, max-video-preview:-1\" \/>\n<link rel=\"canonical\" href=\"https:\/\/talkpal.ai\/no\/katalansk-grammatikk\/\" \/>\n<meta property=\"og:locale\" content=\"nb_NO\" \/>\n<meta property=\"og:type\" content=\"article\" \/>\n<meta property=\"og:title\" content=\"Katalansk grammatikk\" \/>\n<meta property=\"og:description\" content=\"Katalansk grammatikk: En hurtigveiledning for spr\u00e5kentusiaster Planlegger du \u00e5 l\u00e6re katalansk eller bare nysgjerrig p\u00e5 dette vakre romanske spr\u00e5ket? Se\" \/>\n<meta property=\"og:url\" content=\"https:\/\/talkpal.ai\/no\/katalansk-grammatikk\/\" \/>\n<meta property=\"og:site_name\" content=\"Talkpal\" \/>\n<meta property=\"article:publisher\" content=\"https:\/\/www.facebook.com\/profile.php?id=100090733639311\" \/>\n<meta property=\"article:modified_time\" content=\"2025-05-22T18:35:54+00:00\" \/>\n<meta property=\"og:image\" content=\"https:\/\/talkpal.ai\/wp-content\/uploads\/2023\/08\/Catalan.png\" \/>\n\t<meta property=\"og:image:width\" content=\"479\" \/>\n\t<meta property=\"og:image:height\" content=\"479\" \/>\n\t<meta property=\"og:image:type\" content=\"image\/png\" \/>\n<meta name=\"twitter:card\" content=\"summary_large_image\" \/>\n<meta name=\"twitter:site\" content=\"@talkpalai\" \/>\n<meta name=\"twitter:label1\" content=\"Ansl. lesetid\" \/>\n\t<meta name=\"twitter:data1\" content=\"3 minutter\" \/>\n<script type=\"application\/ld+json\" class=\"yoast-schema-graph\">{\"@context\":\"https:\/\/schema.org\",\"@graph\":[{\"@type\":\"WebPage\",\"@id\":\"https:\/\/talkpal.ai\/no\/katalansk-grammatikk\/\",\"url\":\"https:\/\/talkpal.ai\/no\/katalansk-grammatikk\/\",\"name\":\"Katalansk grammatikk - Talkpal\",\"isPartOf\":{\"@id\":\"https:\/\/talkpal.ai\/no\/#website\"},\"primaryImageOfPage\":{\"@id\":\"https:\/\/talkpal.ai\/no\/katalansk-grammatikk\/#primaryimage\"},\"image\":{\"@id\":\"https:\/\/talkpal.ai\/no\/katalansk-grammatikk\/#primaryimage\"},\"thumbnailUrl\":\"https:\/\/talkpal.ai\/wp-content\/uploads\/2023\/08\/Catalan.png\",\"datePublished\":\"2023-05-14T14:00:56+00:00\",\"dateModified\":\"2025-05-22T18:35:54+00:00\",\"description\":\"Oppdag det grunnleggende i katalansk grammatikk og start din reise inn i dette vakre romanske spr\u00e5ket i dag!\",\"breadcrumb\":{\"@id\":\"https:\/\/talkpal.ai\/no\/katalansk-grammatikk\/#breadcrumb\"},\"inLanguage\":\"nb-NO\",\"potentialAction\":[{\"@type\":\"ReadAction\",\"target\":[\"https:\/\/talkpal.ai\/no\/katalansk-grammatikk\/\"]}]},{\"@type\":\"ImageObject\",\"inLanguage\":\"nb-NO\",\"@id\":\"https:\/\/talkpal.ai\/no\/katalansk-grammatikk\/#primaryimage\",\"url\":\"https:\/\/talkpal.ai\/wp-content\/uploads\/2023\/08\/Catalan.png\",\"contentUrl\":\"https:\/\/talkpal.ai\/wp-content\/uploads\/2023\/08\/Catalan.png\",\"width\":479,\"height\":479},{\"@type\":\"BreadcrumbList\",\"@id\":\"https:\/\/talkpal.ai\/no\/katalansk-grammatikk\/#breadcrumb\",\"itemListElement\":[{\"@type\":\"ListItem\",\"position\":1,\"name\":\"Homepage\",\"item\":\"https:\/\/talkpal.ai\/no\/\"},{\"@type\":\"ListItem\",\"position\":2,\"name\":\"Katalansk grammatikk\"}]},{\"@type\":\"WebSite\",\"@id\":\"https:\/\/talkpal.ai\/no\/#website\",\"url\":\"https:\/\/talkpal.ai\/no\/\",\"name\":\"Talkpal\",\"description\":\"AI Language Learning\",\"publisher\":{\"@id\":\"https:\/\/talkpal.ai\/no\/#organization\"},\"alternateName\":\"Talkpal AI\",\"potentialAction\":[{\"@type\":\"SearchAction\",\"target\":{\"@type\":\"EntryPoint\",\"urlTemplate\":\"https:\/\/talkpal.ai\/no\/?s={search_term_string}\"},\"query-input\":{\"@type\":\"PropertyValueSpecification\",\"valueRequired\":true,\"valueName\":\"search_term_string\"}}],\"inLanguage\":\"nb-NO\"},{\"@type\":\"Organization\",\"@id\":\"https:\/\/talkpal.ai\/no\/#organization\",\"name\":\"Talkpal, Inc.\",\"alternateName\":\"Talkpal AI\",\"url\":\"https:\/\/talkpal.ai\/no\/\",\"logo\":{\"@type\":\"ImageObject\",\"inLanguage\":\"nb-NO\",\"@id\":\"https:\/\/talkpal.ai\/no\/#\/schema\/logo\/image\/\",\"url\":\"https:\/\/talkpal.ai\/wp-content\/uploads\/2024\/03\/Talkpal-Logo-Icon.png\",\"contentUrl\":\"https:\/\/talkpal.ai\/wp-content\/uploads\/2024\/03\/Talkpal-Logo-Icon.png\",\"width\":2880,\"height\":2880,\"caption\":\"Talkpal, Inc.\"},\"image\":{\"@id\":\"https:\/\/talkpal.ai\/no\/#\/schema\/logo\/image\/\"},\"sameAs\":[\"https:\/\/www.facebook.com\/profile.php?id=100090733639311\",\"https:\/\/x.com\/talkpalai\",\"https:\/\/www.linkedin.com\/company\/talkpal\/\",\"https:\/\/www.youtube.com\/@TalkPal\/\",\"https:\/\/www.tiktok.com\/@talkpal\",\"https:\/\/www.instagram.com\/talkpal_ai\/\",\"https:\/\/www.crunchbase.com\/organization\/talkpal-9cde\",\"https:\/\/www.g2.com\/products\/talkpal-for-business\/\",\"https:\/\/www.trustpilot.com\/review\/talkpal.ai\",\"https:\/\/www.capterra.com\/p\/10006800\/TalkPal\/\"],\"description\":\"Talkpal is a language learning web and mobile education app, powered by the latest AI technologies, that provides engaging experiences to its customers in many different languages to help them improve their language skills. Users can chat about unlimited amount of topics with the app and use other modes to practice their language learning.\",\"email\":\"support@talkpal.ai\",\"legalName\":\"Talkpal, Inc.\",\"foundingDate\":\"2023-04-03\",\"duns\":\"118989042\",\"numberOfEmployees\":{\"@type\":\"QuantitativeValue\",\"minValue\":\"11\",\"maxValue\":\"50\"},\"publishingPrinciples\":\"https:\/\/talkpal.ai\/publishing-principles\/\",\"actionableFeedbackPolicy\":\"https:\/\/talkpal.ai\/actionable-feedback-policy\/\",\"correctionsPolicy\":\"https:\/\/talkpal.ai\/corrections-policy\/\",\"ethicsPolicy\":\"https:\/\/talkpal.ai\/ethics-policy\/\",\"diversityPolicy\":\"https:\/\/talkpal.ai\/diversity-policy\/\",\"diversityStaffingReport\":\"https:\/\/talkpal.ai\/diversity-policy\/\"}]}<\/script>\n<!-- \/ Yoast SEO Premium plugin. -->","yoast_head_json":{"title":"Katalansk grammatikk - Talkpal","description":"Oppdag det grunnleggende i katalansk grammatikk og start din reise inn i dette vakre romanske spr\u00e5ket i dag!","robots":{"index":"index","follow":"follow","max-snippet":"max-snippet:-1","max-image-preview":"max-image-preview:large","max-video-preview":"max-video-preview:-1"},"canonical":"https:\/\/talkpal.ai\/no\/katalansk-grammatikk\/","og_locale":"nb_NO","og_type":"article","og_title":"Katalansk grammatikk","og_description":"Katalansk grammatikk: En hurtigveiledning for spr\u00e5kentusiaster Planlegger du \u00e5 l\u00e6re katalansk eller bare nysgjerrig p\u00e5 dette vakre romanske spr\u00e5ket? Se","og_url":"https:\/\/talkpal.ai\/no\/katalansk-grammatikk\/","og_site_name":"Talkpal","article_publisher":"https:\/\/www.facebook.com\/profile.php?id=100090733639311","article_modified_time":"2025-05-22T18:35:54+00:00","og_image":[{"width":479,"height":479,"url":"https:\/\/talkpal.ai\/wp-content\/uploads\/2023\/08\/Catalan.png","type":"image\/png"}],"twitter_card":"summary_large_image","twitter_site":"@talkpalai","twitter_misc":{"Ansl. lesetid":"3 minutter"},"schema":{"@context":"https:\/\/schema.org","@graph":[{"@type":"WebPage","@id":"https:\/\/talkpal.ai\/no\/katalansk-grammatikk\/","url":"https:\/\/talkpal.ai\/no\/katalansk-grammatikk\/","name":"Katalansk grammatikk - Talkpal","isPartOf":{"@id":"https:\/\/talkpal.ai\/no\/#website"},"primaryImageOfPage":{"@id":"https:\/\/talkpal.ai\/no\/katalansk-grammatikk\/#primaryimage"},"image":{"@id":"https:\/\/talkpal.ai\/no\/katalansk-grammatikk\/#primaryimage"},"thumbnailUrl":"https:\/\/talkpal.ai\/wp-content\/uploads\/2023\/08\/Catalan.png","datePublished":"2023-05-14T14:00:56+00:00","dateModified":"2025-05-22T18:35:54+00:00","description":"Oppdag det grunnleggende i katalansk grammatikk og start din reise inn i dette vakre romanske spr\u00e5ket i dag!","breadcrumb":{"@id":"https:\/\/talkpal.ai\/no\/katalansk-grammatikk\/#breadcrumb"},"inLanguage":"nb-NO","potentialAction":[{"@type":"ReadAction","target":["https:\/\/talkpal.ai\/no\/katalansk-grammatikk\/"]}]},{"@type":"ImageObject","inLanguage":"nb-NO","@id":"https:\/\/talkpal.ai\/no\/katalansk-grammatikk\/#primaryimage","url":"https:\/\/talkpal.ai\/wp-content\/uploads\/2023\/08\/Catalan.png","contentUrl":"https:\/\/talkpal.ai\/wp-content\/uploads\/2023\/08\/Catalan.png","width":479,"height":479},{"@type":"BreadcrumbList","@id":"https:\/\/talkpal.ai\/no\/katalansk-grammatikk\/#breadcrumb","itemListElement":[{"@type":"ListItem","position":1,"name":"Homepage","item":"https:\/\/talkpal.ai\/no\/"},{"@type":"ListItem","position":2,"name":"Katalansk grammatikk"}]},{"@type":"WebSite","@id":"https:\/\/talkpal.ai\/no\/#website","url":"https:\/\/talkpal.ai\/no\/","name":"Talkpal","description":"AI Language Learning","publisher":{"@id":"https:\/\/talkpal.ai\/no\/#organization"},"alternateName":"Talkpal AI","potentialAction":[{"@type":"SearchAction","target":{"@type":"EntryPoint","urlTemplate":"https:\/\/talkpal.ai\/no\/?s={search_term_string}"},"query-input":{"@type":"PropertyValueSpecification","valueRequired":true,"valueName":"search_term_string"}}],"inLanguage":"nb-NO"},{"@type":"Organization","@id":"https:\/\/talkpal.ai\/no\/#organization","name":"Talkpal, Inc.","alternateName":"Talkpal AI","url":"https:\/\/talkpal.ai\/no\/","logo":{"@type":"ImageObject","inLanguage":"nb-NO","@id":"https:\/\/talkpal.ai\/no\/#\/schema\/logo\/image\/","url":"https:\/\/talkpal.ai\/wp-content\/uploads\/2024\/03\/Talkpal-Logo-Icon.png","contentUrl":"https:\/\/talkpal.ai\/wp-content\/uploads\/2024\/03\/Talkpal-Logo-Icon.png","width":2880,"height":2880,"caption":"Talkpal, Inc."},"image":{"@id":"https:\/\/talkpal.ai\/no\/#\/schema\/logo\/image\/"},"sameAs":["https:\/\/www.facebook.com\/profile.php?id=100090733639311","https:\/\/x.com\/talkpalai","https:\/\/www.linkedin.com\/company\/talkpal\/","https:\/\/www.youtube.com\/@TalkPal\/","https:\/\/www.tiktok.com\/@talkpal","https:\/\/www.instagram.com\/talkpal_ai\/","https:\/\/www.crunchbase.com\/organization\/talkpal-9cde","https:\/\/www.g2.com\/products\/talkpal-for-business\/","https:\/\/www.trustpilot.com\/review\/talkpal.ai","https:\/\/www.capterra.com\/p\/10006800\/TalkPal\/"],"description":"Talkpal is a language learning web and mobile education app, powered by the latest AI technologies, that provides engaging experiences to its customers in many different languages to help them improve their language skills. Users can chat about unlimited amount of topics with the app and use other modes to practice their language learning.","email":"support@talkpal.ai","legalName":"Talkpal, Inc.","foundingDate":"2023-04-03","duns":"118989042","numberOfEmployees":{"@type":"QuantitativeValue","minValue":"11","maxValue":"50"},"publishingPrinciples":"https:\/\/talkpal.ai\/publishing-principles\/","actionableFeedbackPolicy":"https:\/\/talkpal.ai\/actionable-feedback-policy\/","correctionsPolicy":"https:\/\/talkpal.ai\/corrections-policy\/","ethicsPolicy":"https:\/\/talkpal.ai\/ethics-policy\/","diversityPolicy":"https:\/\/talkpal.ai\/diversity-policy\/","diversityStaffingReport":"https:\/\/talkpal.ai\/diversity-policy\/"}]}},"_links":{"self":[{"href":"https:\/\/talkpal.ai\/no\/wp-json\/wp\/v2\/pages\/142107","targetHints":{"allow":["GET"]}}],"collection":[{"href":"https:\/\/talkpal.ai\/no\/wp-json\/wp\/v2\/pages"}],"about":[{"href":"https:\/\/talkpal.ai\/no\/wp-json\/wp\/v2\/types\/page"}],"author":[{"embeddable":true,"href":"https:\/\/talkpal.ai\/no\/wp-json\/wp\/v2\/users\/1"}],"replies":[{"embeddable":true,"href":"https:\/\/talkpal.ai\/no\/wp-json\/wp\/v2\/comments?post=142107"}],"version-history":[{"count":0,"href":"https:\/\/talkpal.ai\/no\/wp-json\/wp\/v2\/pages\/142107\/revisions"}],"wp:featuredmedia":[{"embeddable":true,"href":"https:\/\/talkpal.ai\/no\/wp-json\/wp\/v2\/media\/142117"}],"wp:attachment":[{"href":"https:\/\/talkpal.ai\/no\/wp-json\/wp\/v2\/media?parent=142107"}],"curies":[{"name":"wp","href":"https:\/\/api.w.org\/{rel}","templated":true}]}}