{"id":141677,"date":"2023-05-14T14:00:39","date_gmt":"2023-05-14T14:00:39","guid":{"rendered":"http:\/\/talkpal.ai\/bulgarsk-grammatikk\/"},"modified":"2025-05-22T14:38:00","modified_gmt":"2025-05-22T14:38:00","slug":"bulgarsk-grammatikk","status":"publish","type":"page","link":"https:\/\/talkpal.ai\/no\/bulgarsk-grammatikk\/","title":{"rendered":"Bulgarsk grammatikk"},"content":{"rendered":"\r\n\r\n\r\n<section class=\"languageChallengeSection\">\r\n    <div class=\"languageInfoWrapper\">\r\n        \r\n        <h1>Bulgarsk grammatikk<\/h1>\r\n        <p>Utforsk den bulgarske grammatikkens unike egenskaper og f\u00e5 verkt\u00f8yene du trenger for \u00e5 kommunisere trygt p\u00e5 dette livlige slaviske spr\u00e5ket. Ved \u00e5 forst\u00e5 de grunnleggende reglene, vil du bli bedre i stand til \u00e5 komme i kontakt med personer som har Bulgaria som morsm\u00e5l, og du vil f\u00e5 et dypere innblikk i Bulgarias rike kulturarv. Begynn din bulgarske grammatikkreise i dag og ta ditt f\u00f8rste skritt mot \u00e5 <a href=\"https:\/\/talkpal.ai\/locations\/language-courses-in-mestre\/\">mestre<\/a> spr\u00e5ket!<\/p>\r\n\r\n                            <a class=\"getStartedHidden\" href=\"https:\/\/app.talkpal.ai\/no\/signup?lng=\">Kom i gang<\/a>\r\n        \r\n    <\/div>\r\n\r\n    <figure>\r\n    <img decoding=\"async\" width=\"768\" height=\"768\" src=\"https:\/\/talkpal.ai\/wp-content\/uploads\/2023\/06\/bulgarian-768x768.png\" class=\"languageImage no-lazy\" alt=\"Language learning for deeper cultural understanding\" fetchpriority=\"high\" sizes=\"(max-width: 768px) 150px, 768px\" srcset=\"https:\/\/talkpal.ai\/wp-content\/uploads\/2023\/06\/bulgarian-768x768.png 768w, https:\/\/talkpal.ai\/wp-content\/uploads\/2023\/06\/bulgarian-300x300.png 300w\" \/>\r\n    \r\n\r\n    <\/figure>\r\n\r\n            <a class=\"getStartedVisible\" href=\"https:\/\/app.talkpal.ai\/no\/signup?lng=\">Kom i gang<\/a>\r\n    \r\n<\/section>\r\n<section class=\"promotionalBanner\">\r\n    <p class=\"promotionalText\">Den mest effektive m\u00e5ten \u00e5 l\u00e6re et spr\u00e5k p\u00e5<\/p>\r\n    <a class=\"promotionalLink\" href=\"https:\/\/app.talkpal.ai\/no\/signup?lng=\">Pr\u00f8v Talkpal gratis<\/a>\r\n<\/section>\n<div class=\"wp-block-group pageContainerStyle\"><div class=\"wp-block-group__inner-container is-layout-constrained wp-block-group-is-layout-constrained\">\n<h2 class=\"wp-block-heading\" id=\"h-the-ultimate-guide-to-bulgarian-grammar-navigating-the-intricacies-of-a-rich-language\">Den ultimate guiden til bulgarsk grammatikk: Navigering i forviklingene ved et rikt spr\u00e5k<\/h2>\n\n\n\n<p><a href=\"https:\/\/talkpal.ai\/bulgarian-grammar\/\">Bulgarsk grammatikk<\/a> er, i likhet med spr\u00e5ket i seg selv, en fascinerende blanding av enkelhet, kompleksitet og rik kulturhistorie. Som et av de eldste slaviske spr\u00e5kene tilbyr <a href=\"https:\/\/talkpal.ai\/learn-bulgarian\/\">bulgarsk<\/a> spr\u00e5klig spenning til elever og utfordrer selv de mest dyktige foredragsholderne. I denne guiden utforsker vi de viktigste prinsippene i <a href=\"https:\/\/talkpal.ai\/bulgarian-grammar\/\">bulgarsk grammatikk<\/a>, avmystifiserer grammatikkens kompleksitet og hjelper deg p\u00e5 veien til \u00e5 mestre dette vakre spr\u00e5ket. La <a href=\"https:\/\/talkpal.ai\/locations\/language-courses-in-oss\/\">oss<\/a> dykke ned i det!<\/p>\n\n\n\n<h2 class=\"wp-block-heading\" id=\"h-the-nuts-and-bolts-bulgarian-sentence-structure\">Mutterne og boltene: Bulgarsk setningsstruktur<\/h2>\n\n\n\n<p>I kjernen er bulgarsk <a href=\"https:\/\/talkpal.ai\/grammar\/\">grammatikk<\/a> ganske grei. Spr\u00e5ket f\u00f8lger setningsstrukturen Subject-Verb-Object (SVO), som ligner p\u00e5 <a href=\"https:\/\/talkpal.ai\/learn-english-with-ai\/\">engelsk<\/a> og mange andre spr\u00e5k. For eksempel kan setningen &laquo;Jeg spiser et eple&raquo; oversettes til &laquo;\u0410\u0437 \u044f\u043c \u044f\u0431\u044a\u043b\u043a\u0430&raquo; (Az yam yabalka). Enkelt, ikke sant? Men n\u00e5r vi graver dypere, vil du oppdage at bulgarsk grammatikk er full av overraskelser og unike egenskaper.<\/p>\n\n\n\n<h3 class=\"wp-block-heading\" id=\"h-meet-the-family-bulgarian-nouns-and-their-genders\">M\u00f8t familien: Bulgarske substantiver og deres kj\u00f8nn<\/h3>\n\n\n\n<p>En av de mest forvirrende aspektene ved bulgarsk grammatikk for <a href=\"https:\/\/talkpal.ai\/english-speaking-course\/\">engelsktalende<\/a> er forestillingen om grammatisk kj\u00f8nn. P\u00e5 bulgarsk er alle substantiv tilordnet ett av tre kj\u00f8nn &#8211; maskulinum, femininum og n\u00f8ytrum. Det er viktig \u00e5 vite hvilket kj\u00f8nn et substantiv har, ettersom det p\u00e5virker formen p\u00e5 adjektiver og pronomen, og b\u00f8yningen av verbene som f\u00f8lger etter.<\/p>\n\n\n\n<p>S\u00e5 hvordan bestemmer du kj\u00f8nnet til et substantiv? Som regel handler alt om slutten:<\/p>\n\n\n\n<p><strong>&#8211; Maskuline substantiv slutter vanligvis p\u00e5 en konsonant.<\/strong><\/p>\n\n\n\n<p><strong>&#8211; Feminine substantiv ender vanligvis p\u00e5 -\u0430 (-a) eller -\u044f (-ya).<\/strong><\/p>\n\n\n\n<p><strong>&#8211; Neutrale substantiv ender ofte p\u00e5 -\u043e (-o) eller -\u0435 (-\u0435).<\/strong><\/p>\n\n\n\n<p>For eksempel betyr &laquo;\u043c\u044a\u0436&raquo; (mazh) &laquo;mann&raquo; og er maskulinum, &laquo;\u0436\u0435\u043d\u0430&raquo; (zhena) betyr &laquo;kvinne&raquo; og er femininum, og &laquo;\u0434\u0435\u0442\u0435&raquo; (dete) betyr &laquo;barn&raquo; og er intetkj\u00f8nn.<\/p>\n\n\n\n<p>Det finnes selvf\u00f8lgelig unntak, og derfor er det viktig \u00e5 l\u00e6re substantiv sammen med kj\u00f8nnet.<\/p>\n\n\n\n<h3 class=\"wp-block-heading\" id=\"h-playing-with-numbers-bulgarian-plurals\">Leke med tall: Bulgarsk flertall<\/h3>\n\n\n\n<p>N\u00e5r du har l\u00e6rt deg kj\u00f8nnet p\u00e5 bulgarske substantiv, er det p\u00e5 tide \u00e5 ta for seg flertall. Vanligvis danner du flertall ved \u00e5 legge til bestemte endelser som samsvarer med substantivets kj\u00f8nn:<\/p>\n\n\n\n<p><strong>&#8211; Maskuline substantiv endrer den siste konsonanten til -\u0438 (-i) eller legger til -\u043e\u0432\u0435 (-ove).<\/strong><\/p>\n\n\n\n<p><strong>&#8211; Feminine substantiv erstatter -\u0430 eller -\u044f med -\u0438 eller -\u0435.<\/strong><\/p>\n\n\n\n<p><strong>&#8211; Neutrale substantiv erstatter -\u043e eller -\u0435 med -\u0430.<\/strong><\/p>\n\n\n\n<p>For eksempel blir &laquo;\u0443\u0447\u0435\u043d\u0438\u043a&raquo; (uchenik, hankj\u00f8nn) til &laquo;\u0443\u0447\u0435\u043d\u0438\u0446\u0438&raquo; (uchenici, studenter) og &laquo;\u043a\u043d\u0438\u0433\u0430&raquo; (kniga, hunkj\u00f8nn) til &laquo;\u043a\u043d\u0438\u0433\u0438&raquo; (knigi, b\u00f8ker).<\/p>\n\n\n\n<p>Denne regelen har unntak, s\u00e5 hold \u00f8ye med uregelmessige flertallsformer og utvid ordforr\u00e5det ditt tilsvarende.<\/p>\n\n\n\n<h3 class=\"wp-block-heading\" id=\"h-the-art-of-conjugation-bulgarian-verbs\">Kunsten \u00e5 b\u00f8ye: Bulgarske verb<\/h3>\n\n\n\n<p>Bulgarske verb kan v\u00e6re skremmende p\u00e5 grunn av deres store antall tider, stemninger og b\u00f8yninger. N\u00f8kkelen til \u00e5 knekke dem er imidlertid \u00e5 gjenkjenne m\u00f8nstre og \u00f8ve regelmessig.<\/p>\n\n\n\n<p>P\u00e5 bulgarsk er verb delt inn i tre grupper basert p\u00e5 deres infinitive endelse, -\u0430 (-a), -\u0435 (-\u0435), eller -\u0438 (-i). Hver gruppe har sine spesifikke b\u00f8yningsregler. La oss for eksempel ta verbet &laquo;\u043f\u0438\u0448\u0448\u0430&raquo; (pisha, &laquo;\u00e5 skrive&raquo;):<\/p>\n\n\n\n<p><strong>N\u00e5tid: \u0410\u0437 \u043f\u0438\u0448\u0430 (Az pisha, &laquo;jeg skriver&raquo;)<\/strong><\/p>\n\n\n\n<p><strong>Fortid: \u0410\u0437 \u043f\u0438\u0441\u0430\u0445 (Az pisah, &laquo;jeg skrev&raquo;)<\/strong><\/p>\n\n\n\n<p><strong>Fremtidig tid: \u0410\u0437 \u0449\u0435 \u043f\u0438\u0448\u0430 (Az shte pisha, &laquo;Jeg skal skrive&raquo;)<\/strong><\/p>\n\n\n\n<p>Som du kan se, endres avslutningene i henhold til tiden. Og dette er ikke engang nok til \u00e5 skrape i overflaten av bulgarsk verbb\u00f8yning! Men ikke la det overvelde deg. Med \u00f8velse og t\u00e5lmodighet vil du begynne \u00e5 gjenkjenne m\u00f8nstrene og overvinne denne utfordringen.<\/p>\n\n\n\n<h3 class=\"wp-block-heading\" id=\"h-the-finishing-touches-bulgarian-adjectives-adverbs-and-more\">Prikken over i&#8217;en: bulgarske adjektiver, adverb og mer<\/h3>\n\n\n\n<p>N\u00e5r det gjelder bulgarske adjektiver og adverb, spiller de avgj\u00f8rende roller for \u00e5 legge til dybde og kompleksitet til talen din. Adjektiver m\u00e5 stemme overens med substantivet de modifiserer n\u00e5r det gjelder kj\u00f8nn, og du finner vanligvis tre former &#8211; maskulinum, femininum og n\u00f8ytrum.<\/p>\n\n\n\n<p>For eksempel betyr &laquo;\u0434\u043e\u0431\u044a\u0440&raquo; (dobur) &laquo;god&raquo; og forekommer som &laquo;\u0434\u043e\u0431\u044a\u0440 \u043c\u044a\u0436&raquo; (dobur mazh, &laquo;god mann&raquo;), &laquo;\u0434\u043e\u0431\u0440\u0430 \u0436\u0435\u043d\u0430&raquo; (dobra zhena, &laquo;god kvinne&raquo;) og &laquo;\u0434\u043e\u0431\u0440\u043e \u0434\u0435\u0442\u0435&raquo; (dobro dete, &laquo;godt barn&raquo;). Adverb f\u00f8lger lignende m\u00f8nstre, ofte avledet fra adjektiver.<\/p>\n\n\n\n<p>Den bulgarske grammatikkens forviklinger og s\u00e6regenheter er kompliserte, men gir samtidig spr\u00e5ket dets fengslende skj\u00f8nnhet og karakter. Med en kombinasjon av utholdenhet, nysgjerrighet og praktisk anvendelse vil du snart kunne navigere i bulgarsk grammatikk med letthet og selvtillit. God l\u00e6ring!<\/p>\n<\/div><\/div>\n\r\n<section class=\"learnNavigationSection\">\r\n            \r\n        <a href=\"https:\/\/talkpal.ai\/no\/laer-bulgarsk\/\">\r\n            <div class=\"learnNavigationWrapper\">\r\n                <div class=\"learnNavigationContent\">\r\n                    <img decoding=\"async\" src=\"https:\/\/talkpal.ai\/wp-content\/uploads\/2024\/08\/Bulgarian.jpg\" alt=\"Bulgarian Flag\">\r\n                    <div>\r\n                        <h4>Om bulgarsk l\u00e6ring<\/h4>\r\n                        <p>Finn ut alt om bulgarsk grammatikk.<\/p>\r\n                    <\/div>\r\n                <\/div>\r\n            <\/div>\r\n        <\/a>\r\n\r\n        \r\n        <a href=\"https:\/\/talkpal.ai\/no\/bulgarsk-grammatikkovelser\/\">\r\n            <div class=\"learnNavigationWrapper\">\r\n                <div class=\"learnNavigationContent\">\r\n                    <img decoding=\"async\" src=\"https:\/\/talkpal.ai\/wp-content\/uploads\/2024\/08\/Bulgarian.jpg\" alt=\"Bulgarian Flag\">\r\n                    <div>\r\n                        <h4>Bulgarsk grammatikk\u00f8velse<\/h4>\r\n                        <p>\u00d8v p\u00e5 bulgarsk grammatikk.<\/p>\r\n                    <\/div>\r\n                <\/div>\r\n            <\/div>\r\n        <\/a>\r\n\r\n        \r\n        <a href=\"https:\/\/talkpal.ai\/vocabulary_language\/bulgarian\/\">\r\n            <div class=\"learnNavigationWrapper\">\r\n                <div class=\"learnNavigationContent\">\r\n                    <img decoding=\"async\" src=\"https:\/\/talkpal.ai\/wp-content\/uploads\/2024\/08\/Bulgarian.jpg\" alt=\"Bulgarian Flag\">\r\n                    <div>\r\n                        <h4>Bulgarsk ordforr\u00e5d<\/h4>\r\n                        <p>Utvid ordforr\u00e5det ditt p\u00e5 bulgarsk.<\/p>\r\n                    <\/div>\r\n                <\/div>\r\n            <\/div>\r\n        <\/a>\r\n\r\n            <\/section>","protected":false},"excerpt":{"rendered":"<p>Den ultimate guiden til bulgarsk grammatikk: Navigering i forviklingene ved et rikt spr\u00e5k Bulgarsk grammatikk er, i likhet med spr\u00e5ket i seg selv, en fascinerende blanding av enkelhet, kompleksitet og rik kulturhistorie. Som et av de eldste slaviske spr\u00e5kene tilbyr bulgarsk spr\u00e5klig spenning til elever og utfordrer selv de mest dyktige foredragsholderne. I denne guiden [&hellip;]<\/p>\n","protected":false},"author":1,"featured_media":111126,"parent":0,"menu_order":0,"comment_status":"closed","ping_status":"closed","template":"LearningContentPage.php","meta":{"_acf_changed":false,"footnotes":""},"class_list":["post-141677","page","type-page","status-publish","has-post-thumbnail","hentry"],"acf":[],"yoast_head":"<!-- This site is optimized with the Yoast SEO Premium plugin v27.2 (Yoast SEO v27.2) - https:\/\/yoast.com\/product\/yoast-seo-premium-wordpress\/ -->\n<title>Bulgarsk grammatikk - Talkpal<\/title>\n<meta name=\"description\" content=\"Utforsk det viktigste i bulgarsk grammatikk for bedre spr\u00e5kforst\u00e5else og kommunikasjonsferdigheter.\" \/>\n<meta name=\"robots\" content=\"index, follow, max-snippet:-1, max-image-preview:large, max-video-preview:-1\" \/>\n<link rel=\"canonical\" href=\"https:\/\/talkpal.ai\/no\/bulgarsk-grammatikk\/\" \/>\n<meta property=\"og:locale\" content=\"nb_NO\" \/>\n<meta property=\"og:type\" content=\"article\" \/>\n<meta property=\"og:title\" content=\"Bulgarsk grammatikk\" \/>\n<meta property=\"og:description\" content=\"Den ultimate guiden til bulgarsk grammatikk: Navigering i forviklingene ved et rikt spr\u00e5k Bulgarsk grammatikk er, i likhet med spr\u00e5ket i seg selv, en\" \/>\n<meta property=\"og:url\" content=\"https:\/\/talkpal.ai\/no\/bulgarsk-grammatikk\/\" \/>\n<meta property=\"og:site_name\" content=\"Talkpal\" \/>\n<meta property=\"article:publisher\" content=\"https:\/\/www.facebook.com\/profile.php?id=100090733639311\" \/>\n<meta property=\"article:modified_time\" content=\"2025-05-22T14:38:00+00:00\" \/>\n<meta property=\"og:image\" content=\"https:\/\/talkpal.ai\/wp-content\/uploads\/2023\/05\/bulgaria.png\" \/>\n\t<meta property=\"og:image:width\" content=\"512\" \/>\n\t<meta property=\"og:image:height\" content=\"512\" \/>\n\t<meta property=\"og:image:type\" content=\"image\/png\" \/>\n<meta name=\"twitter:card\" content=\"summary_large_image\" \/>\n<meta name=\"twitter:site\" content=\"@talkpalai\" \/>\n<meta name=\"twitter:label1\" content=\"Ansl. lesetid\" \/>\n\t<meta name=\"twitter:data1\" content=\"3 minutter\" \/>\n<script type=\"application\/ld+json\" class=\"yoast-schema-graph\">{\"@context\":\"https:\/\/schema.org\",\"@graph\":[{\"@type\":\"WebPage\",\"@id\":\"https:\/\/talkpal.ai\/no\/bulgarsk-grammatikk\/\",\"url\":\"https:\/\/talkpal.ai\/no\/bulgarsk-grammatikk\/\",\"name\":\"Bulgarsk grammatikk - Talkpal\",\"isPartOf\":{\"@id\":\"https:\/\/talkpal.ai\/no\/#website\"},\"primaryImageOfPage\":{\"@id\":\"https:\/\/talkpal.ai\/no\/bulgarsk-grammatikk\/#primaryimage\"},\"image\":{\"@id\":\"https:\/\/talkpal.ai\/no\/bulgarsk-grammatikk\/#primaryimage\"},\"thumbnailUrl\":\"https:\/\/talkpal.ai\/wp-content\/uploads\/2023\/05\/bulgaria.png\",\"datePublished\":\"2023-05-14T14:00:39+00:00\",\"dateModified\":\"2025-05-22T14:38:00+00:00\",\"description\":\"Utforsk det viktigste i bulgarsk grammatikk for bedre spr\u00e5kforst\u00e5else og kommunikasjonsferdigheter.\",\"breadcrumb\":{\"@id\":\"https:\/\/talkpal.ai\/no\/bulgarsk-grammatikk\/#breadcrumb\"},\"inLanguage\":\"nb-NO\",\"potentialAction\":[{\"@type\":\"ReadAction\",\"target\":[\"https:\/\/talkpal.ai\/no\/bulgarsk-grammatikk\/\"]}]},{\"@type\":\"ImageObject\",\"inLanguage\":\"nb-NO\",\"@id\":\"https:\/\/talkpal.ai\/no\/bulgarsk-grammatikk\/#primaryimage\",\"url\":\"https:\/\/talkpal.ai\/wp-content\/uploads\/2023\/05\/bulgaria.png\",\"contentUrl\":\"https:\/\/talkpal.ai\/wp-content\/uploads\/2023\/05\/bulgaria.png\",\"width\":512,\"height\":512},{\"@type\":\"BreadcrumbList\",\"@id\":\"https:\/\/talkpal.ai\/no\/bulgarsk-grammatikk\/#breadcrumb\",\"itemListElement\":[{\"@type\":\"ListItem\",\"position\":1,\"name\":\"Homepage\",\"item\":\"https:\/\/talkpal.ai\/no\/\"},{\"@type\":\"ListItem\",\"position\":2,\"name\":\"Bulgarsk grammatikk\"}]},{\"@type\":\"WebSite\",\"@id\":\"https:\/\/talkpal.ai\/no\/#website\",\"url\":\"https:\/\/talkpal.ai\/no\/\",\"name\":\"Talkpal\",\"description\":\"AI Language Learning\",\"publisher\":{\"@id\":\"https:\/\/talkpal.ai\/no\/#organization\"},\"alternateName\":\"Talkpal AI\",\"potentialAction\":[{\"@type\":\"SearchAction\",\"target\":{\"@type\":\"EntryPoint\",\"urlTemplate\":\"https:\/\/talkpal.ai\/no\/?s={search_term_string}\"},\"query-input\":{\"@type\":\"PropertyValueSpecification\",\"valueRequired\":true,\"valueName\":\"search_term_string\"}}],\"inLanguage\":\"nb-NO\"},{\"@type\":\"Organization\",\"@id\":\"https:\/\/talkpal.ai\/no\/#organization\",\"name\":\"Talkpal, Inc.\",\"alternateName\":\"Talkpal AI\",\"url\":\"https:\/\/talkpal.ai\/no\/\",\"logo\":{\"@type\":\"ImageObject\",\"inLanguage\":\"nb-NO\",\"@id\":\"https:\/\/talkpal.ai\/no\/#\/schema\/logo\/image\/\",\"url\":\"https:\/\/talkpal.ai\/wp-content\/uploads\/2024\/03\/Talkpal-Logo-Icon.png\",\"contentUrl\":\"https:\/\/talkpal.ai\/wp-content\/uploads\/2024\/03\/Talkpal-Logo-Icon.png\",\"width\":2880,\"height\":2880,\"caption\":\"Talkpal, Inc.\"},\"image\":{\"@id\":\"https:\/\/talkpal.ai\/no\/#\/schema\/logo\/image\/\"},\"sameAs\":[\"https:\/\/www.facebook.com\/profile.php?id=100090733639311\",\"https:\/\/x.com\/talkpalai\",\"https:\/\/www.linkedin.com\/company\/talkpal\/\",\"https:\/\/www.youtube.com\/@TalkPal\/\",\"https:\/\/www.tiktok.com\/@talkpal\",\"https:\/\/www.instagram.com\/talkpal_ai\/\",\"https:\/\/www.crunchbase.com\/organization\/talkpal-9cde\",\"https:\/\/www.g2.com\/products\/talkpal-for-business\/\",\"https:\/\/www.trustpilot.com\/review\/talkpal.ai\",\"https:\/\/www.capterra.com\/p\/10006800\/TalkPal\/\"],\"description\":\"Talkpal is a language learning web and mobile education app, powered by the latest AI technologies, that provides engaging experiences to its customers in many different languages to help them improve their language skills. Users can chat about unlimited amount of topics with the app and use other modes to practice their language learning.\",\"email\":\"support@talkpal.ai\",\"legalName\":\"Talkpal, Inc.\",\"foundingDate\":\"2023-04-03\",\"duns\":\"118989042\",\"numberOfEmployees\":{\"@type\":\"QuantitativeValue\",\"minValue\":\"11\",\"maxValue\":\"50\"},\"publishingPrinciples\":\"https:\/\/talkpal.ai\/publishing-principles\/\",\"actionableFeedbackPolicy\":\"https:\/\/talkpal.ai\/actionable-feedback-policy\/\",\"correctionsPolicy\":\"https:\/\/talkpal.ai\/corrections-policy\/\",\"ethicsPolicy\":\"https:\/\/talkpal.ai\/ethics-policy\/\",\"diversityPolicy\":\"https:\/\/talkpal.ai\/diversity-policy\/\",\"diversityStaffingReport\":\"https:\/\/talkpal.ai\/diversity-policy\/\"}]}<\/script>\n<!-- \/ Yoast SEO Premium plugin. -->","yoast_head_json":{"title":"Bulgarsk grammatikk - Talkpal","description":"Utforsk det viktigste i bulgarsk grammatikk for bedre spr\u00e5kforst\u00e5else og kommunikasjonsferdigheter.","robots":{"index":"index","follow":"follow","max-snippet":"max-snippet:-1","max-image-preview":"max-image-preview:large","max-video-preview":"max-video-preview:-1"},"canonical":"https:\/\/talkpal.ai\/no\/bulgarsk-grammatikk\/","og_locale":"nb_NO","og_type":"article","og_title":"Bulgarsk grammatikk","og_description":"Den ultimate guiden til bulgarsk grammatikk: Navigering i forviklingene ved et rikt spr\u00e5k Bulgarsk grammatikk er, i likhet med spr\u00e5ket i seg selv, en","og_url":"https:\/\/talkpal.ai\/no\/bulgarsk-grammatikk\/","og_site_name":"Talkpal","article_publisher":"https:\/\/www.facebook.com\/profile.php?id=100090733639311","article_modified_time":"2025-05-22T14:38:00+00:00","og_image":[{"width":512,"height":512,"url":"https:\/\/talkpal.ai\/wp-content\/uploads\/2023\/05\/bulgaria.png","type":"image\/png"}],"twitter_card":"summary_large_image","twitter_site":"@talkpalai","twitter_misc":{"Ansl. lesetid":"3 minutter"},"schema":{"@context":"https:\/\/schema.org","@graph":[{"@type":"WebPage","@id":"https:\/\/talkpal.ai\/no\/bulgarsk-grammatikk\/","url":"https:\/\/talkpal.ai\/no\/bulgarsk-grammatikk\/","name":"Bulgarsk grammatikk - Talkpal","isPartOf":{"@id":"https:\/\/talkpal.ai\/no\/#website"},"primaryImageOfPage":{"@id":"https:\/\/talkpal.ai\/no\/bulgarsk-grammatikk\/#primaryimage"},"image":{"@id":"https:\/\/talkpal.ai\/no\/bulgarsk-grammatikk\/#primaryimage"},"thumbnailUrl":"https:\/\/talkpal.ai\/wp-content\/uploads\/2023\/05\/bulgaria.png","datePublished":"2023-05-14T14:00:39+00:00","dateModified":"2025-05-22T14:38:00+00:00","description":"Utforsk det viktigste i bulgarsk grammatikk for bedre spr\u00e5kforst\u00e5else og kommunikasjonsferdigheter.","breadcrumb":{"@id":"https:\/\/talkpal.ai\/no\/bulgarsk-grammatikk\/#breadcrumb"},"inLanguage":"nb-NO","potentialAction":[{"@type":"ReadAction","target":["https:\/\/talkpal.ai\/no\/bulgarsk-grammatikk\/"]}]},{"@type":"ImageObject","inLanguage":"nb-NO","@id":"https:\/\/talkpal.ai\/no\/bulgarsk-grammatikk\/#primaryimage","url":"https:\/\/talkpal.ai\/wp-content\/uploads\/2023\/05\/bulgaria.png","contentUrl":"https:\/\/talkpal.ai\/wp-content\/uploads\/2023\/05\/bulgaria.png","width":512,"height":512},{"@type":"BreadcrumbList","@id":"https:\/\/talkpal.ai\/no\/bulgarsk-grammatikk\/#breadcrumb","itemListElement":[{"@type":"ListItem","position":1,"name":"Homepage","item":"https:\/\/talkpal.ai\/no\/"},{"@type":"ListItem","position":2,"name":"Bulgarsk grammatikk"}]},{"@type":"WebSite","@id":"https:\/\/talkpal.ai\/no\/#website","url":"https:\/\/talkpal.ai\/no\/","name":"Talkpal","description":"AI Language Learning","publisher":{"@id":"https:\/\/talkpal.ai\/no\/#organization"},"alternateName":"Talkpal AI","potentialAction":[{"@type":"SearchAction","target":{"@type":"EntryPoint","urlTemplate":"https:\/\/talkpal.ai\/no\/?s={search_term_string}"},"query-input":{"@type":"PropertyValueSpecification","valueRequired":true,"valueName":"search_term_string"}}],"inLanguage":"nb-NO"},{"@type":"Organization","@id":"https:\/\/talkpal.ai\/no\/#organization","name":"Talkpal, Inc.","alternateName":"Talkpal AI","url":"https:\/\/talkpal.ai\/no\/","logo":{"@type":"ImageObject","inLanguage":"nb-NO","@id":"https:\/\/talkpal.ai\/no\/#\/schema\/logo\/image\/","url":"https:\/\/talkpal.ai\/wp-content\/uploads\/2024\/03\/Talkpal-Logo-Icon.png","contentUrl":"https:\/\/talkpal.ai\/wp-content\/uploads\/2024\/03\/Talkpal-Logo-Icon.png","width":2880,"height":2880,"caption":"Talkpal, Inc."},"image":{"@id":"https:\/\/talkpal.ai\/no\/#\/schema\/logo\/image\/"},"sameAs":["https:\/\/www.facebook.com\/profile.php?id=100090733639311","https:\/\/x.com\/talkpalai","https:\/\/www.linkedin.com\/company\/talkpal\/","https:\/\/www.youtube.com\/@TalkPal\/","https:\/\/www.tiktok.com\/@talkpal","https:\/\/www.instagram.com\/talkpal_ai\/","https:\/\/www.crunchbase.com\/organization\/talkpal-9cde","https:\/\/www.g2.com\/products\/talkpal-for-business\/","https:\/\/www.trustpilot.com\/review\/talkpal.ai","https:\/\/www.capterra.com\/p\/10006800\/TalkPal\/"],"description":"Talkpal is a language learning web and mobile education app, powered by the latest AI technologies, that provides engaging experiences to its customers in many different languages to help them improve their language skills. Users can chat about unlimited amount of topics with the app and use other modes to practice their language learning.","email":"support@talkpal.ai","legalName":"Talkpal, Inc.","foundingDate":"2023-04-03","duns":"118989042","numberOfEmployees":{"@type":"QuantitativeValue","minValue":"11","maxValue":"50"},"publishingPrinciples":"https:\/\/talkpal.ai\/publishing-principles\/","actionableFeedbackPolicy":"https:\/\/talkpal.ai\/actionable-feedback-policy\/","correctionsPolicy":"https:\/\/talkpal.ai\/corrections-policy\/","ethicsPolicy":"https:\/\/talkpal.ai\/ethics-policy\/","diversityPolicy":"https:\/\/talkpal.ai\/diversity-policy\/","diversityStaffingReport":"https:\/\/talkpal.ai\/diversity-policy\/"}]}},"_links":{"self":[{"href":"https:\/\/talkpal.ai\/no\/wp-json\/wp\/v2\/pages\/141677","targetHints":{"allow":["GET"]}}],"collection":[{"href":"https:\/\/talkpal.ai\/no\/wp-json\/wp\/v2\/pages"}],"about":[{"href":"https:\/\/talkpal.ai\/no\/wp-json\/wp\/v2\/types\/page"}],"author":[{"embeddable":true,"href":"https:\/\/talkpal.ai\/no\/wp-json\/wp\/v2\/users\/1"}],"replies":[{"embeddable":true,"href":"https:\/\/talkpal.ai\/no\/wp-json\/wp\/v2\/comments?post=141677"}],"version-history":[{"count":0,"href":"https:\/\/talkpal.ai\/no\/wp-json\/wp\/v2\/pages\/141677\/revisions"}],"wp:featuredmedia":[{"embeddable":true,"href":"https:\/\/talkpal.ai\/no\/wp-json\/wp\/v2\/media\/111126"}],"wp:attachment":[{"href":"https:\/\/talkpal.ai\/no\/wp-json\/wp\/v2\/media?parent=141677"}],"curies":[{"name":"wp","href":"https:\/\/api.w.org\/{rel}","templated":true}]}}