{"id":141349,"date":"2023-05-14T14:00:03","date_gmt":"2023-05-14T14:00:03","guid":{"rendered":"http:\/\/talkpal.ai\/bosnisk-grammatikk\/"},"modified":"2025-05-22T14:40:45","modified_gmt":"2025-05-22T14:40:45","slug":"bosnisk-grammatikk","status":"publish","type":"page","link":"https:\/\/talkpal.ai\/no\/bosnisk-grammatikk\/","title":{"rendered":"Bosnisk grammatikk"},"content":{"rendered":"\r\n\r\n\r\n<section class=\"languageChallengeSection\">\r\n    <div class=\"languageInfoWrapper\">\r\n        \r\n        <h1>Bosnisk grammatikk<\/h1>\r\n        <p>F\u00e5 tilgang til det bosniske spr\u00e5kets rike og uttrykksfulle verden ved \u00e5 l\u00e6re deg det viktigste i grammatikken. En solid forst\u00e5else av <a href=\"https:\/\/talkpal.ai\/no\/laer-bosnisk\/\">bosnisk grammatikk<\/a> vil hjelpe deg \u00e5 kommunisere trygt og sette st\u00f8rre pris p\u00e5 kulturen. Begynn \u00e5 l\u00e6re <a href=\"https:\/\/talkpal.ai\/learn-bosnian\/\">bosnisk<\/a> <a href=\"https:\/\/talkpal.ai\/grammar\/\">grammatikk<\/a> i dag og ta ditt f\u00f8rste skritt mot flytende bosnisk!<\/p>\r\n\r\n                            <a class=\"getStartedHidden\" href=\"https:\/\/app.talkpal.ai\/no\/signup?lng=\">Kom i gang<\/a>\r\n        \r\n    <\/div>\r\n\r\n    <figure>\r\n    <img decoding=\"async\" width=\"768\" height=\"768\" src=\"https:\/\/talkpal.ai\/wp-content\/uploads\/2023\/06\/bosinian-768x768.png\" class=\"languageImage no-lazy\" alt=\"Language learning for increasing employability\" fetchpriority=\"high\" sizes=\"(max-width: 768px) 150px, 768px\" srcset=\"https:\/\/talkpal.ai\/wp-content\/uploads\/2023\/06\/bosinian-768x768.png 768w, https:\/\/talkpal.ai\/wp-content\/uploads\/2023\/06\/bosinian-300x300.png 300w\" \/>\r\n    \r\n\r\n    <\/figure>\r\n\r\n            <a class=\"getStartedVisible\" href=\"https:\/\/app.talkpal.ai\/no\/signup?lng=\">Kom i gang<\/a>\r\n    \r\n<\/section>\r\n<section class=\"promotionalBanner\">\r\n    <p class=\"promotionalText\">Den mest effektive m\u00e5ten \u00e5 l\u00e6re et spr\u00e5k p\u00e5<\/p>\r\n    <a class=\"promotionalLink\" href=\"https:\/\/app.talkpal.ai\/no\/signup?lng=\">Pr\u00f8v Talkpal gratis<\/a>\r\n<\/section>\n<div class=\"wp-block-group pageContainerStyle\"><div class=\"wp-block-group__inner-container is-layout-constrained wp-block-group-is-layout-constrained\">\n<h2 class=\"wp-block-heading\" id=\"h-bosnian-grammar-a-guide-to-understanding-its-unique-features\">Bosnisk grammatikk: En guide til \u00e5 forst\u00e5 dens unike egenskaper<\/h2>\n\n\n\n<p>Skal du l\u00e6re deg bosnisk, men er forvirret over spr\u00e5kets grammatikk? Frykt ikke! I denne artikkelen skal vi dykke ned i den bosniske grammatikkens mysterier og hjelpe deg med \u00e5 forst\u00e5 dens unike egenskaper, samtidig som vi holder det enkelt og engasjerende. Klar til \u00e5 legge ut p\u00e5 denne spennende spr\u00e5klige reisen? La <a href=\"https:\/\/talkpal.ai\/locations\/language-courses-in-oss\/\">oss<\/a> komme i gang!<\/p>\n\n\n\n<h3 class=\"wp-block-heading\" id=\"h-the-fundamentals-nouns-and-pronouns\">Grunnleggende: Substantiv og pronomen<\/h3>\n\n\n\n<p>F\u00f8rst og fremst er det viktig \u00e5 vite at bosnisk, i likhet med andre slaviske spr\u00e5k, har tre grammatiske kj\u00f8nn: maskulinum, femininum og n\u00f8ytrum. Hvordan kan du fortelle hvilket kj\u00f8nn et substantiv tilh\u00f8rer? Det er <a href=\"https:\/\/talkpal.ai\/learn-latvian\/\">lett<\/a>! Alt handler om slutten. Her er en rask guide:<\/p>\n\n\n\n<p><strong>&#8211; Maskuline substantiv ender vanligvis p\u00e5 en konsonant,<\/strong><\/p>\n\n\n\n<p><strong>&#8211; Feminine substantiv ender vanligvis p\u00e5 -a,<\/strong><\/p>\n\n\n\n<p><strong>&#8211; Neutrale substantiv ender oftest p\u00e5 -o eller -e.<\/strong><\/p>\n\n\n\n<p>Husk at dette er generelle regler, og det kan v\u00e6re unntak. La oss n\u00e5 snakke om pronomen. Personlige pronomen p\u00e5 bosnisk endrer seg i henhold til substantivets kj\u00f8nn, antall (entall eller flertall) og kasus (mer om kasus senere). Det er syv personlige pronomen p\u00e5 bosnisk: ja (jeg), ti (deg, entall\/uformell), p\u00e5 (han), ona (hun), <a href=\"https:\/\/talkpal.ai\/locations\/language-courses-in-ono\/\">ono<\/a> (det), mi (vi) og vi (du, flertall\/formell ). Husk at bosnisk har b\u00e5de en uformell og formell m\u00e5te \u00e5 henvende seg til folk p\u00e5 \u2013 s\u00e5 pass p\u00e5 at du bruker riktig pronomen n\u00e5r du snakker med noen!<\/p>\n\n\n\n<h3 class=\"wp-block-heading\" id=\"h-next-up-verb-conjugation\">Neste opp: Verb b\u00f8ying<\/h3>\n\n\n\n<p>Verb er ryggraden i ethvert spr\u00e5k, og bosnisk er ikke annerledes. Bosniske verb har to hovedb\u00f8yningsm\u00f8nstre: ett for verbene som ender p\u00e5 -ti (f\u00f8rste b\u00f8ying) og et annet for de som slutter p\u00e5 -\u0107i (andre b\u00f8ying). I begge tilfeller endres verbets endelser avhengig av subjektets kj\u00f8nn, tall og tid.<\/p>\n\n\n\n<p>N\u00e5r vi snakker om tider, har bosnisk tre enkle tider: n\u00e5tid, fortid og fremtid. N\u00e5tid dannes ved \u00e5 legge til spesifikke endinger til verbstammen. Fortidsformen dannes derimot ved hjelp av hjelpeverbet &laquo;biti&raquo; (\u00e5 v\u00e6re) i infinitivsformen &laquo;bio&raquo; og partisipp i fortid. Til slutt dannes futurum ved \u00e5 kombinere hjelpeverbet &laquo;htjeti&raquo; (vil) og infinitivsformen av hovedverbet.<\/p>\n\n\n\n<h3 class=\"wp-block-heading\" id=\"h-the-magic-of-cases\">Sakenes magi<\/h3>\n\n\n\n<p>Bosnisk grammatikk bruker et kasussystem, som betyr at substantiv, pronomen, adjektiver og noen ganger til og med verb endrer form i henhold til funksjonen i en setning. Det er syv kasus p\u00e5 bosnisk: nominativ, genitiv, dativ, akkusativ, vokativ, instrumental og lokativ.<\/p>\n\n\n\n<p>Ikke la deg skremme av disse begrepene! Det er bare et sp\u00f8rsm\u00e5l om trening. Hver sak tjener et bestemt form\u00e5l og svarer p\u00e5 spesifikke sp\u00f8rsm\u00e5l:<\/p>\n\n\n\n<p><strong>1. Nominativ:<\/strong> Subjektet for setningen. Hvem eller hva gj\u00f8r handlingen?<\/p>\n\n\n\n<p><strong>2. Genitiv:<\/strong> Indikerer besittelse, opprinnelse eller en del av noe. Hvem sin eller av hva?<\/p>\n\n\n\n<p><strong>3. Dativ:<\/strong> Det indirekte objektet \u2013 til hvem eller for hvem er noe gitt eller gjort?<\/p>\n\n\n\n<p><strong>4. Akkusativ:<\/strong> Det direkte objektet \u2013 hvem eller hva mottar handlingen?<\/p>\n\n\n\n<p><strong>5. Vokativ:<\/strong> Brukes til \u00e5 henvende seg direkte til noen eller noe \u2013 Hei, du!<\/p>\n\n\n\n<p><strong>6. Instrumentell:<\/strong> Representerer virkemidlet eller metoden for handlingen \u2013 med hva eller av hvem?<\/p>\n\n\n\n<p><strong>7. Lokativ:<\/strong> Viser plasseringen eller posisjonen til noe \u2013 hvor eller p\u00e5 hva?<\/p>\n\n\n\n<h3 class=\"wp-block-heading\" id=\"h-loving-the-adjectives\">Elsker adjektivene<\/h3>\n\n\n\n<p>Adjektiver p\u00e5 bosnisk stemmer overens med substantivet de endrer n\u00e5r det gjelder kj\u00f8nn, tall og kasus. Dette betyr at adjektiver, akkurat som substantiv og pronomen, har ulike former avhengig av substantivet de beskriver.<\/p>\n\n\n\n<p>Hvis du for eksempel vil si &laquo;stort hus&raquo; p\u00e5 bosnisk (som er et hunkj\u00f8nnsord), sier du &laquo;velika ku\u0107a&raquo;. Hvis du derimot snakker om en &laquo;stor bil&raquo; (maskulint substantiv), sier du &laquo;veliki auto&raquo;.<\/p>\n\n\n\n<h3 class=\"wp-block-heading\" id=\"h-final-thoughts\">Siste tanker<\/h3>\n\n\n\n<p>Bosnisk grammatikk, med kj\u00f8nn, kasus og verbb\u00f8yning, kan virke komplisert i utgangspunktet, men husk: \u00f8velse gj\u00f8r mester! Det handler om \u00e5 forst\u00e5 systemet og bruke det i virkelige situasjoner. V\u00e6r t\u00e5lmodig, fortsett \u00e5 \u00f8ve, og snart vil du oppleve at du behersker det vakre spr\u00e5ket i Bosnia. Sretno! (Lykke til!)<\/p>\n<\/div><\/div>\n\r\n<section class=\"learnNavigationSection\">\r\n            \r\n        <a href=\"https:\/\/talkpal.ai\/no\/laer-bosnisk\/\">\r\n            <div class=\"learnNavigationWrapper\">\r\n                <div class=\"learnNavigationContent\">\r\n                    <img decoding=\"async\" src=\"https:\/\/talkpal.ai\/wp-content\/uploads\/2024\/08\/Bosnian.jpg\" alt=\"Bosnian Flag\">\r\n                    <div>\r\n                        <h4>Om bosnisk l\u00e6ring<\/h4>\r\n                        <p>Finn ut alt om bosnisk grammatikk.<\/p>\r\n                    <\/div>\r\n                <\/div>\r\n            <\/div>\r\n        <\/a>\r\n\r\n        \r\n        <a href=\"https:\/\/talkpal.ai\/no\/bosnisk-grammatikkovelser\/\">\r\n            <div class=\"learnNavigationWrapper\">\r\n                <div class=\"learnNavigationContent\">\r\n                    <img decoding=\"async\" src=\"https:\/\/talkpal.ai\/wp-content\/uploads\/2024\/08\/Bosnian.jpg\" alt=\"Bosnian Flag\">\r\n                    <div>\r\n                        <h4>\u00d8velse i bosnisk grammatikk<\/h4>\r\n                        <p>\u00d8v p\u00e5 bosnisk grammatikk.<\/p>\r\n                    <\/div>\r\n                <\/div>\r\n            <\/div>\r\n        <\/a>\r\n\r\n        \r\n        <a href=\"https:\/\/talkpal.ai\/vocabulary_language\/bosnian\/\">\r\n            <div class=\"learnNavigationWrapper\">\r\n                <div class=\"learnNavigationContent\">\r\n                    <img decoding=\"async\" src=\"https:\/\/talkpal.ai\/wp-content\/uploads\/2024\/08\/Bosnian.jpg\" alt=\"Bosnian Flag\">\r\n                    <div>\r\n                        <h4>Bosnisk ordforr\u00e5d<\/h4>\r\n                        <p>Utvid det bosniske ordforr\u00e5det ditt.<\/p>\r\n                    <\/div>\r\n                <\/div>\r\n            <\/div>\r\n        <\/a>\r\n\r\n            <\/section>","protected":false},"excerpt":{"rendered":"<p>Bosnisk grammatikk: En guide til \u00e5 forst\u00e5 dens unike egenskaper Skal du l\u00e6re deg bosnisk, men er forvirret over spr\u00e5kets grammatikk? Frykt ikke! I denne artikkelen skal vi dykke ned i den bosniske grammatikkens mysterier og hjelpe deg med \u00e5 forst\u00e5 dens unike egenskaper, samtidig som vi holder det enkelt og engasjerende. Klar til \u00e5 [&hellip;]<\/p>\n","protected":false},"author":1,"featured_media":111318,"parent":0,"menu_order":0,"comment_status":"closed","ping_status":"closed","template":"LearningContentPage.php","meta":{"_acf_changed":false,"footnotes":""},"class_list":["post-141349","page","type-page","status-publish","has-post-thumbnail","hentry"],"acf":[],"yoast_head":"<!-- This site is optimized with the Yoast SEO Premium plugin v27.2 (Yoast SEO v27.2) - https:\/\/yoast.com\/product\/yoast-seo-premium-wordpress\/ -->\n<title>Bosnisk grammatikk - Talkpal<\/title>\n<meta name=\"description\" content=\"Behersk bosnisk grammatikk uten problemer med Talkpal, din AI-drevne spr\u00e5kveileder. Oppdag enkle forklaringer, praktiske tips og interaktive \u00f8velser!\" \/>\n<meta name=\"robots\" content=\"index, follow, max-snippet:-1, max-image-preview:large, max-video-preview:-1\" \/>\n<link rel=\"canonical\" href=\"https:\/\/talkpal.ai\/no\/bosnisk-grammatikk\/\" \/>\n<meta property=\"og:locale\" content=\"nb_NO\" \/>\n<meta property=\"og:type\" content=\"article\" \/>\n<meta property=\"og:title\" content=\"Bosnisk grammatikk\" \/>\n<meta property=\"og:description\" content=\"Bosnisk grammatikk: En guide til \u00e5 forst\u00e5 dens unike egenskaper Skal du l\u00e6re deg bosnisk, men er forvirret over spr\u00e5kets grammatikk? Frykt ikke! I denne\" \/>\n<meta property=\"og:url\" content=\"https:\/\/talkpal.ai\/no\/bosnisk-grammatikk\/\" \/>\n<meta property=\"og:site_name\" content=\"Talkpal\" \/>\n<meta property=\"article:publisher\" content=\"https:\/\/www.facebook.com\/profile.php?id=100090733639311\" \/>\n<meta property=\"article:modified_time\" content=\"2025-05-22T14:40:45+00:00\" \/>\n<meta property=\"og:image\" content=\"https:\/\/talkpal.ai\/wp-content\/uploads\/2023\/05\/bosnia-and-herzegovina.png\" \/>\n\t<meta property=\"og:image:width\" content=\"512\" \/>\n\t<meta property=\"og:image:height\" content=\"512\" \/>\n\t<meta property=\"og:image:type\" content=\"image\/png\" \/>\n<meta name=\"twitter:card\" content=\"summary_large_image\" \/>\n<meta name=\"twitter:site\" content=\"@talkpalai\" \/>\n<meta name=\"twitter:label1\" content=\"Ansl. lesetid\" \/>\n\t<meta name=\"twitter:data1\" content=\"3 minutter\" \/>\n<script type=\"application\/ld+json\" class=\"yoast-schema-graph\">{\"@context\":\"https:\/\/schema.org\",\"@graph\":[{\"@type\":\"WebPage\",\"@id\":\"https:\/\/talkpal.ai\/no\/bosnisk-grammatikk\/\",\"url\":\"https:\/\/talkpal.ai\/no\/bosnisk-grammatikk\/\",\"name\":\"Bosnisk grammatikk - Talkpal\",\"isPartOf\":{\"@id\":\"https:\/\/talkpal.ai\/no\/#website\"},\"primaryImageOfPage\":{\"@id\":\"https:\/\/talkpal.ai\/no\/bosnisk-grammatikk\/#primaryimage\"},\"image\":{\"@id\":\"https:\/\/talkpal.ai\/no\/bosnisk-grammatikk\/#primaryimage\"},\"thumbnailUrl\":\"https:\/\/talkpal.ai\/wp-content\/uploads\/2023\/05\/bosnia-and-herzegovina.png\",\"datePublished\":\"2023-05-14T14:00:03+00:00\",\"dateModified\":\"2025-05-22T14:40:45+00:00\",\"description\":\"Behersk bosnisk grammatikk uten problemer med Talkpal, din AI-drevne spr\u00e5kveileder. Oppdag enkle forklaringer, praktiske tips og interaktive \u00f8velser!\",\"breadcrumb\":{\"@id\":\"https:\/\/talkpal.ai\/no\/bosnisk-grammatikk\/#breadcrumb\"},\"inLanguage\":\"nb-NO\",\"potentialAction\":[{\"@type\":\"ReadAction\",\"target\":[\"https:\/\/talkpal.ai\/no\/bosnisk-grammatikk\/\"]}]},{\"@type\":\"ImageObject\",\"inLanguage\":\"nb-NO\",\"@id\":\"https:\/\/talkpal.ai\/no\/bosnisk-grammatikk\/#primaryimage\",\"url\":\"https:\/\/talkpal.ai\/wp-content\/uploads\/2023\/05\/bosnia-and-herzegovina.png\",\"contentUrl\":\"https:\/\/talkpal.ai\/wp-content\/uploads\/2023\/05\/bosnia-and-herzegovina.png\",\"width\":512,\"height\":512},{\"@type\":\"BreadcrumbList\",\"@id\":\"https:\/\/talkpal.ai\/no\/bosnisk-grammatikk\/#breadcrumb\",\"itemListElement\":[{\"@type\":\"ListItem\",\"position\":1,\"name\":\"Homepage\",\"item\":\"https:\/\/talkpal.ai\/no\/\"},{\"@type\":\"ListItem\",\"position\":2,\"name\":\"Bosnisk grammatikk\"}]},{\"@type\":\"WebSite\",\"@id\":\"https:\/\/talkpal.ai\/no\/#website\",\"url\":\"https:\/\/talkpal.ai\/no\/\",\"name\":\"Talkpal\",\"description\":\"AI Language Learning\",\"publisher\":{\"@id\":\"https:\/\/talkpal.ai\/no\/#organization\"},\"alternateName\":\"Talkpal AI\",\"potentialAction\":[{\"@type\":\"SearchAction\",\"target\":{\"@type\":\"EntryPoint\",\"urlTemplate\":\"https:\/\/talkpal.ai\/no\/?s={search_term_string}\"},\"query-input\":{\"@type\":\"PropertyValueSpecification\",\"valueRequired\":true,\"valueName\":\"search_term_string\"}}],\"inLanguage\":\"nb-NO\"},{\"@type\":\"Organization\",\"@id\":\"https:\/\/talkpal.ai\/no\/#organization\",\"name\":\"Talkpal, Inc.\",\"alternateName\":\"Talkpal AI\",\"url\":\"https:\/\/talkpal.ai\/no\/\",\"logo\":{\"@type\":\"ImageObject\",\"inLanguage\":\"nb-NO\",\"@id\":\"https:\/\/talkpal.ai\/no\/#\/schema\/logo\/image\/\",\"url\":\"https:\/\/talkpal.ai\/wp-content\/uploads\/2024\/03\/Talkpal-Logo-Icon.png\",\"contentUrl\":\"https:\/\/talkpal.ai\/wp-content\/uploads\/2024\/03\/Talkpal-Logo-Icon.png\",\"width\":2880,\"height\":2880,\"caption\":\"Talkpal, Inc.\"},\"image\":{\"@id\":\"https:\/\/talkpal.ai\/no\/#\/schema\/logo\/image\/\"},\"sameAs\":[\"https:\/\/www.facebook.com\/profile.php?id=100090733639311\",\"https:\/\/x.com\/talkpalai\",\"https:\/\/www.linkedin.com\/company\/talkpal\/\",\"https:\/\/www.youtube.com\/@TalkPal\/\",\"https:\/\/www.tiktok.com\/@talkpal\",\"https:\/\/www.instagram.com\/talkpal_ai\/\",\"https:\/\/www.crunchbase.com\/organization\/talkpal-9cde\",\"https:\/\/www.g2.com\/products\/talkpal-for-business\/\",\"https:\/\/www.trustpilot.com\/review\/talkpal.ai\",\"https:\/\/www.capterra.com\/p\/10006800\/TalkPal\/\"],\"description\":\"Talkpal is a language learning web and mobile education app, powered by the latest AI technologies, that provides engaging experiences to its customers in many different languages to help them improve their language skills. Users can chat about unlimited amount of topics with the app and use other modes to practice their language learning.\",\"email\":\"support@talkpal.ai\",\"legalName\":\"Talkpal, Inc.\",\"foundingDate\":\"2023-04-03\",\"duns\":\"118989042\",\"numberOfEmployees\":{\"@type\":\"QuantitativeValue\",\"minValue\":\"11\",\"maxValue\":\"50\"},\"publishingPrinciples\":\"https:\/\/talkpal.ai\/publishing-principles\/\",\"actionableFeedbackPolicy\":\"https:\/\/talkpal.ai\/actionable-feedback-policy\/\",\"correctionsPolicy\":\"https:\/\/talkpal.ai\/corrections-policy\/\",\"ethicsPolicy\":\"https:\/\/talkpal.ai\/ethics-policy\/\",\"diversityPolicy\":\"https:\/\/talkpal.ai\/diversity-policy\/\",\"diversityStaffingReport\":\"https:\/\/talkpal.ai\/diversity-policy\/\"}]}<\/script>\n<!-- \/ Yoast SEO Premium plugin. -->","yoast_head_json":{"title":"Bosnisk grammatikk - Talkpal","description":"Behersk bosnisk grammatikk uten problemer med Talkpal, din AI-drevne spr\u00e5kveileder. Oppdag enkle forklaringer, praktiske tips og interaktive \u00f8velser!","robots":{"index":"index","follow":"follow","max-snippet":"max-snippet:-1","max-image-preview":"max-image-preview:large","max-video-preview":"max-video-preview:-1"},"canonical":"https:\/\/talkpal.ai\/no\/bosnisk-grammatikk\/","og_locale":"nb_NO","og_type":"article","og_title":"Bosnisk grammatikk","og_description":"Bosnisk grammatikk: En guide til \u00e5 forst\u00e5 dens unike egenskaper Skal du l\u00e6re deg bosnisk, men er forvirret over spr\u00e5kets grammatikk? Frykt ikke! I denne","og_url":"https:\/\/talkpal.ai\/no\/bosnisk-grammatikk\/","og_site_name":"Talkpal","article_publisher":"https:\/\/www.facebook.com\/profile.php?id=100090733639311","article_modified_time":"2025-05-22T14:40:45+00:00","og_image":[{"width":512,"height":512,"url":"https:\/\/talkpal.ai\/wp-content\/uploads\/2023\/05\/bosnia-and-herzegovina.png","type":"image\/png"}],"twitter_card":"summary_large_image","twitter_site":"@talkpalai","twitter_misc":{"Ansl. lesetid":"3 minutter"},"schema":{"@context":"https:\/\/schema.org","@graph":[{"@type":"WebPage","@id":"https:\/\/talkpal.ai\/no\/bosnisk-grammatikk\/","url":"https:\/\/talkpal.ai\/no\/bosnisk-grammatikk\/","name":"Bosnisk grammatikk - Talkpal","isPartOf":{"@id":"https:\/\/talkpal.ai\/no\/#website"},"primaryImageOfPage":{"@id":"https:\/\/talkpal.ai\/no\/bosnisk-grammatikk\/#primaryimage"},"image":{"@id":"https:\/\/talkpal.ai\/no\/bosnisk-grammatikk\/#primaryimage"},"thumbnailUrl":"https:\/\/talkpal.ai\/wp-content\/uploads\/2023\/05\/bosnia-and-herzegovina.png","datePublished":"2023-05-14T14:00:03+00:00","dateModified":"2025-05-22T14:40:45+00:00","description":"Behersk bosnisk grammatikk uten problemer med Talkpal, din AI-drevne spr\u00e5kveileder. Oppdag enkle forklaringer, praktiske tips og interaktive \u00f8velser!","breadcrumb":{"@id":"https:\/\/talkpal.ai\/no\/bosnisk-grammatikk\/#breadcrumb"},"inLanguage":"nb-NO","potentialAction":[{"@type":"ReadAction","target":["https:\/\/talkpal.ai\/no\/bosnisk-grammatikk\/"]}]},{"@type":"ImageObject","inLanguage":"nb-NO","@id":"https:\/\/talkpal.ai\/no\/bosnisk-grammatikk\/#primaryimage","url":"https:\/\/talkpal.ai\/wp-content\/uploads\/2023\/05\/bosnia-and-herzegovina.png","contentUrl":"https:\/\/talkpal.ai\/wp-content\/uploads\/2023\/05\/bosnia-and-herzegovina.png","width":512,"height":512},{"@type":"BreadcrumbList","@id":"https:\/\/talkpal.ai\/no\/bosnisk-grammatikk\/#breadcrumb","itemListElement":[{"@type":"ListItem","position":1,"name":"Homepage","item":"https:\/\/talkpal.ai\/no\/"},{"@type":"ListItem","position":2,"name":"Bosnisk grammatikk"}]},{"@type":"WebSite","@id":"https:\/\/talkpal.ai\/no\/#website","url":"https:\/\/talkpal.ai\/no\/","name":"Talkpal","description":"AI Language Learning","publisher":{"@id":"https:\/\/talkpal.ai\/no\/#organization"},"alternateName":"Talkpal AI","potentialAction":[{"@type":"SearchAction","target":{"@type":"EntryPoint","urlTemplate":"https:\/\/talkpal.ai\/no\/?s={search_term_string}"},"query-input":{"@type":"PropertyValueSpecification","valueRequired":true,"valueName":"search_term_string"}}],"inLanguage":"nb-NO"},{"@type":"Organization","@id":"https:\/\/talkpal.ai\/no\/#organization","name":"Talkpal, Inc.","alternateName":"Talkpal AI","url":"https:\/\/talkpal.ai\/no\/","logo":{"@type":"ImageObject","inLanguage":"nb-NO","@id":"https:\/\/talkpal.ai\/no\/#\/schema\/logo\/image\/","url":"https:\/\/talkpal.ai\/wp-content\/uploads\/2024\/03\/Talkpal-Logo-Icon.png","contentUrl":"https:\/\/talkpal.ai\/wp-content\/uploads\/2024\/03\/Talkpal-Logo-Icon.png","width":2880,"height":2880,"caption":"Talkpal, Inc."},"image":{"@id":"https:\/\/talkpal.ai\/no\/#\/schema\/logo\/image\/"},"sameAs":["https:\/\/www.facebook.com\/profile.php?id=100090733639311","https:\/\/x.com\/talkpalai","https:\/\/www.linkedin.com\/company\/talkpal\/","https:\/\/www.youtube.com\/@TalkPal\/","https:\/\/www.tiktok.com\/@talkpal","https:\/\/www.instagram.com\/talkpal_ai\/","https:\/\/www.crunchbase.com\/organization\/talkpal-9cde","https:\/\/www.g2.com\/products\/talkpal-for-business\/","https:\/\/www.trustpilot.com\/review\/talkpal.ai","https:\/\/www.capterra.com\/p\/10006800\/TalkPal\/"],"description":"Talkpal is a language learning web and mobile education app, powered by the latest AI technologies, that provides engaging experiences to its customers in many different languages to help them improve their language skills. Users can chat about unlimited amount of topics with the app and use other modes to practice their language learning.","email":"support@talkpal.ai","legalName":"Talkpal, Inc.","foundingDate":"2023-04-03","duns":"118989042","numberOfEmployees":{"@type":"QuantitativeValue","minValue":"11","maxValue":"50"},"publishingPrinciples":"https:\/\/talkpal.ai\/publishing-principles\/","actionableFeedbackPolicy":"https:\/\/talkpal.ai\/actionable-feedback-policy\/","correctionsPolicy":"https:\/\/talkpal.ai\/corrections-policy\/","ethicsPolicy":"https:\/\/talkpal.ai\/ethics-policy\/","diversityPolicy":"https:\/\/talkpal.ai\/diversity-policy\/","diversityStaffingReport":"https:\/\/talkpal.ai\/diversity-policy\/"}]}},"_links":{"self":[{"href":"https:\/\/talkpal.ai\/no\/wp-json\/wp\/v2\/pages\/141349","targetHints":{"allow":["GET"]}}],"collection":[{"href":"https:\/\/talkpal.ai\/no\/wp-json\/wp\/v2\/pages"}],"about":[{"href":"https:\/\/talkpal.ai\/no\/wp-json\/wp\/v2\/types\/page"}],"author":[{"embeddable":true,"href":"https:\/\/talkpal.ai\/no\/wp-json\/wp\/v2\/users\/1"}],"replies":[{"embeddable":true,"href":"https:\/\/talkpal.ai\/no\/wp-json\/wp\/v2\/comments?post=141349"}],"version-history":[{"count":0,"href":"https:\/\/talkpal.ai\/no\/wp-json\/wp\/v2\/pages\/141349\/revisions"}],"wp:featuredmedia":[{"embeddable":true,"href":"https:\/\/talkpal.ai\/no\/wp-json\/wp\/v2\/media\/111318"}],"wp:attachment":[{"href":"https:\/\/talkpal.ai\/no\/wp-json\/wp\/v2\/media?parent=141349"}],"curies":[{"name":"wp","href":"https:\/\/api.w.org\/{rel}","templated":true}]}}