{"id":141103,"date":"2023-05-14T13:59:42","date_gmt":"2023-05-14T13:59:42","guid":{"rendered":"http:\/\/talkpal.ai\/hviterussisk-grammatikk\/"},"modified":"2025-05-22T13:49:15","modified_gmt":"2025-05-22T13:49:15","slug":"hviterussisk-grammatikk","status":"publish","type":"page","link":"https:\/\/talkpal.ai\/no\/hviterussisk-grammatikk\/","title":{"rendered":"Hviterussisk grammatikk"},"content":{"rendered":"\r\n\r\n\r\n<section class=\"languageChallengeSection\">\r\n    <div class=\"languageInfoWrapper\">\r\n        \r\n        <h1>Hviterussisk grammatikk<\/h1>\r\n        <p>Oppdag skj\u00f8nnheten og rikdommen i det hviterussiske spr\u00e5ket ved \u00e5 l\u00e6re de grunnleggende grammatikkreglene. En solid forst\u00e5else av <a href=\"https:\/\/talkpal.ai\/no\/laer-hviterussisk\/\">hviterussisk grammatikk<\/a> vil hjelpe deg \u00e5 kommunisere med selvtillit og f\u00e5 kontakt med den hviterussiske kulturen. Sett i gang n\u00e5 og start din reise til \u00e5 mestre <a href=\"https:\/\/talkpal.ai\/learn-belarusian\/\">hviterussisk<\/a> i dag!<\/p>\r\n\r\n                            <a class=\"getStartedHidden\" href=\"https:\/\/app.talkpal.ai\/no\/signup?lng=\">Kom i gang<\/a>\r\n        \r\n    <\/div>\r\n\r\n    <figure>\r\n    <img decoding=\"async\" width=\"768\" height=\"768\" src=\"https:\/\/talkpal.ai\/wp-content\/uploads\/2023\/06\/belarusian-768x768.png\" class=\"languageImage no-lazy\" alt=\"Language learning for academic excellence\" fetchpriority=\"high\" sizes=\"(max-width: 768px) 150px, 768px\" srcset=\"https:\/\/talkpal.ai\/wp-content\/uploads\/2023\/06\/belarusian-768x768.png 768w, https:\/\/talkpal.ai\/wp-content\/uploads\/2023\/06\/belarusian-300x300.png 300w\" \/>\r\n    \r\n\r\n    <\/figure>\r\n\r\n            <a class=\"getStartedVisible\" href=\"https:\/\/app.talkpal.ai\/no\/signup?lng=\">Kom i gang<\/a>\r\n    \r\n<\/section>\r\n<section class=\"promotionalBanner\">\r\n    <p class=\"promotionalText\">Den mest effektive m\u00e5ten \u00e5 l\u00e6re et spr\u00e5k p\u00e5<\/p>\r\n    <a class=\"promotionalLink\" href=\"https:\/\/app.talkpal.ai\/no\/signup?lng=\">Pr\u00f8v Talkpal gratis<\/a>\r\n<\/section>\n<div class=\"wp-block-group pageContainerStyle\"><div class=\"wp-block-group__inner-container is-layout-constrained wp-block-group-is-layout-constrained\">\n<h2 class=\"wp-block-heading\" id=\"h-belarusian-grammar-a-closer-look-at-the-slavic-language-s-intricacies\">Hviterussisk grammatikk: En n\u00e6rmere titt p\u00e5 det slaviske spr\u00e5kets finurligheter<\/h2>\n\n\n\n<p>Er du en ambisi\u00f8s polyglot med en fascinasjon for slaviske spr\u00e5k? Eller kanskje du bare er nysgjerrig p\u00e5 de grammatiske detaljene i spr\u00e5kene fra denne interessante regionen? I s\u00e5 fall, spenn opp! I denne artikkelen skal vi utforske den fantastiske verdenen av <a href=\"https:\/\/talkpal.ai\/no\/laer-hviterussisk\/\">hviterussisk grammatikk<\/a>, et mindre kjent, men fascinerende medlem av den slaviske spr\u00e5kfamilien.<\/p>\n\n\n\n<p>La <a href=\"https:\/\/talkpal.ai\/locations\/language-courses-in-oss\/\">oss<\/a> dykke ned i det, skal vi?<\/p>\n\n\n\n<h3 class=\"wp-block-heading\" id=\"h-first-things-first-what-is-belarusian\">F\u00f8rste ting f\u00f8rst: Hva er hviterussisk?<\/h3>\n\n\n\n<p><a href=\"https:\/\/talkpal.ai\/learn-belarusian\/\">Hviterussisk<\/a> er det offisielle spr\u00e5ket i Hviterussland, et landl\u00e5st land som ligger i \u00d8st-Europa mellom Russland, <a href=\"https:\/\/talkpal.ai\/learn-ukrainian\/\">Ukraina<\/a>, Polen, Litauen og <a href=\"https:\/\/talkpal.ai\/learn-latvian\/\">Latvia<\/a>. Med omtrent 7,9 millioner h\u00f8yttalere, har hviterussisk en elskverdig sjarm for b\u00e5de lingvister og <a href=\"https:\/\/talkpal.ai\/talkpal-discount-for-language-enthusiasts\/\">spr\u00e5kentusiaster<\/a>. Som et slavisk spr\u00e5k har hviterussisk mange likheter med <a href=\"https:\/\/talkpal.ai\/learn-russian\/\">russisk<\/a>, <a href=\"https:\/\/talkpal.ai\/learn-ukrainian\/\">ukrainsk<\/a> og polsk; den omfavner imidlertid ogs\u00e5 sine egne unike egenskaper som skiller den fra sine s\u00f8sken.<\/p>\n\n\n\n<h3 class=\"wp-block-heading\" id=\"h-the-building-blocks-nouns-pronouns-and-cases\">Byggesteinene: Substantiv, pronomen og kasus<\/h3>\n\n\n\n<p>I likhet med andre slaviske spr\u00e5k dreier hviterussisk grammatikk seg om b\u00f8yningen av ord. Dette betyr at avslutningene p\u00e5 ord endres i henhold til deres grammatiske funksjon i en setning. Dette er tydeligst i substantiver, pronomener og adjektiver n\u00e5r de brukes i ulike kasus. Hviterussisk har seks tilfeller, som er som f\u00f8lger:<\/p>\n\n\n\n<p><strong>1. Nominativ &#8211; angir subjektet i en setning<\/strong><\/p>\n\n\n\n<p><strong>2. Genitiv &#8211; viser besittelse eller objekt for negasjon<\/strong><\/p>\n\n\n\n<p><strong>3. Dativ &#8211; markerer det indirekte objektet i en setning<\/strong><\/p>\n\n\n\n<p><strong>4. Akkusativ &#8211; betegner det direkte objektet i en setning<\/strong><\/p>\n\n\n\n<p><strong>5. Instrumental &#8211; uttrykker det middelet eller den metoden en handling utf\u00f8res p\u00e5<\/strong><\/p>\n\n\n\n<p><strong>6. Preposisjonell eller lokativ &#8211; angir sted eller objekt for preposisjoner<\/strong><\/p>\n\n\n\n<p>I tillegg til kasus har hviterussiske substantiver ogs\u00e5 tre kj\u00f8nn (maskulint, feminint og intetkj\u00f8nn) og to tall (entall og flertall). Hver kj\u00f8nns- og tallkombinasjon har spesifikke avslutninger i hvert tilfelle, noe som gj\u00f8r det avgj\u00f8rende \u00e5 huske disse for \u00e5 konstruere grammatisk korrekte setninger.<\/p>\n\n\n\n<h3 class=\"wp-block-heading\" id=\"h-let-s-talk-verbs-tenses-aspects-and-moods\">La oss snakke om verb: Tider, aspekter og stemninger<\/h3>\n\n\n\n<p>Hviterussiske verb er fantastisk komplekse, fulle av nyanser og intrikate. De har tre tider (fortid, n\u00e5tid og fremtid), to aspekter (perfektive og imperfektive), samt tre stemninger (indikativ, imperativ og betinget). Det som f\u00e5r hviterussiske verb til \u00e5 skille seg ut fra andre slaviske spr\u00e5k er deres omfattende bruk av aspekt.<\/p>\n\n\n\n<p>Aspekt refererer til om en handling blir sett p\u00e5 som fullf\u00f8rt (perfekt) eller p\u00e5g\u00e5ende (imperfektiv). Mange verb kommer i par som indikerer de forskjellige aspektene, ofte ved \u00e5 bruke et unikt prefiks eller suffiks. Mestring av aspekt er avgj\u00f8rende for \u00e5 forst\u00e5 finessene i det hviterussiske spr\u00e5ket.<\/p>\n\n\n\n<h3 class=\"wp-block-heading\" id=\"h-adjectives-adverbs-and-other-delights\">Adjektiver, adverb og andre herligheter<\/h3>\n\n\n\n<p>Hviterussiske adjektiver stemmer overens med substantivene de endrer n\u00e5r det gjelder kj\u00f8nn, tall og kasus. De har ogs\u00e5 komparative og superlative former for \u00e5 uttrykke ulike grader av kvaliteter. I tillegg er mange adverb avledet av adjektiv ved \u00e5 legge til suffikset &laquo;-\u0430&raquo; for maskulinum og &laquo;-\u044b&raquo; for femininum.<\/p>\n\n\n\n<p>Det hviterussiske spr\u00e5ket har ogs\u00e5 et fascinerende utvalg av konjunksjoner, preposisjoner, tall og partikler for \u00e5 hjelpe deg med \u00e5 lage forseggjorte og uttrykksfulle setninger. Med nok \u00f8velse vil du snart kunne flette sammen ordene dine som en ekte hviterussisk ordsmed.<\/p>\n\n\n\n<h3 class=\"wp-block-heading\" id=\"h-in-closing-the-magic-of-belarusian-grammar\">Avslutningsvis: Magien til hviterussisk grammatikk<\/h3>\n\n\n\n<p>Ved f\u00f8rste \u00f8yekast kan hviterussisk grammatikk virke skremmende. Men etter hvert som du dykker dypere ned i den rike veven av kasus, aspekter og andre spr\u00e5klige finurligheter, vil du oppdage et spr\u00e5k fullt av dybde, nyanser og uttrykksfullhet. \u00c5 omfavne utfordringen med hviterussisk grammatikk vil ikke bare gi deg en st\u00f8rre forst\u00e5else av den slaviske familien for \u00f8vrig, men ogs\u00e5 gi deg tilgang til en vakker og levende kultur som venter p\u00e5 utforskningen din.<\/p>\n\n\n\n<p>N\u00e5, bev\u00e6pnet med en nyvunnet forst\u00e5else av hviterussisk grammatikk, hvorfor ikke dykke dypere inn i dette fascinerende spr\u00e5ket? Hvem vet &#8211; kanskje du en dag kommer til \u00e5 rusle rundt i Minsks gater og uanstrengt prate med lokalbefolkningen p\u00e5 deres eget morsm\u00e5l. God l\u00e6ring!<\/p>\n<\/div><\/div>\n\r\n<section class=\"learnNavigationSection\">\r\n            \r\n        <a href=\"https:\/\/talkpal.ai\/no\/laer-hviterussisk\/\">\r\n            <div class=\"learnNavigationWrapper\">\r\n                <div class=\"learnNavigationContent\">\r\n                    <img decoding=\"async\" src=\"https:\/\/talkpal.ai\/wp-content\/uploads\/2024\/08\/Belarusian.jpg\" alt=\"Belarusian Flag\">\r\n                    <div>\r\n                        <h4>Om hviterussisk l\u00e6ring<\/h4>\r\n                        <p>Finn ut alt om hviterussisk grammatikk.<\/p>\r\n                    <\/div>\r\n                <\/div>\r\n            <\/div>\r\n        <\/a>\r\n\r\n        \r\n        <a href=\"https:\/\/talkpal.ai\/no\/hviterussiske-grammatikkovelser\/\">\r\n            <div class=\"learnNavigationWrapper\">\r\n                <div class=\"learnNavigationContent\">\r\n                    <img decoding=\"async\" src=\"https:\/\/talkpal.ai\/wp-content\/uploads\/2024\/08\/Belarusian.jpg\" alt=\"Belarusian Flag\">\r\n                    <div>\r\n                        <h4>Hviterussisk grammatikk\u00f8velse<\/h4>\r\n                        <p>\u00d8v p\u00e5 hviterussisk grammatikk.<\/p>\r\n                    <\/div>\r\n                <\/div>\r\n            <\/div>\r\n        <\/a>\r\n\r\n        \r\n        <a href=\"https:\/\/talkpal.ai\/vocabulary_language\/belarusian\/\">\r\n            <div class=\"learnNavigationWrapper\">\r\n                <div class=\"learnNavigationContent\">\r\n                    <img decoding=\"async\" src=\"https:\/\/talkpal.ai\/wp-content\/uploads\/2024\/08\/Belarusian.jpg\" alt=\"Belarusian Flag\">\r\n                    <div>\r\n                        <h4>Hviterussisk ordforr\u00e5d<\/h4>\r\n                        <p>Utvid det hviterussiske ordforr\u00e5det ditt.<\/p>\r\n                    <\/div>\r\n                <\/div>\r\n            <\/div>\r\n        <\/a>\r\n\r\n            <\/section>","protected":false},"excerpt":{"rendered":"<p>Hviterussisk grammatikk: En n\u00e6rmere titt p\u00e5 det slaviske spr\u00e5kets finurligheter Er du en ambisi\u00f8s polyglot med en fascinasjon for slaviske spr\u00e5k? Eller kanskje du bare er nysgjerrig p\u00e5 de grammatiske detaljene i spr\u00e5kene fra denne interessante regionen? I s\u00e5 fall, spenn opp! I denne artikkelen skal vi utforske den fantastiske verdenen av hviterussisk grammatikk, et [&hellip;]<\/p>\n","protected":false},"author":1,"featured_media":110530,"parent":0,"menu_order":0,"comment_status":"closed","ping_status":"closed","template":"LearningContentPage.php","meta":{"_acf_changed":false,"footnotes":""},"class_list":["post-141103","page","type-page","status-publish","has-post-thumbnail","hentry"],"acf":[],"yoast_head":"<!-- This site is optimized with the Yoast SEO Premium plugin v27.2 (Yoast SEO v27.2) - https:\/\/yoast.com\/product\/yoast-seo-premium-wordpress\/ -->\n<title>Hviterussisk grammatikk - Talkpal<\/title>\n<meta name=\"description\" content=\"Behersk hviterussisk grammatikk uten problemer med Talkpaldin AI-drevne spr\u00e5kveileder. F\u00e5 tydelige forklaringer, nyttige tips og interaktive \u00f8velser!\" \/>\n<meta name=\"robots\" content=\"index, follow, max-snippet:-1, max-image-preview:large, max-video-preview:-1\" \/>\n<link rel=\"canonical\" href=\"https:\/\/talkpal.ai\/no\/hviterussisk-grammatikk\/\" \/>\n<meta property=\"og:locale\" content=\"nb_NO\" \/>\n<meta property=\"og:type\" content=\"article\" \/>\n<meta property=\"og:title\" content=\"Hviterussisk grammatikk\" \/>\n<meta property=\"og:description\" content=\"Hviterussisk grammatikk: En n\u00e6rmere titt p\u00e5 det slaviske spr\u00e5kets finurligheter Er du en ambisi\u00f8s polyglot med en fascinasjon for slaviske spr\u00e5k? Eller\" \/>\n<meta property=\"og:url\" content=\"https:\/\/talkpal.ai\/no\/hviterussisk-grammatikk\/\" \/>\n<meta property=\"og:site_name\" content=\"Talkpal\" \/>\n<meta property=\"article:publisher\" content=\"https:\/\/www.facebook.com\/profile.php?id=100090733639311\" \/>\n<meta property=\"article:modified_time\" content=\"2025-05-22T13:49:15+00:00\" \/>\n<meta property=\"og:image\" content=\"https:\/\/talkpal.ai\/wp-content\/uploads\/2023\/05\/belarus.png\" \/>\n\t<meta property=\"og:image:width\" content=\"512\" \/>\n\t<meta property=\"og:image:height\" content=\"512\" \/>\n\t<meta property=\"og:image:type\" content=\"image\/png\" \/>\n<meta name=\"twitter:card\" content=\"summary_large_image\" \/>\n<meta name=\"twitter:site\" content=\"@talkpalai\" \/>\n<meta name=\"twitter:label1\" content=\"Ansl. lesetid\" \/>\n\t<meta name=\"twitter:data1\" content=\"3 minutter\" \/>\n<script type=\"application\/ld+json\" class=\"yoast-schema-graph\">{\"@context\":\"https:\/\/schema.org\",\"@graph\":[{\"@type\":\"WebPage\",\"@id\":\"https:\/\/talkpal.ai\/no\/hviterussisk-grammatikk\/\",\"url\":\"https:\/\/talkpal.ai\/no\/hviterussisk-grammatikk\/\",\"name\":\"Hviterussisk grammatikk - Talkpal\",\"isPartOf\":{\"@id\":\"https:\/\/talkpal.ai\/no\/#website\"},\"primaryImageOfPage\":{\"@id\":\"https:\/\/talkpal.ai\/no\/hviterussisk-grammatikk\/#primaryimage\"},\"image\":{\"@id\":\"https:\/\/talkpal.ai\/no\/hviterussisk-grammatikk\/#primaryimage\"},\"thumbnailUrl\":\"https:\/\/talkpal.ai\/wp-content\/uploads\/2023\/05\/belarus.png\",\"datePublished\":\"2023-05-14T13:59:42+00:00\",\"dateModified\":\"2025-05-22T13:49:15+00:00\",\"description\":\"Behersk hviterussisk grammatikk uten problemer med Talkpaldin AI-drevne spr\u00e5kveileder. F\u00e5 tydelige forklaringer, nyttige tips og interaktive \u00f8velser!\",\"breadcrumb\":{\"@id\":\"https:\/\/talkpal.ai\/no\/hviterussisk-grammatikk\/#breadcrumb\"},\"inLanguage\":\"nb-NO\",\"potentialAction\":[{\"@type\":\"ReadAction\",\"target\":[\"https:\/\/talkpal.ai\/no\/hviterussisk-grammatikk\/\"]}]},{\"@type\":\"ImageObject\",\"inLanguage\":\"nb-NO\",\"@id\":\"https:\/\/talkpal.ai\/no\/hviterussisk-grammatikk\/#primaryimage\",\"url\":\"https:\/\/talkpal.ai\/wp-content\/uploads\/2023\/05\/belarus.png\",\"contentUrl\":\"https:\/\/talkpal.ai\/wp-content\/uploads\/2023\/05\/belarus.png\",\"width\":512,\"height\":512},{\"@type\":\"BreadcrumbList\",\"@id\":\"https:\/\/talkpal.ai\/no\/hviterussisk-grammatikk\/#breadcrumb\",\"itemListElement\":[{\"@type\":\"ListItem\",\"position\":1,\"name\":\"Homepage\",\"item\":\"https:\/\/talkpal.ai\/no\/\"},{\"@type\":\"ListItem\",\"position\":2,\"name\":\"Hviterussisk grammatikk\"}]},{\"@type\":\"WebSite\",\"@id\":\"https:\/\/talkpal.ai\/no\/#website\",\"url\":\"https:\/\/talkpal.ai\/no\/\",\"name\":\"Talkpal\",\"description\":\"AI Language Learning\",\"publisher\":{\"@id\":\"https:\/\/talkpal.ai\/no\/#organization\"},\"alternateName\":\"Talkpal AI\",\"potentialAction\":[{\"@type\":\"SearchAction\",\"target\":{\"@type\":\"EntryPoint\",\"urlTemplate\":\"https:\/\/talkpal.ai\/no\/?s={search_term_string}\"},\"query-input\":{\"@type\":\"PropertyValueSpecification\",\"valueRequired\":true,\"valueName\":\"search_term_string\"}}],\"inLanguage\":\"nb-NO\"},{\"@type\":\"Organization\",\"@id\":\"https:\/\/talkpal.ai\/no\/#organization\",\"name\":\"Talkpal, Inc.\",\"alternateName\":\"Talkpal AI\",\"url\":\"https:\/\/talkpal.ai\/no\/\",\"logo\":{\"@type\":\"ImageObject\",\"inLanguage\":\"nb-NO\",\"@id\":\"https:\/\/talkpal.ai\/no\/#\/schema\/logo\/image\/\",\"url\":\"https:\/\/talkpal.ai\/wp-content\/uploads\/2024\/03\/Talkpal-Logo-Icon.png\",\"contentUrl\":\"https:\/\/talkpal.ai\/wp-content\/uploads\/2024\/03\/Talkpal-Logo-Icon.png\",\"width\":2880,\"height\":2880,\"caption\":\"Talkpal, Inc.\"},\"image\":{\"@id\":\"https:\/\/talkpal.ai\/no\/#\/schema\/logo\/image\/\"},\"sameAs\":[\"https:\/\/www.facebook.com\/profile.php?id=100090733639311\",\"https:\/\/x.com\/talkpalai\",\"https:\/\/www.linkedin.com\/company\/talkpal\/\",\"https:\/\/www.youtube.com\/@TalkPal\/\",\"https:\/\/www.tiktok.com\/@talkpal\",\"https:\/\/www.instagram.com\/talkpal_ai\/\",\"https:\/\/www.crunchbase.com\/organization\/talkpal-9cde\",\"https:\/\/www.g2.com\/products\/talkpal-for-business\/\",\"https:\/\/www.trustpilot.com\/review\/talkpal.ai\",\"https:\/\/www.capterra.com\/p\/10006800\/TalkPal\/\"],\"description\":\"Talkpal is a language learning web and mobile education app, powered by the latest AI technologies, that provides engaging experiences to its customers in many different languages to help them improve their language skills. Users can chat about unlimited amount of topics with the app and use other modes to practice their language learning.\",\"email\":\"support@talkpal.ai\",\"legalName\":\"Talkpal, Inc.\",\"foundingDate\":\"2023-04-03\",\"duns\":\"118989042\",\"numberOfEmployees\":{\"@type\":\"QuantitativeValue\",\"minValue\":\"11\",\"maxValue\":\"50\"},\"publishingPrinciples\":\"https:\/\/talkpal.ai\/publishing-principles\/\",\"actionableFeedbackPolicy\":\"https:\/\/talkpal.ai\/actionable-feedback-policy\/\",\"correctionsPolicy\":\"https:\/\/talkpal.ai\/corrections-policy\/\",\"ethicsPolicy\":\"https:\/\/talkpal.ai\/ethics-policy\/\",\"diversityPolicy\":\"https:\/\/talkpal.ai\/diversity-policy\/\",\"diversityStaffingReport\":\"https:\/\/talkpal.ai\/diversity-policy\/\"}]}<\/script>\n<!-- \/ Yoast SEO Premium plugin. -->","yoast_head_json":{"title":"Hviterussisk grammatikk - Talkpal","description":"Behersk hviterussisk grammatikk uten problemer med Talkpaldin AI-drevne spr\u00e5kveileder. F\u00e5 tydelige forklaringer, nyttige tips og interaktive \u00f8velser!","robots":{"index":"index","follow":"follow","max-snippet":"max-snippet:-1","max-image-preview":"max-image-preview:large","max-video-preview":"max-video-preview:-1"},"canonical":"https:\/\/talkpal.ai\/no\/hviterussisk-grammatikk\/","og_locale":"nb_NO","og_type":"article","og_title":"Hviterussisk grammatikk","og_description":"Hviterussisk grammatikk: En n\u00e6rmere titt p\u00e5 det slaviske spr\u00e5kets finurligheter Er du en ambisi\u00f8s polyglot med en fascinasjon for slaviske spr\u00e5k? Eller","og_url":"https:\/\/talkpal.ai\/no\/hviterussisk-grammatikk\/","og_site_name":"Talkpal","article_publisher":"https:\/\/www.facebook.com\/profile.php?id=100090733639311","article_modified_time":"2025-05-22T13:49:15+00:00","og_image":[{"width":512,"height":512,"url":"https:\/\/talkpal.ai\/wp-content\/uploads\/2023\/05\/belarus.png","type":"image\/png"}],"twitter_card":"summary_large_image","twitter_site":"@talkpalai","twitter_misc":{"Ansl. lesetid":"3 minutter"},"schema":{"@context":"https:\/\/schema.org","@graph":[{"@type":"WebPage","@id":"https:\/\/talkpal.ai\/no\/hviterussisk-grammatikk\/","url":"https:\/\/talkpal.ai\/no\/hviterussisk-grammatikk\/","name":"Hviterussisk grammatikk - Talkpal","isPartOf":{"@id":"https:\/\/talkpal.ai\/no\/#website"},"primaryImageOfPage":{"@id":"https:\/\/talkpal.ai\/no\/hviterussisk-grammatikk\/#primaryimage"},"image":{"@id":"https:\/\/talkpal.ai\/no\/hviterussisk-grammatikk\/#primaryimage"},"thumbnailUrl":"https:\/\/talkpal.ai\/wp-content\/uploads\/2023\/05\/belarus.png","datePublished":"2023-05-14T13:59:42+00:00","dateModified":"2025-05-22T13:49:15+00:00","description":"Behersk hviterussisk grammatikk uten problemer med Talkpaldin AI-drevne spr\u00e5kveileder. F\u00e5 tydelige forklaringer, nyttige tips og interaktive \u00f8velser!","breadcrumb":{"@id":"https:\/\/talkpal.ai\/no\/hviterussisk-grammatikk\/#breadcrumb"},"inLanguage":"nb-NO","potentialAction":[{"@type":"ReadAction","target":["https:\/\/talkpal.ai\/no\/hviterussisk-grammatikk\/"]}]},{"@type":"ImageObject","inLanguage":"nb-NO","@id":"https:\/\/talkpal.ai\/no\/hviterussisk-grammatikk\/#primaryimage","url":"https:\/\/talkpal.ai\/wp-content\/uploads\/2023\/05\/belarus.png","contentUrl":"https:\/\/talkpal.ai\/wp-content\/uploads\/2023\/05\/belarus.png","width":512,"height":512},{"@type":"BreadcrumbList","@id":"https:\/\/talkpal.ai\/no\/hviterussisk-grammatikk\/#breadcrumb","itemListElement":[{"@type":"ListItem","position":1,"name":"Homepage","item":"https:\/\/talkpal.ai\/no\/"},{"@type":"ListItem","position":2,"name":"Hviterussisk grammatikk"}]},{"@type":"WebSite","@id":"https:\/\/talkpal.ai\/no\/#website","url":"https:\/\/talkpal.ai\/no\/","name":"Talkpal","description":"AI Language Learning","publisher":{"@id":"https:\/\/talkpal.ai\/no\/#organization"},"alternateName":"Talkpal AI","potentialAction":[{"@type":"SearchAction","target":{"@type":"EntryPoint","urlTemplate":"https:\/\/talkpal.ai\/no\/?s={search_term_string}"},"query-input":{"@type":"PropertyValueSpecification","valueRequired":true,"valueName":"search_term_string"}}],"inLanguage":"nb-NO"},{"@type":"Organization","@id":"https:\/\/talkpal.ai\/no\/#organization","name":"Talkpal, Inc.","alternateName":"Talkpal AI","url":"https:\/\/talkpal.ai\/no\/","logo":{"@type":"ImageObject","inLanguage":"nb-NO","@id":"https:\/\/talkpal.ai\/no\/#\/schema\/logo\/image\/","url":"https:\/\/talkpal.ai\/wp-content\/uploads\/2024\/03\/Talkpal-Logo-Icon.png","contentUrl":"https:\/\/talkpal.ai\/wp-content\/uploads\/2024\/03\/Talkpal-Logo-Icon.png","width":2880,"height":2880,"caption":"Talkpal, Inc."},"image":{"@id":"https:\/\/talkpal.ai\/no\/#\/schema\/logo\/image\/"},"sameAs":["https:\/\/www.facebook.com\/profile.php?id=100090733639311","https:\/\/x.com\/talkpalai","https:\/\/www.linkedin.com\/company\/talkpal\/","https:\/\/www.youtube.com\/@TalkPal\/","https:\/\/www.tiktok.com\/@talkpal","https:\/\/www.instagram.com\/talkpal_ai\/","https:\/\/www.crunchbase.com\/organization\/talkpal-9cde","https:\/\/www.g2.com\/products\/talkpal-for-business\/","https:\/\/www.trustpilot.com\/review\/talkpal.ai","https:\/\/www.capterra.com\/p\/10006800\/TalkPal\/"],"description":"Talkpal is a language learning web and mobile education app, powered by the latest AI technologies, that provides engaging experiences to its customers in many different languages to help them improve their language skills. Users can chat about unlimited amount of topics with the app and use other modes to practice their language learning.","email":"support@talkpal.ai","legalName":"Talkpal, Inc.","foundingDate":"2023-04-03","duns":"118989042","numberOfEmployees":{"@type":"QuantitativeValue","minValue":"11","maxValue":"50"},"publishingPrinciples":"https:\/\/talkpal.ai\/publishing-principles\/","actionableFeedbackPolicy":"https:\/\/talkpal.ai\/actionable-feedback-policy\/","correctionsPolicy":"https:\/\/talkpal.ai\/corrections-policy\/","ethicsPolicy":"https:\/\/talkpal.ai\/ethics-policy\/","diversityPolicy":"https:\/\/talkpal.ai\/diversity-policy\/","diversityStaffingReport":"https:\/\/talkpal.ai\/diversity-policy\/"}]}},"_links":{"self":[{"href":"https:\/\/talkpal.ai\/no\/wp-json\/wp\/v2\/pages\/141103","targetHints":{"allow":["GET"]}}],"collection":[{"href":"https:\/\/talkpal.ai\/no\/wp-json\/wp\/v2\/pages"}],"about":[{"href":"https:\/\/talkpal.ai\/no\/wp-json\/wp\/v2\/types\/page"}],"author":[{"embeddable":true,"href":"https:\/\/talkpal.ai\/no\/wp-json\/wp\/v2\/users\/1"}],"replies":[{"embeddable":true,"href":"https:\/\/talkpal.ai\/no\/wp-json\/wp\/v2\/comments?post=141103"}],"version-history":[{"count":0,"href":"https:\/\/talkpal.ai\/no\/wp-json\/wp\/v2\/pages\/141103\/revisions"}],"wp:featuredmedia":[{"embeddable":true,"href":"https:\/\/talkpal.ai\/no\/wp-json\/wp\/v2\/media\/110530"}],"wp:attachment":[{"href":"https:\/\/talkpal.ai\/no\/wp-json\/wp\/v2\/media?parent=141103"}],"curies":[{"name":"wp","href":"https:\/\/api.w.org\/{rel}","templated":true}]}}