{"id":140803,"date":"2023-05-14T13:59:24","date_gmt":"2023-05-14T13:59:24","guid":{"rendered":"http:\/\/talkpal.ai\/afrikaans-grammatikk\/"},"modified":"2025-05-22T19:04:14","modified_gmt":"2025-05-22T19:04:14","slug":"afrikaans-grammatikk","status":"publish","type":"page","link":"https:\/\/talkpal.ai\/no\/afrikaans-grammatikk\/","title":{"rendered":"Afrikaans grammatikk"},"content":{"rendered":"\r\n\r\n\r\n<section class=\"languageChallengeSection\">\r\n    <div class=\"languageInfoWrapper\">\r\n        \r\n        <h1>Afrikaans grammatikk<\/h1>\r\n        <p>Oppdag den enkle skj\u00f8nnheten i <a href=\"https:\/\/talkpal.ai\/learn-afrikaans\/\">afrikaans<\/a> ved \u00e5 l\u00e6re deg de viktigste grammatikkreglene. N\u00e5r du behersker <a href=\"https:\/\/talkpal.ai\/es\/gramatica-afrikaans\/\">afrikaans grammatikk<\/a>, vil du kunne kommunisere effektivt og nyte den rike kulturen til de som snakker afrikaans. Start din reise i afrikaansgrammatikk i dag, og ta det f\u00f8rste skrittet mot flytende afrikaans!<\/p>\r\n\r\n                            <a class=\"getStartedHidden\" href=\"https:\/\/app.talkpal.ai\/no\/signup?lng=\">Kom i gang<\/a>\r\n        \r\n    <\/div>\r\n\r\n    <figure>\r\n    <img decoding=\"async\" width=\"768\" height=\"768\" src=\"https:\/\/talkpal.ai\/wp-content\/uploads\/2023\/06\/TalkPal-Afrikaans-768x768.png\" class=\"languageImage no-lazy\" alt=\"Language learning for global awareness\" fetchpriority=\"high\" sizes=\"(max-width: 768px) 150px, 768px\" srcset=\"https:\/\/talkpal.ai\/wp-content\/uploads\/2023\/06\/TalkPal-Afrikaans-768x768.png 768w, https:\/\/talkpal.ai\/wp-content\/uploads\/2023\/06\/TalkPal-Afrikaans-300x300.png 300w\" \/>\r\n    \r\n\r\n    <\/figure>\r\n\r\n            <a class=\"getStartedVisible\" href=\"https:\/\/app.talkpal.ai\/no\/signup?lng=\">Kom i gang<\/a>\r\n    \r\n<\/section>\r\n<section class=\"promotionalBanner\">\r\n    <p class=\"promotionalText\">Den mest effektive m\u00e5ten \u00e5 l\u00e6re et spr\u00e5k p\u00e5<\/p>\r\n    <a class=\"promotionalLink\" href=\"https:\/\/app.talkpal.ai\/no\/signup?lng=\">Pr\u00f8v Talkpal gratis<\/a>\r\n<\/section>\n<div class=\"wp-block-group pageContainerStyle\"><div class=\"wp-block-group__inner-container is-layout-constrained wp-block-group-is-layout-constrained\">\n<h2 class=\"wp-block-heading\" id=\"h-mastering-afrikaans-grammar-your-ultimate-guide\">Mestring av afrikaans grammatikk: din ultimate guide<\/h2>\n\n\n\n<p><strong>Goeie dag<\/strong> , <a href=\"https:\/\/talkpal.ai\/talkpal-discount-for-language-enthusiasts\/\">spr\u00e5kentusiaster<\/a>! Er du klar til \u00e5 legge ut p\u00e5 en reise inn i den afrikanske grammatikkens verden? Du har kommet til rett sted. Fylt med lettfattelig informasjon og en samtaletone, vil denne artikkelen guide deg gjennom det fascinerende riket av afrikaans <a href=\"https:\/\/talkpal.ai\/grammar\/\">grammatikk<\/a>. Snart vil du v\u00e6re i stand til \u00e5 konstruere setninger og f\u00f8re meningsfulle samtaler med personer som har spr\u00e5ket som morsm\u00e5l. S\u00e5, la <a href=\"https:\/\/talkpal.ai\/locations\/language-courses-in-oss\/\">oss<\/a> komme i gang!<\/p>\n\n\n\n<p><strong>Men f\u00f8rst, hvorfor afrikaans grammatikk?<\/strong><\/p>\n\n\n\n<p>Hvis du skal l\u00e6re afrikaans, er et godt grunnlag i grammatikk avgj\u00f8rende for \u00e5 kunne snakke, lese og skrive flytende. Selv om afrikaansgrammatikk kan virke komplisert ved f\u00f8rste \u00f8yekast, er den relativt enkel n\u00e5r du bryter den ned i mindre, mer h\u00e5ndterbare biter. S\u00e5 la oss begynne din reise mot \u00e5 mestre afrikaans grammatikk!<\/p>\n\n\n\n<h3 class=\"wp-block-heading\" id=\"h-1-nouns-gender-and-articles\">1. Substantiv, kj\u00f8nn og artikler<\/h3>\n\n\n\n<p>I motsetning til mange andre spr\u00e5k har ikke afrikanske substantiver kj\u00f8nn, noe som gj\u00f8r dem enklere \u00e5 l\u00e6re. Den bestemte artikkelen &laquo;die&raquo; (den) brukes om alle substantiv, mens de ubestemte artiklene &laquo;&#8216;n&raquo; eller &laquo;en&raquo; (a\/an) ogs\u00e5 er kj\u00f8nnsn\u00f8ytrale.  <\/p>\n\n\n\n<p>For eksempel:<\/p>\n\n\n\n<p>&#8211; die hond (hunden)<\/p>\n\n\n\n<p>&#8211; &#8216;n hond (en hund)<\/p>\n\n\n\n<h3 class=\"wp-block-heading\" id=\"h-2-adjectives\">2. Adjektiver<\/h3>\n\n\n\n<p>P\u00e5 afrikaans g\u00e5r adjektiver vanligvis foran substantivet de endrer og stemmer overens med substantivet i antall. Adjektiver har ikke kj\u00f8nnsavtale. For eksempel:<\/p>\n\n\n\n<p>&#8211; &#8216;n groot huis (et stort hus)<\/p>\n\n\n\n<p>&#8211; twee groot huise (to store hus)<\/p>\n\n\n\n<p>Noen adjektiv krever en ekstra &laquo;-e&raquo; n\u00e5r de beskriver et substantiv i flertall:<\/p>\n\n\n\n<p>&#8211; &#8216;n ou man (en gammel mann)<\/p>\n\n\n\n<p>&#8211; twee ou manne (to gamle menn)<\/p>\n\n\n\n<h3 class=\"wp-block-heading\" id=\"h-3-verbs-and-tense\">3. Verb og tid<\/h3>\n\n\n\n<p>Afrikanske verb er relativt enkle \u00e5 l\u00e6re ettersom de ikke er b\u00f8yet basert p\u00e5 setningens emne. Dessuten har afrikaans f\u00e6rre tider enn mange andre spr\u00e5k. For \u00e5 gi deg en forsmak p\u00e5 afrikaans verb, la oss diskutere regelmessige verb i presens:<\/p>\n\n\n\n<p>&#8211; Ek leer (Jeg l\u00e6rer)<\/p>\n\n\n\n<p>&#8211; Jy\/u leer (du l\u00e6rer, uformell\/formell)<\/p>\n\n\n\n<p>&#8211; Hy\/sy\/dit leer (han\/hun\/det l\u00e6rer)<\/p>\n\n\n\n<p>&#8211; Ons\/julle leer (vi\/dere l\u00e6rer alle)<\/p>\n\n\n\n<p>&#8211; Hulle leer (de l\u00e6rer)<\/p>\n\n\n\n<p>Husk at dette bare er toppen av isfjellet! Etter hvert som du g\u00e5r videre i studiene, vil du m\u00f8te forskjellige andre tider og noen uregelmessige verb.<\/p>\n\n\n\n<h3 class=\"wp-block-heading\" id=\"h-4-pronouns-prepositions-and-more\">4. Pronomen, preposisjoner og mer!<\/h3>\n\n\n\n<p>Afrikaans grammatikk omfatter andre komponenter som pronomen (ek, jy, hy, sy, etc.), preposisjoner (in, op, met, etc.), og idiomatiske uttrykk. Etter hvert som du l\u00e6rer deg spr\u00e5ket, m\u00e5 du beherske hvert av disse elementene for \u00e5 kunne snakke spr\u00e5ket flytende.<\/p>\n\n\n\n<p>Avslutningsvis krever det \u00e5 mestre afrikaans grammatikk utholdenhet, \u00f8velse og t\u00e5lmodighet. Men n\u00e5r du f\u00f8rst har forst\u00e5tt spr\u00e5kets vanskeligheter, er du p\u00e5 god vei til \u00e5 kunne snakke med personer som har spr\u00e5ket som morsm\u00e5l, oppleve den rike kulturen og historien til den afrikaanstalende verdenen og f\u00e5 en dypere kj\u00e6rlighet til spr\u00e5ket. Sterkte (lykke til)!<\/p>\n<\/div><\/div>\n\r\n<section class=\"learnNavigationSection\">\r\n            \r\n        <a href=\"https:\/\/talkpal.ai\/no\/laer-afrikaans\/\">\r\n            <div class=\"learnNavigationWrapper\">\r\n                <div class=\"learnNavigationContent\">\r\n                    <img decoding=\"async\" src=\"https:\/\/talkpal.ai\/wp-content\/uploads\/2024\/08\/Afrikaans.jpg\" alt=\"South Africa Flag\">\r\n                    <div>\r\n                        <h4>Om Afrikaans Learning<\/h4>\r\n                        <p>Finn ut alt om afrikaans grammatikk.<\/p>\r\n                    <\/div>\r\n                <\/div>\r\n            <\/div>\r\n        <\/a>\r\n\r\n        \r\n        <a href=\"https:\/\/talkpal.ai\/no\/afrikaans-grammatikkovelser\/\">\r\n            <div class=\"learnNavigationWrapper\">\r\n                <div class=\"learnNavigationContent\">\r\n                    <img decoding=\"async\" src=\"https:\/\/talkpal.ai\/wp-content\/uploads\/2024\/08\/Afrikaans.jpg\" alt=\"South Africa Flag\">\r\n                    <div>\r\n                        <h4>\u00d8velse i afrikaans grammatikk<\/h4>\r\n                        <p>\u00d8v p\u00e5 afrikaans grammatikk.<\/p>\r\n                    <\/div>\r\n                <\/div>\r\n            <\/div>\r\n        <\/a>\r\n\r\n        \r\n        <a href=\"https:\/\/talkpal.ai\/vocabulary_language\/afrikaans\/\">\r\n            <div class=\"learnNavigationWrapper\">\r\n                <div class=\"learnNavigationContent\">\r\n                    <img decoding=\"async\" src=\"https:\/\/talkpal.ai\/wp-content\/uploads\/2024\/08\/Afrikaans.jpg\" alt=\"South Africa Flag\">\r\n                    <div>\r\n                        <h4>Ordforr\u00e5d p\u00e5 afrikaans<\/h4>\r\n                        <p>Utvid ordforr\u00e5det ditt p\u00e5 afrikaans.<\/p>\r\n                    <\/div>\r\n                <\/div>\r\n            <\/div>\r\n        <\/a>\r\n\r\n            <\/section>","protected":false},"excerpt":{"rendered":"<p>Mestring av afrikaans grammatikk: din ultimate guide Goeie dag , spr\u00e5kentusiaster! Er du klar til \u00e5 legge ut p\u00e5 en reise inn i den afrikanske grammatikkens verden? Du har kommet til rett sted. Fylt med lettfattelig informasjon og en samtaletone, vil denne artikkelen guide deg gjennom det fascinerende riket av afrikaans grammatikk. Snart vil du [&hellip;]<\/p>\n","protected":false},"author":1,"featured_media":108846,"parent":0,"menu_order":0,"comment_status":"closed","ping_status":"closed","template":"LearningContentPage.php","meta":{"_acf_changed":false,"footnotes":""},"class_list":["post-140803","page","type-page","status-publish","has-post-thumbnail","hentry"],"acf":[],"yoast_head":"<!-- This site is optimized with the Yoast SEO Premium plugin v27.2 (Yoast SEO v27.2) - https:\/\/yoast.com\/product\/yoast-seo-premium-wordpress\/ -->\n<title>Afrikaans grammatikk - Talkpal<\/title>\n<meta name=\"description\" content=\"Utforsk afrikaans grammatikk med v\u00e5r nybegynnervennlige guide. Behersk setningsoppbygging og f\u00e5 bedre samtaleferdigheter.\" \/>\n<meta name=\"robots\" content=\"index, follow, max-snippet:-1, max-image-preview:large, max-video-preview:-1\" \/>\n<link rel=\"canonical\" href=\"https:\/\/talkpal.ai\/no\/afrikaans-grammatikk\/\" \/>\n<meta property=\"og:locale\" content=\"nb_NO\" \/>\n<meta property=\"og:type\" content=\"article\" \/>\n<meta property=\"og:title\" content=\"Afrikaans grammatikk\" \/>\n<meta property=\"og:description\" content=\"Mestring av afrikaans grammatikk: din ultimate guide Goeie dag , spr\u00e5kentusiaster! Er du klar til \u00e5 legge ut p\u00e5 en reise inn i den afrikanske\" \/>\n<meta property=\"og:url\" content=\"https:\/\/talkpal.ai\/no\/afrikaans-grammatikk\/\" \/>\n<meta property=\"og:site_name\" content=\"Talkpal\" \/>\n<meta property=\"article:publisher\" content=\"https:\/\/www.facebook.com\/profile.php?id=100090733639311\" \/>\n<meta property=\"article:modified_time\" content=\"2025-05-22T19:04:14+00:00\" \/>\n<meta property=\"og:image\" content=\"https:\/\/talkpal.ai\/wp-content\/uploads\/2023\/05\/south-africa.png\" \/>\n\t<meta property=\"og:image:width\" content=\"512\" \/>\n\t<meta property=\"og:image:height\" content=\"512\" \/>\n\t<meta property=\"og:image:type\" content=\"image\/png\" \/>\n<meta name=\"twitter:card\" content=\"summary_large_image\" \/>\n<meta name=\"twitter:site\" content=\"@talkpalai\" \/>\n<meta name=\"twitter:label1\" content=\"Ansl. lesetid\" \/>\n\t<meta name=\"twitter:data1\" content=\"2 minutter\" \/>\n<script type=\"application\/ld+json\" class=\"yoast-schema-graph\">{\"@context\":\"https:\/\/schema.org\",\"@graph\":[{\"@type\":\"WebPage\",\"@id\":\"https:\/\/talkpal.ai\/no\/afrikaans-grammatikk\/\",\"url\":\"https:\/\/talkpal.ai\/no\/afrikaans-grammatikk\/\",\"name\":\"Afrikaans grammatikk - Talkpal\",\"isPartOf\":{\"@id\":\"https:\/\/talkpal.ai\/no\/#website\"},\"primaryImageOfPage\":{\"@id\":\"https:\/\/talkpal.ai\/no\/afrikaans-grammatikk\/#primaryimage\"},\"image\":{\"@id\":\"https:\/\/talkpal.ai\/no\/afrikaans-grammatikk\/#primaryimage\"},\"thumbnailUrl\":\"https:\/\/talkpal.ai\/wp-content\/uploads\/2023\/05\/south-africa.png\",\"datePublished\":\"2023-05-14T13:59:24+00:00\",\"dateModified\":\"2025-05-22T19:04:14+00:00\",\"description\":\"Utforsk afrikaans grammatikk med v\u00e5r nybegynnervennlige guide. Behersk setningsoppbygging og f\u00e5 bedre samtaleferdigheter.\",\"breadcrumb\":{\"@id\":\"https:\/\/talkpal.ai\/no\/afrikaans-grammatikk\/#breadcrumb\"},\"inLanguage\":\"nb-NO\",\"potentialAction\":[{\"@type\":\"ReadAction\",\"target\":[\"https:\/\/talkpal.ai\/no\/afrikaans-grammatikk\/\"]}]},{\"@type\":\"ImageObject\",\"inLanguage\":\"nb-NO\",\"@id\":\"https:\/\/talkpal.ai\/no\/afrikaans-grammatikk\/#primaryimage\",\"url\":\"https:\/\/talkpal.ai\/wp-content\/uploads\/2023\/05\/south-africa.png\",\"contentUrl\":\"https:\/\/talkpal.ai\/wp-content\/uploads\/2023\/05\/south-africa.png\",\"width\":512,\"height\":512},{\"@type\":\"BreadcrumbList\",\"@id\":\"https:\/\/talkpal.ai\/no\/afrikaans-grammatikk\/#breadcrumb\",\"itemListElement\":[{\"@type\":\"ListItem\",\"position\":1,\"name\":\"Homepage\",\"item\":\"https:\/\/talkpal.ai\/no\/\"},{\"@type\":\"ListItem\",\"position\":2,\"name\":\"Afrikaans grammatikk\"}]},{\"@type\":\"WebSite\",\"@id\":\"https:\/\/talkpal.ai\/no\/#website\",\"url\":\"https:\/\/talkpal.ai\/no\/\",\"name\":\"Talkpal\",\"description\":\"AI Language Learning\",\"publisher\":{\"@id\":\"https:\/\/talkpal.ai\/no\/#organization\"},\"alternateName\":\"Talkpal AI\",\"potentialAction\":[{\"@type\":\"SearchAction\",\"target\":{\"@type\":\"EntryPoint\",\"urlTemplate\":\"https:\/\/talkpal.ai\/no\/?s={search_term_string}\"},\"query-input\":{\"@type\":\"PropertyValueSpecification\",\"valueRequired\":true,\"valueName\":\"search_term_string\"}}],\"inLanguage\":\"nb-NO\"},{\"@type\":\"Organization\",\"@id\":\"https:\/\/talkpal.ai\/no\/#organization\",\"name\":\"Talkpal, Inc.\",\"alternateName\":\"Talkpal AI\",\"url\":\"https:\/\/talkpal.ai\/no\/\",\"logo\":{\"@type\":\"ImageObject\",\"inLanguage\":\"nb-NO\",\"@id\":\"https:\/\/talkpal.ai\/no\/#\/schema\/logo\/image\/\",\"url\":\"https:\/\/talkpal.ai\/wp-content\/uploads\/2024\/03\/Talkpal-Logo-Icon.png\",\"contentUrl\":\"https:\/\/talkpal.ai\/wp-content\/uploads\/2024\/03\/Talkpal-Logo-Icon.png\",\"width\":2880,\"height\":2880,\"caption\":\"Talkpal, Inc.\"},\"image\":{\"@id\":\"https:\/\/talkpal.ai\/no\/#\/schema\/logo\/image\/\"},\"sameAs\":[\"https:\/\/www.facebook.com\/profile.php?id=100090733639311\",\"https:\/\/x.com\/talkpalai\",\"https:\/\/www.linkedin.com\/company\/talkpal\/\",\"https:\/\/www.youtube.com\/@TalkPal\/\",\"https:\/\/www.tiktok.com\/@talkpal\",\"https:\/\/www.instagram.com\/talkpal_ai\/\",\"https:\/\/www.crunchbase.com\/organization\/talkpal-9cde\",\"https:\/\/www.g2.com\/products\/talkpal-for-business\/\",\"https:\/\/www.trustpilot.com\/review\/talkpal.ai\",\"https:\/\/www.capterra.com\/p\/10006800\/TalkPal\/\"],\"description\":\"Talkpal is a language learning web and mobile education app, powered by the latest AI technologies, that provides engaging experiences to its customers in many different languages to help them improve their language skills. Users can chat about unlimited amount of topics with the app and use other modes to practice their language learning.\",\"email\":\"support@talkpal.ai\",\"legalName\":\"Talkpal, Inc.\",\"foundingDate\":\"2023-04-03\",\"duns\":\"118989042\",\"numberOfEmployees\":{\"@type\":\"QuantitativeValue\",\"minValue\":\"11\",\"maxValue\":\"50\"},\"publishingPrinciples\":\"https:\/\/talkpal.ai\/publishing-principles\/\",\"actionableFeedbackPolicy\":\"https:\/\/talkpal.ai\/actionable-feedback-policy\/\",\"correctionsPolicy\":\"https:\/\/talkpal.ai\/corrections-policy\/\",\"ethicsPolicy\":\"https:\/\/talkpal.ai\/ethics-policy\/\",\"diversityPolicy\":\"https:\/\/talkpal.ai\/diversity-policy\/\",\"diversityStaffingReport\":\"https:\/\/talkpal.ai\/diversity-policy\/\"}]}<\/script>\n<!-- \/ Yoast SEO Premium plugin. -->","yoast_head_json":{"title":"Afrikaans grammatikk - Talkpal","description":"Utforsk afrikaans grammatikk med v\u00e5r nybegynnervennlige guide. Behersk setningsoppbygging og f\u00e5 bedre samtaleferdigheter.","robots":{"index":"index","follow":"follow","max-snippet":"max-snippet:-1","max-image-preview":"max-image-preview:large","max-video-preview":"max-video-preview:-1"},"canonical":"https:\/\/talkpal.ai\/no\/afrikaans-grammatikk\/","og_locale":"nb_NO","og_type":"article","og_title":"Afrikaans grammatikk","og_description":"Mestring av afrikaans grammatikk: din ultimate guide Goeie dag , spr\u00e5kentusiaster! Er du klar til \u00e5 legge ut p\u00e5 en reise inn i den afrikanske","og_url":"https:\/\/talkpal.ai\/no\/afrikaans-grammatikk\/","og_site_name":"Talkpal","article_publisher":"https:\/\/www.facebook.com\/profile.php?id=100090733639311","article_modified_time":"2025-05-22T19:04:14+00:00","og_image":[{"width":512,"height":512,"url":"https:\/\/talkpal.ai\/wp-content\/uploads\/2023\/05\/south-africa.png","type":"image\/png"}],"twitter_card":"summary_large_image","twitter_site":"@talkpalai","twitter_misc":{"Ansl. lesetid":"2 minutter"},"schema":{"@context":"https:\/\/schema.org","@graph":[{"@type":"WebPage","@id":"https:\/\/talkpal.ai\/no\/afrikaans-grammatikk\/","url":"https:\/\/talkpal.ai\/no\/afrikaans-grammatikk\/","name":"Afrikaans grammatikk - Talkpal","isPartOf":{"@id":"https:\/\/talkpal.ai\/no\/#website"},"primaryImageOfPage":{"@id":"https:\/\/talkpal.ai\/no\/afrikaans-grammatikk\/#primaryimage"},"image":{"@id":"https:\/\/talkpal.ai\/no\/afrikaans-grammatikk\/#primaryimage"},"thumbnailUrl":"https:\/\/talkpal.ai\/wp-content\/uploads\/2023\/05\/south-africa.png","datePublished":"2023-05-14T13:59:24+00:00","dateModified":"2025-05-22T19:04:14+00:00","description":"Utforsk afrikaans grammatikk med v\u00e5r nybegynnervennlige guide. Behersk setningsoppbygging og f\u00e5 bedre samtaleferdigheter.","breadcrumb":{"@id":"https:\/\/talkpal.ai\/no\/afrikaans-grammatikk\/#breadcrumb"},"inLanguage":"nb-NO","potentialAction":[{"@type":"ReadAction","target":["https:\/\/talkpal.ai\/no\/afrikaans-grammatikk\/"]}]},{"@type":"ImageObject","inLanguage":"nb-NO","@id":"https:\/\/talkpal.ai\/no\/afrikaans-grammatikk\/#primaryimage","url":"https:\/\/talkpal.ai\/wp-content\/uploads\/2023\/05\/south-africa.png","contentUrl":"https:\/\/talkpal.ai\/wp-content\/uploads\/2023\/05\/south-africa.png","width":512,"height":512},{"@type":"BreadcrumbList","@id":"https:\/\/talkpal.ai\/no\/afrikaans-grammatikk\/#breadcrumb","itemListElement":[{"@type":"ListItem","position":1,"name":"Homepage","item":"https:\/\/talkpal.ai\/no\/"},{"@type":"ListItem","position":2,"name":"Afrikaans grammatikk"}]},{"@type":"WebSite","@id":"https:\/\/talkpal.ai\/no\/#website","url":"https:\/\/talkpal.ai\/no\/","name":"Talkpal","description":"AI Language Learning","publisher":{"@id":"https:\/\/talkpal.ai\/no\/#organization"},"alternateName":"Talkpal AI","potentialAction":[{"@type":"SearchAction","target":{"@type":"EntryPoint","urlTemplate":"https:\/\/talkpal.ai\/no\/?s={search_term_string}"},"query-input":{"@type":"PropertyValueSpecification","valueRequired":true,"valueName":"search_term_string"}}],"inLanguage":"nb-NO"},{"@type":"Organization","@id":"https:\/\/talkpal.ai\/no\/#organization","name":"Talkpal, Inc.","alternateName":"Talkpal AI","url":"https:\/\/talkpal.ai\/no\/","logo":{"@type":"ImageObject","inLanguage":"nb-NO","@id":"https:\/\/talkpal.ai\/no\/#\/schema\/logo\/image\/","url":"https:\/\/talkpal.ai\/wp-content\/uploads\/2024\/03\/Talkpal-Logo-Icon.png","contentUrl":"https:\/\/talkpal.ai\/wp-content\/uploads\/2024\/03\/Talkpal-Logo-Icon.png","width":2880,"height":2880,"caption":"Talkpal, Inc."},"image":{"@id":"https:\/\/talkpal.ai\/no\/#\/schema\/logo\/image\/"},"sameAs":["https:\/\/www.facebook.com\/profile.php?id=100090733639311","https:\/\/x.com\/talkpalai","https:\/\/www.linkedin.com\/company\/talkpal\/","https:\/\/www.youtube.com\/@TalkPal\/","https:\/\/www.tiktok.com\/@talkpal","https:\/\/www.instagram.com\/talkpal_ai\/","https:\/\/www.crunchbase.com\/organization\/talkpal-9cde","https:\/\/www.g2.com\/products\/talkpal-for-business\/","https:\/\/www.trustpilot.com\/review\/talkpal.ai","https:\/\/www.capterra.com\/p\/10006800\/TalkPal\/"],"description":"Talkpal is a language learning web and mobile education app, powered by the latest AI technologies, that provides engaging experiences to its customers in many different languages to help them improve their language skills. Users can chat about unlimited amount of topics with the app and use other modes to practice their language learning.","email":"support@talkpal.ai","legalName":"Talkpal, Inc.","foundingDate":"2023-04-03","duns":"118989042","numberOfEmployees":{"@type":"QuantitativeValue","minValue":"11","maxValue":"50"},"publishingPrinciples":"https:\/\/talkpal.ai\/publishing-principles\/","actionableFeedbackPolicy":"https:\/\/talkpal.ai\/actionable-feedback-policy\/","correctionsPolicy":"https:\/\/talkpal.ai\/corrections-policy\/","ethicsPolicy":"https:\/\/talkpal.ai\/ethics-policy\/","diversityPolicy":"https:\/\/talkpal.ai\/diversity-policy\/","diversityStaffingReport":"https:\/\/talkpal.ai\/diversity-policy\/"}]}},"_links":{"self":[{"href":"https:\/\/talkpal.ai\/no\/wp-json\/wp\/v2\/pages\/140803","targetHints":{"allow":["GET"]}}],"collection":[{"href":"https:\/\/talkpal.ai\/no\/wp-json\/wp\/v2\/pages"}],"about":[{"href":"https:\/\/talkpal.ai\/no\/wp-json\/wp\/v2\/types\/page"}],"author":[{"embeddable":true,"href":"https:\/\/talkpal.ai\/no\/wp-json\/wp\/v2\/users\/1"}],"replies":[{"embeddable":true,"href":"https:\/\/talkpal.ai\/no\/wp-json\/wp\/v2\/comments?post=140803"}],"version-history":[{"count":0,"href":"https:\/\/talkpal.ai\/no\/wp-json\/wp\/v2\/pages\/140803\/revisions"}],"wp:featuredmedia":[{"embeddable":true,"href":"https:\/\/talkpal.ai\/no\/wp-json\/wp\/v2\/media\/108846"}],"wp:attachment":[{"href":"https:\/\/talkpal.ai\/no\/wp-json\/wp\/v2\/media?parent=140803"}],"curies":[{"name":"wp","href":"https:\/\/api.w.org\/{rel}","templated":true}]}}