{"id":140130,"date":"2023-05-14T13:53:48","date_gmt":"2023-05-14T13:53:48","guid":{"rendered":"http:\/\/talkpal.ai\/aserbajdsjansk-grammatikk\/"},"modified":"2025-05-22T08:23:57","modified_gmt":"2025-05-22T08:23:57","slug":"aserbajdsjansk-grammatikk","status":"publish","type":"page","link":"https:\/\/talkpal.ai\/no\/aserbajdsjansk-grammatikk\/","title":{"rendered":"Aserbajdsjansk grammatikk"},"content":{"rendered":"\r\n\r\n\r\n<section class=\"languageChallengeSection\">\r\n    <div class=\"languageInfoWrapper\">\r\n        \r\n        <h1>Aserbajdsjansk grammatikk<\/h1>\r\n        <p>Er du klar til \u00e5 oppdage det aserbajdsjanske spr\u00e5kets skj\u00f8nnhet? Dykk ned i <a href=\"https:\/\/talkpal.ai\/azerbaijani-grammar\/\">aserbajdsjansk grammatikk<\/a> og oppdag dens unike struktur, fra vokalharmoni til uttrykksfulle verbformer. Begynn \u00e5 l\u00e6re i dag, og opplev hvordan det \u00e5 <a href=\"https:\/\/talkpal.ai\/locations\/language-courses-in-mestre\/\">mestre<\/a> grammatikk virkelig \u00e5pner veien til en flytende samtale og en dypere forst\u00e5else av <a href=\"https:\/\/talkpal.ai\/learn-azerbaijani\/\">aserbajdsjansk<\/a> kultur!<\/p>\r\n\r\n                            <a class=\"getStartedHidden\" href=\"https:\/\/app.talkpal.ai\/no\/signup?lng=\">Kom i gang<\/a>\r\n        \r\n    <\/div>\r\n\r\n    <figure>\r\n    <img decoding=\"async\" width=\"768\" height=\"768\" src=\"https:\/\/talkpal.ai\/wp-content\/uploads\/2023\/06\/azerbaijani-768x768.png\" class=\"languageImage no-lazy\" alt=\"Language learning for enhanced cognitive skills\" fetchpriority=\"high\" sizes=\"(max-width: 768px) 150px, 768px\" srcset=\"https:\/\/talkpal.ai\/wp-content\/uploads\/2023\/06\/azerbaijani-768x768.png 768w, https:\/\/talkpal.ai\/wp-content\/uploads\/2023\/06\/azerbaijani-300x300.png 300w\" \/>\r\n    \r\n\r\n    <\/figure>\r\n\r\n            <a class=\"getStartedVisible\" href=\"https:\/\/app.talkpal.ai\/no\/signup?lng=\">Kom i gang<\/a>\r\n    \r\n<\/section>\r\n<section class=\"promotionalBanner\">\r\n    <p class=\"promotionalText\">Den mest effektive m\u00e5ten \u00e5 l\u00e6re et spr\u00e5k p\u00e5<\/p>\r\n    <a class=\"promotionalLink\" href=\"https:\/\/app.talkpal.ai\/no\/signup?lng=\">Pr\u00f8v Talkpal gratis<\/a>\r\n<\/section>\n<div class=\"wp-block-group pageContainerStyle\"><div class=\"wp-block-group__inner-container is-layout-constrained wp-block-group-is-layout-constrained\">\n<h2 class=\"wp-block-heading\" id=\"h-a-comprehensive-guide-to-azerbaijani-grammar\">En omfattende guide til aserbajdsjansk grammatikk<\/h2>\n\n\n\n<p>Har du noen gang tenkt p\u00e5 \u00e5 l\u00e6re aserbajdsjansk? Som det offisielle spr\u00e5ket i Aserbajdsjan og snakket av millioner av mennesker i Kaukasus-regionen, er aserbajdsjan et unikt og fascinerende spr\u00e5k. Med en rik historie, mangfoldig kultur og en blanding av p\u00e5virkninger fra tyrkiske, russiske og persiske spr\u00e5k, gir aserbajdsjan en unik spr\u00e5klig opplevelse. Men frykt ikke, min venn! I denne artikkelen vil vi avdekke underverkene til aserbajdsjansk grammatikk, noe som gj\u00f8r den tilgjengelig, og t\u00f8r jeg si, morsom for <a href=\"https:\/\/talkpal.ai\/talkpal-discount-for-language-enthusiasts\/\">spr\u00e5kentusiaster<\/a> som deg.<\/p>\n\n\n\n<p><strong>La oss begynne, skal vi?<\/strong><\/p>\n\n\n\n<h3 class=\"wp-block-heading\" id=\"h-1-the-azerbaijani-alphabet-a-fusion-of-beauty-and-simplicity\">1. Det aserbajdsjanske alfabetet: en fusjon av skj\u00f8nnhet og enkelhet<\/h3>\n\n\n\n<p>Det aserbajdsjanske alfabetet er basert p\u00e5 latinsk skrift, best\u00e5ende av 32 bokstaver. Du trenger ikke \u00e5 dechiffrere kryptiske tegn, for det ligner mye p\u00e5 det engelske alfabetet. Noen bokstaver har imidlertid unike aksenter og diakritiske tegn for \u00e5 representere spesifikke aserbajdsjanske lyder. Hva er det viktigste \u00e5 ta med seg? \u00c5 mestre alfabetet er det f\u00f8rste <a href=\"https:\/\/talkpal.ai\/locations\/language-courses-in-lille\/\">lille<\/a>, men viktige trinnet i \u00e5 l\u00e6re spr\u00e5ket.<\/p>\n\n\n\n<h3 class=\"wp-block-heading\" id=\"h-2-word-order-simple-as-s-o-v\">2. Ordrekkef\u00f8lge: Enkelt som SOV!<\/h3>\n\n\n\n<p>I motsetning til <a href=\"https:\/\/talkpal.ai\/learn-english-with-ai\/\">engelsk<\/a>, som f\u00f8lger en subjekt-verb-objekt (SVO) ordrekkef\u00f8lge, er aserbajdsjansk et SOV-spr\u00e5k. Det betyr at du vanligvis finner subjektet i begynnelsen av en setning, etterfulgt av objektet og slutter med verbet. Dette kan kanskje virke litt rart til \u00e5 begynne med, men tro meg, du vil f\u00e5 taket p\u00e5 det p\u00e5 kort tid! P\u00e5 engelsk sier vi for eksempel &laquo;I love Azerbaijan&raquo;. P\u00e5 aserbajdsjansk ville setningen v\u00e6rt &laquo;M\u0259n Az\u0259rbaycan\u0131 sevir\u0259m&raquo; (bokstavelig talt, &laquo;Jeg elsker Aserbajdsjan&raquo;). Kakestykke, ikke sant?<\/p>\n\n\n\n<h3 class=\"wp-block-heading\" id=\"h-3-noun-cases-a-colorful-display-of-linguistic-variety\">3. Navnstilfeller: En fargerik visning av spr\u00e5klig variasjon<\/h3>\n\n\n\n<p>En av de mest sl\u00e5ende egenskapene til aserbajdsjansk grammatikk er dens substantiv. Spr\u00e5ket har seks forskjellige tilfeller, som hver tjener en spesifikk funksjon. Disse er: nominativ, genitiv, dativ, akkusativ, lokativ og ablativ. N\u00e5 kan det h\u00f8res skremmende ut, men frykt ikke! Akkurat som \u00e5 male et bilde med forskjellige farger, gir disse tilfellene dybde og mening til setningene dine. For eksempel kan &laquo;kitab&raquo; (bok) forvandles til &laquo;kitab\u0131n&raquo; (av boken) for \u00e5 formidle besittelse. Etter hvert som du blir kjent med disse tilfellene, vil du begynne \u00e5 forst\u00e5 hvilken betydning de har i spr\u00e5ket.<\/p>\n\n\n\n<h3 class=\"wp-block-heading\" id=\"h-4-verb-conjugation-express-yourself-with-ease\">4. Verb B\u00f8ying: Uttrykk deg selv med letthet<\/h3>\n\n\n\n<p>Aserbajdsjanske verb er rike og uttrykksfulle, slik at du kan formidle et bredt spekter av handlinger, f\u00f8lelser, intensjoner og mer. N\u00f8kkelen til \u00e5 mestre aserbajdsjansk verb\u00f8yning ligger i \u00e5 forst\u00e5 infinitivformen (den grunnleggende, ukonjugerte formen av verbet) og forskjellige suffikser som indikerer tid, person og tall. For eksempel kan infinitiven &laquo;g\u00f6rm\u0259k&raquo; (\u00e5 se) bli til &laquo;g\u00f6r\u00fcr\u0259m&raquo; (jeg ser) eller &laquo;g\u00f6rd\u00fcm&raquo; (jeg s\u00e5) ved hjelp av b\u00f8yningens magi. \u00d8velse gj\u00f8r mester, s\u00e5 fortsett \u00e5 \u00f8ve, s\u00e5 blir du et geni til \u00e5 b\u00f8ye verb p\u00e5 kort tid!<\/p>\n\n\n\n<h3 class=\"wp-block-heading\" id=\"h-5-it-s-all-about-the-context-dig-deep-into-the-azerbaijani-mindset\">5. Alt handler om konteksten: Grav dypt i det aserbajdsjanske tankesettet!<\/h3>\n\n\n\n<p>N\u00e5r du begynner \u00e5 sette sammen setninger og fordype deg i det aserbajdsjanske spr\u00e5ket, m\u00e5 du alltid huske p\u00e5 at konteksten er avgj\u00f8rende. Den aserbajdsjanske kulturen, historien og verdensbildet spiller en stor rolle i utformingen av spr\u00e5ket. Derfor, som de sier, &laquo;n\u00e5r du er i Roma, gj\u00f8r som romerne gj\u00f8r&raquo;. Dykk inn i den aserbajdsjanske tankegangen for \u00e5 f\u00e5 en ekte f\u00f8lelse av spr\u00e5ket. Engasjer med morsm\u00e5l, utforsk lokal litteratur og omfavn spr\u00e5kets s\u00e6regenheter. Stol p\u00e5 meg, du vil ikke bare forbedre spr\u00e5kkunnskapene dine, men ogs\u00e5 f\u00e5 uforglemmelige opplevelser og minner.<\/p>\n\n\n\n<p>Aserbajdsjansk grammatikk kan virke utfordrende til \u00e5 begynne med, men med engasjement, \u00f8velse og en sterk interesse for kulturen, vil du bli en proff p\u00e5 kort tid! S\u00e5 hvorfor vente? Ta steget og begi deg ut p\u00e5 dette spennende spr\u00e5klige eventyret som vil etterlate deg i \u00e6refrykt for skj\u00f8nnheten og dybden til det aserbajdsjanske spr\u00e5ket.<\/p>\n<\/div><\/div>\n\r\n<section class=\"learnNavigationSection\">\r\n            \r\n        <a href=\"https:\/\/talkpal.ai\/no\/laer-aserbajdsjansk\/\">\r\n            <div class=\"learnNavigationWrapper\">\r\n                <div class=\"learnNavigationContent\">\r\n                    <img decoding=\"async\" src=\"https:\/\/talkpal.ai\/wp-content\/uploads\/2024\/08\/Azerbaijani.jpg\" alt=\"Azerbaijani Flag\">\r\n                    <div>\r\n                        <h4>Om aserbajdsjansk l\u00e6ring<\/h4>\r\n                        <p>Finn ut alt om aserbajdsjansk grammatikk.<\/p>\r\n                    <\/div>\r\n                <\/div>\r\n            <\/div>\r\n        <\/a>\r\n\r\n        \r\n        <a href=\"https:\/\/talkpal.ai\/no\/aserbajdsjanske-grammatikkovelser\/\">\r\n            <div class=\"learnNavigationWrapper\">\r\n                <div class=\"learnNavigationContent\">\r\n                    <img decoding=\"async\" src=\"https:\/\/talkpal.ai\/wp-content\/uploads\/2024\/08\/Azerbaijani.jpg\" alt=\"Azerbaijani Flag\">\r\n                    <div>\r\n                        <h4>Aserbajdsjansk grammatikk\u00f8velse<\/h4>\r\n                        <p>\u00d8v p\u00e5 aserbajdsjansk grammatikk.<\/p>\r\n                    <\/div>\r\n                <\/div>\r\n            <\/div>\r\n        <\/a>\r\n\r\n        \r\n        <a href=\"https:\/\/talkpal.ai\/vocabulary_language\/azerbaijani\/\">\r\n            <div class=\"learnNavigationWrapper\">\r\n                <div class=\"learnNavigationContent\">\r\n                    <img decoding=\"async\" src=\"https:\/\/talkpal.ai\/wp-content\/uploads\/2024\/08\/Azerbaijani.jpg\" alt=\"Azerbaijani Flag\">\r\n                    <div>\r\n                        <h4>Aserbajdsjansk ordforr\u00e5d<\/h4>\r\n                        <p>Utvid ordforr\u00e5det ditt p\u00e5 aserbajdsjansk.<\/p>\r\n                    <\/div>\r\n                <\/div>\r\n            <\/div>\r\n        <\/a>\r\n\r\n            <\/section>","protected":false},"excerpt":{"rendered":"<p>En omfattende guide til aserbajdsjansk grammatikk Har du noen gang tenkt p\u00e5 \u00e5 l\u00e6re aserbajdsjansk? Som det offisielle spr\u00e5ket i Aserbajdsjan og snakket av millioner av mennesker i Kaukasus-regionen, er aserbajdsjan et unikt og fascinerende spr\u00e5k. Med en rik historie, mangfoldig kultur og en blanding av p\u00e5virkninger fra tyrkiske, russiske og persiske spr\u00e5k, gir aserbajdsjan [&hellip;]<\/p>\n","protected":false},"author":1,"featured_media":109590,"parent":0,"menu_order":0,"comment_status":"closed","ping_status":"closed","template":"LearningContentPage.php","meta":{"_acf_changed":false,"footnotes":""},"class_list":["post-140130","page","type-page","status-publish","has-post-thumbnail","hentry"],"acf":[],"yoast_head":"<!-- This site is optimized with the Yoast SEO Premium plugin v27.2 (Yoast SEO v27.2) - https:\/\/yoast.com\/product\/yoast-seo-premium-wordpress\/ -->\n<title>Aserbajdsjansk grammatikk - Talkpal<\/title>\n<meta name=\"description\" content=\"Mestre aserbajdsjansk grammatikk uten problemer med Talkpaldin AI-drevne veileder. Oppdag enkle forklaringer, interaktive \u00f8velser og praktiske tips\" \/>\n<meta name=\"robots\" content=\"index, follow, max-snippet:-1, max-image-preview:large, max-video-preview:-1\" \/>\n<link rel=\"canonical\" href=\"https:\/\/talkpal.ai\/no\/aserbajdsjansk-grammatikk\/\" \/>\n<meta property=\"og:locale\" content=\"nb_NO\" \/>\n<meta property=\"og:type\" content=\"article\" \/>\n<meta property=\"og:title\" content=\"Aserbajdsjansk grammatikk\" \/>\n<meta property=\"og:description\" content=\"En omfattende guide til aserbajdsjansk grammatikk Har du noen gang tenkt p\u00e5 \u00e5 l\u00e6re aserbajdsjansk? Som det offisielle spr\u00e5ket i Aserbajdsjan og snakket av\" \/>\n<meta property=\"og:url\" content=\"https:\/\/talkpal.ai\/no\/aserbajdsjansk-grammatikk\/\" \/>\n<meta property=\"og:site_name\" content=\"Talkpal\" \/>\n<meta property=\"article:publisher\" content=\"https:\/\/www.facebook.com\/profile.php?id=100090733639311\" \/>\n<meta property=\"article:modified_time\" content=\"2025-05-22T08:23:57+00:00\" \/>\n<meta property=\"og:image\" content=\"https:\/\/talkpal.ai\/wp-content\/uploads\/2023\/05\/azerbaijan.png\" \/>\n\t<meta property=\"og:image:width\" content=\"512\" \/>\n\t<meta property=\"og:image:height\" content=\"512\" \/>\n\t<meta property=\"og:image:type\" content=\"image\/png\" \/>\n<meta name=\"twitter:card\" content=\"summary_large_image\" \/>\n<meta name=\"twitter:site\" content=\"@talkpalai\" \/>\n<meta name=\"twitter:label1\" content=\"Ansl. lesetid\" \/>\n\t<meta name=\"twitter:data1\" content=\"3 minutter\" \/>\n<script type=\"application\/ld+json\" class=\"yoast-schema-graph\">{\"@context\":\"https:\/\/schema.org\",\"@graph\":[{\"@type\":\"WebPage\",\"@id\":\"https:\/\/talkpal.ai\/no\/aserbajdsjansk-grammatikk\/\",\"url\":\"https:\/\/talkpal.ai\/no\/aserbajdsjansk-grammatikk\/\",\"name\":\"Aserbajdsjansk grammatikk - Talkpal\",\"isPartOf\":{\"@id\":\"https:\/\/talkpal.ai\/no\/#website\"},\"primaryImageOfPage\":{\"@id\":\"https:\/\/talkpal.ai\/no\/aserbajdsjansk-grammatikk\/#primaryimage\"},\"image\":{\"@id\":\"https:\/\/talkpal.ai\/no\/aserbajdsjansk-grammatikk\/#primaryimage\"},\"thumbnailUrl\":\"https:\/\/talkpal.ai\/wp-content\/uploads\/2023\/05\/azerbaijan.png\",\"datePublished\":\"2023-05-14T13:53:48+00:00\",\"dateModified\":\"2025-05-22T08:23:57+00:00\",\"description\":\"Mestre aserbajdsjansk grammatikk uten problemer med Talkpaldin AI-drevne veileder. Oppdag enkle forklaringer, interaktive \u00f8velser og praktiske tips\",\"breadcrumb\":{\"@id\":\"https:\/\/talkpal.ai\/no\/aserbajdsjansk-grammatikk\/#breadcrumb\"},\"inLanguage\":\"nb-NO\",\"potentialAction\":[{\"@type\":\"ReadAction\",\"target\":[\"https:\/\/talkpal.ai\/no\/aserbajdsjansk-grammatikk\/\"]}]},{\"@type\":\"ImageObject\",\"inLanguage\":\"nb-NO\",\"@id\":\"https:\/\/talkpal.ai\/no\/aserbajdsjansk-grammatikk\/#primaryimage\",\"url\":\"https:\/\/talkpal.ai\/wp-content\/uploads\/2023\/05\/azerbaijan.png\",\"contentUrl\":\"https:\/\/talkpal.ai\/wp-content\/uploads\/2023\/05\/azerbaijan.png\",\"width\":512,\"height\":512},{\"@type\":\"BreadcrumbList\",\"@id\":\"https:\/\/talkpal.ai\/no\/aserbajdsjansk-grammatikk\/#breadcrumb\",\"itemListElement\":[{\"@type\":\"ListItem\",\"position\":1,\"name\":\"Homepage\",\"item\":\"https:\/\/talkpal.ai\/no\/\"},{\"@type\":\"ListItem\",\"position\":2,\"name\":\"Aserbajdsjansk grammatikk\"}]},{\"@type\":\"WebSite\",\"@id\":\"https:\/\/talkpal.ai\/no\/#website\",\"url\":\"https:\/\/talkpal.ai\/no\/\",\"name\":\"Talkpal\",\"description\":\"AI Language Learning\",\"publisher\":{\"@id\":\"https:\/\/talkpal.ai\/no\/#organization\"},\"alternateName\":\"Talkpal AI\",\"potentialAction\":[{\"@type\":\"SearchAction\",\"target\":{\"@type\":\"EntryPoint\",\"urlTemplate\":\"https:\/\/talkpal.ai\/no\/?s={search_term_string}\"},\"query-input\":{\"@type\":\"PropertyValueSpecification\",\"valueRequired\":true,\"valueName\":\"search_term_string\"}}],\"inLanguage\":\"nb-NO\"},{\"@type\":\"Organization\",\"@id\":\"https:\/\/talkpal.ai\/no\/#organization\",\"name\":\"Talkpal, Inc.\",\"alternateName\":\"Talkpal AI\",\"url\":\"https:\/\/talkpal.ai\/no\/\",\"logo\":{\"@type\":\"ImageObject\",\"inLanguage\":\"nb-NO\",\"@id\":\"https:\/\/talkpal.ai\/no\/#\/schema\/logo\/image\/\",\"url\":\"https:\/\/talkpal.ai\/wp-content\/uploads\/2024\/03\/Talkpal-Logo-Icon.png\",\"contentUrl\":\"https:\/\/talkpal.ai\/wp-content\/uploads\/2024\/03\/Talkpal-Logo-Icon.png\",\"width\":2880,\"height\":2880,\"caption\":\"Talkpal, Inc.\"},\"image\":{\"@id\":\"https:\/\/talkpal.ai\/no\/#\/schema\/logo\/image\/\"},\"sameAs\":[\"https:\/\/www.facebook.com\/profile.php?id=100090733639311\",\"https:\/\/x.com\/talkpalai\",\"https:\/\/www.linkedin.com\/company\/talkpal\/\",\"https:\/\/www.youtube.com\/@TalkPal\/\",\"https:\/\/www.tiktok.com\/@talkpal\",\"https:\/\/www.instagram.com\/talkpal_ai\/\",\"https:\/\/www.crunchbase.com\/organization\/talkpal-9cde\",\"https:\/\/www.g2.com\/products\/talkpal-for-business\/\",\"https:\/\/www.trustpilot.com\/review\/talkpal.ai\",\"https:\/\/www.capterra.com\/p\/10006800\/TalkPal\/\"],\"description\":\"Talkpal is a language learning web and mobile education app, powered by the latest AI technologies, that provides engaging experiences to its customers in many different languages to help them improve their language skills. Users can chat about unlimited amount of topics with the app and use other modes to practice their language learning.\",\"email\":\"support@talkpal.ai\",\"legalName\":\"Talkpal, Inc.\",\"foundingDate\":\"2023-04-03\",\"duns\":\"118989042\",\"numberOfEmployees\":{\"@type\":\"QuantitativeValue\",\"minValue\":\"11\",\"maxValue\":\"50\"},\"publishingPrinciples\":\"https:\/\/talkpal.ai\/publishing-principles\/\",\"actionableFeedbackPolicy\":\"https:\/\/talkpal.ai\/actionable-feedback-policy\/\",\"correctionsPolicy\":\"https:\/\/talkpal.ai\/corrections-policy\/\",\"ethicsPolicy\":\"https:\/\/talkpal.ai\/ethics-policy\/\",\"diversityPolicy\":\"https:\/\/talkpal.ai\/diversity-policy\/\",\"diversityStaffingReport\":\"https:\/\/talkpal.ai\/diversity-policy\/\"}]}<\/script>\n<!-- \/ Yoast SEO Premium plugin. -->","yoast_head_json":{"title":"Aserbajdsjansk grammatikk - Talkpal","description":"Mestre aserbajdsjansk grammatikk uten problemer med Talkpaldin AI-drevne veileder. Oppdag enkle forklaringer, interaktive \u00f8velser og praktiske tips","robots":{"index":"index","follow":"follow","max-snippet":"max-snippet:-1","max-image-preview":"max-image-preview:large","max-video-preview":"max-video-preview:-1"},"canonical":"https:\/\/talkpal.ai\/no\/aserbajdsjansk-grammatikk\/","og_locale":"nb_NO","og_type":"article","og_title":"Aserbajdsjansk grammatikk","og_description":"En omfattende guide til aserbajdsjansk grammatikk Har du noen gang tenkt p\u00e5 \u00e5 l\u00e6re aserbajdsjansk? Som det offisielle spr\u00e5ket i Aserbajdsjan og snakket av","og_url":"https:\/\/talkpal.ai\/no\/aserbajdsjansk-grammatikk\/","og_site_name":"Talkpal","article_publisher":"https:\/\/www.facebook.com\/profile.php?id=100090733639311","article_modified_time":"2025-05-22T08:23:57+00:00","og_image":[{"width":512,"height":512,"url":"https:\/\/talkpal.ai\/wp-content\/uploads\/2023\/05\/azerbaijan.png","type":"image\/png"}],"twitter_card":"summary_large_image","twitter_site":"@talkpalai","twitter_misc":{"Ansl. lesetid":"3 minutter"},"schema":{"@context":"https:\/\/schema.org","@graph":[{"@type":"WebPage","@id":"https:\/\/talkpal.ai\/no\/aserbajdsjansk-grammatikk\/","url":"https:\/\/talkpal.ai\/no\/aserbajdsjansk-grammatikk\/","name":"Aserbajdsjansk grammatikk - Talkpal","isPartOf":{"@id":"https:\/\/talkpal.ai\/no\/#website"},"primaryImageOfPage":{"@id":"https:\/\/talkpal.ai\/no\/aserbajdsjansk-grammatikk\/#primaryimage"},"image":{"@id":"https:\/\/talkpal.ai\/no\/aserbajdsjansk-grammatikk\/#primaryimage"},"thumbnailUrl":"https:\/\/talkpal.ai\/wp-content\/uploads\/2023\/05\/azerbaijan.png","datePublished":"2023-05-14T13:53:48+00:00","dateModified":"2025-05-22T08:23:57+00:00","description":"Mestre aserbajdsjansk grammatikk uten problemer med Talkpaldin AI-drevne veileder. Oppdag enkle forklaringer, interaktive \u00f8velser og praktiske tips","breadcrumb":{"@id":"https:\/\/talkpal.ai\/no\/aserbajdsjansk-grammatikk\/#breadcrumb"},"inLanguage":"nb-NO","potentialAction":[{"@type":"ReadAction","target":["https:\/\/talkpal.ai\/no\/aserbajdsjansk-grammatikk\/"]}]},{"@type":"ImageObject","inLanguage":"nb-NO","@id":"https:\/\/talkpal.ai\/no\/aserbajdsjansk-grammatikk\/#primaryimage","url":"https:\/\/talkpal.ai\/wp-content\/uploads\/2023\/05\/azerbaijan.png","contentUrl":"https:\/\/talkpal.ai\/wp-content\/uploads\/2023\/05\/azerbaijan.png","width":512,"height":512},{"@type":"BreadcrumbList","@id":"https:\/\/talkpal.ai\/no\/aserbajdsjansk-grammatikk\/#breadcrumb","itemListElement":[{"@type":"ListItem","position":1,"name":"Homepage","item":"https:\/\/talkpal.ai\/no\/"},{"@type":"ListItem","position":2,"name":"Aserbajdsjansk grammatikk"}]},{"@type":"WebSite","@id":"https:\/\/talkpal.ai\/no\/#website","url":"https:\/\/talkpal.ai\/no\/","name":"Talkpal","description":"AI Language Learning","publisher":{"@id":"https:\/\/talkpal.ai\/no\/#organization"},"alternateName":"Talkpal AI","potentialAction":[{"@type":"SearchAction","target":{"@type":"EntryPoint","urlTemplate":"https:\/\/talkpal.ai\/no\/?s={search_term_string}"},"query-input":{"@type":"PropertyValueSpecification","valueRequired":true,"valueName":"search_term_string"}}],"inLanguage":"nb-NO"},{"@type":"Organization","@id":"https:\/\/talkpal.ai\/no\/#organization","name":"Talkpal, Inc.","alternateName":"Talkpal AI","url":"https:\/\/talkpal.ai\/no\/","logo":{"@type":"ImageObject","inLanguage":"nb-NO","@id":"https:\/\/talkpal.ai\/no\/#\/schema\/logo\/image\/","url":"https:\/\/talkpal.ai\/wp-content\/uploads\/2024\/03\/Talkpal-Logo-Icon.png","contentUrl":"https:\/\/talkpal.ai\/wp-content\/uploads\/2024\/03\/Talkpal-Logo-Icon.png","width":2880,"height":2880,"caption":"Talkpal, Inc."},"image":{"@id":"https:\/\/talkpal.ai\/no\/#\/schema\/logo\/image\/"},"sameAs":["https:\/\/www.facebook.com\/profile.php?id=100090733639311","https:\/\/x.com\/talkpalai","https:\/\/www.linkedin.com\/company\/talkpal\/","https:\/\/www.youtube.com\/@TalkPal\/","https:\/\/www.tiktok.com\/@talkpal","https:\/\/www.instagram.com\/talkpal_ai\/","https:\/\/www.crunchbase.com\/organization\/talkpal-9cde","https:\/\/www.g2.com\/products\/talkpal-for-business\/","https:\/\/www.trustpilot.com\/review\/talkpal.ai","https:\/\/www.capterra.com\/p\/10006800\/TalkPal\/"],"description":"Talkpal is a language learning web and mobile education app, powered by the latest AI technologies, that provides engaging experiences to its customers in many different languages to help them improve their language skills. Users can chat about unlimited amount of topics with the app and use other modes to practice their language learning.","email":"support@talkpal.ai","legalName":"Talkpal, Inc.","foundingDate":"2023-04-03","duns":"118989042","numberOfEmployees":{"@type":"QuantitativeValue","minValue":"11","maxValue":"50"},"publishingPrinciples":"https:\/\/talkpal.ai\/publishing-principles\/","actionableFeedbackPolicy":"https:\/\/talkpal.ai\/actionable-feedback-policy\/","correctionsPolicy":"https:\/\/talkpal.ai\/corrections-policy\/","ethicsPolicy":"https:\/\/talkpal.ai\/ethics-policy\/","diversityPolicy":"https:\/\/talkpal.ai\/diversity-policy\/","diversityStaffingReport":"https:\/\/talkpal.ai\/diversity-policy\/"}]}},"_links":{"self":[{"href":"https:\/\/talkpal.ai\/no\/wp-json\/wp\/v2\/pages\/140130","targetHints":{"allow":["GET"]}}],"collection":[{"href":"https:\/\/talkpal.ai\/no\/wp-json\/wp\/v2\/pages"}],"about":[{"href":"https:\/\/talkpal.ai\/no\/wp-json\/wp\/v2\/types\/page"}],"author":[{"embeddable":true,"href":"https:\/\/talkpal.ai\/no\/wp-json\/wp\/v2\/users\/1"}],"replies":[{"embeddable":true,"href":"https:\/\/talkpal.ai\/no\/wp-json\/wp\/v2\/comments?post=140130"}],"version-history":[{"count":0,"href":"https:\/\/talkpal.ai\/no\/wp-json\/wp\/v2\/pages\/140130\/revisions"}],"wp:featuredmedia":[{"embeddable":true,"href":"https:\/\/talkpal.ai\/no\/wp-json\/wp\/v2\/media\/109590"}],"wp:attachment":[{"href":"https:\/\/talkpal.ai\/no\/wp-json\/wp\/v2\/media?parent=140130"}],"curies":[{"name":"wp","href":"https:\/\/api.w.org\/{rel}","templated":true}]}}