{"id":139824,"date":"2023-05-14T13:52:49","date_gmt":"2023-05-14T13:52:49","guid":{"rendered":"http:\/\/talkpal.ai\/russisk-grammatikk\/"},"modified":"2025-12-13T15:16:01","modified_gmt":"2025-12-13T15:16:01","slug":"russisk-grammatikk","status":"publish","type":"page","link":"https:\/\/talkpal.ai\/no\/russisk-grammatikk\/","title":{"rendered":"Russisk grammatikk"},"content":{"rendered":"\r\n\r\n\r\n<section class=\"languageChallengeSection\">\r\n    <div class=\"languageInfoWrapper\">\r\n        \r\n        <h1>Russisk grammatikk<\/h1>\r\n        <p>Begynn ditt eventyr i det russiske spr\u00e5ket og \u00e5pne d\u00f8rene til en rik kultur og historie. \u00c5 beherske <a href=\"https:\/\/talkpal.ai\/no\/laer-russisk\/\">russisk grammatikk<\/a> og ordforr\u00e5d vil forbedre dine reise-, karriere- og kommunikasjonsmuligheter. Begynn \u00e5 l\u00e6re <a href=\"https:\/\/talkpal.ai\/learn-russian\/\">russisk<\/a> i dag og ta det f\u00f8rste skrittet mot flytende russisk!\n\n<\/p>\r\n\r\n                            <a class=\"getStartedHidden\" href=\"https:\/\/app.talkpal.ai\/no\/signup?lng=\">Kom i gang<\/a>\r\n        \r\n    <\/div>\r\n\r\n    <figure>\r\n    <img decoding=\"async\" width=\"768\" height=\"768\" src=\"https:\/\/talkpal.ai\/wp-content\/uploads\/2023\/06\/russian-768x768.png\" class=\"languageImage no-lazy\" alt=\"Language learning for multicultural understanding\" fetchpriority=\"high\" sizes=\"(max-width: 768px) 150px, 768px\" srcset=\"https:\/\/talkpal.ai\/wp-content\/uploads\/2023\/06\/russian-768x768.png 768w, https:\/\/talkpal.ai\/wp-content\/uploads\/2023\/06\/russian-300x300.png 300w\" \/>\r\n    \r\n\r\n    <\/figure>\r\n\r\n            <a class=\"getStartedVisible\" href=\"https:\/\/app.talkpal.ai\/no\/signup?lng=\">Kom i gang<\/a>\r\n    \r\n<\/section>\r\n<section class=\"promotionalBanner\">\r\n    <p class=\"promotionalText\">Den mest effektive m\u00e5ten \u00e5 l\u00e6re et spr\u00e5k p\u00e5<\/p>\r\n    <a class=\"promotionalLink\" href=\"https:\/\/app.talkpal.ai\/no\/signup?lng=\">Pr\u00f8v Talkpal gratis<\/a>\r\n<\/section>\n<div class=\"wp-block-group pageContainerStyle\"><div class=\"wp-block-group__inner-container is-layout-constrained wp-block-group-is-layout-constrained\">\n<h1 class=\"wp-block-heading\" id=\"h-russian-grammar-unlock-the-secrets-to-mastering-russian\">Russisk grammatikk: L\u00e5s opp hemmelighetene for \u00e5 mestre russisk<\/h1>\n\n\n\n<p>Gratulerer med \u00e5 ta det dristige skrittet mot \u00e5 l\u00e6re russisk! Med mer enn 258 millioner h\u00f8yttalere over hele verden, er russisk et fascinerende og givende spr\u00e5k som gir innsikt i en rik kultur og historie. N\u00e5r det kommer til <a href=\"https:\/\/talkpal.ai\/no\/laer-russisk\/\">russisk grammatikk<\/a>, kan det virke skremmende, men frykt ikke! Denne vennlige nybegynnerveiledningen tar for seg det viktigste i russisk <a href=\"https:\/\/talkpal.ai\/grammar\/\">grammatikk<\/a> p\u00e5 en enkel og engasjerende m\u00e5te.<\/p>\n\n\n\n<h3 class=\"wp-block-heading\" id=\"h-1-the-russian-alphabet-your-starting-point\">1. Det russiske alfabetet: Ditt utgangspunkt<\/h3>\n\n\n\n<p>N\u00f8kkelen til \u00e5 navigere russisk grammatikk er \u00e5 <a href=\"https:\/\/talkpal.ai\/locations\/language-courses-in-mestre\/\">mestre<\/a> det kyrilliske alfabetet. Med 33 bokstaver, 10 vokaler og 21 konsonanter danner den grunnlaget for lesing, skriving og forst\u00e5else av spr\u00e5ket. \u00c5 gj\u00f8re deg kjent med alfabetet vil skape en solid base for \u00e5 bygge dine russiske grammatikkferdigheter p\u00e5.<\/p>\n\n\n\n<h3 class=\"wp-block-heading\" id=\"h-2-nouns-and-cases-the-core-of-russian-grammar\">2. Substantiv og kasus: Kjernen i russisk grammatikk<\/h3>\n\n\n\n<p>Russisk grammatikk legger vekt p\u00e5 bruk av kasus for \u00e5 formidle mening og kontekst. Med seks kasus \u2013 nominativ, genitiv, dativ, akkusativ, instrumental og preposisjonell \u2013 endrer russiske substantiver endelsene for \u00e5 vise funksjonen i en setning. Derfor blir ordrekkef\u00f8lgen mindre kritisk enn p\u00e5 <a href=\"https:\/\/talkpal.ai\/learn-english-with-ai\/\">engelsk<\/a>. For eksempel:<\/p>\n\n\n\n<p>Norsk: Jeg gir en bok til en venn.<\/p>\n\n\n\n<p>Russisk: \u042f \u0434\u0430\u044e \u0434\u0440\u0443\u0433\u0443 \u043a\u043d\u0438\u0433\u0443 (Ya dayu drugu knigu)<\/p>\n\n\n\n<p>Her st\u00e5r &laquo;\u0434\u0440\u0443\u0433\u0443&raquo; (til en venn) og &laquo;\u043a\u043d\u0438\u0433\u0443&raquo; (bok) i henholdsvis dativ og akkusativ.<\/p>\n\n\n\n<h3 class=\"wp-block-heading\" id=\"h-3-mastering-gender-and-plurals\">3. Mestring av kj\u00f8nn og flertall<\/h3>\n\n\n\n<p>I russisk grammatikk blir substantivene tildelt ett av tre kj\u00f8nn: hankj\u00f8nn, feminint eller intetkj\u00f8nn. Slutten p\u00e5 et substantiv indikerer vanligvis kj\u00f8nnet:<\/p>\n\n\n\n<p>&#8211; Maskulinum: ender p\u00e5 en konsonant eller &laquo;-\u0439&raquo;<\/p>\n\n\n\n<p>&#8211; Femininum: ender p\u00e5 &laquo;-\u0430&raquo; eller &laquo;-\u044f&raquo;<\/p>\n\n\n\n<p>&#8211; Intetkj\u00f8nn: ender p\u00e5 &laquo;-\u043e&raquo; eller &laquo;-\u0435&raquo;<\/p>\n\n\n\n<p>For \u00e5 danne flertall endres endelsene til substantivene basert p\u00e5 kj\u00f8nn og kasus de er i.<\/p>\n\n\n\n<h3 class=\"wp-block-heading\" id=\"h-4-conquer-verb-conjugation\">4. Conquer Verb Conjugation<\/h3>\n\n\n\n<p>Som mange spr\u00e5k, endrer russiske verb form (b\u00f8yning) basert p\u00e5 tid, person og tall. Russiske verb kommer ogs\u00e5 i to aspekter: perfektiv og imperfektiv. Det perfektive aspektet signaliserer en fullf\u00f8rt handling, mens det imperfektive aspektet refererer til p\u00e5g\u00e5ende eller vanemessige handlinger.<\/p>\n\n\n\n<p>For \u00e5 begynne, fokusere p\u00e5 \u00e5 forst\u00e5 presens b\u00f8ying for imperfektive verb og preteritum for begge aspekter. For eksempel:<\/p>\n\n\n\n<p>N\u00e5tid (imperfektiv): \u042f \u0447\u0438\u0442\u0430\u044e (Ya chitayu) &#8211; &laquo;Jeg leser&raquo; eller &laquo;Jeg leser&raquo;<\/p>\n\n\n\n<p>Fortidsform (imperfektiv): \u042f \u0447\u0438\u0442\u0430\u043b (Ya chital) &#8211; &laquo;Jeg leste&raquo;<\/p>\n\n\n\n<p>Fortidsform (perfektiv): \u042f \u043f\u0440\u043e\u0447\u0438\u0442\u0430\u043b (Ya prochital) &#8211; &laquo;Jeg har lest&raquo; eller &laquo;Jeg leste (og ble ferdig)&raquo;<\/p>\n\n\n\n<h3 class=\"wp-block-heading\" id=\"h-5-embrace-russian-pronouns\">5. Omfavn russiske pronomen<\/h3>\n\n\n\n<p>Pronomen i russisk grammatikk erstatter substantiver og er avgj\u00f8rende for flytende tale. Dykk inn i \u00e5 l\u00e6re personlige og besittende pronomen, for eksempel:<\/p>\n\n\n\n<p>Personlige pronomen: \u044f (jeg), \u0442\u044b (du, uformell), \u043e\u043d\/\u043e\u043d\u0430\/\u043e\u043d\u043e (han\/hun\/det), \u0432\u044b (deg, formell eller flertall), \u043c\u044b (vi), \u043e\u043d\u0438 (de)<\/p>\n\n\n\n<p>Besittende pronomen: \u043c\u043e\u0439\/\u043c\u043e\u044f\/\u043c\u043e\u0451 (min), \u0442\u0432\u043e\u0439\/\u0442\u0432\u043e\u044f\/\u0442\u0432\u043e\u0451 (din, uformell), \u0435\u0433\u043e\/\u0435\u0451\/\u0438\u0445 (hans\/henne\/deres), \u0432\u0430\u0448\/\u0432\u0430\u0448\u0430\/\u0432\u0430\u0448\u0435 (din, formell eller flertall), \/\u043d\u0430\u0448\u0430\/\u043d\u0430\u0448\u0435 (v\u00e5r)<\/p>\n\n\n\n<p>Husk at russiske pronomen m\u00e5 stemme overens med kj\u00f8nn og kasus p\u00e5 substantivet de erstatter.<\/p>\n\n\n\n<p>Gratulerer! Du har tatt de f\u00f8rste skrittene mot \u00e5 mestre den russiske grammatikkens vanskeligheter. Husk at \u00f8velse er sentralt, s\u00e5 dykk dypere inn i spr\u00e5ket, engasjer deg med morsm\u00e5l og styrk l\u00e6ringsgrunnlaget ditt. \u0423\u0434\u0430\u0447\u0438! (Lykke til!)<\/p>\n<\/div><\/div>\n\r\n<section class=\"learnNavigationSection\">\r\n            \r\n        <a href=\"https:\/\/talkpal.ai\/no\/laer-russisk\/\">\r\n            <div class=\"learnNavigationWrapper\">\r\n                <div class=\"learnNavigationContent\">\r\n                    <img decoding=\"async\" src=\"https:\/\/talkpal.ai\/wp-content\/uploads\/2024\/08\/Russian.jpg\" alt=\"Russian Flag\">\r\n                    <div>\r\n                        <h4>Om russiskoppl\u00e6ring<\/h4>\r\n                        <p>Finn ut alt om russisk grammatikk.<\/p>\r\n                    <\/div>\r\n                <\/div>\r\n            <\/div>\r\n        <\/a>\r\n\r\n        \r\n        <a href=\"https:\/\/talkpal.ai\/no\/russiske-grammatikkovelser\/\">\r\n            <div class=\"learnNavigationWrapper\">\r\n                <div class=\"learnNavigationContent\">\r\n                    <img decoding=\"async\" src=\"https:\/\/talkpal.ai\/wp-content\/uploads\/2024\/08\/Russian.jpg\" alt=\"Russian Flag\">\r\n                    <div>\r\n                        <h4>\u00d8velse i russisk grammatikk<\/h4>\r\n                        <p>\u00d8v russisk grammatikk.<\/p>\r\n                    <\/div>\r\n                <\/div>\r\n            <\/div>\r\n        <\/a>\r\n\r\n        \r\n        <a href=\"https:\/\/talkpal.ai\/vocabulary_language\/russian\/\">\r\n            <div class=\"learnNavigationWrapper\">\r\n                <div class=\"learnNavigationContent\">\r\n                    <img decoding=\"async\" src=\"https:\/\/talkpal.ai\/wp-content\/uploads\/2024\/08\/Russian.jpg\" alt=\"Russian Flag\">\r\n                    <div>\r\n                        <h4>Russisk ordforr\u00e5d<\/h4>\r\n                        <p>Utvid det russiske ordforr\u00e5det ditt.<\/p>\r\n                    <\/div>\r\n                <\/div>\r\n            <\/div>\r\n        <\/a>\r\n\r\n            <\/section>","protected":false},"excerpt":{"rendered":"<p>Russisk grammatikk: L\u00e5s opp hemmelighetene for \u00e5 mestre russisk Gratulerer med \u00e5 ta det dristige skrittet mot \u00e5 l\u00e6re russisk! Med mer enn 258 millioner h\u00f8yttalere over hele verden, er russisk et fascinerende og givende spr\u00e5k som gir innsikt i en rik kultur og historie. N\u00e5r det kommer til russisk grammatikk, kan det virke skremmende, [&hellip;]<\/p>\n","protected":false},"author":1,"featured_media":107980,"parent":0,"menu_order":0,"comment_status":"closed","ping_status":"closed","template":"LearningContentPage.php","meta":{"_acf_changed":false,"footnotes":""},"class_list":["post-139824","page","type-page","status-publish","has-post-thumbnail","hentry"],"acf":[],"yoast_head":"<!-- This site is optimized with the Yoast SEO Premium plugin v27.2 (Yoast SEO v27.2) - https:\/\/yoast.com\/product\/yoast-seo-premium-wordpress\/ -->\n<title>Russisk grammatikk - Talkpal<\/title>\n<meta name=\"description\" content=\"F\u00e5 tilgang til en verden av russisk grammatikk med v\u00e5r nybegynnerveiledning. Behersk det kyrilliske alfabetet og bygg opp spr\u00e5kkunnskapene dine.\" \/>\n<meta name=\"robots\" content=\"index, follow, max-snippet:-1, max-image-preview:large, max-video-preview:-1\" \/>\n<link rel=\"canonical\" href=\"https:\/\/talkpal.ai\/no\/russisk-grammatikk\/\" \/>\n<meta property=\"og:locale\" content=\"nb_NO\" \/>\n<meta property=\"og:type\" content=\"article\" \/>\n<meta property=\"og:title\" content=\"Russisk grammatikk\" \/>\n<meta property=\"og:description\" content=\"Russisk grammatikk: L\u00e5s opp hemmelighetene for \u00e5 mestre russisk Gratulerer med \u00e5 ta det dristige skrittet mot \u00e5 l\u00e6re russisk! Med mer enn 258 millioner\" \/>\n<meta property=\"og:url\" content=\"https:\/\/talkpal.ai\/no\/russisk-grammatikk\/\" \/>\n<meta property=\"og:site_name\" content=\"Talkpal\" \/>\n<meta property=\"article:publisher\" content=\"https:\/\/www.facebook.com\/profile.php?id=100090733639311\" \/>\n<meta property=\"article:modified_time\" content=\"2025-12-13T15:16:01+00:00\" \/>\n<meta property=\"og:image\" content=\"https:\/\/talkpal.ai\/wp-content\/uploads\/2023\/04\/rusia.png\" \/>\n\t<meta property=\"og:image:width\" content=\"512\" \/>\n\t<meta property=\"og:image:height\" content=\"512\" \/>\n\t<meta property=\"og:image:type\" content=\"image\/png\" \/>\n<meta name=\"twitter:card\" content=\"summary_large_image\" \/>\n<meta name=\"twitter:site\" content=\"@talkpalai\" \/>\n<meta name=\"twitter:label1\" content=\"Ansl. lesetid\" \/>\n\t<meta name=\"twitter:data1\" content=\"2 minutter\" \/>\n<script type=\"application\/ld+json\" class=\"yoast-schema-graph\">{\"@context\":\"https:\/\/schema.org\",\"@graph\":[{\"@type\":\"WebPage\",\"@id\":\"https:\/\/talkpal.ai\/no\/russisk-grammatikk\/\",\"url\":\"https:\/\/talkpal.ai\/no\/russisk-grammatikk\/\",\"name\":\"Russisk grammatikk - Talkpal\",\"isPartOf\":{\"@id\":\"https:\/\/talkpal.ai\/no\/#website\"},\"primaryImageOfPage\":{\"@id\":\"https:\/\/talkpal.ai\/no\/russisk-grammatikk\/#primaryimage\"},\"image\":{\"@id\":\"https:\/\/talkpal.ai\/no\/russisk-grammatikk\/#primaryimage\"},\"thumbnailUrl\":\"https:\/\/talkpal.ai\/wp-content\/uploads\/2023\/04\/rusia.png\",\"datePublished\":\"2023-05-14T13:52:49+00:00\",\"dateModified\":\"2025-12-13T15:16:01+00:00\",\"description\":\"F\u00e5 tilgang til en verden av russisk grammatikk med v\u00e5r nybegynnerveiledning. Behersk det kyrilliske alfabetet og bygg opp spr\u00e5kkunnskapene dine.\",\"breadcrumb\":{\"@id\":\"https:\/\/talkpal.ai\/no\/russisk-grammatikk\/#breadcrumb\"},\"inLanguage\":\"nb-NO\",\"potentialAction\":[{\"@type\":\"ReadAction\",\"target\":[\"https:\/\/talkpal.ai\/no\/russisk-grammatikk\/\"]}]},{\"@type\":\"ImageObject\",\"inLanguage\":\"nb-NO\",\"@id\":\"https:\/\/talkpal.ai\/no\/russisk-grammatikk\/#primaryimage\",\"url\":\"https:\/\/talkpal.ai\/wp-content\/uploads\/2023\/04\/rusia.png\",\"contentUrl\":\"https:\/\/talkpal.ai\/wp-content\/uploads\/2023\/04\/rusia.png\",\"width\":512,\"height\":512},{\"@type\":\"BreadcrumbList\",\"@id\":\"https:\/\/talkpal.ai\/no\/russisk-grammatikk\/#breadcrumb\",\"itemListElement\":[{\"@type\":\"ListItem\",\"position\":1,\"name\":\"Homepage\",\"item\":\"https:\/\/talkpal.ai\/no\/\"},{\"@type\":\"ListItem\",\"position\":2,\"name\":\"Russisk grammatikk\"}]},{\"@type\":\"WebSite\",\"@id\":\"https:\/\/talkpal.ai\/no\/#website\",\"url\":\"https:\/\/talkpal.ai\/no\/\",\"name\":\"Talkpal\",\"description\":\"AI Language Learning\",\"publisher\":{\"@id\":\"https:\/\/talkpal.ai\/no\/#organization\"},\"alternateName\":\"Talkpal AI\",\"potentialAction\":[{\"@type\":\"SearchAction\",\"target\":{\"@type\":\"EntryPoint\",\"urlTemplate\":\"https:\/\/talkpal.ai\/no\/?s={search_term_string}\"},\"query-input\":{\"@type\":\"PropertyValueSpecification\",\"valueRequired\":true,\"valueName\":\"search_term_string\"}}],\"inLanguage\":\"nb-NO\"},{\"@type\":\"Organization\",\"@id\":\"https:\/\/talkpal.ai\/no\/#organization\",\"name\":\"Talkpal, Inc.\",\"alternateName\":\"Talkpal AI\",\"url\":\"https:\/\/talkpal.ai\/no\/\",\"logo\":{\"@type\":\"ImageObject\",\"inLanguage\":\"nb-NO\",\"@id\":\"https:\/\/talkpal.ai\/no\/#\/schema\/logo\/image\/\",\"url\":\"https:\/\/talkpal.ai\/wp-content\/uploads\/2024\/03\/Talkpal-Logo-Icon.png\",\"contentUrl\":\"https:\/\/talkpal.ai\/wp-content\/uploads\/2024\/03\/Talkpal-Logo-Icon.png\",\"width\":2880,\"height\":2880,\"caption\":\"Talkpal, Inc.\"},\"image\":{\"@id\":\"https:\/\/talkpal.ai\/no\/#\/schema\/logo\/image\/\"},\"sameAs\":[\"https:\/\/www.facebook.com\/profile.php?id=100090733639311\",\"https:\/\/x.com\/talkpalai\",\"https:\/\/www.linkedin.com\/company\/talkpal\/\",\"https:\/\/www.youtube.com\/@TalkPal\/\",\"https:\/\/www.tiktok.com\/@talkpal\",\"https:\/\/www.instagram.com\/talkpal_ai\/\",\"https:\/\/www.crunchbase.com\/organization\/talkpal-9cde\",\"https:\/\/www.g2.com\/products\/talkpal-for-business\/\",\"https:\/\/www.trustpilot.com\/review\/talkpal.ai\",\"https:\/\/www.capterra.com\/p\/10006800\/TalkPal\/\"],\"description\":\"Talkpal is a language learning web and mobile education app, powered by the latest AI technologies, that provides engaging experiences to its customers in many different languages to help them improve their language skills. Users can chat about unlimited amount of topics with the app and use other modes to practice their language learning.\",\"email\":\"support@talkpal.ai\",\"legalName\":\"Talkpal, Inc.\",\"foundingDate\":\"2023-04-03\",\"duns\":\"118989042\",\"numberOfEmployees\":{\"@type\":\"QuantitativeValue\",\"minValue\":\"11\",\"maxValue\":\"50\"},\"publishingPrinciples\":\"https:\/\/talkpal.ai\/publishing-principles\/\",\"actionableFeedbackPolicy\":\"https:\/\/talkpal.ai\/actionable-feedback-policy\/\",\"correctionsPolicy\":\"https:\/\/talkpal.ai\/corrections-policy\/\",\"ethicsPolicy\":\"https:\/\/talkpal.ai\/ethics-policy\/\",\"diversityPolicy\":\"https:\/\/talkpal.ai\/diversity-policy\/\",\"diversityStaffingReport\":\"https:\/\/talkpal.ai\/diversity-policy\/\"}]}<\/script>\n<!-- \/ Yoast SEO Premium plugin. -->","yoast_head_json":{"title":"Russisk grammatikk - Talkpal","description":"F\u00e5 tilgang til en verden av russisk grammatikk med v\u00e5r nybegynnerveiledning. Behersk det kyrilliske alfabetet og bygg opp spr\u00e5kkunnskapene dine.","robots":{"index":"index","follow":"follow","max-snippet":"max-snippet:-1","max-image-preview":"max-image-preview:large","max-video-preview":"max-video-preview:-1"},"canonical":"https:\/\/talkpal.ai\/no\/russisk-grammatikk\/","og_locale":"nb_NO","og_type":"article","og_title":"Russisk grammatikk","og_description":"Russisk grammatikk: L\u00e5s opp hemmelighetene for \u00e5 mestre russisk Gratulerer med \u00e5 ta det dristige skrittet mot \u00e5 l\u00e6re russisk! Med mer enn 258 millioner","og_url":"https:\/\/talkpal.ai\/no\/russisk-grammatikk\/","og_site_name":"Talkpal","article_publisher":"https:\/\/www.facebook.com\/profile.php?id=100090733639311","article_modified_time":"2025-12-13T15:16:01+00:00","og_image":[{"width":512,"height":512,"url":"https:\/\/talkpal.ai\/wp-content\/uploads\/2023\/04\/rusia.png","type":"image\/png"}],"twitter_card":"summary_large_image","twitter_site":"@talkpalai","twitter_misc":{"Ansl. lesetid":"2 minutter"},"schema":{"@context":"https:\/\/schema.org","@graph":[{"@type":"WebPage","@id":"https:\/\/talkpal.ai\/no\/russisk-grammatikk\/","url":"https:\/\/talkpal.ai\/no\/russisk-grammatikk\/","name":"Russisk grammatikk - Talkpal","isPartOf":{"@id":"https:\/\/talkpal.ai\/no\/#website"},"primaryImageOfPage":{"@id":"https:\/\/talkpal.ai\/no\/russisk-grammatikk\/#primaryimage"},"image":{"@id":"https:\/\/talkpal.ai\/no\/russisk-grammatikk\/#primaryimage"},"thumbnailUrl":"https:\/\/talkpal.ai\/wp-content\/uploads\/2023\/04\/rusia.png","datePublished":"2023-05-14T13:52:49+00:00","dateModified":"2025-12-13T15:16:01+00:00","description":"F\u00e5 tilgang til en verden av russisk grammatikk med v\u00e5r nybegynnerveiledning. Behersk det kyrilliske alfabetet og bygg opp spr\u00e5kkunnskapene dine.","breadcrumb":{"@id":"https:\/\/talkpal.ai\/no\/russisk-grammatikk\/#breadcrumb"},"inLanguage":"nb-NO","potentialAction":[{"@type":"ReadAction","target":["https:\/\/talkpal.ai\/no\/russisk-grammatikk\/"]}]},{"@type":"ImageObject","inLanguage":"nb-NO","@id":"https:\/\/talkpal.ai\/no\/russisk-grammatikk\/#primaryimage","url":"https:\/\/talkpal.ai\/wp-content\/uploads\/2023\/04\/rusia.png","contentUrl":"https:\/\/talkpal.ai\/wp-content\/uploads\/2023\/04\/rusia.png","width":512,"height":512},{"@type":"BreadcrumbList","@id":"https:\/\/talkpal.ai\/no\/russisk-grammatikk\/#breadcrumb","itemListElement":[{"@type":"ListItem","position":1,"name":"Homepage","item":"https:\/\/talkpal.ai\/no\/"},{"@type":"ListItem","position":2,"name":"Russisk grammatikk"}]},{"@type":"WebSite","@id":"https:\/\/talkpal.ai\/no\/#website","url":"https:\/\/talkpal.ai\/no\/","name":"Talkpal","description":"AI Language Learning","publisher":{"@id":"https:\/\/talkpal.ai\/no\/#organization"},"alternateName":"Talkpal AI","potentialAction":[{"@type":"SearchAction","target":{"@type":"EntryPoint","urlTemplate":"https:\/\/talkpal.ai\/no\/?s={search_term_string}"},"query-input":{"@type":"PropertyValueSpecification","valueRequired":true,"valueName":"search_term_string"}}],"inLanguage":"nb-NO"},{"@type":"Organization","@id":"https:\/\/talkpal.ai\/no\/#organization","name":"Talkpal, Inc.","alternateName":"Talkpal AI","url":"https:\/\/talkpal.ai\/no\/","logo":{"@type":"ImageObject","inLanguage":"nb-NO","@id":"https:\/\/talkpal.ai\/no\/#\/schema\/logo\/image\/","url":"https:\/\/talkpal.ai\/wp-content\/uploads\/2024\/03\/Talkpal-Logo-Icon.png","contentUrl":"https:\/\/talkpal.ai\/wp-content\/uploads\/2024\/03\/Talkpal-Logo-Icon.png","width":2880,"height":2880,"caption":"Talkpal, Inc."},"image":{"@id":"https:\/\/talkpal.ai\/no\/#\/schema\/logo\/image\/"},"sameAs":["https:\/\/www.facebook.com\/profile.php?id=100090733639311","https:\/\/x.com\/talkpalai","https:\/\/www.linkedin.com\/company\/talkpal\/","https:\/\/www.youtube.com\/@TalkPal\/","https:\/\/www.tiktok.com\/@talkpal","https:\/\/www.instagram.com\/talkpal_ai\/","https:\/\/www.crunchbase.com\/organization\/talkpal-9cde","https:\/\/www.g2.com\/products\/talkpal-for-business\/","https:\/\/www.trustpilot.com\/review\/talkpal.ai","https:\/\/www.capterra.com\/p\/10006800\/TalkPal\/"],"description":"Talkpal is a language learning web and mobile education app, powered by the latest AI technologies, that provides engaging experiences to its customers in many different languages to help them improve their language skills. Users can chat about unlimited amount of topics with the app and use other modes to practice their language learning.","email":"support@talkpal.ai","legalName":"Talkpal, Inc.","foundingDate":"2023-04-03","duns":"118989042","numberOfEmployees":{"@type":"QuantitativeValue","minValue":"11","maxValue":"50"},"publishingPrinciples":"https:\/\/talkpal.ai\/publishing-principles\/","actionableFeedbackPolicy":"https:\/\/talkpal.ai\/actionable-feedback-policy\/","correctionsPolicy":"https:\/\/talkpal.ai\/corrections-policy\/","ethicsPolicy":"https:\/\/talkpal.ai\/ethics-policy\/","diversityPolicy":"https:\/\/talkpal.ai\/diversity-policy\/","diversityStaffingReport":"https:\/\/talkpal.ai\/diversity-policy\/"}]}},"_links":{"self":[{"href":"https:\/\/talkpal.ai\/no\/wp-json\/wp\/v2\/pages\/139824","targetHints":{"allow":["GET"]}}],"collection":[{"href":"https:\/\/talkpal.ai\/no\/wp-json\/wp\/v2\/pages"}],"about":[{"href":"https:\/\/talkpal.ai\/no\/wp-json\/wp\/v2\/types\/page"}],"author":[{"embeddable":true,"href":"https:\/\/talkpal.ai\/no\/wp-json\/wp\/v2\/users\/1"}],"replies":[{"embeddable":true,"href":"https:\/\/talkpal.ai\/no\/wp-json\/wp\/v2\/comments?post=139824"}],"version-history":[{"count":0,"href":"https:\/\/talkpal.ai\/no\/wp-json\/wp\/v2\/pages\/139824\/revisions"}],"wp:featuredmedia":[{"embeddable":true,"href":"https:\/\/talkpal.ai\/no\/wp-json\/wp\/v2\/media\/107980"}],"wp:attachment":[{"href":"https:\/\/talkpal.ai\/no\/wp-json\/wp\/v2\/media?parent=139824"}],"curies":[{"name":"wp","href":"https:\/\/api.w.org\/{rel}","templated":true}]}}