{"id":135952,"date":"2023-06-16T10:51:16","date_gmt":"2023-06-16T10:51:16","guid":{"rendered":"http:\/\/talkpal.ai\/ukrainske-grammatikkovelser\/"},"modified":"2025-12-17T16:21:18","modified_gmt":"2025-12-17T16:21:18","slug":"ukrainske-grammatikkovelser","status":"publish","type":"page","link":"https:\/\/talkpal.ai\/no\/ukrainske-grammatikkovelser\/","title":{"rendered":"Ukrainske grammatikk\u00f8velser"},"content":{"rendered":"\r\n\r\n\r\n<section class=\"languageChallengeSection\">\r\n    <div class=\"languageInfoWrapper\">\r\n        \r\n        <h1>Ukrainske grammatikk\u00f8velser<\/h1>\r\n        <p>Vil du ta dine ukrainske ferdigheter til neste niv\u00e5? \u00c5 \u00f8ve p\u00e5 grammatikk\u00f8velser er en viktig m\u00e5te \u00e5 <a href=\"https:\/\/talkpal.ai\/locations\/language-courses-in-mestre\/\">mestre<\/a> setningsstruktur, verbformer og de unike m\u00f8nstrene i det ukrainske spr\u00e5ket p\u00e5. Begynn \u00e5 jobbe med <a href=\"https:\/\/talkpal.ai\/no\/laer-ukrainsk\/\">ukrainsk grammatikk<\/a> i dag, og se hvordan selvtilliten og flyten din vokser for hver \u00f8velse!<\/p>\r\n\r\n                            <a class=\"getStartedHidden\" href=\"https:\/\/app.talkpal.ai\/no\/signup?lng=\">Kom i gang<\/a>\r\n        \r\n    <\/div>\r\n\r\n    <figure>\r\n    <img decoding=\"async\" width=\"768\" height=\"768\" src=\"https:\/\/talkpal.ai\/wp-content\/uploads\/2023\/06\/Ukrainian-768x768.png\" class=\"languageImage no-lazy\" alt=\"Language learning - Your doorway to the world\" fetchpriority=\"high\" sizes=\"(max-width: 768px) 150px, 768px\" srcset=\"https:\/\/talkpal.ai\/wp-content\/uploads\/2023\/06\/Ukrainian-768x768.png 768w, https:\/\/talkpal.ai\/wp-content\/uploads\/2023\/06\/Ukrainian-300x300.png 300w\" \/>\r\n    \r\n\r\n    <\/figure>\r\n\r\n            <a class=\"getStartedVisible\" href=\"https:\/\/app.talkpal.ai\/no\/signup?lng=\">Kom i gang<\/a>\r\n    \r\n<\/section>\r\n\r\n\r\n<!-- <section class=\"grammarSection\">\r\n    <div class=\"grammarLinks\">\r\n            <\/div>\r\n<\/section> -->\r\n\r\n\r\n\r\n\r\n<section class=\"promotionalBanner\">\r\n    <p class=\"promotionalText\">Den mest effektive m\u00e5ten \u00e5 l\u00e6re et spr\u00e5k p\u00e5<\/p>\r\n    <a class=\"promotionalLink\" href=\"https:\/\/app.talkpal.ai\/no\/signup?lng=\">Pr\u00f8v Talkpal gratis<\/a>\r\n<\/section>\n<div class=\"wp-block-group pageContainerStyle\"><div class=\"wp-block-group__inner-container is-layout-constrained wp-block-group-is-layout-constrained\">\n<h2 class=\"wp-block-heading\" id=\"h-ukrainian-grammar-topics\">Emner for ukrainsk grammatikk<\/h2>\n\n\n\n<p>\u00c5 l\u00e6re et nytt spr\u00e5k kan v\u00e6re en spennende, men utfordrende oppgave, og det ukrainske spr\u00e5ket er intet unntak. <a href=\"https:\/\/talkpal.ai\/learn-ukrainian\/\">Ukrainsk<\/a>, et \u00f8stslavisk spr\u00e5k, er det offisielle spr\u00e5ket i <a href=\"https:\/\/talkpal.ai\/learn-ukrainian\/\">Ukraina<\/a> og har en rik historie og mangfoldig grammatisk struktur. N\u00e5r du legger ut p\u00e5 reisen for \u00e5 bli dyktig i ukrainsk, er det flere viktige grammatikkemner du m\u00e5 mestre, inkludert tider, verb, substantiv, artikler, pronomen, adjektiver, adverb, preposisjoner og setningsstruktur. Forst\u00e5else og korrekt bruk av disse grammatikkreglene vil forbedre din flytende spr\u00e5k betraktelig. La <a href=\"https:\/\/talkpal.ai\/locations\/language-courses-in-oss\/\">oss<\/a> dykke ned i hvert emne og utforske i hvilken rekkef\u00f8lge du b\u00f8r l\u00e6re dem.<\/p>\n\n\n\n<h3 class=\"wp-block-heading\" id=\"h-1-nouns\">1. Substantiv:<\/h3>\n\n\n\n<p>Start med \u00e5 l\u00e6re ukrainske substantiv siden de er grunnlaget for spr\u00e5ket. Gj\u00f8r deg kjent med deres kj\u00f8nn (maskulint, feminint og intetkj\u00f8nn) og deres flertallsformer. Forst\u00e5else av substantiv deklinasjoner (caser) er avgj\u00f8rende for riktig setningsdannelse.<\/p>\n\n\n\n<h3 class=\"wp-block-heading\" id=\"h-2-pronouns\">2. Pronomen:<\/h3>\n\n\n\n<p>Deretter l\u00e6rer du pronomen \u2013 ord som erstatter substantiver i en setning. De har ogs\u00e5 kj\u00f8nn og kasus, s\u00e5 det er viktig \u00e5 l\u00e6re seg hvilke former som passer til substantivet de skal erstatte.<\/p>\n\n\n\n<h3 class=\"wp-block-heading\" id=\"h-3-verbs\">3. Verb:<\/h3>\n\n\n\n<p>Verb er handlingsordene i en setning. P\u00e5 ukrainsk har verb forskjellige former basert p\u00e5 anspenthet, hum\u00f8r og aspekt. Begynn med \u00e5 l\u00e6re presens indikative former for verb, som vil hjelpe deg \u00e5 forst\u00e5 grunnleggende setningsstruktur.<\/p>\n\n\n\n<h3 class=\"wp-block-heading\" id=\"h-4-tenses-indicative\">4. Tidsbestemmelser:<\/h3>\n\n\n\n<p>N\u00e5r du er komfortabel med verb i presens, kan du g\u00e5 videre til \u00e5 l\u00e6re deg fortid og fremtid i indikativ. Dette vil tillate deg \u00e5 kommunisere om hendelser som allerede har skjedd eller vil skje i fremtiden.<\/p>\n\n\n\n<h3 class=\"wp-block-heading\" id=\"h-5-tenses-subjunctive\">5. Tidsformer konjunktiv:<\/h3>\n\n\n\n<p>Etter \u00e5 ha mestret den indikative stemningen, utforske den konjunktive stemningen, som uttrykker hypotetiske situasjoner, \u00f8nsker eller forslag. Den konjunktive stemningen forekommer hovedsakelig i fortid og fremtidig tid p\u00e5 ukrainsk.<\/p>\n\n\n\n<h3 class=\"wp-block-heading\" id=\"h-6-tense-comparison\">6. Anspent sammenligning:<\/h3>\n\n\n\n<p>L\u00e6r hvordan du sammenligner tider p\u00e5 ukrainsk for \u00e5 uttrykke ulike grader av sikkerhet eller mulighet. Dette vil hjelpe deg \u00e5 forst\u00e5 og lage mer komplekse setninger.<\/p>\n\n\n\n<h3 class=\"wp-block-heading\" id=\"h-7-adjectives\">7. Adjektiver:<\/h3>\n\n\n\n<p>Adjektiver beskriver egenskapene til substantiver. De er enige i kj\u00f8nn, tall og kasus med substantivet de endrer. \u00c5 l\u00e6re adjektiver vil hjelpe deg \u00e5 legge til flere detaljer i setningene dine.<\/p>\n\n\n\n<h3 class=\"wp-block-heading\" id=\"h-8-adverbs\">8. Adverb:<\/h3>\n\n\n\n<p>Adverb beskriver m\u00e5ten, stedet eller tidspunktet for en handling. De faller ikke ned som adjektiver, men de spiller en avgj\u00f8rende rolle n\u00e5r det gjelder \u00e5 gj\u00f8re setningene dine mer informative og engasjerende.<\/p>\n\n\n\n<h3 class=\"wp-block-heading\" id=\"h-9-prepositions\">9. Preposisjoner:<\/h3>\n\n\n\n<p>Preposisjoner viser forholdet mellom ord i en setning (f.eks. plassering, retning eller tid). L\u00e6r hvordan du bruker preposisjoner riktig for \u00e5 unng\u00e5 forvirring og formidle meningen din.<\/p>\n\n\n\n<h3 class=\"wp-block-heading\" id=\"h-10-sentence-structure\">10. Setningsstruktur:<\/h3>\n\n\n\n<p>Til slutt, gj\u00f8r deg kjent med ukrainsk setningsstruktur. Dette inkluderer forst\u00e5else av ordrekkef\u00f8lgen subjekt-verb-objekt (SVO) og hvordan man bruker kasus og andre grammatiske elementer for \u00e5 danne klare, sammenhengende setninger.<\/p>\n\n\n\n<h3 class=\"wp-block-heading\" id=\"h-11-articles\">11. Artikler:<\/h3>\n\n\n\n<p>Ukrainsk har ikke artikler som &laquo;the&raquo; eller &laquo;a&raquo; p\u00e5 <a href=\"https:\/\/talkpal.ai\/learn-english-with-ai\/\">engelsk<\/a>, men det er viktig \u00e5 forst\u00e5 hvordan bestemthet og ubestemthet formidles i spr\u00e5ket, vanligvis gjennom bruk av demonstrative pronomen eller kontekst.<\/p>\n\n\n\n<p>Ved \u00e5 l\u00e6re disse grammatikkemnene i den foresl\u00e5tte rekkef\u00f8lgen, vil du gradvis bygge et sterkt grunnlag i ukrainsk og utvikle deg mot flytende spr\u00e5k.<\/p>\n<\/div><\/div>\n\r\n<section class=\"learnNavigationSection\">\r\n            \r\n        <a href=\"https:\/\/talkpal.ai\/no\/laer-ukrainsk\/\">\r\n            <div class=\"learnNavigationWrapper\">\r\n                <div class=\"learnNavigationContent\">\r\n                    <img decoding=\"async\" src=\"https:\/\/talkpal.ai\/wp-content\/uploads\/2024\/08\/Ukrainian.jpg\" alt=\"Ukrainian Flag\">\r\n                    <div>\r\n                        <h4>Om ukrainsk l\u00e6ring<\/h4>\r\n                        <p>Finn ut alt om ukrainsk grammatikk.<\/p>\r\n                    <\/div>\r\n                <\/div>\r\n            <\/div>\r\n        <\/a>\r\n\r\n        \r\n        <a href=\"https:\/\/talkpal.ai\/no\/ukrainsk-grammatikk\/\">\r\n            <div class=\"learnNavigationWrapper\">\r\n                <div class=\"learnNavigationContent\">\r\n                    <img decoding=\"async\" src=\"https:\/\/talkpal.ai\/wp-content\/uploads\/2024\/08\/Ukrainian.jpg\" alt=\"Ukrainian Flag\">\r\n                    <div>\r\n                        <h4>Ukrainsk grammatikkundervisning<\/h4>\r\n                        <p>\u00d8v p\u00e5 ukrainsk grammatikk.<\/p>\r\n                    <\/div>\r\n                <\/div>\r\n            <\/div>\r\n        <\/a>\r\n\r\n        \r\n        <a href=\"https:\/\/talkpal.ai\/vocabulary_language\/ukrainian\/\">\r\n            <div class=\"learnNavigationWrapper\">\r\n                <div class=\"learnNavigationContent\">\r\n                    <img decoding=\"async\" src=\"https:\/\/talkpal.ai\/wp-content\/uploads\/2024\/08\/Ukrainian.jpg\" alt=\"Ukrainian Flag\">\r\n                    <div>\r\n                        <h4>Ukrainsk ordforr\u00e5d<\/h4>\r\n                        <p>Utvid det ukrainske ordforr\u00e5det ditt.<\/p>\r\n                    <\/div>\r\n                <\/div>\r\n            <\/div>\r\n        <\/a>\r\n\r\n            <\/section>","protected":false},"excerpt":{"rendered":"<p>Emner for ukrainsk grammatikk \u00c5 l\u00e6re et nytt spr\u00e5k kan v\u00e6re en spennende, men utfordrende oppgave, og det ukrainske spr\u00e5ket er intet unntak. Ukrainsk, et \u00f8stslavisk spr\u00e5k, er det offisielle spr\u00e5ket i Ukraina og har en rik historie og mangfoldig grammatisk struktur. N\u00e5r du legger ut p\u00e5 reisen for \u00e5 bli dyktig i ukrainsk, er [&hellip;]<\/p>\n","protected":false},"author":6,"featured_media":108524,"parent":0,"menu_order":0,"comment_status":"closed","ping_status":"closed","template":"LearningContentPage.php","meta":{"_acf_changed":false,"footnotes":""},"class_list":["post-135952","page","type-page","status-publish","has-post-thumbnail","hentry"],"acf":[],"yoast_head":"<!-- This site is optimized with the Yoast SEO Premium plugin v27.2 (Yoast SEO v27.2) - https:\/\/yoast.com\/product\/yoast-seo-premium-wordpress\/ -->\n<title>Ukrainske grammatikk\u00f8velser - Talkpal<\/title>\n<meta name=\"description\" content=\"Forbedre dine ferdigheter i ukrainsk med engasjerende ukrainske grammatikk\u00f8velser som dekker viktige grammatikkemner for \u00e5 kunne snakke flytende.\" \/>\n<meta name=\"robots\" content=\"index, follow, max-snippet:-1, max-image-preview:large, max-video-preview:-1\" \/>\n<link rel=\"canonical\" href=\"https:\/\/talkpal.ai\/no\/ukrainske-grammatikkovelser\/\" \/>\n<meta property=\"og:locale\" content=\"nb_NO\" \/>\n<meta property=\"og:type\" content=\"article\" \/>\n<meta property=\"og:title\" content=\"Ukrainske grammatikk\u00f8velser\" \/>\n<meta property=\"og:description\" content=\"Emner for ukrainsk grammatikk \u00c5 l\u00e6re et nytt spr\u00e5k kan v\u00e6re en spennende, men utfordrende oppgave, og det ukrainske spr\u00e5ket er intet unntak. Ukrainsk, et\" \/>\n<meta property=\"og:url\" content=\"https:\/\/talkpal.ai\/no\/ukrainske-grammatikkovelser\/\" \/>\n<meta property=\"og:site_name\" content=\"Talkpal\" \/>\n<meta property=\"article:publisher\" content=\"https:\/\/www.facebook.com\/profile.php?id=100090733639311\" \/>\n<meta property=\"article:modified_time\" content=\"2025-12-17T16:21:18+00:00\" \/>\n<meta property=\"og:image\" content=\"https:\/\/talkpal.ai\/wp-content\/uploads\/2023\/04\/ukraine.png\" \/>\n\t<meta property=\"og:image:width\" content=\"512\" \/>\n\t<meta property=\"og:image:height\" content=\"512\" \/>\n\t<meta property=\"og:image:type\" content=\"image\/png\" \/>\n<meta name=\"twitter:card\" content=\"summary_large_image\" \/>\n<meta name=\"twitter:site\" content=\"@talkpalai\" \/>\n<meta name=\"twitter:label1\" content=\"Ansl. lesetid\" \/>\n\t<meta name=\"twitter:data1\" content=\"3 minutter\" \/>\n<script type=\"application\/ld+json\" class=\"yoast-schema-graph\">{\"@context\":\"https:\/\/schema.org\",\"@graph\":[{\"@type\":\"WebPage\",\"@id\":\"https:\/\/talkpal.ai\/no\/ukrainske-grammatikkovelser\/\",\"url\":\"https:\/\/talkpal.ai\/no\/ukrainske-grammatikkovelser\/\",\"name\":\"Ukrainske grammatikk\u00f8velser - Talkpal\",\"isPartOf\":{\"@id\":\"https:\/\/talkpal.ai\/no\/#website\"},\"primaryImageOfPage\":{\"@id\":\"https:\/\/talkpal.ai\/no\/ukrainske-grammatikkovelser\/#primaryimage\"},\"image\":{\"@id\":\"https:\/\/talkpal.ai\/no\/ukrainske-grammatikkovelser\/#primaryimage\"},\"thumbnailUrl\":\"https:\/\/talkpal.ai\/wp-content\/uploads\/2023\/04\/ukraine.png\",\"datePublished\":\"2023-06-16T10:51:16+00:00\",\"dateModified\":\"2025-12-17T16:21:18+00:00\",\"description\":\"Forbedre dine ferdigheter i ukrainsk med engasjerende ukrainske grammatikk\u00f8velser som dekker viktige grammatikkemner for \u00e5 kunne snakke flytende.\",\"breadcrumb\":{\"@id\":\"https:\/\/talkpal.ai\/no\/ukrainske-grammatikkovelser\/#breadcrumb\"},\"inLanguage\":\"nb-NO\",\"potentialAction\":[{\"@type\":\"ReadAction\",\"target\":[\"https:\/\/talkpal.ai\/no\/ukrainske-grammatikkovelser\/\"]}]},{\"@type\":\"ImageObject\",\"inLanguage\":\"nb-NO\",\"@id\":\"https:\/\/talkpal.ai\/no\/ukrainske-grammatikkovelser\/#primaryimage\",\"url\":\"https:\/\/talkpal.ai\/wp-content\/uploads\/2023\/04\/ukraine.png\",\"contentUrl\":\"https:\/\/talkpal.ai\/wp-content\/uploads\/2023\/04\/ukraine.png\",\"width\":512,\"height\":512,\"caption\":\"TalkPal Ukrainian Flag\"},{\"@type\":\"BreadcrumbList\",\"@id\":\"https:\/\/talkpal.ai\/no\/ukrainske-grammatikkovelser\/#breadcrumb\",\"itemListElement\":[{\"@type\":\"ListItem\",\"position\":1,\"name\":\"Homepage\",\"item\":\"https:\/\/talkpal.ai\/no\/\"},{\"@type\":\"ListItem\",\"position\":2,\"name\":\"Ukrainske grammatikk\u00f8velser\"}]},{\"@type\":\"WebSite\",\"@id\":\"https:\/\/talkpal.ai\/no\/#website\",\"url\":\"https:\/\/talkpal.ai\/no\/\",\"name\":\"Talkpal\",\"description\":\"AI Language Learning\",\"publisher\":{\"@id\":\"https:\/\/talkpal.ai\/no\/#organization\"},\"alternateName\":\"Talkpal AI\",\"potentialAction\":[{\"@type\":\"SearchAction\",\"target\":{\"@type\":\"EntryPoint\",\"urlTemplate\":\"https:\/\/talkpal.ai\/no\/?s={search_term_string}\"},\"query-input\":{\"@type\":\"PropertyValueSpecification\",\"valueRequired\":true,\"valueName\":\"search_term_string\"}}],\"inLanguage\":\"nb-NO\"},{\"@type\":\"Organization\",\"@id\":\"https:\/\/talkpal.ai\/no\/#organization\",\"name\":\"Talkpal, Inc.\",\"alternateName\":\"Talkpal AI\",\"url\":\"https:\/\/talkpal.ai\/no\/\",\"logo\":{\"@type\":\"ImageObject\",\"inLanguage\":\"nb-NO\",\"@id\":\"https:\/\/talkpal.ai\/no\/#\/schema\/logo\/image\/\",\"url\":\"https:\/\/talkpal.ai\/wp-content\/uploads\/2024\/03\/Talkpal-Logo-Icon.png\",\"contentUrl\":\"https:\/\/talkpal.ai\/wp-content\/uploads\/2024\/03\/Talkpal-Logo-Icon.png\",\"width\":2880,\"height\":2880,\"caption\":\"Talkpal, Inc.\"},\"image\":{\"@id\":\"https:\/\/talkpal.ai\/no\/#\/schema\/logo\/image\/\"},\"sameAs\":[\"https:\/\/www.facebook.com\/profile.php?id=100090733639311\",\"https:\/\/x.com\/talkpalai\",\"https:\/\/www.linkedin.com\/company\/talkpal\/\",\"https:\/\/www.youtube.com\/@TalkPal\/\",\"https:\/\/www.tiktok.com\/@talkpal\",\"https:\/\/www.instagram.com\/talkpal_ai\/\",\"https:\/\/www.crunchbase.com\/organization\/talkpal-9cde\",\"https:\/\/www.g2.com\/products\/talkpal-for-business\/\",\"https:\/\/www.trustpilot.com\/review\/talkpal.ai\",\"https:\/\/www.capterra.com\/p\/10006800\/TalkPal\/\"],\"description\":\"Talkpal is a language learning web and mobile education app, powered by the latest AI technologies, that provides engaging experiences to its customers in many different languages to help them improve their language skills. Users can chat about unlimited amount of topics with the app and use other modes to practice their language learning.\",\"email\":\"support@talkpal.ai\",\"legalName\":\"Talkpal, Inc.\",\"foundingDate\":\"2023-04-03\",\"duns\":\"118989042\",\"numberOfEmployees\":{\"@type\":\"QuantitativeValue\",\"minValue\":\"11\",\"maxValue\":\"50\"},\"publishingPrinciples\":\"https:\/\/talkpal.ai\/publishing-principles\/\",\"actionableFeedbackPolicy\":\"https:\/\/talkpal.ai\/actionable-feedback-policy\/\",\"correctionsPolicy\":\"https:\/\/talkpal.ai\/corrections-policy\/\",\"ethicsPolicy\":\"https:\/\/talkpal.ai\/ethics-policy\/\",\"diversityPolicy\":\"https:\/\/talkpal.ai\/diversity-policy\/\",\"diversityStaffingReport\":\"https:\/\/talkpal.ai\/diversity-policy\/\"}]}<\/script>\n<!-- \/ Yoast SEO Premium plugin. -->","yoast_head_json":{"title":"Ukrainske grammatikk\u00f8velser - Talkpal","description":"Forbedre dine ferdigheter i ukrainsk med engasjerende ukrainske grammatikk\u00f8velser som dekker viktige grammatikkemner for \u00e5 kunne snakke flytende.","robots":{"index":"index","follow":"follow","max-snippet":"max-snippet:-1","max-image-preview":"max-image-preview:large","max-video-preview":"max-video-preview:-1"},"canonical":"https:\/\/talkpal.ai\/no\/ukrainske-grammatikkovelser\/","og_locale":"nb_NO","og_type":"article","og_title":"Ukrainske grammatikk\u00f8velser","og_description":"Emner for ukrainsk grammatikk \u00c5 l\u00e6re et nytt spr\u00e5k kan v\u00e6re en spennende, men utfordrende oppgave, og det ukrainske spr\u00e5ket er intet unntak. Ukrainsk, et","og_url":"https:\/\/talkpal.ai\/no\/ukrainske-grammatikkovelser\/","og_site_name":"Talkpal","article_publisher":"https:\/\/www.facebook.com\/profile.php?id=100090733639311","article_modified_time":"2025-12-17T16:21:18+00:00","og_image":[{"width":512,"height":512,"url":"https:\/\/talkpal.ai\/wp-content\/uploads\/2023\/04\/ukraine.png","type":"image\/png"}],"twitter_card":"summary_large_image","twitter_site":"@talkpalai","twitter_misc":{"Ansl. lesetid":"3 minutter"},"schema":{"@context":"https:\/\/schema.org","@graph":[{"@type":"WebPage","@id":"https:\/\/talkpal.ai\/no\/ukrainske-grammatikkovelser\/","url":"https:\/\/talkpal.ai\/no\/ukrainske-grammatikkovelser\/","name":"Ukrainske grammatikk\u00f8velser - Talkpal","isPartOf":{"@id":"https:\/\/talkpal.ai\/no\/#website"},"primaryImageOfPage":{"@id":"https:\/\/talkpal.ai\/no\/ukrainske-grammatikkovelser\/#primaryimage"},"image":{"@id":"https:\/\/talkpal.ai\/no\/ukrainske-grammatikkovelser\/#primaryimage"},"thumbnailUrl":"https:\/\/talkpal.ai\/wp-content\/uploads\/2023\/04\/ukraine.png","datePublished":"2023-06-16T10:51:16+00:00","dateModified":"2025-12-17T16:21:18+00:00","description":"Forbedre dine ferdigheter i ukrainsk med engasjerende ukrainske grammatikk\u00f8velser som dekker viktige grammatikkemner for \u00e5 kunne snakke flytende.","breadcrumb":{"@id":"https:\/\/talkpal.ai\/no\/ukrainske-grammatikkovelser\/#breadcrumb"},"inLanguage":"nb-NO","potentialAction":[{"@type":"ReadAction","target":["https:\/\/talkpal.ai\/no\/ukrainske-grammatikkovelser\/"]}]},{"@type":"ImageObject","inLanguage":"nb-NO","@id":"https:\/\/talkpal.ai\/no\/ukrainske-grammatikkovelser\/#primaryimage","url":"https:\/\/talkpal.ai\/wp-content\/uploads\/2023\/04\/ukraine.png","contentUrl":"https:\/\/talkpal.ai\/wp-content\/uploads\/2023\/04\/ukraine.png","width":512,"height":512,"caption":"TalkPal Ukrainian Flag"},{"@type":"BreadcrumbList","@id":"https:\/\/talkpal.ai\/no\/ukrainske-grammatikkovelser\/#breadcrumb","itemListElement":[{"@type":"ListItem","position":1,"name":"Homepage","item":"https:\/\/talkpal.ai\/no\/"},{"@type":"ListItem","position":2,"name":"Ukrainske grammatikk\u00f8velser"}]},{"@type":"WebSite","@id":"https:\/\/talkpal.ai\/no\/#website","url":"https:\/\/talkpal.ai\/no\/","name":"Talkpal","description":"AI Language Learning","publisher":{"@id":"https:\/\/talkpal.ai\/no\/#organization"},"alternateName":"Talkpal AI","potentialAction":[{"@type":"SearchAction","target":{"@type":"EntryPoint","urlTemplate":"https:\/\/talkpal.ai\/no\/?s={search_term_string}"},"query-input":{"@type":"PropertyValueSpecification","valueRequired":true,"valueName":"search_term_string"}}],"inLanguage":"nb-NO"},{"@type":"Organization","@id":"https:\/\/talkpal.ai\/no\/#organization","name":"Talkpal, Inc.","alternateName":"Talkpal AI","url":"https:\/\/talkpal.ai\/no\/","logo":{"@type":"ImageObject","inLanguage":"nb-NO","@id":"https:\/\/talkpal.ai\/no\/#\/schema\/logo\/image\/","url":"https:\/\/talkpal.ai\/wp-content\/uploads\/2024\/03\/Talkpal-Logo-Icon.png","contentUrl":"https:\/\/talkpal.ai\/wp-content\/uploads\/2024\/03\/Talkpal-Logo-Icon.png","width":2880,"height":2880,"caption":"Talkpal, Inc."},"image":{"@id":"https:\/\/talkpal.ai\/no\/#\/schema\/logo\/image\/"},"sameAs":["https:\/\/www.facebook.com\/profile.php?id=100090733639311","https:\/\/x.com\/talkpalai","https:\/\/www.linkedin.com\/company\/talkpal\/","https:\/\/www.youtube.com\/@TalkPal\/","https:\/\/www.tiktok.com\/@talkpal","https:\/\/www.instagram.com\/talkpal_ai\/","https:\/\/www.crunchbase.com\/organization\/talkpal-9cde","https:\/\/www.g2.com\/products\/talkpal-for-business\/","https:\/\/www.trustpilot.com\/review\/talkpal.ai","https:\/\/www.capterra.com\/p\/10006800\/TalkPal\/"],"description":"Talkpal is a language learning web and mobile education app, powered by the latest AI technologies, that provides engaging experiences to its customers in many different languages to help them improve their language skills. Users can chat about unlimited amount of topics with the app and use other modes to practice their language learning.","email":"support@talkpal.ai","legalName":"Talkpal, Inc.","foundingDate":"2023-04-03","duns":"118989042","numberOfEmployees":{"@type":"QuantitativeValue","minValue":"11","maxValue":"50"},"publishingPrinciples":"https:\/\/talkpal.ai\/publishing-principles\/","actionableFeedbackPolicy":"https:\/\/talkpal.ai\/actionable-feedback-policy\/","correctionsPolicy":"https:\/\/talkpal.ai\/corrections-policy\/","ethicsPolicy":"https:\/\/talkpal.ai\/ethics-policy\/","diversityPolicy":"https:\/\/talkpal.ai\/diversity-policy\/","diversityStaffingReport":"https:\/\/talkpal.ai\/diversity-policy\/"}]}},"_links":{"self":[{"href":"https:\/\/talkpal.ai\/no\/wp-json\/wp\/v2\/pages\/135952","targetHints":{"allow":["GET"]}}],"collection":[{"href":"https:\/\/talkpal.ai\/no\/wp-json\/wp\/v2\/pages"}],"about":[{"href":"https:\/\/talkpal.ai\/no\/wp-json\/wp\/v2\/types\/page"}],"author":[{"embeddable":true,"href":"https:\/\/talkpal.ai\/no\/wp-json\/wp\/v2\/users\/6"}],"replies":[{"embeddable":true,"href":"https:\/\/talkpal.ai\/no\/wp-json\/wp\/v2\/comments?post=135952"}],"version-history":[{"count":0,"href":"https:\/\/talkpal.ai\/no\/wp-json\/wp\/v2\/pages\/135952\/revisions"}],"wp:featuredmedia":[{"embeddable":true,"href":"https:\/\/talkpal.ai\/no\/wp-json\/wp\/v2\/media\/108524"}],"wp:attachment":[{"href":"https:\/\/talkpal.ai\/no\/wp-json\/wp\/v2\/media?parent=135952"}],"curies":[{"name":"wp","href":"https:\/\/api.w.org\/{rel}","templated":true}]}}