{"id":135098,"date":"2023-06-16T10:27:33","date_gmt":"2023-06-16T10:27:33","guid":{"rendered":"http:\/\/talkpal.ai\/koreansk-grammatikkovelser\/"},"modified":"2025-12-17T16:57:36","modified_gmt":"2025-12-17T16:57:36","slug":"koreansk-grammatikkovelser","status":"publish","type":"page","link":"https:\/\/talkpal.ai\/no\/koreansk-grammatikkovelser\/","title":{"rendered":"Koreansk grammatikk\u00f8velser"},"content":{"rendered":"\r\n\r\n\r\n<section class=\"languageChallengeSection\">\r\n    <div class=\"languageInfoWrapper\">\r\n        \r\n        <h1>Koreansk grammatikk\u00f8velser<\/h1>\r\n        <p>\u00d8nsker du \u00e5 styrke dine ferdigheter i <a href=\"https:\/\/talkpal.ai\/learn-korean\/\">koreansk<\/a>? Fokus p\u00e5 grammatikk\u00f8velser er en fin m\u00e5te \u00e5 l\u00e6re seg setningsoppbygging, verbendelser og hverdagsfraser p\u00e5. Dyk ned og \u00f8v regelmessig p\u00e5 koreansk grammatikk &#8211; hver \u00f8velse bringer deg n\u00e6rmere en naturlig og trygg kommunikasjon. Begynn i dag og se dine ferdigheter i koreansk vokse steg for steg!<\/p>\r\n\r\n                            <a class=\"getStartedHidden\" href=\"https:\/\/app.talkpal.ai\/no\/signup?lng=\">Kom i gang<\/a>\r\n        \r\n    <\/div>\r\n\r\n    <figure>\r\n    <img decoding=\"async\" width=\"768\" height=\"768\" src=\"https:\/\/talkpal.ai\/wp-content\/uploads\/2023\/06\/korean-768x768.png\" class=\"languageImage no-lazy\" alt=\"Line-by-line learning for language acquisition\" fetchpriority=\"high\" sizes=\"(max-width: 768px) 150px, 768px\" srcset=\"https:\/\/talkpal.ai\/wp-content\/uploads\/2023\/06\/korean-768x768.png 768w, https:\/\/talkpal.ai\/wp-content\/uploads\/2023\/06\/korean-300x300.png 300w\" \/>\r\n    \r\n\r\n    <\/figure>\r\n\r\n            <a class=\"getStartedVisible\" href=\"https:\/\/app.talkpal.ai\/no\/signup?lng=\">Kom i gang<\/a>\r\n    \r\n<\/section>\r\n\r\n\r\n<!-- <section class=\"grammarSection\">\r\n    <div class=\"grammarLinks\">\r\n            <\/div>\r\n<\/section> -->\r\n\r\n\r\n\r\n\r\n<section class=\"promotionalBanner\">\r\n    <p class=\"promotionalText\">Den mest effektive m\u00e5ten \u00e5 l\u00e6re et spr\u00e5k p\u00e5<\/p>\r\n    <a class=\"promotionalLink\" href=\"https:\/\/app.talkpal.ai\/no\/signup?lng=\">Pr\u00f8v Talkpal gratis<\/a>\r\n<\/section>\n<div class=\"wp-block-group pageContainerStyle\"><div class=\"wp-block-group__inner-container is-layout-constrained wp-block-group-is-layout-constrained\">\n<h2 class=\"wp-block-heading\" id=\"h-korean-grammar-topics\">Koreanske grammatikkemner<\/h2>\n\n\n\n<p>\u00c5 l\u00e6re koreansk kan v\u00e6re en spennende og givende opplevelse ettersom det \u00e5pner for <a href=\"https:\/\/talkpal.ai\/talkpal-new-years-discount\/\">nye<\/a> kulturelle og profesjonelle muligheter. Det koreanske spr\u00e5ket har en rik historie og snakkes av millioner av mennesker over hele verden. En av n\u00f8kkelaspektene ved \u00e5 l\u00e6re et spr\u00e5k er \u00e5 forst\u00e5 grammatikken. N\u00e5r det gjelder koreansk, er grammatikken ganske forskjellig fra mange vestlige spr\u00e5k, men med riktig tiln\u00e6rming kan den forst\u00e5s systematisk. I denne artikkelen vil vi utforske ulike koreanske grammatikkemner, inkludert tider, verb, substantiv, artikler, pronomen, adjektiver, adverb, preposisjoner og setningsstruktur. Ved \u00e5 forst\u00e5 og <a href=\"https:\/\/talkpal.ai\/locations\/language-courses-in-mestre\/\">mestre<\/a> disse konseptene vil du v\u00e6re p\u00e5 god vei til \u00e5 bli dyktig i koreansk.<\/p>\n\n\n\n<h3 class=\"wp-block-heading\" id=\"h-1-nouns\">1. Substantiv:<\/h3>\n\n\n\n<p>P\u00e5 koreansk er substantiver viktige byggesteiner i setninger. De representerer mennesker, steder, ting eller ideer. Koreanske substantiv har ikke kj\u00f8nns- eller tallforskjeller, noe som gj\u00f8r dem relativt enkle \u00e5 l\u00e6re. \u00c5 gj\u00f8re deg kjent med vanlige koreanske substantiv vil hjelpe deg med \u00e5 bygge et sterkt vokabulargrunnlag.<\/p>\n\n\n\n<h3 class=\"wp-block-heading\" id=\"h-2-verbs\">2. Verb:<\/h3>\n\n\n\n<p>Koreanske verb er avgj\u00f8rende for \u00e5 formidle handlinger og tilstander. De kommer vanligvis p\u00e5 slutten av en setning og har forskjellige former avhengig av spennings- og h\u00f8flighetsniv\u00e5. \u00c5 forst\u00e5 b\u00f8yningsreglene for forskjellige verbformer er avgj\u00f8rende for effektiv kommunikasjon p\u00e5 koreansk.<\/p>\n\n\n\n<h3 class=\"wp-block-heading\" id=\"h-3-adjectives\">3. Adjektiver:<\/h3>\n\n\n\n<p>P\u00e5 koreansk brukes adjektiver for \u00e5 beskrive substantiv og har lignende b\u00f8yingsregler som verb. De kan brukes f\u00f8r eller etter et substantiv, og formen deres kan endre seg avhengig av anspenthet og h\u00f8flighetsniv\u00e5. \u00c5 l\u00e6re vanlige adjektiver og bruken av dem vil forbedre dine beskrivende evner p\u00e5 koreansk.<\/p>\n\n\n\n<h3 class=\"wp-block-heading\" id=\"h-4-adverbs\">4. Adverb:<\/h3>\n\n\n\n<p>Adverb p\u00e5 koreansk gir tilleggsinformasjon om verb, adjektiver eller andre adverb. De kommer vanligvis foran ordet de endrer og har ikke spesifikke b\u00f8yningsregler. \u00c5 inkludere adverb i de koreanske setningene dine kan legge til dybde og nyanser til uttrykket ditt.<\/p>\n\n\n\n<h3 class=\"wp-block-heading\" id=\"h-5-pronouns\">5. Pronomen:<\/h3>\n\n\n\n<p>Koreanske pronomen bidrar til \u00e5 unng\u00e5 overfl\u00f8dighet og gj\u00f8r setninger mer konsise. De erstatter substantiv som allerede er nevnt eller er forst\u00e5tt i sammenheng. Koreanske pronomen har ulike former basert p\u00e5 subjektets sosiale status og kj\u00f8nn, noe som gj\u00f8r dem til en viktig del av spr\u00e5ket \u00e5 beherske.<\/p>\n\n\n\n<h3 class=\"wp-block-heading\" id=\"h-6-prepositions\">6. Preposisjoner:<\/h3>\n\n\n\n<p>P\u00e5 koreansk brukes preposisjoner for \u00e5 uttrykke forhold mellom substantiver i en setning, for eksempel plassering, retning eller besittelse. I motsetning til <a href=\"https:\/\/talkpal.ai\/learn-english-with-ai\/\">engelsk<\/a>, kommer koreanske preposisjoner vanligvis etter substantivet de endrer, og danner en enkelt enhet kalt en postposisjonell frase. \u00c5 forst\u00e5 riktig bruk av disse partiklene er avgj\u00f8rende for \u00e5 konstruere sammenhengende koreanske setninger.<\/p>\n\n\n\n<h3 class=\"wp-block-heading\" id=\"h-7-sentence-structure\">7. Setningsstruktur:<\/h3>\n\n\n\n<p>Den grunnleggende strukturen til en koreansk setning er subjekt-objekt-verb (SOV). Dette betyr at verbet vanligvis kommer sist i en setning, noe som kan v\u00e6re en betydelig endring for <a href=\"https:\/\/talkpal.ai\/english-speaking-course\/\">engelsktalende<\/a>. \u00c5 l\u00e6re riktig ordrekkef\u00f8lge og setningsstruktur vil tillate deg \u00e5 kommunisere mer effektivt p\u00e5 koreansk.<\/p>\n\n\n\n<h3 class=\"wp-block-heading\" id=\"h-8-tenses-indicative-and-subjunctive\">8. Tider indikativ og konjunktiv:<\/h3>\n\n\n\n<p>Koreansk har forskjellige verbformer for \u00e5 uttrykke tidligere, n\u00e5v\u00e6rende og fremtidige handlinger eller stater. Den indikative stemningen brukes til faktautsagn, mens den konjunktive stemningen formidler usikkerhet, mulighet eller hypotetiske situasjoner. \u00c5 gjenkjenne og bruke disse verbformene riktig er avgj\u00f8rende for klar kommunikasjon p\u00e5 koreansk.<\/p>\n\n\n\n<h3 class=\"wp-block-heading\" id=\"h-9-tense-comparison\">9. Anspent sammenligning:<\/h3>\n\n\n\n<p>\u00c5 sammenligne hendelser i forskjellige tidsrammer krever forst\u00e5else av nyansene i koreansk verbb\u00f8yning. Ved \u00e5 l\u00e6re \u00e5 sammenligne tidligere, n\u00e5v\u00e6rende og fremtidige hendelser ved \u00e5 bruke passende verbformer, kan du formidle komplekse ideer og forhold p\u00e5 koreansk.<\/p>\n\n\n\n<h3 class=\"wp-block-heading\" id=\"h-10-articles\">10. Artikler:<\/h3>\n\n\n\n<p>I motsetning til engelsk, har ikke koreansk bestemte eller ubestemte artikler. I stedet er spr\u00e5ket avhengig av kontekst og bruk av spesifikke partikler for \u00e5 formidle bestemtheten eller ubestemtheten til et substantiv. \u00c5 mestre disse partiklene vil gj\u00f8re deg i stand til \u00e5 uttrykke deg mer n\u00f8yaktig p\u00e5 koreansk.<\/p>\n<\/div><\/div>\n\r\n<section class=\"learnNavigationSection\">\r\n            \r\n        <a href=\"https:\/\/talkpal.ai\/no\/laer-koreansk\/\">\r\n            <div class=\"learnNavigationWrapper\">\r\n                <div class=\"learnNavigationContent\">\r\n                    <img decoding=\"async\" src=\"https:\/\/talkpal.ai\/wp-content\/uploads\/2024\/08\/Korean.jpg\" alt=\"Korean Flag\">\r\n                    <div>\r\n                        <h4>Om \u00e5 l\u00e6re koreansk<\/h4>\r\n                        <p>Finn ut alt om koreansk grammatikk.<\/p>\r\n                    <\/div>\r\n                <\/div>\r\n            <\/div>\r\n        <\/a>\r\n\r\n        \r\n        <a href=\"https:\/\/talkpal.ai\/no\/koreansk-grammatikk\/\">\r\n            <div class=\"learnNavigationWrapper\">\r\n                <div class=\"learnNavigationContent\">\r\n                    <img decoding=\"async\" src=\"https:\/\/talkpal.ai\/wp-content\/uploads\/2024\/08\/Korean.jpg\" alt=\"Korean Flag\">\r\n                    <div>\r\n                        <h4>Leksjoner i koreansk grammatikk<\/h4>\r\n                        <p>\u00d8v p\u00e5 koreansk grammatikk.<\/p>\r\n                    <\/div>\r\n                <\/div>\r\n            <\/div>\r\n        <\/a>\r\n\r\n        \r\n        <a href=\"https:\/\/talkpal.ai\/vocabulary_language\/korean\/\">\r\n            <div class=\"learnNavigationWrapper\">\r\n                <div class=\"learnNavigationContent\">\r\n                    <img decoding=\"async\" src=\"https:\/\/talkpal.ai\/wp-content\/uploads\/2024\/08\/Korean.jpg\" alt=\"Korean Flag\">\r\n                    <div>\r\n                        <h4>Koreansk ordforr\u00e5d<\/h4>\r\n                        <p>Utvid ordforr\u00e5det ditt p\u00e5 koreansk.<\/p>\r\n                    <\/div>\r\n                <\/div>\r\n            <\/div>\r\n        <\/a>\r\n\r\n            <\/section>","protected":false},"excerpt":{"rendered":"<p>Koreanske grammatikkemner \u00c5 l\u00e6re koreansk kan v\u00e6re en spennende og givende opplevelse ettersom det \u00e5pner for nye kulturelle og profesjonelle muligheter. Det koreanske spr\u00e5ket har en rik historie og snakkes av millioner av mennesker over hele verden. En av n\u00f8kkelaspektene ved \u00e5 l\u00e6re et spr\u00e5k er \u00e5 forst\u00e5 grammatikken. N\u00e5r det gjelder koreansk, er grammatikken [&hellip;]<\/p>\n","protected":false},"author":6,"featured_media":107505,"parent":0,"menu_order":0,"comment_status":"closed","ping_status":"closed","template":"LearningContentPage.php","meta":{"_acf_changed":false,"footnotes":""},"class_list":["post-135098","page","type-page","status-publish","has-post-thumbnail","hentry"],"acf":[],"yoast_head":"<!-- This site is optimized with the Yoast SEO Premium plugin v27.2 (Yoast SEO v27.2) - https:\/\/yoast.com\/product\/yoast-seo-premium-wordpress\/ -->\n<title>Koreansk grammatikk\u00f8velser - Talkpal<\/title>\n<meta name=\"description\" content=\"Forbedre din koreanske grammatikk enkelt - \u00f8v med interaktive \u00f8velser, mestre spr\u00e5km\u00f8nstre og bygg selvtillit\" \/>\n<meta name=\"robots\" content=\"index, follow, max-snippet:-1, max-image-preview:large, max-video-preview:-1\" \/>\n<link rel=\"canonical\" href=\"https:\/\/talkpal.ai\/no\/koreansk-grammatikkovelser\/\" \/>\n<meta property=\"og:locale\" content=\"nb_NO\" \/>\n<meta property=\"og:type\" content=\"article\" \/>\n<meta property=\"og:title\" content=\"Koreansk grammatikk\u00f8velser\" \/>\n<meta property=\"og:description\" content=\"Koreanske grammatikkemner \u00c5 l\u00e6re koreansk kan v\u00e6re en spennende og givende opplevelse ettersom det \u00e5pner for nye kulturelle og profesjonelle muligheter.\" \/>\n<meta property=\"og:url\" content=\"https:\/\/talkpal.ai\/no\/koreansk-grammatikkovelser\/\" \/>\n<meta property=\"og:site_name\" content=\"Talkpal\" \/>\n<meta property=\"article:publisher\" content=\"https:\/\/www.facebook.com\/profile.php?id=100090733639311\" \/>\n<meta property=\"article:modified_time\" content=\"2025-12-17T16:57:36+00:00\" \/>\n<meta property=\"og:image\" content=\"https:\/\/talkpal.ai\/wp-content\/uploads\/2023\/04\/south-korea.png\" \/>\n\t<meta property=\"og:image:width\" content=\"512\" \/>\n\t<meta property=\"og:image:height\" content=\"512\" \/>\n\t<meta property=\"og:image:type\" content=\"image\/png\" \/>\n<meta name=\"twitter:card\" content=\"summary_large_image\" \/>\n<meta name=\"twitter:site\" content=\"@talkpalai\" \/>\n<meta name=\"twitter:label1\" content=\"Ansl. lesetid\" \/>\n\t<meta name=\"twitter:data1\" content=\"3 minutter\" \/>\n<script type=\"application\/ld+json\" class=\"yoast-schema-graph\">{\"@context\":\"https:\/\/schema.org\",\"@graph\":[{\"@type\":\"WebPage\",\"@id\":\"https:\/\/talkpal.ai\/no\/koreansk-grammatikkovelser\/\",\"url\":\"https:\/\/talkpal.ai\/no\/koreansk-grammatikkovelser\/\",\"name\":\"Koreansk grammatikk\u00f8velser - Talkpal\",\"isPartOf\":{\"@id\":\"https:\/\/talkpal.ai\/no\/#website\"},\"primaryImageOfPage\":{\"@id\":\"https:\/\/talkpal.ai\/no\/koreansk-grammatikkovelser\/#primaryimage\"},\"image\":{\"@id\":\"https:\/\/talkpal.ai\/no\/koreansk-grammatikkovelser\/#primaryimage\"},\"thumbnailUrl\":\"https:\/\/talkpal.ai\/wp-content\/uploads\/2023\/04\/south-korea.png\",\"datePublished\":\"2023-06-16T10:27:33+00:00\",\"dateModified\":\"2025-12-17T16:57:36+00:00\",\"description\":\"Forbedre din koreanske grammatikk enkelt - \u00f8v med interaktive \u00f8velser, mestre spr\u00e5km\u00f8nstre og bygg selvtillit\",\"breadcrumb\":{\"@id\":\"https:\/\/talkpal.ai\/no\/koreansk-grammatikkovelser\/#breadcrumb\"},\"inLanguage\":\"nb-NO\",\"potentialAction\":[{\"@type\":\"ReadAction\",\"target\":[\"https:\/\/talkpal.ai\/no\/koreansk-grammatikkovelser\/\"]}]},{\"@type\":\"ImageObject\",\"inLanguage\":\"nb-NO\",\"@id\":\"https:\/\/talkpal.ai\/no\/koreansk-grammatikkovelser\/#primaryimage\",\"url\":\"https:\/\/talkpal.ai\/wp-content\/uploads\/2023\/04\/south-korea.png\",\"contentUrl\":\"https:\/\/talkpal.ai\/wp-content\/uploads\/2023\/04\/south-korea.png\",\"width\":512,\"height\":512},{\"@type\":\"BreadcrumbList\",\"@id\":\"https:\/\/talkpal.ai\/no\/koreansk-grammatikkovelser\/#breadcrumb\",\"itemListElement\":[{\"@type\":\"ListItem\",\"position\":1,\"name\":\"Homepage\",\"item\":\"https:\/\/talkpal.ai\/no\/\"},{\"@type\":\"ListItem\",\"position\":2,\"name\":\"Koreansk grammatikk\u00f8velser\"}]},{\"@type\":\"WebSite\",\"@id\":\"https:\/\/talkpal.ai\/no\/#website\",\"url\":\"https:\/\/talkpal.ai\/no\/\",\"name\":\"Talkpal\",\"description\":\"AI Language Learning\",\"publisher\":{\"@id\":\"https:\/\/talkpal.ai\/no\/#organization\"},\"alternateName\":\"Talkpal AI\",\"potentialAction\":[{\"@type\":\"SearchAction\",\"target\":{\"@type\":\"EntryPoint\",\"urlTemplate\":\"https:\/\/talkpal.ai\/no\/?s={search_term_string}\"},\"query-input\":{\"@type\":\"PropertyValueSpecification\",\"valueRequired\":true,\"valueName\":\"search_term_string\"}}],\"inLanguage\":\"nb-NO\"},{\"@type\":\"Organization\",\"@id\":\"https:\/\/talkpal.ai\/no\/#organization\",\"name\":\"Talkpal, Inc.\",\"alternateName\":\"Talkpal AI\",\"url\":\"https:\/\/talkpal.ai\/no\/\",\"logo\":{\"@type\":\"ImageObject\",\"inLanguage\":\"nb-NO\",\"@id\":\"https:\/\/talkpal.ai\/no\/#\/schema\/logo\/image\/\",\"url\":\"https:\/\/talkpal.ai\/wp-content\/uploads\/2024\/03\/Talkpal-Logo-Icon.png\",\"contentUrl\":\"https:\/\/talkpal.ai\/wp-content\/uploads\/2024\/03\/Talkpal-Logo-Icon.png\",\"width\":2880,\"height\":2880,\"caption\":\"Talkpal, Inc.\"},\"image\":{\"@id\":\"https:\/\/talkpal.ai\/no\/#\/schema\/logo\/image\/\"},\"sameAs\":[\"https:\/\/www.facebook.com\/profile.php?id=100090733639311\",\"https:\/\/x.com\/talkpalai\",\"https:\/\/www.linkedin.com\/company\/talkpal\/\",\"https:\/\/www.youtube.com\/@TalkPal\/\",\"https:\/\/www.tiktok.com\/@talkpal\",\"https:\/\/www.instagram.com\/talkpal_ai\/\",\"https:\/\/www.crunchbase.com\/organization\/talkpal-9cde\",\"https:\/\/www.g2.com\/products\/talkpal-for-business\/\",\"https:\/\/www.trustpilot.com\/review\/talkpal.ai\",\"https:\/\/www.capterra.com\/p\/10006800\/TalkPal\/\"],\"description\":\"Talkpal is a language learning web and mobile education app, powered by the latest AI technologies, that provides engaging experiences to its customers in many different languages to help them improve their language skills. Users can chat about unlimited amount of topics with the app and use other modes to practice their language learning.\",\"email\":\"support@talkpal.ai\",\"legalName\":\"Talkpal, Inc.\",\"foundingDate\":\"2023-04-03\",\"duns\":\"118989042\",\"numberOfEmployees\":{\"@type\":\"QuantitativeValue\",\"minValue\":\"11\",\"maxValue\":\"50\"},\"publishingPrinciples\":\"https:\/\/talkpal.ai\/publishing-principles\/\",\"actionableFeedbackPolicy\":\"https:\/\/talkpal.ai\/actionable-feedback-policy\/\",\"correctionsPolicy\":\"https:\/\/talkpal.ai\/corrections-policy\/\",\"ethicsPolicy\":\"https:\/\/talkpal.ai\/ethics-policy\/\",\"diversityPolicy\":\"https:\/\/talkpal.ai\/diversity-policy\/\",\"diversityStaffingReport\":\"https:\/\/talkpal.ai\/diversity-policy\/\"}]}<\/script>\n<!-- \/ Yoast SEO Premium plugin. -->","yoast_head_json":{"title":"Koreansk grammatikk\u00f8velser - Talkpal","description":"Forbedre din koreanske grammatikk enkelt - \u00f8v med interaktive \u00f8velser, mestre spr\u00e5km\u00f8nstre og bygg selvtillit","robots":{"index":"index","follow":"follow","max-snippet":"max-snippet:-1","max-image-preview":"max-image-preview:large","max-video-preview":"max-video-preview:-1"},"canonical":"https:\/\/talkpal.ai\/no\/koreansk-grammatikkovelser\/","og_locale":"nb_NO","og_type":"article","og_title":"Koreansk grammatikk\u00f8velser","og_description":"Koreanske grammatikkemner \u00c5 l\u00e6re koreansk kan v\u00e6re en spennende og givende opplevelse ettersom det \u00e5pner for nye kulturelle og profesjonelle muligheter.","og_url":"https:\/\/talkpal.ai\/no\/koreansk-grammatikkovelser\/","og_site_name":"Talkpal","article_publisher":"https:\/\/www.facebook.com\/profile.php?id=100090733639311","article_modified_time":"2025-12-17T16:57:36+00:00","og_image":[{"width":512,"height":512,"url":"https:\/\/talkpal.ai\/wp-content\/uploads\/2023\/04\/south-korea.png","type":"image\/png"}],"twitter_card":"summary_large_image","twitter_site":"@talkpalai","twitter_misc":{"Ansl. lesetid":"3 minutter"},"schema":{"@context":"https:\/\/schema.org","@graph":[{"@type":"WebPage","@id":"https:\/\/talkpal.ai\/no\/koreansk-grammatikkovelser\/","url":"https:\/\/talkpal.ai\/no\/koreansk-grammatikkovelser\/","name":"Koreansk grammatikk\u00f8velser - Talkpal","isPartOf":{"@id":"https:\/\/talkpal.ai\/no\/#website"},"primaryImageOfPage":{"@id":"https:\/\/talkpal.ai\/no\/koreansk-grammatikkovelser\/#primaryimage"},"image":{"@id":"https:\/\/talkpal.ai\/no\/koreansk-grammatikkovelser\/#primaryimage"},"thumbnailUrl":"https:\/\/talkpal.ai\/wp-content\/uploads\/2023\/04\/south-korea.png","datePublished":"2023-06-16T10:27:33+00:00","dateModified":"2025-12-17T16:57:36+00:00","description":"Forbedre din koreanske grammatikk enkelt - \u00f8v med interaktive \u00f8velser, mestre spr\u00e5km\u00f8nstre og bygg selvtillit","breadcrumb":{"@id":"https:\/\/talkpal.ai\/no\/koreansk-grammatikkovelser\/#breadcrumb"},"inLanguage":"nb-NO","potentialAction":[{"@type":"ReadAction","target":["https:\/\/talkpal.ai\/no\/koreansk-grammatikkovelser\/"]}]},{"@type":"ImageObject","inLanguage":"nb-NO","@id":"https:\/\/talkpal.ai\/no\/koreansk-grammatikkovelser\/#primaryimage","url":"https:\/\/talkpal.ai\/wp-content\/uploads\/2023\/04\/south-korea.png","contentUrl":"https:\/\/talkpal.ai\/wp-content\/uploads\/2023\/04\/south-korea.png","width":512,"height":512},{"@type":"BreadcrumbList","@id":"https:\/\/talkpal.ai\/no\/koreansk-grammatikkovelser\/#breadcrumb","itemListElement":[{"@type":"ListItem","position":1,"name":"Homepage","item":"https:\/\/talkpal.ai\/no\/"},{"@type":"ListItem","position":2,"name":"Koreansk grammatikk\u00f8velser"}]},{"@type":"WebSite","@id":"https:\/\/talkpal.ai\/no\/#website","url":"https:\/\/talkpal.ai\/no\/","name":"Talkpal","description":"AI Language Learning","publisher":{"@id":"https:\/\/talkpal.ai\/no\/#organization"},"alternateName":"Talkpal AI","potentialAction":[{"@type":"SearchAction","target":{"@type":"EntryPoint","urlTemplate":"https:\/\/talkpal.ai\/no\/?s={search_term_string}"},"query-input":{"@type":"PropertyValueSpecification","valueRequired":true,"valueName":"search_term_string"}}],"inLanguage":"nb-NO"},{"@type":"Organization","@id":"https:\/\/talkpal.ai\/no\/#organization","name":"Talkpal, Inc.","alternateName":"Talkpal AI","url":"https:\/\/talkpal.ai\/no\/","logo":{"@type":"ImageObject","inLanguage":"nb-NO","@id":"https:\/\/talkpal.ai\/no\/#\/schema\/logo\/image\/","url":"https:\/\/talkpal.ai\/wp-content\/uploads\/2024\/03\/Talkpal-Logo-Icon.png","contentUrl":"https:\/\/talkpal.ai\/wp-content\/uploads\/2024\/03\/Talkpal-Logo-Icon.png","width":2880,"height":2880,"caption":"Talkpal, Inc."},"image":{"@id":"https:\/\/talkpal.ai\/no\/#\/schema\/logo\/image\/"},"sameAs":["https:\/\/www.facebook.com\/profile.php?id=100090733639311","https:\/\/x.com\/talkpalai","https:\/\/www.linkedin.com\/company\/talkpal\/","https:\/\/www.youtube.com\/@TalkPal\/","https:\/\/www.tiktok.com\/@talkpal","https:\/\/www.instagram.com\/talkpal_ai\/","https:\/\/www.crunchbase.com\/organization\/talkpal-9cde","https:\/\/www.g2.com\/products\/talkpal-for-business\/","https:\/\/www.trustpilot.com\/review\/talkpal.ai","https:\/\/www.capterra.com\/p\/10006800\/TalkPal\/"],"description":"Talkpal is a language learning web and mobile education app, powered by the latest AI technologies, that provides engaging experiences to its customers in many different languages to help them improve their language skills. Users can chat about unlimited amount of topics with the app and use other modes to practice their language learning.","email":"support@talkpal.ai","legalName":"Talkpal, Inc.","foundingDate":"2023-04-03","duns":"118989042","numberOfEmployees":{"@type":"QuantitativeValue","minValue":"11","maxValue":"50"},"publishingPrinciples":"https:\/\/talkpal.ai\/publishing-principles\/","actionableFeedbackPolicy":"https:\/\/talkpal.ai\/actionable-feedback-policy\/","correctionsPolicy":"https:\/\/talkpal.ai\/corrections-policy\/","ethicsPolicy":"https:\/\/talkpal.ai\/ethics-policy\/","diversityPolicy":"https:\/\/talkpal.ai\/diversity-policy\/","diversityStaffingReport":"https:\/\/talkpal.ai\/diversity-policy\/"}]}},"_links":{"self":[{"href":"https:\/\/talkpal.ai\/no\/wp-json\/wp\/v2\/pages\/135098","targetHints":{"allow":["GET"]}}],"collection":[{"href":"https:\/\/talkpal.ai\/no\/wp-json\/wp\/v2\/pages"}],"about":[{"href":"https:\/\/talkpal.ai\/no\/wp-json\/wp\/v2\/types\/page"}],"author":[{"embeddable":true,"href":"https:\/\/talkpal.ai\/no\/wp-json\/wp\/v2\/users\/6"}],"replies":[{"embeddable":true,"href":"https:\/\/talkpal.ai\/no\/wp-json\/wp\/v2\/comments?post=135098"}],"version-history":[{"count":0,"href":"https:\/\/talkpal.ai\/no\/wp-json\/wp\/v2\/pages\/135098\/revisions"}],"wp:featuredmedia":[{"embeddable":true,"href":"https:\/\/talkpal.ai\/no\/wp-json\/wp\/v2\/media\/107505"}],"wp:attachment":[{"href":"https:\/\/talkpal.ai\/no\/wp-json\/wp\/v2\/media?parent=135098"}],"curies":[{"name":"wp","href":"https:\/\/api.w.org\/{rel}","templated":true}]}}