{"id":134724,"date":"2023-06-16T10:21:59","date_gmt":"2023-06-16T10:21:59","guid":{"rendered":"http:\/\/talkpal.ai\/japanske-grammatikkovelser\/"},"modified":"2025-12-17T16:56:15","modified_gmt":"2025-12-17T16:56:15","slug":"japanske-grammatikkovelser","status":"publish","type":"page","link":"https:\/\/talkpal.ai\/no\/japanske-grammatikkovelser\/","title":{"rendered":"Japanske grammatikk\u00f8velser"},"content":{"rendered":"\r\n\r\n\r\n<section class=\"languageChallengeSection\">\r\n    <div class=\"languageInfoWrapper\">\r\n        \r\n        <h1>Japanske grammatikk\u00f8velser<\/h1>\r\n        <p>Er du klar til \u00e5 ta japansken din til neste niv\u00e5? \u00c5 \u00f8ve p\u00e5 grammatikk\u00f8velser er en fantastisk m\u00e5te \u00e5 forst\u00e5 setningsm\u00f8nstre p\u00e5, bruke partikler riktig og f\u00f8le seg mer hjemme i spr\u00e5ket. Sett i gang, pr\u00f8v ut nye grammatikkpunkter, og se hvordan hver \u00f8velse bringer deg n\u00e6rmere flytende <a href=\"https:\/\/talkpal.ai\/learn-japanese\/\">japansk<\/a> grammatikk &#8211; begynn \u00e5 \u00f8ve p\u00e5 japansk grammatikk i dag!<\/p>\r\n\r\n                            <a class=\"getStartedHidden\" href=\"https:\/\/app.talkpal.ai\/no\/signup?lng=\">Kom i gang<\/a>\r\n        \r\n    <\/div>\r\n\r\n    <figure>\r\n    <img decoding=\"async\" width=\"768\" height=\"768\" src=\"https:\/\/talkpal.ai\/wp-content\/uploads\/2023\/06\/japanese-768x768.png\" class=\"languageImage no-lazy\" alt=\"Language learning for world travelers\" fetchpriority=\"high\" sizes=\"(max-width: 768px) 150px, 768px\" srcset=\"https:\/\/talkpal.ai\/wp-content\/uploads\/2023\/06\/japanese-768x768.png 768w, https:\/\/talkpal.ai\/wp-content\/uploads\/2023\/06\/japanese-300x300.png 300w\" \/>\r\n    \r\n\r\n    <\/figure>\r\n\r\n            <a class=\"getStartedVisible\" href=\"https:\/\/app.talkpal.ai\/no\/signup?lng=\">Kom i gang<\/a>\r\n    \r\n<\/section>\r\n\r\n\r\n<!-- <section class=\"grammarSection\">\r\n    <div class=\"grammarLinks\">\r\n            <\/div>\r\n<\/section> -->\r\n\r\n\r\n\r\n\r\n<section class=\"promotionalBanner\">\r\n    <p class=\"promotionalText\">Den mest effektive m\u00e5ten \u00e5 l\u00e6re et spr\u00e5k p\u00e5<\/p>\r\n    <a class=\"promotionalLink\" href=\"https:\/\/app.talkpal.ai\/no\/signup?lng=\">Pr\u00f8v Talkpal gratis<\/a>\r\n<\/section>\n<div class=\"wp-block-group pageContainerStyle\"><div class=\"wp-block-group__inner-container is-layout-constrained wp-block-group-is-layout-constrained\">\n<h2 class=\"wp-block-heading\" id=\"h-japanese-grammar-topics\">Japanske grammatikkemner<\/h2>\n\n\n\n<p>\u00c5 l\u00e6re japansk kan v\u00e6re en spennende og givende opplevelse, siden det \u00e5pner for en helt <a href=\"https:\/\/talkpal.ai\/talkpal-new-years-discount\/\">ny<\/a> verden av kultur, kommunikasjon og personlig vekst. Det japanske spr\u00e5ket har en unik struktur og grammatikksystem, som kan virke skremmende i begynnelsen, men som kan mestres gjennom konsekvent praksis og en godt organisert l\u00e6ringsplan. For \u00e5 forenkle reisen din inn i den japanske verden, har vi gruppert de essensielle grammatikkemnene i en sekvens som vil hjelpe deg med \u00e5 bygge et sterkt grunnlag og utvikle deg jevnt. Ved \u00e5 fokusere p\u00e5 disse grammatikkelementene vil du v\u00e6re p\u00e5 god vei til \u00e5 oppn\u00e5 ferdigheter i japansk.<\/p>\n\n\n\n<h3 class=\"wp-block-heading\" id=\"h-1-particles\">1. Partikler:<\/h3>\n\n\n\n<p>Partikler er essensielle p\u00e5 japansk, <a href=\"https:\/\/talkpal.ai\/culture\/how-do-you-use-the-conjunction-da-de\/\">da de<\/a> indikerer forholdet mellom ord i en setning. De fungerer som preposisjoner og postposisjoner p\u00e5 andre spr\u00e5k. \u00c5 l\u00e6re partikler som \u306f (wa), \u304c (ga), \u3092 (wo), \u306b (ni), \u3067 (de) og \u3068 (til) vil hjelpe deg med \u00e5 danne grunnleggende setninger og forst\u00e5 funksjonen til hvert ord.<\/p>\n\n\n\n<h3 class=\"wp-block-heading\" id=\"h-2-nouns\">2. Substantiv:<\/h3>\n\n\n\n<p>\u00c5 gj\u00f8re deg kjent med vanlige substantiver vil tillate deg \u00e5 begynne \u00e5 bygge ordforr\u00e5det ditt. Japanske substantiv har ikke kj\u00f8nn, tall eller artikler, noe som forenkler l\u00e6ringsprosessen.<\/p>\n\n\n\n<h3 class=\"wp-block-heading\" id=\"h-3-pronouns\">3. Pronomen:<\/h3>\n\n\n\n<p>Japanske pronomen brukes til \u00e5 referere til mennesker og ting. Noen vanlige pronomen er \u79c1 (watashi &#8211; jeg), \u3042\u306a\u305f (anata &#8211; du), \u5f7c (kare &#8211; han), \u5f7c\u5973 (kanojo &#8211; hun) og \u305d\u308c (sore &#8211; det).<\/p>\n\n\n\n<h3 class=\"wp-block-heading\" id=\"h-4-verb-conjugation\">4. Verbkonjugasjon:<\/h3>\n\n\n\n<p>Japanske verb har forskjellige b\u00f8yninger basert p\u00e5 anspenthet, h\u00f8flighet og andre faktorer. \u00c5 l\u00e6re de grunnleggende verbformene, for eksempel ordbokformen, -masu-formen og -te-formen, vil hjelpe deg med \u00e5 uttrykke ulike handlinger og tilstander.<\/p>\n\n\n\n<h3 class=\"wp-block-heading\" id=\"h-5-tenses\">5. Tider:<\/h3>\n\n\n\n<p>Japansk har fortid og ikke-fortid, hvor sistnevnte brukes til n\u00e5v\u00e6rende og fremtidige handlinger. \u00c5 forst\u00e5 hvordan du b\u00f8yer verb i disse tidene vil hjelpe deg \u00e5 uttrykke tid n\u00f8yaktig.<\/p>\n\n\n\n<h3 class=\"wp-block-heading\" id=\"h-6-adjectives\">6. Adjektiver:<\/h3>\n\n\n\n<p>Japanske adjektiver er delt inn i to grupper: i-adjektiver og na-adjektiver. \u00c5 l\u00e6re b\u00f8yningsreglene deres og hvordan du bruker dem i setninger vil hjelpe deg med \u00e5 beskrive objekter, mennesker og situasjoner.<\/p>\n\n\n\n<h3 class=\"wp-block-heading\" id=\"h-7-adverbs\">7. Adverb:<\/h3>\n\n\n\n<p>Adverb endrer verb, adjektiver og andre adverb, og gir nyanser til setningene dine. Vanlige japanske adverb inkluderer \u901f\u304f (hayaku &#8211; raskt), \u3086\u3063\u304f\u308a (yukkuri &#8211; sakte) og \u3068\u3066\u3082 (totemo &#8211; veldig).<\/p>\n\n\n\n<h3 class=\"wp-block-heading\" id=\"h-8-prepositions\">8. Preposisjoner:<\/h3>\n\n\n\n<p>Selv om japansk ikke har preposisjoner p\u00e5 samme m\u00e5te som <a href=\"https:\/\/talkpal.ai\/learn-english-with-ai\/\">engelsk<\/a>, er det noen partikler som fungerer p\u00e5 samme m\u00e5te. \u00c5 l\u00e6re disse partiklene og deres bruk vil hjelpe deg med \u00e5 uttrykke romlige og tidsmessige forhold.<\/p>\n\n\n\n<h3 class=\"wp-block-heading\" id=\"h-9-conjunctions\">9. Konjunksjoner:<\/h3>\n\n\n\n<p>Konjunksjoner brukes til \u00e5 forbinde ord, setninger og setninger. Vanlige japanske konjunksjoner er \u305d\u3057\u3066 (soshite &#8211; og), \u3057\u304b\u3057 (shikashi &#8211; imidlertid) og \u3060\u304b\u3089 (dakara &#8211; derfor).<\/p>\n\n\n\n<h3 class=\"wp-block-heading\" id=\"h-10-sentence-structure\">10. Setningsstruktur:<\/h3>\n\n\n\n<p>Japansk f\u00f8lger en subjekt-objekt-verb (SOV) setningsstruktur. \u00c5 forst\u00e5 denne strukturen og andre setningsm\u00f8nstre vil hjelpe deg med \u00e5 lage n\u00f8yaktige og komplekse setninger.<\/p>\n\n\n\n<h3 class=\"wp-block-heading\" id=\"h-11-honorifics\">11. Hedersbevisninger:<\/h3>\n\n\n\n<p>Japansk har et komplekst system av \u00e6resbevisninger som uttrykker h\u00f8flighet og respekt. \u00c5 l\u00e6re det grunnleggende om \u00e6restale, for eksempel bruken av \u3067\u3059 (desu) og \u307e\u3059 (masu), vil hjelpe deg \u00e5 navigere i sosiale situasjoner.<\/p>\n\n\n\n<h3 class=\"wp-block-heading\" id=\"h-12-expressions\">12. Uttrykk:<\/h3>\n\n\n\n<p>\u00c5 gj\u00f8re deg kjent med vanlige japanske uttrykk og idiomer vil hjelpe deg \u00e5 h\u00f8res mer naturlig og flytende ut i samtalen.<\/p>\n\n\n\n<h3 class=\"wp-block-heading\" id=\"h-13-numbers\">13. Tall:<\/h3>\n\n\n\n<p>Japansk har et unikt tallsystem, med ulike tellere for ulike objekter. \u00c5 l\u00e6re \u00e5 telle og bruke tall i sammenheng er avgj\u00f8rende for daglig kommunikasjon.<\/p>\n\n\n\n<h3 class=\"wp-block-heading\" id=\"h-14-verbs\">14. Verb:<\/h3>\n\n\n\n<p>Til slutt vil utvidelse av verbvokabularet ditt tillate deg \u00e5 uttrykke et bredt spekter av handlinger og tilstander, slik at du kan kommunisere mer effektivt p\u00e5 japansk.<\/p>\n<\/div><\/div>\n\r\n<section class=\"learnNavigationSection\">\r\n            \r\n        <a href=\"https:\/\/talkpal.ai\/no\/laer-japansk\/\">\r\n            <div class=\"learnNavigationWrapper\">\r\n                <div class=\"learnNavigationContent\">\r\n                    <img decoding=\"async\" src=\"https:\/\/talkpal.ai\/wp-content\/uploads\/2024\/08\/Japanese.jpg\" alt=\"Japanese Flag\">\r\n                    <div>\r\n                        <h4>Om \u00e5 l\u00e6re japansk<\/h4>\r\n                        <p>Finn ut alt om japansk grammatikk.<\/p>\r\n                    <\/div>\r\n                <\/div>\r\n            <\/div>\r\n        <\/a>\r\n\r\n        \r\n        <a href=\"https:\/\/talkpal.ai\/no\/japansk-grammatikk\/\">\r\n            <div class=\"learnNavigationWrapper\">\r\n                <div class=\"learnNavigationContent\">\r\n                    <img decoding=\"async\" src=\"https:\/\/talkpal.ai\/wp-content\/uploads\/2024\/08\/Japanese.jpg\" alt=\"Japanese Flag\">\r\n                    <div>\r\n                        <h4>Leksjoner i japansk grammatikk<\/h4>\r\n                        <p>\u00d8v japansk grammatikk.<\/p>\r\n                    <\/div>\r\n                <\/div>\r\n            <\/div>\r\n        <\/a>\r\n\r\n        \r\n        <a href=\"https:\/\/talkpal.ai\/vocabulary_language\/japanese\/\">\r\n            <div class=\"learnNavigationWrapper\">\r\n                <div class=\"learnNavigationContent\">\r\n                    <img decoding=\"async\" src=\"https:\/\/talkpal.ai\/wp-content\/uploads\/2024\/08\/Japanese.jpg\" alt=\"Japanese Flag\">\r\n                    <div>\r\n                        <h4>Japansk ordforr\u00e5d<\/h4>\r\n                        <p>Utvid ordforr\u00e5det ditt p\u00e5 japansk.<\/p>\r\n                    <\/div>\r\n                <\/div>\r\n            <\/div>\r\n        <\/a>\r\n\r\n            <\/section>","protected":false},"excerpt":{"rendered":"<p>Japanske grammatikkemner \u00c5 l\u00e6re japansk kan v\u00e6re en spennende og givende opplevelse, siden det \u00e5pner for en helt ny verden av kultur, kommunikasjon og personlig vekst. Det japanske spr\u00e5ket har en unik struktur og grammatikksystem, som kan virke skremmende i begynnelsen, men som kan mestres gjennom konsekvent praksis og en godt organisert l\u00e6ringsplan. For \u00e5 [&hellip;]<\/p>\n","protected":false},"author":6,"featured_media":107197,"parent":0,"menu_order":0,"comment_status":"closed","ping_status":"closed","template":"LearningContentPage.php","meta":{"_acf_changed":false,"footnotes":""},"class_list":["post-134724","page","type-page","status-publish","has-post-thumbnail","hentry"],"acf":[],"yoast_head":"<!-- This site is optimized with the Yoast SEO Premium plugin v27.2 (Yoast SEO v27.2) - https:\/\/yoast.com\/product\/yoast-seo-premium-wordpress\/ -->\n<title>Japanske grammatikk\u00f8velser - Talkpal<\/title>\n<meta name=\"description\" content=\"Forbedre dine ferdigheter i japansk grammatikk - mestre setningsstrukturer, \u00f8v p\u00e5 interaktive aktiviteter og f\u00e5 bedre flyt i spr\u00e5ket\" \/>\n<meta name=\"robots\" content=\"index, follow, max-snippet:-1, max-image-preview:large, max-video-preview:-1\" \/>\n<link rel=\"canonical\" href=\"https:\/\/talkpal.ai\/no\/japanske-grammatikkovelser\/\" \/>\n<meta property=\"og:locale\" content=\"nb_NO\" \/>\n<meta property=\"og:type\" content=\"article\" \/>\n<meta property=\"og:title\" content=\"Japanske grammatikk\u00f8velser\" \/>\n<meta property=\"og:description\" content=\"Japanske grammatikkemner \u00c5 l\u00e6re japansk kan v\u00e6re en spennende og givende opplevelse, siden det \u00e5pner for en helt ny verden av kultur, kommunikasjon og\" \/>\n<meta property=\"og:url\" content=\"https:\/\/talkpal.ai\/no\/japanske-grammatikkovelser\/\" \/>\n<meta property=\"og:site_name\" content=\"Talkpal\" \/>\n<meta property=\"article:publisher\" content=\"https:\/\/www.facebook.com\/profile.php?id=100090733639311\" \/>\n<meta property=\"article:modified_time\" content=\"2025-12-17T16:56:15+00:00\" \/>\n<meta property=\"og:image\" content=\"https:\/\/talkpal.ai\/wp-content\/uploads\/2023\/04\/japan.png\" \/>\n\t<meta property=\"og:image:width\" content=\"512\" \/>\n\t<meta property=\"og:image:height\" content=\"512\" \/>\n\t<meta property=\"og:image:type\" content=\"image\/png\" \/>\n<meta name=\"twitter:card\" content=\"summary_large_image\" \/>\n<meta name=\"twitter:site\" content=\"@talkpalai\" \/>\n<meta name=\"twitter:label1\" content=\"Ansl. lesetid\" \/>\n\t<meta name=\"twitter:data1\" content=\"3 minutter\" \/>\n<script type=\"application\/ld+json\" class=\"yoast-schema-graph\">{\"@context\":\"https:\/\/schema.org\",\"@graph\":[{\"@type\":\"WebPage\",\"@id\":\"https:\/\/talkpal.ai\/no\/japanske-grammatikkovelser\/\",\"url\":\"https:\/\/talkpal.ai\/no\/japanske-grammatikkovelser\/\",\"name\":\"Japanske grammatikk\u00f8velser - Talkpal\",\"isPartOf\":{\"@id\":\"https:\/\/talkpal.ai\/no\/#website\"},\"primaryImageOfPage\":{\"@id\":\"https:\/\/talkpal.ai\/no\/japanske-grammatikkovelser\/#primaryimage\"},\"image\":{\"@id\":\"https:\/\/talkpal.ai\/no\/japanske-grammatikkovelser\/#primaryimage\"},\"thumbnailUrl\":\"https:\/\/talkpal.ai\/wp-content\/uploads\/2023\/04\/japan.png\",\"datePublished\":\"2023-06-16T10:21:59+00:00\",\"dateModified\":\"2025-12-17T16:56:15+00:00\",\"description\":\"Forbedre dine ferdigheter i japansk grammatikk - mestre setningsstrukturer, \u00f8v p\u00e5 interaktive aktiviteter og f\u00e5 bedre flyt i spr\u00e5ket\",\"breadcrumb\":{\"@id\":\"https:\/\/talkpal.ai\/no\/japanske-grammatikkovelser\/#breadcrumb\"},\"inLanguage\":\"nb-NO\",\"potentialAction\":[{\"@type\":\"ReadAction\",\"target\":[\"https:\/\/talkpal.ai\/no\/japanske-grammatikkovelser\/\"]}]},{\"@type\":\"ImageObject\",\"inLanguage\":\"nb-NO\",\"@id\":\"https:\/\/talkpal.ai\/no\/japanske-grammatikkovelser\/#primaryimage\",\"url\":\"https:\/\/talkpal.ai\/wp-content\/uploads\/2023\/04\/japan.png\",\"contentUrl\":\"https:\/\/talkpal.ai\/wp-content\/uploads\/2023\/04\/japan.png\",\"width\":512,\"height\":512},{\"@type\":\"BreadcrumbList\",\"@id\":\"https:\/\/talkpal.ai\/no\/japanske-grammatikkovelser\/#breadcrumb\",\"itemListElement\":[{\"@type\":\"ListItem\",\"position\":1,\"name\":\"Homepage\",\"item\":\"https:\/\/talkpal.ai\/no\/\"},{\"@type\":\"ListItem\",\"position\":2,\"name\":\"Japanske grammatikk\u00f8velser\"}]},{\"@type\":\"WebSite\",\"@id\":\"https:\/\/talkpal.ai\/no\/#website\",\"url\":\"https:\/\/talkpal.ai\/no\/\",\"name\":\"Talkpal\",\"description\":\"AI Language Learning\",\"publisher\":{\"@id\":\"https:\/\/talkpal.ai\/no\/#organization\"},\"alternateName\":\"Talkpal AI\",\"potentialAction\":[{\"@type\":\"SearchAction\",\"target\":{\"@type\":\"EntryPoint\",\"urlTemplate\":\"https:\/\/talkpal.ai\/no\/?s={search_term_string}\"},\"query-input\":{\"@type\":\"PropertyValueSpecification\",\"valueRequired\":true,\"valueName\":\"search_term_string\"}}],\"inLanguage\":\"nb-NO\"},{\"@type\":\"Organization\",\"@id\":\"https:\/\/talkpal.ai\/no\/#organization\",\"name\":\"Talkpal, Inc.\",\"alternateName\":\"Talkpal AI\",\"url\":\"https:\/\/talkpal.ai\/no\/\",\"logo\":{\"@type\":\"ImageObject\",\"inLanguage\":\"nb-NO\",\"@id\":\"https:\/\/talkpal.ai\/no\/#\/schema\/logo\/image\/\",\"url\":\"https:\/\/talkpal.ai\/wp-content\/uploads\/2024\/03\/Talkpal-Logo-Icon.png\",\"contentUrl\":\"https:\/\/talkpal.ai\/wp-content\/uploads\/2024\/03\/Talkpal-Logo-Icon.png\",\"width\":2880,\"height\":2880,\"caption\":\"Talkpal, Inc.\"},\"image\":{\"@id\":\"https:\/\/talkpal.ai\/no\/#\/schema\/logo\/image\/\"},\"sameAs\":[\"https:\/\/www.facebook.com\/profile.php?id=100090733639311\",\"https:\/\/x.com\/talkpalai\",\"https:\/\/www.linkedin.com\/company\/talkpal\/\",\"https:\/\/www.youtube.com\/@TalkPal\/\",\"https:\/\/www.tiktok.com\/@talkpal\",\"https:\/\/www.instagram.com\/talkpal_ai\/\",\"https:\/\/www.crunchbase.com\/organization\/talkpal-9cde\",\"https:\/\/www.g2.com\/products\/talkpal-for-business\/\",\"https:\/\/www.trustpilot.com\/review\/talkpal.ai\",\"https:\/\/www.capterra.com\/p\/10006800\/TalkPal\/\"],\"description\":\"Talkpal is a language learning web and mobile education app, powered by the latest AI technologies, that provides engaging experiences to its customers in many different languages to help them improve their language skills. Users can chat about unlimited amount of topics with the app and use other modes to practice their language learning.\",\"email\":\"support@talkpal.ai\",\"legalName\":\"Talkpal, Inc.\",\"foundingDate\":\"2023-04-03\",\"duns\":\"118989042\",\"numberOfEmployees\":{\"@type\":\"QuantitativeValue\",\"minValue\":\"11\",\"maxValue\":\"50\"},\"publishingPrinciples\":\"https:\/\/talkpal.ai\/publishing-principles\/\",\"actionableFeedbackPolicy\":\"https:\/\/talkpal.ai\/actionable-feedback-policy\/\",\"correctionsPolicy\":\"https:\/\/talkpal.ai\/corrections-policy\/\",\"ethicsPolicy\":\"https:\/\/talkpal.ai\/ethics-policy\/\",\"diversityPolicy\":\"https:\/\/talkpal.ai\/diversity-policy\/\",\"diversityStaffingReport\":\"https:\/\/talkpal.ai\/diversity-policy\/\"}]}<\/script>\n<!-- \/ Yoast SEO Premium plugin. -->","yoast_head_json":{"title":"Japanske grammatikk\u00f8velser - Talkpal","description":"Forbedre dine ferdigheter i japansk grammatikk - mestre setningsstrukturer, \u00f8v p\u00e5 interaktive aktiviteter og f\u00e5 bedre flyt i spr\u00e5ket","robots":{"index":"index","follow":"follow","max-snippet":"max-snippet:-1","max-image-preview":"max-image-preview:large","max-video-preview":"max-video-preview:-1"},"canonical":"https:\/\/talkpal.ai\/no\/japanske-grammatikkovelser\/","og_locale":"nb_NO","og_type":"article","og_title":"Japanske grammatikk\u00f8velser","og_description":"Japanske grammatikkemner \u00c5 l\u00e6re japansk kan v\u00e6re en spennende og givende opplevelse, siden det \u00e5pner for en helt ny verden av kultur, kommunikasjon og","og_url":"https:\/\/talkpal.ai\/no\/japanske-grammatikkovelser\/","og_site_name":"Talkpal","article_publisher":"https:\/\/www.facebook.com\/profile.php?id=100090733639311","article_modified_time":"2025-12-17T16:56:15+00:00","og_image":[{"width":512,"height":512,"url":"https:\/\/talkpal.ai\/wp-content\/uploads\/2023\/04\/japan.png","type":"image\/png"}],"twitter_card":"summary_large_image","twitter_site":"@talkpalai","twitter_misc":{"Ansl. lesetid":"3 minutter"},"schema":{"@context":"https:\/\/schema.org","@graph":[{"@type":"WebPage","@id":"https:\/\/talkpal.ai\/no\/japanske-grammatikkovelser\/","url":"https:\/\/talkpal.ai\/no\/japanske-grammatikkovelser\/","name":"Japanske grammatikk\u00f8velser - Talkpal","isPartOf":{"@id":"https:\/\/talkpal.ai\/no\/#website"},"primaryImageOfPage":{"@id":"https:\/\/talkpal.ai\/no\/japanske-grammatikkovelser\/#primaryimage"},"image":{"@id":"https:\/\/talkpal.ai\/no\/japanske-grammatikkovelser\/#primaryimage"},"thumbnailUrl":"https:\/\/talkpal.ai\/wp-content\/uploads\/2023\/04\/japan.png","datePublished":"2023-06-16T10:21:59+00:00","dateModified":"2025-12-17T16:56:15+00:00","description":"Forbedre dine ferdigheter i japansk grammatikk - mestre setningsstrukturer, \u00f8v p\u00e5 interaktive aktiviteter og f\u00e5 bedre flyt i spr\u00e5ket","breadcrumb":{"@id":"https:\/\/talkpal.ai\/no\/japanske-grammatikkovelser\/#breadcrumb"},"inLanguage":"nb-NO","potentialAction":[{"@type":"ReadAction","target":["https:\/\/talkpal.ai\/no\/japanske-grammatikkovelser\/"]}]},{"@type":"ImageObject","inLanguage":"nb-NO","@id":"https:\/\/talkpal.ai\/no\/japanske-grammatikkovelser\/#primaryimage","url":"https:\/\/talkpal.ai\/wp-content\/uploads\/2023\/04\/japan.png","contentUrl":"https:\/\/talkpal.ai\/wp-content\/uploads\/2023\/04\/japan.png","width":512,"height":512},{"@type":"BreadcrumbList","@id":"https:\/\/talkpal.ai\/no\/japanske-grammatikkovelser\/#breadcrumb","itemListElement":[{"@type":"ListItem","position":1,"name":"Homepage","item":"https:\/\/talkpal.ai\/no\/"},{"@type":"ListItem","position":2,"name":"Japanske grammatikk\u00f8velser"}]},{"@type":"WebSite","@id":"https:\/\/talkpal.ai\/no\/#website","url":"https:\/\/talkpal.ai\/no\/","name":"Talkpal","description":"AI Language Learning","publisher":{"@id":"https:\/\/talkpal.ai\/no\/#organization"},"alternateName":"Talkpal AI","potentialAction":[{"@type":"SearchAction","target":{"@type":"EntryPoint","urlTemplate":"https:\/\/talkpal.ai\/no\/?s={search_term_string}"},"query-input":{"@type":"PropertyValueSpecification","valueRequired":true,"valueName":"search_term_string"}}],"inLanguage":"nb-NO"},{"@type":"Organization","@id":"https:\/\/talkpal.ai\/no\/#organization","name":"Talkpal, Inc.","alternateName":"Talkpal AI","url":"https:\/\/talkpal.ai\/no\/","logo":{"@type":"ImageObject","inLanguage":"nb-NO","@id":"https:\/\/talkpal.ai\/no\/#\/schema\/logo\/image\/","url":"https:\/\/talkpal.ai\/wp-content\/uploads\/2024\/03\/Talkpal-Logo-Icon.png","contentUrl":"https:\/\/talkpal.ai\/wp-content\/uploads\/2024\/03\/Talkpal-Logo-Icon.png","width":2880,"height":2880,"caption":"Talkpal, Inc."},"image":{"@id":"https:\/\/talkpal.ai\/no\/#\/schema\/logo\/image\/"},"sameAs":["https:\/\/www.facebook.com\/profile.php?id=100090733639311","https:\/\/x.com\/talkpalai","https:\/\/www.linkedin.com\/company\/talkpal\/","https:\/\/www.youtube.com\/@TalkPal\/","https:\/\/www.tiktok.com\/@talkpal","https:\/\/www.instagram.com\/talkpal_ai\/","https:\/\/www.crunchbase.com\/organization\/talkpal-9cde","https:\/\/www.g2.com\/products\/talkpal-for-business\/","https:\/\/www.trustpilot.com\/review\/talkpal.ai","https:\/\/www.capterra.com\/p\/10006800\/TalkPal\/"],"description":"Talkpal is a language learning web and mobile education app, powered by the latest AI technologies, that provides engaging experiences to its customers in many different languages to help them improve their language skills. Users can chat about unlimited amount of topics with the app and use other modes to practice their language learning.","email":"support@talkpal.ai","legalName":"Talkpal, Inc.","foundingDate":"2023-04-03","duns":"118989042","numberOfEmployees":{"@type":"QuantitativeValue","minValue":"11","maxValue":"50"},"publishingPrinciples":"https:\/\/talkpal.ai\/publishing-principles\/","actionableFeedbackPolicy":"https:\/\/talkpal.ai\/actionable-feedback-policy\/","correctionsPolicy":"https:\/\/talkpal.ai\/corrections-policy\/","ethicsPolicy":"https:\/\/talkpal.ai\/ethics-policy\/","diversityPolicy":"https:\/\/talkpal.ai\/diversity-policy\/","diversityStaffingReport":"https:\/\/talkpal.ai\/diversity-policy\/"}]}},"_links":{"self":[{"href":"https:\/\/talkpal.ai\/no\/wp-json\/wp\/v2\/pages\/134724","targetHints":{"allow":["GET"]}}],"collection":[{"href":"https:\/\/talkpal.ai\/no\/wp-json\/wp\/v2\/pages"}],"about":[{"href":"https:\/\/talkpal.ai\/no\/wp-json\/wp\/v2\/types\/page"}],"author":[{"embeddable":true,"href":"https:\/\/talkpal.ai\/no\/wp-json\/wp\/v2\/users\/6"}],"replies":[{"embeddable":true,"href":"https:\/\/talkpal.ai\/no\/wp-json\/wp\/v2\/comments?post=134724"}],"version-history":[{"count":0,"href":"https:\/\/talkpal.ai\/no\/wp-json\/wp\/v2\/pages\/134724\/revisions"}],"wp:featuredmedia":[{"embeddable":true,"href":"https:\/\/talkpal.ai\/no\/wp-json\/wp\/v2\/media\/107197"}],"wp:attachment":[{"href":"https:\/\/talkpal.ai\/no\/wp-json\/wp\/v2\/media?parent=134724"}],"curies":[{"name":"wp","href":"https:\/\/api.w.org\/{rel}","templated":true}]}}