{"id":133183,"date":"2023-06-16T09:41:10","date_gmt":"2023-06-16T09:41:10","guid":{"rendered":"http:\/\/talkpal.ai\/nederlandsk-grammatikkovelser\/"},"modified":"2025-12-17T15:27:55","modified_gmt":"2025-12-17T15:27:55","slug":"nederlandsk-grammatikkovelser","status":"publish","type":"page","link":"https:\/\/talkpal.ai\/no\/nederlandsk-grammatikkovelser\/","title":{"rendered":"Nederlandsk grammatikk\u00f8velser"},"content":{"rendered":"\r\n\r\n\r\n<section class=\"languageChallengeSection\">\r\n    <div class=\"languageInfoWrapper\">\r\n        \r\n        <h1>Nederlandsk grammatikk\u00f8velser<\/h1>\r\n        <p>Vil du bli tryggere p\u00e5 <a href=\"https:\/\/talkpal.ai\/learn-dutch\/\">nederlandsk<\/a>? Grammatikk\u00f8velser er en fin m\u00e5te \u00e5 l\u00e6re seg setningsoppbygging, verbb\u00f8yninger og de unike m\u00f8nstrene i <a href=\"https:\/\/talkpal.ai\/learn-dutch\/\">nederlandsk<\/a> spr\u00e5k. Begynn \u00e5 jobbe med nederlandsk grammatikk i dag, og se ferdighetene dine vokse for hver \u00f8velse!\n\n<\/p>\r\n\r\n                            <a class=\"getStartedHidden\" href=\"https:\/\/app.talkpal.ai\/no\/signup?lng=\">Kom i gang<\/a>\r\n        \r\n    <\/div>\r\n\r\n    <figure>\r\n    <img decoding=\"async\" width=\"768\" height=\"768\" src=\"https:\/\/talkpal.ai\/wp-content\/uploads\/2023\/06\/Dutch-768x768.png\" class=\"languageImage no-lazy\" alt=\"Developing skills through language learning\" fetchpriority=\"high\" sizes=\"(max-width: 768px) 150px, 768px\" srcset=\"https:\/\/talkpal.ai\/wp-content\/uploads\/2023\/06\/Dutch-768x768.png 768w, https:\/\/talkpal.ai\/wp-content\/uploads\/2023\/06\/Dutch-300x300.png 300w\" \/>\r\n    \r\n\r\n    <\/figure>\r\n\r\n            <a class=\"getStartedVisible\" href=\"https:\/\/app.talkpal.ai\/no\/signup?lng=\">Kom i gang<\/a>\r\n    \r\n<\/section>\r\n\r\n\r\n<!-- <section class=\"grammarSection\">\r\n    <div class=\"grammarLinks\">\r\n            <\/div>\r\n<\/section> -->\r\n\r\n\r\n\r\n\r\n<section class=\"promotionalBanner\">\r\n    <p class=\"promotionalText\">Den mest effektive m\u00e5ten \u00e5 l\u00e6re et spr\u00e5k p\u00e5<\/p>\r\n    <a class=\"promotionalLink\" href=\"https:\/\/app.talkpal.ai\/no\/signup?lng=\">Pr\u00f8v Talkpal gratis<\/a>\r\n<\/section>\n<div class=\"wp-block-group pageContainerStyle\"><div class=\"wp-block-group__inner-container is-layout-constrained wp-block-group-is-layout-constrained\">\n<h2 class=\"wp-block-heading\" id=\"h-dutch-grammar-topics\">Nederlandsk grammatikkemner<\/h2>\n\n\n\n<p>\u00c5 l\u00e6re nederlandsk kan v\u00e6re en spennende og givende opplevelse, siden det \u00e5pner opp d\u00f8ren til en rik kultur, historie og muligheter for personlig og profesjonell vekst. Det nederlandske spr\u00e5ket, mens det er n\u00e6rt beslektet med <a href=\"https:\/\/talkpal.ai\/learn-english-with-ai\/\">engelsk<\/a> og <a href=\"https:\/\/talkpal.ai\/learn-german\/\">tysk<\/a>, har sine egne unike grammatikkregler og struktur, som kan virke utfordrende i begynnelsen. Men med dedikasjon og riktig tiln\u00e6rming kan du <a href=\"https:\/\/talkpal.ai\/locations\/language-courses-in-mestre\/\">mestre<\/a> det nederlandske spr\u00e5ket og kommunisere flytende med morsm\u00e5l. I denne veiledningen vil vi utforske noen viktige nederlandske grammatikkemner, gruppert i en sekvens som vil hjelpe deg \u00e5 l\u00e6re spr\u00e5ket p\u00e5 en systematisk og effektiv m\u00e5te.<\/p>\n\n\n\n<h3 class=\"wp-block-heading\" id=\"h-1-nouns-and-articles\">1. Substantiv og artikler:<\/h3>\n\n\n\n<p>Begynn med \u00e5 gj\u00f8re deg kjent med nederlandske substantiver og deres kj\u00f8nnsklassifisering (vanlig og intetkj\u00f8nn). L\u00e6r de bestemte og ubestemte artiklene som f\u00f8lger med dem, s\u00e5 vel som flertallsformer og diminutive endelser.<\/p>\n\n\n\n<h3 class=\"wp-block-heading\" id=\"h-2-adjectives\">2. Adjektiver:<\/h3>\n\n\n\n<p>Deretter studerer du reglene for adjektivavtale med substantiver n\u00e5r det gjelder kj\u00f8nn, antall og tilstedev\u00e6relsen av bestemte artikler. L\u00e6r hvordan adjektiver b\u00f8yes basert p\u00e5 disse faktorene og hvordan du bruker komparative og superlative former.<\/p>\n\n\n\n<h3 class=\"wp-block-heading\" id=\"h-3-pronouns\">3. Pronomen:<\/h3>\n\n\n\n<p>Dykk inn i verden av nederlandske pronomen, inkludert personlige, besittende, demonstrative, refleksive og relative pronomen. Forst\u00e5 hvordan de erstatter substantiver og hvordan de stemmer overens med dem n\u00e5r det gjelder kj\u00f8nn og antall.<\/p>\n\n\n\n<h3 class=\"wp-block-heading\" id=\"h-4-verbs\">4. Verb:<\/h3>\n\n\n\n<p>Fokuser n\u00e5 p\u00e5 nederlandske verb og deres konjugasjonsm\u00f8nstre i n\u00e5tid, fortid og fremtid. L\u00e6r forskjellen mellom sterke, svake og uregelmessige verb, og gj\u00f8r deg kjent med reglene for \u00e5 danne perfekt og pluperfekt tid.<\/p>\n\n\n\n<h3 class=\"wp-block-heading\" id=\"h-5-tenses-indicative\">5. Indikativ tid:<\/h3>\n\n\n\n<p>Studer den veiledende stemningen p\u00e5 nederlandsk, som brukes til \u00e5 uttrykke utsagn om fakta og sannsynlighet. L\u00e6r hvordan du kan b\u00f8ye verb i n\u00e5tid, fortid og fremtidig tid i denne stemningen, s\u00e5 vel som de betingede og imperative formene.<\/p>\n\n\n\n<h3 class=\"wp-block-heading\" id=\"h-6-tenses-subjunctive\">6. Tidsformer konjunktiv:<\/h3>\n\n\n\n<p>Selv om det er mindre vanlig i moderne nederlandsk, er konjunktivstemningen avgj\u00f8rende for \u00e5 forst\u00e5 <a href=\"https:\/\/talkpal.ai\/talkpal-discount-for-seniors\/\">eldre<\/a> tekster og formelt spr\u00e5k. L\u00e6r hvordan du danner konjunktivstemningen p\u00e5 nederlandsk og n\u00e5r du skal bruke den.<\/p>\n\n\n\n<h3 class=\"wp-block-heading\" id=\"h-7-tense-comparison\">7. Anspent sammenligning:<\/h3>\n\n\n\n<p>Etter \u00e5 ha mestret de ulike tidene, fokuser p\u00e5 \u00e5 forst\u00e5 forskjellene og likhetene mellom dem. L\u00e6r hvordan du bruker hver tid riktig i kontekst og hvordan de samhandler med hverandre.<\/p>\n\n\n\n<h3 class=\"wp-block-heading\" id=\"h-8-adverbs\">8. Adverb:<\/h3>\n\n\n\n<p>Studer nederlandske adverb og deres ulike funksjoner i setninger. L\u00e6r hvordan du danner adverb fra adjektiver og hvordan du bruker dem til \u00e5 endre verb, adjektiver og andre adverb.<\/p>\n\n\n\n<h3 class=\"wp-block-heading\" id=\"h-9-prepositions\">9. Preposisjoner:<\/h3>\n\n\n\n<p>Utvikle en sterk forst\u00e5else av nederlandske preposisjoner og deres bruk med substantiv, pronomen og verb. L\u00e6r hvordan de uttrykker relasjoner i tid, rom og andre sammenhenger.<\/p>\n\n\n\n<h3 class=\"wp-block-heading\" id=\"h-10-sentence-structure\">10. Setningsstruktur:<\/h3>\n\n\n\n<p>Til slutt, samle det hele ved \u00e5 studere nederlandsk setningsstruktur og ordrekkef\u00f8lge. L\u00e6r reglene for \u00e5 konstruere enkle og komplekse setninger, inkludert deklarative, sp\u00f8rrende, imperative og utropssetninger.<\/p>\n\n\n\n<p>Ved \u00e5 f\u00f8lge denne sekvensen av grammatikkemner og dedikere tid til \u00e5 \u00f8ve og gjennomg\u00e5, vil du v\u00e6re p\u00e5 god vei til \u00e5 mestre det nederlandske spr\u00e5ket. Husk at konsistens og t\u00e5lmodighet er n\u00f8kkelen til \u00e5 l\u00e6re et nytt spr\u00e5k. <a href=\"https:\/\/talkpal.ai\/culture\/how-do-you-say-good-luck-with-that-in-norwegian\/\">Lykke til<\/a>, og nyt turen!<\/p>\n<\/div><\/div>\n\r\n<section class=\"learnNavigationSection\">\r\n            \r\n        <a href=\"https:\/\/talkpal.ai\/no\/laer-nederlandsk\/\">\r\n            <div class=\"learnNavigationWrapper\">\r\n                <div class=\"learnNavigationContent\">\r\n                    <img decoding=\"async\" src=\"https:\/\/talkpal.ai\/wp-content\/uploads\/2024\/08\/Dutch.jpg\" alt=\"Netherlands Flag\">\r\n                    <div>\r\n                        <h4>Om Dutch Learning<\/h4>\r\n                        <p>Finn ut alt om nederlandsk grammatikk.<\/p>\r\n                    <\/div>\r\n                <\/div>\r\n            <\/div>\r\n        <\/a>\r\n\r\n        \r\n        <a href=\"https:\/\/talkpal.ai\/no\/nederlandsk-grammatikk\/\">\r\n            <div class=\"learnNavigationWrapper\">\r\n                <div class=\"learnNavigationContent\">\r\n                    <img decoding=\"async\" src=\"https:\/\/talkpal.ai\/wp-content\/uploads\/2024\/08\/Dutch.jpg\" alt=\"Netherlands Flag\">\r\n                    <div>\r\n                        <h4>Leksjoner i nederlandsk grammatikk<\/h4>\r\n                        <p>\u00d8v nederlandsk grammatikk.<\/p>\r\n                    <\/div>\r\n                <\/div>\r\n            <\/div>\r\n        <\/a>\r\n\r\n        \r\n        <a href=\"https:\/\/talkpal.ai\/vocabulary_language\/dutch\/\">\r\n            <div class=\"learnNavigationWrapper\">\r\n                <div class=\"learnNavigationContent\">\r\n                    <img decoding=\"async\" src=\"https:\/\/talkpal.ai\/wp-content\/uploads\/2024\/08\/Dutch.jpg\" alt=\"Netherlands Flag\">\r\n                    <div>\r\n                        <h4>Nederlandsk ordforr\u00e5d<\/h4>\r\n                        <p>Utvid ordforr\u00e5det ditt p\u00e5 nederlandsk.<\/p>\r\n                    <\/div>\r\n                <\/div>\r\n            <\/div>\r\n        <\/a>\r\n\r\n            <\/section>","protected":false},"excerpt":{"rendered":"<p>Nederlandsk grammatikkemner \u00c5 l\u00e6re nederlandsk kan v\u00e6re en spennende og givende opplevelse, siden det \u00e5pner opp d\u00f8ren til en rik kultur, historie og muligheter for personlig og profesjonell vekst. Det nederlandske spr\u00e5ket, mens det er n\u00e6rt beslektet med engelsk og tysk, har sine egne unike grammatikkregler og struktur, som kan virke utfordrende i begynnelsen. Men [&hellip;]<\/p>\n","protected":false},"author":6,"featured_media":106276,"parent":0,"menu_order":0,"comment_status":"closed","ping_status":"closed","template":"LearningContentPage.php","meta":{"_acf_changed":false,"footnotes":""},"class_list":["post-133183","page","type-page","status-publish","has-post-thumbnail","hentry"],"acf":[],"yoast_head":"<!-- This site is optimized with the Yoast SEO Premium plugin v27.2 (Yoast SEO v27.2) - https:\/\/yoast.com\/product\/yoast-seo-premium-wordpress\/ -->\n<title>Nederlandsk grammatikk\u00f8velser - Talkpal<\/title>\n<meta name=\"description\" content=\"Forbedre spr\u00e5kkunnskapene dine med interaktive nederlandske grammatikk\u00f8velser fra Talkpaldin AI-drevne spr\u00e5kveileder.\" \/>\n<meta name=\"robots\" content=\"index, follow, max-snippet:-1, max-image-preview:large, max-video-preview:-1\" \/>\n<link rel=\"canonical\" href=\"https:\/\/talkpal.ai\/no\/nederlandsk-grammatikkovelser\/\" \/>\n<meta property=\"og:locale\" content=\"nb_NO\" \/>\n<meta property=\"og:type\" content=\"article\" \/>\n<meta property=\"og:title\" content=\"Nederlandsk grammatikk\u00f8velser\" \/>\n<meta property=\"og:description\" content=\"Nederlandsk grammatikkemner \u00c5 l\u00e6re nederlandsk kan v\u00e6re en spennende og givende opplevelse, siden det \u00e5pner opp d\u00f8ren til en rik kultur, historie og\" \/>\n<meta property=\"og:url\" content=\"https:\/\/talkpal.ai\/no\/nederlandsk-grammatikkovelser\/\" \/>\n<meta property=\"og:site_name\" content=\"Talkpal\" \/>\n<meta property=\"article:publisher\" content=\"https:\/\/www.facebook.com\/profile.php?id=100090733639311\" \/>\n<meta property=\"article:modified_time\" content=\"2025-12-17T15:27:55+00:00\" \/>\n<meta property=\"og:image\" content=\"https:\/\/talkpal.ai\/wp-content\/uploads\/2023\/04\/netherlands-dutch.png\" \/>\n\t<meta property=\"og:image:width\" content=\"512\" \/>\n\t<meta property=\"og:image:height\" content=\"512\" \/>\n\t<meta property=\"og:image:type\" content=\"image\/png\" \/>\n<meta name=\"twitter:card\" content=\"summary_large_image\" \/>\n<meta name=\"twitter:site\" content=\"@talkpalai\" \/>\n<meta name=\"twitter:label1\" content=\"Ansl. lesetid\" \/>\n\t<meta name=\"twitter:data1\" content=\"3 minutter\" \/>\n<script type=\"application\/ld+json\" class=\"yoast-schema-graph\">{\"@context\":\"https:\/\/schema.org\",\"@graph\":[{\"@type\":\"WebPage\",\"@id\":\"https:\/\/talkpal.ai\/no\/nederlandsk-grammatikkovelser\/\",\"url\":\"https:\/\/talkpal.ai\/no\/nederlandsk-grammatikkovelser\/\",\"name\":\"Nederlandsk grammatikk\u00f8velser - Talkpal\",\"isPartOf\":{\"@id\":\"https:\/\/talkpal.ai\/no\/#website\"},\"primaryImageOfPage\":{\"@id\":\"https:\/\/talkpal.ai\/no\/nederlandsk-grammatikkovelser\/#primaryimage\"},\"image\":{\"@id\":\"https:\/\/talkpal.ai\/no\/nederlandsk-grammatikkovelser\/#primaryimage\"},\"thumbnailUrl\":\"https:\/\/talkpal.ai\/wp-content\/uploads\/2023\/04\/netherlands-dutch.png\",\"datePublished\":\"2023-06-16T09:41:10+00:00\",\"dateModified\":\"2025-12-17T15:27:55+00:00\",\"description\":\"Forbedre spr\u00e5kkunnskapene dine med interaktive nederlandske grammatikk\u00f8velser fra Talkpaldin AI-drevne spr\u00e5kveileder.\",\"breadcrumb\":{\"@id\":\"https:\/\/talkpal.ai\/no\/nederlandsk-grammatikkovelser\/#breadcrumb\"},\"inLanguage\":\"nb-NO\",\"potentialAction\":[{\"@type\":\"ReadAction\",\"target\":[\"https:\/\/talkpal.ai\/no\/nederlandsk-grammatikkovelser\/\"]}]},{\"@type\":\"ImageObject\",\"inLanguage\":\"nb-NO\",\"@id\":\"https:\/\/talkpal.ai\/no\/nederlandsk-grammatikkovelser\/#primaryimage\",\"url\":\"https:\/\/talkpal.ai\/wp-content\/uploads\/2023\/04\/netherlands-dutch.png\",\"contentUrl\":\"https:\/\/talkpal.ai\/wp-content\/uploads\/2023\/04\/netherlands-dutch.png\",\"width\":512,\"height\":512},{\"@type\":\"BreadcrumbList\",\"@id\":\"https:\/\/talkpal.ai\/no\/nederlandsk-grammatikkovelser\/#breadcrumb\",\"itemListElement\":[{\"@type\":\"ListItem\",\"position\":1,\"name\":\"Homepage\",\"item\":\"https:\/\/talkpal.ai\/no\/\"},{\"@type\":\"ListItem\",\"position\":2,\"name\":\"Nederlandsk grammatikk\u00f8velser\"}]},{\"@type\":\"WebSite\",\"@id\":\"https:\/\/talkpal.ai\/no\/#website\",\"url\":\"https:\/\/talkpal.ai\/no\/\",\"name\":\"Talkpal\",\"description\":\"AI Language Learning\",\"publisher\":{\"@id\":\"https:\/\/talkpal.ai\/no\/#organization\"},\"alternateName\":\"Talkpal AI\",\"potentialAction\":[{\"@type\":\"SearchAction\",\"target\":{\"@type\":\"EntryPoint\",\"urlTemplate\":\"https:\/\/talkpal.ai\/no\/?s={search_term_string}\"},\"query-input\":{\"@type\":\"PropertyValueSpecification\",\"valueRequired\":true,\"valueName\":\"search_term_string\"}}],\"inLanguage\":\"nb-NO\"},{\"@type\":\"Organization\",\"@id\":\"https:\/\/talkpal.ai\/no\/#organization\",\"name\":\"Talkpal, Inc.\",\"alternateName\":\"Talkpal AI\",\"url\":\"https:\/\/talkpal.ai\/no\/\",\"logo\":{\"@type\":\"ImageObject\",\"inLanguage\":\"nb-NO\",\"@id\":\"https:\/\/talkpal.ai\/no\/#\/schema\/logo\/image\/\",\"url\":\"https:\/\/talkpal.ai\/wp-content\/uploads\/2024\/03\/Talkpal-Logo-Icon.png\",\"contentUrl\":\"https:\/\/talkpal.ai\/wp-content\/uploads\/2024\/03\/Talkpal-Logo-Icon.png\",\"width\":2880,\"height\":2880,\"caption\":\"Talkpal, Inc.\"},\"image\":{\"@id\":\"https:\/\/talkpal.ai\/no\/#\/schema\/logo\/image\/\"},\"sameAs\":[\"https:\/\/www.facebook.com\/profile.php?id=100090733639311\",\"https:\/\/x.com\/talkpalai\",\"https:\/\/www.linkedin.com\/company\/talkpal\/\",\"https:\/\/www.youtube.com\/@TalkPal\/\",\"https:\/\/www.tiktok.com\/@talkpal\",\"https:\/\/www.instagram.com\/talkpal_ai\/\",\"https:\/\/www.crunchbase.com\/organization\/talkpal-9cde\",\"https:\/\/www.g2.com\/products\/talkpal-for-business\/\",\"https:\/\/www.trustpilot.com\/review\/talkpal.ai\",\"https:\/\/www.capterra.com\/p\/10006800\/TalkPal\/\"],\"description\":\"Talkpal is a language learning web and mobile education app, powered by the latest AI technologies, that provides engaging experiences to its customers in many different languages to help them improve their language skills. Users can chat about unlimited amount of topics with the app and use other modes to practice their language learning.\",\"email\":\"support@talkpal.ai\",\"legalName\":\"Talkpal, Inc.\",\"foundingDate\":\"2023-04-03\",\"duns\":\"118989042\",\"numberOfEmployees\":{\"@type\":\"QuantitativeValue\",\"minValue\":\"11\",\"maxValue\":\"50\"},\"publishingPrinciples\":\"https:\/\/talkpal.ai\/publishing-principles\/\",\"actionableFeedbackPolicy\":\"https:\/\/talkpal.ai\/actionable-feedback-policy\/\",\"correctionsPolicy\":\"https:\/\/talkpal.ai\/corrections-policy\/\",\"ethicsPolicy\":\"https:\/\/talkpal.ai\/ethics-policy\/\",\"diversityPolicy\":\"https:\/\/talkpal.ai\/diversity-policy\/\",\"diversityStaffingReport\":\"https:\/\/talkpal.ai\/diversity-policy\/\"}]}<\/script>\n<!-- \/ Yoast SEO Premium plugin. -->","yoast_head_json":{"title":"Nederlandsk grammatikk\u00f8velser - Talkpal","description":"Forbedre spr\u00e5kkunnskapene dine med interaktive nederlandske grammatikk\u00f8velser fra Talkpaldin AI-drevne spr\u00e5kveileder.","robots":{"index":"index","follow":"follow","max-snippet":"max-snippet:-1","max-image-preview":"max-image-preview:large","max-video-preview":"max-video-preview:-1"},"canonical":"https:\/\/talkpal.ai\/no\/nederlandsk-grammatikkovelser\/","og_locale":"nb_NO","og_type":"article","og_title":"Nederlandsk grammatikk\u00f8velser","og_description":"Nederlandsk grammatikkemner \u00c5 l\u00e6re nederlandsk kan v\u00e6re en spennende og givende opplevelse, siden det \u00e5pner opp d\u00f8ren til en rik kultur, historie og","og_url":"https:\/\/talkpal.ai\/no\/nederlandsk-grammatikkovelser\/","og_site_name":"Talkpal","article_publisher":"https:\/\/www.facebook.com\/profile.php?id=100090733639311","article_modified_time":"2025-12-17T15:27:55+00:00","og_image":[{"width":512,"height":512,"url":"https:\/\/talkpal.ai\/wp-content\/uploads\/2023\/04\/netherlands-dutch.png","type":"image\/png"}],"twitter_card":"summary_large_image","twitter_site":"@talkpalai","twitter_misc":{"Ansl. lesetid":"3 minutter"},"schema":{"@context":"https:\/\/schema.org","@graph":[{"@type":"WebPage","@id":"https:\/\/talkpal.ai\/no\/nederlandsk-grammatikkovelser\/","url":"https:\/\/talkpal.ai\/no\/nederlandsk-grammatikkovelser\/","name":"Nederlandsk grammatikk\u00f8velser - Talkpal","isPartOf":{"@id":"https:\/\/talkpal.ai\/no\/#website"},"primaryImageOfPage":{"@id":"https:\/\/talkpal.ai\/no\/nederlandsk-grammatikkovelser\/#primaryimage"},"image":{"@id":"https:\/\/talkpal.ai\/no\/nederlandsk-grammatikkovelser\/#primaryimage"},"thumbnailUrl":"https:\/\/talkpal.ai\/wp-content\/uploads\/2023\/04\/netherlands-dutch.png","datePublished":"2023-06-16T09:41:10+00:00","dateModified":"2025-12-17T15:27:55+00:00","description":"Forbedre spr\u00e5kkunnskapene dine med interaktive nederlandske grammatikk\u00f8velser fra Talkpaldin AI-drevne spr\u00e5kveileder.","breadcrumb":{"@id":"https:\/\/talkpal.ai\/no\/nederlandsk-grammatikkovelser\/#breadcrumb"},"inLanguage":"nb-NO","potentialAction":[{"@type":"ReadAction","target":["https:\/\/talkpal.ai\/no\/nederlandsk-grammatikkovelser\/"]}]},{"@type":"ImageObject","inLanguage":"nb-NO","@id":"https:\/\/talkpal.ai\/no\/nederlandsk-grammatikkovelser\/#primaryimage","url":"https:\/\/talkpal.ai\/wp-content\/uploads\/2023\/04\/netherlands-dutch.png","contentUrl":"https:\/\/talkpal.ai\/wp-content\/uploads\/2023\/04\/netherlands-dutch.png","width":512,"height":512},{"@type":"BreadcrumbList","@id":"https:\/\/talkpal.ai\/no\/nederlandsk-grammatikkovelser\/#breadcrumb","itemListElement":[{"@type":"ListItem","position":1,"name":"Homepage","item":"https:\/\/talkpal.ai\/no\/"},{"@type":"ListItem","position":2,"name":"Nederlandsk grammatikk\u00f8velser"}]},{"@type":"WebSite","@id":"https:\/\/talkpal.ai\/no\/#website","url":"https:\/\/talkpal.ai\/no\/","name":"Talkpal","description":"AI Language Learning","publisher":{"@id":"https:\/\/talkpal.ai\/no\/#organization"},"alternateName":"Talkpal AI","potentialAction":[{"@type":"SearchAction","target":{"@type":"EntryPoint","urlTemplate":"https:\/\/talkpal.ai\/no\/?s={search_term_string}"},"query-input":{"@type":"PropertyValueSpecification","valueRequired":true,"valueName":"search_term_string"}}],"inLanguage":"nb-NO"},{"@type":"Organization","@id":"https:\/\/talkpal.ai\/no\/#organization","name":"Talkpal, Inc.","alternateName":"Talkpal AI","url":"https:\/\/talkpal.ai\/no\/","logo":{"@type":"ImageObject","inLanguage":"nb-NO","@id":"https:\/\/talkpal.ai\/no\/#\/schema\/logo\/image\/","url":"https:\/\/talkpal.ai\/wp-content\/uploads\/2024\/03\/Talkpal-Logo-Icon.png","contentUrl":"https:\/\/talkpal.ai\/wp-content\/uploads\/2024\/03\/Talkpal-Logo-Icon.png","width":2880,"height":2880,"caption":"Talkpal, Inc."},"image":{"@id":"https:\/\/talkpal.ai\/no\/#\/schema\/logo\/image\/"},"sameAs":["https:\/\/www.facebook.com\/profile.php?id=100090733639311","https:\/\/x.com\/talkpalai","https:\/\/www.linkedin.com\/company\/talkpal\/","https:\/\/www.youtube.com\/@TalkPal\/","https:\/\/www.tiktok.com\/@talkpal","https:\/\/www.instagram.com\/talkpal_ai\/","https:\/\/www.crunchbase.com\/organization\/talkpal-9cde","https:\/\/www.g2.com\/products\/talkpal-for-business\/","https:\/\/www.trustpilot.com\/review\/talkpal.ai","https:\/\/www.capterra.com\/p\/10006800\/TalkPal\/"],"description":"Talkpal is a language learning web and mobile education app, powered by the latest AI technologies, that provides engaging experiences to its customers in many different languages to help them improve their language skills. Users can chat about unlimited amount of topics with the app and use other modes to practice their language learning.","email":"support@talkpal.ai","legalName":"Talkpal, Inc.","foundingDate":"2023-04-03","duns":"118989042","numberOfEmployees":{"@type":"QuantitativeValue","minValue":"11","maxValue":"50"},"publishingPrinciples":"https:\/\/talkpal.ai\/publishing-principles\/","actionableFeedbackPolicy":"https:\/\/talkpal.ai\/actionable-feedback-policy\/","correctionsPolicy":"https:\/\/talkpal.ai\/corrections-policy\/","ethicsPolicy":"https:\/\/talkpal.ai\/ethics-policy\/","diversityPolicy":"https:\/\/talkpal.ai\/diversity-policy\/","diversityStaffingReport":"https:\/\/talkpal.ai\/diversity-policy\/"}]}},"_links":{"self":[{"href":"https:\/\/talkpal.ai\/no\/wp-json\/wp\/v2\/pages\/133183","targetHints":{"allow":["GET"]}}],"collection":[{"href":"https:\/\/talkpal.ai\/no\/wp-json\/wp\/v2\/pages"}],"about":[{"href":"https:\/\/talkpal.ai\/no\/wp-json\/wp\/v2\/types\/page"}],"author":[{"embeddable":true,"href":"https:\/\/talkpal.ai\/no\/wp-json\/wp\/v2\/users\/6"}],"replies":[{"embeddable":true,"href":"https:\/\/talkpal.ai\/no\/wp-json\/wp\/v2\/comments?post=133183"}],"version-history":[{"count":0,"href":"https:\/\/talkpal.ai\/no\/wp-json\/wp\/v2\/pages\/133183\/revisions"}],"wp:featuredmedia":[{"embeddable":true,"href":"https:\/\/talkpal.ai\/no\/wp-json\/wp\/v2\/media\/106276"}],"wp:attachment":[{"href":"https:\/\/talkpal.ai\/no\/wp-json\/wp\/v2\/media?parent=133183"}],"curies":[{"name":"wp","href":"https:\/\/api.w.org\/{rel}","templated":true}]}}