{"id":132883,"date":"2023-06-16T09:39:29","date_gmt":"2023-06-16T09:39:29","guid":{"rendered":"http:\/\/talkpal.ai\/kinesisk-grammatikkovelser\/"},"modified":"2025-05-22T21:24:51","modified_gmt":"2025-05-22T21:24:51","slug":"kinesisk-grammatikkovelser","status":"publish","type":"page","link":"https:\/\/talkpal.ai\/no\/kinesisk-grammatikkovelser\/","title":{"rendered":"Kinesisk grammatikk\u00f8velser"},"content":{"rendered":"\r\n\r\n\r\n<section class=\"languageChallengeSection\">\r\n    <div class=\"languageInfoWrapper\">\r\n        \r\n        <h1>Kinesisk grammatikk\u00f8velser<\/h1>\r\n        <p>Vil du forbedre dine kinesiske spr\u00e5kkunnskaper? Ved \u00e5 fokusere p\u00e5 grammatikk\u00f8velser f\u00e5r du hjelp til \u00e5 forst\u00e5 setningsoppbygging, <a href=\"https:\/\/talkpal.ai\/locations\/language-courses-in-mestre\/\">mestre<\/a> viktige m\u00f8nstre og bli tryggere i hverdagssamtaler. Begynn \u00e5 \u00f8ve p\u00e5 <a href=\"https:\/\/talkpal.ai\/chinese-grammar\/\">kinesisk grammatikk<\/a> i dag, og ta stadige skritt mot flytende spr\u00e5k for hver \u00f8velse!<\/p>\r\n\r\n                            <a class=\"getStartedHidden\" href=\"https:\/\/app.talkpal.ai\/no\/signup?lng=\">Kom i gang<\/a>\r\n        \r\n    <\/div>\r\n\r\n    <figure>\r\n    <img decoding=\"async\" width=\"768\" height=\"768\" src=\"https:\/\/talkpal.ai\/wp-content\/uploads\/2023\/06\/chinese-768x768.png\" class=\"languageImage no-lazy\" alt=\"Language learning for flexible communication\" fetchpriority=\"high\" sizes=\"(max-width: 768px) 150px, 768px\" srcset=\"https:\/\/talkpal.ai\/wp-content\/uploads\/2023\/06\/chinese-768x768.png 768w, https:\/\/talkpal.ai\/wp-content\/uploads\/2023\/06\/chinese-300x300.png 300w\" \/>\r\n    \r\n\r\n    <\/figure>\r\n\r\n            <a class=\"getStartedVisible\" href=\"https:\/\/app.talkpal.ai\/no\/signup?lng=\">Kom i gang<\/a>\r\n    \r\n<\/section>\r\n\r\n\r\n<!-- <section class=\"grammarSection\">\r\n    <div class=\"grammarLinks\">\r\n            <\/div>\r\n<\/section> -->\r\n\r\n\r\n\r\n\r\n<section class=\"promotionalBanner\">\r\n    <p class=\"promotionalText\">Den mest effektive m\u00e5ten \u00e5 l\u00e6re et spr\u00e5k p\u00e5<\/p>\r\n    <a class=\"promotionalLink\" href=\"https:\/\/app.talkpal.ai\/no\/signup?lng=\">Pr\u00f8v Talkpal gratis<\/a>\r\n<\/section>\n<div class=\"wp-block-group pageContainerStyle\"><div class=\"wp-block-group__inner-container is-layout-constrained wp-block-group-is-layout-constrained\">\n<h2 class=\"wp-block-heading\" id=\"h-chinese-grammar-topics\">Kinesisk grammatikk emner<\/h2>\n\n\n\n<p><a href=\"https:\/\/talkpal.ai\/learn-chinese\/\">Kinesisk<\/a> <a href=\"https:\/\/talkpal.ai\/grammar\/\">grammatikk<\/a> kan virke skremmende i begynnelsen, men det er viktig for \u00e5 mestre spr\u00e5ket. Med sitt unike karaktersystem og tonale natur f\u00f8lger kinesisk grammatikk et annet sett med regler enn spr\u00e5k som <a href=\"https:\/\/talkpal.ai\/learn-english-with-ai\/\">engelsk<\/a>. \u00c5 l\u00e6re disse reglene i riktig rekkef\u00f8lge vil hjelpe deg \u00e5 komme deg mer effektivt i spr\u00e5kstudiene. F\u00f8lgende emner vil bli diskutert i anbefalt l\u00e6ringsrekkef\u00f8lge: Tider, verb, substantiver, artikler, pronomen, adjektiver, adverb, preposisjoner og setningsstruktur. Denne veiledningen vil gi korte forklaringer av hvert emne for \u00e5 hjelpe deg bedre \u00e5 forst\u00e5 funksjonene deres p\u00e5 det kinesiske spr\u00e5ket.<\/p>\n\n\n\n<h3 class=\"wp-block-heading\" id=\"h-1-tenses\">1. Tider:<\/h3>\n\n\n\n<p>I motsetning til engelsk, har ikke kinesisk komplekse verb-konjugasjoner for \u00e5 indikere tiden. I stedet bruker den tidsord eller partikler for \u00e5 vise n\u00e5r en handling finner sted. N\u00e5r du skal uttrykke handlinger i fortid, n\u00e5tid eller fremtid, b\u00f8r du f\u00f8rst gj\u00f8re deg kjent med vanlige tidsord som &laquo;i g\u00e5r&raquo;, &laquo;i dag&raquo; og &laquo;i morgen&raquo;.<\/p>\n\n\n\n<h3 class=\"wp-block-heading\" id=\"h-2-verbs\">2. Verb:<\/h3>\n\n\n\n<p>N\u00e5r du forst\u00e5r tider, er det viktig \u00e5 l\u00e6re de grunnleggende verbene p\u00e5 kinesisk. Verb er avgj\u00f8rende <a href=\"https:\/\/talkpal.ai\/culture\/how-do-you-use-the-conjunction-da-de\/\">da de<\/a> uttrykker handlinger og tilstander, og de forblir ofte uendret i forskjellige tider. Fokuser p\u00e5 \u00e5 l\u00e6re de vanligste verbene og deres passende bruk.<\/p>\n\n\n\n<h3 class=\"wp-block-heading\" id=\"h-3-nouns\">3. Substantiv:<\/h3>\n\n\n\n<p>Substantiv er byggesteinene i et spr\u00e5k, som representerer mennesker, steder, ting eller ideer. P\u00e5 kinesisk er substantiver generelt enkle, og du kan begynne med \u00e5 l\u00e6re de vanligste og mest nyttige for \u00e5 utvide ordforr\u00e5det.<\/p>\n\n\n\n<h3 class=\"wp-block-heading\" id=\"h-4-articles\">4. Artikler:<\/h3>\n\n\n\n<p>Kinesisk har ikke artikler som &laquo;a&raquo; eller &laquo;the&raquo; p\u00e5 engelsk. Imidlertid er det m\u00e5leord som f\u00f8lger med substantiver for \u00e5 indikere mengde. Disse m\u00e5leordene er viktige n\u00e5r man diskuterer mengder eller antall spesifikke gjenstander.<\/p>\n\n\n\n<h3 class=\"wp-block-heading\" id=\"h-5-pronouns\">5. Pronomen:<\/h3>\n\n\n\n<p>Pronomen brukes til \u00e5 erstatte substantiver i en setning og er avgj\u00f8rende for \u00e5 unng\u00e5 repetisjon. P\u00e5 kinesisk endres pronomen basert p\u00e5 funksjonen deres i en setning, for eksempel subjekt, objekt eller besittelse. L\u00e6r de ulike pronomenene og deres riktige bruk for \u00e5 forbedre setningskonstruksjonen din.<\/p>\n\n\n\n<h3 class=\"wp-block-heading\" id=\"h-6-adjectives\">6. Adjektiver:<\/h3>\n\n\n\n<p>Adjektiver brukes til \u00e5 beskrive eller endre substantiver, og de spiller en betydelig rolle i \u00e5 gj\u00f8re setningene dine mer uttrykksfulle og engasjerende. L\u00e6r de vanligste adjektivene og deres plassering i forhold til substantivet i en setning.<\/p>\n\n\n\n<h3 class=\"wp-block-heading\" id=\"h-7-adverbs\">7. Adverb:<\/h3>\n\n\n\n<p>Adverb er avgj\u00f8rende for \u00e5 gi tilleggsinformasjon om verb, adjektiver eller andre adverb. De kan beskrive hvordan, n\u00e5r eller hvor en handling skjer. Gj\u00f8r deg kjent med vanlige adverb og bruken av dem for \u00e5 forbedre dine beskrivende evner.<\/p>\n\n\n\n<h3 class=\"wp-block-heading\" id=\"h-8-prepositions\">8. Preposisjoner:<\/h3>\n\n\n\n<p>Preposisjoner brukes for \u00e5 indikere forholdet mellom substantiv eller pronomen i en setning. De uttrykker ofte romlige eller tidsmessige forhold, for eksempel &laquo;i&raquo;, &laquo;p\u00e5&raquo; eller &laquo;ved&raquo;. \u00c5 l\u00e6re de vanligste preposisjonene og deres korrekte bruk vil forbedre setningsstrukturen din betraktelig.<\/p>\n\n\n\n<h3 class=\"wp-block-heading\" id=\"h-9-sentence-structure\">9. Setningsstruktur:<\/h3>\n\n\n\n<p>Til slutt, forst\u00e5else av kinesisk setningsstruktur er n\u00f8kkelen til \u00e5 danne sammenhengende og grammatisk korrekte setninger. Kinesisk f\u00f8lger en subjekt-verb-objekt (SVO) struktur, som ligner p\u00e5 engelsk. Det er imidlertid forskjeller i ordrekkef\u00f8lge og plassering av ulike grammatiske elementer. L\u00e6r de grunnleggende setningsm\u00f8nstrene og \u00f8v deg p\u00e5 \u00e5 konstruere setninger med elementene du har l\u00e6rt, som tider, verb, substantiv, pronomen, adjektiv, adverb og preposisjoner.<\/p>\n\n\n\n<p>Ved \u00e5 f\u00f8lge denne sekvensen og fokusere p\u00e5 hvert emne, vil du utvikle et sterkt grunnlag i kinesisk grammatikk og v\u00e6re p\u00e5 god vei til flytende spr\u00e5k.<\/p>\n<\/div><\/div>\n\r\n<section class=\"learnNavigationSection\">\r\n            \r\n        <a href=\"https:\/\/talkpal.ai\/no\/laer-kinesisk\/\">\r\n            <div class=\"learnNavigationWrapper\">\r\n                <div class=\"learnNavigationContent\">\r\n                    <img decoding=\"async\" src=\"https:\/\/talkpal.ai\/wp-content\/uploads\/2024\/08\/Chinese.jpg\" alt=\"Chinese Flag\u00a0\">\r\n                    <div>\r\n                        <h4>Om \u00e5 l\u00e6re kinesisk<\/h4>\r\n                        <p>Finn ut alt om kinesisk grammatikk.<\/p>\r\n                    <\/div>\r\n                <\/div>\r\n            <\/div>\r\n        <\/a>\r\n\r\n        \r\n        <a href=\"https:\/\/talkpal.ai\/no\/kinesisk-grammatikk\/\">\r\n            <div class=\"learnNavigationWrapper\">\r\n                <div class=\"learnNavigationContent\">\r\n                    <img decoding=\"async\" src=\"https:\/\/talkpal.ai\/wp-content\/uploads\/2024\/08\/Chinese.jpg\" alt=\"Chinese Flag\u00a0\">\r\n                    <div>\r\n                        <h4>Kinesisk grammatikkundervisning<\/h4>\r\n                        <p>\u00d8v kinesisk grammatikk.<\/p>\r\n                    <\/div>\r\n                <\/div>\r\n            <\/div>\r\n        <\/a>\r\n\r\n        \r\n        <a href=\"https:\/\/talkpal.ai\/vocabulary_language\/chinese\/\">\r\n            <div class=\"learnNavigationWrapper\">\r\n                <div class=\"learnNavigationContent\">\r\n                    <img decoding=\"async\" src=\"https:\/\/talkpal.ai\/wp-content\/uploads\/2024\/08\/Chinese.jpg\" alt=\"Chinese Flag\u00a0\">\r\n                    <div>\r\n                        <h4>Kinesisk ordforr\u00e5d<\/h4>\r\n                        <p>Utvid ordforr\u00e5det ditt p\u00e5 kinesisk.<\/p>\r\n                    <\/div>\r\n                <\/div>\r\n            <\/div>\r\n        <\/a>\r\n\r\n            <\/section>","protected":false},"excerpt":{"rendered":"<p>Kinesisk grammatikk emner Kinesisk grammatikk kan virke skremmende i begynnelsen, men det er viktig for \u00e5 mestre spr\u00e5ket. Med sitt unike karaktersystem og tonale natur f\u00f8lger kinesisk grammatikk et annet sett med regler enn spr\u00e5k som engelsk. \u00c5 l\u00e6re disse reglene i riktig rekkef\u00f8lge vil hjelpe deg \u00e5 komme deg mer effektivt i spr\u00e5kstudiene. F\u00f8lgende [&hellip;]<\/p>\n","protected":false},"author":6,"featured_media":106203,"parent":0,"menu_order":0,"comment_status":"closed","ping_status":"closed","template":"LearningContentPage.php","meta":{"_acf_changed":false,"footnotes":""},"class_list":["post-132883","page","type-page","status-publish","has-post-thumbnail","hentry"],"acf":[],"yoast_head":"<!-- This site is optimized with the Yoast SEO Premium plugin v27.2 (Yoast SEO v27.2) - https:\/\/yoast.com\/product\/yoast-seo-premium-wordpress\/ -->\n<title>Kinesisk grammatikk\u00f8velser - Talkpal<\/title>\n<meta name=\"description\" content=\"Mestre kinesisk grammatikk med v\u00e5r omfattende guide som dekker tider, verb og mer for \u00e5 forbedre spr\u00e5kferdighetene dine.\" \/>\n<meta name=\"robots\" content=\"index, follow, max-snippet:-1, max-image-preview:large, max-video-preview:-1\" \/>\n<link rel=\"canonical\" href=\"https:\/\/talkpal.ai\/no\/kinesisk-grammatikkovelser\/\" \/>\n<meta property=\"og:locale\" content=\"nb_NO\" \/>\n<meta property=\"og:type\" content=\"article\" \/>\n<meta property=\"og:title\" content=\"Kinesisk grammatikk\u00f8velser\" \/>\n<meta property=\"og:description\" content=\"Kinesisk grammatikk emner Kinesisk grammatikk kan virke skremmende i begynnelsen, men det er viktig for \u00e5 mestre spr\u00e5ket. Med sitt unike karaktersystem og\" \/>\n<meta property=\"og:url\" content=\"https:\/\/talkpal.ai\/no\/kinesisk-grammatikkovelser\/\" \/>\n<meta property=\"og:site_name\" content=\"Talkpal\" \/>\n<meta property=\"article:publisher\" content=\"https:\/\/www.facebook.com\/profile.php?id=100090733639311\" \/>\n<meta property=\"article:modified_time\" content=\"2025-05-22T21:24:51+00:00\" \/>\n<meta property=\"og:image\" content=\"https:\/\/talkpal.ai\/wp-content\/uploads\/2023\/04\/china.png\" \/>\n\t<meta property=\"og:image:width\" content=\"512\" \/>\n\t<meta property=\"og:image:height\" content=\"512\" \/>\n\t<meta property=\"og:image:type\" content=\"image\/png\" \/>\n<meta name=\"twitter:card\" content=\"summary_large_image\" \/>\n<meta name=\"twitter:site\" content=\"@talkpalai\" \/>\n<meta name=\"twitter:label1\" content=\"Ansl. lesetid\" \/>\n\t<meta name=\"twitter:data1\" content=\"3 minutter\" \/>\n<script type=\"application\/ld+json\" class=\"yoast-schema-graph\">{\"@context\":\"https:\/\/schema.org\",\"@graph\":[{\"@type\":\"WebPage\",\"@id\":\"https:\/\/talkpal.ai\/no\/kinesisk-grammatikkovelser\/\",\"url\":\"https:\/\/talkpal.ai\/no\/kinesisk-grammatikkovelser\/\",\"name\":\"Kinesisk grammatikk\u00f8velser - Talkpal\",\"isPartOf\":{\"@id\":\"https:\/\/talkpal.ai\/no\/#website\"},\"primaryImageOfPage\":{\"@id\":\"https:\/\/talkpal.ai\/no\/kinesisk-grammatikkovelser\/#primaryimage\"},\"image\":{\"@id\":\"https:\/\/talkpal.ai\/no\/kinesisk-grammatikkovelser\/#primaryimage\"},\"thumbnailUrl\":\"https:\/\/talkpal.ai\/wp-content\/uploads\/2023\/04\/china.png\",\"datePublished\":\"2023-06-16T09:39:29+00:00\",\"dateModified\":\"2025-05-22T21:24:51+00:00\",\"description\":\"Mestre kinesisk grammatikk med v\u00e5r omfattende guide som dekker tider, verb og mer for \u00e5 forbedre spr\u00e5kferdighetene dine.\",\"breadcrumb\":{\"@id\":\"https:\/\/talkpal.ai\/no\/kinesisk-grammatikkovelser\/#breadcrumb\"},\"inLanguage\":\"nb-NO\",\"potentialAction\":[{\"@type\":\"ReadAction\",\"target\":[\"https:\/\/talkpal.ai\/no\/kinesisk-grammatikkovelser\/\"]}]},{\"@type\":\"ImageObject\",\"inLanguage\":\"nb-NO\",\"@id\":\"https:\/\/talkpal.ai\/no\/kinesisk-grammatikkovelser\/#primaryimage\",\"url\":\"https:\/\/talkpal.ai\/wp-content\/uploads\/2023\/04\/china.png\",\"contentUrl\":\"https:\/\/talkpal.ai\/wp-content\/uploads\/2023\/04\/china.png\",\"width\":512,\"height\":512},{\"@type\":\"BreadcrumbList\",\"@id\":\"https:\/\/talkpal.ai\/no\/kinesisk-grammatikkovelser\/#breadcrumb\",\"itemListElement\":[{\"@type\":\"ListItem\",\"position\":1,\"name\":\"Homepage\",\"item\":\"https:\/\/talkpal.ai\/no\/\"},{\"@type\":\"ListItem\",\"position\":2,\"name\":\"Kinesisk grammatikk\u00f8velser\"}]},{\"@type\":\"WebSite\",\"@id\":\"https:\/\/talkpal.ai\/no\/#website\",\"url\":\"https:\/\/talkpal.ai\/no\/\",\"name\":\"Talkpal\",\"description\":\"AI Language Learning\",\"publisher\":{\"@id\":\"https:\/\/talkpal.ai\/no\/#organization\"},\"alternateName\":\"Talkpal AI\",\"potentialAction\":[{\"@type\":\"SearchAction\",\"target\":{\"@type\":\"EntryPoint\",\"urlTemplate\":\"https:\/\/talkpal.ai\/no\/?s={search_term_string}\"},\"query-input\":{\"@type\":\"PropertyValueSpecification\",\"valueRequired\":true,\"valueName\":\"search_term_string\"}}],\"inLanguage\":\"nb-NO\"},{\"@type\":\"Organization\",\"@id\":\"https:\/\/talkpal.ai\/no\/#organization\",\"name\":\"Talkpal, Inc.\",\"alternateName\":\"Talkpal AI\",\"url\":\"https:\/\/talkpal.ai\/no\/\",\"logo\":{\"@type\":\"ImageObject\",\"inLanguage\":\"nb-NO\",\"@id\":\"https:\/\/talkpal.ai\/no\/#\/schema\/logo\/image\/\",\"url\":\"https:\/\/talkpal.ai\/wp-content\/uploads\/2024\/03\/Talkpal-Logo-Icon.png\",\"contentUrl\":\"https:\/\/talkpal.ai\/wp-content\/uploads\/2024\/03\/Talkpal-Logo-Icon.png\",\"width\":2880,\"height\":2880,\"caption\":\"Talkpal, Inc.\"},\"image\":{\"@id\":\"https:\/\/talkpal.ai\/no\/#\/schema\/logo\/image\/\"},\"sameAs\":[\"https:\/\/www.facebook.com\/profile.php?id=100090733639311\",\"https:\/\/x.com\/talkpalai\",\"https:\/\/www.linkedin.com\/company\/talkpal\/\",\"https:\/\/www.youtube.com\/@TalkPal\/\",\"https:\/\/www.tiktok.com\/@talkpal\",\"https:\/\/www.instagram.com\/talkpal_ai\/\",\"https:\/\/www.crunchbase.com\/organization\/talkpal-9cde\",\"https:\/\/www.g2.com\/products\/talkpal-for-business\/\",\"https:\/\/www.trustpilot.com\/review\/talkpal.ai\",\"https:\/\/www.capterra.com\/p\/10006800\/TalkPal\/\"],\"description\":\"Talkpal is a language learning web and mobile education app, powered by the latest AI technologies, that provides engaging experiences to its customers in many different languages to help them improve their language skills. Users can chat about unlimited amount of topics with the app and use other modes to practice their language learning.\",\"email\":\"support@talkpal.ai\",\"legalName\":\"Talkpal, Inc.\",\"foundingDate\":\"2023-04-03\",\"duns\":\"118989042\",\"numberOfEmployees\":{\"@type\":\"QuantitativeValue\",\"minValue\":\"11\",\"maxValue\":\"50\"},\"publishingPrinciples\":\"https:\/\/talkpal.ai\/publishing-principles\/\",\"actionableFeedbackPolicy\":\"https:\/\/talkpal.ai\/actionable-feedback-policy\/\",\"correctionsPolicy\":\"https:\/\/talkpal.ai\/corrections-policy\/\",\"ethicsPolicy\":\"https:\/\/talkpal.ai\/ethics-policy\/\",\"diversityPolicy\":\"https:\/\/talkpal.ai\/diversity-policy\/\",\"diversityStaffingReport\":\"https:\/\/talkpal.ai\/diversity-policy\/\"}]}<\/script>\n<!-- \/ Yoast SEO Premium plugin. -->","yoast_head_json":{"title":"Kinesisk grammatikk\u00f8velser - Talkpal","description":"Mestre kinesisk grammatikk med v\u00e5r omfattende guide som dekker tider, verb og mer for \u00e5 forbedre spr\u00e5kferdighetene dine.","robots":{"index":"index","follow":"follow","max-snippet":"max-snippet:-1","max-image-preview":"max-image-preview:large","max-video-preview":"max-video-preview:-1"},"canonical":"https:\/\/talkpal.ai\/no\/kinesisk-grammatikkovelser\/","og_locale":"nb_NO","og_type":"article","og_title":"Kinesisk grammatikk\u00f8velser","og_description":"Kinesisk grammatikk emner Kinesisk grammatikk kan virke skremmende i begynnelsen, men det er viktig for \u00e5 mestre spr\u00e5ket. Med sitt unike karaktersystem og","og_url":"https:\/\/talkpal.ai\/no\/kinesisk-grammatikkovelser\/","og_site_name":"Talkpal","article_publisher":"https:\/\/www.facebook.com\/profile.php?id=100090733639311","article_modified_time":"2025-05-22T21:24:51+00:00","og_image":[{"width":512,"height":512,"url":"https:\/\/talkpal.ai\/wp-content\/uploads\/2023\/04\/china.png","type":"image\/png"}],"twitter_card":"summary_large_image","twitter_site":"@talkpalai","twitter_misc":{"Ansl. lesetid":"3 minutter"},"schema":{"@context":"https:\/\/schema.org","@graph":[{"@type":"WebPage","@id":"https:\/\/talkpal.ai\/no\/kinesisk-grammatikkovelser\/","url":"https:\/\/talkpal.ai\/no\/kinesisk-grammatikkovelser\/","name":"Kinesisk grammatikk\u00f8velser - Talkpal","isPartOf":{"@id":"https:\/\/talkpal.ai\/no\/#website"},"primaryImageOfPage":{"@id":"https:\/\/talkpal.ai\/no\/kinesisk-grammatikkovelser\/#primaryimage"},"image":{"@id":"https:\/\/talkpal.ai\/no\/kinesisk-grammatikkovelser\/#primaryimage"},"thumbnailUrl":"https:\/\/talkpal.ai\/wp-content\/uploads\/2023\/04\/china.png","datePublished":"2023-06-16T09:39:29+00:00","dateModified":"2025-05-22T21:24:51+00:00","description":"Mestre kinesisk grammatikk med v\u00e5r omfattende guide som dekker tider, verb og mer for \u00e5 forbedre spr\u00e5kferdighetene dine.","breadcrumb":{"@id":"https:\/\/talkpal.ai\/no\/kinesisk-grammatikkovelser\/#breadcrumb"},"inLanguage":"nb-NO","potentialAction":[{"@type":"ReadAction","target":["https:\/\/talkpal.ai\/no\/kinesisk-grammatikkovelser\/"]}]},{"@type":"ImageObject","inLanguage":"nb-NO","@id":"https:\/\/talkpal.ai\/no\/kinesisk-grammatikkovelser\/#primaryimage","url":"https:\/\/talkpal.ai\/wp-content\/uploads\/2023\/04\/china.png","contentUrl":"https:\/\/talkpal.ai\/wp-content\/uploads\/2023\/04\/china.png","width":512,"height":512},{"@type":"BreadcrumbList","@id":"https:\/\/talkpal.ai\/no\/kinesisk-grammatikkovelser\/#breadcrumb","itemListElement":[{"@type":"ListItem","position":1,"name":"Homepage","item":"https:\/\/talkpal.ai\/no\/"},{"@type":"ListItem","position":2,"name":"Kinesisk grammatikk\u00f8velser"}]},{"@type":"WebSite","@id":"https:\/\/talkpal.ai\/no\/#website","url":"https:\/\/talkpal.ai\/no\/","name":"Talkpal","description":"AI Language Learning","publisher":{"@id":"https:\/\/talkpal.ai\/no\/#organization"},"alternateName":"Talkpal AI","potentialAction":[{"@type":"SearchAction","target":{"@type":"EntryPoint","urlTemplate":"https:\/\/talkpal.ai\/no\/?s={search_term_string}"},"query-input":{"@type":"PropertyValueSpecification","valueRequired":true,"valueName":"search_term_string"}}],"inLanguage":"nb-NO"},{"@type":"Organization","@id":"https:\/\/talkpal.ai\/no\/#organization","name":"Talkpal, Inc.","alternateName":"Talkpal AI","url":"https:\/\/talkpal.ai\/no\/","logo":{"@type":"ImageObject","inLanguage":"nb-NO","@id":"https:\/\/talkpal.ai\/no\/#\/schema\/logo\/image\/","url":"https:\/\/talkpal.ai\/wp-content\/uploads\/2024\/03\/Talkpal-Logo-Icon.png","contentUrl":"https:\/\/talkpal.ai\/wp-content\/uploads\/2024\/03\/Talkpal-Logo-Icon.png","width":2880,"height":2880,"caption":"Talkpal, Inc."},"image":{"@id":"https:\/\/talkpal.ai\/no\/#\/schema\/logo\/image\/"},"sameAs":["https:\/\/www.facebook.com\/profile.php?id=100090733639311","https:\/\/x.com\/talkpalai","https:\/\/www.linkedin.com\/company\/talkpal\/","https:\/\/www.youtube.com\/@TalkPal\/","https:\/\/www.tiktok.com\/@talkpal","https:\/\/www.instagram.com\/talkpal_ai\/","https:\/\/www.crunchbase.com\/organization\/talkpal-9cde","https:\/\/www.g2.com\/products\/talkpal-for-business\/","https:\/\/www.trustpilot.com\/review\/talkpal.ai","https:\/\/www.capterra.com\/p\/10006800\/TalkPal\/"],"description":"Talkpal is a language learning web and mobile education app, powered by the latest AI technologies, that provides engaging experiences to its customers in many different languages to help them improve their language skills. Users can chat about unlimited amount of topics with the app and use other modes to practice their language learning.","email":"support@talkpal.ai","legalName":"Talkpal, Inc.","foundingDate":"2023-04-03","duns":"118989042","numberOfEmployees":{"@type":"QuantitativeValue","minValue":"11","maxValue":"50"},"publishingPrinciples":"https:\/\/talkpal.ai\/publishing-principles\/","actionableFeedbackPolicy":"https:\/\/talkpal.ai\/actionable-feedback-policy\/","correctionsPolicy":"https:\/\/talkpal.ai\/corrections-policy\/","ethicsPolicy":"https:\/\/talkpal.ai\/ethics-policy\/","diversityPolicy":"https:\/\/talkpal.ai\/diversity-policy\/","diversityStaffingReport":"https:\/\/talkpal.ai\/diversity-policy\/"}]}},"_links":{"self":[{"href":"https:\/\/talkpal.ai\/no\/wp-json\/wp\/v2\/pages\/132883","targetHints":{"allow":["GET"]}}],"collection":[{"href":"https:\/\/talkpal.ai\/no\/wp-json\/wp\/v2\/pages"}],"about":[{"href":"https:\/\/talkpal.ai\/no\/wp-json\/wp\/v2\/types\/page"}],"author":[{"embeddable":true,"href":"https:\/\/talkpal.ai\/no\/wp-json\/wp\/v2\/users\/6"}],"replies":[{"embeddable":true,"href":"https:\/\/talkpal.ai\/no\/wp-json\/wp\/v2\/comments?post=132883"}],"version-history":[{"count":0,"href":"https:\/\/talkpal.ai\/no\/wp-json\/wp\/v2\/pages\/132883\/revisions"}],"wp:featuredmedia":[{"embeddable":true,"href":"https:\/\/talkpal.ai\/no\/wp-json\/wp\/v2\/media\/106203"}],"wp:attachment":[{"href":"https:\/\/talkpal.ai\/no\/wp-json\/wp\/v2\/media?parent=132883"}],"curies":[{"name":"wp","href":"https:\/\/api.w.org\/{rel}","templated":true}]}}