{"id":132560,"date":"2023-06-16T09:31:38","date_gmt":"2023-06-16T09:31:38","guid":{"rendered":"http:\/\/talkpal.ai\/arabiske-grammatikkovelser\/"},"modified":"2025-05-22T20:15:47","modified_gmt":"2025-05-22T20:15:47","slug":"arabiske-grammatikkovelser","status":"publish","type":"page","link":"https:\/\/talkpal.ai\/no\/arabiske-grammatikkovelser\/","title":{"rendered":"Arabiske grammatikk\u00f8velser"},"content":{"rendered":"\r\n\r\n\r\n<section class=\"languageChallengeSection\">\r\n    <div class=\"languageInfoWrapper\">\r\n        \r\n        <h1>Arabiske grammatikk\u00f8velser<\/h1>\r\n        <p>Er du klar for \u00e5 forbedre dine arabiske ferdigheter? \u00c5 \u00f8ve p\u00e5 grammatikk\u00f8velser er avgj\u00f8rende for \u00e5 <a href=\"https:\/\/talkpal.ai\/locations\/language-courses-in-mestre\/\">mestre<\/a> setningsstruktur, verbformer og de unike m\u00f8nstrene i det arabiske spr\u00e5ket. Fokuser p\u00e5 disse \u00f8velsene for \u00e5 \u00f8ke selvtilliten din, utvide ordforr\u00e5det ditt og gj\u00f8re det mye enklere \u00e5 uttrykke deg p\u00e5 arabisk. Begynn \u00e5 \u00f8ve i dag, og se spr\u00e5kferdighetene dine vokse!<\/p>\r\n\r\n                            <a class=\"getStartedHidden\" href=\"https:\/\/app.talkpal.ai\/no\/signup?lng=\">Kom i gang<\/a>\r\n        \r\n    <\/div>\r\n\r\n    <figure>\r\n    <img decoding=\"async\" width=\"768\" height=\"768\" src=\"https:\/\/talkpal.ai\/wp-content\/uploads\/2023\/06\/arabic-768x768.png\" class=\"languageImage no-lazy\" alt=\"Language learning for linguistic diversity\" fetchpriority=\"high\" sizes=\"(max-width: 768px) 150px, 768px\" srcset=\"https:\/\/talkpal.ai\/wp-content\/uploads\/2023\/06\/arabic-768x768.png 768w, https:\/\/talkpal.ai\/wp-content\/uploads\/2023\/06\/arabic-300x300.png 300w\" \/>\r\n    \r\n\r\n    <\/figure>\r\n\r\n            <a class=\"getStartedVisible\" href=\"https:\/\/app.talkpal.ai\/no\/signup?lng=\">Kom i gang<\/a>\r\n    \r\n<\/section>\r\n\r\n\r\n<!-- <section class=\"grammarSection\">\r\n    <div class=\"grammarLinks\">\r\n            <\/div>\r\n<\/section> -->\r\n\r\n\r\n\r\n\r\n<section class=\"promotionalBanner\">\r\n    <p class=\"promotionalText\">Den mest effektive m\u00e5ten \u00e5 l\u00e6re et spr\u00e5k p\u00e5<\/p>\r\n    <a class=\"promotionalLink\" href=\"https:\/\/app.talkpal.ai\/no\/signup?lng=\">Pr\u00f8v Talkpal gratis<\/a>\r\n<\/section>\n<div class=\"wp-block-group pageContainerStyle\"><div class=\"wp-block-group__inner-container is-layout-constrained wp-block-group-is-layout-constrained\">\n<h2 class=\"wp-block-heading\" id=\"h-arabic-grammar-topics\">Arabiske grammatikkemner<\/h2>\n\n\n\n<p>Det arabiske spr\u00e5ket, med sin rike historie og kulturelle betydning, er en fascinerende og givende innsats for spr\u00e5kelever. Som et av de seks offisielle spr\u00e5kene i FN og snakket av over 420 millioner mennesker over hele verden, \u00e5pner det \u00e5 l\u00e6re arabisk muligheter for global kommunikasjon og forst\u00e5else. Men \u00e5 mestre spr\u00e5ket krever en grundig forst\u00e5else av dets unike grammatikkregler og strukturer. I denne artikkelen vil vi utforske de essensielle arabiske grammatikkemnene som vil hjelpe deg \u00e5 bygge et sterkt grunnlag i spr\u00e5ket, fra grunnleggende tider og verbb\u00f8yninger til mer komplekse nominelle og verbale setningsstrukturer.<\/p>\n\n\n\n<h3 class=\"wp-block-heading\" id=\"h-1-tenses-indicative\">1. Indikativ tid:<\/h3>\n\n\n\n<p>Den indikative tiden brukes til \u00e5 uttrykke handlinger eller tilstander i n\u00e5tid, fortid eller fremtid. P\u00e5 arabisk endres verbb\u00f8yningen basert p\u00e5 tiden. Start med \u00e5 l\u00e6re de grunnleggende b\u00f8yningene for vanlige verb og gj\u00f8r deg kjent med de forskjellige m\u00f8nstrene for n\u00e5tid, fortid og fremtidig tid.<\/p>\n\n\n\n<h3 class=\"wp-block-heading\" id=\"h-2-tenses-subjunctive\">2. Tidsformer konjunktiv:<\/h3>\n\n\n\n<p>Konjunktivtiden brukes til \u00e5 uttrykke usikkerhet, tvil eller \u00f8nske. Det er viktig \u00e5 l\u00e6re seg de spesifikke verbb\u00f8yningene og hvordan de skiller seg fra indikativ. Dette vil hjelpe deg med \u00e5 formidle mer nyanserte tanker og f\u00f8lelser i kommunikasjonen.<\/p>\n\n\n\n<h3 class=\"wp-block-heading\" id=\"h-3-tense-comparison\">3. Anspent sammenligning:<\/h3>\n\n\n\n<p>Det er viktig \u00e5 forst\u00e5 forskjellene mellom indikativ og <a href=\"https:\/\/talkpal.ai\/ja\/grammar_exercises\/konjunktiv-%e3%83%89%e3%82%a4%e3%83%84%e6%96%87%e6%b3%95%e3%81%ae%e6%bc%94%e7%bf%92\/\">konjunktiv<\/a> tid. Fokuser p\u00e5 hvordan verbkonjugasjonene endres og konteksten der hver tid brukes.<\/p>\n\n\n\n<h3 class=\"wp-block-heading\" id=\"h-4-verbs\">4. Verb:<\/h3>\n\n\n\n<p>Arabiske verb er kategorisert i forskjellige former basert p\u00e5 rotbokstaver og m\u00f8nstre. L\u00e6r de ti grunnleggende formene for verb og b\u00f8yningsreglene deres, som vil hjelpe deg \u00e5 gjenkjenne og bruke verb riktig i ulike situasjoner.<\/p>\n\n\n\n<h3 class=\"wp-block-heading\" id=\"h-5-nouns\">5. Substantiv:<\/h3>\n\n\n\n<p>Arabiske substantiver er enten maskuline eller feminine, og endelsene deres endres basert p\u00e5 deres grammatiske rolle i en setning. L\u00e6r de forskjellige substantivm\u00f8nstrene og hvordan de p\u00e5virkes av kasusmarkeringer og andre grammatiske elementer.<\/p>\n\n\n\n<h3 class=\"wp-block-heading\" id=\"h-6-articles\">6. Artikler:<\/h3>\n\n\n\n<p>Arabisk har bestemte og ubestemte artikler, som spiller en avgj\u00f8rende rolle for \u00e5 identifisere substantiver. L\u00e6r regler og bruk av den bestemte artikkelen &laquo;al-&raquo; og frav\u00e6ret av en ubestemt artikkel p\u00e5 arabisk.<\/p>\n\n\n\n<h3 class=\"wp-block-heading\" id=\"h-7-definite-and-indefinite-articles\">7. Bestemte og ubestemte artikler:<\/h3>\n\n\n\n<p>Som nevnt tidligere, er det viktig \u00e5 forst\u00e5 bruken av bestemte og ubestemte artikler p\u00e5 arabisk. \u00d8v deg p\u00e5 \u00e5 bruke dem i setninger med forskjellige substantiv for \u00e5 styrke forst\u00e5elsen av konseptet.<\/p>\n\n\n\n<h3 class=\"wp-block-heading\" id=\"h-8-pronouns\">8. Pronomen:<\/h3>\n\n\n\n<p>Arabiske pronomen er delt inn i personlige, demonstrative og relative pronomen. L\u00e6r deres former og bruk, samt reglene for \u00e5 knytte dem til verb, substantiv og preposisjoner.<\/p>\n\n\n\n<h3 class=\"wp-block-heading\" id=\"h-9-adjectives\">9. Adjektiver:<\/h3>\n\n\n\n<p>Adjektiver p\u00e5 arabisk stemmer overens med substantivene de endrer i kj\u00f8nn og tall. L\u00e6r reglene for adjektivavtale og de grunnleggende m\u00f8nstrene for adjektiv.<\/p>\n\n\n\n<h3 class=\"wp-block-heading\" id=\"h-10-adverbs\">10. Adverb:<\/h3>\n\n\n\n<p>Gj\u00f8r deg kjent med vanlige arabiske adverb og deres plassering i setninger. \u00c5 forst\u00e5 funksjonen til adverb vil hjelpe deg med \u00e5 formidle mer detaljert informasjon i kommunikasjonen.<\/p>\n\n\n\n<h3 class=\"wp-block-heading\" id=\"h-11-prepositions\">11. Preposisjoner:<\/h3>\n\n\n\n<p>Arabiske preposisjoner er avgj\u00f8rende for \u00e5 koble ord og uttrykk og uttrykke forhold mellom dem. L\u00e6r de ulike preposisjonene og bruken av dem i setninger.<\/p>\n\n\n\n<h3 class=\"wp-block-heading\" id=\"h-12-idaafa-genitive-construction\">12. Idaafa (genitiv konstruksjon):<\/h3>\n\n\n\n<p>Idaafa-konstruksjonen brukes til \u00e5 uttrykke besittelse eller forhold mellom substantiver. L\u00e6r reglene og m\u00f8nstrene for \u00e5 danne Idaafa-konstruksjoner, som er en integrert del av <a href=\"https:\/\/talkpal.ai\/arabic-grammar\/\">arabisk grammatikk<\/a>.<\/p>\n\n\n\n<h3 class=\"wp-block-heading\" id=\"h-13-sentence-structure\">13. Setningsstruktur:<\/h3>\n\n\n\n<p>Arabiske setninger kan enten v\u00e6re nominelle eller verbale. L\u00e6r den grunnleggende strukturen til begge setningstyper og \u00f8v deg p\u00e5 \u00e5 danne setninger med ulike komponenter.<\/p>\n\n\n\n<h3 class=\"wp-block-heading\" id=\"h-14-nominal-and-verbal-sentences\">14. Nominelle og verbale setninger:<\/h3>\n\n\n\n<p>Dykk dypere inn i forskjellene mellom nominelle og verbale setninger, og l\u00e6r hvordan du bruker dem effektivt i ulike sammenhenger.<\/p>\n\n\n\n<h3 class=\"wp-block-heading\" id=\"h-15-subject-and-predicate-in-arabic\">15. Emne og predikat p\u00e5 arabisk:<\/h3>\n\n\n\n<p>\u00c5 forst\u00e5 rollene til subjektet og predikatet i arabiske setninger er grunnleggende for effektiv kommunikasjon. L\u00e6r reglene for \u00e5 identifisere og bruke subjekter og predikater i ulike setningstyper.<\/p>\n<\/div><\/div>\n\r\n<section class=\"learnNavigationSection\">\r\n            \r\n        <a href=\"https:\/\/talkpal.ai\/no\/laer-arabisk\/\">\r\n            <div class=\"learnNavigationWrapper\">\r\n                <div class=\"learnNavigationContent\">\r\n                    <img decoding=\"async\" src=\"https:\/\/talkpal.ai\/wp-content\/uploads\/2024\/08\/Arabic.jpg\" alt=\"Arabic Flag\">\r\n                    <div>\r\n                        <h4>Om arabiskoppl\u00e6ring<\/h4>\r\n                        <p>Finn ut alt om arabisk grammatikk.<\/p>\r\n                    <\/div>\r\n                <\/div>\r\n            <\/div>\r\n        <\/a>\r\n\r\n        \r\n        <a href=\"https:\/\/talkpal.ai\/no\/arabisk-grammatikk\/\">\r\n            <div class=\"learnNavigationWrapper\">\r\n                <div class=\"learnNavigationContent\">\r\n                    <img decoding=\"async\" src=\"https:\/\/talkpal.ai\/wp-content\/uploads\/2024\/08\/Arabic.jpg\" alt=\"Arabic Flag\">\r\n                    <div>\r\n                        <h4>Arabisk grammatikkundervisning<\/h4>\r\n                        <p>\u00d8v p\u00e5 arabisk grammatikk.<\/p>\r\n                    <\/div>\r\n                <\/div>\r\n            <\/div>\r\n        <\/a>\r\n\r\n        \r\n        <a href=\"https:\/\/talkpal.ai\/vocabulary_language\/arabic\/\">\r\n            <div class=\"learnNavigationWrapper\">\r\n                <div class=\"learnNavigationContent\">\r\n                    <img decoding=\"async\" src=\"https:\/\/talkpal.ai\/wp-content\/uploads\/2024\/08\/Arabic.jpg\" alt=\"Arabic Flag\">\r\n                    <div>\r\n                        <h4>Arabisk ordforr\u00e5d<\/h4>\r\n                        <p>Utvid det arabiske ordforr\u00e5det ditt.<\/p>\r\n                    <\/div>\r\n                <\/div>\r\n            <\/div>\r\n        <\/a>\r\n\r\n            <\/section>","protected":false},"excerpt":{"rendered":"<p>Arabiske grammatikkemner Det arabiske spr\u00e5ket, med sin rike historie og kulturelle betydning, er en fascinerende og givende innsats for spr\u00e5kelever. Som et av de seks offisielle spr\u00e5kene i FN og snakket av over 420 millioner mennesker over hele verden, \u00e5pner det \u00e5 l\u00e6re arabisk muligheter for global kommunikasjon og forst\u00e5else. Men \u00e5 mestre spr\u00e5ket krever [&hellip;]<\/p>\n","protected":false},"author":6,"featured_media":105789,"parent":0,"menu_order":0,"comment_status":"closed","ping_status":"closed","template":"LearningContentPage.php","meta":{"_acf_changed":false,"footnotes":""},"class_list":["post-132560","page","type-page","status-publish","has-post-thumbnail","hentry"],"acf":[],"yoast_head":"<!-- This site is optimized with the Yoast SEO Premium plugin v27.2 (Yoast SEO v27.2) - https:\/\/yoast.com\/product\/yoast-seo-premium-wordpress\/ -->\n<title>Arabiske grammatikk\u00f8velser - Talkpal<\/title>\n<meta name=\"description\" content=\"Forbedre forst\u00e5elsen din med arabiske grammatikk\u00f8velser som dekker viktige regler og strukturer for \u00e5 mestre spr\u00e5ket.\" \/>\n<meta name=\"robots\" content=\"index, follow, max-snippet:-1, max-image-preview:large, max-video-preview:-1\" \/>\n<link rel=\"canonical\" href=\"https:\/\/talkpal.ai\/no\/arabiske-grammatikkovelser\/\" \/>\n<meta property=\"og:locale\" content=\"nb_NO\" \/>\n<meta property=\"og:type\" content=\"article\" \/>\n<meta property=\"og:title\" content=\"Arabiske grammatikk\u00f8velser\" \/>\n<meta property=\"og:description\" content=\"Arabiske grammatikkemner Det arabiske spr\u00e5ket, med sin rike historie og kulturelle betydning, er en fascinerende og givende innsats for spr\u00e5kelever. Som\" \/>\n<meta property=\"og:url\" content=\"https:\/\/talkpal.ai\/no\/arabiske-grammatikkovelser\/\" \/>\n<meta property=\"og:site_name\" content=\"Talkpal\" \/>\n<meta property=\"article:publisher\" content=\"https:\/\/www.facebook.com\/profile.php?id=100090733639311\" \/>\n<meta property=\"article:modified_time\" content=\"2025-05-22T20:15:47+00:00\" \/>\n<meta property=\"og:image\" content=\"https:\/\/talkpal.ai\/wp-content\/uploads\/2023\/04\/arabic-united-arab-emirates.png\" \/>\n\t<meta property=\"og:image:width\" content=\"512\" \/>\n\t<meta property=\"og:image:height\" content=\"512\" \/>\n\t<meta property=\"og:image:type\" content=\"image\/png\" \/>\n<meta name=\"twitter:card\" content=\"summary_large_image\" \/>\n<meta name=\"twitter:site\" content=\"@talkpalai\" \/>\n<meta name=\"twitter:label1\" content=\"Ansl. lesetid\" \/>\n\t<meta name=\"twitter:data1\" content=\"3 minutter\" \/>\n<script type=\"application\/ld+json\" class=\"yoast-schema-graph\">{\"@context\":\"https:\/\/schema.org\",\"@graph\":[{\"@type\":\"WebPage\",\"@id\":\"https:\/\/talkpal.ai\/no\/arabiske-grammatikkovelser\/\",\"url\":\"https:\/\/talkpal.ai\/no\/arabiske-grammatikkovelser\/\",\"name\":\"Arabiske grammatikk\u00f8velser - Talkpal\",\"isPartOf\":{\"@id\":\"https:\/\/talkpal.ai\/no\/#website\"},\"primaryImageOfPage\":{\"@id\":\"https:\/\/talkpal.ai\/no\/arabiske-grammatikkovelser\/#primaryimage\"},\"image\":{\"@id\":\"https:\/\/talkpal.ai\/no\/arabiske-grammatikkovelser\/#primaryimage\"},\"thumbnailUrl\":\"https:\/\/talkpal.ai\/wp-content\/uploads\/2023\/04\/arabic-united-arab-emirates.png\",\"datePublished\":\"2023-06-16T09:31:38+00:00\",\"dateModified\":\"2025-05-22T20:15:47+00:00\",\"description\":\"Forbedre forst\u00e5elsen din med arabiske grammatikk\u00f8velser som dekker viktige regler og strukturer for \u00e5 mestre spr\u00e5ket.\",\"breadcrumb\":{\"@id\":\"https:\/\/talkpal.ai\/no\/arabiske-grammatikkovelser\/#breadcrumb\"},\"inLanguage\":\"nb-NO\",\"potentialAction\":[{\"@type\":\"ReadAction\",\"target\":[\"https:\/\/talkpal.ai\/no\/arabiske-grammatikkovelser\/\"]}]},{\"@type\":\"ImageObject\",\"inLanguage\":\"nb-NO\",\"@id\":\"https:\/\/talkpal.ai\/no\/arabiske-grammatikkovelser\/#primaryimage\",\"url\":\"https:\/\/talkpal.ai\/wp-content\/uploads\/2023\/04\/arabic-united-arab-emirates.png\",\"contentUrl\":\"https:\/\/talkpal.ai\/wp-content\/uploads\/2023\/04\/arabic-united-arab-emirates.png\",\"width\":512,\"height\":512},{\"@type\":\"BreadcrumbList\",\"@id\":\"https:\/\/talkpal.ai\/no\/arabiske-grammatikkovelser\/#breadcrumb\",\"itemListElement\":[{\"@type\":\"ListItem\",\"position\":1,\"name\":\"Homepage\",\"item\":\"https:\/\/talkpal.ai\/no\/\"},{\"@type\":\"ListItem\",\"position\":2,\"name\":\"Arabiske grammatikk\u00f8velser\"}]},{\"@type\":\"WebSite\",\"@id\":\"https:\/\/talkpal.ai\/no\/#website\",\"url\":\"https:\/\/talkpal.ai\/no\/\",\"name\":\"Talkpal\",\"description\":\"AI Language Learning\",\"publisher\":{\"@id\":\"https:\/\/talkpal.ai\/no\/#organization\"},\"alternateName\":\"Talkpal AI\",\"potentialAction\":[{\"@type\":\"SearchAction\",\"target\":{\"@type\":\"EntryPoint\",\"urlTemplate\":\"https:\/\/talkpal.ai\/no\/?s={search_term_string}\"},\"query-input\":{\"@type\":\"PropertyValueSpecification\",\"valueRequired\":true,\"valueName\":\"search_term_string\"}}],\"inLanguage\":\"nb-NO\"},{\"@type\":\"Organization\",\"@id\":\"https:\/\/talkpal.ai\/no\/#organization\",\"name\":\"Talkpal, Inc.\",\"alternateName\":\"Talkpal AI\",\"url\":\"https:\/\/talkpal.ai\/no\/\",\"logo\":{\"@type\":\"ImageObject\",\"inLanguage\":\"nb-NO\",\"@id\":\"https:\/\/talkpal.ai\/no\/#\/schema\/logo\/image\/\",\"url\":\"https:\/\/talkpal.ai\/wp-content\/uploads\/2024\/03\/Talkpal-Logo-Icon.png\",\"contentUrl\":\"https:\/\/talkpal.ai\/wp-content\/uploads\/2024\/03\/Talkpal-Logo-Icon.png\",\"width\":2880,\"height\":2880,\"caption\":\"Talkpal, Inc.\"},\"image\":{\"@id\":\"https:\/\/talkpal.ai\/no\/#\/schema\/logo\/image\/\"},\"sameAs\":[\"https:\/\/www.facebook.com\/profile.php?id=100090733639311\",\"https:\/\/x.com\/talkpalai\",\"https:\/\/www.linkedin.com\/company\/talkpal\/\",\"https:\/\/www.youtube.com\/@TalkPal\/\",\"https:\/\/www.tiktok.com\/@talkpal\",\"https:\/\/www.instagram.com\/talkpal_ai\/\",\"https:\/\/www.crunchbase.com\/organization\/talkpal-9cde\",\"https:\/\/www.g2.com\/products\/talkpal-for-business\/\",\"https:\/\/www.trustpilot.com\/review\/talkpal.ai\",\"https:\/\/www.capterra.com\/p\/10006800\/TalkPal\/\"],\"description\":\"Talkpal is a language learning web and mobile education app, powered by the latest AI technologies, that provides engaging experiences to its customers in many different languages to help them improve their language skills. Users can chat about unlimited amount of topics with the app and use other modes to practice their language learning.\",\"email\":\"support@talkpal.ai\",\"legalName\":\"Talkpal, Inc.\",\"foundingDate\":\"2023-04-03\",\"duns\":\"118989042\",\"numberOfEmployees\":{\"@type\":\"QuantitativeValue\",\"minValue\":\"11\",\"maxValue\":\"50\"},\"publishingPrinciples\":\"https:\/\/talkpal.ai\/publishing-principles\/\",\"actionableFeedbackPolicy\":\"https:\/\/talkpal.ai\/actionable-feedback-policy\/\",\"correctionsPolicy\":\"https:\/\/talkpal.ai\/corrections-policy\/\",\"ethicsPolicy\":\"https:\/\/talkpal.ai\/ethics-policy\/\",\"diversityPolicy\":\"https:\/\/talkpal.ai\/diversity-policy\/\",\"diversityStaffingReport\":\"https:\/\/talkpal.ai\/diversity-policy\/\"}]}<\/script>\n<!-- \/ Yoast SEO Premium plugin. -->","yoast_head_json":{"title":"Arabiske grammatikk\u00f8velser - Talkpal","description":"Forbedre forst\u00e5elsen din med arabiske grammatikk\u00f8velser som dekker viktige regler og strukturer for \u00e5 mestre spr\u00e5ket.","robots":{"index":"index","follow":"follow","max-snippet":"max-snippet:-1","max-image-preview":"max-image-preview:large","max-video-preview":"max-video-preview:-1"},"canonical":"https:\/\/talkpal.ai\/no\/arabiske-grammatikkovelser\/","og_locale":"nb_NO","og_type":"article","og_title":"Arabiske grammatikk\u00f8velser","og_description":"Arabiske grammatikkemner Det arabiske spr\u00e5ket, med sin rike historie og kulturelle betydning, er en fascinerende og givende innsats for spr\u00e5kelever. Som","og_url":"https:\/\/talkpal.ai\/no\/arabiske-grammatikkovelser\/","og_site_name":"Talkpal","article_publisher":"https:\/\/www.facebook.com\/profile.php?id=100090733639311","article_modified_time":"2025-05-22T20:15:47+00:00","og_image":[{"width":512,"height":512,"url":"https:\/\/talkpal.ai\/wp-content\/uploads\/2023\/04\/arabic-united-arab-emirates.png","type":"image\/png"}],"twitter_card":"summary_large_image","twitter_site":"@talkpalai","twitter_misc":{"Ansl. lesetid":"3 minutter"},"schema":{"@context":"https:\/\/schema.org","@graph":[{"@type":"WebPage","@id":"https:\/\/talkpal.ai\/no\/arabiske-grammatikkovelser\/","url":"https:\/\/talkpal.ai\/no\/arabiske-grammatikkovelser\/","name":"Arabiske grammatikk\u00f8velser - Talkpal","isPartOf":{"@id":"https:\/\/talkpal.ai\/no\/#website"},"primaryImageOfPage":{"@id":"https:\/\/talkpal.ai\/no\/arabiske-grammatikkovelser\/#primaryimage"},"image":{"@id":"https:\/\/talkpal.ai\/no\/arabiske-grammatikkovelser\/#primaryimage"},"thumbnailUrl":"https:\/\/talkpal.ai\/wp-content\/uploads\/2023\/04\/arabic-united-arab-emirates.png","datePublished":"2023-06-16T09:31:38+00:00","dateModified":"2025-05-22T20:15:47+00:00","description":"Forbedre forst\u00e5elsen din med arabiske grammatikk\u00f8velser som dekker viktige regler og strukturer for \u00e5 mestre spr\u00e5ket.","breadcrumb":{"@id":"https:\/\/talkpal.ai\/no\/arabiske-grammatikkovelser\/#breadcrumb"},"inLanguage":"nb-NO","potentialAction":[{"@type":"ReadAction","target":["https:\/\/talkpal.ai\/no\/arabiske-grammatikkovelser\/"]}]},{"@type":"ImageObject","inLanguage":"nb-NO","@id":"https:\/\/talkpal.ai\/no\/arabiske-grammatikkovelser\/#primaryimage","url":"https:\/\/talkpal.ai\/wp-content\/uploads\/2023\/04\/arabic-united-arab-emirates.png","contentUrl":"https:\/\/talkpal.ai\/wp-content\/uploads\/2023\/04\/arabic-united-arab-emirates.png","width":512,"height":512},{"@type":"BreadcrumbList","@id":"https:\/\/talkpal.ai\/no\/arabiske-grammatikkovelser\/#breadcrumb","itemListElement":[{"@type":"ListItem","position":1,"name":"Homepage","item":"https:\/\/talkpal.ai\/no\/"},{"@type":"ListItem","position":2,"name":"Arabiske grammatikk\u00f8velser"}]},{"@type":"WebSite","@id":"https:\/\/talkpal.ai\/no\/#website","url":"https:\/\/talkpal.ai\/no\/","name":"Talkpal","description":"AI Language Learning","publisher":{"@id":"https:\/\/talkpal.ai\/no\/#organization"},"alternateName":"Talkpal AI","potentialAction":[{"@type":"SearchAction","target":{"@type":"EntryPoint","urlTemplate":"https:\/\/talkpal.ai\/no\/?s={search_term_string}"},"query-input":{"@type":"PropertyValueSpecification","valueRequired":true,"valueName":"search_term_string"}}],"inLanguage":"nb-NO"},{"@type":"Organization","@id":"https:\/\/talkpal.ai\/no\/#organization","name":"Talkpal, Inc.","alternateName":"Talkpal AI","url":"https:\/\/talkpal.ai\/no\/","logo":{"@type":"ImageObject","inLanguage":"nb-NO","@id":"https:\/\/talkpal.ai\/no\/#\/schema\/logo\/image\/","url":"https:\/\/talkpal.ai\/wp-content\/uploads\/2024\/03\/Talkpal-Logo-Icon.png","contentUrl":"https:\/\/talkpal.ai\/wp-content\/uploads\/2024\/03\/Talkpal-Logo-Icon.png","width":2880,"height":2880,"caption":"Talkpal, Inc."},"image":{"@id":"https:\/\/talkpal.ai\/no\/#\/schema\/logo\/image\/"},"sameAs":["https:\/\/www.facebook.com\/profile.php?id=100090733639311","https:\/\/x.com\/talkpalai","https:\/\/www.linkedin.com\/company\/talkpal\/","https:\/\/www.youtube.com\/@TalkPal\/","https:\/\/www.tiktok.com\/@talkpal","https:\/\/www.instagram.com\/talkpal_ai\/","https:\/\/www.crunchbase.com\/organization\/talkpal-9cde","https:\/\/www.g2.com\/products\/talkpal-for-business\/","https:\/\/www.trustpilot.com\/review\/talkpal.ai","https:\/\/www.capterra.com\/p\/10006800\/TalkPal\/"],"description":"Talkpal is a language learning web and mobile education app, powered by the latest AI technologies, that provides engaging experiences to its customers in many different languages to help them improve their language skills. Users can chat about unlimited amount of topics with the app and use other modes to practice their language learning.","email":"support@talkpal.ai","legalName":"Talkpal, Inc.","foundingDate":"2023-04-03","duns":"118989042","numberOfEmployees":{"@type":"QuantitativeValue","minValue":"11","maxValue":"50"},"publishingPrinciples":"https:\/\/talkpal.ai\/publishing-principles\/","actionableFeedbackPolicy":"https:\/\/talkpal.ai\/actionable-feedback-policy\/","correctionsPolicy":"https:\/\/talkpal.ai\/corrections-policy\/","ethicsPolicy":"https:\/\/talkpal.ai\/ethics-policy\/","diversityPolicy":"https:\/\/talkpal.ai\/diversity-policy\/","diversityStaffingReport":"https:\/\/talkpal.ai\/diversity-policy\/"}]}},"_links":{"self":[{"href":"https:\/\/talkpal.ai\/no\/wp-json\/wp\/v2\/pages\/132560","targetHints":{"allow":["GET"]}}],"collection":[{"href":"https:\/\/talkpal.ai\/no\/wp-json\/wp\/v2\/pages"}],"about":[{"href":"https:\/\/talkpal.ai\/no\/wp-json\/wp\/v2\/types\/page"}],"author":[{"embeddable":true,"href":"https:\/\/talkpal.ai\/no\/wp-json\/wp\/v2\/users\/6"}],"replies":[{"embeddable":true,"href":"https:\/\/talkpal.ai\/no\/wp-json\/wp\/v2\/comments?post=132560"}],"version-history":[{"count":0,"href":"https:\/\/talkpal.ai\/no\/wp-json\/wp\/v2\/pages\/132560\/revisions"}],"wp:featuredmedia":[{"embeddable":true,"href":"https:\/\/talkpal.ai\/no\/wp-json\/wp\/v2\/media\/105789"}],"wp:attachment":[{"href":"https:\/\/talkpal.ai\/no\/wp-json\/wp\/v2\/media?parent=132560"}],"curies":[{"name":"wp","href":"https:\/\/api.w.org\/{rel}","templated":true}]}}