{"id":132235,"date":"2023-06-16T09:22:36","date_gmt":"2023-06-16T09:22:36","guid":{"rendered":"http:\/\/talkpal.ai\/italiensk-grammatikkovelser\/"},"modified":"2025-12-17T16:13:58","modified_gmt":"2025-12-17T16:13:58","slug":"italiensk-grammatikkovelser","status":"publish","type":"page","link":"https:\/\/talkpal.ai\/no\/italiensk-grammatikkovelser\/","title":{"rendered":"Italiensk grammatikk\u00f8velser"},"content":{"rendered":"\r\n\r\n\r\n<section class=\"languageChallengeSection\">\r\n    <div class=\"languageInfoWrapper\">\r\n        \r\n        <h1>Italiensk grammatikk\u00f8velser<\/h1>\r\n        <p>Er du klar til \u00e5 bygge opp selvtilliten din i <a href=\"https:\/\/talkpal.ai\/learn-italian\/\">italiensk<\/a>? \u00c5 \u00f8ve p\u00e5 grammatikk er den beste m\u00e5ten \u00e5 <a href=\"https:\/\/talkpal.ai\/locations\/language-courses-in-mestre\/\">mestre<\/a> setningsstruktur, verbb\u00f8yninger og de unike trekkene ved det italienske spr\u00e5ket. Begynn \u00e5 jobbe med den italienske grammatikken i dag og se hvordan ferdighetene dine blir bedre for hvert steg du tar!\n\n<\/p>\r\n\r\n                            <a class=\"getStartedHidden\" href=\"https:\/\/app.talkpal.ai\/no\/signup?lng=\">Kom i gang<\/a>\r\n        \r\n    <\/div>\r\n\r\n    <figure>\r\n    <img decoding=\"async\" width=\"768\" height=\"768\" src=\"https:\/\/talkpal.ai\/wp-content\/uploads\/2023\/06\/italian-768x768.png\" class=\"languageImage no-lazy\" alt=\"Language learning for increased memory capacity\" fetchpriority=\"high\" sizes=\"(max-width: 768px) 150px, 768px\" srcset=\"https:\/\/talkpal.ai\/wp-content\/uploads\/2023\/06\/italian-768x768.png 768w, https:\/\/talkpal.ai\/wp-content\/uploads\/2023\/06\/italian-300x300.png 300w\" \/>\r\n    \r\n\r\n    <\/figure>\r\n\r\n            <a class=\"getStartedVisible\" href=\"https:\/\/app.talkpal.ai\/no\/signup?lng=\">Kom i gang<\/a>\r\n    \r\n<\/section>\r\n\r\n\r\n<!-- <section class=\"grammarSection\">\r\n    <div class=\"grammarLinks\">\r\n        <a href=\"https:\/\/talkpal.ai\/no\/exercise_language\/adjektiver-italiensk-grammatikk\/\">Adjektiver <\/a><a href=\"https:\/\/talkpal.ai\/no\/exercise_language\/adverb-italiensk-grammatikk\/\">Adverb <\/a><a href=\"https:\/\/talkpal.ai\/no\/exercise_language\/artikler-italiensk-grammatikk\/\">Artikler <\/a><a href=\"https:\/\/talkpal.ai\/no\/exercise_language\/preposisjoner-italiensk-grammatikk\/\">Preposisjoner <\/a><a href=\"https:\/\/talkpal.ai\/no\/exercise_language\/pronomen-italiensk-grammatikk\/\">Pronomen <\/a><a href=\"https:\/\/talkpal.ai\/no\/exercise_language\/setningsstruktur-italiensk-grammatikk\/\">Setningsstruktur <\/a><a href=\"https:\/\/talkpal.ai\/no\/exercise_language\/substantiver-italiensk-grammatikk\/\">Substantiver <\/a><a href=\"https:\/\/talkpal.ai\/no\/exercise_language\/tempus-sammenligning-italiensk-grammatikk\/\">Tempus sammenligning <\/a><a href=\"https:\/\/talkpal.ai\/no\/exercise_language\/tider-indikativ-italiensk-grammatikk\/\">Tider Indikativ <\/a><a href=\"https:\/\/talkpal.ai\/no\/exercise_language\/tider-konjunktiv-italiensk-grammatikk\/\">Tider konjunktiv <\/a><a href=\"https:\/\/talkpal.ai\/no\/exercise_language\/verb-italiensk-grammatikk\/\">Verb <\/a>    <\/div>\r\n<\/section> -->\r\n\r\n\r\n\r\n\r\n        <section class=\"grammarSection\">\r\n            <div class=\"grammarLinks\">\r\n                <a href=\"https:\/\/talkpal.ai\/no\/exercise_language\/adjektiver-italiensk-grammatikk\/\">Adjektiver <\/a><a href=\"https:\/\/talkpal.ai\/no\/exercise_language\/adverb-italiensk-grammatikk\/\">Adverb <\/a><a href=\"https:\/\/talkpal.ai\/no\/exercise_language\/artikler-italiensk-grammatikk\/\">Artikler <\/a><a href=\"https:\/\/talkpal.ai\/no\/exercise_language\/preposisjoner-italiensk-grammatikk\/\">Preposisjoner <\/a><a href=\"https:\/\/talkpal.ai\/no\/exercise_language\/pronomen-italiensk-grammatikk\/\">Pronomen <\/a><a href=\"https:\/\/talkpal.ai\/no\/exercise_language\/setningsstruktur-italiensk-grammatikk\/\">Setningsstruktur <\/a><a href=\"https:\/\/talkpal.ai\/no\/exercise_language\/substantiver-italiensk-grammatikk\/\">Substantiver <\/a><a href=\"https:\/\/talkpal.ai\/no\/exercise_language\/tempus-sammenligning-italiensk-grammatikk\/\">Tempus sammenligning <\/a><a href=\"https:\/\/talkpal.ai\/no\/exercise_language\/tider-indikativ-italiensk-grammatikk\/\">Tider Indikativ <\/a><a href=\"https:\/\/talkpal.ai\/no\/exercise_language\/tider-konjunktiv-italiensk-grammatikk\/\">Tider konjunktiv <\/a><a href=\"https:\/\/talkpal.ai\/no\/exercise_language\/verb-italiensk-grammatikk\/\">Verb <\/a>            <\/div>\r\n        <\/section>\r\n<section class=\"promotionalBanner\">\r\n    <p class=\"promotionalText\">Den mest effektive m\u00e5ten \u00e5 l\u00e6re et spr\u00e5k p\u00e5<\/p>\r\n    <a class=\"promotionalLink\" href=\"https:\/\/app.talkpal.ai\/no\/signup?lng=\">Pr\u00f8v Talkpal gratis<\/a>\r\n<\/section>\n<div class=\"wp-block-group pageContainerStyle\"><div class=\"wp-block-group__inner-container is-layout-constrained wp-block-group-is-layout-constrained\">\n<h2 class=\"wp-block-heading\" id=\"h-italian-grammar-topics\">Italiensk grammatikk-emner<\/h2>\n\n\n\n<p>\u00c5 l\u00e6re et nytt spr\u00e5k er en spennende reise som \u00e5pner for <a href=\"https:\/\/talkpal.ai\/talkpal-new-years-discount\/\">nye<\/a> muligheter og kulturelle opplevelser. Et av de vakreste og mest talte spr\u00e5kene er italiensk, kjent for sin musikalitet, uttrykksfullhet og rike historie. For \u00e5 <a href=\"https:\/\/talkpal.ai\/fr\/comment-apprendre-litalien\/\">l\u00e6re italiensk<\/a> effektivt, er det avgj\u00f8rende \u00e5 ha en klar forst\u00e5else av grammatikken, som fungerer som grunnlaget for \u00e5 bygge spr\u00e5kferdigheter. Dette inkluderer \u00e5 mestre ulike aspekter, for eksempel tider, verb, substantiv, artikler og mer. I denne veiledningen vil vi utforske en rekke grammatikkemner som vil hjelpe deg \u00e5 l\u00e6re italiensk p\u00e5 en organisert og effektiv m\u00e5te.<\/p>\n\n\n\n<h3 class=\"wp-block-heading\" id=\"h-1-nouns-and-articles\">1. Substantiv og artikler:<\/h3>\n\n\n\n<p>Begynn din italienske l\u00e6ringsreise med substantiv og artikler, siden de er de grunnleggende byggesteinene i enhver setning. Substantiv er ord som representerer mennesker, steder, ting eller ideer. P\u00e5 italiensk har substantiver kj\u00f8nn (maskulint og feminint) og tall (entall og flertall). Artikler er ordene som f\u00f8lger med substantiver, og de har ogs\u00e5 kj\u00f8nn og nummer. Gj\u00f8r deg kjent med de bestemte (il, la, etc.) og ubestemte artikler (un, una, etc.) for \u00e5 danne enkle fraser.<\/p>\n\n\n\n<h3 class=\"wp-block-heading\" id=\"h-2-adjectives\">2. Adjektiver:<\/h3>\n\n\n\n<p>Adjektiver gir informasjon om substantiver, for eksempel farge, st\u00f8rrelse eller kvalitet. P\u00e5 italiensk stemmer adjektiver i kj\u00f8nn og tall med substantivet de beskriver. L\u00e6r reglene for adjektivplassering og avtale for \u00e5 forbedre dine beskrivende spr\u00e5kkunnskaper.<\/p>\n\n\n\n<h3 class=\"wp-block-heading\" id=\"h-3-pronouns\">3. Pronomen:<\/h3>\n\n\n\n<p>Pronomen erstatter substantiv i setninger for \u00e5 unng\u00e5 repetisjon. Studer subjektpronomen (io, tu, lui, etc.), direkte og indirekte objektpronomen (lo, la, gli, etc.), og besittende pronomen (mio, tuo, suo, etc.) for \u00e5 gi mer variasjon til talen din .<\/p>\n\n\n\n<h3 class=\"wp-block-heading\" id=\"h-4-verbs-and-tenses-indicative\">4. Verb og tider veiledende:<\/h3>\n\n\n\n<p>Verb uttrykker handlinger, tilstander eller hendelser. Italienske verb har forskjellige b\u00f8yninger basert p\u00e5 emne, tid og stemning. Start med vanlige verb i presens indikativ, for eksempel parlare (\u00e5 snakke), og l\u00e6r deg gradvis andre tider, som fortid (<a href=\"https:\/\/talkpal.ai\/ar\/grammar_exercises\/passato-prossimo-%d8%aa%d9%85%d8%a7%d8%b1%d9%8a%d9%86-%d9%84%d9%84%d9%82%d9%88%d8%a7%d8%b9%d8%af-%d8%a7%d9%84%d8%a5%d9%8a%d8%b7%d8%a7%d9%84%d9%8a%d8%a9\/\">passato prossimo<\/a>) og fremtid (<a href=\"https:\/\/talkpal.ai\/ar\/grammar_exercises\/futuro-semplice-%d8%aa%d9%85%d8%a7%d8%b1%d9%8a%d9%86-%d9%84%d9%84%d9%82%d9%88%d8%a7%d8%b9%d8%af-%d8%a7%d9%84%d8%a5%d9%8a%d8%b7%d8%a7%d9%84%d9%8a%d8%a9\/\">futuro semplice<\/a>).<\/p>\n\n\n\n<h3 class=\"wp-block-heading\" id=\"h-5-tenses-subjunctive\">5. Tidsformer konjunktiv:<\/h3>\n\n\n\n<p>Den konjunktive stemningen uttrykker tvil, usikkerhet eller personlige meninger. L\u00e6r de fire konjunktive tidene (n\u00e5tid, fortid, ufullkommen og perfektum fortid) og deres bruk for \u00e5 uttrykke \u00f8nsker, \u00f8nsker og hypotetiske situasjoner.<\/p>\n\n\n\n<h3 class=\"wp-block-heading\" id=\"h-6-tense-comparison\">6. Anspent sammenligning:<\/h3>\n\n\n\n<p>Utvikle din evne til \u00e5 sammenligne handlinger p\u00e5 tvers av ulike tidsrammer ved \u00e5 l\u00e6re hvordan du bruker komparative og superlative former for adjektiver og adverb. Dette vil gj\u00f8re deg i stand til \u00e5 sammenligne personer, gjenstander eller situasjoner.<\/p>\n\n\n\n<h3 class=\"wp-block-heading\" id=\"h-7-adverbs\">7. Adverb:<\/h3>\n\n\n\n<p>Adverb endrer verb, adjektiver eller andre adverb ved \u00e5 gi tilleggsinformasjon om tid, m\u00e5te eller grad. L\u00e6r vanlige italienske adverb og deres plassering i setninger for \u00e5 forbedre flyten din.<\/p>\n\n\n\n<h3 class=\"wp-block-heading\" id=\"h-8-prepositions\">8. Preposisjoner:<\/h3>\n\n\n\n<p>Preposisjoner er essensielle for \u00e5 koble sammen ord og uttrykk, som indikerer forhold som sted, tid eller \u00e5rsak. Mestre vanlige italienske preposisjoner (di, a, da, etc.) og deres bruk i ulike sammenhenger.<\/p>\n\n\n\n<h3 class=\"wp-block-heading\" id=\"h-9-sentence-structure\">9. Setningsstruktur:<\/h3>\n\n\n\n<p>Til slutt, samle alle grammatikkkomponentene ved \u00e5 studere italiensk setningsstruktur. L\u00e6r om subjekt-verb-objekt rekkef\u00f8lge, negasjon og forming av sp\u00f8rsm\u00e5l for \u00e5 lage n\u00f8yaktige og meningsfulle setninger.<\/p>\n\n\n\n<p>Ved \u00e5 f\u00f8lge denne sekvensen av grammatikkemner og dedikere tid til \u00e5 \u00f8ve og gjennomg\u00e5, vil du v\u00e6re p\u00e5 god vei til \u00e5 mestre italiensk og nyte de rike spr\u00e5klige og kulturelle opplevelsene det tilbyr.<\/p>\n<\/div><\/div>\n\r\n<section class=\"learnNavigationSection\">\r\n            \r\n        <a href=\"https:\/\/talkpal.ai\/no\/laer-italiensk\/\">\r\n            <div class=\"learnNavigationWrapper\">\r\n                <div class=\"learnNavigationContent\">\r\n                    <img decoding=\"async\" src=\"https:\/\/talkpal.ai\/wp-content\/uploads\/2024\/08\/Italian.jpg\" alt=\"Italian Flag\">\r\n                    <div>\r\n                        <h4>Om \u00e5 l\u00e6re italiensk<\/h4>\r\n                        <p>Finn ut alt om italiensk grammatikk.<\/p>\r\n                    <\/div>\r\n                <\/div>\r\n            <\/div>\r\n        <\/a>\r\n\r\n        \r\n        <a href=\"https:\/\/talkpal.ai\/no\/italiensk-grammatikk\/\">\r\n            <div class=\"learnNavigationWrapper\">\r\n                <div class=\"learnNavigationContent\">\r\n                    <img decoding=\"async\" src=\"https:\/\/talkpal.ai\/wp-content\/uploads\/2024\/08\/Italian.jpg\" alt=\"Italian Flag\">\r\n                    <div>\r\n                        <h4>Italiensk grammatikkundervisning<\/h4>\r\n                        <p>\u00d8v p\u00e5 italiensk grammatikk.<\/p>\r\n                    <\/div>\r\n                <\/div>\r\n            <\/div>\r\n        <\/a>\r\n\r\n        \r\n        <a href=\"https:\/\/talkpal.ai\/vocabulary_language\/italian\/\">\r\n            <div class=\"learnNavigationWrapper\">\r\n                <div class=\"learnNavigationContent\">\r\n                    <img decoding=\"async\" src=\"https:\/\/talkpal.ai\/wp-content\/uploads\/2024\/08\/Italian.jpg\" alt=\"Italian Flag\">\r\n                    <div>\r\n                        <h4>Italiensk ordforr\u00e5d<\/h4>\r\n                        <p>Utvid det italienske ordforr\u00e5det ditt.<\/p>\r\n                    <\/div>\r\n                <\/div>\r\n            <\/div>\r\n        <\/a>\r\n\r\n            <\/section>","protected":false},"excerpt":{"rendered":"<p>Italiensk grammatikk-emner \u00c5 l\u00e6re et nytt spr\u00e5k er en spennende reise som \u00e5pner for nye muligheter og kulturelle opplevelser. Et av de vakreste og mest talte spr\u00e5kene er italiensk, kjent for sin musikalitet, uttrykksfullhet og rike historie. For \u00e5 l\u00e6re italiensk effektivt, er det avgj\u00f8rende \u00e5 ha en klar forst\u00e5else av grammatikken, som fungerer som [&hellip;]<\/p>\n","protected":false},"author":6,"featured_media":76116,"parent":0,"menu_order":0,"comment_status":"closed","ping_status":"closed","template":"LearningContentPage.php","meta":{"_acf_changed":false,"footnotes":""},"class_list":["post-132235","page","type-page","status-publish","has-post-thumbnail","hentry"],"acf":[],"yoast_head":"<!-- This site is optimized with the Yoast SEO Premium plugin v27.2 (Yoast SEO v27.2) - https:\/\/yoast.com\/product\/yoast-seo-premium-wordpress\/ -->\n<title>Italiensk grammatikk\u00f8velser - Talkpal<\/title>\n<meta name=\"description\" content=\"Styrk din italienske grammatikk effektivt - forbedre ferdighetene dine med praktiske \u00f8velser, interaktiv trening og umiddelbar tilbakemelding\" \/>\n<meta name=\"robots\" content=\"index, follow, max-snippet:-1, max-image-preview:large, max-video-preview:-1\" \/>\n<link rel=\"canonical\" href=\"https:\/\/talkpal.ai\/no\/italiensk-grammatikkovelser\/\" \/>\n<meta property=\"og:locale\" content=\"nb_NO\" \/>\n<meta property=\"og:type\" content=\"article\" \/>\n<meta property=\"og:title\" content=\"Italiensk grammatikk\u00f8velser\" \/>\n<meta property=\"og:description\" content=\"Italiensk grammatikk-emner \u00c5 l\u00e6re et nytt spr\u00e5k er en spennende reise som \u00e5pner for nye muligheter og kulturelle opplevelser. Et av de vakreste og mest\" \/>\n<meta property=\"og:url\" content=\"https:\/\/talkpal.ai\/no\/italiensk-grammatikkovelser\/\" \/>\n<meta property=\"og:site_name\" content=\"Talkpal\" \/>\n<meta property=\"article:publisher\" content=\"https:\/\/www.facebook.com\/profile.php?id=100090733639311\" \/>\n<meta property=\"article:modified_time\" content=\"2025-12-17T16:13:58+00:00\" \/>\n<meta property=\"og:image\" content=\"https:\/\/talkpal.ai\/wp-content\/uploads\/2023\/03\/italy.png\" \/>\n\t<meta property=\"og:image:width\" content=\"512\" \/>\n\t<meta property=\"og:image:height\" content=\"512\" \/>\n\t<meta property=\"og:image:type\" content=\"image\/png\" \/>\n<meta name=\"twitter:card\" content=\"summary_large_image\" \/>\n<meta name=\"twitter:site\" content=\"@talkpalai\" \/>\n<meta name=\"twitter:label1\" content=\"Ansl. lesetid\" \/>\n\t<meta name=\"twitter:data1\" content=\"3 minutter\" \/>\n<script type=\"application\/ld+json\" class=\"yoast-schema-graph\">{\"@context\":\"https:\/\/schema.org\",\"@graph\":[{\"@type\":\"WebPage\",\"@id\":\"https:\/\/talkpal.ai\/no\/italiensk-grammatikkovelser\/\",\"url\":\"https:\/\/talkpal.ai\/no\/italiensk-grammatikkovelser\/\",\"name\":\"Italiensk grammatikk\u00f8velser - Talkpal\",\"isPartOf\":{\"@id\":\"https:\/\/talkpal.ai\/no\/#website\"},\"primaryImageOfPage\":{\"@id\":\"https:\/\/talkpal.ai\/no\/italiensk-grammatikkovelser\/#primaryimage\"},\"image\":{\"@id\":\"https:\/\/talkpal.ai\/no\/italiensk-grammatikkovelser\/#primaryimage\"},\"thumbnailUrl\":\"https:\/\/talkpal.ai\/wp-content\/uploads\/2023\/03\/italy.png\",\"datePublished\":\"2023-06-16T09:22:36+00:00\",\"dateModified\":\"2025-12-17T16:13:58+00:00\",\"description\":\"Styrk din italienske grammatikk effektivt - forbedre ferdighetene dine med praktiske \u00f8velser, interaktiv trening og umiddelbar tilbakemelding\",\"breadcrumb\":{\"@id\":\"https:\/\/talkpal.ai\/no\/italiensk-grammatikkovelser\/#breadcrumb\"},\"inLanguage\":\"nb-NO\",\"potentialAction\":[{\"@type\":\"ReadAction\",\"target\":[\"https:\/\/talkpal.ai\/no\/italiensk-grammatikkovelser\/\"]}]},{\"@type\":\"ImageObject\",\"inLanguage\":\"nb-NO\",\"@id\":\"https:\/\/talkpal.ai\/no\/italiensk-grammatikkovelser\/#primaryimage\",\"url\":\"https:\/\/talkpal.ai\/wp-content\/uploads\/2023\/03\/italy.png\",\"contentUrl\":\"https:\/\/talkpal.ai\/wp-content\/uploads\/2023\/03\/italy.png\",\"width\":512,\"height\":512,\"caption\":\"TalkPal AI learn Italian\"},{\"@type\":\"BreadcrumbList\",\"@id\":\"https:\/\/talkpal.ai\/no\/italiensk-grammatikkovelser\/#breadcrumb\",\"itemListElement\":[{\"@type\":\"ListItem\",\"position\":1,\"name\":\"Homepage\",\"item\":\"https:\/\/talkpal.ai\/no\/\"},{\"@type\":\"ListItem\",\"position\":2,\"name\":\"Italiensk grammatikk\u00f8velser\"}]},{\"@type\":\"WebSite\",\"@id\":\"https:\/\/talkpal.ai\/no\/#website\",\"url\":\"https:\/\/talkpal.ai\/no\/\",\"name\":\"Talkpal\",\"description\":\"AI Language Learning\",\"publisher\":{\"@id\":\"https:\/\/talkpal.ai\/no\/#organization\"},\"alternateName\":\"Talkpal AI\",\"potentialAction\":[{\"@type\":\"SearchAction\",\"target\":{\"@type\":\"EntryPoint\",\"urlTemplate\":\"https:\/\/talkpal.ai\/no\/?s={search_term_string}\"},\"query-input\":{\"@type\":\"PropertyValueSpecification\",\"valueRequired\":true,\"valueName\":\"search_term_string\"}}],\"inLanguage\":\"nb-NO\"},{\"@type\":\"Organization\",\"@id\":\"https:\/\/talkpal.ai\/no\/#organization\",\"name\":\"Talkpal, Inc.\",\"alternateName\":\"Talkpal AI\",\"url\":\"https:\/\/talkpal.ai\/no\/\",\"logo\":{\"@type\":\"ImageObject\",\"inLanguage\":\"nb-NO\",\"@id\":\"https:\/\/talkpal.ai\/no\/#\/schema\/logo\/image\/\",\"url\":\"https:\/\/talkpal.ai\/wp-content\/uploads\/2024\/03\/Talkpal-Logo-Icon.png\",\"contentUrl\":\"https:\/\/talkpal.ai\/wp-content\/uploads\/2024\/03\/Talkpal-Logo-Icon.png\",\"width\":2880,\"height\":2880,\"caption\":\"Talkpal, Inc.\"},\"image\":{\"@id\":\"https:\/\/talkpal.ai\/no\/#\/schema\/logo\/image\/\"},\"sameAs\":[\"https:\/\/www.facebook.com\/profile.php?id=100090733639311\",\"https:\/\/x.com\/talkpalai\",\"https:\/\/www.linkedin.com\/company\/talkpal\/\",\"https:\/\/www.youtube.com\/@TalkPal\/\",\"https:\/\/www.tiktok.com\/@talkpal\",\"https:\/\/www.instagram.com\/talkpal_ai\/\",\"https:\/\/www.crunchbase.com\/organization\/talkpal-9cde\",\"https:\/\/www.g2.com\/products\/talkpal-for-business\/\",\"https:\/\/www.trustpilot.com\/review\/talkpal.ai\",\"https:\/\/www.capterra.com\/p\/10006800\/TalkPal\/\"],\"description\":\"Talkpal is a language learning web and mobile education app, powered by the latest AI technologies, that provides engaging experiences to its customers in many different languages to help them improve their language skills. Users can chat about unlimited amount of topics with the app and use other modes to practice their language learning.\",\"email\":\"support@talkpal.ai\",\"legalName\":\"Talkpal, Inc.\",\"foundingDate\":\"2023-04-03\",\"duns\":\"118989042\",\"numberOfEmployees\":{\"@type\":\"QuantitativeValue\",\"minValue\":\"11\",\"maxValue\":\"50\"},\"publishingPrinciples\":\"https:\/\/talkpal.ai\/publishing-principles\/\",\"actionableFeedbackPolicy\":\"https:\/\/talkpal.ai\/actionable-feedback-policy\/\",\"correctionsPolicy\":\"https:\/\/talkpal.ai\/corrections-policy\/\",\"ethicsPolicy\":\"https:\/\/talkpal.ai\/ethics-policy\/\",\"diversityPolicy\":\"https:\/\/talkpal.ai\/diversity-policy\/\",\"diversityStaffingReport\":\"https:\/\/talkpal.ai\/diversity-policy\/\"}]}<\/script>\n<!-- \/ Yoast SEO Premium plugin. -->","yoast_head_json":{"title":"Italiensk grammatikk\u00f8velser - Talkpal","description":"Styrk din italienske grammatikk effektivt - forbedre ferdighetene dine med praktiske \u00f8velser, interaktiv trening og umiddelbar tilbakemelding","robots":{"index":"index","follow":"follow","max-snippet":"max-snippet:-1","max-image-preview":"max-image-preview:large","max-video-preview":"max-video-preview:-1"},"canonical":"https:\/\/talkpal.ai\/no\/italiensk-grammatikkovelser\/","og_locale":"nb_NO","og_type":"article","og_title":"Italiensk grammatikk\u00f8velser","og_description":"Italiensk grammatikk-emner \u00c5 l\u00e6re et nytt spr\u00e5k er en spennende reise som \u00e5pner for nye muligheter og kulturelle opplevelser. Et av de vakreste og mest","og_url":"https:\/\/talkpal.ai\/no\/italiensk-grammatikkovelser\/","og_site_name":"Talkpal","article_publisher":"https:\/\/www.facebook.com\/profile.php?id=100090733639311","article_modified_time":"2025-12-17T16:13:58+00:00","og_image":[{"width":512,"height":512,"url":"https:\/\/talkpal.ai\/wp-content\/uploads\/2023\/03\/italy.png","type":"image\/png"}],"twitter_card":"summary_large_image","twitter_site":"@talkpalai","twitter_misc":{"Ansl. lesetid":"3 minutter"},"schema":{"@context":"https:\/\/schema.org","@graph":[{"@type":"WebPage","@id":"https:\/\/talkpal.ai\/no\/italiensk-grammatikkovelser\/","url":"https:\/\/talkpal.ai\/no\/italiensk-grammatikkovelser\/","name":"Italiensk grammatikk\u00f8velser - Talkpal","isPartOf":{"@id":"https:\/\/talkpal.ai\/no\/#website"},"primaryImageOfPage":{"@id":"https:\/\/talkpal.ai\/no\/italiensk-grammatikkovelser\/#primaryimage"},"image":{"@id":"https:\/\/talkpal.ai\/no\/italiensk-grammatikkovelser\/#primaryimage"},"thumbnailUrl":"https:\/\/talkpal.ai\/wp-content\/uploads\/2023\/03\/italy.png","datePublished":"2023-06-16T09:22:36+00:00","dateModified":"2025-12-17T16:13:58+00:00","description":"Styrk din italienske grammatikk effektivt - forbedre ferdighetene dine med praktiske \u00f8velser, interaktiv trening og umiddelbar tilbakemelding","breadcrumb":{"@id":"https:\/\/talkpal.ai\/no\/italiensk-grammatikkovelser\/#breadcrumb"},"inLanguage":"nb-NO","potentialAction":[{"@type":"ReadAction","target":["https:\/\/talkpal.ai\/no\/italiensk-grammatikkovelser\/"]}]},{"@type":"ImageObject","inLanguage":"nb-NO","@id":"https:\/\/talkpal.ai\/no\/italiensk-grammatikkovelser\/#primaryimage","url":"https:\/\/talkpal.ai\/wp-content\/uploads\/2023\/03\/italy.png","contentUrl":"https:\/\/talkpal.ai\/wp-content\/uploads\/2023\/03\/italy.png","width":512,"height":512,"caption":"TalkPal AI learn Italian"},{"@type":"BreadcrumbList","@id":"https:\/\/talkpal.ai\/no\/italiensk-grammatikkovelser\/#breadcrumb","itemListElement":[{"@type":"ListItem","position":1,"name":"Homepage","item":"https:\/\/talkpal.ai\/no\/"},{"@type":"ListItem","position":2,"name":"Italiensk grammatikk\u00f8velser"}]},{"@type":"WebSite","@id":"https:\/\/talkpal.ai\/no\/#website","url":"https:\/\/talkpal.ai\/no\/","name":"Talkpal","description":"AI Language Learning","publisher":{"@id":"https:\/\/talkpal.ai\/no\/#organization"},"alternateName":"Talkpal AI","potentialAction":[{"@type":"SearchAction","target":{"@type":"EntryPoint","urlTemplate":"https:\/\/talkpal.ai\/no\/?s={search_term_string}"},"query-input":{"@type":"PropertyValueSpecification","valueRequired":true,"valueName":"search_term_string"}}],"inLanguage":"nb-NO"},{"@type":"Organization","@id":"https:\/\/talkpal.ai\/no\/#organization","name":"Talkpal, Inc.","alternateName":"Talkpal AI","url":"https:\/\/talkpal.ai\/no\/","logo":{"@type":"ImageObject","inLanguage":"nb-NO","@id":"https:\/\/talkpal.ai\/no\/#\/schema\/logo\/image\/","url":"https:\/\/talkpal.ai\/wp-content\/uploads\/2024\/03\/Talkpal-Logo-Icon.png","contentUrl":"https:\/\/talkpal.ai\/wp-content\/uploads\/2024\/03\/Talkpal-Logo-Icon.png","width":2880,"height":2880,"caption":"Talkpal, Inc."},"image":{"@id":"https:\/\/talkpal.ai\/no\/#\/schema\/logo\/image\/"},"sameAs":["https:\/\/www.facebook.com\/profile.php?id=100090733639311","https:\/\/x.com\/talkpalai","https:\/\/www.linkedin.com\/company\/talkpal\/","https:\/\/www.youtube.com\/@TalkPal\/","https:\/\/www.tiktok.com\/@talkpal","https:\/\/www.instagram.com\/talkpal_ai\/","https:\/\/www.crunchbase.com\/organization\/talkpal-9cde","https:\/\/www.g2.com\/products\/talkpal-for-business\/","https:\/\/www.trustpilot.com\/review\/talkpal.ai","https:\/\/www.capterra.com\/p\/10006800\/TalkPal\/"],"description":"Talkpal is a language learning web and mobile education app, powered by the latest AI technologies, that provides engaging experiences to its customers in many different languages to help them improve their language skills. Users can chat about unlimited amount of topics with the app and use other modes to practice their language learning.","email":"support@talkpal.ai","legalName":"Talkpal, Inc.","foundingDate":"2023-04-03","duns":"118989042","numberOfEmployees":{"@type":"QuantitativeValue","minValue":"11","maxValue":"50"},"publishingPrinciples":"https:\/\/talkpal.ai\/publishing-principles\/","actionableFeedbackPolicy":"https:\/\/talkpal.ai\/actionable-feedback-policy\/","correctionsPolicy":"https:\/\/talkpal.ai\/corrections-policy\/","ethicsPolicy":"https:\/\/talkpal.ai\/ethics-policy\/","diversityPolicy":"https:\/\/talkpal.ai\/diversity-policy\/","diversityStaffingReport":"https:\/\/talkpal.ai\/diversity-policy\/"}]}},"_links":{"self":[{"href":"https:\/\/talkpal.ai\/no\/wp-json\/wp\/v2\/pages\/132235","targetHints":{"allow":["GET"]}}],"collection":[{"href":"https:\/\/talkpal.ai\/no\/wp-json\/wp\/v2\/pages"}],"about":[{"href":"https:\/\/talkpal.ai\/no\/wp-json\/wp\/v2\/types\/page"}],"author":[{"embeddable":true,"href":"https:\/\/talkpal.ai\/no\/wp-json\/wp\/v2\/users\/6"}],"replies":[{"embeddable":true,"href":"https:\/\/talkpal.ai\/no\/wp-json\/wp\/v2\/comments?post=132235"}],"version-history":[{"count":0,"href":"https:\/\/talkpal.ai\/no\/wp-json\/wp\/v2\/pages\/132235\/revisions"}],"wp:featuredmedia":[{"embeddable":true,"href":"https:\/\/talkpal.ai\/no\/wp-json\/wp\/v2\/media\/76116"}],"wp:attachment":[{"href":"https:\/\/talkpal.ai\/no\/wp-json\/wp\/v2\/media?parent=132235"}],"curies":[{"name":"wp","href":"https:\/\/api.w.org\/{rel}","templated":true}]}}