{"id":132018,"date":"2023-06-16T09:14:18","date_gmt":"2023-06-16T09:14:18","guid":{"rendered":"http:\/\/talkpal.ai\/tyske-grammatikkovelser\/"},"modified":"2025-12-17T16:11:29","modified_gmt":"2025-12-17T16:11:29","slug":"tyske-grammatikkovelser","status":"publish","type":"page","link":"https:\/\/talkpal.ai\/no\/tyske-grammatikkovelser\/","title":{"rendered":"Tyske grammatikk\u00f8velser"},"content":{"rendered":"\r\n\r\n\r\n<section class=\"languageChallengeSection\">\r\n    <div class=\"languageInfoWrapper\">\r\n        \r\n        <h1>Tyske grammatikk\u00f8velser<\/h1>\r\n        <p>Klar til \u00e5 styrke din tyske grammatikk? \u00c5 \u00f8ve p\u00e5 grammatikk\u00f8velser er den perfekte m\u00e5ten \u00e5 mestre det tyske spr\u00e5ket p\u00e5. Begynn \u00e5 jobbe med det i dag, og se selvtilliten og flyten vokse for hver \u00f8velse!\n\n<\/p>\r\n\r\n                            <a class=\"getStartedHidden\" href=\"https:\/\/app.talkpal.ai\/no\/signup?lng=\">Kom i gang<\/a>\r\n        \r\n    <\/div>\r\n\r\n    <figure>\r\n    <img decoding=\"async\" width=\"768\" height=\"768\" src=\"https:\/\/talkpal.ai\/wp-content\/uploads\/2023\/06\/german-768x768.png\" class=\"languageImage no-lazy\" alt=\"Language learning for global networking\" fetchpriority=\"high\" sizes=\"(max-width: 768px) 150px, 768px\" srcset=\"https:\/\/talkpal.ai\/wp-content\/uploads\/2023\/06\/german-768x768.png 768w, https:\/\/talkpal.ai\/wp-content\/uploads\/2023\/06\/german-300x300.png 300w\" \/>\r\n    \r\n\r\n    <\/figure>\r\n\r\n            <a class=\"getStartedVisible\" href=\"https:\/\/app.talkpal.ai\/no\/signup?lng=\">Kom i gang<\/a>\r\n    \r\n<\/section>\r\n\r\n\r\n<!-- <section class=\"grammarSection\">\r\n    <div class=\"grammarLinks\">\r\n        <a href=\"https:\/\/talkpal.ai\/no\/exercise_language\/adjektiver-tysk-grammatikk\/\">Adjektiver <\/a><a href=\"https:\/\/talkpal.ai\/no\/exercise_language\/adverb-tysk-grammatikk\/\">Adverb <\/a><a href=\"https:\/\/talkpal.ai\/no\/exercise_language\/deklinasjon-tysk-grammatikk\/\">Deklinasjon <\/a><a href=\"https:\/\/talkpal.ai\/no\/exercise_language\/preposisjoner-tysk-grammatikk\/\">Preposisjoner <\/a><a href=\"https:\/\/talkpal.ai\/no\/exercise_language\/pronomen-tysk-grammatikk\/\">Pronomen <\/a><a href=\"https:\/\/talkpal.ai\/no\/exercise_language\/setningsstruktur-tysk-grammatikk\/\">Setningsstruktur <\/a><a href=\"https:\/\/talkpal.ai\/no\/exercise_language\/substantiver-og-artikler-tysk-grammatikk\/\">Substantiver og artikler <\/a><a href=\"https:\/\/talkpal.ai\/no\/exercise_language\/tider-tysk-grammatikk\/\">Tider <\/a><a href=\"https:\/\/talkpal.ai\/no\/exercise_language\/verb-tysk-grammatikk\/\">Verb <\/a>    <\/div>\r\n<\/section> -->\r\n\r\n\r\n\r\n\r\n        <section class=\"grammarSection\">\r\n            <div class=\"grammarLinks\">\r\n                <a href=\"https:\/\/talkpal.ai\/no\/exercise_language\/adjektiver-tysk-grammatikk\/\">Adjektiver <\/a><a href=\"https:\/\/talkpal.ai\/no\/exercise_language\/adverb-tysk-grammatikk\/\">Adverb <\/a><a href=\"https:\/\/talkpal.ai\/no\/exercise_language\/deklinasjon-tysk-grammatikk\/\">Deklinasjon <\/a><a href=\"https:\/\/talkpal.ai\/no\/exercise_language\/preposisjoner-tysk-grammatikk\/\">Preposisjoner <\/a><a href=\"https:\/\/talkpal.ai\/no\/exercise_language\/pronomen-tysk-grammatikk\/\">Pronomen <\/a><a href=\"https:\/\/talkpal.ai\/no\/exercise_language\/setningsstruktur-tysk-grammatikk\/\">Setningsstruktur <\/a><a href=\"https:\/\/talkpal.ai\/no\/exercise_language\/substantiver-og-artikler-tysk-grammatikk\/\">Substantiver og artikler <\/a><a href=\"https:\/\/talkpal.ai\/no\/exercise_language\/tider-tysk-grammatikk\/\">Tider <\/a><a href=\"https:\/\/talkpal.ai\/no\/exercise_language\/verb-tysk-grammatikk\/\">Verb <\/a>            <\/div>\r\n        <\/section>\r\n<section class=\"promotionalBanner\">\r\n    <p class=\"promotionalText\">Den mest effektive m\u00e5ten \u00e5 l\u00e6re et spr\u00e5k p\u00e5<\/p>\r\n    <a class=\"promotionalLink\" href=\"https:\/\/app.talkpal.ai\/no\/signup?lng=\">Pr\u00f8v Talkpal gratis<\/a>\r\n<\/section>\n<div class=\"wp-block-group pageContainerStyle\"><div class=\"wp-block-group__inner-container is-layout-constrained wp-block-group-is-layout-constrained\">\n<h2 class=\"wp-block-heading\" id=\"h-german-grammar-topics\">Tyske grammatikkemner<\/h2>\n\n\n\n<p>\u00c5 l\u00e6re et nytt spr\u00e5k kan v\u00e6re en vanskelig oppgave, men med riktig tiln\u00e6rming kan det v\u00e6re en spennende og givende opplevelse. <a href=\"https:\/\/talkpal.ai\/learn-german\/\">Tysk<\/a> er et sv\u00e6rt strukturert og logisk spr\u00e5k, som gj\u00f8r det lettere \u00e5 l\u00e6re hvis du har en klar forst\u00e5else av grammatikkreglene. Denne veiledningen vil hjelpe deg \u00e5 forst\u00e5 de viktigste aspektene ved <a href=\"https:\/\/talkpal.ai\/no\/snakker-tysk\/\">tysk grammatikk<\/a>, for eksempel tider, verb, substantiv og artikler, pronomen, adjektiver, deklinasjon, adverb, preposisjoner og setningsstruktur. Ved \u00e5 f\u00f8lge denne sekvensen vil du v\u00e6re i stand til \u00e5 komme videre i din tyskspr\u00e5klige l\u00e6ringsreise effektivt og effektivt.<\/p>\n\n\n\n<h3 class=\"wp-block-heading\" id=\"h-1-nouns-and-articles\">1. Substantiv og artikler:<\/h3>\n\n\n\n<p>Start med \u00e5 l\u00e6re det grunnleggende om tyske substantiver og tilh\u00f8rende artikler. Tysk har tre kj\u00f8nn (maskulint, feminint og intetkj\u00f8nn) og fire kasus (nominativ, akkusativ, dativ og genitiv). \u00c5 forst\u00e5 disse reglene vil hjelpe deg med \u00e5 finne riktig artikkel for hvert substantiv og legge grunnlaget for din tysk grammatikkkunnskap.<\/p>\n\n\n\n<h3 class=\"wp-block-heading\" id=\"h-2-pronouns\">2. Pronomen:<\/h3>\n\n\n\n<p>Pronomen erstatter substantiver i en setning og har forskjellige former avhengig av kj\u00f8nn, tall og kasus. Gj\u00f8r deg kjent med tyske pronomen, for eksempel personlige, besittende, refleksive og relative pronomen, for \u00e5 lage mer komplekse setninger og uttrykke tankene dine mer n\u00f8yaktig.<\/p>\n\n\n\n<h3 class=\"wp-block-heading\" id=\"h-3-verbs\">3. Verb:<\/h3>\n\n\n\n<p>Verb er avgj\u00f8rende for \u00e5 danne setninger, <a href=\"https:\/\/talkpal.ai\/culture\/how-do-you-use-the-conjunction-da-de\/\">da de<\/a> uttrykker handlinger og tilstander. L\u00e6r de forskjellige typene tyske verb, for eksempel vanlige, uregelmessige, modale og refleksive verb, sammen med deres konjugasjoner i n\u00e5tid, fortid og fremtidig tid. Dette vil gj\u00f8re deg i stand til \u00e5 kommunisere effektivt i ulike situasjoner.<\/p>\n\n\n\n<h3 class=\"wp-block-heading\" id=\"h-4-tenses\">4. Tider:<\/h3>\n\n\n\n<p>Tider indikerer tidspunktet da en handling skjer. P\u00e5 tysk er det seks tider: n\u00e5tid, <a href=\"https:\/\/talkpal.ai\/no\/grammar_exercises\/enkel-fortid-tidligere-progressive-ovelser-for-engelsk-grammatikk\/\">enkel fortid<\/a>, n\u00e5tid perfektum, perfektum fortid, fremtidig og fremtidig perfektum. \u00c5 forst\u00e5 reglene og bruken av disse tidene vil hjelpe deg \u00e5 uttrykke deg klart og n\u00f8yaktig.<\/p>\n\n\n\n<h3 class=\"wp-block-heading\" id=\"h-5-adjectives\">5. Adjektiver:<\/h3>\n\n\n\n<p>Adjektiver beskriver egenskapene til substantiver og pronomen og stemmer i kj\u00f8nn, tall og kasus med substantivet de endrer. L\u00e6r reglene for adjektiv deklinasjon, samt komparative og superlative former, for \u00e5 forbedre beskrivelsene dine og gj\u00f8re talen din mer fargerik.<\/p>\n\n\n\n<h3 class=\"wp-block-heading\" id=\"h-6-declension\">6. Deklinasjon:<\/h3>\n\n\n\n<p>Deklinasjon er prosessen med \u00e5 endre substantiv, pronomen og adjektiver for \u00e5 indikere deres grammatiske funksjon i en setning. Gj\u00f8r deg kjent med de fire tyske tilfellene og hvordan de p\u00e5virker avslutningene p\u00e5 ord, noe som vil gj\u00f8re deg i stand til \u00e5 konstruere grammatisk korrekte setninger.<\/p>\n\n\n\n<h3 class=\"wp-block-heading\" id=\"h-7-adverbs\">7. Adverb:<\/h3>\n\n\n\n<p>Adverb gir tilleggsinformasjon om verb, adjektiver eller andre adverb. L\u00e6r de forskjellige typene tyske adverb, for eksempel de som angir tid, m\u00e5te og sted, og hvordan du bruker dem effektivt for \u00e5 legge til nyanser og presisjon i talen din.<\/p>\n\n\n\n<h3 class=\"wp-block-heading\" id=\"h-8-prepositions\">8. Preposisjoner:<\/h3>\n\n\n\n<p>Preposisjoner brukes for \u00e5 indikere forholdet mellom substantiv eller pronomen og andre elementer i en setning. Studer de forskjellige tyske preposisjonene og bruken av dem i forskjellige kasus for \u00e5 utvikle en bedre forst\u00e5else av hvordan setninger er bygd opp.<\/p>\n\n\n\n<h3 class=\"wp-block-heading\" id=\"h-9-sentence-structure\">9. Setningsstruktur:<\/h3>\n\n\n\n<p>Til slutt, gj\u00f8r deg kjent med tysk setningsstruktur, inkludert ordrekkef\u00f8lge, underordnede ledd og konjunksjoner. \u00c5 forst\u00e5 disse reglene vil hjelpe deg med \u00e5 lage sammenhengende og godt strukturerte setninger, slik at du kan uttrykke tankene dine klart og effektivt p\u00e5 tysk.<\/p>\n<\/div><\/div>\n\r\n<section class=\"learnNavigationSection\">\r\n            \r\n        <a href=\"https:\/\/talkpal.ai\/no\/laer-tysk\/\">\r\n            <div class=\"learnNavigationWrapper\">\r\n                <div class=\"learnNavigationContent\">\r\n                    <img decoding=\"async\" src=\"https:\/\/talkpal.ai\/wp-content\/uploads\/2024\/08\/German.jpg\" alt=\"German Flag\">\r\n                    <div>\r\n                        <h4>Om tyskoppl\u00e6ring<\/h4>\r\n                        <p>Finn ut alt om tysk grammatikk.<\/p>\r\n                    <\/div>\r\n                <\/div>\r\n            <\/div>\r\n        <\/a>\r\n\r\n        \r\n        <a href=\"https:\/\/talkpal.ai\/no\/tysk-grammatikk\/\">\r\n            <div class=\"learnNavigationWrapper\">\r\n                <div class=\"learnNavigationContent\">\r\n                    <img decoding=\"async\" src=\"https:\/\/talkpal.ai\/wp-content\/uploads\/2024\/08\/German.jpg\" alt=\"German Flag\">\r\n                    <div>\r\n                        <h4>Tysk grammatikkundervisning<\/h4>\r\n                        <p>\u00d8v p\u00e5 tysk grammatikk.<\/p>\r\n                    <\/div>\r\n                <\/div>\r\n            <\/div>\r\n        <\/a>\r\n\r\n        \r\n        <a href=\"https:\/\/talkpal.ai\/vocabulary_language\/german\/\">\r\n            <div class=\"learnNavigationWrapper\">\r\n                <div class=\"learnNavigationContent\">\r\n                    <img decoding=\"async\" src=\"https:\/\/talkpal.ai\/wp-content\/uploads\/2024\/08\/German.jpg\" alt=\"German Flag\">\r\n                    <div>\r\n                        <h4>Tysk ordforr\u00e5d<\/h4>\r\n                        <p>Utvid det tyske ordforr\u00e5det ditt.<\/p>\r\n                    <\/div>\r\n                <\/div>\r\n            <\/div>\r\n        <\/a>\r\n\r\n            <\/section>","protected":false},"excerpt":{"rendered":"<p>Tyske grammatikkemner \u00c5 l\u00e6re et nytt spr\u00e5k kan v\u00e6re en vanskelig oppgave, men med riktig tiln\u00e6rming kan det v\u00e6re en spennende og givende opplevelse. Tysk er et sv\u00e6rt strukturert og logisk spr\u00e5k, som gj\u00f8r det lettere \u00e5 l\u00e6re hvis du har en klar forst\u00e5else av grammatikkreglene. Denne veiledningen vil hjelpe deg \u00e5 forst\u00e5 de viktigste [&hellip;]<\/p>\n","protected":false},"author":6,"featured_media":75520,"parent":0,"menu_order":0,"comment_status":"closed","ping_status":"closed","template":"LearningContentPage.php","meta":{"_acf_changed":false,"footnotes":""},"class_list":["post-132018","page","type-page","status-publish","has-post-thumbnail","hentry"],"acf":[],"yoast_head":"<!-- This site is optimized with the Yoast SEO Premium plugin v27.2 (Yoast SEO v27.2) - https:\/\/yoast.com\/product\/yoast-seo-premium-wordpress\/ -->\n<title>Tyske grammatikk\u00f8velser - Talkpal<\/title>\n<meta name=\"description\" content=\"Forbedre din tyske grammatikk med praktiske \u00f8velser - bli raskt bedre, \u00f8v interaktivt og f\u00e5 spr\u00e5klig selvtillit ved hjelp av Talkpal AI.\" \/>\n<meta name=\"robots\" content=\"index, follow, max-snippet:-1, max-image-preview:large, max-video-preview:-1\" \/>\n<link rel=\"canonical\" href=\"https:\/\/talkpal.ai\/no\/tyske-grammatikkovelser\/\" \/>\n<meta property=\"og:locale\" content=\"nb_NO\" \/>\n<meta property=\"og:type\" content=\"article\" \/>\n<meta property=\"og:title\" content=\"Tyske grammatikk\u00f8velser\" \/>\n<meta property=\"og:description\" content=\"Tyske grammatikkemner \u00c5 l\u00e6re et nytt spr\u00e5k kan v\u00e6re en vanskelig oppgave, men med riktig tiln\u00e6rming kan det v\u00e6re en spennende og givende opplevelse. Tysk\" \/>\n<meta property=\"og:url\" content=\"https:\/\/talkpal.ai\/no\/tyske-grammatikkovelser\/\" \/>\n<meta property=\"og:site_name\" content=\"Talkpal\" \/>\n<meta property=\"article:publisher\" content=\"https:\/\/www.facebook.com\/profile.php?id=100090733639311\" \/>\n<meta property=\"article:modified_time\" content=\"2025-12-17T16:11:29+00:00\" \/>\n<meta property=\"og:image\" content=\"https:\/\/talkpal.ai\/wp-content\/uploads\/2023\/03\/germany.png\" \/>\n\t<meta property=\"og:image:width\" content=\"512\" \/>\n\t<meta property=\"og:image:height\" content=\"512\" \/>\n\t<meta property=\"og:image:type\" content=\"image\/png\" \/>\n<meta name=\"twitter:card\" content=\"summary_large_image\" \/>\n<meta name=\"twitter:site\" content=\"@talkpalai\" \/>\n<meta name=\"twitter:label1\" content=\"Ansl. lesetid\" \/>\n\t<meta name=\"twitter:data1\" content=\"3 minutter\" \/>\n<script type=\"application\/ld+json\" class=\"yoast-schema-graph\">{\"@context\":\"https:\/\/schema.org\",\"@graph\":[{\"@type\":\"WebPage\",\"@id\":\"https:\/\/talkpal.ai\/no\/tyske-grammatikkovelser\/\",\"url\":\"https:\/\/talkpal.ai\/no\/tyske-grammatikkovelser\/\",\"name\":\"Tyske grammatikk\u00f8velser - Talkpal\",\"isPartOf\":{\"@id\":\"https:\/\/talkpal.ai\/no\/#website\"},\"primaryImageOfPage\":{\"@id\":\"https:\/\/talkpal.ai\/no\/tyske-grammatikkovelser\/#primaryimage\"},\"image\":{\"@id\":\"https:\/\/talkpal.ai\/no\/tyske-grammatikkovelser\/#primaryimage\"},\"thumbnailUrl\":\"https:\/\/talkpal.ai\/wp-content\/uploads\/2023\/03\/germany.png\",\"datePublished\":\"2023-06-16T09:14:18+00:00\",\"dateModified\":\"2025-12-17T16:11:29+00:00\",\"description\":\"Forbedre din tyske grammatikk med praktiske \u00f8velser - bli raskt bedre, \u00f8v interaktivt og f\u00e5 spr\u00e5klig selvtillit ved hjelp av Talkpal AI.\",\"breadcrumb\":{\"@id\":\"https:\/\/talkpal.ai\/no\/tyske-grammatikkovelser\/#breadcrumb\"},\"inLanguage\":\"nb-NO\",\"potentialAction\":[{\"@type\":\"ReadAction\",\"target\":[\"https:\/\/talkpal.ai\/no\/tyske-grammatikkovelser\/\"]}]},{\"@type\":\"ImageObject\",\"inLanguage\":\"nb-NO\",\"@id\":\"https:\/\/talkpal.ai\/no\/tyske-grammatikkovelser\/#primaryimage\",\"url\":\"https:\/\/talkpal.ai\/wp-content\/uploads\/2023\/03\/germany.png\",\"contentUrl\":\"https:\/\/talkpal.ai\/wp-content\/uploads\/2023\/03\/germany.png\",\"width\":512,\"height\":512,\"caption\":\"TalkPal AI learn German\"},{\"@type\":\"BreadcrumbList\",\"@id\":\"https:\/\/talkpal.ai\/no\/tyske-grammatikkovelser\/#breadcrumb\",\"itemListElement\":[{\"@type\":\"ListItem\",\"position\":1,\"name\":\"Homepage\",\"item\":\"https:\/\/talkpal.ai\/no\/\"},{\"@type\":\"ListItem\",\"position\":2,\"name\":\"Tyske grammatikk\u00f8velser\"}]},{\"@type\":\"WebSite\",\"@id\":\"https:\/\/talkpal.ai\/no\/#website\",\"url\":\"https:\/\/talkpal.ai\/no\/\",\"name\":\"Talkpal\",\"description\":\"AI Language Learning\",\"publisher\":{\"@id\":\"https:\/\/talkpal.ai\/no\/#organization\"},\"alternateName\":\"Talkpal AI\",\"potentialAction\":[{\"@type\":\"SearchAction\",\"target\":{\"@type\":\"EntryPoint\",\"urlTemplate\":\"https:\/\/talkpal.ai\/no\/?s={search_term_string}\"},\"query-input\":{\"@type\":\"PropertyValueSpecification\",\"valueRequired\":true,\"valueName\":\"search_term_string\"}}],\"inLanguage\":\"nb-NO\"},{\"@type\":\"Organization\",\"@id\":\"https:\/\/talkpal.ai\/no\/#organization\",\"name\":\"Talkpal, Inc.\",\"alternateName\":\"Talkpal AI\",\"url\":\"https:\/\/talkpal.ai\/no\/\",\"logo\":{\"@type\":\"ImageObject\",\"inLanguage\":\"nb-NO\",\"@id\":\"https:\/\/talkpal.ai\/no\/#\/schema\/logo\/image\/\",\"url\":\"https:\/\/talkpal.ai\/wp-content\/uploads\/2024\/03\/Talkpal-Logo-Icon.png\",\"contentUrl\":\"https:\/\/talkpal.ai\/wp-content\/uploads\/2024\/03\/Talkpal-Logo-Icon.png\",\"width\":2880,\"height\":2880,\"caption\":\"Talkpal, Inc.\"},\"image\":{\"@id\":\"https:\/\/talkpal.ai\/no\/#\/schema\/logo\/image\/\"},\"sameAs\":[\"https:\/\/www.facebook.com\/profile.php?id=100090733639311\",\"https:\/\/x.com\/talkpalai\",\"https:\/\/www.linkedin.com\/company\/talkpal\/\",\"https:\/\/www.youtube.com\/@TalkPal\/\",\"https:\/\/www.tiktok.com\/@talkpal\",\"https:\/\/www.instagram.com\/talkpal_ai\/\",\"https:\/\/www.crunchbase.com\/organization\/talkpal-9cde\",\"https:\/\/www.g2.com\/products\/talkpal-for-business\/\",\"https:\/\/www.trustpilot.com\/review\/talkpal.ai\",\"https:\/\/www.capterra.com\/p\/10006800\/TalkPal\/\"],\"description\":\"Talkpal is a language learning web and mobile education app, powered by the latest AI technologies, that provides engaging experiences to its customers in many different languages to help them improve their language skills. Users can chat about unlimited amount of topics with the app and use other modes to practice their language learning.\",\"email\":\"support@talkpal.ai\",\"legalName\":\"Talkpal, Inc.\",\"foundingDate\":\"2023-04-03\",\"duns\":\"118989042\",\"numberOfEmployees\":{\"@type\":\"QuantitativeValue\",\"minValue\":\"11\",\"maxValue\":\"50\"},\"publishingPrinciples\":\"https:\/\/talkpal.ai\/publishing-principles\/\",\"actionableFeedbackPolicy\":\"https:\/\/talkpal.ai\/actionable-feedback-policy\/\",\"correctionsPolicy\":\"https:\/\/talkpal.ai\/corrections-policy\/\",\"ethicsPolicy\":\"https:\/\/talkpal.ai\/ethics-policy\/\",\"diversityPolicy\":\"https:\/\/talkpal.ai\/diversity-policy\/\",\"diversityStaffingReport\":\"https:\/\/talkpal.ai\/diversity-policy\/\"}]}<\/script>\n<!-- \/ Yoast SEO Premium plugin. -->","yoast_head_json":{"title":"Tyske grammatikk\u00f8velser - Talkpal","description":"Forbedre din tyske grammatikk med praktiske \u00f8velser - bli raskt bedre, \u00f8v interaktivt og f\u00e5 spr\u00e5klig selvtillit ved hjelp av Talkpal AI.","robots":{"index":"index","follow":"follow","max-snippet":"max-snippet:-1","max-image-preview":"max-image-preview:large","max-video-preview":"max-video-preview:-1"},"canonical":"https:\/\/talkpal.ai\/no\/tyske-grammatikkovelser\/","og_locale":"nb_NO","og_type":"article","og_title":"Tyske grammatikk\u00f8velser","og_description":"Tyske grammatikkemner \u00c5 l\u00e6re et nytt spr\u00e5k kan v\u00e6re en vanskelig oppgave, men med riktig tiln\u00e6rming kan det v\u00e6re en spennende og givende opplevelse. Tysk","og_url":"https:\/\/talkpal.ai\/no\/tyske-grammatikkovelser\/","og_site_name":"Talkpal","article_publisher":"https:\/\/www.facebook.com\/profile.php?id=100090733639311","article_modified_time":"2025-12-17T16:11:29+00:00","og_image":[{"width":512,"height":512,"url":"https:\/\/talkpal.ai\/wp-content\/uploads\/2023\/03\/germany.png","type":"image\/png"}],"twitter_card":"summary_large_image","twitter_site":"@talkpalai","twitter_misc":{"Ansl. lesetid":"3 minutter"},"schema":{"@context":"https:\/\/schema.org","@graph":[{"@type":"WebPage","@id":"https:\/\/talkpal.ai\/no\/tyske-grammatikkovelser\/","url":"https:\/\/talkpal.ai\/no\/tyske-grammatikkovelser\/","name":"Tyske grammatikk\u00f8velser - Talkpal","isPartOf":{"@id":"https:\/\/talkpal.ai\/no\/#website"},"primaryImageOfPage":{"@id":"https:\/\/talkpal.ai\/no\/tyske-grammatikkovelser\/#primaryimage"},"image":{"@id":"https:\/\/talkpal.ai\/no\/tyske-grammatikkovelser\/#primaryimage"},"thumbnailUrl":"https:\/\/talkpal.ai\/wp-content\/uploads\/2023\/03\/germany.png","datePublished":"2023-06-16T09:14:18+00:00","dateModified":"2025-12-17T16:11:29+00:00","description":"Forbedre din tyske grammatikk med praktiske \u00f8velser - bli raskt bedre, \u00f8v interaktivt og f\u00e5 spr\u00e5klig selvtillit ved hjelp av Talkpal AI.","breadcrumb":{"@id":"https:\/\/talkpal.ai\/no\/tyske-grammatikkovelser\/#breadcrumb"},"inLanguage":"nb-NO","potentialAction":[{"@type":"ReadAction","target":["https:\/\/talkpal.ai\/no\/tyske-grammatikkovelser\/"]}]},{"@type":"ImageObject","inLanguage":"nb-NO","@id":"https:\/\/talkpal.ai\/no\/tyske-grammatikkovelser\/#primaryimage","url":"https:\/\/talkpal.ai\/wp-content\/uploads\/2023\/03\/germany.png","contentUrl":"https:\/\/talkpal.ai\/wp-content\/uploads\/2023\/03\/germany.png","width":512,"height":512,"caption":"TalkPal AI learn German"},{"@type":"BreadcrumbList","@id":"https:\/\/talkpal.ai\/no\/tyske-grammatikkovelser\/#breadcrumb","itemListElement":[{"@type":"ListItem","position":1,"name":"Homepage","item":"https:\/\/talkpal.ai\/no\/"},{"@type":"ListItem","position":2,"name":"Tyske grammatikk\u00f8velser"}]},{"@type":"WebSite","@id":"https:\/\/talkpal.ai\/no\/#website","url":"https:\/\/talkpal.ai\/no\/","name":"Talkpal","description":"AI Language Learning","publisher":{"@id":"https:\/\/talkpal.ai\/no\/#organization"},"alternateName":"Talkpal AI","potentialAction":[{"@type":"SearchAction","target":{"@type":"EntryPoint","urlTemplate":"https:\/\/talkpal.ai\/no\/?s={search_term_string}"},"query-input":{"@type":"PropertyValueSpecification","valueRequired":true,"valueName":"search_term_string"}}],"inLanguage":"nb-NO"},{"@type":"Organization","@id":"https:\/\/talkpal.ai\/no\/#organization","name":"Talkpal, Inc.","alternateName":"Talkpal AI","url":"https:\/\/talkpal.ai\/no\/","logo":{"@type":"ImageObject","inLanguage":"nb-NO","@id":"https:\/\/talkpal.ai\/no\/#\/schema\/logo\/image\/","url":"https:\/\/talkpal.ai\/wp-content\/uploads\/2024\/03\/Talkpal-Logo-Icon.png","contentUrl":"https:\/\/talkpal.ai\/wp-content\/uploads\/2024\/03\/Talkpal-Logo-Icon.png","width":2880,"height":2880,"caption":"Talkpal, Inc."},"image":{"@id":"https:\/\/talkpal.ai\/no\/#\/schema\/logo\/image\/"},"sameAs":["https:\/\/www.facebook.com\/profile.php?id=100090733639311","https:\/\/x.com\/talkpalai","https:\/\/www.linkedin.com\/company\/talkpal\/","https:\/\/www.youtube.com\/@TalkPal\/","https:\/\/www.tiktok.com\/@talkpal","https:\/\/www.instagram.com\/talkpal_ai\/","https:\/\/www.crunchbase.com\/organization\/talkpal-9cde","https:\/\/www.g2.com\/products\/talkpal-for-business\/","https:\/\/www.trustpilot.com\/review\/talkpal.ai","https:\/\/www.capterra.com\/p\/10006800\/TalkPal\/"],"description":"Talkpal is a language learning web and mobile education app, powered by the latest AI technologies, that provides engaging experiences to its customers in many different languages to help them improve their language skills. Users can chat about unlimited amount of topics with the app and use other modes to practice their language learning.","email":"support@talkpal.ai","legalName":"Talkpal, Inc.","foundingDate":"2023-04-03","duns":"118989042","numberOfEmployees":{"@type":"QuantitativeValue","minValue":"11","maxValue":"50"},"publishingPrinciples":"https:\/\/talkpal.ai\/publishing-principles\/","actionableFeedbackPolicy":"https:\/\/talkpal.ai\/actionable-feedback-policy\/","correctionsPolicy":"https:\/\/talkpal.ai\/corrections-policy\/","ethicsPolicy":"https:\/\/talkpal.ai\/ethics-policy\/","diversityPolicy":"https:\/\/talkpal.ai\/diversity-policy\/","diversityStaffingReport":"https:\/\/talkpal.ai\/diversity-policy\/"}]}},"_links":{"self":[{"href":"https:\/\/talkpal.ai\/no\/wp-json\/wp\/v2\/pages\/132018","targetHints":{"allow":["GET"]}}],"collection":[{"href":"https:\/\/talkpal.ai\/no\/wp-json\/wp\/v2\/pages"}],"about":[{"href":"https:\/\/talkpal.ai\/no\/wp-json\/wp\/v2\/types\/page"}],"author":[{"embeddable":true,"href":"https:\/\/talkpal.ai\/no\/wp-json\/wp\/v2\/users\/6"}],"replies":[{"embeddable":true,"href":"https:\/\/talkpal.ai\/no\/wp-json\/wp\/v2\/comments?post=132018"}],"version-history":[{"count":0,"href":"https:\/\/talkpal.ai\/no\/wp-json\/wp\/v2\/pages\/132018\/revisions"}],"wp:featuredmedia":[{"embeddable":true,"href":"https:\/\/talkpal.ai\/no\/wp-json\/wp\/v2\/media\/75520"}],"wp:attachment":[{"href":"https:\/\/talkpal.ai\/no\/wp-json\/wp\/v2\/media?parent=132018"}],"curies":[{"name":"wp","href":"https:\/\/api.w.org\/{rel}","templated":true}]}}