{"id":131756,"date":"2023-06-16T08:35:52","date_gmt":"2023-06-16T08:35:52","guid":{"rendered":"http:\/\/talkpal.ai\/franske-grammatikkovelser\/"},"modified":"2025-12-17T16:47:09","modified_gmt":"2025-12-17T16:47:09","slug":"franske-grammatikkovelser","status":"publish","type":"page","link":"https:\/\/talkpal.ai\/no\/franske-grammatikkovelser\/","title":{"rendered":"Franske grammatikk\u00f8velser"},"content":{"rendered":"\r\n\r\n\r\n<section class=\"languageChallengeSection\">\r\n    <div class=\"languageInfoWrapper\">\r\n        \r\n        <h1>Franske grammatikk\u00f8velser<\/h1>\r\n        <p>\u00d8nsker du \u00e5 <a href=\"https:\/\/talkpal.ai\/locations\/language-courses-in-mestre\/\">mestre<\/a> <a href=\"https:\/\/talkpal.ai\/learn-french\/\">fransk<\/a>? Grammatikk\u00f8velser er en fantastisk m\u00e5te \u00e5 forst\u00e5 setningsstruktur, verbb\u00f8yninger og de unike m\u00f8nstrene i det franske spr\u00e5ket p\u00e5. Begynn \u00e5 jobbe med <a href=\"https:\/\/talkpal.ai\/no\/snakker-fransk\/\">fransk grammatikk<\/a> i dag, og se selvtilliten din og flyten din vokse med hver \u00f8velse!\n\n<\/p>\r\n\r\n                            <a class=\"getStartedHidden\" href=\"https:\/\/app.talkpal.ai\/no\/signup?lng=\">Kom i gang<\/a>\r\n        \r\n    <\/div>\r\n\r\n    <figure>\r\n    <img decoding=\"async\" width=\"768\" height=\"768\" src=\"https:\/\/talkpal.ai\/wp-content\/uploads\/2023\/06\/french-768x768.png\" class=\"languageImage no-lazy\" alt=\"Language learning strategies for professionals\" fetchpriority=\"high\" sizes=\"(max-width: 768px) 150px, 768px\" srcset=\"https:\/\/talkpal.ai\/wp-content\/uploads\/2023\/06\/french-768x768.png 768w, https:\/\/talkpal.ai\/wp-content\/uploads\/2023\/06\/french-300x300.png 300w\" \/>\r\n    \r\n\r\n    <\/figure>\r\n\r\n            <a class=\"getStartedVisible\" href=\"https:\/\/app.talkpal.ai\/no\/signup?lng=\">Kom i gang<\/a>\r\n    \r\n<\/section>\r\n\r\n\r\n<!-- <section class=\"grammarSection\">\r\n    <div class=\"grammarLinks\">\r\n        <a href=\"https:\/\/talkpal.ai\/no\/exercise_language\/adjektiver-fransk-grammatikk\/\">Adjektiver <\/a><a href=\"https:\/\/talkpal.ai\/no\/exercise_language\/adverb-fransk-grammatikk\/\">Adverb <\/a><a href=\"https:\/\/talkpal.ai\/no\/exercise_language\/artikler-fransk-grammatikk\/\">Artikler <\/a><a href=\"https:\/\/talkpal.ai\/no\/exercise_language\/preposisjoner-fransk-grammatikk\/\">Preposisjoner <\/a><a href=\"https:\/\/talkpal.ai\/no\/exercise_language\/pronomen-og-determinanter-fransk-grammatikk\/\">Pronomen og determinanter <\/a><a href=\"https:\/\/talkpal.ai\/no\/exercise_language\/setningsstruktur-fransk-grammatikk\/\">Setningsstruktur <\/a><a href=\"https:\/\/talkpal.ai\/no\/exercise_language\/substantiver-fransk-grammatikk\/\">Substantiver <\/a><a href=\"https:\/\/talkpal.ai\/no\/exercise_language\/tider-veiledende-fransk-grammatikk\/\">Tider <\/a><a href=\"https:\/\/talkpal.ai\/no\/exercise_language\/verb-fransk-grammatikk\/\">Verb <\/a>    <\/div>\r\n<\/section> -->\r\n\r\n\r\n\r\n\r\n        <section class=\"grammarSection\">\r\n            <div class=\"grammarLinks\">\r\n                <a href=\"https:\/\/talkpal.ai\/no\/exercise_language\/adjektiver-fransk-grammatikk\/\">Adjektiver <\/a><a href=\"https:\/\/talkpal.ai\/no\/exercise_language\/adverb-fransk-grammatikk\/\">Adverb <\/a><a href=\"https:\/\/talkpal.ai\/no\/exercise_language\/artikler-fransk-grammatikk\/\">Artikler <\/a><a href=\"https:\/\/talkpal.ai\/no\/exercise_language\/preposisjoner-fransk-grammatikk\/\">Preposisjoner <\/a><a href=\"https:\/\/talkpal.ai\/no\/exercise_language\/pronomen-og-determinanter-fransk-grammatikk\/\">Pronomen og determinanter <\/a><a href=\"https:\/\/talkpal.ai\/no\/exercise_language\/setningsstruktur-fransk-grammatikk\/\">Setningsstruktur <\/a><a href=\"https:\/\/talkpal.ai\/no\/exercise_language\/substantiver-fransk-grammatikk\/\">Substantiver <\/a><a href=\"https:\/\/talkpal.ai\/no\/exercise_language\/tider-veiledende-fransk-grammatikk\/\">Tider <\/a><a href=\"https:\/\/talkpal.ai\/no\/exercise_language\/verb-fransk-grammatikk\/\">Verb <\/a>            <\/div>\r\n        <\/section>\r\n<section class=\"promotionalBanner\">\r\n    <p class=\"promotionalText\">Den mest effektive m\u00e5ten \u00e5 l\u00e6re et spr\u00e5k p\u00e5<\/p>\r\n    <a class=\"promotionalLink\" href=\"https:\/\/app.talkpal.ai\/no\/signup?lng=\">Pr\u00f8v Talkpal gratis<\/a>\r\n<\/section>\n<div class=\"wp-block-group pageContainerStyle\"><div class=\"wp-block-group__inner-container is-layout-constrained wp-block-group-is-layout-constrained\">\n<h2 class=\"wp-block-heading\" id=\"h-french-grammar-topics\">Franske grammatikkemner<\/h2>\n\n\n\n<p>\u00c5 l\u00e6re fransk kan v\u00e6re en spennende og givende opplevelse. Som et spr\u00e5k rikt p\u00e5 historie og kultur, tilbyr fransk et unikt perspektiv p\u00e5 verden og er et viktig kommunikasjonsverkt\u00f8y p\u00e5 ulike felt. For \u00e5 effektivt l\u00e6re fransk, er det avgj\u00f8rende \u00e5 ha en god forst\u00e5else av grammatikken, som er grunnlaget for ethvert spr\u00e5k. F\u00f8lgende sekvens av franske grammatikkemner, inkludert adjektiver, adverb, artikler, substantiv, preposisjoner, pronomen og bestemmere, setningsstruktur, tider \u2013 veiledende og verb, vil hjelpe deg med \u00e5 veilede deg p\u00e5 reisen til \u00e5 mestre spr\u00e5ket.<\/p>\n\n\n\n<h3 class=\"wp-block-heading\" id=\"h-1-nouns\">1. Substantiv:<\/h3>\n\n\n\n<p>Substantiv er hovedbyggesteinene i ethvert spr\u00e5k, ettersom de representerer mennesker, steder, ting eller ideer. P\u00e5 fransk har substantiver kj\u00f8nn (maskulint eller feminint) og kan v\u00e6re entall eller flertall. Det er viktig \u00e5 forst\u00e5 kj\u00f8nn og antall substantiver, siden det p\u00e5virker formene til andre ord i en setning, for eksempel adjektiver, artikler og pronomen.<\/p>\n\n\n\n<h3 class=\"wp-block-heading\" id=\"h-2-articles\">2. Artikler:<\/h3>\n\n\n\n<p>Artikler er essensielle i fransk grammatikk, <a href=\"https:\/\/talkpal.ai\/culture\/how-do-you-use-the-conjunction-da-de\/\">da de<\/a> gir informasjon om kj\u00f8nn og nummer p\u00e5 et substantiv. Det er tre typer artikler p\u00e5 fransk: bestemt (le, la, les), ubestemt (un, une, des) og partitiv (du, de la, des). \u00c5 bruke den riktige artikkelen bidrar til \u00e5 formidle meningen med en setning.<\/p>\n\n\n\n<h3 class=\"wp-block-heading\" id=\"h-3-adjectives\">3. Adjektiver:<\/h3>\n\n\n\n<p>Adjektiver brukes til \u00e5 beskrive eller endre substantiv. P\u00e5 fransk m\u00e5 adjektiver stemme overens med substantivet de endrer i kj\u00f8nn og tall. I tillegg kan plasseringen av adjektiver i en setning variere, selv om de fleste adjektiver f\u00f8lger substantivet de beskriver.<\/p>\n\n\n\n<h3 class=\"wp-block-heading\" id=\"h-4-pronouns-and-determiners\">4. Pronomen og bestemmere:<\/h3>\n\n\n\n<p>Pronomen erstatter substantiver for \u00e5 unng\u00e5 repetisjon, mens bestemmere spesifiserer eller kvantifiserer substantiv. B\u00e5de pronomen og bestemmere m\u00e5 stemme overens med substantivet de erstatter eller f\u00f8lger med i kj\u00f8nn og tall. Franske pronomen inkluderer subjektspronomen (je, tu, il, etc.), objektpronomen (me, te, lui, etc.) og refleksive pronomen (me, te, se, etc.). Determinanter inkluderer besittende adjektiver (mon, ma, mes, etc.) og demonstrative adjektiver (ce, cette, ces, etc.).<\/p>\n\n\n\n<h3 class=\"wp-block-heading\" id=\"h-5-verbs\">5. Verb:<\/h3>\n\n\n\n<p>Verb uttrykker handlinger, tilstander eller hendelser. P\u00e5 fransk er verb b\u00f8yet for \u00e5 stemme overens med emnet i person og antall og for \u00e5 uttrykke forskjellige tider og stemninger. Vanlige verb f\u00f8lger et forutsigbart m\u00f8nster, mens uregelmessige verb krever memorering.<\/p>\n\n\n\n<h3 class=\"wp-block-heading\" id=\"h-6-tenses-indicative\">6. Tider &#8211; Indikativ:<\/h3>\n\n\n\n<p>Den veiledende stemningen brukes til \u00e5 uttrykke fakta og objektive utsagn. Det er \u00e5tte tider i den franske indikativen: n\u00e5tid, fremtid, ufullkommen, <a href=\"https:\/\/talkpal.ai\/no\/grammar_exercises\/enkel-fortid-tidligere-progressive-ovelser-for-engelsk-grammatikk\/\">enkel fortid<\/a>, pluperfekt, fremtidig perfekt, fortid betinget og fortid perfekt. \u00c5 forst\u00e5 og mestre disse tidene er avgj\u00f8rende for \u00e5 uttrykke tid og rekkef\u00f8lge p\u00e5 fransk.<\/p>\n\n\n\n<h3 class=\"wp-block-heading\" id=\"h-7-adverbs\">7. Adverb:<\/h3>\n\n\n\n<p>Adverb endrer verb, adjektiver eller andre adverb, og gir tilleggsinformasjon om handlingen, tilstanden eller kvaliteten. P\u00e5 fransk dannes de fleste adverb ved \u00e5 legge til -ment til den feminine formen av adjektivet. Adverb f\u00f8lger vanligvis verbet de endrer.<\/p>\n\n\n\n<h3 class=\"wp-block-heading\" id=\"h-8-prepositions\">8. Preposisjoner:<\/h3>\n\n\n\n<p>Preposisjoner kobler sammen ord eller grupper av ord, og indikerer relasjoner som plassering, retning, tid eller \u00e5rsak. Vanlige franske preposisjoner inkluderer \u00e0 (at, til), de (av, fra), en (i, p\u00e5) og hell (for). \u00c5 l\u00e6re preposisjoner og deres bruk er avgj\u00f8rende for \u00e5 konstruere sammenhengende setninger.<\/p>\n\n\n\n<h3 class=\"wp-block-heading\" id=\"h-9-sentence-structure\">9. Setningsstruktur:<\/h3>\n\n\n\n<p>Franske setninger f\u00f8lger en subjekt-verb-objekt (SVO) struktur, som ligner p\u00e5 <a href=\"https:\/\/talkpal.ai\/learn-english-with-ai\/\">engelsk<\/a>. Ordrekkef\u00f8lgen kan imidlertid variere avhengig av bruken av pronomen, negasjon og vektlegging. \u00c5 forst\u00e5 setningsstruktur er avgj\u00f8rende for \u00e5 danne klare og n\u00f8yaktige utsagn og sp\u00f8rsm\u00e5l p\u00e5 fransk.<\/p>\n<\/div><\/div>\n\r\n<section class=\"learnNavigationSection\">\r\n            \r\n        <a href=\"https:\/\/talkpal.ai\/no\/laer-fransk\/\">\r\n            <div class=\"learnNavigationWrapper\">\r\n                <div class=\"learnNavigationContent\">\r\n                    <img decoding=\"async\" src=\"https:\/\/talkpal.ai\/wp-content\/uploads\/2024\/08\/French.jpg\" alt=\"French Flag\">\r\n                    <div>\r\n                        <h4>Om franskoppl\u00e6ring<\/h4>\r\n                        <p>Finn ut alt om fransk grammatikk.<\/p>\r\n                    <\/div>\r\n                <\/div>\r\n            <\/div>\r\n        <\/a>\r\n\r\n        \r\n        <a href=\"https:\/\/talkpal.ai\/no\/fransk-grammatikk\/\">\r\n            <div class=\"learnNavigationWrapper\">\r\n                <div class=\"learnNavigationContent\">\r\n                    <img decoding=\"async\" src=\"https:\/\/talkpal.ai\/wp-content\/uploads\/2024\/08\/French.jpg\" alt=\"French Flag\">\r\n                    <div>\r\n                        <h4>Fransk grammatikkundervisning<\/h4>\r\n                        <p>\u00d8v fransk grammatikk.<\/p>\r\n                    <\/div>\r\n                <\/div>\r\n            <\/div>\r\n        <\/a>\r\n\r\n        \r\n        <a href=\"https:\/\/talkpal.ai\/vocabulary_language\/french\/\">\r\n            <div class=\"learnNavigationWrapper\">\r\n                <div class=\"learnNavigationContent\">\r\n                    <img decoding=\"async\" src=\"https:\/\/talkpal.ai\/wp-content\/uploads\/2024\/08\/French.jpg\" alt=\"French Flag\">\r\n                    <div>\r\n                        <h4>Fransk ordforr\u00e5d<\/h4>\r\n                        <p>Utvid ordforr\u00e5det ditt p\u00e5 fransk.<\/p>\r\n                    <\/div>\r\n                <\/div>\r\n            <\/div>\r\n        <\/a>\r\n\r\n            <\/section>","protected":false},"excerpt":{"rendered":"<p>Franske grammatikkemner \u00c5 l\u00e6re fransk kan v\u00e6re en spennende og givende opplevelse. Som et spr\u00e5k rikt p\u00e5 historie og kultur, tilbyr fransk et unikt perspektiv p\u00e5 verden og er et viktig kommunikasjonsverkt\u00f8y p\u00e5 ulike felt. For \u00e5 effektivt l\u00e6re fransk, er det avgj\u00f8rende \u00e5 ha en god forst\u00e5else av grammatikken, som er grunnlaget for ethvert [&hellip;]<\/p>\n","protected":false},"author":6,"featured_media":75813,"parent":0,"menu_order":0,"comment_status":"closed","ping_status":"closed","template":"LearningContentPage.php","meta":{"_acf_changed":false,"footnotes":""},"class_list":["post-131756","page","type-page","status-publish","has-post-thumbnail","hentry"],"acf":[],"yoast_head":"<!-- This site is optimized with the Yoast SEO Premium plugin v27.2 (Yoast SEO v27.2) - https:\/\/yoast.com\/product\/yoast-seo-premium-wordpress\/ -->\n<title>Franske grammatikk\u00f8velser - Talkpal<\/title>\n<meta name=\"description\" content=\"\u00d8v p\u00e5 og forbedre dine franske grammatikkferdigheter med interaktive \u00f8velser designet for alle niv\u00e5er. Forbedre spr\u00e5kferdighetene dine!\" \/>\n<meta name=\"robots\" content=\"index, follow, max-snippet:-1, max-image-preview:large, max-video-preview:-1\" \/>\n<link rel=\"canonical\" href=\"https:\/\/talkpal.ai\/no\/franske-grammatikkovelser\/\" \/>\n<meta property=\"og:locale\" content=\"nb_NO\" \/>\n<meta property=\"og:type\" content=\"article\" \/>\n<meta property=\"og:title\" content=\"Franske grammatikk\u00f8velser\" \/>\n<meta property=\"og:description\" content=\"Franske grammatikkemner \u00c5 l\u00e6re fransk kan v\u00e6re en spennende og givende opplevelse. Som et spr\u00e5k rikt p\u00e5 historie og kultur, tilbyr fransk et unikt\" \/>\n<meta property=\"og:url\" content=\"https:\/\/talkpal.ai\/no\/franske-grammatikkovelser\/\" \/>\n<meta property=\"og:site_name\" content=\"Talkpal\" \/>\n<meta property=\"article:publisher\" content=\"https:\/\/www.facebook.com\/profile.php?id=100090733639311\" \/>\n<meta property=\"article:modified_time\" content=\"2025-12-17T16:47:09+00:00\" \/>\n<meta property=\"og:image\" content=\"https:\/\/talkpal.ai\/wp-content\/uploads\/2023\/03\/france.png\" \/>\n\t<meta property=\"og:image:width\" content=\"512\" \/>\n\t<meta property=\"og:image:height\" content=\"512\" \/>\n\t<meta property=\"og:image:type\" content=\"image\/png\" \/>\n<meta name=\"twitter:card\" content=\"summary_large_image\" \/>\n<meta name=\"twitter:site\" content=\"@talkpalai\" \/>\n<meta name=\"twitter:label1\" content=\"Ansl. lesetid\" \/>\n\t<meta name=\"twitter:data1\" content=\"3 minutter\" \/>\n<script type=\"application\/ld+json\" class=\"yoast-schema-graph\">{\"@context\":\"https:\/\/schema.org\",\"@graph\":[{\"@type\":\"WebPage\",\"@id\":\"https:\/\/talkpal.ai\/no\/franske-grammatikkovelser\/\",\"url\":\"https:\/\/talkpal.ai\/no\/franske-grammatikkovelser\/\",\"name\":\"Franske grammatikk\u00f8velser - Talkpal\",\"isPartOf\":{\"@id\":\"https:\/\/talkpal.ai\/no\/#website\"},\"primaryImageOfPage\":{\"@id\":\"https:\/\/talkpal.ai\/no\/franske-grammatikkovelser\/#primaryimage\"},\"image\":{\"@id\":\"https:\/\/talkpal.ai\/no\/franske-grammatikkovelser\/#primaryimage\"},\"thumbnailUrl\":\"https:\/\/talkpal.ai\/wp-content\/uploads\/2023\/03\/france.png\",\"datePublished\":\"2023-06-16T08:35:52+00:00\",\"dateModified\":\"2025-12-17T16:47:09+00:00\",\"description\":\"\u00d8v p\u00e5 og forbedre dine franske grammatikkferdigheter med interaktive \u00f8velser designet for alle niv\u00e5er. Forbedre spr\u00e5kferdighetene dine!\",\"breadcrumb\":{\"@id\":\"https:\/\/talkpal.ai\/no\/franske-grammatikkovelser\/#breadcrumb\"},\"inLanguage\":\"nb-NO\",\"potentialAction\":[{\"@type\":\"ReadAction\",\"target\":[\"https:\/\/talkpal.ai\/no\/franske-grammatikkovelser\/\"]}]},{\"@type\":\"ImageObject\",\"inLanguage\":\"nb-NO\",\"@id\":\"https:\/\/talkpal.ai\/no\/franske-grammatikkovelser\/#primaryimage\",\"url\":\"https:\/\/talkpal.ai\/wp-content\/uploads\/2023\/03\/france.png\",\"contentUrl\":\"https:\/\/talkpal.ai\/wp-content\/uploads\/2023\/03\/france.png\",\"width\":512,\"height\":512,\"caption\":\"TalkPal AI learn French\"},{\"@type\":\"BreadcrumbList\",\"@id\":\"https:\/\/talkpal.ai\/no\/franske-grammatikkovelser\/#breadcrumb\",\"itemListElement\":[{\"@type\":\"ListItem\",\"position\":1,\"name\":\"Homepage\",\"item\":\"https:\/\/talkpal.ai\/no\/\"},{\"@type\":\"ListItem\",\"position\":2,\"name\":\"Franske grammatikk\u00f8velser\"}]},{\"@type\":\"WebSite\",\"@id\":\"https:\/\/talkpal.ai\/no\/#website\",\"url\":\"https:\/\/talkpal.ai\/no\/\",\"name\":\"Talkpal\",\"description\":\"AI Language Learning\",\"publisher\":{\"@id\":\"https:\/\/talkpal.ai\/no\/#organization\"},\"alternateName\":\"Talkpal AI\",\"potentialAction\":[{\"@type\":\"SearchAction\",\"target\":{\"@type\":\"EntryPoint\",\"urlTemplate\":\"https:\/\/talkpal.ai\/no\/?s={search_term_string}\"},\"query-input\":{\"@type\":\"PropertyValueSpecification\",\"valueRequired\":true,\"valueName\":\"search_term_string\"}}],\"inLanguage\":\"nb-NO\"},{\"@type\":\"Organization\",\"@id\":\"https:\/\/talkpal.ai\/no\/#organization\",\"name\":\"Talkpal, Inc.\",\"alternateName\":\"Talkpal AI\",\"url\":\"https:\/\/talkpal.ai\/no\/\",\"logo\":{\"@type\":\"ImageObject\",\"inLanguage\":\"nb-NO\",\"@id\":\"https:\/\/talkpal.ai\/no\/#\/schema\/logo\/image\/\",\"url\":\"https:\/\/talkpal.ai\/wp-content\/uploads\/2024\/03\/Talkpal-Logo-Icon.png\",\"contentUrl\":\"https:\/\/talkpal.ai\/wp-content\/uploads\/2024\/03\/Talkpal-Logo-Icon.png\",\"width\":2880,\"height\":2880,\"caption\":\"Talkpal, Inc.\"},\"image\":{\"@id\":\"https:\/\/talkpal.ai\/no\/#\/schema\/logo\/image\/\"},\"sameAs\":[\"https:\/\/www.facebook.com\/profile.php?id=100090733639311\",\"https:\/\/x.com\/talkpalai\",\"https:\/\/www.linkedin.com\/company\/talkpal\/\",\"https:\/\/www.youtube.com\/@TalkPal\/\",\"https:\/\/www.tiktok.com\/@talkpal\",\"https:\/\/www.instagram.com\/talkpal_ai\/\",\"https:\/\/www.crunchbase.com\/organization\/talkpal-9cde\",\"https:\/\/www.g2.com\/products\/talkpal-for-business\/\",\"https:\/\/www.trustpilot.com\/review\/talkpal.ai\",\"https:\/\/www.capterra.com\/p\/10006800\/TalkPal\/\"],\"description\":\"Talkpal is a language learning web and mobile education app, powered by the latest AI technologies, that provides engaging experiences to its customers in many different languages to help them improve their language skills. Users can chat about unlimited amount of topics with the app and use other modes to practice their language learning.\",\"email\":\"support@talkpal.ai\",\"legalName\":\"Talkpal, Inc.\",\"foundingDate\":\"2023-04-03\",\"duns\":\"118989042\",\"numberOfEmployees\":{\"@type\":\"QuantitativeValue\",\"minValue\":\"11\",\"maxValue\":\"50\"},\"publishingPrinciples\":\"https:\/\/talkpal.ai\/publishing-principles\/\",\"actionableFeedbackPolicy\":\"https:\/\/talkpal.ai\/actionable-feedback-policy\/\",\"correctionsPolicy\":\"https:\/\/talkpal.ai\/corrections-policy\/\",\"ethicsPolicy\":\"https:\/\/talkpal.ai\/ethics-policy\/\",\"diversityPolicy\":\"https:\/\/talkpal.ai\/diversity-policy\/\",\"diversityStaffingReport\":\"https:\/\/talkpal.ai\/diversity-policy\/\"}]}<\/script>\n<!-- \/ Yoast SEO Premium plugin. -->","yoast_head_json":{"title":"Franske grammatikk\u00f8velser - Talkpal","description":"\u00d8v p\u00e5 og forbedre dine franske grammatikkferdigheter med interaktive \u00f8velser designet for alle niv\u00e5er. Forbedre spr\u00e5kferdighetene dine!","robots":{"index":"index","follow":"follow","max-snippet":"max-snippet:-1","max-image-preview":"max-image-preview:large","max-video-preview":"max-video-preview:-1"},"canonical":"https:\/\/talkpal.ai\/no\/franske-grammatikkovelser\/","og_locale":"nb_NO","og_type":"article","og_title":"Franske grammatikk\u00f8velser","og_description":"Franske grammatikkemner \u00c5 l\u00e6re fransk kan v\u00e6re en spennende og givende opplevelse. Som et spr\u00e5k rikt p\u00e5 historie og kultur, tilbyr fransk et unikt","og_url":"https:\/\/talkpal.ai\/no\/franske-grammatikkovelser\/","og_site_name":"Talkpal","article_publisher":"https:\/\/www.facebook.com\/profile.php?id=100090733639311","article_modified_time":"2025-12-17T16:47:09+00:00","og_image":[{"width":512,"height":512,"url":"https:\/\/talkpal.ai\/wp-content\/uploads\/2023\/03\/france.png","type":"image\/png"}],"twitter_card":"summary_large_image","twitter_site":"@talkpalai","twitter_misc":{"Ansl. lesetid":"3 minutter"},"schema":{"@context":"https:\/\/schema.org","@graph":[{"@type":"WebPage","@id":"https:\/\/talkpal.ai\/no\/franske-grammatikkovelser\/","url":"https:\/\/talkpal.ai\/no\/franske-grammatikkovelser\/","name":"Franske grammatikk\u00f8velser - Talkpal","isPartOf":{"@id":"https:\/\/talkpal.ai\/no\/#website"},"primaryImageOfPage":{"@id":"https:\/\/talkpal.ai\/no\/franske-grammatikkovelser\/#primaryimage"},"image":{"@id":"https:\/\/talkpal.ai\/no\/franske-grammatikkovelser\/#primaryimage"},"thumbnailUrl":"https:\/\/talkpal.ai\/wp-content\/uploads\/2023\/03\/france.png","datePublished":"2023-06-16T08:35:52+00:00","dateModified":"2025-12-17T16:47:09+00:00","description":"\u00d8v p\u00e5 og forbedre dine franske grammatikkferdigheter med interaktive \u00f8velser designet for alle niv\u00e5er. Forbedre spr\u00e5kferdighetene dine!","breadcrumb":{"@id":"https:\/\/talkpal.ai\/no\/franske-grammatikkovelser\/#breadcrumb"},"inLanguage":"nb-NO","potentialAction":[{"@type":"ReadAction","target":["https:\/\/talkpal.ai\/no\/franske-grammatikkovelser\/"]}]},{"@type":"ImageObject","inLanguage":"nb-NO","@id":"https:\/\/talkpal.ai\/no\/franske-grammatikkovelser\/#primaryimage","url":"https:\/\/talkpal.ai\/wp-content\/uploads\/2023\/03\/france.png","contentUrl":"https:\/\/talkpal.ai\/wp-content\/uploads\/2023\/03\/france.png","width":512,"height":512,"caption":"TalkPal AI learn French"},{"@type":"BreadcrumbList","@id":"https:\/\/talkpal.ai\/no\/franske-grammatikkovelser\/#breadcrumb","itemListElement":[{"@type":"ListItem","position":1,"name":"Homepage","item":"https:\/\/talkpal.ai\/no\/"},{"@type":"ListItem","position":2,"name":"Franske grammatikk\u00f8velser"}]},{"@type":"WebSite","@id":"https:\/\/talkpal.ai\/no\/#website","url":"https:\/\/talkpal.ai\/no\/","name":"Talkpal","description":"AI Language Learning","publisher":{"@id":"https:\/\/talkpal.ai\/no\/#organization"},"alternateName":"Talkpal AI","potentialAction":[{"@type":"SearchAction","target":{"@type":"EntryPoint","urlTemplate":"https:\/\/talkpal.ai\/no\/?s={search_term_string}"},"query-input":{"@type":"PropertyValueSpecification","valueRequired":true,"valueName":"search_term_string"}}],"inLanguage":"nb-NO"},{"@type":"Organization","@id":"https:\/\/talkpal.ai\/no\/#organization","name":"Talkpal, Inc.","alternateName":"Talkpal AI","url":"https:\/\/talkpal.ai\/no\/","logo":{"@type":"ImageObject","inLanguage":"nb-NO","@id":"https:\/\/talkpal.ai\/no\/#\/schema\/logo\/image\/","url":"https:\/\/talkpal.ai\/wp-content\/uploads\/2024\/03\/Talkpal-Logo-Icon.png","contentUrl":"https:\/\/talkpal.ai\/wp-content\/uploads\/2024\/03\/Talkpal-Logo-Icon.png","width":2880,"height":2880,"caption":"Talkpal, Inc."},"image":{"@id":"https:\/\/talkpal.ai\/no\/#\/schema\/logo\/image\/"},"sameAs":["https:\/\/www.facebook.com\/profile.php?id=100090733639311","https:\/\/x.com\/talkpalai","https:\/\/www.linkedin.com\/company\/talkpal\/","https:\/\/www.youtube.com\/@TalkPal\/","https:\/\/www.tiktok.com\/@talkpal","https:\/\/www.instagram.com\/talkpal_ai\/","https:\/\/www.crunchbase.com\/organization\/talkpal-9cde","https:\/\/www.g2.com\/products\/talkpal-for-business\/","https:\/\/www.trustpilot.com\/review\/talkpal.ai","https:\/\/www.capterra.com\/p\/10006800\/TalkPal\/"],"description":"Talkpal is a language learning web and mobile education app, powered by the latest AI technologies, that provides engaging experiences to its customers in many different languages to help them improve their language skills. Users can chat about unlimited amount of topics with the app and use other modes to practice their language learning.","email":"support@talkpal.ai","legalName":"Talkpal, Inc.","foundingDate":"2023-04-03","duns":"118989042","numberOfEmployees":{"@type":"QuantitativeValue","minValue":"11","maxValue":"50"},"publishingPrinciples":"https:\/\/talkpal.ai\/publishing-principles\/","actionableFeedbackPolicy":"https:\/\/talkpal.ai\/actionable-feedback-policy\/","correctionsPolicy":"https:\/\/talkpal.ai\/corrections-policy\/","ethicsPolicy":"https:\/\/talkpal.ai\/ethics-policy\/","diversityPolicy":"https:\/\/talkpal.ai\/diversity-policy\/","diversityStaffingReport":"https:\/\/talkpal.ai\/diversity-policy\/"}]}},"_links":{"self":[{"href":"https:\/\/talkpal.ai\/no\/wp-json\/wp\/v2\/pages\/131756","targetHints":{"allow":["GET"]}}],"collection":[{"href":"https:\/\/talkpal.ai\/no\/wp-json\/wp\/v2\/pages"}],"about":[{"href":"https:\/\/talkpal.ai\/no\/wp-json\/wp\/v2\/types\/page"}],"author":[{"embeddable":true,"href":"https:\/\/talkpal.ai\/no\/wp-json\/wp\/v2\/users\/6"}],"replies":[{"embeddable":true,"href":"https:\/\/talkpal.ai\/no\/wp-json\/wp\/v2\/comments?post=131756"}],"version-history":[{"count":0,"href":"https:\/\/talkpal.ai\/no\/wp-json\/wp\/v2\/pages\/131756\/revisions"}],"wp:featuredmedia":[{"embeddable":true,"href":"https:\/\/talkpal.ai\/no\/wp-json\/wp\/v2\/media\/75813"}],"wp:attachment":[{"href":"https:\/\/talkpal.ai\/no\/wp-json\/wp\/v2\/media?parent=131756"}],"curies":[{"name":"wp","href":"https:\/\/api.w.org\/{rel}","templated":true}]}}