{"id":131466,"date":"2023-06-15T07:00:21","date_gmt":"2023-06-15T07:00:21","guid":{"rendered":"http:\/\/talkpal.ai\/spansk-grammatikkovelser\/"},"modified":"2025-12-17T16:37:23","modified_gmt":"2025-12-17T16:37:23","slug":"spansk-grammatikkovelser","status":"publish","type":"page","link":"https:\/\/talkpal.ai\/no\/spansk-grammatikkovelser\/","title":{"rendered":"Spansk grammatikk\u00f8velser"},"content":{"rendered":"\r\n\r\n\r\n<section class=\"languageChallengeSection\">\r\n    <div class=\"languageInfoWrapper\">\r\n        \r\n        <h1>Spansk grammatikk\u00f8velser<\/h1>\r\n        <p>Er du klar til \u00e5 forbedre spansken din? \u00c5 \u00f8ve p\u00e5 grammatikk\u00f8velser er en fin m\u00e5te \u00e5 <a href=\"https:\/\/talkpal.ai\/locations\/language-courses-in-mestre\/\">mestre<\/a> setningsstruktur, verbb\u00f8yninger og de unike m\u00f8nstrene i det spanske spr\u00e5ket. Begynn \u00e5 jobbe med <a href=\"https:\/\/talkpal.ai\/no\/snakker-spansk\/\">spansk grammatikk<\/a> i dag, og se selvtilliten og spr\u00e5kkunnskapene dine vokse for hver \u00f8velse!\n\n<\/p>\r\n\r\n                            <a class=\"getStartedHidden\" href=\"https:\/\/app.talkpal.ai\/no\/signup?lng=\">Kom i gang<\/a>\r\n        \r\n    <\/div>\r\n\r\n    <figure>\r\n    <img decoding=\"async\" width=\"768\" height=\"768\" src=\"https:\/\/talkpal.ai\/wp-content\/uploads\/2023\/06\/Spanish-768x768.png\" class=\"languageImage no-lazy\" alt=\"Practical application of language learning\" fetchpriority=\"high\" sizes=\"(max-width: 768px) 150px, 768px\" srcset=\"https:\/\/talkpal.ai\/wp-content\/uploads\/2023\/06\/Spanish-768x768.png 768w, https:\/\/talkpal.ai\/wp-content\/uploads\/2023\/06\/Spanish-300x300.png 300w\" \/>\r\n    \r\n\r\n    <\/figure>\r\n\r\n            <a class=\"getStartedVisible\" href=\"https:\/\/app.talkpal.ai\/no\/signup?lng=\">Kom i gang<\/a>\r\n    \r\n<\/section>\r\n\r\n\r\n<!-- <section class=\"grammarSection\">\r\n    <div class=\"grammarLinks\">\r\n        <a href=\"https:\/\/talkpal.ai\/no\/exercise_language\/adjektiver-spansk-grammatikk\/\">Adjektiver <\/a><a href=\"https:\/\/talkpal.ai\/no\/exercise_language\/adverb-spansk-grammatikk\/\">Adverb <\/a><a href=\"https:\/\/talkpal.ai\/no\/exercise_language\/artikler-spansk-grammatikk\/\">Artikler <\/a><a href=\"https:\/\/talkpal.ai\/no\/exercise_language\/preposisjoner-spansk-grammatikk\/\">Preposisjoner <\/a><a href=\"https:\/\/talkpal.ai\/no\/exercise_language\/pronomen-spansk-grammatikk\/\">Pronomen <\/a><a href=\"https:\/\/talkpal.ai\/no\/exercise_language\/setningsstruktur-spansk-grammatikk\/\">Setningsstruktur <\/a><a href=\"https:\/\/talkpal.ai\/no\/exercise_language\/substantiver-spansk-grammatikk\/\">Substantiver <\/a><a href=\"https:\/\/talkpal.ai\/no\/exercise_language\/tempus-sammenligning-spansk-grammatikk\/\">Tempus sammenligning <\/a><a href=\"https:\/\/talkpal.ai\/no\/exercise_language\/tider-indikativ-spansk-grammatikk\/\">Tider Indikativ <\/a><a href=\"https:\/\/talkpal.ai\/no\/exercise_language\/tider-konjunktiv-spansk-grammatikk\/\">Tider konjunktiv <\/a><a href=\"https:\/\/talkpal.ai\/no\/exercise_language\/verb-spansk-grammatikk\/\">Verb <\/a>    <\/div>\r\n<\/section> -->\r\n\r\n\r\n\r\n\r\n        <section class=\"grammarSection\">\r\n            <div class=\"grammarLinks\">\r\n                <a href=\"https:\/\/talkpal.ai\/no\/exercise_language\/adjektiver-spansk-grammatikk\/\">Adjektiver <\/a><a href=\"https:\/\/talkpal.ai\/no\/exercise_language\/adverb-spansk-grammatikk\/\">Adverb <\/a><a href=\"https:\/\/talkpal.ai\/no\/exercise_language\/artikler-spansk-grammatikk\/\">Artikler <\/a><a href=\"https:\/\/talkpal.ai\/no\/exercise_language\/preposisjoner-spansk-grammatikk\/\">Preposisjoner <\/a><a href=\"https:\/\/talkpal.ai\/no\/exercise_language\/pronomen-spansk-grammatikk\/\">Pronomen <\/a><a href=\"https:\/\/talkpal.ai\/no\/exercise_language\/setningsstruktur-spansk-grammatikk\/\">Setningsstruktur <\/a><a href=\"https:\/\/talkpal.ai\/no\/exercise_language\/substantiver-spansk-grammatikk\/\">Substantiver <\/a><a href=\"https:\/\/talkpal.ai\/no\/exercise_language\/tempus-sammenligning-spansk-grammatikk\/\">Tempus sammenligning <\/a><a href=\"https:\/\/talkpal.ai\/no\/exercise_language\/tider-indikativ-spansk-grammatikk\/\">Tider Indikativ <\/a><a href=\"https:\/\/talkpal.ai\/no\/exercise_language\/tider-konjunktiv-spansk-grammatikk\/\">Tider konjunktiv <\/a><a href=\"https:\/\/talkpal.ai\/no\/exercise_language\/verb-spansk-grammatikk\/\">Verb <\/a>            <\/div>\r\n        <\/section>\r\n<section class=\"promotionalBanner\">\r\n    <p class=\"promotionalText\">Den mest effektive m\u00e5ten \u00e5 l\u00e6re et spr\u00e5k p\u00e5<\/p>\r\n    <a class=\"promotionalLink\" href=\"https:\/\/app.talkpal.ai\/no\/signup?lng=\">Pr\u00f8v Talkpal gratis<\/a>\r\n<\/section>\n<div class=\"wp-block-group pageContainerStyle\"><div class=\"wp-block-group__inner-container is-layout-constrained wp-block-group-is-layout-constrained\">\n<h2 class=\"wp-block-heading\" id=\"h-spanish-grammar-topics\">Spansk grammatikk-emner<\/h2>\n\n\n\n<p>\u00c5 l\u00e6re et nytt spr\u00e5k kan v\u00e6re en spennende og givende innsats, og <a href=\"https:\/\/talkpal.ai\/learn-spanish\/\">spansk<\/a> er intet unntak. Som det nest mest talte spr\u00e5ket i verden kan det \u00e5pne for <a href=\"https:\/\/talkpal.ai\/talkpal-new-years-discount\/\">nye<\/a> muligheter for reiser, arbeid og kulturell utveksling. Enten du er en nybegynner eller \u00f8nsker \u00e5 forbedre dine eksisterende ferdigheter, er det viktig \u00e5 forst\u00e5 og mestre <a href=\"https:\/\/talkpal.ai\/no\/snakker-spansk\/\">spansk grammatikk<\/a>. Fra tider og verb til setningsstruktur og preposisjoner, spiller hvert aspekt av spr\u00e5ket en avgj\u00f8rende rolle i din evne til \u00e5 kommunisere effektivt. I denne veiledningen vil vi utforske viktige spanske grammatikkemner, og presentere dem i en logisk rekkef\u00f8lge for \u00e5 hjelpe deg \u00e5 l\u00e6re spr\u00e5ket med letthet.<\/p>\n\n\n\n<h3 class=\"wp-block-heading\" id=\"h-1-nouns-and-articles\">1. Substantiv og artikler:<\/h3>\n\n\n\n<p>Begynn med \u00e5 gj\u00f8re deg kjent med spanske substantiver og deres kj\u00f8nn, samt bestemte og ubestemte artikler. Disse grunnleggende byggeklossene vil hjelpe deg \u00e5 forst\u00e5 og danne enkle setninger og setninger.<\/p>\n\n\n\n<h3 class=\"wp-block-heading\" id=\"h-2-adjectives\">2. Adjektiver:<\/h3>\n\n\n\n<p>Adjektiver er avgj\u00f8rende for \u00e5 beskrive substantiver, og p\u00e5 spansk m\u00e5 de stemme i kj\u00f8nn og tall med substantivet de endrer. \u00c5 l\u00e6re reglene for adjektivplassering og avtale vil i stor grad forbedre din evne til \u00e5 uttrykke deg p\u00e5 spansk.<\/p>\n\n\n\n<h3 class=\"wp-block-heading\" id=\"h-3-pronouns\">3. Pronomen:<\/h3>\n\n\n\n<p>Pronomen erstatter substantiver og er avgj\u00f8rende for \u00e5 gj\u00f8re samtalen mer flytende og naturlig. Fokuser p\u00e5 subjektpronomen, direkte og indirekte objektpronomen og refleksive pronomen, og s\u00f8rg for at du forst\u00e5r bruken og plasseringen av dem i setninger.<\/p>\n\n\n\n<h3 class=\"wp-block-heading\" id=\"h-4-verbs\">4. Verb:<\/h3>\n\n\n\n<p>Verb er ryggraden i ethvert spr\u00e5k, og spansk er ikke annerledes. Begynn med \u00e5 l\u00e6re de vanligste vanlige og uregelmessige verbene, s\u00e5 vel som deres konjugasjoner i presens indikativ stemning.<\/p>\n\n\n\n<h3 class=\"wp-block-heading\" id=\"h-5-tenses-indicative\">5. Indikativ tid:<\/h3>\n\n\n\n<p>N\u00e5r du har et grep om grunnleggende verbb\u00f8yning, utvide kunnskapen din til \u00e5 inkludere andre indikative tider, for eksempel preteritum, imperfektum, fremtidig og betinget tid. Dette vil gj\u00f8re deg i stand til \u00e5 uttrykke handlinger og hendelser p\u00e5 tvers av ulike tidsrammer.<\/p>\n\n\n\n<h3 class=\"wp-block-heading\" id=\"h-6-adverbs\">6. Adverb:<\/h3>\n\n\n\n<p>Adverb gir tilleggsinformasjon om verb, adjektiver eller andre adverb. L\u00e6r de forskjellige typene adverb og deres plassering i setninger for \u00e5 legge til flere detaljer og nyanser til talen din.<\/p>\n\n\n\n<h3 class=\"wp-block-heading\" id=\"h-7-prepositions\">7. Preposisjoner:<\/h3>\n\n\n\n<p>Preposisjoner er avgj\u00f8rende for \u00e5 uttrykke forhold mellom ord, for eksempel plassering, retning eller tid. Gj\u00f8r deg kjent med de vanligste spanske preposisjonene og bruken av dem i ulike sammenhenger.<\/p>\n\n\n\n<h3 class=\"wp-block-heading\" id=\"h-8-tenses-subjunctive\">8. Tidsformer konjunktiv:<\/h3>\n\n\n\n<p>Den konjunktive stemningen brukes til \u00e5 uttrykke tvil, usikkerhet eller hypotetiske situasjoner. Studer b\u00f8yningsreglene for vanlige og uregelmessige verb i n\u00e5tid, fortid og fremtidig konjunktivtid for \u00e5 utvide dine uttrykksevner.<\/p>\n\n\n\n<h3 class=\"wp-block-heading\" id=\"h-9-tense-comparison\">9. Anspent sammenligning:<\/h3>\n\n\n\n<p>\u00c5 forst\u00e5 nyansene mellom forskjellige tider og stemninger vil hjelpe deg med \u00e5 velge riktig form for \u00e5 formidle meningen din. \u00d8v p\u00e5 \u00e5 sammenligne og kontrastere indikativ og <a href=\"https:\/\/talkpal.ai\/ja\/grammar_exercises\/konjunktiv-%e3%83%89%e3%82%a4%e3%83%84%e6%96%87%e6%b3%95%e3%81%ae%e6%bc%94%e7%bf%92\/\">konjunktiv<\/a> tid, s\u00e5 vel som de ulike preteritum, for \u00e5 f\u00e5 st\u00f8rre beherskelse av spr\u00e5ket.<\/p>\n\n\n\n<h3 class=\"wp-block-heading\" id=\"h-10-sentence-structure\">10. Setningsstruktur:<\/h3>\n\n\n\n<p>Til slutt, utforske forskjellige setningsstrukturer, inkludert enkle, sammensatte og komplekse setninger. L\u00e6r hvordan du bruker koordinerende og underordnede konjunksjoner for \u00e5 skape mer komplekse ideer og utvikle din evne til \u00e5 kommunisere effektivt p\u00e5 spansk.<\/p>\n<\/div><\/div>\n\r\n<section class=\"learnNavigationSection\">\r\n            \r\n        <a href=\"https:\/\/talkpal.ai\/no\/laer-spansk\/\">\r\n            <div class=\"learnNavigationWrapper\">\r\n                <div class=\"learnNavigationContent\">\r\n                    <img decoding=\"async\" src=\"https:\/\/talkpal.ai\/wp-content\/uploads\/2024\/08\/Spanish.jpg\" alt=\"Spanish Flag\">\r\n                    <div>\r\n                        <h4>Om spanskoppl\u00e6ring<\/h4>\r\n                        <p>Finn ut alt om spansk grammatikk.<\/p>\r\n                    <\/div>\r\n                <\/div>\r\n            <\/div>\r\n        <\/a>\r\n\r\n        \r\n        <a href=\"https:\/\/talkpal.ai\/no\/spansk-grammatikk\/\">\r\n            <div class=\"learnNavigationWrapper\">\r\n                <div class=\"learnNavigationContent\">\r\n                    <img decoding=\"async\" src=\"https:\/\/talkpal.ai\/wp-content\/uploads\/2024\/08\/Spanish.jpg\" alt=\"Spanish Flag\">\r\n                    <div>\r\n                        <h4>Spansk grammatikkundervisning<\/h4>\r\n                        <p>\u00d8v spansk grammatikk.<\/p>\r\n                    <\/div>\r\n                <\/div>\r\n            <\/div>\r\n        <\/a>\r\n\r\n        \r\n        <a href=\"https:\/\/talkpal.ai\/vocabulary_language\/spanish\/\">\r\n            <div class=\"learnNavigationWrapper\">\r\n                <div class=\"learnNavigationContent\">\r\n                    <img decoding=\"async\" src=\"https:\/\/talkpal.ai\/wp-content\/uploads\/2024\/08\/Spanish.jpg\" alt=\"Spanish Flag\">\r\n                    <div>\r\n                        <h4>Spansk ordforr\u00e5d<\/h4>\r\n                        <p>Utvid det spanske ordforr\u00e5det ditt.<\/p>\r\n                    <\/div>\r\n                <\/div>\r\n            <\/div>\r\n        <\/a>\r\n\r\n            <\/section>","protected":false},"excerpt":{"rendered":"<p>Spansk grammatikk-emner \u00c5 l\u00e6re et nytt spr\u00e5k kan v\u00e6re en spennende og givende innsats, og spansk er intet unntak. Som det nest mest talte spr\u00e5ket i verden kan det \u00e5pne for nye muligheter for reiser, arbeid og kulturell utveksling. Enten du er en nybegynner eller \u00f8nsker \u00e5 forbedre dine eksisterende ferdigheter, er det viktig \u00e5 [&hellip;]<\/p>\n","protected":false},"author":1,"featured_media":75282,"parent":0,"menu_order":0,"comment_status":"closed","ping_status":"closed","template":"LearningContentPage.php","meta":{"_acf_changed":false,"footnotes":""},"class_list":["post-131466","page","type-page","status-publish","has-post-thumbnail","hentry"],"acf":[],"yoast_head":"<!-- This site is optimized with the Yoast SEO Premium plugin v27.2 (Yoast SEO v27.2) - https:\/\/yoast.com\/product\/yoast-seo-premium-wordpress\/ -->\n<title>Spansk grammatikk\u00f8velser - Talkpal<\/title>\n<meta name=\"description\" content=\"Forbedre din spanske grammatikk med interaktive \u00f8velser designet for alle ferdighetsniv\u00e5er. \u00d8v p\u00e5 verb, setningsoppbygging, ordforr\u00e5d og mye mer!\" \/>\n<meta name=\"robots\" content=\"index, follow, max-snippet:-1, max-image-preview:large, max-video-preview:-1\" \/>\n<link rel=\"canonical\" href=\"https:\/\/talkpal.ai\/no\/spansk-grammatikkovelser\/\" \/>\n<meta property=\"og:locale\" content=\"nb_NO\" \/>\n<meta property=\"og:type\" content=\"article\" \/>\n<meta property=\"og:title\" content=\"Spansk grammatikk\u00f8velser\" \/>\n<meta property=\"og:description\" content=\"Spansk grammatikk-emner \u00c5 l\u00e6re et nytt spr\u00e5k kan v\u00e6re en spennende og givende innsats, og spansk er intet unntak. Som det nest mest talte spr\u00e5ket i verden\" \/>\n<meta property=\"og:url\" content=\"https:\/\/talkpal.ai\/no\/spansk-grammatikkovelser\/\" \/>\n<meta property=\"og:site_name\" content=\"Talkpal\" \/>\n<meta property=\"article:publisher\" content=\"https:\/\/www.facebook.com\/profile.php?id=100090733639311\" \/>\n<meta property=\"article:modified_time\" content=\"2025-12-17T16:37:23+00:00\" \/>\n<meta property=\"og:image\" content=\"https:\/\/talkpal.ai\/wp-content\/uploads\/2023\/03\/spain.png\" \/>\n\t<meta property=\"og:image:width\" content=\"512\" \/>\n\t<meta property=\"og:image:height\" content=\"512\" \/>\n\t<meta property=\"og:image:type\" content=\"image\/png\" \/>\n<meta name=\"twitter:card\" content=\"summary_large_image\" \/>\n<meta name=\"twitter:site\" content=\"@talkpalai\" \/>\n<meta name=\"twitter:label1\" content=\"Ansl. lesetid\" \/>\n\t<meta name=\"twitter:data1\" content=\"2 minutter\" \/>\n<script type=\"application\/ld+json\" class=\"yoast-schema-graph\">{\"@context\":\"https:\/\/schema.org\",\"@graph\":[{\"@type\":\"WebPage\",\"@id\":\"https:\/\/talkpal.ai\/no\/spansk-grammatikkovelser\/\",\"url\":\"https:\/\/talkpal.ai\/no\/spansk-grammatikkovelser\/\",\"name\":\"Spansk grammatikk\u00f8velser - Talkpal\",\"isPartOf\":{\"@id\":\"https:\/\/talkpal.ai\/no\/#website\"},\"primaryImageOfPage\":{\"@id\":\"https:\/\/talkpal.ai\/no\/spansk-grammatikkovelser\/#primaryimage\"},\"image\":{\"@id\":\"https:\/\/talkpal.ai\/no\/spansk-grammatikkovelser\/#primaryimage\"},\"thumbnailUrl\":\"https:\/\/talkpal.ai\/wp-content\/uploads\/2023\/03\/spain.png\",\"datePublished\":\"2023-06-15T07:00:21+00:00\",\"dateModified\":\"2025-12-17T16:37:23+00:00\",\"description\":\"Forbedre din spanske grammatikk med interaktive \u00f8velser designet for alle ferdighetsniv\u00e5er. \u00d8v p\u00e5 verb, setningsoppbygging, ordforr\u00e5d og mye mer!\",\"breadcrumb\":{\"@id\":\"https:\/\/talkpal.ai\/no\/spansk-grammatikkovelser\/#breadcrumb\"},\"inLanguage\":\"nb-NO\",\"potentialAction\":[{\"@type\":\"ReadAction\",\"target\":[\"https:\/\/talkpal.ai\/no\/spansk-grammatikkovelser\/\"]}]},{\"@type\":\"ImageObject\",\"inLanguage\":\"nb-NO\",\"@id\":\"https:\/\/talkpal.ai\/no\/spansk-grammatikkovelser\/#primaryimage\",\"url\":\"https:\/\/talkpal.ai\/wp-content\/uploads\/2023\/03\/spain.png\",\"contentUrl\":\"https:\/\/talkpal.ai\/wp-content\/uploads\/2023\/03\/spain.png\",\"width\":512,\"height\":512,\"caption\":\"TalkPal AI learn Spanish\"},{\"@type\":\"BreadcrumbList\",\"@id\":\"https:\/\/talkpal.ai\/no\/spansk-grammatikkovelser\/#breadcrumb\",\"itemListElement\":[{\"@type\":\"ListItem\",\"position\":1,\"name\":\"Homepage\",\"item\":\"https:\/\/talkpal.ai\/no\/\"},{\"@type\":\"ListItem\",\"position\":2,\"name\":\"Spansk grammatikk\u00f8velser\"}]},{\"@type\":\"WebSite\",\"@id\":\"https:\/\/talkpal.ai\/no\/#website\",\"url\":\"https:\/\/talkpal.ai\/no\/\",\"name\":\"Talkpal\",\"description\":\"AI Language Learning\",\"publisher\":{\"@id\":\"https:\/\/talkpal.ai\/no\/#organization\"},\"alternateName\":\"Talkpal AI\",\"potentialAction\":[{\"@type\":\"SearchAction\",\"target\":{\"@type\":\"EntryPoint\",\"urlTemplate\":\"https:\/\/talkpal.ai\/no\/?s={search_term_string}\"},\"query-input\":{\"@type\":\"PropertyValueSpecification\",\"valueRequired\":true,\"valueName\":\"search_term_string\"}}],\"inLanguage\":\"nb-NO\"},{\"@type\":\"Organization\",\"@id\":\"https:\/\/talkpal.ai\/no\/#organization\",\"name\":\"Talkpal, Inc.\",\"alternateName\":\"Talkpal AI\",\"url\":\"https:\/\/talkpal.ai\/no\/\",\"logo\":{\"@type\":\"ImageObject\",\"inLanguage\":\"nb-NO\",\"@id\":\"https:\/\/talkpal.ai\/no\/#\/schema\/logo\/image\/\",\"url\":\"https:\/\/talkpal.ai\/wp-content\/uploads\/2024\/03\/Talkpal-Logo-Icon.png\",\"contentUrl\":\"https:\/\/talkpal.ai\/wp-content\/uploads\/2024\/03\/Talkpal-Logo-Icon.png\",\"width\":2880,\"height\":2880,\"caption\":\"Talkpal, Inc.\"},\"image\":{\"@id\":\"https:\/\/talkpal.ai\/no\/#\/schema\/logo\/image\/\"},\"sameAs\":[\"https:\/\/www.facebook.com\/profile.php?id=100090733639311\",\"https:\/\/x.com\/talkpalai\",\"https:\/\/www.linkedin.com\/company\/talkpal\/\",\"https:\/\/www.youtube.com\/@TalkPal\/\",\"https:\/\/www.tiktok.com\/@talkpal\",\"https:\/\/www.instagram.com\/talkpal_ai\/\",\"https:\/\/www.crunchbase.com\/organization\/talkpal-9cde\",\"https:\/\/www.g2.com\/products\/talkpal-for-business\/\",\"https:\/\/www.trustpilot.com\/review\/talkpal.ai\",\"https:\/\/www.capterra.com\/p\/10006800\/TalkPal\/\"],\"description\":\"Talkpal is a language learning web and mobile education app, powered by the latest AI technologies, that provides engaging experiences to its customers in many different languages to help them improve their language skills. Users can chat about unlimited amount of topics with the app and use other modes to practice their language learning.\",\"email\":\"support@talkpal.ai\",\"legalName\":\"Talkpal, Inc.\",\"foundingDate\":\"2023-04-03\",\"duns\":\"118989042\",\"numberOfEmployees\":{\"@type\":\"QuantitativeValue\",\"minValue\":\"11\",\"maxValue\":\"50\"},\"publishingPrinciples\":\"https:\/\/talkpal.ai\/publishing-principles\/\",\"actionableFeedbackPolicy\":\"https:\/\/talkpal.ai\/actionable-feedback-policy\/\",\"correctionsPolicy\":\"https:\/\/talkpal.ai\/corrections-policy\/\",\"ethicsPolicy\":\"https:\/\/talkpal.ai\/ethics-policy\/\",\"diversityPolicy\":\"https:\/\/talkpal.ai\/diversity-policy\/\",\"diversityStaffingReport\":\"https:\/\/talkpal.ai\/diversity-policy\/\"}]}<\/script>\n<!-- \/ Yoast SEO Premium plugin. -->","yoast_head_json":{"title":"Spansk grammatikk\u00f8velser - Talkpal","description":"Forbedre din spanske grammatikk med interaktive \u00f8velser designet for alle ferdighetsniv\u00e5er. \u00d8v p\u00e5 verb, setningsoppbygging, ordforr\u00e5d og mye mer!","robots":{"index":"index","follow":"follow","max-snippet":"max-snippet:-1","max-image-preview":"max-image-preview:large","max-video-preview":"max-video-preview:-1"},"canonical":"https:\/\/talkpal.ai\/no\/spansk-grammatikkovelser\/","og_locale":"nb_NO","og_type":"article","og_title":"Spansk grammatikk\u00f8velser","og_description":"Spansk grammatikk-emner \u00c5 l\u00e6re et nytt spr\u00e5k kan v\u00e6re en spennende og givende innsats, og spansk er intet unntak. Som det nest mest talte spr\u00e5ket i verden","og_url":"https:\/\/talkpal.ai\/no\/spansk-grammatikkovelser\/","og_site_name":"Talkpal","article_publisher":"https:\/\/www.facebook.com\/profile.php?id=100090733639311","article_modified_time":"2025-12-17T16:37:23+00:00","og_image":[{"width":512,"height":512,"url":"https:\/\/talkpal.ai\/wp-content\/uploads\/2023\/03\/spain.png","type":"image\/png"}],"twitter_card":"summary_large_image","twitter_site":"@talkpalai","twitter_misc":{"Ansl. lesetid":"2 minutter"},"schema":{"@context":"https:\/\/schema.org","@graph":[{"@type":"WebPage","@id":"https:\/\/talkpal.ai\/no\/spansk-grammatikkovelser\/","url":"https:\/\/talkpal.ai\/no\/spansk-grammatikkovelser\/","name":"Spansk grammatikk\u00f8velser - Talkpal","isPartOf":{"@id":"https:\/\/talkpal.ai\/no\/#website"},"primaryImageOfPage":{"@id":"https:\/\/talkpal.ai\/no\/spansk-grammatikkovelser\/#primaryimage"},"image":{"@id":"https:\/\/talkpal.ai\/no\/spansk-grammatikkovelser\/#primaryimage"},"thumbnailUrl":"https:\/\/talkpal.ai\/wp-content\/uploads\/2023\/03\/spain.png","datePublished":"2023-06-15T07:00:21+00:00","dateModified":"2025-12-17T16:37:23+00:00","description":"Forbedre din spanske grammatikk med interaktive \u00f8velser designet for alle ferdighetsniv\u00e5er. \u00d8v p\u00e5 verb, setningsoppbygging, ordforr\u00e5d og mye mer!","breadcrumb":{"@id":"https:\/\/talkpal.ai\/no\/spansk-grammatikkovelser\/#breadcrumb"},"inLanguage":"nb-NO","potentialAction":[{"@type":"ReadAction","target":["https:\/\/talkpal.ai\/no\/spansk-grammatikkovelser\/"]}]},{"@type":"ImageObject","inLanguage":"nb-NO","@id":"https:\/\/talkpal.ai\/no\/spansk-grammatikkovelser\/#primaryimage","url":"https:\/\/talkpal.ai\/wp-content\/uploads\/2023\/03\/spain.png","contentUrl":"https:\/\/talkpal.ai\/wp-content\/uploads\/2023\/03\/spain.png","width":512,"height":512,"caption":"TalkPal AI learn Spanish"},{"@type":"BreadcrumbList","@id":"https:\/\/talkpal.ai\/no\/spansk-grammatikkovelser\/#breadcrumb","itemListElement":[{"@type":"ListItem","position":1,"name":"Homepage","item":"https:\/\/talkpal.ai\/no\/"},{"@type":"ListItem","position":2,"name":"Spansk grammatikk\u00f8velser"}]},{"@type":"WebSite","@id":"https:\/\/talkpal.ai\/no\/#website","url":"https:\/\/talkpal.ai\/no\/","name":"Talkpal","description":"AI Language Learning","publisher":{"@id":"https:\/\/talkpal.ai\/no\/#organization"},"alternateName":"Talkpal AI","potentialAction":[{"@type":"SearchAction","target":{"@type":"EntryPoint","urlTemplate":"https:\/\/talkpal.ai\/no\/?s={search_term_string}"},"query-input":{"@type":"PropertyValueSpecification","valueRequired":true,"valueName":"search_term_string"}}],"inLanguage":"nb-NO"},{"@type":"Organization","@id":"https:\/\/talkpal.ai\/no\/#organization","name":"Talkpal, Inc.","alternateName":"Talkpal AI","url":"https:\/\/talkpal.ai\/no\/","logo":{"@type":"ImageObject","inLanguage":"nb-NO","@id":"https:\/\/talkpal.ai\/no\/#\/schema\/logo\/image\/","url":"https:\/\/talkpal.ai\/wp-content\/uploads\/2024\/03\/Talkpal-Logo-Icon.png","contentUrl":"https:\/\/talkpal.ai\/wp-content\/uploads\/2024\/03\/Talkpal-Logo-Icon.png","width":2880,"height":2880,"caption":"Talkpal, Inc."},"image":{"@id":"https:\/\/talkpal.ai\/no\/#\/schema\/logo\/image\/"},"sameAs":["https:\/\/www.facebook.com\/profile.php?id=100090733639311","https:\/\/x.com\/talkpalai","https:\/\/www.linkedin.com\/company\/talkpal\/","https:\/\/www.youtube.com\/@TalkPal\/","https:\/\/www.tiktok.com\/@talkpal","https:\/\/www.instagram.com\/talkpal_ai\/","https:\/\/www.crunchbase.com\/organization\/talkpal-9cde","https:\/\/www.g2.com\/products\/talkpal-for-business\/","https:\/\/www.trustpilot.com\/review\/talkpal.ai","https:\/\/www.capterra.com\/p\/10006800\/TalkPal\/"],"description":"Talkpal is a language learning web and mobile education app, powered by the latest AI technologies, that provides engaging experiences to its customers in many different languages to help them improve their language skills. Users can chat about unlimited amount of topics with the app and use other modes to practice their language learning.","email":"support@talkpal.ai","legalName":"Talkpal, Inc.","foundingDate":"2023-04-03","duns":"118989042","numberOfEmployees":{"@type":"QuantitativeValue","minValue":"11","maxValue":"50"},"publishingPrinciples":"https:\/\/talkpal.ai\/publishing-principles\/","actionableFeedbackPolicy":"https:\/\/talkpal.ai\/actionable-feedback-policy\/","correctionsPolicy":"https:\/\/talkpal.ai\/corrections-policy\/","ethicsPolicy":"https:\/\/talkpal.ai\/ethics-policy\/","diversityPolicy":"https:\/\/talkpal.ai\/diversity-policy\/","diversityStaffingReport":"https:\/\/talkpal.ai\/diversity-policy\/"}]}},"_links":{"self":[{"href":"https:\/\/talkpal.ai\/no\/wp-json\/wp\/v2\/pages\/131466","targetHints":{"allow":["GET"]}}],"collection":[{"href":"https:\/\/talkpal.ai\/no\/wp-json\/wp\/v2\/pages"}],"about":[{"href":"https:\/\/talkpal.ai\/no\/wp-json\/wp\/v2\/types\/page"}],"author":[{"embeddable":true,"href":"https:\/\/talkpal.ai\/no\/wp-json\/wp\/v2\/users\/1"}],"replies":[{"embeddable":true,"href":"https:\/\/talkpal.ai\/no\/wp-json\/wp\/v2\/comments?post=131466"}],"version-history":[{"count":0,"href":"https:\/\/talkpal.ai\/no\/wp-json\/wp\/v2\/pages\/131466\/revisions"}],"wp:featuredmedia":[{"embeddable":true,"href":"https:\/\/talkpal.ai\/no\/wp-json\/wp\/v2\/media\/75282"}],"wp:attachment":[{"href":"https:\/\/talkpal.ai\/no\/wp-json\/wp\/v2\/media?parent=131466"}],"curies":[{"name":"wp","href":"https:\/\/api.w.org\/{rel}","templated":true}]}}