{"id":131187,"date":"2023-05-14T13:53:24","date_gmt":"2023-05-14T13:53:24","guid":{"rendered":"http:\/\/talkpal.ai\/ukrainsk-grammatikk\/"},"modified":"2025-12-11T16:36:05","modified_gmt":"2025-12-11T16:36:05","slug":"ukrainsk-grammatikk","status":"publish","type":"page","link":"https:\/\/talkpal.ai\/no\/ukrainsk-grammatikk\/","title":{"rendered":"Ukrainsk grammatikk"},"content":{"rendered":"\r\n\r\n\r\n<section class=\"languageChallengeSection\">\r\n    <div class=\"languageInfoWrapper\">\r\n        \r\n        <h1>Ukrainsk grammatikk<\/h1>\r\n        <p>Utforsk strukturen i det ukrainske spr\u00e5ket ved \u00e5 l\u00e6re deg de viktigste grammatikkreglene. \u00c5 beherske <a href=\"https:\/\/talkpal.ai\/no\/laer-ukrainsk\/\">ukrainsk grammatikk<\/a> vil hjelpe deg til \u00e5 kommunisere trygt og f\u00e5 en dypere kontakt med <a href=\"https:\/\/talkpal.ai\/learn-ukrainian\/\">ukrainsk<\/a> kultur og kulturarv. Begynn din ukrainske grammatikkreise i dag og ta det f\u00f8rste skrittet mot flytende spr\u00e5k!<\/p>\r\n\r\n                            <a class=\"getStartedHidden\" href=\"https:\/\/app.talkpal.ai\/no\/signup?lng=\">Kom i gang<\/a>\r\n        \r\n    <\/div>\r\n\r\n    <figure>\r\n    <img decoding=\"async\" width=\"768\" height=\"768\" src=\"https:\/\/talkpal.ai\/wp-content\/uploads\/2023\/06\/Ukrainian-768x768.png\" class=\"languageImage no-lazy\" alt=\"Language learning - Your doorway to the world\" fetchpriority=\"high\" sizes=\"(max-width: 768px) 150px, 768px\" srcset=\"https:\/\/talkpal.ai\/wp-content\/uploads\/2023\/06\/Ukrainian-768x768.png 768w, https:\/\/talkpal.ai\/wp-content\/uploads\/2023\/06\/Ukrainian-300x300.png 300w\" \/>\r\n    \r\n\r\n    <\/figure>\r\n\r\n            <a class=\"getStartedVisible\" href=\"https:\/\/app.talkpal.ai\/no\/signup?lng=\">Kom i gang<\/a>\r\n    \r\n<\/section>\r\n<section class=\"promotionalBanner\">\r\n    <p class=\"promotionalText\">Den mest effektive m\u00e5ten \u00e5 l\u00e6re et spr\u00e5k p\u00e5<\/p>\r\n    <a class=\"promotionalLink\" href=\"https:\/\/app.talkpal.ai\/no\/signup?lng=\">Pr\u00f8v Talkpal gratis<\/a>\r\n<\/section>\n<div class=\"wp-block-group pageContainerStyle\"><div class=\"wp-block-group__inner-container is-layout-constrained wp-block-group-is-layout-constrained\">\n<h2 class=\"wp-block-heading\" id=\"h-a-comprehensive-guide-to-mastering-ukrainian-grammar\">En omfattende guide for \u00e5 mestre ukrainsk grammatikk<\/h2>\n\n\n\n<p><a href=\"https:\/\/talkpal.ai\/learn-ukrainian\/\">Ukrainsk<\/a>, et vakkert og melodisk spr\u00e5k, har f\u00e5tt \u00f8kende interesse fra <a href=\"https:\/\/talkpal.ai\/talkpal-discount-for-language-enthusiasts\/\">spr\u00e5kentusiaster<\/a> over hele verden. \u00c5 l\u00e6re ukrainsk gir deg tilgang til en rik kulturarv og gj\u00f8r deg i stand til \u00e5 kommunisere med millioner av mennesker i Ukraina og nabolandene. Selv om det kan f\u00f8les skremmende \u00e5 dykke inn i ukrainsk <a href=\"https:\/\/talkpal.ai\/grammar\/\">grammatikk<\/a> i begynnelsen, vil det \u00e5 ha et sterkt fundament i det la deg utforske nyansene i spr\u00e5ket og fullt ut sette pris p\u00e5 dets skj\u00f8nnhet. Denne artikkelen vil veilede deg trinn for trinn gjennom ukrainsk grammatikk, og utruste deg til \u00e5 starte spr\u00e5kreisen med sikkerhet.<\/p>\n\n\n\n<h3 class=\"wp-block-heading\" id=\"h-1-mastering-ukrainian-nouns-and-cases\">1. Mestring av ukrainske substantiver og kasus<\/h3>\n\n\n\n<p>Et sentralt trekk ved ukrainsk grammatikk er kasussystemet. N\u00e5r du bruker substantiver, m\u00e5 du vite kj\u00f8nnet deres (maskulint, feminint eller intetkj\u00f8nn), og v\u00e6re klar over konteksten som kan kreve en endring i endelsene deres. Det ukrainske spr\u00e5ket har syv tilfeller:<\/p>\n\n\n\n<p>&#8211; Nominativ: subjektet i en setning<\/p>\n\n\n\n<p>&#8211; Genitiv: indikerer besittelse, mengde og negasjon<\/p>\n\n\n\n<p>&#8211; Dativ: indirekte objekt eller bevegelse mot et m\u00e5l<\/p>\n\n\n\n<p>&#8211; Akkusativ: direkte objekt eller bevegelse rettet mot noe<\/p>\n\n\n\n<p>&#8211; Instrumental: betegner middel eller instrument for handling<\/p>\n\n\n\n<p>&#8211; Lokativ: angir sted<\/p>\n\n\n\n<p>&#8211; Vokativ: brukes for \u00e5 henvende seg til eller rope p\u00e5 noen<\/p>\n\n\n\n<p>Du m\u00e5 v\u00e6re oppmerksom p\u00e5 substantivets endelser og b\u00f8yninger, ettersom de endres avhengig av kasus, substantivets kj\u00f8nn og tall.<\/p>\n\n\n\n<h3 class=\"wp-block-heading\" id=\"h-2-navigating-the-ukrainian-verb-system\">2. Navigere i det ukrainske verbsystemet<\/h3>\n\n\n\n<p>Ukrainske verb er b\u00f8yet basert p\u00e5 person, tall, tid, stemning og stemme. P\u00e5 ukrainsk er det fire aspekter av verb &#8211; perfektiv, imperfektiv, iterativ og inceptiv:<\/p>\n\n\n\n<p>&#8211; Perfektiv: betegner fullf\u00f8rte handlinger<\/p>\n\n\n\n<p>&#8211; Imperfektiv: beskriver p\u00e5g\u00e5ende, vanemessige eller gjentatte handlinger<\/p>\n\n\n\n<p>&#8211; Iterativ: formidler handlinger som gjentas i et spesifisert intervall<\/p>\n\n\n\n<p>&#8211; Inceptiv: indikerer begynnelsen p\u00e5 en handling<\/p>\n\n\n\n<p>For \u00e5 navigere i det ukrainske verbsystemet, b\u00f8r du gj\u00f8re deg kjent med de tre grunnleggende verb-konjugasjonene. B\u00f8yningsprosessen inneb\u00e6rer \u00e5 endre endene p\u00e5 verbroten i henhold til tid, stemning og emne.<\/p>\n\n\n\n<h3 class=\"wp-block-heading\" id=\"h-3-perfecting-ukrainian-adjectives-and-pronouns\">3. perfeksjonere ukrainske adjektiver og pronomen<\/h3>\n\n\n\n<p>Adjektiver p\u00e5 ukrainsk m\u00e5 stemme overens med substantivet de beskriver, i kj\u00f8nn, tall og kasus. Dette betyr at n\u00e5r du bruker et adjektiv, m\u00e5 du v\u00e6re oppmerksom p\u00e5 endelsene, <a href=\"https:\/\/talkpal.ai\/culture\/how-do-you-use-the-conjunction-da-de\/\">da de<\/a> vil endres for \u00e5 justere med substantivet. I tillegg kan adjektiver p\u00e5 ukrainsk v\u00e6re enten lange eller korte former, der hver har sin bruk avhengig av konteksten.<\/p>\n\n\n\n<p>Pronomen brukes i stedet for substantiv og m\u00e5 ogs\u00e5 stemme overens med substantivet de erstatter, i kj\u00f8nn, tall og kasus. Personlige pronomen p\u00e5 ukrainsk inkluderer &laquo;\u044f&raquo; (jeg), &laquo;\u0442\u0438&raquo; (du, entall), &laquo;\u0432\u0456\u043d\/\u0432\u043e\u043d\u0430\/\u0432\u043e\u043d\u043e&raquo; (han\/hun\/det), &laquo;\u043c\u0438&raquo; (vi), &laquo;\u0432\u0438&raquo; (du, flertall eller formell) og &laquo;\u0432\u043e\u043d\u0438&raquo; (de). Det er ogs\u00e5 besittende, demonstrative og relative pronomen p\u00e5 ukrainsk.<\/p>\n\n\n\n<h3 class=\"wp-block-heading\" id=\"h-4-putting-it-all-together-sentence-structure\">4. Sette alt sammen: Setningsstruktur<\/h3>\n\n\n\n<p>Ukrainsk f\u00f8lger setningsstrukturen subjekt-verb-objekt (SVO), som ligner p\u00e5 <a href=\"https:\/\/talkpal.ai\/learn-english-with-ai\/\">engelsk<\/a>. Imidlertid, i motsetning til engelsk, har ukrainsk mer fleksibilitet i ordrekkef\u00f8lge p\u00e5 grunn av kasussystemet. Denne fleksibiliteten gj\u00f8r det mulig for h\u00f8yttalere \u00e5 legge vekt p\u00e5 spesifikke ord eller ideer ved \u00e5 plassere dem i ulike posisjoner i en setning. Selv om det kan ta tid \u00e5 <a href=\"https:\/\/talkpal.ai\/locations\/language-courses-in-mestre\/\">mestre<\/a> denne allsidigheten, gj\u00f8r det deg i stand til \u00e5 uttrykke deg mer kunstnerisk og flytende p\u00e5 ukrainsk.<\/p>\n\n\n\n<h3 class=\"wp-block-heading\" id=\"h-conclusion\">Konklusjon<\/h3>\n\n\n\n<p>N\u00e5r du legger ut p\u00e5 din ukrainske spr\u00e5kreise, husk at det \u00e5 bli flytende i grammatikken krever \u00f8velse og utholdenhet. Gj\u00f8r deg kjent med de ulike aspektene ved ukrainsk grammatikk gradvis, fra substantiv og kasus til verb og setningsstruktur. Nyt l\u00e6ringsprosessen og nyt skj\u00f8nnheten og uttrykksevnen til det ukrainske spr\u00e5ket. \u0412\u0434\u0430\u0447\u0456! (Lykke til!)<\/p>\n<\/div><\/div>\n\r\n<section class=\"learnNavigationSection\">\r\n            \r\n        <a href=\"https:\/\/talkpal.ai\/no\/laer-ukrainsk\/\">\r\n            <div class=\"learnNavigationWrapper\">\r\n                <div class=\"learnNavigationContent\">\r\n                    <img decoding=\"async\" src=\"https:\/\/talkpal.ai\/wp-content\/uploads\/2024\/08\/Ukrainian.jpg\" alt=\"Ukrainian Flag\">\r\n                    <div>\r\n                        <h4>Om ukrainsk l\u00e6ring<\/h4>\r\n                        <p>Finn ut alt om ukrainsk grammatikk.<\/p>\r\n                    <\/div>\r\n                <\/div>\r\n            <\/div>\r\n        <\/a>\r\n\r\n        \r\n        <a href=\"https:\/\/talkpal.ai\/no\/ukrainske-grammatikkovelser\/\">\r\n            <div class=\"learnNavigationWrapper\">\r\n                <div class=\"learnNavigationContent\">\r\n                    <img decoding=\"async\" src=\"https:\/\/talkpal.ai\/wp-content\/uploads\/2024\/08\/Ukrainian.jpg\" alt=\"Ukrainian Flag\">\r\n                    <div>\r\n                        <h4>Ukrainsk grammatikk\u00f8velse<\/h4>\r\n                        <p>\u00d8v p\u00e5 ukrainsk grammatikk.<\/p>\r\n                    <\/div>\r\n                <\/div>\r\n            <\/div>\r\n        <\/a>\r\n\r\n        \r\n        <a href=\"https:\/\/talkpal.ai\/vocabulary_language\/ukrainian\/\">\r\n            <div class=\"learnNavigationWrapper\">\r\n                <div class=\"learnNavigationContent\">\r\n                    <img decoding=\"async\" src=\"https:\/\/talkpal.ai\/wp-content\/uploads\/2024\/08\/Ukrainian.jpg\" alt=\"Ukrainian Flag\">\r\n                    <div>\r\n                        <h4>Ukrainsk ordforr\u00e5d<\/h4>\r\n                        <p>Utvid det ukrainske ordforr\u00e5det ditt.<\/p>\r\n                    <\/div>\r\n                <\/div>\r\n            <\/div>\r\n        <\/a>\r\n\r\n            <\/section>","protected":false},"excerpt":{"rendered":"<p>En omfattende guide for \u00e5 mestre ukrainsk grammatikk Ukrainsk, et vakkert og melodisk spr\u00e5k, har f\u00e5tt \u00f8kende interesse fra spr\u00e5kentusiaster over hele verden. \u00c5 l\u00e6re ukrainsk gir deg tilgang til en rik kulturarv og gj\u00f8r deg i stand til \u00e5 kommunisere med millioner av mennesker i Ukraina og nabolandene. Selv om det kan f\u00f8les skremmende [&hellip;]<\/p>\n","protected":false},"author":1,"featured_media":108524,"parent":0,"menu_order":0,"comment_status":"closed","ping_status":"closed","template":"LearningContentPage.php","meta":{"_acf_changed":false,"footnotes":""},"class_list":["post-131187","page","type-page","status-publish","has-post-thumbnail","hentry"],"acf":[],"yoast_head":"<!-- This site is optimized with the Yoast SEO Premium plugin v27.2 (Yoast SEO v27.2) - https:\/\/yoast.com\/product\/yoast-seo-premium-wordpress\/ -->\n<title>Ukrainsk grammatikk - Talkpal<\/title>\n<meta name=\"description\" content=\"L\u00e6r deg mer om ukrainsk grammatikk med viktige tips og innsikt for \u00e5 forbedre spr\u00e5koppl\u00e6ringen din.\" \/>\n<meta name=\"robots\" content=\"index, follow, max-snippet:-1, max-image-preview:large, max-video-preview:-1\" \/>\n<link rel=\"canonical\" href=\"https:\/\/talkpal.ai\/no\/ukrainsk-grammatikk\/\" \/>\n<meta property=\"og:locale\" content=\"nb_NO\" \/>\n<meta property=\"og:type\" content=\"article\" \/>\n<meta property=\"og:title\" content=\"Ukrainsk grammatikk\" \/>\n<meta property=\"og:description\" content=\"En omfattende guide for \u00e5 mestre ukrainsk grammatikk Ukrainsk, et vakkert og melodisk spr\u00e5k, har f\u00e5tt \u00f8kende interesse fra spr\u00e5kentusiaster over hele\" \/>\n<meta property=\"og:url\" content=\"https:\/\/talkpal.ai\/no\/ukrainsk-grammatikk\/\" \/>\n<meta property=\"og:site_name\" content=\"Talkpal\" \/>\n<meta property=\"article:publisher\" content=\"https:\/\/www.facebook.com\/profile.php?id=100090733639311\" \/>\n<meta property=\"article:modified_time\" content=\"2025-12-11T16:36:05+00:00\" \/>\n<meta property=\"og:image\" content=\"https:\/\/talkpal.ai\/wp-content\/uploads\/2023\/04\/ukraine.png\" \/>\n\t<meta property=\"og:image:width\" content=\"512\" \/>\n\t<meta property=\"og:image:height\" content=\"512\" \/>\n\t<meta property=\"og:image:type\" content=\"image\/png\" \/>\n<meta name=\"twitter:card\" content=\"summary_large_image\" \/>\n<meta name=\"twitter:site\" content=\"@talkpalai\" \/>\n<meta name=\"twitter:label1\" content=\"Ansl. lesetid\" \/>\n\t<meta name=\"twitter:data1\" content=\"3 minutter\" \/>\n<script type=\"application\/ld+json\" class=\"yoast-schema-graph\">{\"@context\":\"https:\/\/schema.org\",\"@graph\":[{\"@type\":\"WebPage\",\"@id\":\"https:\/\/talkpal.ai\/no\/ukrainsk-grammatikk\/\",\"url\":\"https:\/\/talkpal.ai\/no\/ukrainsk-grammatikk\/\",\"name\":\"Ukrainsk grammatikk - Talkpal\",\"isPartOf\":{\"@id\":\"https:\/\/talkpal.ai\/no\/#website\"},\"primaryImageOfPage\":{\"@id\":\"https:\/\/talkpal.ai\/no\/ukrainsk-grammatikk\/#primaryimage\"},\"image\":{\"@id\":\"https:\/\/talkpal.ai\/no\/ukrainsk-grammatikk\/#primaryimage\"},\"thumbnailUrl\":\"https:\/\/talkpal.ai\/wp-content\/uploads\/2023\/04\/ukraine.png\",\"datePublished\":\"2023-05-14T13:53:24+00:00\",\"dateModified\":\"2025-12-11T16:36:05+00:00\",\"description\":\"L\u00e6r deg mer om ukrainsk grammatikk med viktige tips og innsikt for \u00e5 forbedre spr\u00e5koppl\u00e6ringen din.\",\"breadcrumb\":{\"@id\":\"https:\/\/talkpal.ai\/no\/ukrainsk-grammatikk\/#breadcrumb\"},\"inLanguage\":\"nb-NO\",\"potentialAction\":[{\"@type\":\"ReadAction\",\"target\":[\"https:\/\/talkpal.ai\/no\/ukrainsk-grammatikk\/\"]}]},{\"@type\":\"ImageObject\",\"inLanguage\":\"nb-NO\",\"@id\":\"https:\/\/talkpal.ai\/no\/ukrainsk-grammatikk\/#primaryimage\",\"url\":\"https:\/\/talkpal.ai\/wp-content\/uploads\/2023\/04\/ukraine.png\",\"contentUrl\":\"https:\/\/talkpal.ai\/wp-content\/uploads\/2023\/04\/ukraine.png\",\"width\":512,\"height\":512,\"caption\":\"TalkPal Ukrainian Flag\"},{\"@type\":\"BreadcrumbList\",\"@id\":\"https:\/\/talkpal.ai\/no\/ukrainsk-grammatikk\/#breadcrumb\",\"itemListElement\":[{\"@type\":\"ListItem\",\"position\":1,\"name\":\"Homepage\",\"item\":\"https:\/\/talkpal.ai\/no\/\"},{\"@type\":\"ListItem\",\"position\":2,\"name\":\"Ukrainsk grammatikk\"}]},{\"@type\":\"WebSite\",\"@id\":\"https:\/\/talkpal.ai\/no\/#website\",\"url\":\"https:\/\/talkpal.ai\/no\/\",\"name\":\"Talkpal\",\"description\":\"AI Language Learning\",\"publisher\":{\"@id\":\"https:\/\/talkpal.ai\/no\/#organization\"},\"alternateName\":\"Talkpal AI\",\"potentialAction\":[{\"@type\":\"SearchAction\",\"target\":{\"@type\":\"EntryPoint\",\"urlTemplate\":\"https:\/\/talkpal.ai\/no\/?s={search_term_string}\"},\"query-input\":{\"@type\":\"PropertyValueSpecification\",\"valueRequired\":true,\"valueName\":\"search_term_string\"}}],\"inLanguage\":\"nb-NO\"},{\"@type\":\"Organization\",\"@id\":\"https:\/\/talkpal.ai\/no\/#organization\",\"name\":\"Talkpal, Inc.\",\"alternateName\":\"Talkpal AI\",\"url\":\"https:\/\/talkpal.ai\/no\/\",\"logo\":{\"@type\":\"ImageObject\",\"inLanguage\":\"nb-NO\",\"@id\":\"https:\/\/talkpal.ai\/no\/#\/schema\/logo\/image\/\",\"url\":\"https:\/\/talkpal.ai\/wp-content\/uploads\/2024\/03\/Talkpal-Logo-Icon.png\",\"contentUrl\":\"https:\/\/talkpal.ai\/wp-content\/uploads\/2024\/03\/Talkpal-Logo-Icon.png\",\"width\":2880,\"height\":2880,\"caption\":\"Talkpal, Inc.\"},\"image\":{\"@id\":\"https:\/\/talkpal.ai\/no\/#\/schema\/logo\/image\/\"},\"sameAs\":[\"https:\/\/www.facebook.com\/profile.php?id=100090733639311\",\"https:\/\/x.com\/talkpalai\",\"https:\/\/www.linkedin.com\/company\/talkpal\/\",\"https:\/\/www.youtube.com\/@TalkPal\/\",\"https:\/\/www.tiktok.com\/@talkpal\",\"https:\/\/www.instagram.com\/talkpal_ai\/\",\"https:\/\/www.crunchbase.com\/organization\/talkpal-9cde\",\"https:\/\/www.g2.com\/products\/talkpal-for-business\/\",\"https:\/\/www.trustpilot.com\/review\/talkpal.ai\",\"https:\/\/www.capterra.com\/p\/10006800\/TalkPal\/\"],\"description\":\"Talkpal is a language learning web and mobile education app, powered by the latest AI technologies, that provides engaging experiences to its customers in many different languages to help them improve their language skills. Users can chat about unlimited amount of topics with the app and use other modes to practice their language learning.\",\"email\":\"support@talkpal.ai\",\"legalName\":\"Talkpal, Inc.\",\"foundingDate\":\"2023-04-03\",\"duns\":\"118989042\",\"numberOfEmployees\":{\"@type\":\"QuantitativeValue\",\"minValue\":\"11\",\"maxValue\":\"50\"},\"publishingPrinciples\":\"https:\/\/talkpal.ai\/publishing-principles\/\",\"actionableFeedbackPolicy\":\"https:\/\/talkpal.ai\/actionable-feedback-policy\/\",\"correctionsPolicy\":\"https:\/\/talkpal.ai\/corrections-policy\/\",\"ethicsPolicy\":\"https:\/\/talkpal.ai\/ethics-policy\/\",\"diversityPolicy\":\"https:\/\/talkpal.ai\/diversity-policy\/\",\"diversityStaffingReport\":\"https:\/\/talkpal.ai\/diversity-policy\/\"}]}<\/script>\n<!-- \/ Yoast SEO Premium plugin. -->","yoast_head_json":{"title":"Ukrainsk grammatikk - Talkpal","description":"L\u00e6r deg mer om ukrainsk grammatikk med viktige tips og innsikt for \u00e5 forbedre spr\u00e5koppl\u00e6ringen din.","robots":{"index":"index","follow":"follow","max-snippet":"max-snippet:-1","max-image-preview":"max-image-preview:large","max-video-preview":"max-video-preview:-1"},"canonical":"https:\/\/talkpal.ai\/no\/ukrainsk-grammatikk\/","og_locale":"nb_NO","og_type":"article","og_title":"Ukrainsk grammatikk","og_description":"En omfattende guide for \u00e5 mestre ukrainsk grammatikk Ukrainsk, et vakkert og melodisk spr\u00e5k, har f\u00e5tt \u00f8kende interesse fra spr\u00e5kentusiaster over hele","og_url":"https:\/\/talkpal.ai\/no\/ukrainsk-grammatikk\/","og_site_name":"Talkpal","article_publisher":"https:\/\/www.facebook.com\/profile.php?id=100090733639311","article_modified_time":"2025-12-11T16:36:05+00:00","og_image":[{"width":512,"height":512,"url":"https:\/\/talkpal.ai\/wp-content\/uploads\/2023\/04\/ukraine.png","type":"image\/png"}],"twitter_card":"summary_large_image","twitter_site":"@talkpalai","twitter_misc":{"Ansl. lesetid":"3 minutter"},"schema":{"@context":"https:\/\/schema.org","@graph":[{"@type":"WebPage","@id":"https:\/\/talkpal.ai\/no\/ukrainsk-grammatikk\/","url":"https:\/\/talkpal.ai\/no\/ukrainsk-grammatikk\/","name":"Ukrainsk grammatikk - Talkpal","isPartOf":{"@id":"https:\/\/talkpal.ai\/no\/#website"},"primaryImageOfPage":{"@id":"https:\/\/talkpal.ai\/no\/ukrainsk-grammatikk\/#primaryimage"},"image":{"@id":"https:\/\/talkpal.ai\/no\/ukrainsk-grammatikk\/#primaryimage"},"thumbnailUrl":"https:\/\/talkpal.ai\/wp-content\/uploads\/2023\/04\/ukraine.png","datePublished":"2023-05-14T13:53:24+00:00","dateModified":"2025-12-11T16:36:05+00:00","description":"L\u00e6r deg mer om ukrainsk grammatikk med viktige tips og innsikt for \u00e5 forbedre spr\u00e5koppl\u00e6ringen din.","breadcrumb":{"@id":"https:\/\/talkpal.ai\/no\/ukrainsk-grammatikk\/#breadcrumb"},"inLanguage":"nb-NO","potentialAction":[{"@type":"ReadAction","target":["https:\/\/talkpal.ai\/no\/ukrainsk-grammatikk\/"]}]},{"@type":"ImageObject","inLanguage":"nb-NO","@id":"https:\/\/talkpal.ai\/no\/ukrainsk-grammatikk\/#primaryimage","url":"https:\/\/talkpal.ai\/wp-content\/uploads\/2023\/04\/ukraine.png","contentUrl":"https:\/\/talkpal.ai\/wp-content\/uploads\/2023\/04\/ukraine.png","width":512,"height":512,"caption":"TalkPal Ukrainian Flag"},{"@type":"BreadcrumbList","@id":"https:\/\/talkpal.ai\/no\/ukrainsk-grammatikk\/#breadcrumb","itemListElement":[{"@type":"ListItem","position":1,"name":"Homepage","item":"https:\/\/talkpal.ai\/no\/"},{"@type":"ListItem","position":2,"name":"Ukrainsk grammatikk"}]},{"@type":"WebSite","@id":"https:\/\/talkpal.ai\/no\/#website","url":"https:\/\/talkpal.ai\/no\/","name":"Talkpal","description":"AI Language Learning","publisher":{"@id":"https:\/\/talkpal.ai\/no\/#organization"},"alternateName":"Talkpal AI","potentialAction":[{"@type":"SearchAction","target":{"@type":"EntryPoint","urlTemplate":"https:\/\/talkpal.ai\/no\/?s={search_term_string}"},"query-input":{"@type":"PropertyValueSpecification","valueRequired":true,"valueName":"search_term_string"}}],"inLanguage":"nb-NO"},{"@type":"Organization","@id":"https:\/\/talkpal.ai\/no\/#organization","name":"Talkpal, Inc.","alternateName":"Talkpal AI","url":"https:\/\/talkpal.ai\/no\/","logo":{"@type":"ImageObject","inLanguage":"nb-NO","@id":"https:\/\/talkpal.ai\/no\/#\/schema\/logo\/image\/","url":"https:\/\/talkpal.ai\/wp-content\/uploads\/2024\/03\/Talkpal-Logo-Icon.png","contentUrl":"https:\/\/talkpal.ai\/wp-content\/uploads\/2024\/03\/Talkpal-Logo-Icon.png","width":2880,"height":2880,"caption":"Talkpal, Inc."},"image":{"@id":"https:\/\/talkpal.ai\/no\/#\/schema\/logo\/image\/"},"sameAs":["https:\/\/www.facebook.com\/profile.php?id=100090733639311","https:\/\/x.com\/talkpalai","https:\/\/www.linkedin.com\/company\/talkpal\/","https:\/\/www.youtube.com\/@TalkPal\/","https:\/\/www.tiktok.com\/@talkpal","https:\/\/www.instagram.com\/talkpal_ai\/","https:\/\/www.crunchbase.com\/organization\/talkpal-9cde","https:\/\/www.g2.com\/products\/talkpal-for-business\/","https:\/\/www.trustpilot.com\/review\/talkpal.ai","https:\/\/www.capterra.com\/p\/10006800\/TalkPal\/"],"description":"Talkpal is a language learning web and mobile education app, powered by the latest AI technologies, that provides engaging experiences to its customers in many different languages to help them improve their language skills. Users can chat about unlimited amount of topics with the app and use other modes to practice their language learning.","email":"support@talkpal.ai","legalName":"Talkpal, Inc.","foundingDate":"2023-04-03","duns":"118989042","numberOfEmployees":{"@type":"QuantitativeValue","minValue":"11","maxValue":"50"},"publishingPrinciples":"https:\/\/talkpal.ai\/publishing-principles\/","actionableFeedbackPolicy":"https:\/\/talkpal.ai\/actionable-feedback-policy\/","correctionsPolicy":"https:\/\/talkpal.ai\/corrections-policy\/","ethicsPolicy":"https:\/\/talkpal.ai\/ethics-policy\/","diversityPolicy":"https:\/\/talkpal.ai\/diversity-policy\/","diversityStaffingReport":"https:\/\/talkpal.ai\/diversity-policy\/"}]}},"_links":{"self":[{"href":"https:\/\/talkpal.ai\/no\/wp-json\/wp\/v2\/pages\/131187","targetHints":{"allow":["GET"]}}],"collection":[{"href":"https:\/\/talkpal.ai\/no\/wp-json\/wp\/v2\/pages"}],"about":[{"href":"https:\/\/talkpal.ai\/no\/wp-json\/wp\/v2\/types\/page"}],"author":[{"embeddable":true,"href":"https:\/\/talkpal.ai\/no\/wp-json\/wp\/v2\/users\/1"}],"replies":[{"embeddable":true,"href":"https:\/\/talkpal.ai\/no\/wp-json\/wp\/v2\/comments?post=131187"}],"version-history":[{"count":0,"href":"https:\/\/talkpal.ai\/no\/wp-json\/wp\/v2\/pages\/131187\/revisions"}],"wp:featuredmedia":[{"embeddable":true,"href":"https:\/\/talkpal.ai\/no\/wp-json\/wp\/v2\/media\/108524"}],"wp:attachment":[{"href":"https:\/\/talkpal.ai\/no\/wp-json\/wp\/v2\/media?parent=131187"}],"curies":[{"name":"wp","href":"https:\/\/api.w.org\/{rel}","templated":true}]}}