{"id":130794,"date":"2023-05-14T13:53:07","date_gmt":"2023-05-14T13:53:07","guid":{"rendered":"http:\/\/talkpal.ai\/svensk-grammatikk\/"},"modified":"2025-12-11T16:32:18","modified_gmt":"2025-12-11T16:32:18","slug":"svensk-grammatikk","status":"publish","type":"page","link":"https:\/\/talkpal.ai\/no\/svensk-grammatikk\/","title":{"rendered":"Svensk grammatikk"},"content":{"rendered":"\r\n\r\n\r\n<section class=\"languageChallengeSection\">\r\n    <div class=\"languageInfoWrapper\">\r\n        \r\n        <h1>Svensk grammatikk<\/h1>\r\n        <p>L\u00e6r deg det svenske spr\u00e5kets skj\u00f8nnhet ved \u00e5 l\u00e6re deg de viktigste grammatikkreglene. En solid forst\u00e5else av <a href=\"https:\/\/talkpal.ai\/swedish-grammar\/\">svensk grammatikk<\/a> vil gj\u00f8re deg i stand til \u00e5 kommunisere trygt og f\u00e5 kontakt med den svenske kulturen. Begynn \u00e5 l\u00e6re <a href=\"https:\/\/talkpal.ai\/learn-swedish\/\">svensk<\/a> <a href=\"https:\/\/talkpal.ai\/grammar\/\">grammatikk<\/a> i dag og ta det f\u00f8rste skrittet mot flytende spr\u00e5k!<\/p>\r\n\r\n                            <a class=\"getStartedHidden\" href=\"https:\/\/app.talkpal.ai\/no\/signup?lng=\">Kom i gang<\/a>\r\n        \r\n    <\/div>\r\n\r\n    <figure>\r\n    <img decoding=\"async\" width=\"768\" height=\"768\" src=\"https:\/\/talkpal.ai\/wp-content\/uploads\/2023\/06\/swedish-768x768.png\" class=\"languageImage no-lazy\" alt=\"Language learning for improved concentration\" fetchpriority=\"high\" sizes=\"(max-width: 768px) 150px, 768px\" srcset=\"https:\/\/talkpal.ai\/wp-content\/uploads\/2023\/06\/swedish-768x768.png 768w, https:\/\/talkpal.ai\/wp-content\/uploads\/2023\/06\/swedish-300x300.png 300w\" \/>\r\n    \r\n\r\n    <\/figure>\r\n\r\n            <a class=\"getStartedVisible\" href=\"https:\/\/app.talkpal.ai\/no\/signup?lng=\">Kom i gang<\/a>\r\n    \r\n<\/section>\r\n<section class=\"promotionalBanner\">\r\n    <p class=\"promotionalText\">Den mest effektive m\u00e5ten \u00e5 l\u00e6re et spr\u00e5k p\u00e5<\/p>\r\n    <a class=\"promotionalLink\" href=\"https:\/\/app.talkpal.ai\/no\/signup?lng=\">Pr\u00f8v Talkpal gratis<\/a>\r\n<\/section>\n<div class=\"wp-block-group pageContainerStyle\"><div class=\"wp-block-group__inner-container is-layout-constrained wp-block-group-is-layout-constrained\">\n<h2 class=\"wp-block-heading\" id=\"h-demystifying-swedish-grammar-a-comprehensive-guide-to-master-its-rules-and-nuances\">Avmystifiserende svensk grammatikk: En omfattende guide for \u00e5 mestre dens regler og nyanser<\/h2>\n\n\n\n<p><a href=\"https:\/\/talkpal.ai\/learn-swedish\/\">Svensk<\/a>, som snakkes av omtrent 10 millioner mennesker, er et rikt og melodisk spr\u00e5k som tilh\u00f8rer den nordgermanske familien. Selv om svensk grammatikk er relativt enkel sammenlignet med noen andre spr\u00e5k, er det \u00e5 forst\u00e5 reglene og strukturen n\u00f8kkelen til \u00e5 forbedre spr\u00e5kkunnskapene dine. I denne artikkelen g\u00e5r vi gjennom de grunnleggende aspektene ved svensk grammatikk og gir deg nyttige tips for \u00e5 forbedre dine ferdigheter i svensk.<\/p>\n\n\n\n<h3 class=\"wp-block-heading\" id=\"h-essential-components-of-swedish-grammar\">Viktige komponenter i svensk grammatikk:<\/h3>\n\n\n\n<p>Svensk grammatikk deler likheter med <a href=\"https:\/\/talkpal.ai\/no\/effektiv-engelskopplaering-laer-engelsk-raskt-og-enkelt\/\">engelsk grammatikk<\/a>, noe som gj\u00f8r det lettere for <a href=\"https:\/\/talkpal.ai\/english-speaking-course\/\">engelsktalende<\/a> \u00e5 fange opp. Her er noen kritiske aspekter ved svensk grammatikk som er verdt \u00e5 gj\u00f8re deg kjent med:<\/p>\n\n\n\n<p><strong>1. Substantiv:<\/strong> Svenske substantiv er delt inn i to grammatiske kj\u00f8nn: vanlige (en) og intetkj\u00f8nn (ett). Hvert substantiv tilh\u00f8rer en av disse kategoriene, noe som er viktig \u00e5 vurdere n\u00e5r du bruker ubestemte og bestemte artikler. Svenske substantiv har ogs\u00e5 flertallsformer, med flere distinkte m\u00f8nstre \u00e5 huske.<\/p>\n\n\n\n<p><strong>2. Adjektiver:<\/strong> Adjektiver i svensk samsvarer med substantivets kj\u00f8nn. Avhengig av kj\u00f8nnet p\u00e5 substantivet, er det tre former for adjektiver: positiv, komparativ og superlativ. Adjektiver stemmer ogs\u00e5 overens i antall (entall eller flertall).<\/p>\n\n\n\n<p><strong>3. Verb:<\/strong> Svenske verb er klassifisert i fire grupper, hver med sitt b\u00f8yningsm\u00f8nster. Verb b\u00f8yes etter tid (presens, preteritum eller futurum), men ikke etter subjekt, slik som i <a href=\"https:\/\/talkpal.ai\/learn-english-with-ai\/\">engelsk<\/a>. I stedet forblir svenske verbformer konsekvente uavhengig av emnet. I tillegg har ikke svenske verb kontinuerlige former (dvs. -ing) som p\u00e5 engelsk.<\/p>\n\n\n\n<p><strong>4. Setningsstruktur:<\/strong> Svensk setningsstruktur er typisk Subject-Verb-Object (SVO), omtrent som engelsk. Svensk bruker imidlertid ofte ordstillingsregelen V2, der verbet st\u00e5r i andre posisjon i deklarative setninger og sp\u00f8rsm\u00e5l.<\/p>\n\n\n\n<h3 class=\"wp-block-heading\" id=\"h-tips-for-learning-swedish-grammar\">Tips for \u00e5 l\u00e6re svensk grammatikk:<\/h3>\n\n\n\n<p>For \u00e5 gj\u00f8re reisen din til \u00e5 l\u00e6re svensk grammatikk enklere, her er noen praktiske tips \u00e5 f\u00f8lge:<\/p>\n\n\n\n<p><strong>1. \u00d8v regelmessig:<\/strong> Konsistens er n\u00f8kkelen. Sett av tid hver dag eller uke til \u00e5 trene grammatikk\u00f8velser, lese og skrive p\u00e5 svensk.<\/p>\n\n\n\n<p><strong>2. Bruk innf\u00f8dte ressurser:<\/strong> Fordyp deg i innf\u00f8dt svensk materiale som litteratur, nyhetsartikler og podcaster. Dette vil ikke bare hjelpe deg \u00e5 forst\u00e5 svensk grammatikk i kontekst, men ogs\u00e5 forbedre lese- og lytteferdighetene dine.<\/p>\n\n\n\n<p><strong>3. L\u00e6r substantivkj\u00f8nn og flertall:<\/strong> \u00c5 memorere kj\u00f8nn (en eller ett) og flertallsformer av svenske substantiv er avgj\u00f8rende. \u00c5 \u00f8ve over tid vil etter hvert hjelpe deg med \u00e5 internalisere disse reglene.<\/p>\n\n\n\n<p><strong>4. Koble til med morsm\u00e5l:<\/strong> \u00c5 delta i samtaler med svenske som morsm\u00e5l vil tillate deg \u00e5 \u00f8ve p\u00e5 grammatikk og motta verdifull tilbakemelding. Vurder \u00e5 bli med i spr\u00e5kutvekslingsgrupper eller nettfora for \u00e5 f\u00e5 kontakt med svensktalende personer.<\/p>\n\n\n\n<p><strong>5. V\u00e6r t\u00e5lmodig og utholdende:<\/strong> Husk at det \u00e5 l\u00e6re grammatikk er en prosess. Hold deg engasjert, fortsett \u00e5 \u00f8ve og feir fremgang underveis.<\/p>\n\n\n\n<h2 class=\"wp-block-heading\" id=\"h-conclusion\">Konklusjon:<\/h2>\n\n\n\n<p>Svensk grammatikk, selv om den tilsynelatende er kompleks, kan mestres med dedikasjon og en forst\u00e5else av dens integrerte komponenter. Ved \u00e5 f\u00f8lge v\u00e5re forslag og fordype deg i spr\u00e5ket, vil du oppleve en stadig forbedring av dine svenskkunnskaper. Omfavn utfordringen og nyt reisen mot svensk grammatisk mestring!<\/p>\n<\/div><\/div>\n\r\n<section class=\"learnNavigationSection\">\r\n            \r\n        <a href=\"https:\/\/talkpal.ai\/no\/laer-svensk\/\">\r\n            <div class=\"learnNavigationWrapper\">\r\n                <div class=\"learnNavigationContent\">\r\n                    <img decoding=\"async\" src=\"https:\/\/talkpal.ai\/wp-content\/uploads\/2024\/08\/Swedish.jpg\" alt=\"Swedish Flag\">\r\n                    <div>\r\n                        <h4>Om Swedish Learning<\/h4>\r\n                        <p>Finn ut alt om svensk grammatikk.<\/p>\r\n                    <\/div>\r\n                <\/div>\r\n            <\/div>\r\n        <\/a>\r\n\r\n        \r\n        <a href=\"https:\/\/talkpal.ai\/no\/svenske-grammatikkovelser\/\">\r\n            <div class=\"learnNavigationWrapper\">\r\n                <div class=\"learnNavigationContent\">\r\n                    <img decoding=\"async\" src=\"https:\/\/talkpal.ai\/wp-content\/uploads\/2024\/08\/Swedish.jpg\" alt=\"Swedish Flag\">\r\n                    <div>\r\n                        <h4>\u00d8velse i svensk grammatikk<\/h4>\r\n                        <p>\u00d8v p\u00e5 svensk grammatikk.<\/p>\r\n                    <\/div>\r\n                <\/div>\r\n            <\/div>\r\n        <\/a>\r\n\r\n        \r\n        <a href=\"https:\/\/talkpal.ai\/vocabulary_language\/swedish\/\">\r\n            <div class=\"learnNavigationWrapper\">\r\n                <div class=\"learnNavigationContent\">\r\n                    <img decoding=\"async\" src=\"https:\/\/talkpal.ai\/wp-content\/uploads\/2024\/08\/Swedish.jpg\" alt=\"Swedish Flag\">\r\n                    <div>\r\n                        <h4>Svensk ordforr\u00e5d<\/h4>\r\n                        <p>Utvid det svenske ordforr\u00e5det ditt.<\/p>\r\n                    <\/div>\r\n                <\/div>\r\n            <\/div>\r\n        <\/a>\r\n\r\n            <\/section>","protected":false},"excerpt":{"rendered":"<p>Avmystifiserende svensk grammatikk: En omfattende guide for \u00e5 mestre dens regler og nyanser Svensk, som snakkes av omtrent 10 millioner mennesker, er et rikt og melodisk spr\u00e5k som tilh\u00f8rer den nordgermanske familien. Selv om svensk grammatikk er relativt enkel sammenlignet med noen andre spr\u00e5k, er det \u00e5 forst\u00e5 reglene og strukturen n\u00f8kkelen til \u00e5 forbedre [&hellip;]<\/p>\n","protected":false},"author":1,"featured_media":108246,"parent":0,"menu_order":0,"comment_status":"closed","ping_status":"closed","template":"LearningContentPage.php","meta":{"_acf_changed":false,"footnotes":""},"class_list":["post-130794","page","type-page","status-publish","has-post-thumbnail","hentry"],"acf":[],"yoast_head":"<!-- This site is optimized with the Yoast SEO Premium plugin v27.2 (Yoast SEO v27.2) - https:\/\/yoast.com\/product\/yoast-seo-premium-wordpress\/ -->\n<title>Svensk grammatikk - Talkpal<\/title>\n<meta name=\"description\" content=\"L\u00e6r deg den svenske grammatikkens hemmeligheter og forbedre spr\u00e5kkunnskapene dine med grunnleggende regler og nyttige tips.\" \/>\n<meta name=\"robots\" content=\"index, follow, max-snippet:-1, max-image-preview:large, max-video-preview:-1\" \/>\n<link rel=\"canonical\" href=\"https:\/\/talkpal.ai\/no\/svensk-grammatikk\/\" \/>\n<meta property=\"og:locale\" content=\"nb_NO\" \/>\n<meta property=\"og:type\" content=\"article\" \/>\n<meta property=\"og:title\" content=\"Svensk grammatikk\" \/>\n<meta property=\"og:description\" content=\"Avmystifiserende svensk grammatikk: En omfattende guide for \u00e5 mestre dens regler og nyanser Svensk, som snakkes av omtrent 10 millioner mennesker, er et\" \/>\n<meta property=\"og:url\" content=\"https:\/\/talkpal.ai\/no\/svensk-grammatikk\/\" \/>\n<meta property=\"og:site_name\" content=\"Talkpal\" \/>\n<meta property=\"article:publisher\" content=\"https:\/\/www.facebook.com\/profile.php?id=100090733639311\" \/>\n<meta property=\"article:modified_time\" content=\"2025-12-11T16:32:18+00:00\" \/>\n<meta property=\"og:image\" content=\"https:\/\/talkpal.ai\/wp-content\/uploads\/2023\/04\/sweden.png\" \/>\n\t<meta property=\"og:image:width\" content=\"512\" \/>\n\t<meta property=\"og:image:height\" content=\"512\" \/>\n\t<meta property=\"og:image:type\" content=\"image\/png\" \/>\n<meta name=\"twitter:card\" content=\"summary_large_image\" \/>\n<meta name=\"twitter:site\" content=\"@talkpalai\" \/>\n<meta name=\"twitter:label1\" content=\"Ansl. lesetid\" \/>\n\t<meta name=\"twitter:data1\" content=\"3 minutter\" \/>\n<script type=\"application\/ld+json\" class=\"yoast-schema-graph\">{\"@context\":\"https:\/\/schema.org\",\"@graph\":[{\"@type\":\"WebPage\",\"@id\":\"https:\/\/talkpal.ai\/no\/svensk-grammatikk\/\",\"url\":\"https:\/\/talkpal.ai\/no\/svensk-grammatikk\/\",\"name\":\"Svensk grammatikk - Talkpal\",\"isPartOf\":{\"@id\":\"https:\/\/talkpal.ai\/no\/#website\"},\"primaryImageOfPage\":{\"@id\":\"https:\/\/talkpal.ai\/no\/svensk-grammatikk\/#primaryimage\"},\"image\":{\"@id\":\"https:\/\/talkpal.ai\/no\/svensk-grammatikk\/#primaryimage\"},\"thumbnailUrl\":\"https:\/\/talkpal.ai\/wp-content\/uploads\/2023\/04\/sweden.png\",\"datePublished\":\"2023-05-14T13:53:07+00:00\",\"dateModified\":\"2025-12-11T16:32:18+00:00\",\"description\":\"L\u00e6r deg den svenske grammatikkens hemmeligheter og forbedre spr\u00e5kkunnskapene dine med grunnleggende regler og nyttige tips.\",\"breadcrumb\":{\"@id\":\"https:\/\/talkpal.ai\/no\/svensk-grammatikk\/#breadcrumb\"},\"inLanguage\":\"nb-NO\",\"potentialAction\":[{\"@type\":\"ReadAction\",\"target\":[\"https:\/\/talkpal.ai\/no\/svensk-grammatikk\/\"]}]},{\"@type\":\"ImageObject\",\"inLanguage\":\"nb-NO\",\"@id\":\"https:\/\/talkpal.ai\/no\/svensk-grammatikk\/#primaryimage\",\"url\":\"https:\/\/talkpal.ai\/wp-content\/uploads\/2023\/04\/sweden.png\",\"contentUrl\":\"https:\/\/talkpal.ai\/wp-content\/uploads\/2023\/04\/sweden.png\",\"width\":512,\"height\":512},{\"@type\":\"BreadcrumbList\",\"@id\":\"https:\/\/talkpal.ai\/no\/svensk-grammatikk\/#breadcrumb\",\"itemListElement\":[{\"@type\":\"ListItem\",\"position\":1,\"name\":\"Homepage\",\"item\":\"https:\/\/talkpal.ai\/no\/\"},{\"@type\":\"ListItem\",\"position\":2,\"name\":\"Svensk grammatikk\"}]},{\"@type\":\"WebSite\",\"@id\":\"https:\/\/talkpal.ai\/no\/#website\",\"url\":\"https:\/\/talkpal.ai\/no\/\",\"name\":\"Talkpal\",\"description\":\"AI Language Learning\",\"publisher\":{\"@id\":\"https:\/\/talkpal.ai\/no\/#organization\"},\"alternateName\":\"Talkpal AI\",\"potentialAction\":[{\"@type\":\"SearchAction\",\"target\":{\"@type\":\"EntryPoint\",\"urlTemplate\":\"https:\/\/talkpal.ai\/no\/?s={search_term_string}\"},\"query-input\":{\"@type\":\"PropertyValueSpecification\",\"valueRequired\":true,\"valueName\":\"search_term_string\"}}],\"inLanguage\":\"nb-NO\"},{\"@type\":\"Organization\",\"@id\":\"https:\/\/talkpal.ai\/no\/#organization\",\"name\":\"Talkpal, Inc.\",\"alternateName\":\"Talkpal AI\",\"url\":\"https:\/\/talkpal.ai\/no\/\",\"logo\":{\"@type\":\"ImageObject\",\"inLanguage\":\"nb-NO\",\"@id\":\"https:\/\/talkpal.ai\/no\/#\/schema\/logo\/image\/\",\"url\":\"https:\/\/talkpal.ai\/wp-content\/uploads\/2024\/03\/Talkpal-Logo-Icon.png\",\"contentUrl\":\"https:\/\/talkpal.ai\/wp-content\/uploads\/2024\/03\/Talkpal-Logo-Icon.png\",\"width\":2880,\"height\":2880,\"caption\":\"Talkpal, Inc.\"},\"image\":{\"@id\":\"https:\/\/talkpal.ai\/no\/#\/schema\/logo\/image\/\"},\"sameAs\":[\"https:\/\/www.facebook.com\/profile.php?id=100090733639311\",\"https:\/\/x.com\/talkpalai\",\"https:\/\/www.linkedin.com\/company\/talkpal\/\",\"https:\/\/www.youtube.com\/@TalkPal\/\",\"https:\/\/www.tiktok.com\/@talkpal\",\"https:\/\/www.instagram.com\/talkpal_ai\/\",\"https:\/\/www.crunchbase.com\/organization\/talkpal-9cde\",\"https:\/\/www.g2.com\/products\/talkpal-for-business\/\",\"https:\/\/www.trustpilot.com\/review\/talkpal.ai\",\"https:\/\/www.capterra.com\/p\/10006800\/TalkPal\/\"],\"description\":\"Talkpal is a language learning web and mobile education app, powered by the latest AI technologies, that provides engaging experiences to its customers in many different languages to help them improve their language skills. Users can chat about unlimited amount of topics with the app and use other modes to practice their language learning.\",\"email\":\"support@talkpal.ai\",\"legalName\":\"Talkpal, Inc.\",\"foundingDate\":\"2023-04-03\",\"duns\":\"118989042\",\"numberOfEmployees\":{\"@type\":\"QuantitativeValue\",\"minValue\":\"11\",\"maxValue\":\"50\"},\"publishingPrinciples\":\"https:\/\/talkpal.ai\/publishing-principles\/\",\"actionableFeedbackPolicy\":\"https:\/\/talkpal.ai\/actionable-feedback-policy\/\",\"correctionsPolicy\":\"https:\/\/talkpal.ai\/corrections-policy\/\",\"ethicsPolicy\":\"https:\/\/talkpal.ai\/ethics-policy\/\",\"diversityPolicy\":\"https:\/\/talkpal.ai\/diversity-policy\/\",\"diversityStaffingReport\":\"https:\/\/talkpal.ai\/diversity-policy\/\"}]}<\/script>\n<!-- \/ Yoast SEO Premium plugin. -->","yoast_head_json":{"title":"Svensk grammatikk - Talkpal","description":"L\u00e6r deg den svenske grammatikkens hemmeligheter og forbedre spr\u00e5kkunnskapene dine med grunnleggende regler og nyttige tips.","robots":{"index":"index","follow":"follow","max-snippet":"max-snippet:-1","max-image-preview":"max-image-preview:large","max-video-preview":"max-video-preview:-1"},"canonical":"https:\/\/talkpal.ai\/no\/svensk-grammatikk\/","og_locale":"nb_NO","og_type":"article","og_title":"Svensk grammatikk","og_description":"Avmystifiserende svensk grammatikk: En omfattende guide for \u00e5 mestre dens regler og nyanser Svensk, som snakkes av omtrent 10 millioner mennesker, er et","og_url":"https:\/\/talkpal.ai\/no\/svensk-grammatikk\/","og_site_name":"Talkpal","article_publisher":"https:\/\/www.facebook.com\/profile.php?id=100090733639311","article_modified_time":"2025-12-11T16:32:18+00:00","og_image":[{"width":512,"height":512,"url":"https:\/\/talkpal.ai\/wp-content\/uploads\/2023\/04\/sweden.png","type":"image\/png"}],"twitter_card":"summary_large_image","twitter_site":"@talkpalai","twitter_misc":{"Ansl. lesetid":"3 minutter"},"schema":{"@context":"https:\/\/schema.org","@graph":[{"@type":"WebPage","@id":"https:\/\/talkpal.ai\/no\/svensk-grammatikk\/","url":"https:\/\/talkpal.ai\/no\/svensk-grammatikk\/","name":"Svensk grammatikk - Talkpal","isPartOf":{"@id":"https:\/\/talkpal.ai\/no\/#website"},"primaryImageOfPage":{"@id":"https:\/\/talkpal.ai\/no\/svensk-grammatikk\/#primaryimage"},"image":{"@id":"https:\/\/talkpal.ai\/no\/svensk-grammatikk\/#primaryimage"},"thumbnailUrl":"https:\/\/talkpal.ai\/wp-content\/uploads\/2023\/04\/sweden.png","datePublished":"2023-05-14T13:53:07+00:00","dateModified":"2025-12-11T16:32:18+00:00","description":"L\u00e6r deg den svenske grammatikkens hemmeligheter og forbedre spr\u00e5kkunnskapene dine med grunnleggende regler og nyttige tips.","breadcrumb":{"@id":"https:\/\/talkpal.ai\/no\/svensk-grammatikk\/#breadcrumb"},"inLanguage":"nb-NO","potentialAction":[{"@type":"ReadAction","target":["https:\/\/talkpal.ai\/no\/svensk-grammatikk\/"]}]},{"@type":"ImageObject","inLanguage":"nb-NO","@id":"https:\/\/talkpal.ai\/no\/svensk-grammatikk\/#primaryimage","url":"https:\/\/talkpal.ai\/wp-content\/uploads\/2023\/04\/sweden.png","contentUrl":"https:\/\/talkpal.ai\/wp-content\/uploads\/2023\/04\/sweden.png","width":512,"height":512},{"@type":"BreadcrumbList","@id":"https:\/\/talkpal.ai\/no\/svensk-grammatikk\/#breadcrumb","itemListElement":[{"@type":"ListItem","position":1,"name":"Homepage","item":"https:\/\/talkpal.ai\/no\/"},{"@type":"ListItem","position":2,"name":"Svensk grammatikk"}]},{"@type":"WebSite","@id":"https:\/\/talkpal.ai\/no\/#website","url":"https:\/\/talkpal.ai\/no\/","name":"Talkpal","description":"AI Language Learning","publisher":{"@id":"https:\/\/talkpal.ai\/no\/#organization"},"alternateName":"Talkpal AI","potentialAction":[{"@type":"SearchAction","target":{"@type":"EntryPoint","urlTemplate":"https:\/\/talkpal.ai\/no\/?s={search_term_string}"},"query-input":{"@type":"PropertyValueSpecification","valueRequired":true,"valueName":"search_term_string"}}],"inLanguage":"nb-NO"},{"@type":"Organization","@id":"https:\/\/talkpal.ai\/no\/#organization","name":"Talkpal, Inc.","alternateName":"Talkpal AI","url":"https:\/\/talkpal.ai\/no\/","logo":{"@type":"ImageObject","inLanguage":"nb-NO","@id":"https:\/\/talkpal.ai\/no\/#\/schema\/logo\/image\/","url":"https:\/\/talkpal.ai\/wp-content\/uploads\/2024\/03\/Talkpal-Logo-Icon.png","contentUrl":"https:\/\/talkpal.ai\/wp-content\/uploads\/2024\/03\/Talkpal-Logo-Icon.png","width":2880,"height":2880,"caption":"Talkpal, Inc."},"image":{"@id":"https:\/\/talkpal.ai\/no\/#\/schema\/logo\/image\/"},"sameAs":["https:\/\/www.facebook.com\/profile.php?id=100090733639311","https:\/\/x.com\/talkpalai","https:\/\/www.linkedin.com\/company\/talkpal\/","https:\/\/www.youtube.com\/@TalkPal\/","https:\/\/www.tiktok.com\/@talkpal","https:\/\/www.instagram.com\/talkpal_ai\/","https:\/\/www.crunchbase.com\/organization\/talkpal-9cde","https:\/\/www.g2.com\/products\/talkpal-for-business\/","https:\/\/www.trustpilot.com\/review\/talkpal.ai","https:\/\/www.capterra.com\/p\/10006800\/TalkPal\/"],"description":"Talkpal is a language learning web and mobile education app, powered by the latest AI technologies, that provides engaging experiences to its customers in many different languages to help them improve their language skills. Users can chat about unlimited amount of topics with the app and use other modes to practice their language learning.","email":"support@talkpal.ai","legalName":"Talkpal, Inc.","foundingDate":"2023-04-03","duns":"118989042","numberOfEmployees":{"@type":"QuantitativeValue","minValue":"11","maxValue":"50"},"publishingPrinciples":"https:\/\/talkpal.ai\/publishing-principles\/","actionableFeedbackPolicy":"https:\/\/talkpal.ai\/actionable-feedback-policy\/","correctionsPolicy":"https:\/\/talkpal.ai\/corrections-policy\/","ethicsPolicy":"https:\/\/talkpal.ai\/ethics-policy\/","diversityPolicy":"https:\/\/talkpal.ai\/diversity-policy\/","diversityStaffingReport":"https:\/\/talkpal.ai\/diversity-policy\/"}]}},"_links":{"self":[{"href":"https:\/\/talkpal.ai\/no\/wp-json\/wp\/v2\/pages\/130794","targetHints":{"allow":["GET"]}}],"collection":[{"href":"https:\/\/talkpal.ai\/no\/wp-json\/wp\/v2\/pages"}],"about":[{"href":"https:\/\/talkpal.ai\/no\/wp-json\/wp\/v2\/types\/page"}],"author":[{"embeddable":true,"href":"https:\/\/talkpal.ai\/no\/wp-json\/wp\/v2\/users\/1"}],"replies":[{"embeddable":true,"href":"https:\/\/talkpal.ai\/no\/wp-json\/wp\/v2\/comments?post=130794"}],"version-history":[{"count":0,"href":"https:\/\/talkpal.ai\/no\/wp-json\/wp\/v2\/pages\/130794\/revisions"}],"wp:featuredmedia":[{"embeddable":true,"href":"https:\/\/talkpal.ai\/no\/wp-json\/wp\/v2\/media\/108246"}],"wp:attachment":[{"href":"https:\/\/talkpal.ai\/no\/wp-json\/wp\/v2\/media?parent=130794"}],"curies":[{"name":"wp","href":"https:\/\/api.w.org\/{rel}","templated":true}]}}