{"id":130425,"date":"2023-05-14T13:52:27","date_gmt":"2023-05-14T13:52:27","guid":{"rendered":"http:\/\/talkpal.ai\/koreansk-grammatikk\/"},"modified":"2025-12-11T16:28:15","modified_gmt":"2025-12-11T16:28:15","slug":"koreansk-grammatikk","status":"publish","type":"page","link":"https:\/\/talkpal.ai\/no\/koreansk-grammatikk\/","title":{"rendered":"Koreansk grammatikk"},"content":{"rendered":"\r\n\r\n\r\n<section class=\"languageChallengeSection\">\r\n    <div class=\"languageInfoWrapper\">\r\n        \r\n        <h1>Koreansk grammatikk<\/h1>\r\n        <p>Begynn \u00e5 <a href=\"https:\/\/talkpal.ai\/locations\/language-courses-in-mestre\/\">mestre<\/a> <a href=\"https:\/\/talkpal.ai\/no\/laer-koreansk\/\">koreansk grammatikk<\/a> med lettfattelige guider og praktiske eksempler. L\u00e6r hvordan du danner setninger, bruker partikler og b\u00f8yer verb for \u00e5 uttrykke deg presist. \u00d8v p\u00e5 ferdighetene dine med interaktive \u00f8velser som bygger opp selvtilliten din. Ta det neste skrittet p\u00e5 din koreanske spr\u00e5kreise og bli bedre til \u00e5 snakke <a href=\"https:\/\/talkpal.ai\/learn-korean\/\">koreansk<\/a> i dag!<\/p>\r\n\r\n                            <a class=\"getStartedHidden\" href=\"https:\/\/app.talkpal.ai\/no\/signup?lng=\">Kom i gang<\/a>\r\n        \r\n    <\/div>\r\n\r\n    <figure>\r\n    <img decoding=\"async\" width=\"768\" height=\"768\" src=\"https:\/\/talkpal.ai\/wp-content\/uploads\/2023\/06\/korean-768x768.png\" class=\"languageImage no-lazy\" alt=\"Line-by-line learning for language acquisition\" fetchpriority=\"high\" sizes=\"(max-width: 768px) 150px, 768px\" srcset=\"https:\/\/talkpal.ai\/wp-content\/uploads\/2023\/06\/korean-768x768.png 768w, https:\/\/talkpal.ai\/wp-content\/uploads\/2023\/06\/korean-300x300.png 300w\" \/>\r\n    \r\n\r\n    <\/figure>\r\n\r\n            <a class=\"getStartedVisible\" href=\"https:\/\/app.talkpal.ai\/no\/signup?lng=\">Kom i gang<\/a>\r\n    \r\n<\/section>\r\n<section class=\"promotionalBanner\">\r\n    <p class=\"promotionalText\">Den mest effektive m\u00e5ten \u00e5 l\u00e6re et spr\u00e5k p\u00e5<\/p>\r\n    <a class=\"promotionalLink\" href=\"https:\/\/app.talkpal.ai\/no\/signup?lng=\">Pr\u00f8v Talkpal gratis<\/a>\r\n<\/section>\n<div class=\"wp-block-group pageContainerStyle\"><div class=\"wp-block-group__inner-container is-layout-constrained wp-block-group-is-layout-constrained\">\n<h2 class=\"wp-block-heading\" id=\"h-demystifying-korean-grammar-a-beginner-s-guide\">Avmystifisering av koreansk grammatikk: En nybegynnerguide<\/h2>\n\n\n\n<p>\u00c5 l\u00e6re koreansk kan \u00e5pne en verden av muligheter, enten det er \u00e5 utforske det koreanske kj\u00f8kkenet, se de nyeste K-dramaene eller jobbe i et av S\u00f8r-Koreas mange innovative selskaper. Som en ikke-morsm\u00e5l som dykker inn i dette fascinerende spr\u00e5ket, kan en av de mest utfordrende aspektene v\u00e6re \u00e5 mestre grammatikken. <a href=\"https:\/\/talkpal.ai\/no\/laer-koreansk\/\">Koreansk grammatikk<\/a> kan virke kompleks ved f\u00f8rste \u00f8yekast, men den har en logikk og konsistens som kan v\u00e6re mer tilgjengelig enn du kanskje tror. I denne artikkelen g\u00e5r vi gjennom de viktigste trekkene ved koreansk <a href=\"https:\/\/talkpal.ai\/grammar\/\">grammatikk<\/a> og gir deg verdifull innsikt i hvordan du kan gj\u00f8re din reise mot flytende koreansk grammatikk til en smidig og forn\u00f8yelig opplevelse.<\/p>\n\n\n\n<h3 class=\"wp-block-heading\" id=\"h-1-word-nbsp-order-nbsp-get-in-the-flow\"><b>1.<\/b> Ordrekkef\u00f8lge <b>\u2013 Kom i flyten!<\/b><\/h3>\n\n\n\n<p>Det f\u00f8rste du trenger \u00e5 vite om koreansk grammatikk er dens grunnleggende ordrekkef\u00f8lge: <a href=\"https:\/\/talkpal.ai\/culture\/how-do-you-structure-a-sentence-using-subject-object-verb-order-in-uzbek\/\">Subject-Object-Verb<\/a> (SOV). Det betyr at verbene kommer p\u00e5 slutten av setningen, i motsetning til <a href=\"https:\/\/talkpal.ai\/learn-english-with-ai\/\">engelsk<\/a> som har subjekt-verb-objekt-rekkef\u00f8lge (SVO). Dette kan ta litt tilvenning, men n\u00f8kkelen til flyt er \u00e5 bli komfortabel med denne <a href=\"https:\/\/talkpal.ai\/talkpal-new-years-discount\/\">nye<\/a> strukturen.<\/p>\n\n\n\n<p>Tips: \u00d8v p\u00e5 \u00e5 lage enkle koreanske setninger ved \u00e5 oversette engelske setninger og omorganisere rekkef\u00f8lgen p\u00e5 ordene. Fokuser p\u00e5 \u00e5 forst\u00e5 logikken bak SOV-strukturen for \u00e5 bli mer komfortabel med den.<\/p>\n\n\n\n<h3 class=\"wp-block-heading\" id=\"h-2-particles-attach-and-connect\">2. Partikler \u2013 Fest og koble til!<\/h3>\n\n\n\n<p>Koreanske setninger bruker sm\u00e5 biter av grammatisk informasjon kalt partikler for \u00e5 hjelpe med \u00e5 bestemme funksjonen til et ord i en setning. For eksempel markerer \uc774\/\uac00 og \uc740\/\ub294 subjektet, mens \uc744\/\ub97c angir objektet. Partikler er en viktig komponent i koreansk grammatikk, men bruken av dem kan f\u00f8les overveldende til \u00e5 begynne med.<\/p>\n\n\n\n<p>Tips: Ta tak i \u00e9n partikkel om gangen, bli komfortabel med bruken og meningen. Utvikle en liste med eksempelsetninger ved \u00e5 bruke hver partikkel for \u00e5 lage en samling referansemateriale.<\/p>\n\n\n\n<h3 class=\"wp-block-heading\" id=\"h-3-verb-conjugation-keep-it-simple\">3. Verb b\u00f8ying \u2013 Hold det enkelt!<\/h3>\n\n\n\n<p>Koreanske verb er bemerkelsesverdig konsistente, noe som kan gj\u00f8re dem lettere \u00e5 l\u00e6re enn verb p\u00e5 andre spr\u00e5k. Alle koreanske verb ender p\u00e5 \ub2e4 (da) i sin grunnform, og for \u00e5 skape ulike tider eller h\u00f8flighetsniv\u00e5er legger du ganske enkelt til ulike endelser. De vanligste er -\uc694 (yo) for uformell h\u00f8flighet og -\uc2b5\ub2c8\ub2e4 (seumnida) for mer formelle situasjoner.<\/p>\n\n\n\n<p>Tips: L\u00e6r deg \u00e5 b\u00f8ye noen viktige verb p\u00e5 de ulike h\u00f8flighetsniv\u00e5ene, for eksempel \ud558\ub2e4 (\u00e5 gj\u00f8re), \uba39\ub2e4 (\u00e5 spise), \uc790\ub2e4 (\u00e5 sove) og \uac00\ub2e4 (\u00e5 g\u00e5). Begynn deretter \u00e5 inkorporere dem i setninger for \u00e5 bli mer kjent og komfortabel med \u00e5 bruke ulike b\u00f8yninger.<\/p>\n\n\n\n<h3 class=\"wp-block-heading\" id=\"h-4-adjectives-treat-them-like-verbs\">4. Adjektiver \u2013 Behandle dem som verb!<\/h3>\n\n\n\n<p>I koreansk grammatikk fungerer adjektiver p\u00e5 samme m\u00e5te som verb og er b\u00f8yet ved hjelp av det samme systemet. Mange adjektiv ender p\u00e5 ~\ud558\ub2e4 (-hada) og kan b\u00f8yes p\u00e5 samme m\u00e5te som verb.<\/p>\n\n\n\n<p>Tips! \u00d8v deg p\u00e5 \u00e5 b\u00f8ye vanlige adjektiv som \uc88b\ub2e4 (\u00e5 v\u00e6re god), \uc608\uc058\ub2e4 (\u00e5 v\u00e6re pen), \ub192\ub2e4 (\u00e5 v\u00e6re h\u00f8y), \ub0ae\ub2e4 (\u00e5 v\u00e6re lav) og \ud06c\ub2e4 (\u00e5 v\u00e6re stor). \u00c5 inkludere dem i setninger vil bidra til \u00e5 styrke forst\u00e5elsen din.<\/p>\n\n\n\n<h3 class=\"wp-block-heading\" id=\"h-5-honorifics-show-your-respect\">5. Honorifics \u2013 Vis din respekt!<\/h3>\n\n\n\n<p>Koreansk kultur legger vekt p\u00e5 \u00e5 vise respekt for eldste og de i autoritetsposisjoner. Dette gjenspeiles i spr\u00e5ket gjennom hedersbetegnelser, som er spesielle former for ord og grammatiske strukturer som brukes for \u00e5 vise h\u00f8flighet. Noen viktige eksempler er \u00e5 bruke partikkelen -\uaed8\uc11c (-kkeseo) i stedet for -\uc774\/\uac00 n\u00e5r man refererer til noen med respekt, eller \u00e5 legge til -\uc2dc (-si) til verb som en h\u00f8flighetsmark\u00f8r.<\/p>\n\n\n\n<p>Tips: L\u00e6r deg det grunnleggende om bruk av hedersbetegnelser, men ikke bekymre deg for mye om \u00e5 bli ekspert med en gang. Som engelsktalende vil koreanere sannsynligvis forst\u00e5 hvis du gj\u00f8r feil, men \u00e5 vise en innsats for \u00e5 v\u00e6re respektfull vil bli verdsatt.<\/p>\n\n\n\n<h3 class=\"wp-block-heading\" id=\"h-conclusion\">Konklusjon:<\/h3>\n\n\n\n<p>Koreansk grammatikk kan virke utfordrende til \u00e5 begynne med, men etter hvert som du f\u00e5r erfaring og forst\u00e5else, vil du oppdage at det finnes et logisk og konsekvent rammeverk. Ved \u00e5 fokusere p\u00e5 n\u00f8kkelbegreper som ordstilling, partikler og verbb\u00f8yning vil du snart kunne bygge setninger som en proff. Omfavn kj\u00e6rligheten til dette uttrykksfulle spr\u00e5ket, og se hvordan beherskelsen av koreansk grammatikk f\u00f8rer til en verden av muligheter. \ud654\uc774\ud305 (hwaiting) &#8211; la<\/p>\n<\/div><\/div>\n\r\n<section class=\"learnNavigationSection\">\r\n            \r\n        <a href=\"https:\/\/talkpal.ai\/no\/laer-koreansk\/\">\r\n            <div class=\"learnNavigationWrapper\">\r\n                <div class=\"learnNavigationContent\">\r\n                    <img decoding=\"async\" src=\"https:\/\/talkpal.ai\/wp-content\/uploads\/2024\/08\/Korean.jpg\" alt=\"Korean Flag\">\r\n                    <div>\r\n                        <h4>Om \u00e5 l\u00e6re koreansk<\/h4>\r\n                        <p>Finn ut alt om koreansk grammatikk.<\/p>\r\n                    <\/div>\r\n                <\/div>\r\n            <\/div>\r\n        <\/a>\r\n\r\n        \r\n        <a href=\"https:\/\/talkpal.ai\/no\/koreansk-grammatikkovelser\/\">\r\n            <div class=\"learnNavigationWrapper\">\r\n                <div class=\"learnNavigationContent\">\r\n                    <img decoding=\"async\" src=\"https:\/\/talkpal.ai\/wp-content\/uploads\/2024\/08\/Korean.jpg\" alt=\"Korean Flag\">\r\n                    <div>\r\n                        <h4>Koreansk grammatikk\u00f8velse<\/h4>\r\n                        <p>\u00d8v p\u00e5 koreansk grammatikk.<\/p>\r\n                    <\/div>\r\n                <\/div>\r\n            <\/div>\r\n        <\/a>\r\n\r\n        \r\n        <a href=\"https:\/\/talkpal.ai\/vocabulary_language\/korean\/\">\r\n            <div class=\"learnNavigationWrapper\">\r\n                <div class=\"learnNavigationContent\">\r\n                    <img decoding=\"async\" src=\"https:\/\/talkpal.ai\/wp-content\/uploads\/2024\/08\/Korean.jpg\" alt=\"Korean Flag\">\r\n                    <div>\r\n                        <h4>Koreansk ordforr\u00e5d<\/h4>\r\n                        <p>Utvid ordforr\u00e5det ditt p\u00e5 koreansk.<\/p>\r\n                    <\/div>\r\n                <\/div>\r\n            <\/div>\r\n        <\/a>\r\n\r\n            <\/section>","protected":false},"excerpt":{"rendered":"<p>Avmystifisering av koreansk grammatikk: En nybegynnerguide \u00c5 l\u00e6re koreansk kan \u00e5pne en verden av muligheter, enten det er \u00e5 utforske det koreanske kj\u00f8kkenet, se de nyeste K-dramaene eller jobbe i et av S\u00f8r-Koreas mange innovative selskaper. Som en ikke-morsm\u00e5l som dykker inn i dette fascinerende spr\u00e5ket, kan en av de mest utfordrende aspektene v\u00e6re \u00e5 [&hellip;]<\/p>\n","protected":false},"author":1,"featured_media":107505,"parent":0,"menu_order":0,"comment_status":"closed","ping_status":"closed","template":"LearningContentPage.php","meta":{"_acf_changed":false,"footnotes":""},"class_list":["post-130425","page","type-page","status-publish","has-post-thumbnail","hentry"],"acf":[],"yoast_head":"<!-- This site is optimized with the Yoast SEO Premium plugin v27.2 (Yoast SEO v27.2) - https:\/\/yoast.com\/product\/yoast-seo-premium-wordpress\/ -->\n<title>Koreansk grammatikk - Talkpal<\/title>\n<meta name=\"description\" content=\"Behersk koreansk grammatikk med selvtillit - styrk setningsstrukturen, klargj\u00f8r regler og gj\u00f8r det enklere \u00e5 snakke flytende\" \/>\n<meta name=\"robots\" content=\"index, follow, max-snippet:-1, max-image-preview:large, max-video-preview:-1\" \/>\n<link rel=\"canonical\" href=\"https:\/\/talkpal.ai\/no\/koreansk-grammatikk\/\" \/>\n<meta property=\"og:locale\" content=\"nb_NO\" \/>\n<meta property=\"og:type\" content=\"article\" \/>\n<meta property=\"og:title\" content=\"Koreansk grammatikk\" \/>\n<meta property=\"og:description\" content=\"Avmystifisering av koreansk grammatikk: En nybegynnerguide \u00c5 l\u00e6re koreansk kan \u00e5pne en verden av muligheter, enten det er \u00e5 utforske det koreanske\" \/>\n<meta property=\"og:url\" content=\"https:\/\/talkpal.ai\/no\/koreansk-grammatikk\/\" \/>\n<meta property=\"og:site_name\" content=\"Talkpal\" \/>\n<meta property=\"article:publisher\" content=\"https:\/\/www.facebook.com\/profile.php?id=100090733639311\" \/>\n<meta property=\"article:modified_time\" content=\"2025-12-11T16:28:15+00:00\" \/>\n<meta property=\"og:image\" content=\"https:\/\/talkpal.ai\/wp-content\/uploads\/2023\/04\/south-korea.png\" \/>\n\t<meta property=\"og:image:width\" content=\"512\" \/>\n\t<meta property=\"og:image:height\" content=\"512\" \/>\n\t<meta property=\"og:image:type\" content=\"image\/png\" \/>\n<meta name=\"twitter:card\" content=\"summary_large_image\" \/>\n<meta name=\"twitter:site\" content=\"@talkpalai\" \/>\n<meta name=\"twitter:label1\" content=\"Ansl. lesetid\" \/>\n\t<meta name=\"twitter:data1\" content=\"3 minutter\" \/>\n<script type=\"application\/ld+json\" class=\"yoast-schema-graph\">{\"@context\":\"https:\/\/schema.org\",\"@graph\":[{\"@type\":\"WebPage\",\"@id\":\"https:\/\/talkpal.ai\/no\/koreansk-grammatikk\/\",\"url\":\"https:\/\/talkpal.ai\/no\/koreansk-grammatikk\/\",\"name\":\"Koreansk grammatikk - Talkpal\",\"isPartOf\":{\"@id\":\"https:\/\/talkpal.ai\/no\/#website\"},\"primaryImageOfPage\":{\"@id\":\"https:\/\/talkpal.ai\/no\/koreansk-grammatikk\/#primaryimage\"},\"image\":{\"@id\":\"https:\/\/talkpal.ai\/no\/koreansk-grammatikk\/#primaryimage\"},\"thumbnailUrl\":\"https:\/\/talkpal.ai\/wp-content\/uploads\/2023\/04\/south-korea.png\",\"datePublished\":\"2023-05-14T13:52:27+00:00\",\"dateModified\":\"2025-12-11T16:28:15+00:00\",\"description\":\"Behersk koreansk grammatikk med selvtillit - styrk setningsstrukturen, klargj\u00f8r regler og gj\u00f8r det enklere \u00e5 snakke flytende\",\"breadcrumb\":{\"@id\":\"https:\/\/talkpal.ai\/no\/koreansk-grammatikk\/#breadcrumb\"},\"inLanguage\":\"nb-NO\",\"potentialAction\":[{\"@type\":\"ReadAction\",\"target\":[\"https:\/\/talkpal.ai\/no\/koreansk-grammatikk\/\"]}]},{\"@type\":\"ImageObject\",\"inLanguage\":\"nb-NO\",\"@id\":\"https:\/\/talkpal.ai\/no\/koreansk-grammatikk\/#primaryimage\",\"url\":\"https:\/\/talkpal.ai\/wp-content\/uploads\/2023\/04\/south-korea.png\",\"contentUrl\":\"https:\/\/talkpal.ai\/wp-content\/uploads\/2023\/04\/south-korea.png\",\"width\":512,\"height\":512},{\"@type\":\"BreadcrumbList\",\"@id\":\"https:\/\/talkpal.ai\/no\/koreansk-grammatikk\/#breadcrumb\",\"itemListElement\":[{\"@type\":\"ListItem\",\"position\":1,\"name\":\"Homepage\",\"item\":\"https:\/\/talkpal.ai\/no\/\"},{\"@type\":\"ListItem\",\"position\":2,\"name\":\"Koreansk grammatikk\"}]},{\"@type\":\"WebSite\",\"@id\":\"https:\/\/talkpal.ai\/no\/#website\",\"url\":\"https:\/\/talkpal.ai\/no\/\",\"name\":\"Talkpal\",\"description\":\"AI Language Learning\",\"publisher\":{\"@id\":\"https:\/\/talkpal.ai\/no\/#organization\"},\"alternateName\":\"Talkpal AI\",\"potentialAction\":[{\"@type\":\"SearchAction\",\"target\":{\"@type\":\"EntryPoint\",\"urlTemplate\":\"https:\/\/talkpal.ai\/no\/?s={search_term_string}\"},\"query-input\":{\"@type\":\"PropertyValueSpecification\",\"valueRequired\":true,\"valueName\":\"search_term_string\"}}],\"inLanguage\":\"nb-NO\"},{\"@type\":\"Organization\",\"@id\":\"https:\/\/talkpal.ai\/no\/#organization\",\"name\":\"Talkpal, Inc.\",\"alternateName\":\"Talkpal AI\",\"url\":\"https:\/\/talkpal.ai\/no\/\",\"logo\":{\"@type\":\"ImageObject\",\"inLanguage\":\"nb-NO\",\"@id\":\"https:\/\/talkpal.ai\/no\/#\/schema\/logo\/image\/\",\"url\":\"https:\/\/talkpal.ai\/wp-content\/uploads\/2024\/03\/Talkpal-Logo-Icon.png\",\"contentUrl\":\"https:\/\/talkpal.ai\/wp-content\/uploads\/2024\/03\/Talkpal-Logo-Icon.png\",\"width\":2880,\"height\":2880,\"caption\":\"Talkpal, Inc.\"},\"image\":{\"@id\":\"https:\/\/talkpal.ai\/no\/#\/schema\/logo\/image\/\"},\"sameAs\":[\"https:\/\/www.facebook.com\/profile.php?id=100090733639311\",\"https:\/\/x.com\/talkpalai\",\"https:\/\/www.linkedin.com\/company\/talkpal\/\",\"https:\/\/www.youtube.com\/@TalkPal\/\",\"https:\/\/www.tiktok.com\/@talkpal\",\"https:\/\/www.instagram.com\/talkpal_ai\/\",\"https:\/\/www.crunchbase.com\/organization\/talkpal-9cde\",\"https:\/\/www.g2.com\/products\/talkpal-for-business\/\",\"https:\/\/www.trustpilot.com\/review\/talkpal.ai\",\"https:\/\/www.capterra.com\/p\/10006800\/TalkPal\/\"],\"description\":\"Talkpal is a language learning web and mobile education app, powered by the latest AI technologies, that provides engaging experiences to its customers in many different languages to help them improve their language skills. Users can chat about unlimited amount of topics with the app and use other modes to practice their language learning.\",\"email\":\"support@talkpal.ai\",\"legalName\":\"Talkpal, Inc.\",\"foundingDate\":\"2023-04-03\",\"duns\":\"118989042\",\"numberOfEmployees\":{\"@type\":\"QuantitativeValue\",\"minValue\":\"11\",\"maxValue\":\"50\"},\"publishingPrinciples\":\"https:\/\/talkpal.ai\/publishing-principles\/\",\"actionableFeedbackPolicy\":\"https:\/\/talkpal.ai\/actionable-feedback-policy\/\",\"correctionsPolicy\":\"https:\/\/talkpal.ai\/corrections-policy\/\",\"ethicsPolicy\":\"https:\/\/talkpal.ai\/ethics-policy\/\",\"diversityPolicy\":\"https:\/\/talkpal.ai\/diversity-policy\/\",\"diversityStaffingReport\":\"https:\/\/talkpal.ai\/diversity-policy\/\"}]}<\/script>\n<!-- \/ Yoast SEO Premium plugin. -->","yoast_head_json":{"title":"Koreansk grammatikk - Talkpal","description":"Behersk koreansk grammatikk med selvtillit - styrk setningsstrukturen, klargj\u00f8r regler og gj\u00f8r det enklere \u00e5 snakke flytende","robots":{"index":"index","follow":"follow","max-snippet":"max-snippet:-1","max-image-preview":"max-image-preview:large","max-video-preview":"max-video-preview:-1"},"canonical":"https:\/\/talkpal.ai\/no\/koreansk-grammatikk\/","og_locale":"nb_NO","og_type":"article","og_title":"Koreansk grammatikk","og_description":"Avmystifisering av koreansk grammatikk: En nybegynnerguide \u00c5 l\u00e6re koreansk kan \u00e5pne en verden av muligheter, enten det er \u00e5 utforske det koreanske","og_url":"https:\/\/talkpal.ai\/no\/koreansk-grammatikk\/","og_site_name":"Talkpal","article_publisher":"https:\/\/www.facebook.com\/profile.php?id=100090733639311","article_modified_time":"2025-12-11T16:28:15+00:00","og_image":[{"width":512,"height":512,"url":"https:\/\/talkpal.ai\/wp-content\/uploads\/2023\/04\/south-korea.png","type":"image\/png"}],"twitter_card":"summary_large_image","twitter_site":"@talkpalai","twitter_misc":{"Ansl. lesetid":"3 minutter"},"schema":{"@context":"https:\/\/schema.org","@graph":[{"@type":"WebPage","@id":"https:\/\/talkpal.ai\/no\/koreansk-grammatikk\/","url":"https:\/\/talkpal.ai\/no\/koreansk-grammatikk\/","name":"Koreansk grammatikk - Talkpal","isPartOf":{"@id":"https:\/\/talkpal.ai\/no\/#website"},"primaryImageOfPage":{"@id":"https:\/\/talkpal.ai\/no\/koreansk-grammatikk\/#primaryimage"},"image":{"@id":"https:\/\/talkpal.ai\/no\/koreansk-grammatikk\/#primaryimage"},"thumbnailUrl":"https:\/\/talkpal.ai\/wp-content\/uploads\/2023\/04\/south-korea.png","datePublished":"2023-05-14T13:52:27+00:00","dateModified":"2025-12-11T16:28:15+00:00","description":"Behersk koreansk grammatikk med selvtillit - styrk setningsstrukturen, klargj\u00f8r regler og gj\u00f8r det enklere \u00e5 snakke flytende","breadcrumb":{"@id":"https:\/\/talkpal.ai\/no\/koreansk-grammatikk\/#breadcrumb"},"inLanguage":"nb-NO","potentialAction":[{"@type":"ReadAction","target":["https:\/\/talkpal.ai\/no\/koreansk-grammatikk\/"]}]},{"@type":"ImageObject","inLanguage":"nb-NO","@id":"https:\/\/talkpal.ai\/no\/koreansk-grammatikk\/#primaryimage","url":"https:\/\/talkpal.ai\/wp-content\/uploads\/2023\/04\/south-korea.png","contentUrl":"https:\/\/talkpal.ai\/wp-content\/uploads\/2023\/04\/south-korea.png","width":512,"height":512},{"@type":"BreadcrumbList","@id":"https:\/\/talkpal.ai\/no\/koreansk-grammatikk\/#breadcrumb","itemListElement":[{"@type":"ListItem","position":1,"name":"Homepage","item":"https:\/\/talkpal.ai\/no\/"},{"@type":"ListItem","position":2,"name":"Koreansk grammatikk"}]},{"@type":"WebSite","@id":"https:\/\/talkpal.ai\/no\/#website","url":"https:\/\/talkpal.ai\/no\/","name":"Talkpal","description":"AI Language Learning","publisher":{"@id":"https:\/\/talkpal.ai\/no\/#organization"},"alternateName":"Talkpal AI","potentialAction":[{"@type":"SearchAction","target":{"@type":"EntryPoint","urlTemplate":"https:\/\/talkpal.ai\/no\/?s={search_term_string}"},"query-input":{"@type":"PropertyValueSpecification","valueRequired":true,"valueName":"search_term_string"}}],"inLanguage":"nb-NO"},{"@type":"Organization","@id":"https:\/\/talkpal.ai\/no\/#organization","name":"Talkpal, Inc.","alternateName":"Talkpal AI","url":"https:\/\/talkpal.ai\/no\/","logo":{"@type":"ImageObject","inLanguage":"nb-NO","@id":"https:\/\/talkpal.ai\/no\/#\/schema\/logo\/image\/","url":"https:\/\/talkpal.ai\/wp-content\/uploads\/2024\/03\/Talkpal-Logo-Icon.png","contentUrl":"https:\/\/talkpal.ai\/wp-content\/uploads\/2024\/03\/Talkpal-Logo-Icon.png","width":2880,"height":2880,"caption":"Talkpal, Inc."},"image":{"@id":"https:\/\/talkpal.ai\/no\/#\/schema\/logo\/image\/"},"sameAs":["https:\/\/www.facebook.com\/profile.php?id=100090733639311","https:\/\/x.com\/talkpalai","https:\/\/www.linkedin.com\/company\/talkpal\/","https:\/\/www.youtube.com\/@TalkPal\/","https:\/\/www.tiktok.com\/@talkpal","https:\/\/www.instagram.com\/talkpal_ai\/","https:\/\/www.crunchbase.com\/organization\/talkpal-9cde","https:\/\/www.g2.com\/products\/talkpal-for-business\/","https:\/\/www.trustpilot.com\/review\/talkpal.ai","https:\/\/www.capterra.com\/p\/10006800\/TalkPal\/"],"description":"Talkpal is a language learning web and mobile education app, powered by the latest AI technologies, that provides engaging experiences to its customers in many different languages to help them improve their language skills. Users can chat about unlimited amount of topics with the app and use other modes to practice their language learning.","email":"support@talkpal.ai","legalName":"Talkpal, Inc.","foundingDate":"2023-04-03","duns":"118989042","numberOfEmployees":{"@type":"QuantitativeValue","minValue":"11","maxValue":"50"},"publishingPrinciples":"https:\/\/talkpal.ai\/publishing-principles\/","actionableFeedbackPolicy":"https:\/\/talkpal.ai\/actionable-feedback-policy\/","correctionsPolicy":"https:\/\/talkpal.ai\/corrections-policy\/","ethicsPolicy":"https:\/\/talkpal.ai\/ethics-policy\/","diversityPolicy":"https:\/\/talkpal.ai\/diversity-policy\/","diversityStaffingReport":"https:\/\/talkpal.ai\/diversity-policy\/"}]}},"_links":{"self":[{"href":"https:\/\/talkpal.ai\/no\/wp-json\/wp\/v2\/pages\/130425","targetHints":{"allow":["GET"]}}],"collection":[{"href":"https:\/\/talkpal.ai\/no\/wp-json\/wp\/v2\/pages"}],"about":[{"href":"https:\/\/talkpal.ai\/no\/wp-json\/wp\/v2\/types\/page"}],"author":[{"embeddable":true,"href":"https:\/\/talkpal.ai\/no\/wp-json\/wp\/v2\/users\/1"}],"replies":[{"embeddable":true,"href":"https:\/\/talkpal.ai\/no\/wp-json\/wp\/v2\/comments?post=130425"}],"version-history":[{"count":0,"href":"https:\/\/talkpal.ai\/no\/wp-json\/wp\/v2\/pages\/130425\/revisions"}],"wp:featuredmedia":[{"embeddable":true,"href":"https:\/\/talkpal.ai\/no\/wp-json\/wp\/v2\/media\/107505"}],"wp:attachment":[{"href":"https:\/\/talkpal.ai\/no\/wp-json\/wp\/v2\/media?parent=130425"}],"curies":[{"name":"wp","href":"https:\/\/api.w.org\/{rel}","templated":true}]}}