{"id":130116,"date":"2023-05-14T13:51:46","date_gmt":"2023-05-14T13:51:46","guid":{"rendered":"http:\/\/talkpal.ai\/portugisisk-grammatikk\/"},"modified":"2025-12-11T16:46:47","modified_gmt":"2025-12-11T16:46:47","slug":"portugisisk-grammatikk","status":"publish","type":"page","link":"https:\/\/talkpal.ai\/no\/portugisisk-grammatikk\/","title":{"rendered":"Portugisisk grammatikk"},"content":{"rendered":"\r\n\r\n\r\n<section class=\"languageChallengeSection\">\r\n    <div class=\"languageInfoWrapper\">\r\n        \r\n        <h1>Portugisisk grammatikk<\/h1>\r\n        <p>Utforsk det grunnleggende i <a href=\"https:\/\/talkpal.ai\/no\/laer-portugisisk\/\">portugisisk grammatikk<\/a> og f\u00e5 tilgang til en verden av muligheter for \u00e5 komme i kontakt med millioner av portugisisktalende verden over. N\u00e5r du behersker de viktigste reglene og strukturene, vil du v\u00e6re klar til \u00e5 kommunisere med selvtillit og nyte den portugisiske kulturen fullt ut. Begynn \u00e5 l\u00e6re <a href=\"https:\/\/talkpal.ai\/learn-portuguese\/\">portugisisk<\/a> <a href=\"https:\/\/talkpal.ai\/grammar\/\">grammatikk<\/a> i dag og ta ditt f\u00f8rste skritt mot flytende portugisisk!<\/p>\r\n\r\n                            <a class=\"getStartedHidden\" href=\"https:\/\/app.talkpal.ai\/no\/signup?lng=\">Kom i gang<\/a>\r\n        \r\n    <\/div>\r\n\r\n    <figure>\r\n    <img decoding=\"async\" width=\"768\" height=\"768\" src=\"https:\/\/talkpal.ai\/wp-content\/uploads\/2023\/06\/portuguese-768x768.png\" class=\"languageImage no-lazy\" alt=\"Language learning for broader world view\" fetchpriority=\"high\" sizes=\"(max-width: 768px) 150px, 768px\" srcset=\"https:\/\/talkpal.ai\/wp-content\/uploads\/2023\/06\/portuguese-768x768.png 768w, https:\/\/talkpal.ai\/wp-content\/uploads\/2023\/06\/portuguese-300x300.png 300w\" \/>\r\n    \r\n\r\n    <\/figure>\r\n\r\n            <a class=\"getStartedVisible\" href=\"https:\/\/app.talkpal.ai\/no\/signup?lng=\">Kom i gang<\/a>\r\n    \r\n<\/section>\r\n<section class=\"promotionalBanner\">\r\n    <p class=\"promotionalText\">Den mest effektive m\u00e5ten \u00e5 l\u00e6re et spr\u00e5k p\u00e5<\/p>\r\n    <a class=\"promotionalLink\" href=\"https:\/\/app.talkpal.ai\/no\/signup?lng=\">Pr\u00f8v Talkpal gratis<\/a>\r\n<\/section>\n<div class=\"wp-block-group pageContainerStyle\"><div class=\"wp-block-group__inner-container is-layout-constrained wp-block-group-is-layout-constrained\">\n<h2 class=\"wp-block-heading\" id=\"h-a-beginner-s-guide-to-understanding-portuguese-grammar\">En nybegynnerguide til \u00e5 forst\u00e5 portugisisk grammatikk<\/h2>\n\n\n\n<p>Enten du planlegger en reise til <a href=\"https:\/\/talkpal.ai\/locations\/language-courses-in-portugal\/\">Portugal<\/a> eller bare er interessert i \u00e5 l\u00e6re deg et nytt spr\u00e5k, kan det \u00e5 l\u00e6re portugisisk v\u00e6re en spennende og givende opplevelse. Et viktig aspekt ved portugisisk spr\u00e5kl\u00e6ring, som alle andre, er \u00e5 forst\u00e5 grammatikken. Denne artikkelen vil guide deg gjennom det grunnleggende om portugisisk grammatikk, og gi deg viktige tips og innsikt for \u00e5 hjelpe deg med \u00e5 navigere og kommunisere uten problemer. S\u00e5 hvis du har ventet p\u00e5 \u00e5 dykke ned i en verden av portugisisk, la <a href=\"https:\/\/talkpal.ai\/locations\/language-courses-in-oss\/\">oss<\/a> komme i gang!<\/p>\n\n\n\n<h3 class=\"wp-block-heading\" id=\"h-1-the-basics-nouns-pronouns-and-articles\">1. Grunnleggende: Substantiv, pronomen og artikler<\/h3>\n\n\n\n<p>Som p\u00e5 <a href=\"https:\/\/talkpal.ai\/learn-english-with-ai\/\">engelsk<\/a> er portugisisk grammatikk bygget rundt substantiv, pronomen og artikler. Substantiv p\u00e5 portugisisk kan v\u00e6re hankj\u00f8nn eller hunkj\u00f8nn, og det er viktig \u00e5 fastsl\u00e5 kj\u00f8nnet for \u00e5 kunne danne en korrekt setning. For eksempel oversettes &laquo;o menino&raquo; til &laquo;gutten&raquo;, mens &laquo;a menina&raquo; oversettes til &laquo;jenta&raquo;.<\/p>\n\n\n\n<p>Pronomen p\u00e5 portugisisk fungerer i likhet med engelsk som erstatninger for substantiver. De har ogs\u00e5 kj\u00f8nn. Personlige pronomen inkluderer eu (I), voc\u00ea\/tu (du), ele\/ela (han\/hun), n\u00f3s (vi) og eles\/elas (de).<\/p>\n\n\n\n<p>Bestemte artikler (den) og ubestemte artikler (a\/an) er ogs\u00e5 kj\u00f8nnsspesifikke og er avgj\u00f8rende for riktig setningskonstruksjon. P\u00e5 portugisisk er de bestemte artiklene &laquo;o&raquo; (maskulinum) og &laquo;a&raquo; (femininum), og de ubestemte artiklene er &laquo;um&raquo; (maskulinum) og &laquo;uma&raquo; (femininum).<\/p>\n\n\n\n<h3 class=\"wp-block-heading\" id=\"h-2-adjectives-and-adverbs-add-spice-to-your-sentences\">2. Adjektiver og adverb: Legg krydder til setningene dine<\/h3>\n\n\n\n<p>Adjektiver er ord som beskriver eller modifiserer substantiver, og som substantiver har de kj\u00f8nn. Vanligvis er adjektiver som ender p\u00e5 &laquo;o&raquo; maskuline, mens de som ender p\u00e5 &laquo;a&raquo; er feminine. Det er viktig at adjektivets kj\u00f8nn stemmer overens med substantivet det beskriver. For eksempel kan &laquo;homem alto&raquo; oversettes til &laquo;h\u00f8y mann&raquo;, mens &laquo;mulher alta&raquo; betyr &laquo;h\u00f8y kvinne&raquo;.<\/p>\n\n\n\n<p>Adverb, derimot, endrer verb, adjektiver eller andre adverb. P\u00e5 portugisisk har adverb vanligvis ikke kj\u00f8nnsspesifikke former. Noen vanlige adverbialer er &laquo;rapidamente&raquo; (raskt), &laquo;lentamente&raquo; (langsomt) og &laquo;sempre&raquo; (alltid).<\/p>\n\n\n\n<h3 class=\"wp-block-heading\" id=\"h-3-verbs-the-action-words\">3. Verb: Handlingsordene<\/h3>\n\n\n\n<p>Portugisiske verb er klassifisert i tre b\u00f8yningsgrupper (-ar, -er, -ir), og formene deres endres avhengig av tid og emne. Dette er noen av de viktigste formene du trenger \u00e5 kunne:<\/p>\n\n\n\n<p>&#8211; Presens (presens): Beskriver handlinger som skjer n\u00e5, eller vanemessige handlinger.<br\/>&#8211; Fortid (Pret\u00e9rito): Beskriver handlinger som skjedde i fortiden. Det er to typer: <a href=\"https:\/\/talkpal.ai\/grammar\/preterite-perfect-in-portuguese-grammar\/\">Pret\u00e9rito Perfeito<\/a> (enkel fortid) og Pret\u00e9rito Imperfeito (fortid kontinuerlig).<br\/>&#8211; Fremtidsform (Futuro): Beskriver handlinger som vil skje i fremtiden.<\/p>\n\n\n\n<p>\u00c5 mestre verb\u00f8yning kan v\u00e6re en utfordring p\u00e5 portugisisk, men \u00f8velse og konsistens vil hjelpe deg \u00e5 forst\u00e5 det mer effektivt.<\/p>\n\n\n\n<h3 class=\"wp-block-heading\" id=\"h-4-word-order-building-understandable-sentences\">4. Ordrekkef\u00f8lge: Bygge forst\u00e5elige setninger<\/h3>\n\n\n\n<p>Den typiske portugisiske setningsstrukturen f\u00f8lger Subject-Verb-Object (SVO) rekkef\u00f8lgen. For eksempel f\u00f8lger setningen &laquo;Eu amo pizza&raquo; (&laquo;Jeg elsker pizza&raquo;) dette m\u00f8nsteret. Portugisisk grammatikk kan imidlertid v\u00e6re ganske fleksibel, og du kan st\u00f8te p\u00e5 variasjoner i ordrekkef\u00f8lge, spesielt i litteratur eller uformelle samtaler. Kontekst og sunn fornuft er avgj\u00f8rende for \u00e5 forst\u00e5 disse variasjonene.<\/p>\n\n\n\n<h3 class=\"wp-block-heading\" id=\"h-5-negation-and-interrogation-say-no-and-ask-questions\">5. Negasjon og avh\u00f8r: Si nei og still sp\u00f8rsm\u00e5l<\/h3>\n\n\n\n<p>For \u00e5 negere en setning p\u00e5 portugisisk plasserer du ganske enkelt ordet &laquo;n\u00e3o&raquo; foran verbet. For eksempel betyr &laquo;Eu n\u00e3o falo portugu\u00eas&raquo; &laquo;Jeg snakker ikke portugisisk&raquo;.<\/p>\n\n\n\n<p>For \u00e5 gj\u00f8re et utsagn om til et sp\u00f8rsm\u00e5l p\u00e5 portugisisk kan du enten endre ordstillingen eller bruke et sp\u00f8rrende ord (som &laquo;quem&raquo; for &laquo;hvem&raquo;, &laquo;o que&raquo; for &laquo;hva&raquo; eller &laquo;onde&raquo; for &laquo;hvor&raquo;). &laquo;Voc\u00ea fala ingl\u00eas?&raquo; kan for eksempel oversettes til &laquo;Snakker du engelsk?&raquo;.<\/p>\n\n\n\n<h3 class=\"wp-block-heading\" id=\"h-conclusion\">Konklusjon<\/h3>\n\n\n\n<p>\u00c5 l\u00e6re portugisisk grammatikk kan virke avskrekkende, men ikke bli motl\u00f8s! Alle spr\u00e5k har sine kompleksiteter, men med konsekvens, \u00f8velse og litt t\u00e5lmodighet vil du komme til \u00e5 kommunisere trygt og effektivt. Husk at det \u00e5 l\u00e6re grammatikk bare er en del av spr\u00e5ktilegnelsen, og du b\u00f8r ogs\u00e5 trene p\u00e5 \u00e5 lytte, snakke og lese p\u00e5 portugisisk. Boa sorte! (Lykke til!)<\/p>\n<\/div><\/div>\n\r\n<section class=\"learnNavigationSection\">\r\n            \r\n        <a href=\"https:\/\/talkpal.ai\/no\/laer-portugisisk\/\">\r\n            <div class=\"learnNavigationWrapper\">\r\n                <div class=\"learnNavigationContent\">\r\n                    <img decoding=\"async\" src=\"https:\/\/talkpal.ai\/wp-content\/uploads\/2024\/08\/Portuguese.jpg\" alt=\"Portuguese Flag\">\r\n                    <div>\r\n                        <h4>Om Portugal Learning<\/h4>\r\n                        <p>Finn ut alt om Portugals grammatikk.<\/p>\r\n                    <\/div>\r\n                <\/div>\r\n            <\/div>\r\n        <\/a>\r\n\r\n        \r\n        <a href=\"https:\/\/talkpal.ai\/no\/portugisiske-grammatikkovelser\/\">\r\n            <div class=\"learnNavigationWrapper\">\r\n                <div class=\"learnNavigationContent\">\r\n                    <img decoding=\"async\" src=\"https:\/\/talkpal.ai\/wp-content\/uploads\/2024\/08\/Portuguese.jpg\" alt=\"Portuguese Flag\">\r\n                    <div>\r\n                        <h4>\u00d8velse i portugisisk grammatikk<\/h4>\r\n                        <p>\u00d8v p\u00e5 portugisisk grammatikk.<\/p>\r\n                    <\/div>\r\n                <\/div>\r\n            <\/div>\r\n        <\/a>\r\n\r\n        \r\n        <a href=\"https:\/\/talkpal.ai\/vocabulary_language\/portuguese\/\">\r\n            <div class=\"learnNavigationWrapper\">\r\n                <div class=\"learnNavigationContent\">\r\n                    <img decoding=\"async\" src=\"https:\/\/talkpal.ai\/wp-content\/uploads\/2024\/08\/Portuguese.jpg\" alt=\"Portuguese Flag\">\r\n                    <div>\r\n                        <h4>Portugisisk ordforr\u00e5d<\/h4>\r\n                        <p>Utvid ordforr\u00e5det ditt p\u00e5 portugisisk.<\/p>\r\n                    <\/div>\r\n                <\/div>\r\n            <\/div>\r\n        <\/a>\r\n\r\n            <\/section>","protected":false},"excerpt":{"rendered":"<p>En nybegynnerguide til \u00e5 forst\u00e5 portugisisk grammatikk Enten du planlegger en reise til Portugal eller bare er interessert i \u00e5 l\u00e6re deg et nytt spr\u00e5k, kan det \u00e5 l\u00e6re portugisisk v\u00e6re en spennende og givende opplevelse. Et viktig aspekt ved portugisisk spr\u00e5kl\u00e6ring, som alle andre, er \u00e5 forst\u00e5 grammatikken. Denne artikkelen vil guide deg gjennom [&hellip;]<\/p>\n","protected":false},"author":1,"featured_media":107738,"parent":0,"menu_order":0,"comment_status":"closed","ping_status":"closed","template":"LearningContentPage.php","meta":{"_acf_changed":false,"footnotes":""},"class_list":["post-130116","page","type-page","status-publish","has-post-thumbnail","hentry"],"acf":[],"yoast_head":"<!-- This site is optimized with the Yoast SEO Premium plugin v27.2 (Yoast SEO v27.2) - https:\/\/yoast.com\/product\/yoast-seo-premium-wordpress\/ -->\n<title>Portugisisk grammatikk - Talkpal<\/title>\n<meta name=\"description\" content=\"Behersk portugisisk grammatikk med interaktive \u00f8velser for alle ferdighetsniv\u00e5er. Forbedre spr\u00e5kferdighetene dine!\" \/>\n<meta name=\"robots\" content=\"index, follow, max-snippet:-1, max-image-preview:large, max-video-preview:-1\" \/>\n<link rel=\"canonical\" href=\"https:\/\/talkpal.ai\/no\/portugisisk-grammatikk\/\" \/>\n<meta property=\"og:locale\" content=\"nb_NO\" \/>\n<meta property=\"og:type\" content=\"article\" \/>\n<meta property=\"og:title\" content=\"Portugisisk grammatikk\" \/>\n<meta property=\"og:description\" content=\"En nybegynnerguide til \u00e5 forst\u00e5 portugisisk grammatikk Enten du planlegger en reise til Portugal eller bare er interessert i \u00e5 l\u00e6re deg et nytt spr\u00e5k, kan\" \/>\n<meta property=\"og:url\" content=\"https:\/\/talkpal.ai\/no\/portugisisk-grammatikk\/\" \/>\n<meta property=\"og:site_name\" content=\"Talkpal\" \/>\n<meta property=\"article:publisher\" content=\"https:\/\/www.facebook.com\/profile.php?id=100090733639311\" \/>\n<meta property=\"article:modified_time\" content=\"2025-12-11T16:46:47+00:00\" \/>\n<meta property=\"og:image\" content=\"https:\/\/talkpal.ai\/wp-content\/uploads\/2023\/04\/portugal.png\" \/>\n\t<meta property=\"og:image:width\" content=\"512\" \/>\n\t<meta property=\"og:image:height\" content=\"512\" \/>\n\t<meta property=\"og:image:type\" content=\"image\/png\" \/>\n<meta name=\"twitter:card\" content=\"summary_large_image\" \/>\n<meta name=\"twitter:site\" content=\"@talkpalai\" \/>\n<meta name=\"twitter:label1\" content=\"Ansl. lesetid\" \/>\n\t<meta name=\"twitter:data1\" content=\"3 minutter\" \/>\n<script type=\"application\/ld+json\" class=\"yoast-schema-graph\">{\"@context\":\"https:\/\/schema.org\",\"@graph\":[{\"@type\":\"WebPage\",\"@id\":\"https:\/\/talkpal.ai\/no\/portugisisk-grammatikk\/\",\"url\":\"https:\/\/talkpal.ai\/no\/portugisisk-grammatikk\/\",\"name\":\"Portugisisk grammatikk - Talkpal\",\"isPartOf\":{\"@id\":\"https:\/\/talkpal.ai\/no\/#website\"},\"primaryImageOfPage\":{\"@id\":\"https:\/\/talkpal.ai\/no\/portugisisk-grammatikk\/#primaryimage\"},\"image\":{\"@id\":\"https:\/\/talkpal.ai\/no\/portugisisk-grammatikk\/#primaryimage\"},\"thumbnailUrl\":\"https:\/\/talkpal.ai\/wp-content\/uploads\/2023\/04\/portugal.png\",\"datePublished\":\"2023-05-14T13:51:46+00:00\",\"dateModified\":\"2025-12-11T16:46:47+00:00\",\"description\":\"Behersk portugisisk grammatikk med interaktive \u00f8velser for alle ferdighetsniv\u00e5er. Forbedre spr\u00e5kferdighetene dine!\",\"breadcrumb\":{\"@id\":\"https:\/\/talkpal.ai\/no\/portugisisk-grammatikk\/#breadcrumb\"},\"inLanguage\":\"nb-NO\",\"potentialAction\":[{\"@type\":\"ReadAction\",\"target\":[\"https:\/\/talkpal.ai\/no\/portugisisk-grammatikk\/\"]}]},{\"@type\":\"ImageObject\",\"inLanguage\":\"nb-NO\",\"@id\":\"https:\/\/talkpal.ai\/no\/portugisisk-grammatikk\/#primaryimage\",\"url\":\"https:\/\/talkpal.ai\/wp-content\/uploads\/2023\/04\/portugal.png\",\"contentUrl\":\"https:\/\/talkpal.ai\/wp-content\/uploads\/2023\/04\/portugal.png\",\"width\":512,\"height\":512},{\"@type\":\"BreadcrumbList\",\"@id\":\"https:\/\/talkpal.ai\/no\/portugisisk-grammatikk\/#breadcrumb\",\"itemListElement\":[{\"@type\":\"ListItem\",\"position\":1,\"name\":\"Homepage\",\"item\":\"https:\/\/talkpal.ai\/no\/\"},{\"@type\":\"ListItem\",\"position\":2,\"name\":\"Portugisisk grammatikk\"}]},{\"@type\":\"WebSite\",\"@id\":\"https:\/\/talkpal.ai\/no\/#website\",\"url\":\"https:\/\/talkpal.ai\/no\/\",\"name\":\"Talkpal\",\"description\":\"AI Language Learning\",\"publisher\":{\"@id\":\"https:\/\/talkpal.ai\/no\/#organization\"},\"alternateName\":\"Talkpal AI\",\"potentialAction\":[{\"@type\":\"SearchAction\",\"target\":{\"@type\":\"EntryPoint\",\"urlTemplate\":\"https:\/\/talkpal.ai\/no\/?s={search_term_string}\"},\"query-input\":{\"@type\":\"PropertyValueSpecification\",\"valueRequired\":true,\"valueName\":\"search_term_string\"}}],\"inLanguage\":\"nb-NO\"},{\"@type\":\"Organization\",\"@id\":\"https:\/\/talkpal.ai\/no\/#organization\",\"name\":\"Talkpal, Inc.\",\"alternateName\":\"Talkpal AI\",\"url\":\"https:\/\/talkpal.ai\/no\/\",\"logo\":{\"@type\":\"ImageObject\",\"inLanguage\":\"nb-NO\",\"@id\":\"https:\/\/talkpal.ai\/no\/#\/schema\/logo\/image\/\",\"url\":\"https:\/\/talkpal.ai\/wp-content\/uploads\/2024\/03\/Talkpal-Logo-Icon.png\",\"contentUrl\":\"https:\/\/talkpal.ai\/wp-content\/uploads\/2024\/03\/Talkpal-Logo-Icon.png\",\"width\":2880,\"height\":2880,\"caption\":\"Talkpal, Inc.\"},\"image\":{\"@id\":\"https:\/\/talkpal.ai\/no\/#\/schema\/logo\/image\/\"},\"sameAs\":[\"https:\/\/www.facebook.com\/profile.php?id=100090733639311\",\"https:\/\/x.com\/talkpalai\",\"https:\/\/www.linkedin.com\/company\/talkpal\/\",\"https:\/\/www.youtube.com\/@TalkPal\/\",\"https:\/\/www.tiktok.com\/@talkpal\",\"https:\/\/www.instagram.com\/talkpal_ai\/\",\"https:\/\/www.crunchbase.com\/organization\/talkpal-9cde\",\"https:\/\/www.g2.com\/products\/talkpal-for-business\/\",\"https:\/\/www.trustpilot.com\/review\/talkpal.ai\",\"https:\/\/www.capterra.com\/p\/10006800\/TalkPal\/\"],\"description\":\"Talkpal is a language learning web and mobile education app, powered by the latest AI technologies, that provides engaging experiences to its customers in many different languages to help them improve their language skills. Users can chat about unlimited amount of topics with the app and use other modes to practice their language learning.\",\"email\":\"support@talkpal.ai\",\"legalName\":\"Talkpal, Inc.\",\"foundingDate\":\"2023-04-03\",\"duns\":\"118989042\",\"numberOfEmployees\":{\"@type\":\"QuantitativeValue\",\"minValue\":\"11\",\"maxValue\":\"50\"},\"publishingPrinciples\":\"https:\/\/talkpal.ai\/publishing-principles\/\",\"actionableFeedbackPolicy\":\"https:\/\/talkpal.ai\/actionable-feedback-policy\/\",\"correctionsPolicy\":\"https:\/\/talkpal.ai\/corrections-policy\/\",\"ethicsPolicy\":\"https:\/\/talkpal.ai\/ethics-policy\/\",\"diversityPolicy\":\"https:\/\/talkpal.ai\/diversity-policy\/\",\"diversityStaffingReport\":\"https:\/\/talkpal.ai\/diversity-policy\/\"}]}<\/script>\n<!-- \/ Yoast SEO Premium plugin. -->","yoast_head_json":{"title":"Portugisisk grammatikk - Talkpal","description":"Behersk portugisisk grammatikk med interaktive \u00f8velser for alle ferdighetsniv\u00e5er. Forbedre spr\u00e5kferdighetene dine!","robots":{"index":"index","follow":"follow","max-snippet":"max-snippet:-1","max-image-preview":"max-image-preview:large","max-video-preview":"max-video-preview:-1"},"canonical":"https:\/\/talkpal.ai\/no\/portugisisk-grammatikk\/","og_locale":"nb_NO","og_type":"article","og_title":"Portugisisk grammatikk","og_description":"En nybegynnerguide til \u00e5 forst\u00e5 portugisisk grammatikk Enten du planlegger en reise til Portugal eller bare er interessert i \u00e5 l\u00e6re deg et nytt spr\u00e5k, kan","og_url":"https:\/\/talkpal.ai\/no\/portugisisk-grammatikk\/","og_site_name":"Talkpal","article_publisher":"https:\/\/www.facebook.com\/profile.php?id=100090733639311","article_modified_time":"2025-12-11T16:46:47+00:00","og_image":[{"width":512,"height":512,"url":"https:\/\/talkpal.ai\/wp-content\/uploads\/2023\/04\/portugal.png","type":"image\/png"}],"twitter_card":"summary_large_image","twitter_site":"@talkpalai","twitter_misc":{"Ansl. lesetid":"3 minutter"},"schema":{"@context":"https:\/\/schema.org","@graph":[{"@type":"WebPage","@id":"https:\/\/talkpal.ai\/no\/portugisisk-grammatikk\/","url":"https:\/\/talkpal.ai\/no\/portugisisk-grammatikk\/","name":"Portugisisk grammatikk - Talkpal","isPartOf":{"@id":"https:\/\/talkpal.ai\/no\/#website"},"primaryImageOfPage":{"@id":"https:\/\/talkpal.ai\/no\/portugisisk-grammatikk\/#primaryimage"},"image":{"@id":"https:\/\/talkpal.ai\/no\/portugisisk-grammatikk\/#primaryimage"},"thumbnailUrl":"https:\/\/talkpal.ai\/wp-content\/uploads\/2023\/04\/portugal.png","datePublished":"2023-05-14T13:51:46+00:00","dateModified":"2025-12-11T16:46:47+00:00","description":"Behersk portugisisk grammatikk med interaktive \u00f8velser for alle ferdighetsniv\u00e5er. Forbedre spr\u00e5kferdighetene dine!","breadcrumb":{"@id":"https:\/\/talkpal.ai\/no\/portugisisk-grammatikk\/#breadcrumb"},"inLanguage":"nb-NO","potentialAction":[{"@type":"ReadAction","target":["https:\/\/talkpal.ai\/no\/portugisisk-grammatikk\/"]}]},{"@type":"ImageObject","inLanguage":"nb-NO","@id":"https:\/\/talkpal.ai\/no\/portugisisk-grammatikk\/#primaryimage","url":"https:\/\/talkpal.ai\/wp-content\/uploads\/2023\/04\/portugal.png","contentUrl":"https:\/\/talkpal.ai\/wp-content\/uploads\/2023\/04\/portugal.png","width":512,"height":512},{"@type":"BreadcrumbList","@id":"https:\/\/talkpal.ai\/no\/portugisisk-grammatikk\/#breadcrumb","itemListElement":[{"@type":"ListItem","position":1,"name":"Homepage","item":"https:\/\/talkpal.ai\/no\/"},{"@type":"ListItem","position":2,"name":"Portugisisk grammatikk"}]},{"@type":"WebSite","@id":"https:\/\/talkpal.ai\/no\/#website","url":"https:\/\/talkpal.ai\/no\/","name":"Talkpal","description":"AI Language Learning","publisher":{"@id":"https:\/\/talkpal.ai\/no\/#organization"},"alternateName":"Talkpal AI","potentialAction":[{"@type":"SearchAction","target":{"@type":"EntryPoint","urlTemplate":"https:\/\/talkpal.ai\/no\/?s={search_term_string}"},"query-input":{"@type":"PropertyValueSpecification","valueRequired":true,"valueName":"search_term_string"}}],"inLanguage":"nb-NO"},{"@type":"Organization","@id":"https:\/\/talkpal.ai\/no\/#organization","name":"Talkpal, Inc.","alternateName":"Talkpal AI","url":"https:\/\/talkpal.ai\/no\/","logo":{"@type":"ImageObject","inLanguage":"nb-NO","@id":"https:\/\/talkpal.ai\/no\/#\/schema\/logo\/image\/","url":"https:\/\/talkpal.ai\/wp-content\/uploads\/2024\/03\/Talkpal-Logo-Icon.png","contentUrl":"https:\/\/talkpal.ai\/wp-content\/uploads\/2024\/03\/Talkpal-Logo-Icon.png","width":2880,"height":2880,"caption":"Talkpal, Inc."},"image":{"@id":"https:\/\/talkpal.ai\/no\/#\/schema\/logo\/image\/"},"sameAs":["https:\/\/www.facebook.com\/profile.php?id=100090733639311","https:\/\/x.com\/talkpalai","https:\/\/www.linkedin.com\/company\/talkpal\/","https:\/\/www.youtube.com\/@TalkPal\/","https:\/\/www.tiktok.com\/@talkpal","https:\/\/www.instagram.com\/talkpal_ai\/","https:\/\/www.crunchbase.com\/organization\/talkpal-9cde","https:\/\/www.g2.com\/products\/talkpal-for-business\/","https:\/\/www.trustpilot.com\/review\/talkpal.ai","https:\/\/www.capterra.com\/p\/10006800\/TalkPal\/"],"description":"Talkpal is a language learning web and mobile education app, powered by the latest AI technologies, that provides engaging experiences to its customers in many different languages to help them improve their language skills. Users can chat about unlimited amount of topics with the app and use other modes to practice their language learning.","email":"support@talkpal.ai","legalName":"Talkpal, Inc.","foundingDate":"2023-04-03","duns":"118989042","numberOfEmployees":{"@type":"QuantitativeValue","minValue":"11","maxValue":"50"},"publishingPrinciples":"https:\/\/talkpal.ai\/publishing-principles\/","actionableFeedbackPolicy":"https:\/\/talkpal.ai\/actionable-feedback-policy\/","correctionsPolicy":"https:\/\/talkpal.ai\/corrections-policy\/","ethicsPolicy":"https:\/\/talkpal.ai\/ethics-policy\/","diversityPolicy":"https:\/\/talkpal.ai\/diversity-policy\/","diversityStaffingReport":"https:\/\/talkpal.ai\/diversity-policy\/"}]}},"_links":{"self":[{"href":"https:\/\/talkpal.ai\/no\/wp-json\/wp\/v2\/pages\/130116","targetHints":{"allow":["GET"]}}],"collection":[{"href":"https:\/\/talkpal.ai\/no\/wp-json\/wp\/v2\/pages"}],"about":[{"href":"https:\/\/talkpal.ai\/no\/wp-json\/wp\/v2\/types\/page"}],"author":[{"embeddable":true,"href":"https:\/\/talkpal.ai\/no\/wp-json\/wp\/v2\/users\/1"}],"replies":[{"embeddable":true,"href":"https:\/\/talkpal.ai\/no\/wp-json\/wp\/v2\/comments?post=130116"}],"version-history":[{"count":0,"href":"https:\/\/talkpal.ai\/no\/wp-json\/wp\/v2\/pages\/130116\/revisions"}],"wp:featuredmedia":[{"embeddable":true,"href":"https:\/\/talkpal.ai\/no\/wp-json\/wp\/v2\/media\/107738"}],"wp:attachment":[{"href":"https:\/\/talkpal.ai\/no\/wp-json\/wp\/v2\/media?parent=130116"}],"curies":[{"name":"wp","href":"https:\/\/api.w.org\/{rel}","templated":true}]}}