{"id":129677,"date":"2023-05-14T13:51:09","date_gmt":"2023-05-14T13:51:09","guid":{"rendered":"http:\/\/talkpal.ai\/japansk-grammatikk\/"},"modified":"2025-12-11T16:43:26","modified_gmt":"2025-12-11T16:43:26","slug":"japansk-grammatikk","status":"publish","type":"page","link":"https:\/\/talkpal.ai\/no\/japansk-grammatikk\/","title":{"rendered":"Japansk grammatikk"},"content":{"rendered":"\r\n\r\n\r\n<section class=\"languageChallengeSection\">\r\n    <div class=\"languageInfoWrapper\">\r\n        \r\n        <h1>Japansk grammatikk<\/h1>\r\n        <p>Forbedre dine japanskkunnskaper ved \u00e5 <a href=\"https:\/\/talkpal.ai\/locations\/language-courses-in-mestre\/\">mestre<\/a> viktige grammatikkpunkter med tydelige forklaringer og eksempler. Begynn din reise mot flytende <a href=\"https:\/\/talkpal.ai\/japanese-grammar\/\">japansk grammatikk<\/a> i dag!<\/p>\r\n\r\n                            <a class=\"getStartedHidden\" href=\"https:\/\/app.talkpal.ai\/no\/signup?lng=\">Kom i gang<\/a>\r\n        \r\n    <\/div>\r\n\r\n    <figure>\r\n    <img decoding=\"async\" width=\"768\" height=\"768\" src=\"https:\/\/talkpal.ai\/wp-content\/uploads\/2023\/06\/japanese-768x768.png\" class=\"languageImage no-lazy\" alt=\"Language learning for world travelers\" fetchpriority=\"high\" sizes=\"(max-width: 768px) 150px, 768px\" srcset=\"https:\/\/talkpal.ai\/wp-content\/uploads\/2023\/06\/japanese-768x768.png 768w, https:\/\/talkpal.ai\/wp-content\/uploads\/2023\/06\/japanese-300x300.png 300w\" \/>\r\n    \r\n\r\n    <\/figure>\r\n\r\n            <a class=\"getStartedVisible\" href=\"https:\/\/app.talkpal.ai\/no\/signup?lng=\">Kom i gang<\/a>\r\n    \r\n<\/section>\r\n<section class=\"promotionalBanner\">\r\n    <p class=\"promotionalText\">Den mest effektive m\u00e5ten \u00e5 l\u00e6re et spr\u00e5k p\u00e5<\/p>\r\n    <a class=\"promotionalLink\" href=\"https:\/\/app.talkpal.ai\/no\/signup?lng=\">Pr\u00f8v Talkpal gratis<\/a>\r\n<\/section>\n<div class=\"wp-block-group pageContainerStyle\"><div class=\"wp-block-group__inner-container is-layout-constrained wp-block-group-is-layout-constrained\">\n<h2 class=\"wp-block-heading\" id=\"h-mastering-the-intricacies-of-japanese-grammar\">Mestring av forviklingene i japansk grammatikk<\/h2>\n\n\n\n<p><a href=\"https:\/\/talkpal.ai\/talkpal-discount-for-language-enthusiasts\/\">Spr\u00e5kentusiaster<\/a> synes ofte at <a href=\"https:\/\/talkpal.ai\/learn-japanese\/\">japansk<\/a> er et fascinerende og utfordrende spr\u00e5k \u00e5 l\u00e6re, hovedsakelig p\u00e5 grunn av dets unike grammatikksystem. Til tross for dette kan det \u00e5 forst\u00e5 japansk <a href=\"https:\/\/talkpal.ai\/grammar\/\">grammatikk<\/a> forbedre kommunikasjonsferdighetene og den kulturelle forst\u00e5elsen betraktelig. I denne artikkelen vil vi diskutere flere viktige aspekter ved japansk grammatikk for \u00e5 hjelpe deg p\u00e5 din spr\u00e5kl\u00e6ringsreise. S\u00e5 spenn deg fast, og la <a href=\"https:\/\/talkpal.ai\/locations\/language-courses-in-oss\/\">oss<\/a> dykke ned i den fengslende verdenen av japansk grammatikk.<\/p>\n\n\n\n<h3 class=\"wp-block-heading\" id=\"h-1-sentence-structure-sov\">1. Setningsstruktur: SOV<\/h3>\n\n\n\n<p>I motsetning til <a href=\"https:\/\/talkpal.ai\/learn-english-with-ai\/\">engelsk<\/a> (subjekt &#8211; verb &#8211; objekt eller SVO), f\u00f8lger japansk en subjekt &#8211; objekt &#8211; verb (SOV) setningsstruktur. Dette betyr at verbet vanligvis kommer sist i en setning. \u00c5 f\u00e5 taket p\u00e5 denne unike ordrekkef\u00f8lgen er viktig for \u00e5 danne forst\u00e5elige setninger p\u00e5 japansk.<\/p>\n\n\n\n<p>Eksempel:  <\/p>\n\n\n\n<p>&#8211; \u308f\u305f\u3057\u306f\u308a\u3093\u3054\u3092\u305f\u3079\u307e\u3059\u3002 (Jeg spiser et eple)<\/p>\n\n\n\n<p>&#8211; Watashi wa ringo o tabemasu. (tent. Jeg et eple spiser)<\/p>\n\n\n\n<h3 class=\"wp-block-heading\" id=\"h-2-particles-the-sentence-connectors\">2. Partikler: Setningsforbindelsene<\/h3>\n\n\n\n<p>Partikler spiller en avgj\u00f8rende rolle i japansk grammatikk ved at de markerer et ords funksjon i en setning. Noen vanlige partikler er \u306f (wa), \u3092 (o), \u304c (ga), \u3067 (de) og \u306b (ni). N\u00e5r du forst\u00e5r hvordan disse partiklene fungerer, vil du oppdage at det blir betydelig lettere \u00e5 tyde og konstruere japanske setninger.<\/p>\n\n\n\n<h3 class=\"wp-block-heading\" id=\"h-3-verbs-an-introduction-to-conjugation\">3. Verb: En introduksjon til b\u00f8ying<\/h3>\n\n\n\n<p>Japanske verb har tre hovedgrupper, som identifiseres ut fra grunnformens endelse. Disse gruppene vurderes n\u00e5r man konjugerer for anspenthet, h\u00f8flighet og hum\u00f8r. Den gode nyheten er at japanske verb ikke endres basert p\u00e5 emnet, noe som gj\u00f8r dem mindre komplekse enn de p\u00e5 noen andre spr\u00e5k.<\/p>\n\n\n\n<p>&#8211; Gruppe 1: U-verb<\/p>\n\n\n\n<p>&#8211; Gruppe 2: Ru-verb<\/p>\n\n\n\n<p>&#8211; Gruppe 3: Uregelmessige verb (kun to verb &#8211; \u3059\u308b (suru) og \u6765\u308b (kuru))<\/p>\n\n\n\n<h3 class=\"wp-block-heading\" id=\"h-4-politeness-levels\">4. H\u00f8flighetsniv\u00e5er<\/h3>\n\n\n\n<p>Japansk er et h\u00f8flighetsspr\u00e5k, og spr\u00e5kets grammatikk gjenspeiler dette. Det er tre prim\u00e6re h\u00f8flighetsniv\u00e5er: uformell, h\u00f8flig og \u00e6refull. \u00c5 gjenkjenne og bruke disse riktig er avgj\u00f8rende for naturlig og respektfull kommunikasjon.<\/p>\n\n\n\n<p>&#8211; Uformell: vanlige verbformer (f.eks. \u98df\u3079\u308b &#8211; taberu &#8211; \u00e5 spise)<\/p>\n\n\n\n<p>&#8211; H\u00f8flig: \u307e\u3059 (masu) b\u00f8yning (f.eks. \u98df\u3079\u307e\u3059 &#8211; tabemasu &#8211; \u00e5 spise (h\u00f8flig))<\/p>\n\n\n\n<p>&#8211; \u00c6resbetegnelse: spesielle b\u00f8yninger og prefikser (f.eks. \u304a\u53ec\u3057\u4e0a\u304c\u308a\u306b\u306a\u308b &#8211; omeshiagari ni naru &#8211; \u00e5 spise (\u00e6resbetegnelse))<\/p>\n\n\n\n<h3 class=\"wp-block-heading\" id=\"h-5-japanese-adjectives\">5. Japanske adjektiver<\/h3>\n\n\n\n<p>Japanske adjektiver kommer i to typer: i-adjektiver og na-adjektiver. Begge typene har unike b\u00f8yningsregler og samhandler med substantiv p\u00e5 forskjellig m\u00e5te. \u00c5 mestre bruken av disse to typene adjektiver er avgj\u00f8rende for effektiv kommunikasjon p\u00e5 japansk.<\/p>\n\n\n\n<h3 class=\"wp-block-heading\" id=\"h-6-engaging-with-the-language\">6. Engasjere seg med spr\u00e5ket<\/h3>\n\n\n\n<p>En av de mest effektive m\u00e5tene \u00e5 l\u00e6re japansk grammatikk p\u00e5 er \u00e5 engasjere seg konsekvent med spr\u00e5ket. Fra \u00e5 se japanske filmer og anime til \u00e5 delta i samtaleutveksling med morsm\u00e5l, \u00e5 fordype deg i spr\u00e5ket vil bidra til \u00e5 styrke grammatikkkonsepter og utvide ordforr\u00e5det ditt.<\/p>\n\n\n\n<h3 class=\"wp-block-heading\" id=\"h-conclusion\">Konklusjon<\/h3>\n\n\n\n<p>Selv om japansk grammatikk kan virke overveldende til \u00e5 begynne med, vil du med litt tid og engasjement kunne navigere deg gjennom kompleksiteten med letthet. N\u00f8kkelen er \u00e5 forbli nysgjerrig og trene regelmessig. Lykke til p\u00e5 reisen mot \u00e5 mestre japansk grammatikk, og nyt det spr\u00e5klige eventyret!<\/p>\n<\/div><\/div>\n\r\n<section class=\"learnNavigationSection\">\r\n            \r\n        <a href=\"https:\/\/talkpal.ai\/no\/laer-japansk\/\">\r\n            <div class=\"learnNavigationWrapper\">\r\n                <div class=\"learnNavigationContent\">\r\n                    <img decoding=\"async\" src=\"https:\/\/talkpal.ai\/wp-content\/uploads\/2024\/08\/Japanese.jpg\" alt=\"Japanese Flag\">\r\n                    <div>\r\n                        <h4>Om \u00e5 l\u00e6re japansk<\/h4>\r\n                        <p>Finn ut alt om japansk grammatikk.<\/p>\r\n                    <\/div>\r\n                <\/div>\r\n            <\/div>\r\n        <\/a>\r\n\r\n        \r\n        <a href=\"https:\/\/talkpal.ai\/no\/japanske-grammatikkovelser\/\">\r\n            <div class=\"learnNavigationWrapper\">\r\n                <div class=\"learnNavigationContent\">\r\n                    <img decoding=\"async\" src=\"https:\/\/talkpal.ai\/wp-content\/uploads\/2024\/08\/Japanese.jpg\" alt=\"Japanese Flag\">\r\n                    <div>\r\n                        <h4>\u00d8velse i japansk grammatikk<\/h4>\r\n                        <p>\u00d8v japansk grammatikk.<\/p>\r\n                    <\/div>\r\n                <\/div>\r\n            <\/div>\r\n        <\/a>\r\n\r\n        \r\n        <a href=\"https:\/\/talkpal.ai\/vocabulary_language\/japanese\/\">\r\n            <div class=\"learnNavigationWrapper\">\r\n                <div class=\"learnNavigationContent\">\r\n                    <img decoding=\"async\" src=\"https:\/\/talkpal.ai\/wp-content\/uploads\/2024\/08\/Japanese.jpg\" alt=\"Japanese Flag\">\r\n                    <div>\r\n                        <h4>Japansk ordforr\u00e5d<\/h4>\r\n                        <p>Utvid ordforr\u00e5det ditt p\u00e5 japansk.<\/p>\r\n                    <\/div>\r\n                <\/div>\r\n            <\/div>\r\n        <\/a>\r\n\r\n            <\/section>","protected":false},"excerpt":{"rendered":"<p>Mestring av forviklingene i japansk grammatikk Spr\u00e5kentusiaster synes ofte at japansk er et fascinerende og utfordrende spr\u00e5k \u00e5 l\u00e6re, hovedsakelig p\u00e5 grunn av dets unike grammatikksystem. Til tross for dette kan det \u00e5 forst\u00e5 japansk grammatikk forbedre kommunikasjonsferdighetene og den kulturelle forst\u00e5elsen betraktelig. I denne artikkelen vil vi diskutere flere viktige aspekter ved japansk grammatikk [&hellip;]<\/p>\n","protected":false},"author":1,"featured_media":107197,"parent":0,"menu_order":0,"comment_status":"closed","ping_status":"closed","template":"LearningContentPage.php","meta":{"_acf_changed":false,"footnotes":""},"class_list":["post-129677","page","type-page","status-publish","has-post-thumbnail","hentry"],"acf":[],"yoast_head":"<!-- This site is optimized with the Yoast SEO Premium plugin v27.2 (Yoast SEO v27.2) - https:\/\/yoast.com\/product\/yoast-seo-premium-wordpress\/ -->\n<title>Japansk grammatikk - Talkpal<\/title>\n<meta name=\"description\" content=\"L\u00e6r deg japansk grammatikk med v\u00e5r AI-app for spr\u00e5koppl\u00e6ring. Forbedre spr\u00e5kferdighetene dine enkelt gjennom Talkpal&#039;s AI-st\u00f8tte.\" \/>\n<meta name=\"robots\" content=\"index, follow, max-snippet:-1, max-image-preview:large, max-video-preview:-1\" \/>\n<link rel=\"canonical\" href=\"https:\/\/talkpal.ai\/no\/japansk-grammatikk\/\" \/>\n<meta property=\"og:locale\" content=\"nb_NO\" \/>\n<meta property=\"og:type\" content=\"article\" \/>\n<meta property=\"og:title\" content=\"Japansk grammatikk\" \/>\n<meta property=\"og:description\" content=\"Mestring av forviklingene i japansk grammatikk Spr\u00e5kentusiaster synes ofte at japansk er et fascinerende og utfordrende spr\u00e5k \u00e5 l\u00e6re, hovedsakelig p\u00e5\" \/>\n<meta property=\"og:url\" content=\"https:\/\/talkpal.ai\/no\/japansk-grammatikk\/\" \/>\n<meta property=\"og:site_name\" content=\"Talkpal\" \/>\n<meta property=\"article:publisher\" content=\"https:\/\/www.facebook.com\/profile.php?id=100090733639311\" \/>\n<meta property=\"article:modified_time\" content=\"2025-12-11T16:43:26+00:00\" \/>\n<meta property=\"og:image\" content=\"https:\/\/talkpal.ai\/wp-content\/uploads\/2023\/04\/japan.png\" \/>\n\t<meta property=\"og:image:width\" content=\"512\" \/>\n\t<meta property=\"og:image:height\" content=\"512\" \/>\n\t<meta property=\"og:image:type\" content=\"image\/png\" \/>\n<meta name=\"twitter:card\" content=\"summary_large_image\" \/>\n<meta name=\"twitter:site\" content=\"@talkpalai\" \/>\n<meta name=\"twitter:label1\" content=\"Ansl. lesetid\" \/>\n\t<meta name=\"twitter:data1\" content=\"2 minutter\" \/>\n<script type=\"application\/ld+json\" class=\"yoast-schema-graph\">{\"@context\":\"https:\/\/schema.org\",\"@graph\":[{\"@type\":\"WebPage\",\"@id\":\"https:\/\/talkpal.ai\/no\/japansk-grammatikk\/\",\"url\":\"https:\/\/talkpal.ai\/no\/japansk-grammatikk\/\",\"name\":\"Japansk grammatikk - Talkpal\",\"isPartOf\":{\"@id\":\"https:\/\/talkpal.ai\/no\/#website\"},\"primaryImageOfPage\":{\"@id\":\"https:\/\/talkpal.ai\/no\/japansk-grammatikk\/#primaryimage\"},\"image\":{\"@id\":\"https:\/\/talkpal.ai\/no\/japansk-grammatikk\/#primaryimage\"},\"thumbnailUrl\":\"https:\/\/talkpal.ai\/wp-content\/uploads\/2023\/04\/japan.png\",\"datePublished\":\"2023-05-14T13:51:09+00:00\",\"dateModified\":\"2025-12-11T16:43:26+00:00\",\"description\":\"L\u00e6r deg japansk grammatikk med v\u00e5r AI-app for spr\u00e5koppl\u00e6ring. Forbedre spr\u00e5kferdighetene dine enkelt gjennom Talkpal's AI-st\u00f8tte.\",\"breadcrumb\":{\"@id\":\"https:\/\/talkpal.ai\/no\/japansk-grammatikk\/#breadcrumb\"},\"inLanguage\":\"nb-NO\",\"potentialAction\":[{\"@type\":\"ReadAction\",\"target\":[\"https:\/\/talkpal.ai\/no\/japansk-grammatikk\/\"]}]},{\"@type\":\"ImageObject\",\"inLanguage\":\"nb-NO\",\"@id\":\"https:\/\/talkpal.ai\/no\/japansk-grammatikk\/#primaryimage\",\"url\":\"https:\/\/talkpal.ai\/wp-content\/uploads\/2023\/04\/japan.png\",\"contentUrl\":\"https:\/\/talkpal.ai\/wp-content\/uploads\/2023\/04\/japan.png\",\"width\":512,\"height\":512},{\"@type\":\"BreadcrumbList\",\"@id\":\"https:\/\/talkpal.ai\/no\/japansk-grammatikk\/#breadcrumb\",\"itemListElement\":[{\"@type\":\"ListItem\",\"position\":1,\"name\":\"Homepage\",\"item\":\"https:\/\/talkpal.ai\/no\/\"},{\"@type\":\"ListItem\",\"position\":2,\"name\":\"Japansk grammatikk\"}]},{\"@type\":\"WebSite\",\"@id\":\"https:\/\/talkpal.ai\/no\/#website\",\"url\":\"https:\/\/talkpal.ai\/no\/\",\"name\":\"Talkpal\",\"description\":\"AI Language Learning\",\"publisher\":{\"@id\":\"https:\/\/talkpal.ai\/no\/#organization\"},\"alternateName\":\"Talkpal AI\",\"potentialAction\":[{\"@type\":\"SearchAction\",\"target\":{\"@type\":\"EntryPoint\",\"urlTemplate\":\"https:\/\/talkpal.ai\/no\/?s={search_term_string}\"},\"query-input\":{\"@type\":\"PropertyValueSpecification\",\"valueRequired\":true,\"valueName\":\"search_term_string\"}}],\"inLanguage\":\"nb-NO\"},{\"@type\":\"Organization\",\"@id\":\"https:\/\/talkpal.ai\/no\/#organization\",\"name\":\"Talkpal, Inc.\",\"alternateName\":\"Talkpal AI\",\"url\":\"https:\/\/talkpal.ai\/no\/\",\"logo\":{\"@type\":\"ImageObject\",\"inLanguage\":\"nb-NO\",\"@id\":\"https:\/\/talkpal.ai\/no\/#\/schema\/logo\/image\/\",\"url\":\"https:\/\/talkpal.ai\/wp-content\/uploads\/2024\/03\/Talkpal-Logo-Icon.png\",\"contentUrl\":\"https:\/\/talkpal.ai\/wp-content\/uploads\/2024\/03\/Talkpal-Logo-Icon.png\",\"width\":2880,\"height\":2880,\"caption\":\"Talkpal, Inc.\"},\"image\":{\"@id\":\"https:\/\/talkpal.ai\/no\/#\/schema\/logo\/image\/\"},\"sameAs\":[\"https:\/\/www.facebook.com\/profile.php?id=100090733639311\",\"https:\/\/x.com\/talkpalai\",\"https:\/\/www.linkedin.com\/company\/talkpal\/\",\"https:\/\/www.youtube.com\/@TalkPal\/\",\"https:\/\/www.tiktok.com\/@talkpal\",\"https:\/\/www.instagram.com\/talkpal_ai\/\",\"https:\/\/www.crunchbase.com\/organization\/talkpal-9cde\",\"https:\/\/www.g2.com\/products\/talkpal-for-business\/\",\"https:\/\/www.trustpilot.com\/review\/talkpal.ai\",\"https:\/\/www.capterra.com\/p\/10006800\/TalkPal\/\"],\"description\":\"Talkpal is a language learning web and mobile education app, powered by the latest AI technologies, that provides engaging experiences to its customers in many different languages to help them improve their language skills. Users can chat about unlimited amount of topics with the app and use other modes to practice their language learning.\",\"email\":\"support@talkpal.ai\",\"legalName\":\"Talkpal, Inc.\",\"foundingDate\":\"2023-04-03\",\"duns\":\"118989042\",\"numberOfEmployees\":{\"@type\":\"QuantitativeValue\",\"minValue\":\"11\",\"maxValue\":\"50\"},\"publishingPrinciples\":\"https:\/\/talkpal.ai\/publishing-principles\/\",\"actionableFeedbackPolicy\":\"https:\/\/talkpal.ai\/actionable-feedback-policy\/\",\"correctionsPolicy\":\"https:\/\/talkpal.ai\/corrections-policy\/\",\"ethicsPolicy\":\"https:\/\/talkpal.ai\/ethics-policy\/\",\"diversityPolicy\":\"https:\/\/talkpal.ai\/diversity-policy\/\",\"diversityStaffingReport\":\"https:\/\/talkpal.ai\/diversity-policy\/\"}]}<\/script>\n<!-- \/ Yoast SEO Premium plugin. -->","yoast_head_json":{"title":"Japansk grammatikk - Talkpal","description":"L\u00e6r deg japansk grammatikk med v\u00e5r AI-app for spr\u00e5koppl\u00e6ring. Forbedre spr\u00e5kferdighetene dine enkelt gjennom Talkpal's AI-st\u00f8tte.","robots":{"index":"index","follow":"follow","max-snippet":"max-snippet:-1","max-image-preview":"max-image-preview:large","max-video-preview":"max-video-preview:-1"},"canonical":"https:\/\/talkpal.ai\/no\/japansk-grammatikk\/","og_locale":"nb_NO","og_type":"article","og_title":"Japansk grammatikk","og_description":"Mestring av forviklingene i japansk grammatikk Spr\u00e5kentusiaster synes ofte at japansk er et fascinerende og utfordrende spr\u00e5k \u00e5 l\u00e6re, hovedsakelig p\u00e5","og_url":"https:\/\/talkpal.ai\/no\/japansk-grammatikk\/","og_site_name":"Talkpal","article_publisher":"https:\/\/www.facebook.com\/profile.php?id=100090733639311","article_modified_time":"2025-12-11T16:43:26+00:00","og_image":[{"width":512,"height":512,"url":"https:\/\/talkpal.ai\/wp-content\/uploads\/2023\/04\/japan.png","type":"image\/png"}],"twitter_card":"summary_large_image","twitter_site":"@talkpalai","twitter_misc":{"Ansl. lesetid":"2 minutter"},"schema":{"@context":"https:\/\/schema.org","@graph":[{"@type":"WebPage","@id":"https:\/\/talkpal.ai\/no\/japansk-grammatikk\/","url":"https:\/\/talkpal.ai\/no\/japansk-grammatikk\/","name":"Japansk grammatikk - Talkpal","isPartOf":{"@id":"https:\/\/talkpal.ai\/no\/#website"},"primaryImageOfPage":{"@id":"https:\/\/talkpal.ai\/no\/japansk-grammatikk\/#primaryimage"},"image":{"@id":"https:\/\/talkpal.ai\/no\/japansk-grammatikk\/#primaryimage"},"thumbnailUrl":"https:\/\/talkpal.ai\/wp-content\/uploads\/2023\/04\/japan.png","datePublished":"2023-05-14T13:51:09+00:00","dateModified":"2025-12-11T16:43:26+00:00","description":"L\u00e6r deg japansk grammatikk med v\u00e5r AI-app for spr\u00e5koppl\u00e6ring. Forbedre spr\u00e5kferdighetene dine enkelt gjennom Talkpal's AI-st\u00f8tte.","breadcrumb":{"@id":"https:\/\/talkpal.ai\/no\/japansk-grammatikk\/#breadcrumb"},"inLanguage":"nb-NO","potentialAction":[{"@type":"ReadAction","target":["https:\/\/talkpal.ai\/no\/japansk-grammatikk\/"]}]},{"@type":"ImageObject","inLanguage":"nb-NO","@id":"https:\/\/talkpal.ai\/no\/japansk-grammatikk\/#primaryimage","url":"https:\/\/talkpal.ai\/wp-content\/uploads\/2023\/04\/japan.png","contentUrl":"https:\/\/talkpal.ai\/wp-content\/uploads\/2023\/04\/japan.png","width":512,"height":512},{"@type":"BreadcrumbList","@id":"https:\/\/talkpal.ai\/no\/japansk-grammatikk\/#breadcrumb","itemListElement":[{"@type":"ListItem","position":1,"name":"Homepage","item":"https:\/\/talkpal.ai\/no\/"},{"@type":"ListItem","position":2,"name":"Japansk grammatikk"}]},{"@type":"WebSite","@id":"https:\/\/talkpal.ai\/no\/#website","url":"https:\/\/talkpal.ai\/no\/","name":"Talkpal","description":"AI Language Learning","publisher":{"@id":"https:\/\/talkpal.ai\/no\/#organization"},"alternateName":"Talkpal AI","potentialAction":[{"@type":"SearchAction","target":{"@type":"EntryPoint","urlTemplate":"https:\/\/talkpal.ai\/no\/?s={search_term_string}"},"query-input":{"@type":"PropertyValueSpecification","valueRequired":true,"valueName":"search_term_string"}}],"inLanguage":"nb-NO"},{"@type":"Organization","@id":"https:\/\/talkpal.ai\/no\/#organization","name":"Talkpal, Inc.","alternateName":"Talkpal AI","url":"https:\/\/talkpal.ai\/no\/","logo":{"@type":"ImageObject","inLanguage":"nb-NO","@id":"https:\/\/talkpal.ai\/no\/#\/schema\/logo\/image\/","url":"https:\/\/talkpal.ai\/wp-content\/uploads\/2024\/03\/Talkpal-Logo-Icon.png","contentUrl":"https:\/\/talkpal.ai\/wp-content\/uploads\/2024\/03\/Talkpal-Logo-Icon.png","width":2880,"height":2880,"caption":"Talkpal, Inc."},"image":{"@id":"https:\/\/talkpal.ai\/no\/#\/schema\/logo\/image\/"},"sameAs":["https:\/\/www.facebook.com\/profile.php?id=100090733639311","https:\/\/x.com\/talkpalai","https:\/\/www.linkedin.com\/company\/talkpal\/","https:\/\/www.youtube.com\/@TalkPal\/","https:\/\/www.tiktok.com\/@talkpal","https:\/\/www.instagram.com\/talkpal_ai\/","https:\/\/www.crunchbase.com\/organization\/talkpal-9cde","https:\/\/www.g2.com\/products\/talkpal-for-business\/","https:\/\/www.trustpilot.com\/review\/talkpal.ai","https:\/\/www.capterra.com\/p\/10006800\/TalkPal\/"],"description":"Talkpal is a language learning web and mobile education app, powered by the latest AI technologies, that provides engaging experiences to its customers in many different languages to help them improve their language skills. Users can chat about unlimited amount of topics with the app and use other modes to practice their language learning.","email":"support@talkpal.ai","legalName":"Talkpal, Inc.","foundingDate":"2023-04-03","duns":"118989042","numberOfEmployees":{"@type":"QuantitativeValue","minValue":"11","maxValue":"50"},"publishingPrinciples":"https:\/\/talkpal.ai\/publishing-principles\/","actionableFeedbackPolicy":"https:\/\/talkpal.ai\/actionable-feedback-policy\/","correctionsPolicy":"https:\/\/talkpal.ai\/corrections-policy\/","ethicsPolicy":"https:\/\/talkpal.ai\/ethics-policy\/","diversityPolicy":"https:\/\/talkpal.ai\/diversity-policy\/","diversityStaffingReport":"https:\/\/talkpal.ai\/diversity-policy\/"}]}},"_links":{"self":[{"href":"https:\/\/talkpal.ai\/no\/wp-json\/wp\/v2\/pages\/129677","targetHints":{"allow":["GET"]}}],"collection":[{"href":"https:\/\/talkpal.ai\/no\/wp-json\/wp\/v2\/pages"}],"about":[{"href":"https:\/\/talkpal.ai\/no\/wp-json\/wp\/v2\/types\/page"}],"author":[{"embeddable":true,"href":"https:\/\/talkpal.ai\/no\/wp-json\/wp\/v2\/users\/1"}],"replies":[{"embeddable":true,"href":"https:\/\/talkpal.ai\/no\/wp-json\/wp\/v2\/comments?post=129677"}],"version-history":[{"count":0,"href":"https:\/\/talkpal.ai\/no\/wp-json\/wp\/v2\/pages\/129677\/revisions"}],"wp:featuredmedia":[{"embeddable":true,"href":"https:\/\/talkpal.ai\/no\/wp-json\/wp\/v2\/media\/107197"}],"wp:attachment":[{"href":"https:\/\/talkpal.ai\/no\/wp-json\/wp\/v2\/media?parent=129677"}],"curies":[{"name":"wp","href":"https:\/\/api.w.org\/{rel}","templated":true}]}}