{"id":129430,"date":"2023-05-14T13:50:44","date_gmt":"2023-05-14T13:50:44","guid":{"rendered":"http:\/\/talkpal.ai\/hindi-grammatikk\/"},"modified":"2025-12-13T14:59:48","modified_gmt":"2025-12-13T14:59:48","slug":"hindi-grammatikk","status":"publish","type":"page","link":"https:\/\/talkpal.ai\/no\/hindi-grammatikk\/","title":{"rendered":"Hindi grammatikk"},"content":{"rendered":"\r\n\r\n\r\n<section class=\"languageChallengeSection\">\r\n    <div class=\"languageInfoWrapper\">\r\n        \r\n        <h1>Hindi grammatikk<\/h1>\r\n        <p>Klar til \u00e5 l\u00e6re <a href=\"https:\/\/talkpal.ai\/learn-hindi\/\">hindi<\/a>? Dykk ned i hindi-grammatikken, der kj\u00f8nnet substantiv, setningsstrukturen subjekt-objekt-verb og uttrykksfulle verbb\u00f8yninger gir spr\u00e5ket liv. Begynn din hindi-reise i dag &#8211; n\u00e5r du behersker grammatikken, vil du kunne kommunisere trygt og f\u00e5 kontakt med Indias levende kultur og tradisjoner!<\/p>\r\n\r\n                            <a class=\"getStartedHidden\" href=\"https:\/\/app.talkpal.ai\/no\/signup?lng=\">Kom i gang<\/a>\r\n        \r\n    <\/div>\r\n\r\n    <figure>\r\n    <img decoding=\"async\" width=\"768\" height=\"768\" src=\"https:\/\/talkpal.ai\/wp-content\/uploads\/2023\/06\/hindi-768x768.png\" class=\"languageImage no-lazy\" alt=\"Language learning for mental agility\" fetchpriority=\"high\" sizes=\"(max-width: 768px) 150px, 768px\" srcset=\"https:\/\/talkpal.ai\/wp-content\/uploads\/2023\/06\/hindi-768x768.png 768w, https:\/\/talkpal.ai\/wp-content\/uploads\/2023\/06\/hindi-300x300.png 300w\" \/>\r\n    \r\n\r\n    <\/figure>\r\n\r\n            <a class=\"getStartedVisible\" href=\"https:\/\/app.talkpal.ai\/no\/signup?lng=\">Kom i gang<\/a>\r\n    \r\n<\/section>\r\n<section class=\"promotionalBanner\">\r\n    <p class=\"promotionalText\">Den mest effektive m\u00e5ten \u00e5 l\u00e6re et spr\u00e5k p\u00e5<\/p>\r\n    <a class=\"promotionalLink\" href=\"https:\/\/app.talkpal.ai\/no\/signup?lng=\">Pr\u00f8v Talkpal gratis<\/a>\r\n<\/section>\n<div class=\"wp-block-group pageContainerStyle\"><div class=\"wp-block-group__inner-container is-layout-constrained wp-block-group-is-layout-constrained\">\n<h2 class=\"wp-block-heading\" id=\"h-mastering-hindi-grammar-your-ultimate-guide\">Mestring av hindi grammatikk: din ultimate guide<\/h2>\n\n\n\n<p>Namaste, <a href=\"https:\/\/talkpal.ai\/talkpal-discount-for-language-enthusiasts\/\">spr\u00e5kentusiaster<\/a>! Er du klar til \u00e5 utforske verden av <a href=\"https:\/\/talkpal.ai\/hindi-grammar\/\">hindi grammatikk<\/a>? Du har kommet til rett sted. Fylt med lettfattelig informasjon og en samtaletone, vil denne artikkelen guide deg gjennom den fascinerende hindi-grammatikken. Snart vil du v\u00e6re i stand til \u00e5 konstruere setninger og f\u00f8re meningsfulle samtaler med personer som har spr\u00e5ket som morsm\u00e5l. S\u00e5 la <a href=\"https:\/\/talkpal.ai\/locations\/language-courses-in-oss\/\">oss<\/a> dykke rett inn i det!<\/p>\n\n\n\n<p><strong>Men f\u00f8rst, hvorfor hindi grammatikk?<\/strong><\/p>\n\n\n\n<p>Hvis du skal l\u00e6re hindi, er et godt grunnlag i <a href=\"https:\/\/talkpal.ai\/grammar\/\">grammatikk<\/a> avgj\u00f8rende for \u00e5 kunne snakke, lese og skrive flytende. Mens hindi grammatikk i utgangspunktet kan virke kompleks, blir den mer tilgjengelig n\u00e5r den brytes ned i mindre, h\u00e5ndterbare segmenter. Denne artikkelen vil v\u00e6re det perfekte stedet \u00e5 begynne reisen din mot \u00e5 <a href=\"https:\/\/talkpal.ai\/locations\/language-courses-in-mestre\/\">mestre<\/a> hindi grammatikk!<\/p>\n\n\n\n<h3 class=\"wp-block-heading\" id=\"h-1-nouns-gender-and-cases\">1. Substantiv, kj\u00f8nn og kasus<\/h3>\n\n\n\n<p>Hindi-substantiv kommer i to kj\u00f8nn: maskulin og feminin. Det er viktig \u00e5 identifisere substantivets kj\u00f8nn, ettersom dette p\u00e5virker andre deler av talen, som adjektiver og verb.  <\/p>\n\n\n\n<p>En enkel tommelfingerregel: Hvis et substantiv ender p\u00e5 &laquo;-aa&raquo; (&laquo;\u0906&raquo;), er det vanligvis maskulint, mens et substantiv som ender p\u00e5 &laquo;-ii&raquo; (&laquo;\u0908&raquo;) vanligvis er femininum. Men husk &#8211; som alltid finnes det unntak!  <\/p>\n\n\n\n<p>Hindi-substantiver har forskjellige former avhengig av deres rolle i en setning (subjekt, objekt, besittende, etc.). Disse skjemaene kalles saker. De prim\u00e6re kasusene p\u00e5 hindi er direkte (&laquo;\u0906\u092e \u0915\u094d\u0930\u092e&raquo;), skr\u00e5stilt (&laquo;\u0909\u092a \u0935\u093f\u0932\u094b\u092e&raquo;) og vokativ (&laquo;\u0938\u0902\u092c\u094b\u0927\u0928&raquo;).<\/p>\n\n\n\n<h3 class=\"wp-block-heading\" id=\"h-2-pronouns-and-agreement\">2. Pronomen og enighet<\/h3>\n\n\n\n<p>Hindi-pronomen (jeg, du, han, hun osv.) endres i henhold til kj\u00f8nn og hierarki. For eksempel: \u092e\u0948\u0902 (main &#8211; jeg), \u0924\u0941\u092e (tum &#8211; du, uformelt), \u0906\u092a (aap &#8211; du, formelt), \u0935\u0939 (vah &#8211; han\/hun), \u0939\u092e (hum &#8211; vi) og \u0935\u0947 (ve &#8211; de).  <\/p>\n\n\n\n<p>Det er viktig \u00e5 v\u00e6re bevisst p\u00e5 hierarkiet n\u00e5r du bruker pronomen. For eksempel kan &laquo;\u0924\u0941\u092e&raquo; v\u00e6re passende blant venner, mens &laquo;\u0906\u092a&raquo; viser respekt n\u00e5r man henvender seg til eldre eller fremmede.<\/p>\n\n\n\n<h3 class=\"wp-block-heading\" id=\"h-3-verbs-tense-and-conjugation\">3. Verb, tid og b\u00f8ying<\/h3>\n\n\n\n<p>Verb utgj\u00f8r ryggraden i hindi-grammatikken, og det er viktig \u00e5 forst\u00e5 dem for \u00e5 konstruere setninger. Hindi-verb kategoriseres grovt sett som transitive (&laquo;\u0938\u0915\u0930\u094d\u092e\u0915&raquo;) og intransitive (&laquo;\u0905\u0915\u0930\u094d\u092e\u0915&raquo;), med ulike b\u00f8yningsregler for hver av dem.  <\/p>\n\n\n\n<p>For \u00e5 gi deg en rask oversikt, la oss diskutere presensb\u00f8yningen av vanlige verb:<\/p>\n\n\n\n<p>&#8211; \u092e\u0948\u0902 \u092a\u0922\u093c\u0924\u093e \u0939\u0942\u0901 (main padhta hoon &#8211; jeg leser, maskulinum)<\/p>\n\n\n\n<p>&#8211; \u092e\u0948\u0902 \u092a\u0922\u093c\u0924\u0940 \u0939\u0942\u0901 (main padhti hoon &#8211; jeg leser, femininum)<\/p>\n\n\n\n<p>&#8211; \u0924\u0941\u092e \u092a\u0922\u093c\u0924\u0947 \u0939\u094b (tum padhte ho &#8211; du leser, uformell, maskulinum)<\/p>\n\n\n\n<p>&#8211; \u0924\u0941\u092e \u092a\u0922\u093c\u0924\u0940 \u0939\u094b (tum padhti ho &#8211; du leser, uformell, femininum)<\/p>\n\n\n\n<p>Husk, dette er bare begynnelsen! Det er mange tider og uregelmessige verb \u00e5 mestre, men hvert nytt trinn bringer deg n\u00e6rmere flyt.<\/p>\n\n\n\n<h3 class=\"wp-block-heading\" id=\"h-4-adjectives-adverbs-and-more\">4. Adjektiver, adverb og mer!<\/h3>\n\n\n\n<p>Hindi grammatikk inkluderer andre komponenter som adjektiver (som m\u00e5 stemme overens med substantiv i kj\u00f8nn og tall), adverb, preposisjoner og idiomatiske uttrykk. Hvert element er n\u00f8kkelen til \u00e5 bli flytende i hindi, s\u00e5 ta dem ett trinn om gangen.<\/p>\n\n\n\n<p>Det finnes ingen snarvei til \u00e5 mestre hindi-grammatikk. Det krever utholdenhet, \u00f8velse og t\u00e5lmodighet. Men n\u00e5r du f\u00f8rst har forst\u00e5tt det, vil du kunne sette pris p\u00e5 nyansene i det \u00e5 snakke hindi, avdekke den rike kulturen og historien, og utdype din kj\u00e6rlighet til spr\u00e5ket. \u0936\u0941\u092d\u0915\u093e\u092e\u0928\u093e\u090f\u0901 (shubhkaamnaayein &#8211; beste \u00f8nsker)!<\/p>\n<\/div><\/div>\n\r\n<section class=\"learnNavigationSection\">\r\n            \r\n        <a href=\"https:\/\/talkpal.ai\/no\/laer-hindi\/\">\r\n            <div class=\"learnNavigationWrapper\">\r\n                <div class=\"learnNavigationContent\">\r\n                    <img decoding=\"async\" src=\"https:\/\/talkpal.ai\/wp-content\/uploads\/2024\/08\/Hindi.jpg\" alt=\"Indian Flag\">\r\n                    <div>\r\n                        <h4>Om Hindi Learning<\/h4>\r\n                        <p>Finn ut alt om hindi grammatikk.<\/p>\r\n                    <\/div>\r\n                <\/div>\r\n            <\/div>\r\n        <\/a>\r\n\r\n        \r\n        <a href=\"https:\/\/talkpal.ai\/no\/hindi-grammatikkovelser\/\">\r\n            <div class=\"learnNavigationWrapper\">\r\n                <div class=\"learnNavigationContent\">\r\n                    <img decoding=\"async\" src=\"https:\/\/talkpal.ai\/wp-content\/uploads\/2024\/08\/Hindi.jpg\" alt=\"Indian Flag\">\r\n                    <div>\r\n                        <h4>\u00d8velse i hindi-grammatikk<\/h4>\r\n                        <p>\u00d8v p\u00e5 hindi grammatikk.<\/p>\r\n                    <\/div>\r\n                <\/div>\r\n            <\/div>\r\n        <\/a>\r\n\r\n        \r\n        <a href=\"https:\/\/talkpal.ai\/vocabulary_language\/hindi\/\">\r\n            <div class=\"learnNavigationWrapper\">\r\n                <div class=\"learnNavigationContent\">\r\n                    <img decoding=\"async\" src=\"https:\/\/talkpal.ai\/wp-content\/uploads\/2024\/08\/Hindi.jpg\" alt=\"Indian Flag\">\r\n                    <div>\r\n                        <h4>Ordforr\u00e5d p\u00e5 hindi<\/h4>\r\n                        <p>Utvid ordforr\u00e5det ditt p\u00e5 hindi.<\/p>\r\n                    <\/div>\r\n                <\/div>\r\n            <\/div>\r\n        <\/a>\r\n\r\n            <\/section>","protected":false},"excerpt":{"rendered":"<p>Mestring av hindi grammatikk: din ultimate guide Namaste, spr\u00e5kentusiaster! Er du klar til \u00e5 utforske verden av hindi grammatikk? Du har kommet til rett sted. Fylt med lettfattelig informasjon og en samtaletone, vil denne artikkelen guide deg gjennom den fascinerende hindi-grammatikken. Snart vil du v\u00e6re i stand til \u00e5 konstruere setninger og f\u00f8re meningsfulle samtaler [&hellip;]<\/p>\n","protected":false},"author":1,"featured_media":188222,"parent":0,"menu_order":0,"comment_status":"closed","ping_status":"closed","template":"LearningContentPage.php","meta":{"_acf_changed":false,"footnotes":""},"class_list":["post-129430","page","type-page","status-publish","has-post-thumbnail","hentry"],"acf":[],"yoast_head":"<!-- This site is optimized with the Yoast SEO Premium plugin v27.2 (Yoast SEO v27.2) - https:\/\/yoast.com\/product\/yoast-seo-premium-wordpress\/ -->\n<title>Hindi grammatikk - Talkpal<\/title>\n<meta name=\"description\" content=\"Behersk hindi-grammatikk med selvtillit - l\u00e6r deg klare regler, form korrekte setninger og snakk bedre med enkel veiledning fra Talkpal AI.\" \/>\n<meta name=\"robots\" content=\"index, follow, max-snippet:-1, max-image-preview:large, max-video-preview:-1\" \/>\n<link rel=\"canonical\" href=\"https:\/\/talkpal.ai\/no\/hindi-grammatikk\/\" \/>\n<meta property=\"og:locale\" content=\"nb_NO\" \/>\n<meta property=\"og:type\" content=\"article\" \/>\n<meta property=\"og:title\" content=\"Hindi grammatikk\" \/>\n<meta property=\"og:description\" content=\"Mestring av hindi grammatikk: din ultimate guide Namaste, spr\u00e5kentusiaster! Er du klar til \u00e5 utforske verden av hindi grammatikk? Du har kommet til rett\" \/>\n<meta property=\"og:url\" content=\"https:\/\/talkpal.ai\/no\/hindi-grammatikk\/\" \/>\n<meta property=\"og:site_name\" content=\"Talkpal\" \/>\n<meta property=\"article:publisher\" content=\"https:\/\/www.facebook.com\/profile.php?id=100090733639311\" \/>\n<meta property=\"article:modified_time\" content=\"2025-12-13T14:59:48+00:00\" \/>\n<meta property=\"og:image\" content=\"https:\/\/talkpal.ai\/wp-content\/uploads\/2024\/02\/india.png\" \/>\n\t<meta property=\"og:image:width\" content=\"517\" \/>\n\t<meta property=\"og:image:height\" content=\"517\" \/>\n\t<meta property=\"og:image:type\" content=\"image\/png\" \/>\n<meta name=\"twitter:card\" content=\"summary_large_image\" \/>\n<meta name=\"twitter:site\" content=\"@talkpalai\" \/>\n<meta name=\"twitter:label1\" content=\"Ansl. lesetid\" \/>\n\t<meta name=\"twitter:data1\" content=\"3 minutter\" \/>\n<script type=\"application\/ld+json\" class=\"yoast-schema-graph\">{\"@context\":\"https:\/\/schema.org\",\"@graph\":[{\"@type\":\"WebPage\",\"@id\":\"https:\/\/talkpal.ai\/no\/hindi-grammatikk\/\",\"url\":\"https:\/\/talkpal.ai\/no\/hindi-grammatikk\/\",\"name\":\"Hindi grammatikk - Talkpal\",\"isPartOf\":{\"@id\":\"https:\/\/talkpal.ai\/no\/#website\"},\"primaryImageOfPage\":{\"@id\":\"https:\/\/talkpal.ai\/no\/hindi-grammatikk\/#primaryimage\"},\"image\":{\"@id\":\"https:\/\/talkpal.ai\/no\/hindi-grammatikk\/#primaryimage\"},\"thumbnailUrl\":\"https:\/\/talkpal.ai\/wp-content\/uploads\/2024\/02\/india.png\",\"datePublished\":\"2023-05-14T13:50:44+00:00\",\"dateModified\":\"2025-12-13T14:59:48+00:00\",\"description\":\"Behersk hindi-grammatikk med selvtillit - l\u00e6r deg klare regler, form korrekte setninger og snakk bedre med enkel veiledning fra Talkpal AI.\",\"breadcrumb\":{\"@id\":\"https:\/\/talkpal.ai\/no\/hindi-grammatikk\/#breadcrumb\"},\"inLanguage\":\"nb-NO\",\"potentialAction\":[{\"@type\":\"ReadAction\",\"target\":[\"https:\/\/talkpal.ai\/no\/hindi-grammatikk\/\"]}]},{\"@type\":\"ImageObject\",\"inLanguage\":\"nb-NO\",\"@id\":\"https:\/\/talkpal.ai\/no\/hindi-grammatikk\/#primaryimage\",\"url\":\"https:\/\/talkpal.ai\/wp-content\/uploads\/2024\/02\/india.png\",\"contentUrl\":\"https:\/\/talkpal.ai\/wp-content\/uploads\/2024\/02\/india.png\",\"width\":517,\"height\":517,\"caption\":\"TalkPal Indian Flag\"},{\"@type\":\"BreadcrumbList\",\"@id\":\"https:\/\/talkpal.ai\/no\/hindi-grammatikk\/#breadcrumb\",\"itemListElement\":[{\"@type\":\"ListItem\",\"position\":1,\"name\":\"Homepage\",\"item\":\"https:\/\/talkpal.ai\/no\/\"},{\"@type\":\"ListItem\",\"position\":2,\"name\":\"Hindi grammatikk\"}]},{\"@type\":\"WebSite\",\"@id\":\"https:\/\/talkpal.ai\/no\/#website\",\"url\":\"https:\/\/talkpal.ai\/no\/\",\"name\":\"Talkpal\",\"description\":\"AI Language Learning\",\"publisher\":{\"@id\":\"https:\/\/talkpal.ai\/no\/#organization\"},\"alternateName\":\"Talkpal AI\",\"potentialAction\":[{\"@type\":\"SearchAction\",\"target\":{\"@type\":\"EntryPoint\",\"urlTemplate\":\"https:\/\/talkpal.ai\/no\/?s={search_term_string}\"},\"query-input\":{\"@type\":\"PropertyValueSpecification\",\"valueRequired\":true,\"valueName\":\"search_term_string\"}}],\"inLanguage\":\"nb-NO\"},{\"@type\":\"Organization\",\"@id\":\"https:\/\/talkpal.ai\/no\/#organization\",\"name\":\"Talkpal, Inc.\",\"alternateName\":\"Talkpal AI\",\"url\":\"https:\/\/talkpal.ai\/no\/\",\"logo\":{\"@type\":\"ImageObject\",\"inLanguage\":\"nb-NO\",\"@id\":\"https:\/\/talkpal.ai\/no\/#\/schema\/logo\/image\/\",\"url\":\"https:\/\/talkpal.ai\/wp-content\/uploads\/2024\/03\/Talkpal-Logo-Icon.png\",\"contentUrl\":\"https:\/\/talkpal.ai\/wp-content\/uploads\/2024\/03\/Talkpal-Logo-Icon.png\",\"width\":2880,\"height\":2880,\"caption\":\"Talkpal, Inc.\"},\"image\":{\"@id\":\"https:\/\/talkpal.ai\/no\/#\/schema\/logo\/image\/\"},\"sameAs\":[\"https:\/\/www.facebook.com\/profile.php?id=100090733639311\",\"https:\/\/x.com\/talkpalai\",\"https:\/\/www.linkedin.com\/company\/talkpal\/\",\"https:\/\/www.youtube.com\/@TalkPal\/\",\"https:\/\/www.tiktok.com\/@talkpal\",\"https:\/\/www.instagram.com\/talkpal_ai\/\",\"https:\/\/www.crunchbase.com\/organization\/talkpal-9cde\",\"https:\/\/www.g2.com\/products\/talkpal-for-business\/\",\"https:\/\/www.trustpilot.com\/review\/talkpal.ai\",\"https:\/\/www.capterra.com\/p\/10006800\/TalkPal\/\"],\"description\":\"Talkpal is a language learning web and mobile education app, powered by the latest AI technologies, that provides engaging experiences to its customers in many different languages to help them improve their language skills. Users can chat about unlimited amount of topics with the app and use other modes to practice their language learning.\",\"email\":\"support@talkpal.ai\",\"legalName\":\"Talkpal, Inc.\",\"foundingDate\":\"2023-04-03\",\"duns\":\"118989042\",\"numberOfEmployees\":{\"@type\":\"QuantitativeValue\",\"minValue\":\"11\",\"maxValue\":\"50\"},\"publishingPrinciples\":\"https:\/\/talkpal.ai\/publishing-principles\/\",\"actionableFeedbackPolicy\":\"https:\/\/talkpal.ai\/actionable-feedback-policy\/\",\"correctionsPolicy\":\"https:\/\/talkpal.ai\/corrections-policy\/\",\"ethicsPolicy\":\"https:\/\/talkpal.ai\/ethics-policy\/\",\"diversityPolicy\":\"https:\/\/talkpal.ai\/diversity-policy\/\",\"diversityStaffingReport\":\"https:\/\/talkpal.ai\/diversity-policy\/\"}]}<\/script>\n<!-- \/ Yoast SEO Premium plugin. -->","yoast_head_json":{"title":"Hindi grammatikk - Talkpal","description":"Behersk hindi-grammatikk med selvtillit - l\u00e6r deg klare regler, form korrekte setninger og snakk bedre med enkel veiledning fra Talkpal AI.","robots":{"index":"index","follow":"follow","max-snippet":"max-snippet:-1","max-image-preview":"max-image-preview:large","max-video-preview":"max-video-preview:-1"},"canonical":"https:\/\/talkpal.ai\/no\/hindi-grammatikk\/","og_locale":"nb_NO","og_type":"article","og_title":"Hindi grammatikk","og_description":"Mestring av hindi grammatikk: din ultimate guide Namaste, spr\u00e5kentusiaster! Er du klar til \u00e5 utforske verden av hindi grammatikk? Du har kommet til rett","og_url":"https:\/\/talkpal.ai\/no\/hindi-grammatikk\/","og_site_name":"Talkpal","article_publisher":"https:\/\/www.facebook.com\/profile.php?id=100090733639311","article_modified_time":"2025-12-13T14:59:48+00:00","og_image":[{"width":517,"height":517,"url":"https:\/\/talkpal.ai\/wp-content\/uploads\/2024\/02\/india.png","type":"image\/png"}],"twitter_card":"summary_large_image","twitter_site":"@talkpalai","twitter_misc":{"Ansl. lesetid":"3 minutter"},"schema":{"@context":"https:\/\/schema.org","@graph":[{"@type":"WebPage","@id":"https:\/\/talkpal.ai\/no\/hindi-grammatikk\/","url":"https:\/\/talkpal.ai\/no\/hindi-grammatikk\/","name":"Hindi grammatikk - Talkpal","isPartOf":{"@id":"https:\/\/talkpal.ai\/no\/#website"},"primaryImageOfPage":{"@id":"https:\/\/talkpal.ai\/no\/hindi-grammatikk\/#primaryimage"},"image":{"@id":"https:\/\/talkpal.ai\/no\/hindi-grammatikk\/#primaryimage"},"thumbnailUrl":"https:\/\/talkpal.ai\/wp-content\/uploads\/2024\/02\/india.png","datePublished":"2023-05-14T13:50:44+00:00","dateModified":"2025-12-13T14:59:48+00:00","description":"Behersk hindi-grammatikk med selvtillit - l\u00e6r deg klare regler, form korrekte setninger og snakk bedre med enkel veiledning fra Talkpal AI.","breadcrumb":{"@id":"https:\/\/talkpal.ai\/no\/hindi-grammatikk\/#breadcrumb"},"inLanguage":"nb-NO","potentialAction":[{"@type":"ReadAction","target":["https:\/\/talkpal.ai\/no\/hindi-grammatikk\/"]}]},{"@type":"ImageObject","inLanguage":"nb-NO","@id":"https:\/\/talkpal.ai\/no\/hindi-grammatikk\/#primaryimage","url":"https:\/\/talkpal.ai\/wp-content\/uploads\/2024\/02\/india.png","contentUrl":"https:\/\/talkpal.ai\/wp-content\/uploads\/2024\/02\/india.png","width":517,"height":517,"caption":"TalkPal Indian Flag"},{"@type":"BreadcrumbList","@id":"https:\/\/talkpal.ai\/no\/hindi-grammatikk\/#breadcrumb","itemListElement":[{"@type":"ListItem","position":1,"name":"Homepage","item":"https:\/\/talkpal.ai\/no\/"},{"@type":"ListItem","position":2,"name":"Hindi grammatikk"}]},{"@type":"WebSite","@id":"https:\/\/talkpal.ai\/no\/#website","url":"https:\/\/talkpal.ai\/no\/","name":"Talkpal","description":"AI Language Learning","publisher":{"@id":"https:\/\/talkpal.ai\/no\/#organization"},"alternateName":"Talkpal AI","potentialAction":[{"@type":"SearchAction","target":{"@type":"EntryPoint","urlTemplate":"https:\/\/talkpal.ai\/no\/?s={search_term_string}"},"query-input":{"@type":"PropertyValueSpecification","valueRequired":true,"valueName":"search_term_string"}}],"inLanguage":"nb-NO"},{"@type":"Organization","@id":"https:\/\/talkpal.ai\/no\/#organization","name":"Talkpal, Inc.","alternateName":"Talkpal AI","url":"https:\/\/talkpal.ai\/no\/","logo":{"@type":"ImageObject","inLanguage":"nb-NO","@id":"https:\/\/talkpal.ai\/no\/#\/schema\/logo\/image\/","url":"https:\/\/talkpal.ai\/wp-content\/uploads\/2024\/03\/Talkpal-Logo-Icon.png","contentUrl":"https:\/\/talkpal.ai\/wp-content\/uploads\/2024\/03\/Talkpal-Logo-Icon.png","width":2880,"height":2880,"caption":"Talkpal, Inc."},"image":{"@id":"https:\/\/talkpal.ai\/no\/#\/schema\/logo\/image\/"},"sameAs":["https:\/\/www.facebook.com\/profile.php?id=100090733639311","https:\/\/x.com\/talkpalai","https:\/\/www.linkedin.com\/company\/talkpal\/","https:\/\/www.youtube.com\/@TalkPal\/","https:\/\/www.tiktok.com\/@talkpal","https:\/\/www.instagram.com\/talkpal_ai\/","https:\/\/www.crunchbase.com\/organization\/talkpal-9cde","https:\/\/www.g2.com\/products\/talkpal-for-business\/","https:\/\/www.trustpilot.com\/review\/talkpal.ai","https:\/\/www.capterra.com\/p\/10006800\/TalkPal\/"],"description":"Talkpal is a language learning web and mobile education app, powered by the latest AI technologies, that provides engaging experiences to its customers in many different languages to help them improve their language skills. Users can chat about unlimited amount of topics with the app and use other modes to practice their language learning.","email":"support@talkpal.ai","legalName":"Talkpal, Inc.","foundingDate":"2023-04-03","duns":"118989042","numberOfEmployees":{"@type":"QuantitativeValue","minValue":"11","maxValue":"50"},"publishingPrinciples":"https:\/\/talkpal.ai\/publishing-principles\/","actionableFeedbackPolicy":"https:\/\/talkpal.ai\/actionable-feedback-policy\/","correctionsPolicy":"https:\/\/talkpal.ai\/corrections-policy\/","ethicsPolicy":"https:\/\/talkpal.ai\/ethics-policy\/","diversityPolicy":"https:\/\/talkpal.ai\/diversity-policy\/","diversityStaffingReport":"https:\/\/talkpal.ai\/diversity-policy\/"}]}},"_links":{"self":[{"href":"https:\/\/talkpal.ai\/no\/wp-json\/wp\/v2\/pages\/129430","targetHints":{"allow":["GET"]}}],"collection":[{"href":"https:\/\/talkpal.ai\/no\/wp-json\/wp\/v2\/pages"}],"about":[{"href":"https:\/\/talkpal.ai\/no\/wp-json\/wp\/v2\/types\/page"}],"author":[{"embeddable":true,"href":"https:\/\/talkpal.ai\/no\/wp-json\/wp\/v2\/users\/1"}],"replies":[{"embeddable":true,"href":"https:\/\/talkpal.ai\/no\/wp-json\/wp\/v2\/comments?post=129430"}],"version-history":[{"count":0,"href":"https:\/\/talkpal.ai\/no\/wp-json\/wp\/v2\/pages\/129430\/revisions"}],"wp:featuredmedia":[{"embeddable":true,"href":"https:\/\/talkpal.ai\/no\/wp-json\/wp\/v2\/media\/188222"}],"wp:attachment":[{"href":"https:\/\/talkpal.ai\/no\/wp-json\/wp\/v2\/media?parent=129430"}],"curies":[{"name":"wp","href":"https:\/\/api.w.org\/{rel}","templated":true}]}}