{"id":129086,"date":"2023-05-14T13:50:21","date_gmt":"2023-05-14T13:50:21","guid":{"rendered":"http:\/\/talkpal.ai\/finsk-grammatikk\/"},"modified":"2025-12-11T16:58:39","modified_gmt":"2025-12-11T16:58:39","slug":"finsk-grammatikk","status":"publish","type":"page","link":"https:\/\/talkpal.ai\/no\/finsk-grammatikk\/","title":{"rendered":"Finsk grammatikk"},"content":{"rendered":"\r\n\r\n\r\n<section class=\"languageChallengeSection\">\r\n    <div class=\"languageInfoWrapper\">\r\n        \r\n        <h1>Finsk grammatikk<\/h1>\r\n        <p>Er du klar til \u00e5 oppdage finskens hemmeligheter? Dykk ned i <a href=\"https:\/\/talkpal.ai\/finnish-grammar\/\">finsk grammatikk<\/a>, som er kjent for sin logiske struktur, vokalharmoni og et imponerende utvalg av kasus. Begynn \u00e5 l\u00e6re i dag &#8211; \u00e5 <a href=\"https:\/\/talkpal.ai\/locations\/language-courses-in-mestre\/\">mestre<\/a> <a href=\"https:\/\/talkpal.ai\/learn-finnish\/\">finsk<\/a> <a href=\"https:\/\/talkpal.ai\/grammar\/\">grammatikk<\/a> vil gi deg selvtillit til \u00e5 snakke og ta <a href=\"https:\/\/talkpal.ai\/contact\/\">kontakt<\/a>, samtidig som det \u00e5pner d\u00f8ren til Finlands rike kultur og tradisjoner!<\/p>\r\n\r\n                            <a class=\"getStartedHidden\" href=\"https:\/\/app.talkpal.ai\/no\/signup?lng=\">Kom i gang<\/a>\r\n        \r\n    <\/div>\r\n\r\n    <figure>\r\n    <img decoding=\"async\" width=\"768\" height=\"768\" src=\"https:\/\/talkpal.ai\/wp-content\/uploads\/2023\/06\/Finnish-768x768.png\" class=\"languageImage no-lazy\" alt=\"Develop your language aptitude learning\" fetchpriority=\"high\" sizes=\"(max-width: 768px) 150px, 768px\" srcset=\"https:\/\/talkpal.ai\/wp-content\/uploads\/2023\/06\/Finnish-768x768.png 768w, https:\/\/talkpal.ai\/wp-content\/uploads\/2023\/06\/Finnish-300x300.png 300w\" \/>\r\n    \r\n\r\n    <\/figure>\r\n\r\n            <a class=\"getStartedVisible\" href=\"https:\/\/app.talkpal.ai\/no\/signup?lng=\">Kom i gang<\/a>\r\n    \r\n<\/section>\r\n<section class=\"promotionalBanner\">\r\n    <p class=\"promotionalText\">Den mest effektive m\u00e5ten \u00e5 l\u00e6re et spr\u00e5k p\u00e5<\/p>\r\n    <a class=\"promotionalLink\" href=\"https:\/\/app.talkpal.ai\/no\/signup?lng=\">Pr\u00f8v Talkpal gratis<\/a>\r\n<\/section>\n<div class=\"wp-block-group pageContainerStyle\"><div class=\"wp-block-group__inner-container is-layout-constrained wp-block-group-is-layout-constrained\">\n<h2 class=\"wp-block-heading\" id=\"h-finnish-grammar-a-guide-to-mastering-the-complexities-of-the-finnish-language\">Finsk grammatikk: En guide til \u00e5 mestre det finske spr\u00e5kets kompleksitet<\/h2>\n\n\n\n<p><a href=\"https:\/\/talkpal.ai\/learn-finnish\/\">Finsk<\/a>, et unikt og fascinerende spr\u00e5k som snakkes av omtrent 5 millioner mennesker, er kjent for sin kompleksitet og karakteristiske grammatikksystem. Ved f\u00f8rste \u00f8yekast kan reglene og strukturene i <a href=\"https:\/\/talkpal.ai\/finnish-grammar\/\">finsk grammatikk<\/a> virke skremmende, men frykt ikke! Med t\u00e5lmodighet, \u00f8velse og veiledning kan du avsl\u00f8re mysteriene til finsk grammatikk og forbedre spr\u00e5kkunnskapene dine. I denne artikkelen gir vi deg en oversikt over finsk grammatikk og gir deg noen tips for \u00e5 gj\u00f8re l\u00e6ringsreisen din enklere.<\/p>\n\n\n\n<h3 class=\"wp-block-heading\" id=\"h-the-basics-of-finnish-grammar\">Grunnleggende om finsk grammatikk:<\/h3>\n\n\n\n<p>Finsk grammatikk, ganske forskjellig fra <a href=\"https:\/\/talkpal.ai\/no\/effektiv-engelskopplaering-laer-engelsk-raskt-og-enkelt\/\">engelsk grammatikk<\/a>, er preget av sin rike bruk av kasus, mangel p\u00e5 grammatisk kj\u00f8nn og unike verbb\u00f8yingssystem. Her er noen viktige aspekter ved finsk grammatikk du b\u00f8r v\u00e6re kjent med:<\/p>\n\n\n\n<p><strong>1. Substantivkasus:<\/strong> Finsk har 15 substantivtilfeller, som angir forholdet mellom et substantiv og andre bestanddeler i en setning. Hvert substantiv har en bestemt slutt som festes til stammen til substantivet. Noen f\u00e5 eksempler p\u00e5 substantivtilfeller inkluderer nominativ, genitiv, akkusativ og partitiv.<\/p>\n\n\n\n<p><strong>2. Ingen grammatisk kj\u00f8nn:<\/strong> I motsetning til mange spr\u00e5k, tildeler ikke finsk kj\u00f8nn til substantiver. I stedet bruker spr\u00e5ket ett ord &#8211; h\u00e4n &#8211; for \u00e5 referere til b\u00e5de &laquo;han&raquo; og &laquo;hun&raquo;. Dette gj\u00f8r det enklere \u00e5 l\u00e6re seg finsk, og man slipper \u00e5 pugge kj\u00f8nnsbestemte artikler eller pronomenformer.<\/p>\n\n\n\n<p><strong>3. Verb b\u00f8ying:<\/strong> Finske verb er b\u00f8yet basert p\u00e5 tid, stemning og stemme. Det er fire verbtid p\u00e5 finsk: presens, fortid, perfektum og pluperfekt. I tillegg har finske verb fem stemninger: indikativ, betinget, potensiell, <a href=\"https:\/\/talkpal.ai\/ja\/grammar_exercises\/imperatif-%e3%83%95%e3%83%a9%e3%83%b3%e3%82%b9%e3%81%ae%e6%96%87%e6%b3%95%e3%81%ae%e3%81%9f%e3%82%81%e3%81%ae%e6%bc%94%e7%bf%92\/\">imperativ<\/a> og eventiv.<\/p>\n\n\n\n<p><strong>4. Vokalharmoni:<\/strong> P\u00e5 finsk er vokaler delt inn i tre grupper: foran (\u00e4, \u00f6, y), bak (a, o, u) og n\u00f8ytral (i, e). P\u00e5 grunn av vokalharmoni kan for- og bakvokaler vanligvis ikke vises i samme ord, bortsett fra sammensatte ord og noen l\u00e5nord.<\/p>\n\n\n\n<h3 class=\"wp-block-heading\" id=\"h-strategies-for-learning-finnish-grammar\">Strategier for \u00e5 l\u00e6re finsk grammatikk:<\/h3>\n\n\n\n<p>Det kan virke overveldende \u00e5 forst\u00e5 finsk grammatikk, men med riktig tankesett og l\u00e6ringsstrategier vil du kunne f\u00e5 taket p\u00e5 det. Her er noen nyttige tips for \u00e5 veilede studiet ditt:<\/p>\n\n\n\n<p><strong>1. Ta sm\u00e5 skritt:<\/strong> Begynn med det grunnleggende om finsk grammatikk, for eksempel substantivkasus og verbb\u00f8ying. Ved \u00e5 bryte ned komplekse regler i mindre, lettford\u00f8yelige biter, kan du gj\u00f8re stadige fremskritt og bygge et solid grunnlag.<\/p>\n\n\n\n<p><strong>2. \u00d8v regelmessig:<\/strong> Konsistens er n\u00f8kkelen n\u00e5r du l\u00e6rer et spr\u00e5k. Sett av tid hver dag eller uke til \u00e5 trene grammatikk gjennom \u00f8velser, lesing og skriving p\u00e5 finsk.<\/p>\n\n\n\n<p><strong>3. Bruk innf\u00f8dte ressurser:<\/strong> For \u00e5 f\u00e5 en bedre forst\u00e5else av finsk grammatikk i kontekst, fordyp deg i innf\u00f8dt materiale, som litteratur, nyhetsartikler og podcaster. Dette vil hjelpe deg \u00e5 internalisere reglene og forbedre lytte- og leseferdighetene dine.<\/p>\n\n\n\n<p><strong>4. F\u00e5 kontakt med morsm\u00e5l:<\/strong> \u00c5 engasjere seg i samtale med morsm\u00e5l med finsk er en utmerket m\u00e5te \u00e5 \u00f8ve p\u00e5 grammatikk og motta verdifull tilbakemelding p\u00e5. Vurder \u00e5 bli med i spr\u00e5kutvekslingsgrupper eller nettfora der du kan komme i kontakt med folk som snakker finsk.<\/p>\n\n\n\n<p><strong>5. V\u00e6r t\u00e5lmodig og utholdende:<\/strong> \u00c5 l\u00e6re finsk grammatikk er en utfordrende reise, men med t\u00e5lmodighet og dedikasjon vil du finne frem til de finurlige detaljene og bli dyktig i spr\u00e5ket.<\/p>\n\n\n\n<h3 class=\"wp-block-heading\" id=\"h-conclusion\">Konklusjon:<\/h3>\n\n\n\n<p>Selv om den finske grammatikkens verden er kompleks, er den en spennende verden som kan l\u00f8ses opp gjennom besluttsomhet og \u00f8velse. Ved \u00e5 bli kjent med kjerneelementene i finsk grammatikk og f\u00f8lge l\u00e6ringsstrategiene v\u00e5re, vil du bane vei for \u00e5 l\u00e6re deg dette fengslende spr\u00e5ket flytende og f\u00e5 en dypere forst\u00e5else av det. S\u00e5 dykk ned i den finske grammatikkens finurligheter med en positiv innstilling, og f\u00f8r du vet ordet av det, vil du kunne navigere trygt i det finske spr\u00e5klandskapet!<\/p>\n<\/div><\/div>\n\r\n<section class=\"learnNavigationSection\">\r\n            \r\n        <a href=\"https:\/\/talkpal.ai\/no\/laer-finsk\/\">\r\n            <div class=\"learnNavigationWrapper\">\r\n                <div class=\"learnNavigationContent\">\r\n                    <img decoding=\"async\" src=\"https:\/\/talkpal.ai\/wp-content\/uploads\/2024\/08\/Finnish.jpg\" alt=\"Finnish Flag\">\r\n                    <div>\r\n                        <h4>Om finsk l\u00e6ring<\/h4>\r\n                        <p>Finn ut alt om finsk grammatikk.<\/p>\r\n                    <\/div>\r\n                <\/div>\r\n            <\/div>\r\n        <\/a>\r\n\r\n        \r\n        <a href=\"https:\/\/talkpal.ai\/no\/finske-grammatikkovelser\/\">\r\n            <div class=\"learnNavigationWrapper\">\r\n                <div class=\"learnNavigationContent\">\r\n                    <img decoding=\"async\" src=\"https:\/\/talkpal.ai\/wp-content\/uploads\/2024\/08\/Finnish.jpg\" alt=\"Finnish Flag\">\r\n                    <div>\r\n                        <h4>\u00d8velse i finsk grammatikk<\/h4>\r\n                        <p>\u00d8v p\u00e5 finsk grammatikk.<\/p>\r\n                    <\/div>\r\n                <\/div>\r\n            <\/div>\r\n        <\/a>\r\n\r\n        \r\n        <a href=\"https:\/\/talkpal.ai\/vocabulary_language\/finnish\/\">\r\n            <div class=\"learnNavigationWrapper\">\r\n                <div class=\"learnNavigationContent\">\r\n                    <img decoding=\"async\" src=\"https:\/\/talkpal.ai\/wp-content\/uploads\/2024\/08\/Finnish.jpg\" alt=\"Finnish Flag\">\r\n                    <div>\r\n                        <h4>Finsk ordforr\u00e5d<\/h4>\r\n                        <p>Utvid det finske ordforr\u00e5det ditt.<\/p>\r\n                    <\/div>\r\n                <\/div>\r\n            <\/div>\r\n        <\/a>\r\n\r\n            <\/section>","protected":false},"excerpt":{"rendered":"<p>Finsk grammatikk: En guide til \u00e5 mestre det finske spr\u00e5kets kompleksitet Finsk, et unikt og fascinerende spr\u00e5k som snakkes av omtrent 5 millioner mennesker, er kjent for sin kompleksitet og karakteristiske grammatikksystem. Ved f\u00f8rste \u00f8yekast kan reglene og strukturene i finsk grammatikk virke skremmende, men frykt ikke! Med t\u00e5lmodighet, \u00f8velse og veiledning kan du avsl\u00f8re [&hellip;]<\/p>\n","protected":false},"author":1,"featured_media":106597,"parent":0,"menu_order":0,"comment_status":"closed","ping_status":"closed","template":"LearningContentPage.php","meta":{"_acf_changed":false,"footnotes":""},"class_list":["post-129086","page","type-page","status-publish","has-post-thumbnail","hentry"],"acf":[],"yoast_head":"<!-- This site is optimized with the Yoast SEO Premium plugin v27.2 (Yoast SEO v27.2) - https:\/\/yoast.com\/product\/yoast-seo-premium-wordpress\/ -->\n<title>Finsk grammatikk - Talkpal<\/title>\n<meta name=\"description\" content=\"L\u00e6r viktige aspekter av finsk grammatikk, inkludert kasus, verb, setningsstruktur og uttaletips for \u00e5 mestre det finske spr\u00e5ket.\" \/>\n<meta name=\"robots\" content=\"index, follow, max-snippet:-1, max-image-preview:large, max-video-preview:-1\" \/>\n<link rel=\"canonical\" href=\"https:\/\/talkpal.ai\/no\/finsk-grammatikk\/\" \/>\n<meta property=\"og:locale\" content=\"nb_NO\" \/>\n<meta property=\"og:type\" content=\"article\" \/>\n<meta property=\"og:title\" content=\"Finsk grammatikk\" \/>\n<meta property=\"og:description\" content=\"Finsk grammatikk: En guide til \u00e5 mestre det finske spr\u00e5kets kompleksitet Finsk, et unikt og fascinerende spr\u00e5k som snakkes av omtrent 5 millioner\" \/>\n<meta property=\"og:url\" content=\"https:\/\/talkpal.ai\/no\/finsk-grammatikk\/\" \/>\n<meta property=\"og:site_name\" content=\"Talkpal\" \/>\n<meta property=\"article:publisher\" content=\"https:\/\/www.facebook.com\/profile.php?id=100090733639311\" \/>\n<meta property=\"article:modified_time\" content=\"2025-12-11T16:58:39+00:00\" \/>\n<meta property=\"og:image\" content=\"https:\/\/talkpal.ai\/wp-content\/uploads\/2023\/04\/finland.png\" \/>\n\t<meta property=\"og:image:width\" content=\"512\" \/>\n\t<meta property=\"og:image:height\" content=\"512\" \/>\n\t<meta property=\"og:image:type\" content=\"image\/png\" \/>\n<meta name=\"twitter:card\" content=\"summary_large_image\" \/>\n<meta name=\"twitter:site\" content=\"@talkpalai\" \/>\n<meta name=\"twitter:label1\" content=\"Ansl. lesetid\" \/>\n\t<meta name=\"twitter:data1\" content=\"3 minutter\" \/>\n<script type=\"application\/ld+json\" class=\"yoast-schema-graph\">{\"@context\":\"https:\/\/schema.org\",\"@graph\":[{\"@type\":\"WebPage\",\"@id\":\"https:\/\/talkpal.ai\/no\/finsk-grammatikk\/\",\"url\":\"https:\/\/talkpal.ai\/no\/finsk-grammatikk\/\",\"name\":\"Finsk grammatikk - Talkpal\",\"isPartOf\":{\"@id\":\"https:\/\/talkpal.ai\/no\/#website\"},\"primaryImageOfPage\":{\"@id\":\"https:\/\/talkpal.ai\/no\/finsk-grammatikk\/#primaryimage\"},\"image\":{\"@id\":\"https:\/\/talkpal.ai\/no\/finsk-grammatikk\/#primaryimage\"},\"thumbnailUrl\":\"https:\/\/talkpal.ai\/wp-content\/uploads\/2023\/04\/finland.png\",\"datePublished\":\"2023-05-14T13:50:21+00:00\",\"dateModified\":\"2025-12-11T16:58:39+00:00\",\"description\":\"L\u00e6r viktige aspekter av finsk grammatikk, inkludert kasus, verb, setningsstruktur og uttaletips for \u00e5 mestre det finske spr\u00e5ket.\",\"breadcrumb\":{\"@id\":\"https:\/\/talkpal.ai\/no\/finsk-grammatikk\/#breadcrumb\"},\"inLanguage\":\"nb-NO\",\"potentialAction\":[{\"@type\":\"ReadAction\",\"target\":[\"https:\/\/talkpal.ai\/no\/finsk-grammatikk\/\"]}]},{\"@type\":\"ImageObject\",\"inLanguage\":\"nb-NO\",\"@id\":\"https:\/\/talkpal.ai\/no\/finsk-grammatikk\/#primaryimage\",\"url\":\"https:\/\/talkpal.ai\/wp-content\/uploads\/2023\/04\/finland.png\",\"contentUrl\":\"https:\/\/talkpal.ai\/wp-content\/uploads\/2023\/04\/finland.png\",\"width\":512,\"height\":512,\"caption\":\"TalkPal finland Flag\"},{\"@type\":\"BreadcrumbList\",\"@id\":\"https:\/\/talkpal.ai\/no\/finsk-grammatikk\/#breadcrumb\",\"itemListElement\":[{\"@type\":\"ListItem\",\"position\":1,\"name\":\"Homepage\",\"item\":\"https:\/\/talkpal.ai\/no\/\"},{\"@type\":\"ListItem\",\"position\":2,\"name\":\"Finsk grammatikk\"}]},{\"@type\":\"WebSite\",\"@id\":\"https:\/\/talkpal.ai\/no\/#website\",\"url\":\"https:\/\/talkpal.ai\/no\/\",\"name\":\"Talkpal\",\"description\":\"AI Language Learning\",\"publisher\":{\"@id\":\"https:\/\/talkpal.ai\/no\/#organization\"},\"alternateName\":\"Talkpal AI\",\"potentialAction\":[{\"@type\":\"SearchAction\",\"target\":{\"@type\":\"EntryPoint\",\"urlTemplate\":\"https:\/\/talkpal.ai\/no\/?s={search_term_string}\"},\"query-input\":{\"@type\":\"PropertyValueSpecification\",\"valueRequired\":true,\"valueName\":\"search_term_string\"}}],\"inLanguage\":\"nb-NO\"},{\"@type\":\"Organization\",\"@id\":\"https:\/\/talkpal.ai\/no\/#organization\",\"name\":\"Talkpal, Inc.\",\"alternateName\":\"Talkpal AI\",\"url\":\"https:\/\/talkpal.ai\/no\/\",\"logo\":{\"@type\":\"ImageObject\",\"inLanguage\":\"nb-NO\",\"@id\":\"https:\/\/talkpal.ai\/no\/#\/schema\/logo\/image\/\",\"url\":\"https:\/\/talkpal.ai\/wp-content\/uploads\/2024\/03\/Talkpal-Logo-Icon.png\",\"contentUrl\":\"https:\/\/talkpal.ai\/wp-content\/uploads\/2024\/03\/Talkpal-Logo-Icon.png\",\"width\":2880,\"height\":2880,\"caption\":\"Talkpal, Inc.\"},\"image\":{\"@id\":\"https:\/\/talkpal.ai\/no\/#\/schema\/logo\/image\/\"},\"sameAs\":[\"https:\/\/www.facebook.com\/profile.php?id=100090733639311\",\"https:\/\/x.com\/talkpalai\",\"https:\/\/www.linkedin.com\/company\/talkpal\/\",\"https:\/\/www.youtube.com\/@TalkPal\/\",\"https:\/\/www.tiktok.com\/@talkpal\",\"https:\/\/www.instagram.com\/talkpal_ai\/\",\"https:\/\/www.crunchbase.com\/organization\/talkpal-9cde\",\"https:\/\/www.g2.com\/products\/talkpal-for-business\/\",\"https:\/\/www.trustpilot.com\/review\/talkpal.ai\",\"https:\/\/www.capterra.com\/p\/10006800\/TalkPal\/\"],\"description\":\"Talkpal is a language learning web and mobile education app, powered by the latest AI technologies, that provides engaging experiences to its customers in many different languages to help them improve their language skills. Users can chat about unlimited amount of topics with the app and use other modes to practice their language learning.\",\"email\":\"support@talkpal.ai\",\"legalName\":\"Talkpal, Inc.\",\"foundingDate\":\"2023-04-03\",\"duns\":\"118989042\",\"numberOfEmployees\":{\"@type\":\"QuantitativeValue\",\"minValue\":\"11\",\"maxValue\":\"50\"},\"publishingPrinciples\":\"https:\/\/talkpal.ai\/publishing-principles\/\",\"actionableFeedbackPolicy\":\"https:\/\/talkpal.ai\/actionable-feedback-policy\/\",\"correctionsPolicy\":\"https:\/\/talkpal.ai\/corrections-policy\/\",\"ethicsPolicy\":\"https:\/\/talkpal.ai\/ethics-policy\/\",\"diversityPolicy\":\"https:\/\/talkpal.ai\/diversity-policy\/\",\"diversityStaffingReport\":\"https:\/\/talkpal.ai\/diversity-policy\/\"}]}<\/script>\n<!-- \/ Yoast SEO Premium plugin. -->","yoast_head_json":{"title":"Finsk grammatikk - Talkpal","description":"L\u00e6r viktige aspekter av finsk grammatikk, inkludert kasus, verb, setningsstruktur og uttaletips for \u00e5 mestre det finske spr\u00e5ket.","robots":{"index":"index","follow":"follow","max-snippet":"max-snippet:-1","max-image-preview":"max-image-preview:large","max-video-preview":"max-video-preview:-1"},"canonical":"https:\/\/talkpal.ai\/no\/finsk-grammatikk\/","og_locale":"nb_NO","og_type":"article","og_title":"Finsk grammatikk","og_description":"Finsk grammatikk: En guide til \u00e5 mestre det finske spr\u00e5kets kompleksitet Finsk, et unikt og fascinerende spr\u00e5k som snakkes av omtrent 5 millioner","og_url":"https:\/\/talkpal.ai\/no\/finsk-grammatikk\/","og_site_name":"Talkpal","article_publisher":"https:\/\/www.facebook.com\/profile.php?id=100090733639311","article_modified_time":"2025-12-11T16:58:39+00:00","og_image":[{"width":512,"height":512,"url":"https:\/\/talkpal.ai\/wp-content\/uploads\/2023\/04\/finland.png","type":"image\/png"}],"twitter_card":"summary_large_image","twitter_site":"@talkpalai","twitter_misc":{"Ansl. lesetid":"3 minutter"},"schema":{"@context":"https:\/\/schema.org","@graph":[{"@type":"WebPage","@id":"https:\/\/talkpal.ai\/no\/finsk-grammatikk\/","url":"https:\/\/talkpal.ai\/no\/finsk-grammatikk\/","name":"Finsk grammatikk - Talkpal","isPartOf":{"@id":"https:\/\/talkpal.ai\/no\/#website"},"primaryImageOfPage":{"@id":"https:\/\/talkpal.ai\/no\/finsk-grammatikk\/#primaryimage"},"image":{"@id":"https:\/\/talkpal.ai\/no\/finsk-grammatikk\/#primaryimage"},"thumbnailUrl":"https:\/\/talkpal.ai\/wp-content\/uploads\/2023\/04\/finland.png","datePublished":"2023-05-14T13:50:21+00:00","dateModified":"2025-12-11T16:58:39+00:00","description":"L\u00e6r viktige aspekter av finsk grammatikk, inkludert kasus, verb, setningsstruktur og uttaletips for \u00e5 mestre det finske spr\u00e5ket.","breadcrumb":{"@id":"https:\/\/talkpal.ai\/no\/finsk-grammatikk\/#breadcrumb"},"inLanguage":"nb-NO","potentialAction":[{"@type":"ReadAction","target":["https:\/\/talkpal.ai\/no\/finsk-grammatikk\/"]}]},{"@type":"ImageObject","inLanguage":"nb-NO","@id":"https:\/\/talkpal.ai\/no\/finsk-grammatikk\/#primaryimage","url":"https:\/\/talkpal.ai\/wp-content\/uploads\/2023\/04\/finland.png","contentUrl":"https:\/\/talkpal.ai\/wp-content\/uploads\/2023\/04\/finland.png","width":512,"height":512,"caption":"TalkPal finland Flag"},{"@type":"BreadcrumbList","@id":"https:\/\/talkpal.ai\/no\/finsk-grammatikk\/#breadcrumb","itemListElement":[{"@type":"ListItem","position":1,"name":"Homepage","item":"https:\/\/talkpal.ai\/no\/"},{"@type":"ListItem","position":2,"name":"Finsk grammatikk"}]},{"@type":"WebSite","@id":"https:\/\/talkpal.ai\/no\/#website","url":"https:\/\/talkpal.ai\/no\/","name":"Talkpal","description":"AI Language Learning","publisher":{"@id":"https:\/\/talkpal.ai\/no\/#organization"},"alternateName":"Talkpal AI","potentialAction":[{"@type":"SearchAction","target":{"@type":"EntryPoint","urlTemplate":"https:\/\/talkpal.ai\/no\/?s={search_term_string}"},"query-input":{"@type":"PropertyValueSpecification","valueRequired":true,"valueName":"search_term_string"}}],"inLanguage":"nb-NO"},{"@type":"Organization","@id":"https:\/\/talkpal.ai\/no\/#organization","name":"Talkpal, Inc.","alternateName":"Talkpal AI","url":"https:\/\/talkpal.ai\/no\/","logo":{"@type":"ImageObject","inLanguage":"nb-NO","@id":"https:\/\/talkpal.ai\/no\/#\/schema\/logo\/image\/","url":"https:\/\/talkpal.ai\/wp-content\/uploads\/2024\/03\/Talkpal-Logo-Icon.png","contentUrl":"https:\/\/talkpal.ai\/wp-content\/uploads\/2024\/03\/Talkpal-Logo-Icon.png","width":2880,"height":2880,"caption":"Talkpal, Inc."},"image":{"@id":"https:\/\/talkpal.ai\/no\/#\/schema\/logo\/image\/"},"sameAs":["https:\/\/www.facebook.com\/profile.php?id=100090733639311","https:\/\/x.com\/talkpalai","https:\/\/www.linkedin.com\/company\/talkpal\/","https:\/\/www.youtube.com\/@TalkPal\/","https:\/\/www.tiktok.com\/@talkpal","https:\/\/www.instagram.com\/talkpal_ai\/","https:\/\/www.crunchbase.com\/organization\/talkpal-9cde","https:\/\/www.g2.com\/products\/talkpal-for-business\/","https:\/\/www.trustpilot.com\/review\/talkpal.ai","https:\/\/www.capterra.com\/p\/10006800\/TalkPal\/"],"description":"Talkpal is a language learning web and mobile education app, powered by the latest AI technologies, that provides engaging experiences to its customers in many different languages to help them improve their language skills. Users can chat about unlimited amount of topics with the app and use other modes to practice their language learning.","email":"support@talkpal.ai","legalName":"Talkpal, Inc.","foundingDate":"2023-04-03","duns":"118989042","numberOfEmployees":{"@type":"QuantitativeValue","minValue":"11","maxValue":"50"},"publishingPrinciples":"https:\/\/talkpal.ai\/publishing-principles\/","actionableFeedbackPolicy":"https:\/\/talkpal.ai\/actionable-feedback-policy\/","correctionsPolicy":"https:\/\/talkpal.ai\/corrections-policy\/","ethicsPolicy":"https:\/\/talkpal.ai\/ethics-policy\/","diversityPolicy":"https:\/\/talkpal.ai\/diversity-policy\/","diversityStaffingReport":"https:\/\/talkpal.ai\/diversity-policy\/"}]}},"_links":{"self":[{"href":"https:\/\/talkpal.ai\/no\/wp-json\/wp\/v2\/pages\/129086","targetHints":{"allow":["GET"]}}],"collection":[{"href":"https:\/\/talkpal.ai\/no\/wp-json\/wp\/v2\/pages"}],"about":[{"href":"https:\/\/talkpal.ai\/no\/wp-json\/wp\/v2\/types\/page"}],"author":[{"embeddable":true,"href":"https:\/\/talkpal.ai\/no\/wp-json\/wp\/v2\/users\/1"}],"replies":[{"embeddable":true,"href":"https:\/\/talkpal.ai\/no\/wp-json\/wp\/v2\/comments?post=129086"}],"version-history":[{"count":0,"href":"https:\/\/talkpal.ai\/no\/wp-json\/wp\/v2\/pages\/129086\/revisions"}],"wp:featuredmedia":[{"embeddable":true,"href":"https:\/\/talkpal.ai\/no\/wp-json\/wp\/v2\/media\/106597"}],"wp:attachment":[{"href":"https:\/\/talkpal.ai\/no\/wp-json\/wp\/v2\/media?parent=129086"}],"curies":[{"name":"wp","href":"https:\/\/api.w.org\/{rel}","templated":true}]}}