{"id":128765,"date":"2023-05-14T13:49:38","date_gmt":"2023-05-14T13:49:38","guid":{"rendered":"http:\/\/talkpal.ai\/nederlandsk-grammatikk\/"},"modified":"2025-12-11T17:03:36","modified_gmt":"2025-12-11T17:03:36","slug":"nederlandsk-grammatikk","status":"publish","type":"page","link":"https:\/\/talkpal.ai\/no\/nederlandsk-grammatikk\/","title":{"rendered":"Nederlandsk grammatikk"},"content":{"rendered":"\r\n\r\n\r\n<section class=\"languageChallengeSection\">\r\n    <div class=\"languageInfoWrapper\">\r\n        \r\n        <h1>Nederlandsk grammatikk<\/h1>\r\n        <p>Utforsk grunnlaget for det nederlandske spr\u00e5ket ved \u00e5 l\u00e6re deg de viktigste grammatikkreglene. \u00c5 beherske <a href=\"https:\/\/talkpal.ai\/no\/laer-nederlandsk\/\">nederlandsk grammatikk<\/a> vil hjelpe deg \u00e5 kommunisere effektivt og f\u00e5 dypere innsikt i <a href=\"https:\/\/talkpal.ai\/learn-dutch\/\">nederlandsk<\/a> kultur. Begynn \u00e5 l\u00e6re <a href=\"https:\/\/talkpal.ai\/no\/laer-nederlandsk\/\">nederlandsk grammatikk<\/a> i dag og ta det f\u00f8rste skrittet mot flytende nederlandsk!\n<\/p>\r\n\r\n                            <a class=\"getStartedHidden\" href=\"https:\/\/app.talkpal.ai\/no\/signup?lng=\">Kom i gang<\/a>\r\n        \r\n    <\/div>\r\n\r\n    <figure>\r\n    <img decoding=\"async\" width=\"768\" height=\"768\" src=\"https:\/\/talkpal.ai\/wp-content\/uploads\/2023\/06\/Dutch-768x768.png\" class=\"languageImage no-lazy\" alt=\"Developing skills through language learning\" fetchpriority=\"high\" sizes=\"(max-width: 768px) 150px, 768px\" srcset=\"https:\/\/talkpal.ai\/wp-content\/uploads\/2023\/06\/Dutch-768x768.png 768w, https:\/\/talkpal.ai\/wp-content\/uploads\/2023\/06\/Dutch-300x300.png 300w\" \/>\r\n    \r\n\r\n    <\/figure>\r\n\r\n            <a class=\"getStartedVisible\" href=\"https:\/\/app.talkpal.ai\/no\/signup?lng=\">Kom i gang<\/a>\r\n    \r\n<\/section>\r\n<section class=\"promotionalBanner\">\r\n    <p class=\"promotionalText\">Den mest effektive m\u00e5ten \u00e5 l\u00e6re et spr\u00e5k p\u00e5<\/p>\r\n    <a class=\"promotionalLink\" href=\"https:\/\/app.talkpal.ai\/no\/signup?lng=\">Pr\u00f8v Talkpal gratis<\/a>\r\n<\/section>\n<div class=\"wp-block-group pageContainerStyle\"><div class=\"wp-block-group__inner-container is-layout-constrained wp-block-group-is-layout-constrained\">\n<h2 class=\"wp-block-heading\" id=\"h-dutch-grammar-master-the-mechanics-of-the-dutch-language\">Nederlandsk grammatikk: Mestre mekanikken til det nederlandske spr\u00e5ket<\/h2>\n\n\n\n<p>Hvis du har tatt spranget og begynt \u00e5 l\u00e6re deg nederlandsk, har du en spennende reise foran deg! Med over 23 millioner h\u00f8yttalere over hele verden, er nederlandsk et fantastisk spr\u00e5k for \u00e5 styrke din spr\u00e5klige dyktighet og utvide horisonten din. N\u00e5 har du kanskje h\u00f8rt hvisking om kompleksiteten i nederlandsk <a href=\"https:\/\/talkpal.ai\/grammar\/\">grammatikk<\/a>, men frykt ikke! Denne artikkelen fungerer som en vennlig nybegynnerguide som tar for seg nederlandsk grammatikk p\u00e5 en underholdende, men forst\u00e5elig m\u00e5te.<\/p>\n\n\n\n<h3 class=\"wp-block-heading\" id=\"h-1-the-pillar-of-dutch-grammar-word-order\">1. Grunnpilaren i nederlandsk grammatikk: ordstilling<\/h3>\n\n\n\n<p>Nederlandsk grammatikk er sterkt avhengig av ordrekkef\u00f8lge. Generelt f\u00f8lger det en &laquo;subjekt-verb-objekt&raquo;-struktur som ligner p\u00e5 det engelske spr\u00e5ket. Imidlertid har nederlandsk en unik funksjon: Ordrekkef\u00f8lgen for Verb Second (V2). I en setning med mer enn ett verb, blir det andre verbet skj\u00f8vet til slutten. For eksempel:<\/p>\n\n\n\n<p><a href=\"https:\/\/talkpal.ai\/learn-norwegian\/\">Norsk<\/a>: Jeg m\u00e5 jobbe i dag.<\/p>\n\n\n\n<p>Nederlandsk: Ik moet vandaag werken. (bokstavelig talt: &laquo;Jeg m\u00e5 jobbe i dag.&raquo;)<\/p>\n\n\n\n<p>\u00c5 <a href=\"https:\/\/talkpal.ai\/locations\/language-courses-in-mestre\/\">mestre<\/a> V2-ordrekkef\u00f8lgen er viktig n\u00e5r du l\u00e6rer nederlandsk grammatikk.<\/p>\n\n\n\n<h3 class=\"wp-block-heading\" id=\"h-2-get-to-know-your-articles\">2. Bli kjent med artiklene dine<\/h3>\n\n\n\n<p>Nederlandsk har to bestemte artikler (&laquo;de&raquo; og &laquo;het&raquo;) og en ubestemt artikkel (&laquo;een&raquo;). \u00c5 velge mellom de to bestemte artiklene kan v\u00e6re vanskelig, uten noen bestemt regel \u00e5 f\u00f8lge. Som nybegynner er den beste m\u00e5ten \u00e5 l\u00e6re dem p\u00e5 gjennom praksis og kontekst. For eksempel:<\/p>\n\n\n\n<p>De man &#8211; Mannen<\/p>\n\n\n\n<p>Het meisje &#8211; Jenta<\/p>\n\n\n\n<p>Een hond &#8211; En hund<\/p>\n\n\n\n<h3 class=\"wp-block-heading\" id=\"h-3-the-dance-of-dutch-conjugations\">3. Dansen til nederlandske konjugasjoner<\/h3>\n\n\n\n<p>Som <a href=\"https:\/\/talkpal.ai\/learn-english-with-ai\/\">engelsk<\/a>, endrer nederlandske verb form for \u00e5 formidle anspenthet og stemning. P\u00e5 nederlandsk er det tre prim\u00e6rgrupper av verbkonjugasjoner: svake verb, sterke verb og uregelmessige verb.<\/p>\n\n\n\n<p>Svake verb f\u00f8lger faste b\u00f8yningsregler, noe som gj\u00f8r dem relativt enkle \u00e5 l\u00e6re.  <\/p>\n\n\n\n<p>Eksempel (n\u00e5tid): Ik werk, jij werkt, hij\/zij\/u werkt, wij\/jullie\/zij werken<\/p>\n\n\n\n<p>Sterke verb involverer vokalendringer, noe som ofte f\u00f8rer til at elever l\u00e6rer dem utenat individuelt.<\/p>\n\n\n\n<p>Eksempel (Presenstid): Ik zing, jij zingt, hij\/zij\/u zingt, wij\/jullie\/zij zingen<\/p>\n\n\n\n<p>Uregelmessige verb f\u00f8lger, som navnet antyder, ikke noe fast b\u00f8yningsm\u00f8nster og m\u00e5 l\u00e6res uavhengig av hverandre.<\/p>\n\n\n\n<p>Eksempel (Presenstid): Ik ben, jij bent, hij\/zij\/u is, wij\/jullie\/zij zijn<\/p>\n\n\n\n<h3 class=\"wp-block-heading\" id=\"h-4-a-flair-for-pronouns\">4. En teft for pronomen<\/h3>\n\n\n\n<p>Pronomen i nederlandsk grammatikk erstatter substantiver og er avgj\u00f8rende for \u00e5 gj\u00f8re talen din mer dynamisk og flytende. Det er personlige pronomen, besittende pronomen, demonstrative pronomen og refleksive pronomen. Som nybegynner er det avgj\u00f8rende \u00e5 forst\u00e5 personlige og besittende pronomen.<\/p>\n\n\n\n<p>Personlige pronomen: ik (jeg), jij\/je (du), hij\/zij\/ze (han\/hun), wij\/vi (vi), jullie (dere alle), zij\/ze (de)<\/p>\n\n\n\n<p>Besittende pronomen: mijn (min), jouw\/je (din), zijn\/haar (hans\/henne), ons\/onze (v\u00e5r), jullie (din), hun\/hen (deres)<\/p>\n\n\n\n<h3 class=\"wp-block-heading\" id=\"h-5-cases-no-more-mostly\">5. Saker ikke lenger (for det meste)<\/h3>\n\n\n\n<p>I motsetning til tysk, bruker ikke nederlandsk lenger et sakssystem i dagliglivet, noe som gir en viss lindring fra spr\u00e5klige veisperringer. Det eneste unntaket er nederlandske varianter av &laquo;hvem&raquo; og &laquo;hvem&raquo; (henholdsvis wie og wie), og noen f\u00e5 faste uttrykk (for eksempel te allen tijde, som betyr &laquo;til enhver tid&raquo;).  <\/p>\n\n\n\n<p>Gratulerer! Du har tatt de f\u00f8rste skrittene for \u00e5 <a href=\"https:\/\/talkpal.ai\/locations\/language-courses-in-mestre\/\">mestre<\/a> nederlandsk grammatikk. Husk at \u00f8velse er n\u00f8kkelen, s\u00e5 ikke n\u00f8l med \u00e5 fordype deg, kommunisere med personer som har spr\u00e5ket som morsm\u00e5l og bygge et solid grunnlag. Mye suksess! (Lykke til!)<\/p>\n<\/div><\/div>\n\r\n<section class=\"learnNavigationSection\">\r\n            \r\n        <a href=\"https:\/\/talkpal.ai\/no\/laer-nederlandsk\/\">\r\n            <div class=\"learnNavigationWrapper\">\r\n                <div class=\"learnNavigationContent\">\r\n                    <img decoding=\"async\" src=\"https:\/\/talkpal.ai\/wp-content\/uploads\/2024\/08\/Dutch.jpg\" alt=\"Netherlands Flag\">\r\n                    <div>\r\n                        <h4>Om Dutch Learning<\/h4>\r\n                        <p>Finn ut alt om nederlandsk grammatikk.<\/p>\r\n                    <\/div>\r\n                <\/div>\r\n            <\/div>\r\n        <\/a>\r\n\r\n        \r\n        <a href=\"https:\/\/talkpal.ai\/no\/nederlandsk-grammatikkovelser\/\">\r\n            <div class=\"learnNavigationWrapper\">\r\n                <div class=\"learnNavigationContent\">\r\n                    <img decoding=\"async\" src=\"https:\/\/talkpal.ai\/wp-content\/uploads\/2024\/08\/Dutch.jpg\" alt=\"Netherlands Flag\">\r\n                    <div>\r\n                        <h4>\u00d8velse i nederlandsk grammatikk<\/h4>\r\n                        <p>\u00d8v nederlandsk grammatikk.<\/p>\r\n                    <\/div>\r\n                <\/div>\r\n            <\/div>\r\n        <\/a>\r\n\r\n        \r\n        <a href=\"https:\/\/talkpal.ai\/vocabulary_language\/dutch\/\">\r\n            <div class=\"learnNavigationWrapper\">\r\n                <div class=\"learnNavigationContent\">\r\n                    <img decoding=\"async\" src=\"https:\/\/talkpal.ai\/wp-content\/uploads\/2024\/08\/Dutch.jpg\" alt=\"Netherlands Flag\">\r\n                    <div>\r\n                        <h4>Nederlandsk ordforr\u00e5d<\/h4>\r\n                        <p>Utvid ordforr\u00e5det ditt p\u00e5 nederlandsk.<\/p>\r\n                    <\/div>\r\n                <\/div>\r\n            <\/div>\r\n        <\/a>\r\n\r\n            <\/section>","protected":false},"excerpt":{"rendered":"<p>Nederlandsk grammatikk: Mestre mekanikken til det nederlandske spr\u00e5ket Hvis du har tatt spranget og begynt \u00e5 l\u00e6re deg nederlandsk, har du en spennende reise foran deg! Med over 23 millioner h\u00f8yttalere over hele verden, er nederlandsk et fantastisk spr\u00e5k for \u00e5 styrke din spr\u00e5klige dyktighet og utvide horisonten din. N\u00e5 har du kanskje h\u00f8rt hvisking [&hellip;]<\/p>\n","protected":false},"author":1,"featured_media":106276,"parent":0,"menu_order":0,"comment_status":"closed","ping_status":"closed","template":"LearningContentPage.php","meta":{"_acf_changed":false,"footnotes":""},"class_list":["post-128765","page","type-page","status-publish","has-post-thumbnail","hentry"],"acf":[],"yoast_head":"<!-- This site is optimized with the Yoast SEO Premium plugin v27.2 (Yoast SEO v27.2) - https:\/\/yoast.com\/product\/yoast-seo-premium-wordpress\/ -->\n<title>Nederlandsk grammatikk - Talkpal<\/title>\n<meta name=\"description\" content=\"Mestre nederlandsk grammatikk med Talkpal, din AI-drevne spr\u00e5kveileder. F\u00e5 tilgang til tydelige forklaringer, praktiske eksempler og interaktive \u00f8velser!\" \/>\n<meta name=\"robots\" content=\"index, follow, max-snippet:-1, max-image-preview:large, max-video-preview:-1\" \/>\n<link rel=\"canonical\" href=\"https:\/\/talkpal.ai\/no\/nederlandsk-grammatikk\/\" \/>\n<meta property=\"og:locale\" content=\"nb_NO\" \/>\n<meta property=\"og:type\" content=\"article\" \/>\n<meta property=\"og:title\" content=\"Nederlandsk grammatikk\" \/>\n<meta property=\"og:description\" content=\"Nederlandsk grammatikk: Mestre mekanikken til det nederlandske spr\u00e5ket Hvis du har tatt spranget og begynt \u00e5 l\u00e6re deg nederlandsk, har du en spennende\" \/>\n<meta property=\"og:url\" content=\"https:\/\/talkpal.ai\/no\/nederlandsk-grammatikk\/\" \/>\n<meta property=\"og:site_name\" content=\"Talkpal\" \/>\n<meta property=\"article:publisher\" content=\"https:\/\/www.facebook.com\/profile.php?id=100090733639311\" \/>\n<meta property=\"article:modified_time\" content=\"2025-12-11T17:03:36+00:00\" \/>\n<meta property=\"og:image\" content=\"https:\/\/talkpal.ai\/wp-content\/uploads\/2023\/04\/netherlands-dutch.png\" \/>\n\t<meta property=\"og:image:width\" content=\"512\" \/>\n\t<meta property=\"og:image:height\" content=\"512\" \/>\n\t<meta property=\"og:image:type\" content=\"image\/png\" \/>\n<meta name=\"twitter:card\" content=\"summary_large_image\" \/>\n<meta name=\"twitter:site\" content=\"@talkpalai\" \/>\n<meta name=\"twitter:label1\" content=\"Ansl. lesetid\" \/>\n\t<meta name=\"twitter:data1\" content=\"3 minutter\" \/>\n<script type=\"application\/ld+json\" class=\"yoast-schema-graph\">{\"@context\":\"https:\/\/schema.org\",\"@graph\":[{\"@type\":\"WebPage\",\"@id\":\"https:\/\/talkpal.ai\/no\/nederlandsk-grammatikk\/\",\"url\":\"https:\/\/talkpal.ai\/no\/nederlandsk-grammatikk\/\",\"name\":\"Nederlandsk grammatikk - Talkpal\",\"isPartOf\":{\"@id\":\"https:\/\/talkpal.ai\/no\/#website\"},\"primaryImageOfPage\":{\"@id\":\"https:\/\/talkpal.ai\/no\/nederlandsk-grammatikk\/#primaryimage\"},\"image\":{\"@id\":\"https:\/\/talkpal.ai\/no\/nederlandsk-grammatikk\/#primaryimage\"},\"thumbnailUrl\":\"https:\/\/talkpal.ai\/wp-content\/uploads\/2023\/04\/netherlands-dutch.png\",\"datePublished\":\"2023-05-14T13:49:38+00:00\",\"dateModified\":\"2025-12-11T17:03:36+00:00\",\"description\":\"Mestre nederlandsk grammatikk med Talkpal, din AI-drevne spr\u00e5kveileder. F\u00e5 tilgang til tydelige forklaringer, praktiske eksempler og interaktive \u00f8velser!\",\"breadcrumb\":{\"@id\":\"https:\/\/talkpal.ai\/no\/nederlandsk-grammatikk\/#breadcrumb\"},\"inLanguage\":\"nb-NO\",\"potentialAction\":[{\"@type\":\"ReadAction\",\"target\":[\"https:\/\/talkpal.ai\/no\/nederlandsk-grammatikk\/\"]}]},{\"@type\":\"ImageObject\",\"inLanguage\":\"nb-NO\",\"@id\":\"https:\/\/talkpal.ai\/no\/nederlandsk-grammatikk\/#primaryimage\",\"url\":\"https:\/\/talkpal.ai\/wp-content\/uploads\/2023\/04\/netherlands-dutch.png\",\"contentUrl\":\"https:\/\/talkpal.ai\/wp-content\/uploads\/2023\/04\/netherlands-dutch.png\",\"width\":512,\"height\":512},{\"@type\":\"BreadcrumbList\",\"@id\":\"https:\/\/talkpal.ai\/no\/nederlandsk-grammatikk\/#breadcrumb\",\"itemListElement\":[{\"@type\":\"ListItem\",\"position\":1,\"name\":\"Homepage\",\"item\":\"https:\/\/talkpal.ai\/no\/\"},{\"@type\":\"ListItem\",\"position\":2,\"name\":\"Nederlandsk grammatikk\"}]},{\"@type\":\"WebSite\",\"@id\":\"https:\/\/talkpal.ai\/no\/#website\",\"url\":\"https:\/\/talkpal.ai\/no\/\",\"name\":\"Talkpal\",\"description\":\"AI Language Learning\",\"publisher\":{\"@id\":\"https:\/\/talkpal.ai\/no\/#organization\"},\"alternateName\":\"Talkpal AI\",\"potentialAction\":[{\"@type\":\"SearchAction\",\"target\":{\"@type\":\"EntryPoint\",\"urlTemplate\":\"https:\/\/talkpal.ai\/no\/?s={search_term_string}\"},\"query-input\":{\"@type\":\"PropertyValueSpecification\",\"valueRequired\":true,\"valueName\":\"search_term_string\"}}],\"inLanguage\":\"nb-NO\"},{\"@type\":\"Organization\",\"@id\":\"https:\/\/talkpal.ai\/no\/#organization\",\"name\":\"Talkpal, Inc.\",\"alternateName\":\"Talkpal AI\",\"url\":\"https:\/\/talkpal.ai\/no\/\",\"logo\":{\"@type\":\"ImageObject\",\"inLanguage\":\"nb-NO\",\"@id\":\"https:\/\/talkpal.ai\/no\/#\/schema\/logo\/image\/\",\"url\":\"https:\/\/talkpal.ai\/wp-content\/uploads\/2024\/03\/Talkpal-Logo-Icon.png\",\"contentUrl\":\"https:\/\/talkpal.ai\/wp-content\/uploads\/2024\/03\/Talkpal-Logo-Icon.png\",\"width\":2880,\"height\":2880,\"caption\":\"Talkpal, Inc.\"},\"image\":{\"@id\":\"https:\/\/talkpal.ai\/no\/#\/schema\/logo\/image\/\"},\"sameAs\":[\"https:\/\/www.facebook.com\/profile.php?id=100090733639311\",\"https:\/\/x.com\/talkpalai\",\"https:\/\/www.linkedin.com\/company\/talkpal\/\",\"https:\/\/www.youtube.com\/@TalkPal\/\",\"https:\/\/www.tiktok.com\/@talkpal\",\"https:\/\/www.instagram.com\/talkpal_ai\/\",\"https:\/\/www.crunchbase.com\/organization\/talkpal-9cde\",\"https:\/\/www.g2.com\/products\/talkpal-for-business\/\",\"https:\/\/www.trustpilot.com\/review\/talkpal.ai\",\"https:\/\/www.capterra.com\/p\/10006800\/TalkPal\/\"],\"description\":\"Talkpal is a language learning web and mobile education app, powered by the latest AI technologies, that provides engaging experiences to its customers in many different languages to help them improve their language skills. Users can chat about unlimited amount of topics with the app and use other modes to practice their language learning.\",\"email\":\"support@talkpal.ai\",\"legalName\":\"Talkpal, Inc.\",\"foundingDate\":\"2023-04-03\",\"duns\":\"118989042\",\"numberOfEmployees\":{\"@type\":\"QuantitativeValue\",\"minValue\":\"11\",\"maxValue\":\"50\"},\"publishingPrinciples\":\"https:\/\/talkpal.ai\/publishing-principles\/\",\"actionableFeedbackPolicy\":\"https:\/\/talkpal.ai\/actionable-feedback-policy\/\",\"correctionsPolicy\":\"https:\/\/talkpal.ai\/corrections-policy\/\",\"ethicsPolicy\":\"https:\/\/talkpal.ai\/ethics-policy\/\",\"diversityPolicy\":\"https:\/\/talkpal.ai\/diversity-policy\/\",\"diversityStaffingReport\":\"https:\/\/talkpal.ai\/diversity-policy\/\"}]}<\/script>\n<!-- \/ Yoast SEO Premium plugin. -->","yoast_head_json":{"title":"Nederlandsk grammatikk - Talkpal","description":"Mestre nederlandsk grammatikk med Talkpal, din AI-drevne spr\u00e5kveileder. F\u00e5 tilgang til tydelige forklaringer, praktiske eksempler og interaktive \u00f8velser!","robots":{"index":"index","follow":"follow","max-snippet":"max-snippet:-1","max-image-preview":"max-image-preview:large","max-video-preview":"max-video-preview:-1"},"canonical":"https:\/\/talkpal.ai\/no\/nederlandsk-grammatikk\/","og_locale":"nb_NO","og_type":"article","og_title":"Nederlandsk grammatikk","og_description":"Nederlandsk grammatikk: Mestre mekanikken til det nederlandske spr\u00e5ket Hvis du har tatt spranget og begynt \u00e5 l\u00e6re deg nederlandsk, har du en spennende","og_url":"https:\/\/talkpal.ai\/no\/nederlandsk-grammatikk\/","og_site_name":"Talkpal","article_publisher":"https:\/\/www.facebook.com\/profile.php?id=100090733639311","article_modified_time":"2025-12-11T17:03:36+00:00","og_image":[{"width":512,"height":512,"url":"https:\/\/talkpal.ai\/wp-content\/uploads\/2023\/04\/netherlands-dutch.png","type":"image\/png"}],"twitter_card":"summary_large_image","twitter_site":"@talkpalai","twitter_misc":{"Ansl. lesetid":"3 minutter"},"schema":{"@context":"https:\/\/schema.org","@graph":[{"@type":"WebPage","@id":"https:\/\/talkpal.ai\/no\/nederlandsk-grammatikk\/","url":"https:\/\/talkpal.ai\/no\/nederlandsk-grammatikk\/","name":"Nederlandsk grammatikk - Talkpal","isPartOf":{"@id":"https:\/\/talkpal.ai\/no\/#website"},"primaryImageOfPage":{"@id":"https:\/\/talkpal.ai\/no\/nederlandsk-grammatikk\/#primaryimage"},"image":{"@id":"https:\/\/talkpal.ai\/no\/nederlandsk-grammatikk\/#primaryimage"},"thumbnailUrl":"https:\/\/talkpal.ai\/wp-content\/uploads\/2023\/04\/netherlands-dutch.png","datePublished":"2023-05-14T13:49:38+00:00","dateModified":"2025-12-11T17:03:36+00:00","description":"Mestre nederlandsk grammatikk med Talkpal, din AI-drevne spr\u00e5kveileder. F\u00e5 tilgang til tydelige forklaringer, praktiske eksempler og interaktive \u00f8velser!","breadcrumb":{"@id":"https:\/\/talkpal.ai\/no\/nederlandsk-grammatikk\/#breadcrumb"},"inLanguage":"nb-NO","potentialAction":[{"@type":"ReadAction","target":["https:\/\/talkpal.ai\/no\/nederlandsk-grammatikk\/"]}]},{"@type":"ImageObject","inLanguage":"nb-NO","@id":"https:\/\/talkpal.ai\/no\/nederlandsk-grammatikk\/#primaryimage","url":"https:\/\/talkpal.ai\/wp-content\/uploads\/2023\/04\/netherlands-dutch.png","contentUrl":"https:\/\/talkpal.ai\/wp-content\/uploads\/2023\/04\/netherlands-dutch.png","width":512,"height":512},{"@type":"BreadcrumbList","@id":"https:\/\/talkpal.ai\/no\/nederlandsk-grammatikk\/#breadcrumb","itemListElement":[{"@type":"ListItem","position":1,"name":"Homepage","item":"https:\/\/talkpal.ai\/no\/"},{"@type":"ListItem","position":2,"name":"Nederlandsk grammatikk"}]},{"@type":"WebSite","@id":"https:\/\/talkpal.ai\/no\/#website","url":"https:\/\/talkpal.ai\/no\/","name":"Talkpal","description":"AI Language Learning","publisher":{"@id":"https:\/\/talkpal.ai\/no\/#organization"},"alternateName":"Talkpal AI","potentialAction":[{"@type":"SearchAction","target":{"@type":"EntryPoint","urlTemplate":"https:\/\/talkpal.ai\/no\/?s={search_term_string}"},"query-input":{"@type":"PropertyValueSpecification","valueRequired":true,"valueName":"search_term_string"}}],"inLanguage":"nb-NO"},{"@type":"Organization","@id":"https:\/\/talkpal.ai\/no\/#organization","name":"Talkpal, Inc.","alternateName":"Talkpal AI","url":"https:\/\/talkpal.ai\/no\/","logo":{"@type":"ImageObject","inLanguage":"nb-NO","@id":"https:\/\/talkpal.ai\/no\/#\/schema\/logo\/image\/","url":"https:\/\/talkpal.ai\/wp-content\/uploads\/2024\/03\/Talkpal-Logo-Icon.png","contentUrl":"https:\/\/talkpal.ai\/wp-content\/uploads\/2024\/03\/Talkpal-Logo-Icon.png","width":2880,"height":2880,"caption":"Talkpal, Inc."},"image":{"@id":"https:\/\/talkpal.ai\/no\/#\/schema\/logo\/image\/"},"sameAs":["https:\/\/www.facebook.com\/profile.php?id=100090733639311","https:\/\/x.com\/talkpalai","https:\/\/www.linkedin.com\/company\/talkpal\/","https:\/\/www.youtube.com\/@TalkPal\/","https:\/\/www.tiktok.com\/@talkpal","https:\/\/www.instagram.com\/talkpal_ai\/","https:\/\/www.crunchbase.com\/organization\/talkpal-9cde","https:\/\/www.g2.com\/products\/talkpal-for-business\/","https:\/\/www.trustpilot.com\/review\/talkpal.ai","https:\/\/www.capterra.com\/p\/10006800\/TalkPal\/"],"description":"Talkpal is a language learning web and mobile education app, powered by the latest AI technologies, that provides engaging experiences to its customers in many different languages to help them improve their language skills. Users can chat about unlimited amount of topics with the app and use other modes to practice their language learning.","email":"support@talkpal.ai","legalName":"Talkpal, Inc.","foundingDate":"2023-04-03","duns":"118989042","numberOfEmployees":{"@type":"QuantitativeValue","minValue":"11","maxValue":"50"},"publishingPrinciples":"https:\/\/talkpal.ai\/publishing-principles\/","actionableFeedbackPolicy":"https:\/\/talkpal.ai\/actionable-feedback-policy\/","correctionsPolicy":"https:\/\/talkpal.ai\/corrections-policy\/","ethicsPolicy":"https:\/\/talkpal.ai\/ethics-policy\/","diversityPolicy":"https:\/\/talkpal.ai\/diversity-policy\/","diversityStaffingReport":"https:\/\/talkpal.ai\/diversity-policy\/"}]}},"_links":{"self":[{"href":"https:\/\/talkpal.ai\/no\/wp-json\/wp\/v2\/pages\/128765","targetHints":{"allow":["GET"]}}],"collection":[{"href":"https:\/\/talkpal.ai\/no\/wp-json\/wp\/v2\/pages"}],"about":[{"href":"https:\/\/talkpal.ai\/no\/wp-json\/wp\/v2\/types\/page"}],"author":[{"embeddable":true,"href":"https:\/\/talkpal.ai\/no\/wp-json\/wp\/v2\/users\/1"}],"replies":[{"embeddable":true,"href":"https:\/\/talkpal.ai\/no\/wp-json\/wp\/v2\/comments?post=128765"}],"version-history":[{"count":0,"href":"https:\/\/talkpal.ai\/no\/wp-json\/wp\/v2\/pages\/128765\/revisions"}],"wp:featuredmedia":[{"embeddable":true,"href":"https:\/\/talkpal.ai\/no\/wp-json\/wp\/v2\/media\/106276"}],"wp:attachment":[{"href":"https:\/\/talkpal.ai\/no\/wp-json\/wp\/v2\/media?parent=128765"}],"curies":[{"name":"wp","href":"https:\/\/api.w.org\/{rel}","templated":true}]}}