{"id":128351,"date":"2023-05-14T13:48:36","date_gmt":"2023-05-14T13:48:36","guid":{"rendered":"http:\/\/talkpal.ai\/kinesisk-grammatikk\/"},"modified":"2025-06-17T16:39:40","modified_gmt":"2025-06-17T16:39:40","slug":"kinesisk-grammatikk","status":"publish","type":"page","link":"https:\/\/talkpal.ai\/no\/kinesisk-grammatikk\/","title":{"rendered":"Kinesisk grammatikk"},"content":{"rendered":"\r\n\r\n\r\n<section class=\"languageChallengeSection\">\r\n    <div class=\"languageInfoWrapper\">\r\n        \r\n        <h1>Kinesisk grammatikk<\/h1>\r\n        <p>Styrk dine kinesiske spr\u00e5kkunnskaper ved \u00e5 l\u00e6re viktige grammatikkstrukturer og bruksm\u00f8nstre. Begynn \u00e5 forbedre din kinesiske <a href=\"https:\/\/talkpal.ai\/grammar\/\">grammatikk<\/a> i dag og kommuniser med selvtillit!<\/p>\r\n\r\n                            <a class=\"getStartedHidden\" href=\"https:\/\/app.talkpal.ai\/no\/signup?lng=\">Kom i gang<\/a>\r\n        \r\n    <\/div>\r\n\r\n    <figure>\r\n    <img decoding=\"async\" width=\"768\" height=\"768\" src=\"https:\/\/talkpal.ai\/wp-content\/uploads\/2023\/06\/chinese-768x768.png\" class=\"languageImage no-lazy\" alt=\"Language learning for flexible communication\" fetchpriority=\"high\" sizes=\"(max-width: 768px) 150px, 768px\" srcset=\"https:\/\/talkpal.ai\/wp-content\/uploads\/2023\/06\/chinese-768x768.png 768w, https:\/\/talkpal.ai\/wp-content\/uploads\/2023\/06\/chinese-300x300.png 300w\" \/>\r\n    \r\n\r\n    <\/figure>\r\n\r\n            <a class=\"getStartedVisible\" href=\"https:\/\/app.talkpal.ai\/no\/signup?lng=\">Kom i gang<\/a>\r\n    \r\n<\/section>\r\n<section class=\"promotionalBanner\">\r\n    <p class=\"promotionalText\">Den mest effektive m\u00e5ten \u00e5 l\u00e6re et spr\u00e5k p\u00e5<\/p>\r\n    <a class=\"promotionalLink\" href=\"https:\/\/app.talkpal.ai\/no\/signup?lng=\">Pr\u00f8v Talkpal gratis<\/a>\r\n<\/section>\n<div class=\"wp-block-group pageContainerStyle\"><div class=\"wp-block-group__inner-container is-layout-constrained wp-block-group-is-layout-constrained\">\n<h2 class=\"wp-block-heading\" id=\"h-chinese-grammar-the-key-to-mastering-mandarin\">Kinesisk grammatikk: n\u00f8kkelen til \u00e5 mestre mandarin<\/h2>\n\n\n\n<p>Er du en ambisi\u00f8s <a href=\"https:\/\/talkpal.ai\/home\/\">spr\u00e5kl\u00e6rer<\/a> som har satset p\u00e5 \u00e5 <a href=\"https:\/\/talkpal.ai\/locations\/language-courses-in-mestre\/\">mestre<\/a> mandarin? I s\u00e5 fall, gratulerer! \u00c5 takle <a href=\"https:\/\/talkpal.ai\/learn-chinese\/\">kinesisk<\/a> er en fantastisk m\u00e5te \u00e5 utvide ditt globale tankesett, f\u00e5 <a href=\"https:\/\/talkpal.ai\/contact\/\">kontakt<\/a> med et bredt spekter av h\u00f8yttalere og utfordre deg selv intellektuelt. Men med 1,2 milliarder morsm\u00e5l og et spr\u00e5ksystem som er sv\u00e6rt forskjellig fra vestlige spr\u00e5k, kan <a href=\"https:\/\/talkpal.ai\/chinese-grammar\/\">kinesisk grammatikk<\/a> virke ganske skremmende. Frykt ikke! Les videre for \u00e5 f\u00e5 et nybegynnervennlig lynkurs i <a href=\"https:\/\/talkpal.ai\/chinese-grammar\/\">kinesisk grammatikk<\/a> som er b\u00e5de engasjerende og informativt.<\/p>\n\n\n\n<p><strong>F\u00f8rste ting f\u00f8rst: glem det du vet om europeiske spr\u00e5k!<\/strong><\/p>\n\n\n\n<p>En viktig grunn til at spr\u00e5kstudenter blir skremt av kinesisk grammatikk, er at den er radikalt forskjellig fra den &laquo;subjekt-verb-objekt&raquo;-strukturen vi er vant til fra spr\u00e5k som engelsk, spansk eller fransk. S\u00e5 pust dypt inn, og la oss dykke ned i et helt nytt univers av spr\u00e5klige regler og begreper!<\/p>\n\n\n\n<h3 class=\"wp-block-heading\" id=\"h-1-word-order-is-king\">1. Ordstilling er konge<\/h3>\n\n\n\n<p>Selv om det ikke er tider, verbb\u00f8yninger eller flertall i kinesisk grammatikk, er riktig setningsstruktur viktig. S\u00e5 hvordan oppn\u00e5s riktig ordrekkef\u00f8lge? I de fleste tilfeller f\u00f8lger du bare &laquo;subjekt-verb-objekt&raquo;-m\u00f8nsteret (ligner p\u00e5 engelsk). For eksempel:<\/p>\n\n\n\n<p>Norsk: Jeg elsker deg.<br\/>Kinesisk: \u6211\u7231\u4f60\u3002W\u01d2 \u00e0i n\u01d0.<\/p>\n\n\n\n<p>Det er mer komplekse strukturer, men \u00e5 utvikle et sterkt fundament vil gj\u00f8re dem lettere \u00e5 forst\u00e5 n\u00e5r du g\u00e5r videre.<\/p>\n\n\n\n<h3 class=\"wp-block-heading\" id=\"h-2-particles-particles-everywhere\">2. Partikler, partikler overalt!<\/h3>\n\n\n\n<p>I kinesisk grammatikk spiller partikler en kritisk rolle i \u00e5 formidle mening. En av de vanligste partiklene er &laquo;\u4e86 (le)&raquo;, som signaliserer en fullf\u00f8rt handling. For eksempel:<\/p>\n\n\n\n<p>Jeg har spist. &#8211; &laquo;Jeg har spist.&raquo;<\/p>\n\n\n\n<p>En annen vanlig partikkel er &laquo;\u5427 (ba)&raquo;, som gj\u00f8r et utsagn om til et forslag eller sp\u00f8rsm\u00e5l:<\/p>\n\n\n\n<p>Z\u01d2u ba! &#8211; &laquo;La oss g\u00e5!&raquo;<\/p>\n\n\n\n<p>\u00c5 forst\u00e5 funksjonene til ulike partikler er n\u00f8kkelen til \u00e5 mestre nyansene i kinesisk grammatikk.<\/p>\n\n\n\n<h3 class=\"wp-block-heading\" id=\"h-3-measure-words-quality-not-quantity\">3. M\u00e5le ord: kvalitet, ikke kvantitet<\/h3>\n\n\n\n<p>P\u00e5 kinesisk har ikke substantiver flertall. I stedet bruker de m\u00e5leord (ogs\u00e5 kjent som klassifiserere) for \u00e5 uttrykke kvantitet. M\u00e5leord legges til mellom tallet og substantivet. For eksempel:<\/p>\n\n\n\n<p>\u4e00\u672c\u4e66 &#8211; Y\u012b b\u011bn sh\u016b &#8211; &laquo;\u00e9n bok&raquo;<\/p>\n\n\n\n<p>Legg merke til bruken av \u672c (b\u011bn) som m\u00e5leord for b\u00f8ker. Ulike substantiv krever ulike m\u00e5lord, og selv om dette kan virke forvirrende til \u00e5 begynne med, vil det bli en selvf\u00f8lge etter hvert som du \u00f8ver deg.<\/p>\n\n\n\n<h3 class=\"wp-block-heading\" id=\"h-4-the-magic-of-compound-words\">4. Magien med sammensatte ord<\/h3>\n\n\n\n<p>Kinesisk er full av sammensatte ord, som er dannet ved \u00e5 kombinere to eller flere tegn. Ikke bare forenkler dette ordforr\u00e5dsl\u00e6ring, men det gir ogs\u00e5 livlige bilder og kontekst. For eksempel:<\/p>\n\n\n\n<p>\u706b\u8f66 &#8211; Hu\u01d2ch\u0113 &#8211; &laquo;tog&raquo; (bokstavelig talt: &laquo;brannbil&raquo;)<br\/>\u7535\u8bdd &#8211; Di\u00e0nhu\u00e0 &#8211; &laquo;telefon&raquo; (bokstavelig talt: &laquo;elektrisk tale&raquo;)<\/p>\n\n\n\n<p>Ved \u00e5 forst\u00e5 betydningen av de enkelte tegnene kan du enkelt utlede betydningen av sammensatte ord du aldri har st\u00f8tt p\u00e5 f\u00f8r.<\/p>\n\n\n\n<h3 class=\"wp-block-heading\" id=\"h-5-no-tenses-no-problem\">5. Ingen tider? Ikke noe problem!<\/h3>\n\n\n\n<p>En av de mest forfriskende aspektene ved kinesisk er mangelen p\u00e5 verb-konjugasjoner for forskjellige tider. Men hvordan uttrykker du tid? Enkel! Bare ta med ord som indikerer tidsrammen, for eksempel:<\/p>\n\n\n\n<p>\u6628\u5929 &#8211; Zu\u00f3ti\u0101n &#8211; &laquo;i g\u00e5r&raquo;<br\/>\u660e\u5929 &#8211; M\u00edngti\u0101n &#8211; &laquo;i morgen&raquo;<\/p>\n\n\n\n<p><strong>For eksempel:<\/strong><\/p>\n\n\n\n<p>Jeg spiste mat i g\u00e5r. &#8211; &laquo;Jeg spiste mat i g\u00e5r.&raquo;<br\/>Jeg vil spise mat i morgen. &#8211; &laquo;Jeg skal spise mat i morgen.&raquo;<\/p>\n\n\n\n<p>Gratulerer! Du har tatt de f\u00f8rste skrittene mot \u00e5 mestre kinesisk grammatikk. Husk: \u00f8velse gj\u00f8r mester. S\u00e5 ikke v\u00e6r redd for \u00e5 utforske nye grammatiske strukturer, snakke med morsm\u00e5lstalere og styrke grunnlaget ditt. En verden av mandarin venter p\u00e5 deg &#8211; god l\u00e6ring!<\/p>\n<\/div><\/div>\n\r\n<section class=\"learnNavigationSection\">\r\n            \r\n        <a href=\"https:\/\/talkpal.ai\/no\/laer-kinesisk\/\">\r\n            <div class=\"learnNavigationWrapper\">\r\n                <div class=\"learnNavigationContent\">\r\n                    <img decoding=\"async\" src=\"https:\/\/talkpal.ai\/wp-content\/uploads\/2024\/08\/Chinese.jpg\" alt=\"Chinese Flag\u00a0\">\r\n                    <div>\r\n                        <h4>Om \u00e5 l\u00e6re kinesisk<\/h4>\r\n                        <p>Finn ut alt om kinesisk grammatikk.<\/p>\r\n                    <\/div>\r\n                <\/div>\r\n            <\/div>\r\n        <\/a>\r\n\r\n        \r\n        <a href=\"https:\/\/talkpal.ai\/no\/kinesisk-grammatikkovelser\/\">\r\n            <div class=\"learnNavigationWrapper\">\r\n                <div class=\"learnNavigationContent\">\r\n                    <img decoding=\"async\" src=\"https:\/\/talkpal.ai\/wp-content\/uploads\/2024\/08\/Chinese.jpg\" alt=\"Chinese Flag\u00a0\">\r\n                    <div>\r\n                        <h4>\u00d8velse i kinesisk grammatikk<\/h4>\r\n                        <p>\u00d8v kinesisk grammatikk.<\/p>\r\n                    <\/div>\r\n                <\/div>\r\n            <\/div>\r\n        <\/a>\r\n\r\n        \r\n        <a href=\"https:\/\/talkpal.ai\/vocabulary_language\/chinese\/\">\r\n            <div class=\"learnNavigationWrapper\">\r\n                <div class=\"learnNavigationContent\">\r\n                    <img decoding=\"async\" src=\"https:\/\/talkpal.ai\/wp-content\/uploads\/2024\/08\/Chinese.jpg\" alt=\"Chinese Flag\u00a0\">\r\n                    <div>\r\n                        <h4>Kinesisk ordforr\u00e5d<\/h4>\r\n                        <p>Utvid ordforr\u00e5det ditt p\u00e5 kinesisk.<\/p>\r\n                    <\/div>\r\n                <\/div>\r\n            <\/div>\r\n        <\/a>\r\n\r\n            <\/section>","protected":false},"excerpt":{"rendered":"<p>Kinesisk grammatikk: n\u00f8kkelen til \u00e5 mestre mandarin Er du en ambisi\u00f8s spr\u00e5kl\u00e6rer som har satset p\u00e5 \u00e5 mestre mandarin? I s\u00e5 fall, gratulerer! \u00c5 takle kinesisk er en fantastisk m\u00e5te \u00e5 utvide ditt globale tankesett, f\u00e5 kontakt med et bredt spekter av h\u00f8yttalere og utfordre deg selv intellektuelt. Men med 1,2 milliarder morsm\u00e5l og et [&hellip;]<\/p>\n","protected":false},"author":1,"featured_media":106203,"parent":0,"menu_order":0,"comment_status":"closed","ping_status":"closed","template":"LearningContentPage.php","meta":{"_acf_changed":false,"footnotes":""},"class_list":["post-128351","page","type-page","status-publish","has-post-thumbnail","hentry"],"acf":[],"yoast_head":"<!-- This site is optimized with the Yoast SEO Premium plugin v27.2 (Yoast SEO v27.2) - https:\/\/yoast.com\/product\/yoast-seo-premium-wordpress\/ -->\n<title>Kinesisk grammatikk - Talkpal<\/title>\n<meta name=\"description\" content=\"L\u00e5s opp hemmelighetene til kinesisk grammatikk for en bedre forst\u00e5else av det kinesiske spr\u00e5ket og kulturen.\" \/>\n<meta name=\"robots\" content=\"index, follow, max-snippet:-1, max-image-preview:large, max-video-preview:-1\" \/>\n<link rel=\"canonical\" href=\"https:\/\/talkpal.ai\/no\/kinesisk-grammatikk\/\" \/>\n<meta property=\"og:locale\" content=\"nb_NO\" \/>\n<meta property=\"og:type\" content=\"article\" \/>\n<meta property=\"og:title\" content=\"Kinesisk grammatikk\" \/>\n<meta property=\"og:description\" content=\"Kinesisk grammatikk: n\u00f8kkelen til \u00e5 mestre mandarin Er du en ambisi\u00f8s spr\u00e5kl\u00e6rer som har satset p\u00e5 \u00e5 mestre mandarin? I s\u00e5 fall, gratulerer! \u00c5 takle\" \/>\n<meta property=\"og:url\" content=\"https:\/\/talkpal.ai\/no\/kinesisk-grammatikk\/\" \/>\n<meta property=\"og:site_name\" content=\"Talkpal\" \/>\n<meta property=\"article:publisher\" content=\"https:\/\/www.facebook.com\/profile.php?id=100090733639311\" \/>\n<meta property=\"article:modified_time\" content=\"2025-06-17T16:39:40+00:00\" \/>\n<meta property=\"og:image\" content=\"https:\/\/talkpal.ai\/wp-content\/uploads\/2023\/04\/china.png\" \/>\n\t<meta property=\"og:image:width\" content=\"512\" \/>\n\t<meta property=\"og:image:height\" content=\"512\" \/>\n\t<meta property=\"og:image:type\" content=\"image\/png\" \/>\n<meta name=\"twitter:card\" content=\"summary_large_image\" \/>\n<meta name=\"twitter:site\" content=\"@talkpalai\" \/>\n<meta name=\"twitter:label1\" content=\"Ansl. lesetid\" \/>\n\t<meta name=\"twitter:data1\" content=\"3 minutter\" \/>\n<script type=\"application\/ld+json\" class=\"yoast-schema-graph\">{\"@context\":\"https:\/\/schema.org\",\"@graph\":[{\"@type\":\"WebPage\",\"@id\":\"https:\/\/talkpal.ai\/no\/kinesisk-grammatikk\/\",\"url\":\"https:\/\/talkpal.ai\/no\/kinesisk-grammatikk\/\",\"name\":\"Kinesisk grammatikk - Talkpal\",\"isPartOf\":{\"@id\":\"https:\/\/talkpal.ai\/no\/#website\"},\"primaryImageOfPage\":{\"@id\":\"https:\/\/talkpal.ai\/no\/kinesisk-grammatikk\/#primaryimage\"},\"image\":{\"@id\":\"https:\/\/talkpal.ai\/no\/kinesisk-grammatikk\/#primaryimage\"},\"thumbnailUrl\":\"https:\/\/talkpal.ai\/wp-content\/uploads\/2023\/04\/china.png\",\"datePublished\":\"2023-05-14T13:48:36+00:00\",\"dateModified\":\"2025-06-17T16:39:40+00:00\",\"description\":\"L\u00e5s opp hemmelighetene til kinesisk grammatikk for en bedre forst\u00e5else av det kinesiske spr\u00e5ket og kulturen.\",\"breadcrumb\":{\"@id\":\"https:\/\/talkpal.ai\/no\/kinesisk-grammatikk\/#breadcrumb\"},\"inLanguage\":\"nb-NO\",\"potentialAction\":[{\"@type\":\"ReadAction\",\"target\":[\"https:\/\/talkpal.ai\/no\/kinesisk-grammatikk\/\"]}]},{\"@type\":\"ImageObject\",\"inLanguage\":\"nb-NO\",\"@id\":\"https:\/\/talkpal.ai\/no\/kinesisk-grammatikk\/#primaryimage\",\"url\":\"https:\/\/talkpal.ai\/wp-content\/uploads\/2023\/04\/china.png\",\"contentUrl\":\"https:\/\/talkpal.ai\/wp-content\/uploads\/2023\/04\/china.png\",\"width\":512,\"height\":512},{\"@type\":\"BreadcrumbList\",\"@id\":\"https:\/\/talkpal.ai\/no\/kinesisk-grammatikk\/#breadcrumb\",\"itemListElement\":[{\"@type\":\"ListItem\",\"position\":1,\"name\":\"Homepage\",\"item\":\"https:\/\/talkpal.ai\/no\/\"},{\"@type\":\"ListItem\",\"position\":2,\"name\":\"Kinesisk grammatikk\"}]},{\"@type\":\"WebSite\",\"@id\":\"https:\/\/talkpal.ai\/no\/#website\",\"url\":\"https:\/\/talkpal.ai\/no\/\",\"name\":\"Talkpal\",\"description\":\"AI Language Learning\",\"publisher\":{\"@id\":\"https:\/\/talkpal.ai\/no\/#organization\"},\"alternateName\":\"Talkpal AI\",\"potentialAction\":[{\"@type\":\"SearchAction\",\"target\":{\"@type\":\"EntryPoint\",\"urlTemplate\":\"https:\/\/talkpal.ai\/no\/?s={search_term_string}\"},\"query-input\":{\"@type\":\"PropertyValueSpecification\",\"valueRequired\":true,\"valueName\":\"search_term_string\"}}],\"inLanguage\":\"nb-NO\"},{\"@type\":\"Organization\",\"@id\":\"https:\/\/talkpal.ai\/no\/#organization\",\"name\":\"Talkpal, Inc.\",\"alternateName\":\"Talkpal AI\",\"url\":\"https:\/\/talkpal.ai\/no\/\",\"logo\":{\"@type\":\"ImageObject\",\"inLanguage\":\"nb-NO\",\"@id\":\"https:\/\/talkpal.ai\/no\/#\/schema\/logo\/image\/\",\"url\":\"https:\/\/talkpal.ai\/wp-content\/uploads\/2024\/03\/Talkpal-Logo-Icon.png\",\"contentUrl\":\"https:\/\/talkpal.ai\/wp-content\/uploads\/2024\/03\/Talkpal-Logo-Icon.png\",\"width\":2880,\"height\":2880,\"caption\":\"Talkpal, Inc.\"},\"image\":{\"@id\":\"https:\/\/talkpal.ai\/no\/#\/schema\/logo\/image\/\"},\"sameAs\":[\"https:\/\/www.facebook.com\/profile.php?id=100090733639311\",\"https:\/\/x.com\/talkpalai\",\"https:\/\/www.linkedin.com\/company\/talkpal\/\",\"https:\/\/www.youtube.com\/@TalkPal\/\",\"https:\/\/www.tiktok.com\/@talkpal\",\"https:\/\/www.instagram.com\/talkpal_ai\/\",\"https:\/\/www.crunchbase.com\/organization\/talkpal-9cde\",\"https:\/\/www.g2.com\/products\/talkpal-for-business\/\",\"https:\/\/www.trustpilot.com\/review\/talkpal.ai\",\"https:\/\/www.capterra.com\/p\/10006800\/TalkPal\/\"],\"description\":\"Talkpal is a language learning web and mobile education app, powered by the latest AI technologies, that provides engaging experiences to its customers in many different languages to help them improve their language skills. Users can chat about unlimited amount of topics with the app and use other modes to practice their language learning.\",\"email\":\"support@talkpal.ai\",\"legalName\":\"Talkpal, Inc.\",\"foundingDate\":\"2023-04-03\",\"duns\":\"118989042\",\"numberOfEmployees\":{\"@type\":\"QuantitativeValue\",\"minValue\":\"11\",\"maxValue\":\"50\"},\"publishingPrinciples\":\"https:\/\/talkpal.ai\/publishing-principles\/\",\"actionableFeedbackPolicy\":\"https:\/\/talkpal.ai\/actionable-feedback-policy\/\",\"correctionsPolicy\":\"https:\/\/talkpal.ai\/corrections-policy\/\",\"ethicsPolicy\":\"https:\/\/talkpal.ai\/ethics-policy\/\",\"diversityPolicy\":\"https:\/\/talkpal.ai\/diversity-policy\/\",\"diversityStaffingReport\":\"https:\/\/talkpal.ai\/diversity-policy\/\"}]}<\/script>\n<!-- \/ Yoast SEO Premium plugin. -->","yoast_head_json":{"title":"Kinesisk grammatikk - Talkpal","description":"L\u00e5s opp hemmelighetene til kinesisk grammatikk for en bedre forst\u00e5else av det kinesiske spr\u00e5ket og kulturen.","robots":{"index":"index","follow":"follow","max-snippet":"max-snippet:-1","max-image-preview":"max-image-preview:large","max-video-preview":"max-video-preview:-1"},"canonical":"https:\/\/talkpal.ai\/no\/kinesisk-grammatikk\/","og_locale":"nb_NO","og_type":"article","og_title":"Kinesisk grammatikk","og_description":"Kinesisk grammatikk: n\u00f8kkelen til \u00e5 mestre mandarin Er du en ambisi\u00f8s spr\u00e5kl\u00e6rer som har satset p\u00e5 \u00e5 mestre mandarin? I s\u00e5 fall, gratulerer! \u00c5 takle","og_url":"https:\/\/talkpal.ai\/no\/kinesisk-grammatikk\/","og_site_name":"Talkpal","article_publisher":"https:\/\/www.facebook.com\/profile.php?id=100090733639311","article_modified_time":"2025-06-17T16:39:40+00:00","og_image":[{"width":512,"height":512,"url":"https:\/\/talkpal.ai\/wp-content\/uploads\/2023\/04\/china.png","type":"image\/png"}],"twitter_card":"summary_large_image","twitter_site":"@talkpalai","twitter_misc":{"Ansl. lesetid":"3 minutter"},"schema":{"@context":"https:\/\/schema.org","@graph":[{"@type":"WebPage","@id":"https:\/\/talkpal.ai\/no\/kinesisk-grammatikk\/","url":"https:\/\/talkpal.ai\/no\/kinesisk-grammatikk\/","name":"Kinesisk grammatikk - Talkpal","isPartOf":{"@id":"https:\/\/talkpal.ai\/no\/#website"},"primaryImageOfPage":{"@id":"https:\/\/talkpal.ai\/no\/kinesisk-grammatikk\/#primaryimage"},"image":{"@id":"https:\/\/talkpal.ai\/no\/kinesisk-grammatikk\/#primaryimage"},"thumbnailUrl":"https:\/\/talkpal.ai\/wp-content\/uploads\/2023\/04\/china.png","datePublished":"2023-05-14T13:48:36+00:00","dateModified":"2025-06-17T16:39:40+00:00","description":"L\u00e5s opp hemmelighetene til kinesisk grammatikk for en bedre forst\u00e5else av det kinesiske spr\u00e5ket og kulturen.","breadcrumb":{"@id":"https:\/\/talkpal.ai\/no\/kinesisk-grammatikk\/#breadcrumb"},"inLanguage":"nb-NO","potentialAction":[{"@type":"ReadAction","target":["https:\/\/talkpal.ai\/no\/kinesisk-grammatikk\/"]}]},{"@type":"ImageObject","inLanguage":"nb-NO","@id":"https:\/\/talkpal.ai\/no\/kinesisk-grammatikk\/#primaryimage","url":"https:\/\/talkpal.ai\/wp-content\/uploads\/2023\/04\/china.png","contentUrl":"https:\/\/talkpal.ai\/wp-content\/uploads\/2023\/04\/china.png","width":512,"height":512},{"@type":"BreadcrumbList","@id":"https:\/\/talkpal.ai\/no\/kinesisk-grammatikk\/#breadcrumb","itemListElement":[{"@type":"ListItem","position":1,"name":"Homepage","item":"https:\/\/talkpal.ai\/no\/"},{"@type":"ListItem","position":2,"name":"Kinesisk grammatikk"}]},{"@type":"WebSite","@id":"https:\/\/talkpal.ai\/no\/#website","url":"https:\/\/talkpal.ai\/no\/","name":"Talkpal","description":"AI Language Learning","publisher":{"@id":"https:\/\/talkpal.ai\/no\/#organization"},"alternateName":"Talkpal AI","potentialAction":[{"@type":"SearchAction","target":{"@type":"EntryPoint","urlTemplate":"https:\/\/talkpal.ai\/no\/?s={search_term_string}"},"query-input":{"@type":"PropertyValueSpecification","valueRequired":true,"valueName":"search_term_string"}}],"inLanguage":"nb-NO"},{"@type":"Organization","@id":"https:\/\/talkpal.ai\/no\/#organization","name":"Talkpal, Inc.","alternateName":"Talkpal AI","url":"https:\/\/talkpal.ai\/no\/","logo":{"@type":"ImageObject","inLanguage":"nb-NO","@id":"https:\/\/talkpal.ai\/no\/#\/schema\/logo\/image\/","url":"https:\/\/talkpal.ai\/wp-content\/uploads\/2024\/03\/Talkpal-Logo-Icon.png","contentUrl":"https:\/\/talkpal.ai\/wp-content\/uploads\/2024\/03\/Talkpal-Logo-Icon.png","width":2880,"height":2880,"caption":"Talkpal, Inc."},"image":{"@id":"https:\/\/talkpal.ai\/no\/#\/schema\/logo\/image\/"},"sameAs":["https:\/\/www.facebook.com\/profile.php?id=100090733639311","https:\/\/x.com\/talkpalai","https:\/\/www.linkedin.com\/company\/talkpal\/","https:\/\/www.youtube.com\/@TalkPal\/","https:\/\/www.tiktok.com\/@talkpal","https:\/\/www.instagram.com\/talkpal_ai\/","https:\/\/www.crunchbase.com\/organization\/talkpal-9cde","https:\/\/www.g2.com\/products\/talkpal-for-business\/","https:\/\/www.trustpilot.com\/review\/talkpal.ai","https:\/\/www.capterra.com\/p\/10006800\/TalkPal\/"],"description":"Talkpal is a language learning web and mobile education app, powered by the latest AI technologies, that provides engaging experiences to its customers in many different languages to help them improve their language skills. Users can chat about unlimited amount of topics with the app and use other modes to practice their language learning.","email":"support@talkpal.ai","legalName":"Talkpal, Inc.","foundingDate":"2023-04-03","duns":"118989042","numberOfEmployees":{"@type":"QuantitativeValue","minValue":"11","maxValue":"50"},"publishingPrinciples":"https:\/\/talkpal.ai\/publishing-principles\/","actionableFeedbackPolicy":"https:\/\/talkpal.ai\/actionable-feedback-policy\/","correctionsPolicy":"https:\/\/talkpal.ai\/corrections-policy\/","ethicsPolicy":"https:\/\/talkpal.ai\/ethics-policy\/","diversityPolicy":"https:\/\/talkpal.ai\/diversity-policy\/","diversityStaffingReport":"https:\/\/talkpal.ai\/diversity-policy\/"}]}},"_links":{"self":[{"href":"https:\/\/talkpal.ai\/no\/wp-json\/wp\/v2\/pages\/128351","targetHints":{"allow":["GET"]}}],"collection":[{"href":"https:\/\/talkpal.ai\/no\/wp-json\/wp\/v2\/pages"}],"about":[{"href":"https:\/\/talkpal.ai\/no\/wp-json\/wp\/v2\/types\/page"}],"author":[{"embeddable":true,"href":"https:\/\/talkpal.ai\/no\/wp-json\/wp\/v2\/users\/1"}],"replies":[{"embeddable":true,"href":"https:\/\/talkpal.ai\/no\/wp-json\/wp\/v2\/comments?post=128351"}],"version-history":[{"count":0,"href":"https:\/\/talkpal.ai\/no\/wp-json\/wp\/v2\/pages\/128351\/revisions"}],"wp:featuredmedia":[{"embeddable":true,"href":"https:\/\/talkpal.ai\/no\/wp-json\/wp\/v2\/media\/106203"}],"wp:attachment":[{"href":"https:\/\/talkpal.ai\/no\/wp-json\/wp\/v2\/media?parent=128351"}],"curies":[{"name":"wp","href":"https:\/\/api.w.org\/{rel}","templated":true}]}}