{"id":127916,"date":"2023-05-14T13:43:38","date_gmt":"2023-05-14T13:43:38","guid":{"rendered":"http:\/\/talkpal.ai\/arabisk-grammatikk\/"},"modified":"2025-05-21T11:48:27","modified_gmt":"2025-05-21T11:48:27","slug":"arabisk-grammatikk","status":"publish","type":"page","link":"https:\/\/talkpal.ai\/no\/arabisk-grammatikk\/","title":{"rendered":"Arabisk grammatikk"},"content":{"rendered":"\r\n\r\n\r\n<section class=\"languageChallengeSection\">\r\n    <div class=\"languageInfoWrapper\">\r\n        \r\n        <h1>Arabisk grammatikk<\/h1>\r\n        <p>Forbedre dine arabiskferdigheter ved \u00e5 utforske viktige grammatikkbegreper og klare, trinnvise forklaringer. Begynn \u00e5 mestre <a href=\"https:\/\/talkpal.ai\/arabic-grammar\/\">arabisk grammatikk<\/a> n\u00e5 og kommuniser med st\u00f8rre flyt og selvtillit!<\/p>\r\n\r\n                            <a class=\"getStartedHidden\" href=\"https:\/\/app.talkpal.ai\/no\/signup?lng=\">Kom i gang<\/a>\r\n        \r\n    <\/div>\r\n\r\n    <figure>\r\n    <img decoding=\"async\" width=\"768\" height=\"768\" src=\"https:\/\/talkpal.ai\/wp-content\/uploads\/2023\/06\/arabic-768x768.png\" class=\"languageImage no-lazy\" alt=\"Language learning for linguistic diversity\" fetchpriority=\"high\" sizes=\"(max-width: 768px) 150px, 768px\" srcset=\"https:\/\/talkpal.ai\/wp-content\/uploads\/2023\/06\/arabic-768x768.png 768w, https:\/\/talkpal.ai\/wp-content\/uploads\/2023\/06\/arabic-300x300.png 300w\" \/>\r\n    \r\n\r\n    <\/figure>\r\n\r\n            <a class=\"getStartedVisible\" href=\"https:\/\/app.talkpal.ai\/no\/signup?lng=\">Kom i gang<\/a>\r\n    \r\n<\/section>\r\n<section class=\"promotionalBanner\">\r\n    <p class=\"promotionalText\">Den mest effektive m\u00e5ten \u00e5 l\u00e6re et spr\u00e5k p\u00e5<\/p>\r\n    <a class=\"promotionalLink\" href=\"https:\/\/app.talkpal.ai\/no\/signup?lng=\">Pr\u00f8v Talkpal gratis<\/a>\r\n<\/section>\n<div class=\"wp-block-group pageContainerStyle\"><div class=\"wp-block-group__inner-container is-layout-constrained wp-block-group-is-layout-constrained\">\n<h2 class=\"wp-block-heading\" id=\"h-the-intricacies-of-arabic-grammar-a-journey-through-its-roots-and-beauty\">Forviklingene ved arabisk grammatikk: En reise gjennom dens r\u00f8tter og skj\u00f8nnhet<\/h2>\n\n\n\n<p><strong>Husker du da du f\u00f8rst begynte \u00e5 l\u00e6re engelsk grammatikk?<\/strong>  De tilsynelatende endel\u00f8se reglene, unntakene og terminologiene kan ha gjort at du noen ganger f\u00f8ler deg overveldet. Hvis du vurderer \u00e5 l\u00e6re deg arabisk, kan du v\u00e6re sikker p\u00e5 at spr\u00e5ket ogs\u00e5 har et unikt og komplisert grammatikk-system. S\u00e5 la <a href=\"https:\/\/talkpal.ai\/locations\/language-courses-in-oss\/\">oss<\/a> ta en kort, men opplysende reise gjennom den arabiske grammatikkens r\u00f8tter og skj\u00f8nnhet.<\/p>\n\n\n\n<p>La oss f\u00f8rst sl\u00e5 fast noen <strong>viktige forskjeller mellom arabisk og engelsk grammatikk<\/strong>. P\u00e5 arabisk deles ordene inn i tre kategorier: substantiv, verb og partikler. I motsetning til <a href=\"https:\/\/talkpal.ai\/learn-english-with-ai\/\">engelsk<\/a> f\u00f8lger arabiske ord et rotsystem, noe som betyr at du kan spore kjernebetydningen til et ord ved \u00e5 identifisere roten. Dette rotsystemet gir arabisk et eksepsjonelt niv\u00e5 av dybde og rikdom. En utrolig ting med arabisk <a href=\"https:\/\/talkpal.ai\/grammar\/\">grammatikk<\/a> er dens avhengighet av m\u00f8nstre, som ofte lar h\u00f8yttalere lage <a href=\"https:\/\/talkpal.ai\/talkpal-new-years-discount\/\">nye<\/a> ord ved \u00e5 f\u00f8lge visse strukturer.<\/p>\n\n\n\n<p>Et annet viktig aspekt ved <strong>arabisk grammatikk er at det er et kj\u00f8nnet spr\u00e5k<\/strong>, noe som betyr at substantiv og adjektiv har kj\u00f8nnsspesifikke former. Visste du at arabisk til og med har en dobbel form i tillegg til entalls- og flertallsformene? Det er sant! Den arabiske doble formen brukes til \u00e5 indikere par, for eksempel \u00f8yne, hender eller foreldre. Det legger til et ekstra lag med spesifisitet som det engelske spr\u00e5ket mangler.<\/p>\n\n\n\n<p>N\u00e5 skal vi snakke om <strong>verbb\u00f8yning p\u00e5 arabisk<\/strong>, som er en helt ny verden i seg selv. Arabiske verb er basert p\u00e5 et system av r\u00f8tter, som vanligvis best\u00e5r av tre kjernekonsonanter. Roten bestemmer den grunnleggende betydningen av verbet, og ved \u00e5 legge til vokalm\u00f8nstre skaper du forskjellige former av verbet som uttrykker forskjellige betydninger og tider. For eksempel kan endring av vokalene i en rot endre tiden fra fortid til n\u00e5tid, eller gj\u00f8re et aktivt verb til et passivt. Ganske fantastisk, ikke sant?<\/p>\n\n\n\n<p>Et mer fascinerende aspekt ved arabisk grammatikk som vi m\u00e5 snakke om, er <strong>bestemthet<\/strong> . P\u00e5 engelsk bruker vi ordet &laquo;the&raquo; for \u00e5 indikere at et substantiv er bestemt. P\u00e5 arabisk er dette konseptet nedfelt i spr\u00e5ket gjennom en liten partikkel kalt &laquo;Al-&laquo;, som legges til i begynnelsen av et ord. N\u00e5r et substantiv innledes med &laquo;Al-&laquo;, blir det bestemt uten noen ytterligere kvalifikatorer. S\u00e5 i stedet for \u00e5 si &laquo;huset er stort&raquo; p\u00e5 arabisk, vil du si &laquo;Al-baytu kabir&raquo;, der &laquo;Al-baytu&raquo; betyr &laquo;huset&raquo;.<\/p>\n\n\n\n<p><strong>Samtalearabisk<\/strong> er mer dynamisk og flytende enn formelt arabisk, slik tilfellet er med alle spr\u00e5k. Imidlertid er det fortsatt viktig \u00e5 mestre kjerneprinsippene for arabisk grammatikk for \u00e5 virkelig forst\u00e5 og verdsette spr\u00e5ket. N\u00e5r du f\u00f8rst har f\u00e5tt taket p\u00e5 rotm\u00f8nstrene, kj\u00f8nnsformene og verb\u00f8yningene, vil det bli mye lettere \u00e5 gjenkjenne og l\u00e6re nye ord.<\/p>\n\n\n\n<p>\u00c5 <strong>l\u00e6re arabisk grammatikk<\/strong> kan virke skremmende til \u00e5 begynne med, men med utholdenhet og engasjement vil du kunne sette pris p\u00e5 skj\u00f8nnheten i dette kompliserte spr\u00e5ket. Akkurat som \u00e5 l\u00f8se et komplekst puslespill eller dechiffrere en kryptert kode, ligger bel\u00f8nningen i tilfredsstillelsen av \u00e5 l\u00e5se opp mysteriene til det arabiske spr\u00e5ket og fordype deg i dets rike kultur, historie og litteratur. S\u00e5, hva venter du p\u00e5? Dykk inn i den fortryllende verden av arabisk grammatikk og oppdag dens sanne essens selv.<\/p>\n<\/div><\/div>\n\r\n<section class=\"learnNavigationSection\">\r\n            \r\n        <a href=\"https:\/\/talkpal.ai\/no\/laer-arabisk\/\">\r\n            <div class=\"learnNavigationWrapper\">\r\n                <div class=\"learnNavigationContent\">\r\n                    <img decoding=\"async\" src=\"https:\/\/talkpal.ai\/wp-content\/uploads\/2024\/08\/Arabic.jpg\" alt=\"Arabic Flag\">\r\n                    <div>\r\n                        <h4>Om arabiskoppl\u00e6ring<\/h4>\r\n                        <p>Finn ut alt om arabisk grammatikk.<\/p>\r\n                    <\/div>\r\n                <\/div>\r\n            <\/div>\r\n        <\/a>\r\n\r\n        \r\n        <a href=\"https:\/\/talkpal.ai\/no\/arabiske-grammatikkovelser\/\">\r\n            <div class=\"learnNavigationWrapper\">\r\n                <div class=\"learnNavigationContent\">\r\n                    <img decoding=\"async\" src=\"https:\/\/talkpal.ai\/wp-content\/uploads\/2024\/08\/Arabic.jpg\" alt=\"Arabic Flag\">\r\n                    <div>\r\n                        <h4>\u00d8velse i arabisk grammatikk<\/h4>\r\n                        <p>\u00d8v p\u00e5 arabisk grammatikk.<\/p>\r\n                    <\/div>\r\n                <\/div>\r\n            <\/div>\r\n        <\/a>\r\n\r\n        \r\n        <a href=\"https:\/\/talkpal.ai\/vocabulary_language\/arabic\/\">\r\n            <div class=\"learnNavigationWrapper\">\r\n                <div class=\"learnNavigationContent\">\r\n                    <img decoding=\"async\" src=\"https:\/\/talkpal.ai\/wp-content\/uploads\/2024\/08\/Arabic.jpg\" alt=\"Arabic Flag\">\r\n                    <div>\r\n                        <h4>Arabisk ordforr\u00e5d<\/h4>\r\n                        <p>Utvid det arabiske ordforr\u00e5det ditt.<\/p>\r\n                    <\/div>\r\n                <\/div>\r\n            <\/div>\r\n        <\/a>\r\n\r\n            <\/section>","protected":false},"excerpt":{"rendered":"<p>Forviklingene ved arabisk grammatikk: En reise gjennom dens r\u00f8tter og skj\u00f8nnhet Husker du da du f\u00f8rst begynte \u00e5 l\u00e6re engelsk grammatikk? De tilsynelatende endel\u00f8se reglene, unntakene og terminologiene kan ha gjort at du noen ganger f\u00f8ler deg overveldet. Hvis du vurderer \u00e5 l\u00e6re deg arabisk, kan du v\u00e6re sikker p\u00e5 at spr\u00e5ket ogs\u00e5 har et [&hellip;]<\/p>\n","protected":false},"author":1,"featured_media":105789,"parent":0,"menu_order":0,"comment_status":"closed","ping_status":"closed","template":"LearningContentPage.php","meta":{"_acf_changed":false,"footnotes":""},"class_list":["post-127916","page","type-page","status-publish","has-post-thumbnail","hentry"],"acf":[],"yoast_head":"<!-- This site is optimized with the Yoast SEO Premium plugin v27.2 (Yoast SEO v27.2) - https:\/\/yoast.com\/product\/yoast-seo-premium-wordpress\/ -->\n<title>Arabisk grammatikk - Talkpal<\/title>\n<meta name=\"description\" content=\"Utforsk den arabiske grammatikkens forviklinger og oppdag dens unike struktur sammenlignet med engelsk grammatikk.\" \/>\n<meta name=\"robots\" content=\"index, follow, max-snippet:-1, max-image-preview:large, max-video-preview:-1\" \/>\n<link rel=\"canonical\" href=\"https:\/\/talkpal.ai\/no\/arabisk-grammatikk\/\" \/>\n<meta property=\"og:locale\" content=\"nb_NO\" \/>\n<meta property=\"og:type\" content=\"article\" \/>\n<meta property=\"og:title\" content=\"Arabisk grammatikk\" \/>\n<meta property=\"og:description\" content=\"Forviklingene ved arabisk grammatikk: En reise gjennom dens r\u00f8tter og skj\u00f8nnhet Husker du da du f\u00f8rst begynte \u00e5 l\u00e6re engelsk grammatikk? De tilsynelatende\" \/>\n<meta property=\"og:url\" content=\"https:\/\/talkpal.ai\/no\/arabisk-grammatikk\/\" \/>\n<meta property=\"og:site_name\" content=\"Talkpal\" \/>\n<meta property=\"article:publisher\" content=\"https:\/\/www.facebook.com\/profile.php?id=100090733639311\" \/>\n<meta property=\"article:modified_time\" content=\"2025-05-21T11:48:27+00:00\" \/>\n<meta property=\"og:image\" content=\"https:\/\/talkpal.ai\/wp-content\/uploads\/2023\/04\/arabic-united-arab-emirates.png\" \/>\n\t<meta property=\"og:image:width\" content=\"512\" \/>\n\t<meta property=\"og:image:height\" content=\"512\" \/>\n\t<meta property=\"og:image:type\" content=\"image\/png\" \/>\n<meta name=\"twitter:card\" content=\"summary_large_image\" \/>\n<meta name=\"twitter:site\" content=\"@talkpalai\" \/>\n<meta name=\"twitter:label1\" content=\"Ansl. lesetid\" \/>\n\t<meta name=\"twitter:data1\" content=\"3 minutter\" \/>\n<script type=\"application\/ld+json\" class=\"yoast-schema-graph\">{\"@context\":\"https:\/\/schema.org\",\"@graph\":[{\"@type\":\"WebPage\",\"@id\":\"https:\/\/talkpal.ai\/no\/arabisk-grammatikk\/\",\"url\":\"https:\/\/talkpal.ai\/no\/arabisk-grammatikk\/\",\"name\":\"Arabisk grammatikk - Talkpal\",\"isPartOf\":{\"@id\":\"https:\/\/talkpal.ai\/no\/#website\"},\"primaryImageOfPage\":{\"@id\":\"https:\/\/talkpal.ai\/no\/arabisk-grammatikk\/#primaryimage\"},\"image\":{\"@id\":\"https:\/\/talkpal.ai\/no\/arabisk-grammatikk\/#primaryimage\"},\"thumbnailUrl\":\"https:\/\/talkpal.ai\/wp-content\/uploads\/2023\/04\/arabic-united-arab-emirates.png\",\"datePublished\":\"2023-05-14T13:43:38+00:00\",\"dateModified\":\"2025-05-21T11:48:27+00:00\",\"description\":\"Utforsk den arabiske grammatikkens forviklinger og oppdag dens unike struktur sammenlignet med engelsk grammatikk.\",\"breadcrumb\":{\"@id\":\"https:\/\/talkpal.ai\/no\/arabisk-grammatikk\/#breadcrumb\"},\"inLanguage\":\"nb-NO\",\"potentialAction\":[{\"@type\":\"ReadAction\",\"target\":[\"https:\/\/talkpal.ai\/no\/arabisk-grammatikk\/\"]}]},{\"@type\":\"ImageObject\",\"inLanguage\":\"nb-NO\",\"@id\":\"https:\/\/talkpal.ai\/no\/arabisk-grammatikk\/#primaryimage\",\"url\":\"https:\/\/talkpal.ai\/wp-content\/uploads\/2023\/04\/arabic-united-arab-emirates.png\",\"contentUrl\":\"https:\/\/talkpal.ai\/wp-content\/uploads\/2023\/04\/arabic-united-arab-emirates.png\",\"width\":512,\"height\":512},{\"@type\":\"BreadcrumbList\",\"@id\":\"https:\/\/talkpal.ai\/no\/arabisk-grammatikk\/#breadcrumb\",\"itemListElement\":[{\"@type\":\"ListItem\",\"position\":1,\"name\":\"Homepage\",\"item\":\"https:\/\/talkpal.ai\/no\/\"},{\"@type\":\"ListItem\",\"position\":2,\"name\":\"Arabisk grammatikk\"}]},{\"@type\":\"WebSite\",\"@id\":\"https:\/\/talkpal.ai\/no\/#website\",\"url\":\"https:\/\/talkpal.ai\/no\/\",\"name\":\"Talkpal\",\"description\":\"AI Language Learning\",\"publisher\":{\"@id\":\"https:\/\/talkpal.ai\/no\/#organization\"},\"alternateName\":\"Talkpal AI\",\"potentialAction\":[{\"@type\":\"SearchAction\",\"target\":{\"@type\":\"EntryPoint\",\"urlTemplate\":\"https:\/\/talkpal.ai\/no\/?s={search_term_string}\"},\"query-input\":{\"@type\":\"PropertyValueSpecification\",\"valueRequired\":true,\"valueName\":\"search_term_string\"}}],\"inLanguage\":\"nb-NO\"},{\"@type\":\"Organization\",\"@id\":\"https:\/\/talkpal.ai\/no\/#organization\",\"name\":\"Talkpal, Inc.\",\"alternateName\":\"Talkpal AI\",\"url\":\"https:\/\/talkpal.ai\/no\/\",\"logo\":{\"@type\":\"ImageObject\",\"inLanguage\":\"nb-NO\",\"@id\":\"https:\/\/talkpal.ai\/no\/#\/schema\/logo\/image\/\",\"url\":\"https:\/\/talkpal.ai\/wp-content\/uploads\/2024\/03\/Talkpal-Logo-Icon.png\",\"contentUrl\":\"https:\/\/talkpal.ai\/wp-content\/uploads\/2024\/03\/Talkpal-Logo-Icon.png\",\"width\":2880,\"height\":2880,\"caption\":\"Talkpal, Inc.\"},\"image\":{\"@id\":\"https:\/\/talkpal.ai\/no\/#\/schema\/logo\/image\/\"},\"sameAs\":[\"https:\/\/www.facebook.com\/profile.php?id=100090733639311\",\"https:\/\/x.com\/talkpalai\",\"https:\/\/www.linkedin.com\/company\/talkpal\/\",\"https:\/\/www.youtube.com\/@TalkPal\/\",\"https:\/\/www.tiktok.com\/@talkpal\",\"https:\/\/www.instagram.com\/talkpal_ai\/\",\"https:\/\/www.crunchbase.com\/organization\/talkpal-9cde\",\"https:\/\/www.g2.com\/products\/talkpal-for-business\/\",\"https:\/\/www.trustpilot.com\/review\/talkpal.ai\",\"https:\/\/www.capterra.com\/p\/10006800\/TalkPal\/\"],\"description\":\"Talkpal is a language learning web and mobile education app, powered by the latest AI technologies, that provides engaging experiences to its customers in many different languages to help them improve their language skills. Users can chat about unlimited amount of topics with the app and use other modes to practice their language learning.\",\"email\":\"support@talkpal.ai\",\"legalName\":\"Talkpal, Inc.\",\"foundingDate\":\"2023-04-03\",\"duns\":\"118989042\",\"numberOfEmployees\":{\"@type\":\"QuantitativeValue\",\"minValue\":\"11\",\"maxValue\":\"50\"},\"publishingPrinciples\":\"https:\/\/talkpal.ai\/publishing-principles\/\",\"actionableFeedbackPolicy\":\"https:\/\/talkpal.ai\/actionable-feedback-policy\/\",\"correctionsPolicy\":\"https:\/\/talkpal.ai\/corrections-policy\/\",\"ethicsPolicy\":\"https:\/\/talkpal.ai\/ethics-policy\/\",\"diversityPolicy\":\"https:\/\/talkpal.ai\/diversity-policy\/\",\"diversityStaffingReport\":\"https:\/\/talkpal.ai\/diversity-policy\/\"}]}<\/script>\n<!-- \/ Yoast SEO Premium plugin. -->","yoast_head_json":{"title":"Arabisk grammatikk - Talkpal","description":"Utforsk den arabiske grammatikkens forviklinger og oppdag dens unike struktur sammenlignet med engelsk grammatikk.","robots":{"index":"index","follow":"follow","max-snippet":"max-snippet:-1","max-image-preview":"max-image-preview:large","max-video-preview":"max-video-preview:-1"},"canonical":"https:\/\/talkpal.ai\/no\/arabisk-grammatikk\/","og_locale":"nb_NO","og_type":"article","og_title":"Arabisk grammatikk","og_description":"Forviklingene ved arabisk grammatikk: En reise gjennom dens r\u00f8tter og skj\u00f8nnhet Husker du da du f\u00f8rst begynte \u00e5 l\u00e6re engelsk grammatikk? De tilsynelatende","og_url":"https:\/\/talkpal.ai\/no\/arabisk-grammatikk\/","og_site_name":"Talkpal","article_publisher":"https:\/\/www.facebook.com\/profile.php?id=100090733639311","article_modified_time":"2025-05-21T11:48:27+00:00","og_image":[{"width":512,"height":512,"url":"https:\/\/talkpal.ai\/wp-content\/uploads\/2023\/04\/arabic-united-arab-emirates.png","type":"image\/png"}],"twitter_card":"summary_large_image","twitter_site":"@talkpalai","twitter_misc":{"Ansl. lesetid":"3 minutter"},"schema":{"@context":"https:\/\/schema.org","@graph":[{"@type":"WebPage","@id":"https:\/\/talkpal.ai\/no\/arabisk-grammatikk\/","url":"https:\/\/talkpal.ai\/no\/arabisk-grammatikk\/","name":"Arabisk grammatikk - Talkpal","isPartOf":{"@id":"https:\/\/talkpal.ai\/no\/#website"},"primaryImageOfPage":{"@id":"https:\/\/talkpal.ai\/no\/arabisk-grammatikk\/#primaryimage"},"image":{"@id":"https:\/\/talkpal.ai\/no\/arabisk-grammatikk\/#primaryimage"},"thumbnailUrl":"https:\/\/talkpal.ai\/wp-content\/uploads\/2023\/04\/arabic-united-arab-emirates.png","datePublished":"2023-05-14T13:43:38+00:00","dateModified":"2025-05-21T11:48:27+00:00","description":"Utforsk den arabiske grammatikkens forviklinger og oppdag dens unike struktur sammenlignet med engelsk grammatikk.","breadcrumb":{"@id":"https:\/\/talkpal.ai\/no\/arabisk-grammatikk\/#breadcrumb"},"inLanguage":"nb-NO","potentialAction":[{"@type":"ReadAction","target":["https:\/\/talkpal.ai\/no\/arabisk-grammatikk\/"]}]},{"@type":"ImageObject","inLanguage":"nb-NO","@id":"https:\/\/talkpal.ai\/no\/arabisk-grammatikk\/#primaryimage","url":"https:\/\/talkpal.ai\/wp-content\/uploads\/2023\/04\/arabic-united-arab-emirates.png","contentUrl":"https:\/\/talkpal.ai\/wp-content\/uploads\/2023\/04\/arabic-united-arab-emirates.png","width":512,"height":512},{"@type":"BreadcrumbList","@id":"https:\/\/talkpal.ai\/no\/arabisk-grammatikk\/#breadcrumb","itemListElement":[{"@type":"ListItem","position":1,"name":"Homepage","item":"https:\/\/talkpal.ai\/no\/"},{"@type":"ListItem","position":2,"name":"Arabisk grammatikk"}]},{"@type":"WebSite","@id":"https:\/\/talkpal.ai\/no\/#website","url":"https:\/\/talkpal.ai\/no\/","name":"Talkpal","description":"AI Language Learning","publisher":{"@id":"https:\/\/talkpal.ai\/no\/#organization"},"alternateName":"Talkpal AI","potentialAction":[{"@type":"SearchAction","target":{"@type":"EntryPoint","urlTemplate":"https:\/\/talkpal.ai\/no\/?s={search_term_string}"},"query-input":{"@type":"PropertyValueSpecification","valueRequired":true,"valueName":"search_term_string"}}],"inLanguage":"nb-NO"},{"@type":"Organization","@id":"https:\/\/talkpal.ai\/no\/#organization","name":"Talkpal, Inc.","alternateName":"Talkpal AI","url":"https:\/\/talkpal.ai\/no\/","logo":{"@type":"ImageObject","inLanguage":"nb-NO","@id":"https:\/\/talkpal.ai\/no\/#\/schema\/logo\/image\/","url":"https:\/\/talkpal.ai\/wp-content\/uploads\/2024\/03\/Talkpal-Logo-Icon.png","contentUrl":"https:\/\/talkpal.ai\/wp-content\/uploads\/2024\/03\/Talkpal-Logo-Icon.png","width":2880,"height":2880,"caption":"Talkpal, Inc."},"image":{"@id":"https:\/\/talkpal.ai\/no\/#\/schema\/logo\/image\/"},"sameAs":["https:\/\/www.facebook.com\/profile.php?id=100090733639311","https:\/\/x.com\/talkpalai","https:\/\/www.linkedin.com\/company\/talkpal\/","https:\/\/www.youtube.com\/@TalkPal\/","https:\/\/www.tiktok.com\/@talkpal","https:\/\/www.instagram.com\/talkpal_ai\/","https:\/\/www.crunchbase.com\/organization\/talkpal-9cde","https:\/\/www.g2.com\/products\/talkpal-for-business\/","https:\/\/www.trustpilot.com\/review\/talkpal.ai","https:\/\/www.capterra.com\/p\/10006800\/TalkPal\/"],"description":"Talkpal is a language learning web and mobile education app, powered by the latest AI technologies, that provides engaging experiences to its customers in many different languages to help them improve their language skills. Users can chat about unlimited amount of topics with the app and use other modes to practice their language learning.","email":"support@talkpal.ai","legalName":"Talkpal, Inc.","foundingDate":"2023-04-03","duns":"118989042","numberOfEmployees":{"@type":"QuantitativeValue","minValue":"11","maxValue":"50"},"publishingPrinciples":"https:\/\/talkpal.ai\/publishing-principles\/","actionableFeedbackPolicy":"https:\/\/talkpal.ai\/actionable-feedback-policy\/","correctionsPolicy":"https:\/\/talkpal.ai\/corrections-policy\/","ethicsPolicy":"https:\/\/talkpal.ai\/ethics-policy\/","diversityPolicy":"https:\/\/talkpal.ai\/diversity-policy\/","diversityStaffingReport":"https:\/\/talkpal.ai\/diversity-policy\/"}]}},"_links":{"self":[{"href":"https:\/\/talkpal.ai\/no\/wp-json\/wp\/v2\/pages\/127916","targetHints":{"allow":["GET"]}}],"collection":[{"href":"https:\/\/talkpal.ai\/no\/wp-json\/wp\/v2\/pages"}],"about":[{"href":"https:\/\/talkpal.ai\/no\/wp-json\/wp\/v2\/types\/page"}],"author":[{"embeddable":true,"href":"https:\/\/talkpal.ai\/no\/wp-json\/wp\/v2\/users\/1"}],"replies":[{"embeddable":true,"href":"https:\/\/talkpal.ai\/no\/wp-json\/wp\/v2\/comments?post=127916"}],"version-history":[{"count":0,"href":"https:\/\/talkpal.ai\/no\/wp-json\/wp\/v2\/pages\/127916\/revisions"}],"wp:featuredmedia":[{"embeddable":true,"href":"https:\/\/talkpal.ai\/no\/wp-json\/wp\/v2\/media\/105789"}],"wp:attachment":[{"href":"https:\/\/talkpal.ai\/no\/wp-json\/wp\/v2\/media?parent=127916"}],"curies":[{"name":"wp","href":"https:\/\/api.w.org\/{rel}","templated":true}]}}