{"id":126743,"date":"2023-03-26T12:27:22","date_gmt":"2023-03-26T12:27:22","guid":{"rendered":"http:\/\/talkpal.ai\/italiensk-grammatikk\/"},"modified":"2025-05-22T18:43:46","modified_gmt":"2025-05-22T18:43:46","slug":"italiensk-grammatikk","status":"publish","type":"page","link":"https:\/\/talkpal.ai\/no\/italiensk-grammatikk\/","title":{"rendered":"Italiensk grammatikk"},"content":{"rendered":"\r\n\r\n\r\n<section class=\"languageChallengeSection\">\r\n    <div class=\"languageInfoWrapper\">\r\n        \r\n        <h1>Italiensk grammatikk<\/h1>\r\n        <p>Oppdag grunnlaget for det italienske spr\u00e5ket ved \u00e5 l\u00e6re deg de grunnleggende grammatikkreglene. N\u00e5r du behersker <a href=\"https:\/\/talkpal.ai\/no\/leksjoner-i-italiensk\/\">italiensk grammatikk<\/a>, kan du uttrykke deg med selvtillit og f\u00e5 en dypere kontakt med Italias rike kultur. Begynn \u00e5 l\u00e6re <a href=\"https:\/\/talkpal.ai\/learn-italian\/\">italiensk<\/a> <a href=\"https:\/\/talkpal.ai\/grammar\/\">grammatikk<\/a> i dag og ta ditt f\u00f8rste skritt mot flytende italiensk!<\/p>\r\n\r\n                            <a class=\"getStartedHidden\" href=\"https:\/\/app.talkpal.ai\/no\/signup?lng=\">Kom i gang<\/a>\r\n        \r\n    <\/div>\r\n\r\n    <figure>\r\n    <img decoding=\"async\" width=\"768\" height=\"768\" src=\"https:\/\/talkpal.ai\/wp-content\/uploads\/2023\/06\/italian-768x768.png\" class=\"languageImage no-lazy\" alt=\"Language learning for increased memory capacity\" fetchpriority=\"high\" sizes=\"(max-width: 768px) 150px, 768px\" srcset=\"https:\/\/talkpal.ai\/wp-content\/uploads\/2023\/06\/italian-768x768.png 768w, https:\/\/talkpal.ai\/wp-content\/uploads\/2023\/06\/italian-300x300.png 300w\" \/>\r\n    \r\n\r\n    <\/figure>\r\n\r\n            <a class=\"getStartedVisible\" href=\"https:\/\/app.talkpal.ai\/no\/signup?lng=\">Kom i gang<\/a>\r\n    \r\n<\/section>\r\n        <section class=\"grammarSection\">\r\n            <div class=\"grammarLinks\">\r\n                <a href=\"https:\/\/talkpal.ai\/no\/language\/adjektiver-italiensk-grammatikk\/\">Adjektiver <\/a><a href=\"https:\/\/talkpal.ai\/no\/language\/adverb-italiensk-grammatikk\/\">Adverb <\/a><a href=\"https:\/\/talkpal.ai\/no\/language\/konjunksjoner-italiensk-grammatikk\/\">Konjunksjoner <\/a><a href=\"https:\/\/talkpal.ai\/no\/language\/negasjon-og-avhor-italiensk-grammatikk\/\">Negasjon og avh\u00f8r <\/a><a href=\"https:\/\/talkpal.ai\/no\/language\/preposisjoner-italiensk-grammatikk\/\">Preposisjoner <\/a><a href=\"https:\/\/talkpal.ai\/no\/language\/pronomen-italiensk-grammatikk\/\">Pronomen <\/a><a href=\"https:\/\/talkpal.ai\/no\/language\/substantiver-italiensk-grammatikk\/\">Substantiver <\/a><a href=\"https:\/\/talkpal.ai\/no\/language\/syntaks-og-setningsstruktur-italiensk-grammatikk\/\">Syntaks og setningsstruktur <\/a><a href=\"https:\/\/talkpal.ai\/no\/language\/verb-italiensk-grammatikk\/\">Verb <\/a>            <\/div>\r\n        <\/section>\r\n    <section class=\"promotionalBanner\">\r\n    <p class=\"promotionalText\">Den mest effektive m\u00e5ten \u00e5 l\u00e6re et spr\u00e5k p\u00e5<\/p>\r\n    <a class=\"promotionalLink\" href=\"https:\/\/app.talkpal.ai\/no\/signup?lng=\">Pr\u00f8v Talkpal gratis<\/a>\r\n<\/section>\n<div class=\"wp-block-group pageContainerStyle\"><div class=\"wp-block-group__inner-container is-layout-constrained wp-block-group-is-layout-constrained\">\n<h2 class=\"wp-block-heading\" id=\"h-mastering-the-art-of-italian-grammar-your-ultimate-guide\">Mestring av italiensk grammatikk: Din ultimate guide<\/h2>\n\n\n\n<p>Ciao, <a href=\"https:\/\/talkpal.ai\/talkpal-discount-for-language-enthusiasts\/\">spr\u00e5kentusiaster<\/a>! Klar til \u00e5 dykke med hodet inn i verden av italiensk grammatikk? Du har kommet til rett sted. Denne artikkelen er fullpakket med informasjon som er <a href=\"https:\/\/talkpal.ai\/learn-latvian\/\">lett<\/a> \u00e5 ford\u00f8ye og har en samtalevennlig tone, og den vil veilede deg gjennom den fascinerende (og noen ganger vanskelige) verdenen av italiensk grammatikk, slik at du trygt kan konstruere setninger og ha meningsfulle samtaler med morsm\u00e5lstalende. S\u00e5 spenn deg fast, og la <a href=\"https:\/\/talkpal.ai\/locations\/language-courses-in-oss\/\">oss<\/a> komme i gang!<\/p>\n\n\n\n<h3 class=\"wp-block-heading\" id=\"h-but-first-why-italian-grammar\">Men f\u00f8rst, hvorfor italiensk grammatikk?<\/h3>\n\n\n\n<p>Hvis du skal l\u00e6re deg italiensk, er et godt grunnlag i grammatikk avgj\u00f8rende for \u00e5 kunne snakke, lese og skrive flytende. Italiensk grammatikk kan virke komplisert ved f\u00f8rste \u00f8yekast, men det er relativt enkelt n\u00e5r du bryter det ned i mindre, mer h\u00e5ndterbare biter. S\u00e5 la oss begynne din reise mot \u00e5 mestre italiensk grammatikk!<\/p>\n\n\n\n<h3 class=\"wp-block-heading\" id=\"h-1-nouns-articles-and-gender\">1. Substantiv, artikler og kj\u00f8nn<\/h3>\n\n\n\n<p>Italienske substantiv kommer i to kj\u00f8nn: maskulin og feminin. I motsetning til engelsk, hvor kj\u00f8nnet p\u00e5 substantivet er irrelevant, krever italiensk riktig kj\u00f8nn for riktig setningskonstruksjon. Kan du gjette kj\u00f8nnet til substantiv som &laquo;tavolo&raquo; (bord) eller &laquo;casa&raquo; (hus)? Hvis du gjettet maskulinum for &laquo;tavolo&raquo; og femininum for &laquo;casa&raquo;, bravo!<\/p>\n\n\n\n<p>P\u00e5 italiensk ender substantiver vanligvis p\u00e5 &laquo;-o&raquo; for maskulinum og &laquo;-a&raquo; for femininum. Det finnes unntak &#8211; noen ord slutter p\u00e5 &laquo;-e&raquo; og kan v\u00e6re av begge kj\u00f8nn &#8211; men la oss inntil videre holde dette grunnprinsippet i bakhodet.<\/p>\n\n\n\n<p>La oss n\u00e5 snakke om artikler. Akkurat som p\u00e5 engelsk trenger vi artikler f\u00f8r substantiv. Italiensk har bestemte (il, lo, la, i, gli, le) og ubestemte artikler (un, uno, una).<\/p>\n\n\n\n<p>S\u00e5 hvordan velger vi hvilken bestemt artikkel vi skal bruke?<\/p>\n\n\n\n<p>&#8211; &laquo;il&raquo; og &laquo;i&raquo; for maskuline substantiv som begynner p\u00e5 en konsonant, f.eks. il libro (boken), i libri (b\u00f8kene)<br\/>&#8211; &laquo;lo&raquo; og &laquo;gli&raquo; for maskuline substantiv som begynner p\u00e5 &laquo;s&raquo; etterfulgt av en konsonant, en vokal (unntatt &laquo;u&raquo;) eller en &laquo;z&raquo;, f.eks. lo studente (studenten), gli studenti (studentene)<br\/>&#8211; &laquo;la&raquo; og &laquo;le&raquo; for hunkj\u00f8nnsord, f.eks. la casa (huset), le case (husene)<\/p>\n\n\n\n<h3 class=\"wp-block-heading\" id=\"h-2-adjectives-and-agreement\">2. Adjektiver og enighet<\/h3>\n\n\n\n<p>Adjektiver p\u00e5 italiensk m\u00e5 stemme overens med substantivet de endrer i kj\u00f8nn og tall. Hvis du for eksempel vil beskrive en deilig pizza, sier du &laquo;una pizza deliziosa&raquo; og ikke &laquo;delizioso&raquo;. Husk at adjektivet vanligvis f\u00f8lger substantivet p\u00e5 italiensk.<\/p>\n\n\n\n<h3 class=\"wp-block-heading\" id=\"h-3-verbs-tense-and-conjugation\">3. Verb, tid og b\u00f8ying<\/h3>\n\n\n\n<p>Italienske verb er en stor del av grammatikken. Det er tre verbkategorier (-are, -ere og -ire) og tonnevis av uregelmessige verb, s\u00e5 vi har arbeidet v\u00e5rt for oss! For \u00e5 gi deg en rask oversikt, la oss ta for oss presens av vanlige verb.<\/p>\n\n\n\n<p>&#8211; verb p\u00e5 &laquo;-are&raquo;: f.eks. parlare (\u00e5 snakke): io parlo, tu parli, lui\/lei parla, noi parliamo, voi parlate, loro parlano<br\/>&#8211; verb p\u00e5 &laquo;-ere&raquo;: f.eks. leggere (\u00e5 lese): io leggo, tu leggi, lui\/lei legge, noi leggiamo, voi leggete, loro leggono<br\/>&#8211; verb p\u00e5 &laquo;-ire&raquo;: f.eks. finire (\u00e5 avslutte): io finisco, tu finisci, lui\/lei finisce, noi finiamo, voi finite, loro finiscono<\/p>\n\n\n\n<p>Husk at dette bare er toppen av isfjellet! Det er mange andre tider og uregelmessige verb \u00e5 l\u00e6re, men hver reise starter med et enkelt trinn.<\/p>\n\n\n\n<h3 class=\"wp-block-heading\" id=\"h-4-prepositions-pronouns-and-more\">4. Preposisjoner, pronomen og mer!<\/h3>\n\n\n\n<p>Italiensk grammatikk har mange andre komponenter som preposisjoner (di, a, da, in, su, etc.), pronomen (io, tu, lui\/lei, etc.), refleksive verb og idiomatiske uttrykk. Hver komponent er n\u00f8kkelen til \u00e5 l\u00e5se opp flyten din, s\u00e5 ta det ett steg om gangen.<\/p>\n\n\n\n<p>Det finnes ingen snarvei til \u00e5 mestre italiensk grammatikk. Det krever utholdenhet, \u00f8velse og t\u00e5lmodighet. Men n\u00e5r du f\u00f8rst har f\u00e5tt taket p\u00e5 det, vil du kunne oppleve skj\u00f8nnheten ved \u00e5 snakke italiensk, oppdage den rike kulturen og historien, og f\u00e5 en dypere forst\u00e5else for spr\u00e5ket. Lykke til!<\/p>\n<\/div><\/div>\n\r\n<section class=\"learnNavigationSection\">\r\n            \r\n        <a href=\"https:\/\/talkpal.ai\/no\/laer-italiensk\/\">\r\n            <div class=\"learnNavigationWrapper\">\r\n                <div class=\"learnNavigationContent\">\r\n                    <img decoding=\"async\" src=\"https:\/\/talkpal.ai\/wp-content\/uploads\/2024\/08\/Italian.jpg\" alt=\"Italian Flag\">\r\n                    <div>\r\n                        <h4>Om \u00e5 l\u00e6re italiensk<\/h4>\r\n                        <p>Finn ut alt om italiensk grammatikk.<\/p>\r\n                    <\/div>\r\n                <\/div>\r\n            <\/div>\r\n        <\/a>\r\n\r\n        \r\n        <a href=\"https:\/\/talkpal.ai\/no\/italiensk-grammatikkovelser\/\">\r\n            <div class=\"learnNavigationWrapper\">\r\n                <div class=\"learnNavigationContent\">\r\n                    <img decoding=\"async\" src=\"https:\/\/talkpal.ai\/wp-content\/uploads\/2024\/08\/Italian.jpg\" alt=\"Italian Flag\">\r\n                    <div>\r\n                        <h4>\u00d8velse i italiensk grammatikk<\/h4>\r\n                        <p>\u00d8v p\u00e5 italiensk grammatikk.<\/p>\r\n                    <\/div>\r\n                <\/div>\r\n            <\/div>\r\n        <\/a>\r\n\r\n        \r\n        <a href=\"https:\/\/talkpal.ai\/vocabulary_language\/italian\/\">\r\n            <div class=\"learnNavigationWrapper\">\r\n                <div class=\"learnNavigationContent\">\r\n                    <img decoding=\"async\" src=\"https:\/\/talkpal.ai\/wp-content\/uploads\/2024\/08\/Italian.jpg\" alt=\"Italian Flag\">\r\n                    <div>\r\n                        <h4>Italiensk ordforr\u00e5d<\/h4>\r\n                        <p>Utvid det italienske ordforr\u00e5det ditt.<\/p>\r\n                    <\/div>\r\n                <\/div>\r\n            <\/div>\r\n        <\/a>\r\n\r\n            <\/section>","protected":false},"excerpt":{"rendered":"<p>Mestring av italiensk grammatikk: Din ultimate guide Ciao, spr\u00e5kentusiaster! Klar til \u00e5 dykke med hodet inn i verden av italiensk grammatikk? Du har kommet til rett sted. Denne artikkelen er fullpakket med informasjon som er lett \u00e5 ford\u00f8ye og har en samtalevennlig tone, og den vil veilede deg gjennom den fascinerende (og noen ganger vanskelige) [&hellip;]<\/p>\n","protected":false},"author":1,"featured_media":76116,"parent":0,"menu_order":0,"comment_status":"closed","ping_status":"closed","template":"LearningContentPage.php","meta":{"_acf_changed":false,"footnotes":""},"class_list":["post-126743","page","type-page","status-publish","has-post-thumbnail","hentry"],"acf":[],"yoast_head":"<!-- This site is optimized with the Yoast SEO Premium plugin v27.2 (Yoast SEO v27.2) - https:\/\/yoast.com\/product\/yoast-seo-premium-wordpress\/ -->\n<title>Italiensk grammatikk - Talkpal<\/title>\n<meta name=\"description\" content=\"L\u00e6r italiensk grammatikk enkelt - \u00f8v tydelig, forst\u00e5 regler og snakk bedre med enkel veiledning fra Talkpal AI.\" \/>\n<meta name=\"robots\" content=\"index, follow, max-snippet:-1, max-image-preview:large, max-video-preview:-1\" \/>\n<link rel=\"canonical\" href=\"https:\/\/talkpal.ai\/no\/italiensk-grammatikk\/\" \/>\n<meta property=\"og:locale\" content=\"nb_NO\" \/>\n<meta property=\"og:type\" content=\"article\" \/>\n<meta property=\"og:title\" content=\"Italiensk grammatikk\" \/>\n<meta property=\"og:description\" content=\"Mestring av italiensk grammatikk: Din ultimate guide Ciao, spr\u00e5kentusiaster! Klar til \u00e5 dykke med hodet inn i verden av italiensk grammatikk? Du har\" \/>\n<meta property=\"og:url\" content=\"https:\/\/talkpal.ai\/no\/italiensk-grammatikk\/\" \/>\n<meta property=\"og:site_name\" content=\"Talkpal\" \/>\n<meta property=\"article:publisher\" content=\"https:\/\/www.facebook.com\/profile.php?id=100090733639311\" \/>\n<meta property=\"article:modified_time\" content=\"2025-05-22T18:43:46+00:00\" \/>\n<meta property=\"og:image\" content=\"https:\/\/talkpal.ai\/wp-content\/uploads\/2023\/03\/italy.png\" \/>\n\t<meta property=\"og:image:width\" content=\"512\" \/>\n\t<meta property=\"og:image:height\" content=\"512\" \/>\n\t<meta property=\"og:image:type\" content=\"image\/png\" \/>\n<meta name=\"twitter:card\" content=\"summary_large_image\" \/>\n<meta name=\"twitter:site\" content=\"@talkpalai\" \/>\n<meta name=\"twitter:label1\" content=\"Ansl. lesetid\" \/>\n\t<meta name=\"twitter:data1\" content=\"3 minutter\" \/>\n<script type=\"application\/ld+json\" class=\"yoast-schema-graph\">{\"@context\":\"https:\/\/schema.org\",\"@graph\":[{\"@type\":\"WebPage\",\"@id\":\"https:\/\/talkpal.ai\/no\/italiensk-grammatikk\/\",\"url\":\"https:\/\/talkpal.ai\/no\/italiensk-grammatikk\/\",\"name\":\"Italiensk grammatikk - Talkpal\",\"isPartOf\":{\"@id\":\"https:\/\/talkpal.ai\/no\/#website\"},\"primaryImageOfPage\":{\"@id\":\"https:\/\/talkpal.ai\/no\/italiensk-grammatikk\/#primaryimage\"},\"image\":{\"@id\":\"https:\/\/talkpal.ai\/no\/italiensk-grammatikk\/#primaryimage\"},\"thumbnailUrl\":\"https:\/\/talkpal.ai\/wp-content\/uploads\/2023\/03\/italy.png\",\"datePublished\":\"2023-03-26T12:27:22+00:00\",\"dateModified\":\"2025-05-22T18:43:46+00:00\",\"description\":\"L\u00e6r italiensk grammatikk enkelt - \u00f8v tydelig, forst\u00e5 regler og snakk bedre med enkel veiledning fra Talkpal AI.\",\"breadcrumb\":{\"@id\":\"https:\/\/talkpal.ai\/no\/italiensk-grammatikk\/#breadcrumb\"},\"inLanguage\":\"nb-NO\",\"potentialAction\":[{\"@type\":\"ReadAction\",\"target\":[\"https:\/\/talkpal.ai\/no\/italiensk-grammatikk\/\"]}]},{\"@type\":\"ImageObject\",\"inLanguage\":\"nb-NO\",\"@id\":\"https:\/\/talkpal.ai\/no\/italiensk-grammatikk\/#primaryimage\",\"url\":\"https:\/\/talkpal.ai\/wp-content\/uploads\/2023\/03\/italy.png\",\"contentUrl\":\"https:\/\/talkpal.ai\/wp-content\/uploads\/2023\/03\/italy.png\",\"width\":512,\"height\":512,\"caption\":\"TalkPal AI learn Italian\"},{\"@type\":\"BreadcrumbList\",\"@id\":\"https:\/\/talkpal.ai\/no\/italiensk-grammatikk\/#breadcrumb\",\"itemListElement\":[{\"@type\":\"ListItem\",\"position\":1,\"name\":\"Homepage\",\"item\":\"https:\/\/talkpal.ai\/no\/\"},{\"@type\":\"ListItem\",\"position\":2,\"name\":\"Italiensk grammatikk\"}]},{\"@type\":\"WebSite\",\"@id\":\"https:\/\/talkpal.ai\/no\/#website\",\"url\":\"https:\/\/talkpal.ai\/no\/\",\"name\":\"Talkpal\",\"description\":\"AI Language Learning\",\"publisher\":{\"@id\":\"https:\/\/talkpal.ai\/no\/#organization\"},\"alternateName\":\"Talkpal AI\",\"potentialAction\":[{\"@type\":\"SearchAction\",\"target\":{\"@type\":\"EntryPoint\",\"urlTemplate\":\"https:\/\/talkpal.ai\/no\/?s={search_term_string}\"},\"query-input\":{\"@type\":\"PropertyValueSpecification\",\"valueRequired\":true,\"valueName\":\"search_term_string\"}}],\"inLanguage\":\"nb-NO\"},{\"@type\":\"Organization\",\"@id\":\"https:\/\/talkpal.ai\/no\/#organization\",\"name\":\"Talkpal, Inc.\",\"alternateName\":\"Talkpal AI\",\"url\":\"https:\/\/talkpal.ai\/no\/\",\"logo\":{\"@type\":\"ImageObject\",\"inLanguage\":\"nb-NO\",\"@id\":\"https:\/\/talkpal.ai\/no\/#\/schema\/logo\/image\/\",\"url\":\"https:\/\/talkpal.ai\/wp-content\/uploads\/2024\/03\/Talkpal-Logo-Icon.png\",\"contentUrl\":\"https:\/\/talkpal.ai\/wp-content\/uploads\/2024\/03\/Talkpal-Logo-Icon.png\",\"width\":2880,\"height\":2880,\"caption\":\"Talkpal, Inc.\"},\"image\":{\"@id\":\"https:\/\/talkpal.ai\/no\/#\/schema\/logo\/image\/\"},\"sameAs\":[\"https:\/\/www.facebook.com\/profile.php?id=100090733639311\",\"https:\/\/x.com\/talkpalai\",\"https:\/\/www.linkedin.com\/company\/talkpal\/\",\"https:\/\/www.youtube.com\/@TalkPal\/\",\"https:\/\/www.tiktok.com\/@talkpal\",\"https:\/\/www.instagram.com\/talkpal_ai\/\",\"https:\/\/www.crunchbase.com\/organization\/talkpal-9cde\",\"https:\/\/www.g2.com\/products\/talkpal-for-business\/\",\"https:\/\/www.trustpilot.com\/review\/talkpal.ai\",\"https:\/\/www.capterra.com\/p\/10006800\/TalkPal\/\"],\"description\":\"Talkpal is a language learning web and mobile education app, powered by the latest AI technologies, that provides engaging experiences to its customers in many different languages to help them improve their language skills. Users can chat about unlimited amount of topics with the app and use other modes to practice their language learning.\",\"email\":\"support@talkpal.ai\",\"legalName\":\"Talkpal, Inc.\",\"foundingDate\":\"2023-04-03\",\"duns\":\"118989042\",\"numberOfEmployees\":{\"@type\":\"QuantitativeValue\",\"minValue\":\"11\",\"maxValue\":\"50\"},\"publishingPrinciples\":\"https:\/\/talkpal.ai\/publishing-principles\/\",\"actionableFeedbackPolicy\":\"https:\/\/talkpal.ai\/actionable-feedback-policy\/\",\"correctionsPolicy\":\"https:\/\/talkpal.ai\/corrections-policy\/\",\"ethicsPolicy\":\"https:\/\/talkpal.ai\/ethics-policy\/\",\"diversityPolicy\":\"https:\/\/talkpal.ai\/diversity-policy\/\",\"diversityStaffingReport\":\"https:\/\/talkpal.ai\/diversity-policy\/\"}]}<\/script>\n<!-- \/ Yoast SEO Premium plugin. -->","yoast_head_json":{"title":"Italiensk grammatikk - Talkpal","description":"L\u00e6r italiensk grammatikk enkelt - \u00f8v tydelig, forst\u00e5 regler og snakk bedre med enkel veiledning fra Talkpal AI.","robots":{"index":"index","follow":"follow","max-snippet":"max-snippet:-1","max-image-preview":"max-image-preview:large","max-video-preview":"max-video-preview:-1"},"canonical":"https:\/\/talkpal.ai\/no\/italiensk-grammatikk\/","og_locale":"nb_NO","og_type":"article","og_title":"Italiensk grammatikk","og_description":"Mestring av italiensk grammatikk: Din ultimate guide Ciao, spr\u00e5kentusiaster! Klar til \u00e5 dykke med hodet inn i verden av italiensk grammatikk? Du har","og_url":"https:\/\/talkpal.ai\/no\/italiensk-grammatikk\/","og_site_name":"Talkpal","article_publisher":"https:\/\/www.facebook.com\/profile.php?id=100090733639311","article_modified_time":"2025-05-22T18:43:46+00:00","og_image":[{"width":512,"height":512,"url":"https:\/\/talkpal.ai\/wp-content\/uploads\/2023\/03\/italy.png","type":"image\/png"}],"twitter_card":"summary_large_image","twitter_site":"@talkpalai","twitter_misc":{"Ansl. lesetid":"3 minutter"},"schema":{"@context":"https:\/\/schema.org","@graph":[{"@type":"WebPage","@id":"https:\/\/talkpal.ai\/no\/italiensk-grammatikk\/","url":"https:\/\/talkpal.ai\/no\/italiensk-grammatikk\/","name":"Italiensk grammatikk - Talkpal","isPartOf":{"@id":"https:\/\/talkpal.ai\/no\/#website"},"primaryImageOfPage":{"@id":"https:\/\/talkpal.ai\/no\/italiensk-grammatikk\/#primaryimage"},"image":{"@id":"https:\/\/talkpal.ai\/no\/italiensk-grammatikk\/#primaryimage"},"thumbnailUrl":"https:\/\/talkpal.ai\/wp-content\/uploads\/2023\/03\/italy.png","datePublished":"2023-03-26T12:27:22+00:00","dateModified":"2025-05-22T18:43:46+00:00","description":"L\u00e6r italiensk grammatikk enkelt - \u00f8v tydelig, forst\u00e5 regler og snakk bedre med enkel veiledning fra Talkpal AI.","breadcrumb":{"@id":"https:\/\/talkpal.ai\/no\/italiensk-grammatikk\/#breadcrumb"},"inLanguage":"nb-NO","potentialAction":[{"@type":"ReadAction","target":["https:\/\/talkpal.ai\/no\/italiensk-grammatikk\/"]}]},{"@type":"ImageObject","inLanguage":"nb-NO","@id":"https:\/\/talkpal.ai\/no\/italiensk-grammatikk\/#primaryimage","url":"https:\/\/talkpal.ai\/wp-content\/uploads\/2023\/03\/italy.png","contentUrl":"https:\/\/talkpal.ai\/wp-content\/uploads\/2023\/03\/italy.png","width":512,"height":512,"caption":"TalkPal AI learn Italian"},{"@type":"BreadcrumbList","@id":"https:\/\/talkpal.ai\/no\/italiensk-grammatikk\/#breadcrumb","itemListElement":[{"@type":"ListItem","position":1,"name":"Homepage","item":"https:\/\/talkpal.ai\/no\/"},{"@type":"ListItem","position":2,"name":"Italiensk grammatikk"}]},{"@type":"WebSite","@id":"https:\/\/talkpal.ai\/no\/#website","url":"https:\/\/talkpal.ai\/no\/","name":"Talkpal","description":"AI Language Learning","publisher":{"@id":"https:\/\/talkpal.ai\/no\/#organization"},"alternateName":"Talkpal AI","potentialAction":[{"@type":"SearchAction","target":{"@type":"EntryPoint","urlTemplate":"https:\/\/talkpal.ai\/no\/?s={search_term_string}"},"query-input":{"@type":"PropertyValueSpecification","valueRequired":true,"valueName":"search_term_string"}}],"inLanguage":"nb-NO"},{"@type":"Organization","@id":"https:\/\/talkpal.ai\/no\/#organization","name":"Talkpal, Inc.","alternateName":"Talkpal AI","url":"https:\/\/talkpal.ai\/no\/","logo":{"@type":"ImageObject","inLanguage":"nb-NO","@id":"https:\/\/talkpal.ai\/no\/#\/schema\/logo\/image\/","url":"https:\/\/talkpal.ai\/wp-content\/uploads\/2024\/03\/Talkpal-Logo-Icon.png","contentUrl":"https:\/\/talkpal.ai\/wp-content\/uploads\/2024\/03\/Talkpal-Logo-Icon.png","width":2880,"height":2880,"caption":"Talkpal, Inc."},"image":{"@id":"https:\/\/talkpal.ai\/no\/#\/schema\/logo\/image\/"},"sameAs":["https:\/\/www.facebook.com\/profile.php?id=100090733639311","https:\/\/x.com\/talkpalai","https:\/\/www.linkedin.com\/company\/talkpal\/","https:\/\/www.youtube.com\/@TalkPal\/","https:\/\/www.tiktok.com\/@talkpal","https:\/\/www.instagram.com\/talkpal_ai\/","https:\/\/www.crunchbase.com\/organization\/talkpal-9cde","https:\/\/www.g2.com\/products\/talkpal-for-business\/","https:\/\/www.trustpilot.com\/review\/talkpal.ai","https:\/\/www.capterra.com\/p\/10006800\/TalkPal\/"],"description":"Talkpal is a language learning web and mobile education app, powered by the latest AI technologies, that provides engaging experiences to its customers in many different languages to help them improve their language skills. Users can chat about unlimited amount of topics with the app and use other modes to practice their language learning.","email":"support@talkpal.ai","legalName":"Talkpal, Inc.","foundingDate":"2023-04-03","duns":"118989042","numberOfEmployees":{"@type":"QuantitativeValue","minValue":"11","maxValue":"50"},"publishingPrinciples":"https:\/\/talkpal.ai\/publishing-principles\/","actionableFeedbackPolicy":"https:\/\/talkpal.ai\/actionable-feedback-policy\/","correctionsPolicy":"https:\/\/talkpal.ai\/corrections-policy\/","ethicsPolicy":"https:\/\/talkpal.ai\/ethics-policy\/","diversityPolicy":"https:\/\/talkpal.ai\/diversity-policy\/","diversityStaffingReport":"https:\/\/talkpal.ai\/diversity-policy\/"}]}},"_links":{"self":[{"href":"https:\/\/talkpal.ai\/no\/wp-json\/wp\/v2\/pages\/126743","targetHints":{"allow":["GET"]}}],"collection":[{"href":"https:\/\/talkpal.ai\/no\/wp-json\/wp\/v2\/pages"}],"about":[{"href":"https:\/\/talkpal.ai\/no\/wp-json\/wp\/v2\/types\/page"}],"author":[{"embeddable":true,"href":"https:\/\/talkpal.ai\/no\/wp-json\/wp\/v2\/users\/1"}],"replies":[{"embeddable":true,"href":"https:\/\/talkpal.ai\/no\/wp-json\/wp\/v2\/comments?post=126743"}],"version-history":[{"count":0,"href":"https:\/\/talkpal.ai\/no\/wp-json\/wp\/v2\/pages\/126743\/revisions"}],"wp:featuredmedia":[{"embeddable":true,"href":"https:\/\/talkpal.ai\/no\/wp-json\/wp\/v2\/media\/76116"}],"wp:attachment":[{"href":"https:\/\/talkpal.ai\/no\/wp-json\/wp\/v2\/media?parent=126743"}],"curies":[{"name":"wp","href":"https:\/\/api.w.org\/{rel}","templated":true}]}}