{"id":124446,"date":"2023-03-26T11:55:54","date_gmt":"2023-03-26T11:55:54","guid":{"rendered":"http:\/\/talkpal.ai\/spansk-grammatikk\/"},"modified":"2025-05-22T18:50:32","modified_gmt":"2025-05-22T18:50:32","slug":"spansk-grammatikk","status":"publish","type":"page","link":"https:\/\/talkpal.ai\/no\/spansk-grammatikk\/","title":{"rendered":"Spansk grammatikk"},"content":{"rendered":"\r\n\r\n\r\n<section class=\"languageChallengeSection\">\r\n    <div class=\"languageInfoWrapper\">\r\n        \r\n        <h1>Spansk grammatikk<\/h1>\r\n        <p>Dyk ned i den levende spanske verdenen ved \u00e5 l\u00e6re deg de viktigste grammatikkreglene. Hvis du forst\u00e5r <a href=\"https:\/\/talkpal.ai\/no\/snakker-spansk\/\">spansk grammatikk<\/a>, kan du kommunisere trygt og f\u00e5 kontakt med millioner av spansktalende over hele verden. Begynn \u00e5 l\u00e6re <a href=\"https:\/\/talkpal.ai\/learn-spanish\/\">spansk<\/a> <a href=\"https:\/\/talkpal.ai\/grammar\/\">grammatikk<\/a> i dag og ta ditt f\u00f8rste skritt mot flytende spansk!<\/p>\r\n\r\n                            <a class=\"getStartedHidden\" href=\"https:\/\/app.talkpal.ai\/no\/signup?lng=\">Kom i gang<\/a>\r\n        \r\n    <\/div>\r\n\r\n    <figure>\r\n    <img decoding=\"async\" width=\"768\" height=\"768\" src=\"https:\/\/talkpal.ai\/wp-content\/uploads\/2023\/06\/Spanish-768x768.png\" class=\"languageImage no-lazy\" alt=\"Practical application of language learning\" fetchpriority=\"high\" sizes=\"(max-width: 768px) 150px, 768px\" srcset=\"https:\/\/talkpal.ai\/wp-content\/uploads\/2023\/06\/Spanish-768x768.png 768w, https:\/\/talkpal.ai\/wp-content\/uploads\/2023\/06\/Spanish-300x300.png 300w\" \/>\r\n    \r\n\r\n    <\/figure>\r\n\r\n            <a class=\"getStartedVisible\" href=\"https:\/\/app.talkpal.ai\/no\/signup?lng=\">Kom i gang<\/a>\r\n    \r\n<\/section>\r\n        <section class=\"grammarSection\">\r\n            <div class=\"grammarLinks\">\r\n                <a href=\"https:\/\/talkpal.ai\/no\/language\/adjektiver-spansk-grammatikk\/\">Adjektiver <\/a><a href=\"https:\/\/talkpal.ai\/no\/language\/adverb-spansk-grammatikk\/\">Adverb <\/a><a href=\"https:\/\/talkpal.ai\/no\/language\/artikler-spansk-grammatikk\/\">Artikler <\/a><a href=\"https:\/\/talkpal.ai\/no\/language\/preposisjoner-spansk-grammatikk\/\">Preposisjoner <\/a><a href=\"https:\/\/talkpal.ai\/no\/language\/pronomen-spansk-grammatikk\/\">Pronomen <\/a><a href=\"https:\/\/talkpal.ai\/no\/language\/setningsstruktur-spansk-grammatikk\/\">Setningsstruktur <\/a><a href=\"https:\/\/talkpal.ai\/no\/language\/substantiver-spansk-grammatikk\/\">Substantiver <\/a><a href=\"https:\/\/talkpal.ai\/no\/language\/tider-indikativ-spansk-grammatikk\/\">Tider Indikativ <\/a><a href=\"https:\/\/talkpal.ai\/no\/language\/tider-konjunktiv-spansk-grammatikk\/\">Tider konjunktiv <\/a><a href=\"https:\/\/talkpal.ai\/no\/language\/verb-spansk-grammatikk\/\">Verb <\/a>            <\/div>\r\n        <\/section>\r\n    <section class=\"promotionalBanner\">\r\n    <p class=\"promotionalText\"><\/p>\r\n    <a class=\"promotionalLink\" href=\"https:\/\/app.talkpal.ai\/no\/signup?lng=\"><\/a>\r\n<\/section>\n<div class=\"wp-block-group pageContainerStyle\"><div class=\"wp-block-group__inner-container is-layout-constrained wp-block-group-is-layout-constrained\">\n<h2 class=\"wp-block-heading\" id=\"h-a-quick-guide-to-learning-spanish-grammar\">En rask guide for \u00e5 l\u00e6re spansk grammatikk<\/h2>\n\n\n\n<p>Hvis du noen gang har tenkt p\u00e5 \u00e5 l\u00e6re deg et nytt spr\u00e5k, er det stor sjanse for at du har tenkt p\u00e5 spansk. Som et av de mest talte spr\u00e5kene over hele verden, tilbyr spansk en rekke fordeler for personlig og profesjonell vekst. \u00c5 l\u00e6re spansk vil ikke bare gi deg tilgang til <a href=\"https:\/\/talkpal.ai\/talkpal-new-years-discount\/\">nye<\/a> kulturer, men vil ogs\u00e5 forbedre kommunikasjonsferdighetene dine. Selv om mange mennesker er redde for \u00e5 bli viklet inn i grammatikkregler, kan du puste lettet ut, siden spansk grammatikk er relativt enkel. I denne artikkelen gir vi deg en rask guide som hjelper deg med \u00e5 navigere i den spennende verdenen av spansk grammatikk som en proff!<\/p>\n\n\n\n<h3 class=\"wp-block-heading\" id=\"h-1-understanding-spanish-nouns-and-articles\">1. Forst\u00e5 spanske substantiver og artikler<\/h3>\n\n\n\n<p>Spanske substantiver, som p\u00e5 <a href=\"https:\/\/talkpal.ai\/learn-english-with-ai\/\">engelsk<\/a>, brukes til \u00e5 identifisere mennesker, steder, objekter, ideer og f\u00f8lelser. Den f\u00f8rste regelen \u00e5 huske om spanske substantiver er at de har kj\u00f8nn. Spanske substantiv er enten maskuline eller feminine. For eksempel er &laquo;libro&raquo; (bok) maskulinum, og &laquo;casa&raquo; (hus) femininum. Mange ganger er substantiv som ender p\u00e5 &laquo;o&raquo; maskulinum, mens de som ender p\u00e5 &laquo;a&raquo; er femininum.<\/p>\n\n\n\n<p>Spanske artikler ligner p\u00e5 de engelske &laquo;the&raquo;, &laquo;a&raquo; eller &laquo;an&raquo;. De er en avgj\u00f8rende del av spr\u00e5ket <a href=\"https:\/\/talkpal.ai\/culture\/how-do-you-use-the-conjunction-da-de\/\">da de<\/a> m\u00e5 stemme overens med kj\u00f8nn og nummer p\u00e5 substantivet de beskriver. Det er fire typer spanske artikler:<\/p>\n\n\n\n<p>&#8211; <strong>Bestemt artikkel:<\/strong> el (maskulinum entall), la (femininum entall), los (maskulinum flertall) og las (femininum flertall).<br\/>&#8211; <strong>Ubestemt artikkel:<\/strong> un (a\/et maskulinum entall), una (a\/et femininum entall), unos (noen maskulinum flertall) og unas (noen femininum flertall).<\/p>\n\n\n\n<h3 class=\"wp-block-heading\" id=\"h-2-slaying-spanish-verbs-conjugation-and-tenses\">2. \u00c5 drepe spanske verb: b\u00f8ying og tider<\/h3>\n\n\n\n<p>En av de viktigste aspektene ved \u00e5 l\u00e6re spansk grammatikk er \u00e5 forst\u00e5 verbb\u00f8yning. Konjugasjon betyr ganske enkelt \u00e5 endre verbets rotform slik at den passer til subjektet og tempus. P\u00e5 spansk sier man for eksempel &laquo;Yo como&raquo; (jeg spiser) og &laquo;\u00e9l come&raquo; (han spiser). Legg merke til at verbet komme (\u00e5 spise) endrer form n\u00e5r du bytter emne.<\/p>\n\n\n\n<p><strong>Noen vanlige vanlige verb p\u00e5 spansk inkluderer:<\/strong><\/p>\n\n\n\n<p>&#8211; AR-verb: hablar (\u00e5 snakke), amar (\u00e5 elske) og bailar (\u00e5 danse).<br\/>&#8211; ER-verb: comer (\u00e5 spise), aprender (\u00e5 l\u00e6re) og vender (\u00e5 selge).<br\/>&#8211; IR-verb: vivir (\u00e5 leve), escribir (\u00e5 skrive) og descubrir (\u00e5 oppdage).<\/p>\n\n\n\n<p>Akkurat som p\u00e5 engelsk, har spansk flere verbtid for \u00e5 angi tidspunktet n\u00e5r en handling skjer. De mest grunnleggende er:<\/p>\n\n\n\n<p><strong>&#8211; Til stede<\/strong><br\/><strong>&#8211; Preteritum<\/strong><br\/><strong>&#8211; Ufullkommen<\/strong><br\/><strong>&#8211; Fremtiden<\/strong><br\/><strong>&#8211; Betinget<\/strong><br\/><strong>&#8211; N\u00e5v\u00e6rende konjunktiv<\/strong><br\/><strong>&#8211; Imperfektum konjunktiv<\/strong><\/p>\n\n\n\n<p>Ikke stress med \u00e5 l\u00e6re deg alle verbformene p\u00e5 en gang. Ta dem \u00e9n av gangen, og \u00f8v deg til du er komfortabel med \u00e5 bruke dem.<\/p>\n\n\n\n<h3 class=\"wp-block-heading\" id=\"h-3-creating-sentences-with-spanish-adjectives-and-adverbs\">3. Lage setninger med spanske adjektiver og adverb<\/h3>\n\n\n\n<p>Adjektiver og adverb spiller en viktig rolle i \u00e5 krydre de spanske setningene dine. Adjektiver beskriver egenskaper eller egenskaper ved substantiver, mens adverb beskriver handlinger eller verb. P\u00e5 spansk m\u00e5 adjektiver stemme overens med substantivet de beskriver, b\u00e5de i kj\u00f8nn og tall.<\/p>\n\n\n\n<p>En n\u00f8kkelforskjell mellom spansk og engelsk er adjektivets rekkef\u00f8lge. Spanske adjektiv kommer vanligvis etter substantivet, for eksempel &laquo;un coche rojo&raquo; (en r\u00f8d bil).<\/p>\n\n\n\n<p>Spanske adverb, derimot, endres aldri for kj\u00f8nn eller tall. Akkurat som p\u00e5 engelsk kommer adverb vanligvis etter verbet de modifiserer, f.eks. &laquo;Ella habla r\u00e1pidamente&raquo; (Hun snakker fort).<\/p>\n\n\n\n<h3 class=\"wp-block-heading\" id=\"h-conclusion\">Konklusjon<\/h3>\n\n\n\n<p>Spansk grammatikk b\u00f8r ikke skremme deg! Det krever riktignok \u00f8velse, men ved \u00e5 f\u00f8lge disse enkle retningslinjene vil du v\u00e6re p\u00e5 vei til \u00e5 bli en eksepsjonell spansktalende. Husk alltid \u00e5 engasjere deg i spr\u00e5ket p\u00e5 en morsom, samtale m\u00e5te, mens du utforsker substantiv, verb, adjektiver og adverb. Fortsett \u00e5 \u00f8ve, omfavn kulturen og la din spanskreise utfolde seg. \u00a1Buena suerte!<\/p>\n<\/div><\/div>\n\r\n<section class=\"learnNavigationSection\">\r\n            \r\n        <a href=\"https:\/\/talkpal.ai\/no\/laer-spansk\/\">\r\n            <div class=\"learnNavigationWrapper\">\r\n                <div class=\"learnNavigationContent\">\r\n                    <img decoding=\"async\" src=\"https:\/\/talkpal.ai\/wp-content\/uploads\/2024\/08\/Spanish.jpg\" alt=\"Spanish Flag\">\r\n                    <div>\r\n                        <h4>Om spanskoppl\u00e6ring<\/h4>\r\n                        <p>Finn ut alt om spansk grammatikk.<\/p>\r\n                    <\/div>\r\n                <\/div>\r\n            <\/div>\r\n        <\/a>\r\n\r\n        \r\n        <a href=\"https:\/\/talkpal.ai\/no\/spansk-grammatikkovelser\/\">\r\n            <div class=\"learnNavigationWrapper\">\r\n                <div class=\"learnNavigationContent\">\r\n                    <img decoding=\"async\" src=\"https:\/\/talkpal.ai\/wp-content\/uploads\/2024\/08\/Spanish.jpg\" alt=\"Spanish Flag\">\r\n                    <div>\r\n                        <h4>\u00d8velse i spansk grammatikk<\/h4>\r\n                        <p>\u00d8v spansk grammatikk.<\/p>\r\n                    <\/div>\r\n                <\/div>\r\n            <\/div>\r\n        <\/a>\r\n\r\n        \r\n        <a href=\"https:\/\/talkpal.ai\/vocabulary_language\/spanish\/\">\r\n            <div class=\"learnNavigationWrapper\">\r\n                <div class=\"learnNavigationContent\">\r\n                    <img decoding=\"async\" src=\"https:\/\/talkpal.ai\/wp-content\/uploads\/2024\/08\/Spanish.jpg\" alt=\"Spanish Flag\">\r\n                    <div>\r\n                        <h4>Spansk ordforr\u00e5d<\/h4>\r\n                        <p>Utvid det spanske ordforr\u00e5det ditt.<\/p>\r\n                    <\/div>\r\n                <\/div>\r\n            <\/div>\r\n        <\/a>\r\n\r\n            <\/section>","protected":false},"excerpt":{"rendered":"<p>En rask guide for \u00e5 l\u00e6re spansk grammatikk Hvis du noen gang har tenkt p\u00e5 \u00e5 l\u00e6re deg et nytt spr\u00e5k, er det stor sjanse for at du har tenkt p\u00e5 spansk. Som et av de mest talte spr\u00e5kene over hele verden, tilbyr spansk en rekke fordeler for personlig og profesjonell vekst. \u00c5 l\u00e6re spansk [&hellip;]<\/p>\n","protected":false},"author":1,"featured_media":75282,"parent":0,"menu_order":0,"comment_status":"closed","ping_status":"closed","template":"LearningContentPage.php","meta":{"_acf_changed":false,"footnotes":""},"class_list":["post-124446","page","type-page","status-publish","has-post-thumbnail","hentry"],"acf":[],"yoast_head":"<!-- This site is optimized with the Yoast SEO Premium plugin v27.2 (Yoast SEO v27.2) - https:\/\/yoast.com\/product\/yoast-seo-premium-wordpress\/ -->\n<title>Spansk grammatikk - Talkpal<\/title>\n<meta name=\"description\" content=\"Forbedre dine ferdigheter i spansk grammatikk med interaktive \u00f8velser designet for alle ferdighetsniv\u00e5er. \u00d8v spansk effektivt!\" \/>\n<meta name=\"robots\" content=\"index, follow, max-snippet:-1, max-image-preview:large, max-video-preview:-1\" \/>\n<link rel=\"canonical\" href=\"https:\/\/talkpal.ai\/no\/spansk-grammatikk\/\" \/>\n<meta property=\"og:locale\" content=\"nb_NO\" \/>\n<meta property=\"og:type\" content=\"article\" \/>\n<meta property=\"og:title\" content=\"Spansk grammatikk\" \/>\n<meta property=\"og:description\" content=\"En rask guide for \u00e5 l\u00e6re spansk grammatikk Hvis du noen gang har tenkt p\u00e5 \u00e5 l\u00e6re deg et nytt spr\u00e5k, er det stor sjanse for at du har tenkt p\u00e5 spansk. Som\" \/>\n<meta property=\"og:url\" content=\"https:\/\/talkpal.ai\/no\/spansk-grammatikk\/\" \/>\n<meta property=\"og:site_name\" content=\"Talkpal\" \/>\n<meta property=\"article:publisher\" content=\"https:\/\/www.facebook.com\/profile.php?id=100090733639311\" \/>\n<meta property=\"article:modified_time\" content=\"2025-05-22T18:50:32+00:00\" \/>\n<meta property=\"og:image\" content=\"https:\/\/talkpal.ai\/wp-content\/uploads\/2023\/03\/spain.png\" \/>\n\t<meta property=\"og:image:width\" content=\"512\" \/>\n\t<meta property=\"og:image:height\" content=\"512\" \/>\n\t<meta property=\"og:image:type\" content=\"image\/png\" \/>\n<meta name=\"twitter:card\" content=\"summary_large_image\" \/>\n<meta name=\"twitter:site\" content=\"@talkpalai\" \/>\n<meta name=\"twitter:label1\" content=\"Ansl. lesetid\" \/>\n\t<meta name=\"twitter:data1\" content=\"3 minutter\" \/>\n<script type=\"application\/ld+json\" class=\"yoast-schema-graph\">{\"@context\":\"https:\/\/schema.org\",\"@graph\":[{\"@type\":\"WebPage\",\"@id\":\"https:\/\/talkpal.ai\/no\/spansk-grammatikk\/\",\"url\":\"https:\/\/talkpal.ai\/no\/spansk-grammatikk\/\",\"name\":\"Spansk grammatikk - Talkpal\",\"isPartOf\":{\"@id\":\"https:\/\/talkpal.ai\/no\/#website\"},\"primaryImageOfPage\":{\"@id\":\"https:\/\/talkpal.ai\/no\/spansk-grammatikk\/#primaryimage\"},\"image\":{\"@id\":\"https:\/\/talkpal.ai\/no\/spansk-grammatikk\/#primaryimage\"},\"thumbnailUrl\":\"https:\/\/talkpal.ai\/wp-content\/uploads\/2023\/03\/spain.png\",\"datePublished\":\"2023-03-26T11:55:54+00:00\",\"dateModified\":\"2025-05-22T18:50:32+00:00\",\"description\":\"Forbedre dine ferdigheter i spansk grammatikk med interaktive \u00f8velser designet for alle ferdighetsniv\u00e5er. \u00d8v spansk effektivt!\",\"breadcrumb\":{\"@id\":\"https:\/\/talkpal.ai\/no\/spansk-grammatikk\/#breadcrumb\"},\"inLanguage\":\"nb-NO\",\"potentialAction\":[{\"@type\":\"ReadAction\",\"target\":[\"https:\/\/talkpal.ai\/no\/spansk-grammatikk\/\"]}]},{\"@type\":\"ImageObject\",\"inLanguage\":\"nb-NO\",\"@id\":\"https:\/\/talkpal.ai\/no\/spansk-grammatikk\/#primaryimage\",\"url\":\"https:\/\/talkpal.ai\/wp-content\/uploads\/2023\/03\/spain.png\",\"contentUrl\":\"https:\/\/talkpal.ai\/wp-content\/uploads\/2023\/03\/spain.png\",\"width\":512,\"height\":512,\"caption\":\"TalkPal AI learn Spanish\"},{\"@type\":\"BreadcrumbList\",\"@id\":\"https:\/\/talkpal.ai\/no\/spansk-grammatikk\/#breadcrumb\",\"itemListElement\":[{\"@type\":\"ListItem\",\"position\":1,\"name\":\"Homepage\",\"item\":\"https:\/\/talkpal.ai\/no\/\"},{\"@type\":\"ListItem\",\"position\":2,\"name\":\"Spansk grammatikk\"}]},{\"@type\":\"WebSite\",\"@id\":\"https:\/\/talkpal.ai\/no\/#website\",\"url\":\"https:\/\/talkpal.ai\/no\/\",\"name\":\"Talkpal\",\"description\":\"AI Language Learning\",\"publisher\":{\"@id\":\"https:\/\/talkpal.ai\/no\/#organization\"},\"alternateName\":\"Talkpal AI\",\"potentialAction\":[{\"@type\":\"SearchAction\",\"target\":{\"@type\":\"EntryPoint\",\"urlTemplate\":\"https:\/\/talkpal.ai\/no\/?s={search_term_string}\"},\"query-input\":{\"@type\":\"PropertyValueSpecification\",\"valueRequired\":true,\"valueName\":\"search_term_string\"}}],\"inLanguage\":\"nb-NO\"},{\"@type\":\"Organization\",\"@id\":\"https:\/\/talkpal.ai\/no\/#organization\",\"name\":\"Talkpal, Inc.\",\"alternateName\":\"Talkpal AI\",\"url\":\"https:\/\/talkpal.ai\/no\/\",\"logo\":{\"@type\":\"ImageObject\",\"inLanguage\":\"nb-NO\",\"@id\":\"https:\/\/talkpal.ai\/no\/#\/schema\/logo\/image\/\",\"url\":\"https:\/\/talkpal.ai\/wp-content\/uploads\/2024\/03\/Talkpal-Logo-Icon.png\",\"contentUrl\":\"https:\/\/talkpal.ai\/wp-content\/uploads\/2024\/03\/Talkpal-Logo-Icon.png\",\"width\":2880,\"height\":2880,\"caption\":\"Talkpal, Inc.\"},\"image\":{\"@id\":\"https:\/\/talkpal.ai\/no\/#\/schema\/logo\/image\/\"},\"sameAs\":[\"https:\/\/www.facebook.com\/profile.php?id=100090733639311\",\"https:\/\/x.com\/talkpalai\",\"https:\/\/www.linkedin.com\/company\/talkpal\/\",\"https:\/\/www.youtube.com\/@TalkPal\/\",\"https:\/\/www.tiktok.com\/@talkpal\",\"https:\/\/www.instagram.com\/talkpal_ai\/\",\"https:\/\/www.crunchbase.com\/organization\/talkpal-9cde\",\"https:\/\/www.g2.com\/products\/talkpal-for-business\/\",\"https:\/\/www.trustpilot.com\/review\/talkpal.ai\",\"https:\/\/www.capterra.com\/p\/10006800\/TalkPal\/\"],\"description\":\"Talkpal is a language learning web and mobile education app, powered by the latest AI technologies, that provides engaging experiences to its customers in many different languages to help them improve their language skills. Users can chat about unlimited amount of topics with the app and use other modes to practice their language learning.\",\"email\":\"support@talkpal.ai\",\"legalName\":\"Talkpal, Inc.\",\"foundingDate\":\"2023-04-03\",\"duns\":\"118989042\",\"numberOfEmployees\":{\"@type\":\"QuantitativeValue\",\"minValue\":\"11\",\"maxValue\":\"50\"},\"publishingPrinciples\":\"https:\/\/talkpal.ai\/publishing-principles\/\",\"actionableFeedbackPolicy\":\"https:\/\/talkpal.ai\/actionable-feedback-policy\/\",\"correctionsPolicy\":\"https:\/\/talkpal.ai\/corrections-policy\/\",\"ethicsPolicy\":\"https:\/\/talkpal.ai\/ethics-policy\/\",\"diversityPolicy\":\"https:\/\/talkpal.ai\/diversity-policy\/\",\"diversityStaffingReport\":\"https:\/\/talkpal.ai\/diversity-policy\/\"}]}<\/script>\n<!-- \/ Yoast SEO Premium plugin. -->","yoast_head_json":{"title":"Spansk grammatikk - Talkpal","description":"Forbedre dine ferdigheter i spansk grammatikk med interaktive \u00f8velser designet for alle ferdighetsniv\u00e5er. \u00d8v spansk effektivt!","robots":{"index":"index","follow":"follow","max-snippet":"max-snippet:-1","max-image-preview":"max-image-preview:large","max-video-preview":"max-video-preview:-1"},"canonical":"https:\/\/talkpal.ai\/no\/spansk-grammatikk\/","og_locale":"nb_NO","og_type":"article","og_title":"Spansk grammatikk","og_description":"En rask guide for \u00e5 l\u00e6re spansk grammatikk Hvis du noen gang har tenkt p\u00e5 \u00e5 l\u00e6re deg et nytt spr\u00e5k, er det stor sjanse for at du har tenkt p\u00e5 spansk. Som","og_url":"https:\/\/talkpal.ai\/no\/spansk-grammatikk\/","og_site_name":"Talkpal","article_publisher":"https:\/\/www.facebook.com\/profile.php?id=100090733639311","article_modified_time":"2025-05-22T18:50:32+00:00","og_image":[{"width":512,"height":512,"url":"https:\/\/talkpal.ai\/wp-content\/uploads\/2023\/03\/spain.png","type":"image\/png"}],"twitter_card":"summary_large_image","twitter_site":"@talkpalai","twitter_misc":{"Ansl. lesetid":"3 minutter"},"schema":{"@context":"https:\/\/schema.org","@graph":[{"@type":"WebPage","@id":"https:\/\/talkpal.ai\/no\/spansk-grammatikk\/","url":"https:\/\/talkpal.ai\/no\/spansk-grammatikk\/","name":"Spansk grammatikk - Talkpal","isPartOf":{"@id":"https:\/\/talkpal.ai\/no\/#website"},"primaryImageOfPage":{"@id":"https:\/\/talkpal.ai\/no\/spansk-grammatikk\/#primaryimage"},"image":{"@id":"https:\/\/talkpal.ai\/no\/spansk-grammatikk\/#primaryimage"},"thumbnailUrl":"https:\/\/talkpal.ai\/wp-content\/uploads\/2023\/03\/spain.png","datePublished":"2023-03-26T11:55:54+00:00","dateModified":"2025-05-22T18:50:32+00:00","description":"Forbedre dine ferdigheter i spansk grammatikk med interaktive \u00f8velser designet for alle ferdighetsniv\u00e5er. \u00d8v spansk effektivt!","breadcrumb":{"@id":"https:\/\/talkpal.ai\/no\/spansk-grammatikk\/#breadcrumb"},"inLanguage":"nb-NO","potentialAction":[{"@type":"ReadAction","target":["https:\/\/talkpal.ai\/no\/spansk-grammatikk\/"]}]},{"@type":"ImageObject","inLanguage":"nb-NO","@id":"https:\/\/talkpal.ai\/no\/spansk-grammatikk\/#primaryimage","url":"https:\/\/talkpal.ai\/wp-content\/uploads\/2023\/03\/spain.png","contentUrl":"https:\/\/talkpal.ai\/wp-content\/uploads\/2023\/03\/spain.png","width":512,"height":512,"caption":"TalkPal AI learn Spanish"},{"@type":"BreadcrumbList","@id":"https:\/\/talkpal.ai\/no\/spansk-grammatikk\/#breadcrumb","itemListElement":[{"@type":"ListItem","position":1,"name":"Homepage","item":"https:\/\/talkpal.ai\/no\/"},{"@type":"ListItem","position":2,"name":"Spansk grammatikk"}]},{"@type":"WebSite","@id":"https:\/\/talkpal.ai\/no\/#website","url":"https:\/\/talkpal.ai\/no\/","name":"Talkpal","description":"AI Language Learning","publisher":{"@id":"https:\/\/talkpal.ai\/no\/#organization"},"alternateName":"Talkpal AI","potentialAction":[{"@type":"SearchAction","target":{"@type":"EntryPoint","urlTemplate":"https:\/\/talkpal.ai\/no\/?s={search_term_string}"},"query-input":{"@type":"PropertyValueSpecification","valueRequired":true,"valueName":"search_term_string"}}],"inLanguage":"nb-NO"},{"@type":"Organization","@id":"https:\/\/talkpal.ai\/no\/#organization","name":"Talkpal, Inc.","alternateName":"Talkpal AI","url":"https:\/\/talkpal.ai\/no\/","logo":{"@type":"ImageObject","inLanguage":"nb-NO","@id":"https:\/\/talkpal.ai\/no\/#\/schema\/logo\/image\/","url":"https:\/\/talkpal.ai\/wp-content\/uploads\/2024\/03\/Talkpal-Logo-Icon.png","contentUrl":"https:\/\/talkpal.ai\/wp-content\/uploads\/2024\/03\/Talkpal-Logo-Icon.png","width":2880,"height":2880,"caption":"Talkpal, Inc."},"image":{"@id":"https:\/\/talkpal.ai\/no\/#\/schema\/logo\/image\/"},"sameAs":["https:\/\/www.facebook.com\/profile.php?id=100090733639311","https:\/\/x.com\/talkpalai","https:\/\/www.linkedin.com\/company\/talkpal\/","https:\/\/www.youtube.com\/@TalkPal\/","https:\/\/www.tiktok.com\/@talkpal","https:\/\/www.instagram.com\/talkpal_ai\/","https:\/\/www.crunchbase.com\/organization\/talkpal-9cde","https:\/\/www.g2.com\/products\/talkpal-for-business\/","https:\/\/www.trustpilot.com\/review\/talkpal.ai","https:\/\/www.capterra.com\/p\/10006800\/TalkPal\/"],"description":"Talkpal is a language learning web and mobile education app, powered by the latest AI technologies, that provides engaging experiences to its customers in many different languages to help them improve their language skills. Users can chat about unlimited amount of topics with the app and use other modes to practice their language learning.","email":"support@talkpal.ai","legalName":"Talkpal, Inc.","foundingDate":"2023-04-03","duns":"118989042","numberOfEmployees":{"@type":"QuantitativeValue","minValue":"11","maxValue":"50"},"publishingPrinciples":"https:\/\/talkpal.ai\/publishing-principles\/","actionableFeedbackPolicy":"https:\/\/talkpal.ai\/actionable-feedback-policy\/","correctionsPolicy":"https:\/\/talkpal.ai\/corrections-policy\/","ethicsPolicy":"https:\/\/talkpal.ai\/ethics-policy\/","diversityPolicy":"https:\/\/talkpal.ai\/diversity-policy\/","diversityStaffingReport":"https:\/\/talkpal.ai\/diversity-policy\/"}]}},"_links":{"self":[{"href":"https:\/\/talkpal.ai\/no\/wp-json\/wp\/v2\/pages\/124446","targetHints":{"allow":["GET"]}}],"collection":[{"href":"https:\/\/talkpal.ai\/no\/wp-json\/wp\/v2\/pages"}],"about":[{"href":"https:\/\/talkpal.ai\/no\/wp-json\/wp\/v2\/types\/page"}],"author":[{"embeddable":true,"href":"https:\/\/talkpal.ai\/no\/wp-json\/wp\/v2\/users\/1"}],"replies":[{"embeddable":true,"href":"https:\/\/talkpal.ai\/no\/wp-json\/wp\/v2\/comments?post=124446"}],"version-history":[{"count":0,"href":"https:\/\/talkpal.ai\/no\/wp-json\/wp\/v2\/pages\/124446\/revisions"}],"wp:featuredmedia":[{"embeddable":true,"href":"https:\/\/talkpal.ai\/no\/wp-json\/wp\/v2\/media\/75282"}],"wp:attachment":[{"href":"https:\/\/talkpal.ai\/no\/wp-json\/wp\/v2\/media?parent=124446"}],"curies":[{"name":"wp","href":"https:\/\/api.w.org\/{rel}","templated":true}]}}