{"id":124137,"date":"2023-03-26T11:40:15","date_gmt":"2023-03-26T11:40:15","guid":{"rendered":"http:\/\/talkpal.ai\/tysk-grammatikk\/"},"modified":"2025-05-22T19:22:21","modified_gmt":"2025-05-22T19:22:21","slug":"tysk-grammatikk","status":"publish","type":"page","link":"https:\/\/talkpal.ai\/no\/tysk-grammatikk\/","title":{"rendered":"Tysk grammatikk"},"content":{"rendered":"\r\n\r\n\r\n<section class=\"languageChallengeSection\">\r\n    <div class=\"languageInfoWrapper\">\r\n        \r\n        <h1>Tysk grammatikk<\/h1>\r\n        <p>L\u00e5s opp strukturen i det tyske spr\u00e5ket ved \u00e5 beherske de grunnleggende grammatikkreglene. N\u00e5r du forst\u00e5r <a href=\"https:\/\/talkpal.ai\/no\/snakker-tysk\/\">tysk grammatikk<\/a>, kan du kommunisere med selvtillit og sette pris p\u00e5 den tyskspr\u00e5klige kulturens rikdom. Begynn \u00e5 <a href=\"https:\/\/talkpal.ai\/de\/wie-man-deutsch-lernt\/\">l\u00e6re tysk<\/a> <a href=\"https:\/\/talkpal.ai\/grammar\/\">grammatikk<\/a> i dag og ta ditt f\u00f8rste skritt mot flytende <a href=\"https:\/\/talkpal.ai\/learn-german\/\">tysk<\/a>!\n\n<\/p>\r\n\r\n                            <a class=\"getStartedHidden\" href=\"https:\/\/app.talkpal.ai\/no\/signup?lng=\">Kom i gang<\/a>\r\n        \r\n    <\/div>\r\n\r\n    <figure>\r\n    <img decoding=\"async\" width=\"768\" height=\"768\" src=\"https:\/\/talkpal.ai\/wp-content\/uploads\/2023\/06\/german-768x768.png\" class=\"languageImage no-lazy\" alt=\"Language learning for global networking\" fetchpriority=\"high\" sizes=\"(max-width: 768px) 150px, 768px\" srcset=\"https:\/\/talkpal.ai\/wp-content\/uploads\/2023\/06\/german-768x768.png 768w, https:\/\/talkpal.ai\/wp-content\/uploads\/2023\/06\/german-300x300.png 300w\" \/>\r\n    \r\n\r\n    <\/figure>\r\n\r\n            <a class=\"getStartedVisible\" href=\"https:\/\/app.talkpal.ai\/no\/signup?lng=\">Kom i gang<\/a>\r\n    \r\n<\/section>\r\n        <section class=\"grammarSection\">\r\n            <div class=\"grammarLinks\">\r\n                <a href=\"https:\/\/talkpal.ai\/no\/language\/adjektiver-tysk-grammatikk\/\">Adjektiver <\/a><a href=\"https:\/\/talkpal.ai\/no\/language\/adverb-tysk-grammatikk\/\">Adverb <\/a><a href=\"https:\/\/talkpal.ai\/no\/language\/deklinasjon-tysk-grammatikk\/\">Deklinasjon <\/a><a href=\"https:\/\/talkpal.ai\/no\/language\/preposisjoner-tysk-grammatikk\/\">Preposisjoner <\/a><a href=\"https:\/\/talkpal.ai\/no\/language\/pronomen-tysk-grammatikk\/\">Pronomen <\/a><a href=\"https:\/\/talkpal.ai\/no\/language\/setningsstruktur-tysk-grammatikk\/\">Setningsstruktur <\/a><a href=\"https:\/\/talkpal.ai\/no\/language\/substantiver-og-artikler-tysk-grammatikk\/\">Substantiver og artikler <\/a><a href=\"https:\/\/talkpal.ai\/no\/language\/tider-tysk-grammatikk\/\">Tider <\/a><a href=\"https:\/\/talkpal.ai\/no\/language\/verb-tysk-grammatikk\/\">Verb <\/a>            <\/div>\r\n        <\/section>\r\n    <section class=\"promotionalBanner\">\r\n    <p class=\"promotionalText\">Den mest effektive m\u00e5ten \u00e5 l\u00e6re et spr\u00e5k p\u00e5<\/p>\r\n    <a class=\"promotionalLink\" href=\"https:\/\/app.talkpal.ai\/no\/signup?lng=\">Pr\u00f8v Talkpal gratis<\/a>\r\n<\/section>\n<div class=\"wp-block-group pageContainerStyle\"><div class=\"wp-block-group__inner-container is-layout-constrained wp-block-group-is-layout-constrained\">\n<h2 class=\"wp-block-heading\" id=\"h-unraveling-the-intricacies-of-german-grammar\">\u00c5 n\u00f8ste opp forviklingene i tysk grammatikk<\/h2>\n\n\n\n<p>\u00c5 l\u00e6re tysk kan v\u00e6re en spennende og givende innsats. Ikke bare vil du kunne snakke med mer enn 130 millioner mennesker over hele verden, men du vil ogs\u00e5 f\u00e5 tilgang til et vell av litteratur, musikk og kulturhistorie. Som med <a href=\"https:\/\/talkpal.ai\/languages\/\">alle spr\u00e5k<\/a> krever det dedikasjon og t\u00e5lmodighet \u00e5 <a href=\"https:\/\/talkpal.ai\/locations\/language-courses-in-mestre\/\">mestre<\/a> tysk \u2013 spesielt n\u00e5r det kommer til grammatikk. Den gode nyheten er at mange aspekter av tysk grammatikk er ganske lik <a href=\"https:\/\/talkpal.ai\/no\/effektiv-engelskopplaering-laer-engelsk-raskt-og-enkelt\/\">engelsk grammatikk<\/a>, noe som gj\u00f8r det lettere for <a href=\"https:\/\/talkpal.ai\/english-speaking-course\/\">engelsktalende<\/a> \u00e5 vikle hodet rundt. I denne artikkelen skal vi ta for <a href=\"https:\/\/talkpal.ai\/locations\/language-courses-in-oss\/\">oss<\/a> noen av de viktigste trekkene ved tysk grammatikk, og gi deg nyttige tips og triks som kan hjelpe deg med \u00e5 mestre dette vakre og komplekse spr\u00e5ket.<\/p>\n\n\n\n<h3 class=\"wp-block-heading\" id=\"h-1-nouns-and-articles-get-your-cases-right\">1. Substantiv og artikler \u2013 F\u00e5 sakene dine riktig!<\/h3>\n\n\n\n<p>En av de f\u00f8rste hindringene for engelsktalende \u00e5 l\u00e6re tysk er \u00e5 forst\u00e5 de fire tilfellene: nominativ, akkusativ, dativ og genitiv. Hver kasus signaliserer en annen funksjon av et substantiv i en setning, for eksempel subjekt, direkte objekt eller indirekte objekt. I tillegg har tysk tre grammatiske kj\u00f8nn (maskulint, feminint og intetkj\u00f8nn), og artiklene for hvert kj\u00f8nn endres avhengig av tilfellet. H\u00f8res det forvirrende ut? Ikke v\u00e6r redd! Etter hvert som du blir mer kjent med tysk, vil du begynne \u00e5 gjenkjenne m\u00f8nstre og forutse hvilken kasus og hvilket kj\u00f8nn du skal bruke.<\/p>\n\n\n\n<p>Tips: Lag et diagram over de bestemte artiklene (der, die, das) og ubestemte artikler (ein, eine, ein) for hvert kj\u00f8nn og kasus. Husk disse f\u00f8rst, da de vil tjene som grunnlaget for \u00e5 forst\u00e5 tysk setningsstruktur.<\/p>\n\n\n\n<h3 class=\"wp-block-heading\" id=\"h-2-verbs-conjugate-and-dominate\">2. Verb \u2013 Konjuger og dominer!<\/h3>\n\n\n\n<p>P\u00e5 tysk er verb viktige ikke bare for \u00e5 uttrykke handling, men ogs\u00e5 for \u00e5 indikere anspenthet og stemning. Akkurat som engelsk, m\u00e5 tyske verb konjugeres for \u00e5 matche emnet for setningen. Imidlertid er det noen viktige forskjeller, inkludert bruken av vanlige (svake) og uregelmessige (sterke) verb, samt bruken av hjelpeverb for visse tider. Den gode nyheten er at noen aspekter ved tysk verbb\u00f8yning er enklere enn engelsk, for eksempel at man ikke trenger \u00e5 bruke &laquo;do&raquo; ved sp\u00f8rsm\u00e5l eller negasjoner.<\/p>\n\n\n\n<p>Tips: Begynn med \u00e5 mestre vanlig verbb\u00f8ying, og takle deretter de vanligste uregelmessige verbene. \u00d8v deg p\u00e5 \u00e5 bruke hjelpeverb i fortid og fremtid, s\u00e5 vil du snart kunne konstruere mer komplekse setninger.<\/p>\n\n\n\n<h3 class=\"wp-block-heading\" id=\"h-3-adjectives-show-your-agreement\">3. Adjektiver \u2013 Vis at du er enig!<\/h3>\n\n\n\n<p>N\u00e5r du bruker adjektiv for \u00e5 beskrive substantiv p\u00e5 tysk, er det viktig \u00e5 forst\u00e5 adjektivets bindeform. Det betyr at adjektivene m\u00e5 stemme overens med substantivets kj\u00f8nn og kasus. I noen tilfeller vil dette kreve at man legger til en endelse p\u00e5 adjektivet, basert p\u00e5 substantivets artikkel og kasus.<\/p>\n\n\n\n<p>Tips: Bruk artikkeldiagrammet fra tidligere for \u00e5 hjelpe deg med \u00e5 huske de riktige adjektivendelsene. N\u00e5r du \u00f8ver deg p\u00e5 \u00e5 bruke adjektiver i setninger, noter du avslutningsm\u00f8nstrene og hvordan de forholder seg til substantivets kj\u00f8nn og kasus.<\/p>\n\n\n\n<h3 class=\"wp-block-heading\" id=\"h-4-word-order-embrace-the-flexibility\">4. Ordrekkef\u00f8lge \u2013 Omfavn fleksibiliteten!<\/h3>\n\n\n\n<p>En av de mange gledene ved tysk grammatikk er dens fleksible ordrekkef\u00f8lge. I motsetning til engelsk, som generelt f\u00f8lger et strengt subjekt-verb-objekt-m\u00f8nster, kan tyske setninger variere i strukturen. N\u00f8kkelen er \u00e5 forst\u00e5 betydningen av verbets posisjon, som vanligvis kommer som nummer to i en hovedsetning og sist i en bisetning.<\/p>\n\n\n\n<p>Tips: For \u00e5 bli komfortabel med forskjellige ordrekkef\u00f8lgem\u00f8nstre, pr\u00f8v \u00e5 oversette enkle engelske setninger til tysk, og deretter omorganisere setningen mens du holder verbet p\u00e5 riktig plass. Dette vil hjelpe deg \u00e5 bli flinkere til \u00e5 lage nyanserte og uttrykksfulle setninger p\u00e5 tysk.<\/p>\n\n\n\n<h3 class=\"wp-block-heading\" id=\"h-5-prepositions-think-in-german\">5. Preposisjoner \u2013 Tenk p\u00e5 tysk!<\/h3>\n\n\n\n<p>Uten tvil den vanskeligste delen av \u00e5 l\u00e6re tysk grammatikk er \u00e5 mestre preposisjoner. Selv om preposisjoner finnes p\u00e5 engelsk og tjener et lignende form\u00e5l, er bruken av dem p\u00e5 tysk annerledes og krever ofte at du &laquo;tenker p\u00e5 tysk&raquo; for \u00e5 velge den riktige. For eksempel kan den engelske preposisjonen &laquo;in&raquo; oversettes til &laquo;in&raquo;, &laquo;an&raquo; eller &laquo;auf&raquo; p\u00e5 tysk, avhengig av konteksten.<\/p>\n\n\n\n<p>Tips: Lag flashcards med vanlige preposisjoner og deres engelske motstykker. \u00d8v p\u00e5 \u00e5 bruke dem i setninger og fokuser p\u00e5 de spesifikke kontekstene der hver preposisjon brukes.<\/p>\n\n\n\n<h3 class=\"wp-block-heading\" id=\"h-conclusion\">Konklusjon:<\/h3>\n\n\n\n<p>Tysk grammatikk kan virke skremmende til \u00e5 begynne med, men med dedikert trening, t\u00e5lmodighet og fokus p\u00e5 \u00e5 forst\u00e5 de underliggende reglene og m\u00f8nstrene, vil du snart kunne konstruere sofistikerte setninger med letthet. Ved \u00e5 forst\u00e5 forviklingene i tysk grammatikk, vil engelsktalende ikke bare forbedre sine spr\u00e5kkunnskaper, men ogs\u00e5 utvikle en nyvunnet forst\u00e5else for dette vakre og komplekse spr\u00e5ket. N\u00e5, auf geht&#8217;s! P\u00e5 tide \u00e5 dykke inn i en verden av tysk grammatikk og frigj\u00f8re ditt fulle spr\u00e5kl\u00e6ringspotensial.<\/p>\n<\/div><\/div>\n\r\n<section class=\"learnNavigationSection\">\r\n            \r\n        <a href=\"https:\/\/talkpal.ai\/no\/laer-tysk\/\">\r\n            <div class=\"learnNavigationWrapper\">\r\n                <div class=\"learnNavigationContent\">\r\n                    <img decoding=\"async\" src=\"https:\/\/talkpal.ai\/wp-content\/uploads\/2024\/08\/German.jpg\" alt=\"German Flag\">\r\n                    <div>\r\n                        <h4>Om tyskoppl\u00e6ring<\/h4>\r\n                        <p>Finn ut alt om tysk grammatikk.<\/p>\r\n                    <\/div>\r\n                <\/div>\r\n            <\/div>\r\n        <\/a>\r\n\r\n        \r\n        <a href=\"https:\/\/talkpal.ai\/no\/tyske-grammatikkovelser\/\">\r\n            <div class=\"learnNavigationWrapper\">\r\n                <div class=\"learnNavigationContent\">\r\n                    <img decoding=\"async\" src=\"https:\/\/talkpal.ai\/wp-content\/uploads\/2024\/08\/German.jpg\" alt=\"German Flag\">\r\n                    <div>\r\n                        <h4>Tysk grammatikk\u00f8velse<\/h4>\r\n                        <p>\u00d8v p\u00e5 tysk grammatikk.<\/p>\r\n                    <\/div>\r\n                <\/div>\r\n            <\/div>\r\n        <\/a>\r\n\r\n        \r\n        <a href=\"https:\/\/talkpal.ai\/vocabulary_language\/german\/\">\r\n            <div class=\"learnNavigationWrapper\">\r\n                <div class=\"learnNavigationContent\">\r\n                    <img decoding=\"async\" src=\"https:\/\/talkpal.ai\/wp-content\/uploads\/2024\/08\/German.jpg\" alt=\"German Flag\">\r\n                    <div>\r\n                        <h4>Tysk ordforr\u00e5d<\/h4>\r\n                        <p>Utvid det tyske ordforr\u00e5det ditt.<\/p>\r\n                    <\/div>\r\n                <\/div>\r\n            <\/div>\r\n        <\/a>\r\n\r\n            <\/section>","protected":false},"excerpt":{"rendered":"<p>\u00c5 n\u00f8ste opp forviklingene i tysk grammatikk \u00c5 l\u00e6re tysk kan v\u00e6re en spennende og givende innsats. Ikke bare vil du kunne snakke med mer enn 130 millioner mennesker over hele verden, men du vil ogs\u00e5 f\u00e5 tilgang til et vell av litteratur, musikk og kulturhistorie. Som med alle spr\u00e5k krever det dedikasjon og t\u00e5lmodighet [&hellip;]<\/p>\n","protected":false},"author":1,"featured_media":75520,"parent":0,"menu_order":0,"comment_status":"closed","ping_status":"closed","template":"LearningContentPage.php","meta":{"_acf_changed":false,"footnotes":""},"class_list":["post-124137","page","type-page","status-publish","has-post-thumbnail","hentry"],"acf":[],"yoast_head":"<!-- This site is optimized with the Yoast SEO Premium plugin v27.2 (Yoast SEO v27.2) - https:\/\/yoast.com\/product\/yoast-seo-premium-wordpress\/ -->\n<title>Tysk grammatikk - Talkpal<\/title>\n<meta name=\"description\" content=\"L\u00e6r tysk grammatikk p\u00e5 en enkel m\u00e5te - forst\u00e5 viktige regler, \u00f8v p\u00e5 setningsbygging og snakk tydelig med Talkpal&#039;s AI-veiledet st\u00f8tte.\" \/>\n<meta name=\"robots\" content=\"index, follow, max-snippet:-1, max-image-preview:large, max-video-preview:-1\" \/>\n<link rel=\"canonical\" href=\"https:\/\/talkpal.ai\/no\/tysk-grammatikk\/\" \/>\n<meta property=\"og:locale\" content=\"nb_NO\" \/>\n<meta property=\"og:type\" content=\"article\" \/>\n<meta property=\"og:title\" content=\"Tysk grammatikk\" \/>\n<meta property=\"og:description\" content=\"\u00c5 n\u00f8ste opp forviklingene i tysk grammatikk \u00c5 l\u00e6re tysk kan v\u00e6re en spennende og givende innsats. Ikke bare vil du kunne snakke med mer enn 130 millioner\" \/>\n<meta property=\"og:url\" content=\"https:\/\/talkpal.ai\/no\/tysk-grammatikk\/\" \/>\n<meta property=\"og:site_name\" content=\"Talkpal\" \/>\n<meta property=\"article:publisher\" content=\"https:\/\/www.facebook.com\/profile.php?id=100090733639311\" \/>\n<meta property=\"article:modified_time\" content=\"2025-05-22T19:22:21+00:00\" \/>\n<meta property=\"og:image\" content=\"https:\/\/talkpal.ai\/wp-content\/uploads\/2023\/03\/germany.png\" \/>\n\t<meta property=\"og:image:width\" content=\"512\" \/>\n\t<meta property=\"og:image:height\" content=\"512\" \/>\n\t<meta property=\"og:image:type\" content=\"image\/png\" \/>\n<meta name=\"twitter:card\" content=\"summary_large_image\" \/>\n<meta name=\"twitter:site\" content=\"@talkpalai\" \/>\n<meta name=\"twitter:label1\" content=\"Ansl. lesetid\" \/>\n\t<meta name=\"twitter:data1\" content=\"4 minutter\" \/>\n<script type=\"application\/ld+json\" class=\"yoast-schema-graph\">{\"@context\":\"https:\/\/schema.org\",\"@graph\":[{\"@type\":\"WebPage\",\"@id\":\"https:\/\/talkpal.ai\/no\/tysk-grammatikk\/\",\"url\":\"https:\/\/talkpal.ai\/no\/tysk-grammatikk\/\",\"name\":\"Tysk grammatikk - Talkpal\",\"isPartOf\":{\"@id\":\"https:\/\/talkpal.ai\/no\/#website\"},\"primaryImageOfPage\":{\"@id\":\"https:\/\/talkpal.ai\/no\/tysk-grammatikk\/#primaryimage\"},\"image\":{\"@id\":\"https:\/\/talkpal.ai\/no\/tysk-grammatikk\/#primaryimage\"},\"thumbnailUrl\":\"https:\/\/talkpal.ai\/wp-content\/uploads\/2023\/03\/germany.png\",\"datePublished\":\"2023-03-26T11:40:15+00:00\",\"dateModified\":\"2025-05-22T19:22:21+00:00\",\"description\":\"L\u00e6r tysk grammatikk p\u00e5 en enkel m\u00e5te - forst\u00e5 viktige regler, \u00f8v p\u00e5 setningsbygging og snakk tydelig med Talkpal's AI-veiledet st\u00f8tte.\",\"breadcrumb\":{\"@id\":\"https:\/\/talkpal.ai\/no\/tysk-grammatikk\/#breadcrumb\"},\"inLanguage\":\"nb-NO\",\"potentialAction\":[{\"@type\":\"ReadAction\",\"target\":[\"https:\/\/talkpal.ai\/no\/tysk-grammatikk\/\"]}]},{\"@type\":\"ImageObject\",\"inLanguage\":\"nb-NO\",\"@id\":\"https:\/\/talkpal.ai\/no\/tysk-grammatikk\/#primaryimage\",\"url\":\"https:\/\/talkpal.ai\/wp-content\/uploads\/2023\/03\/germany.png\",\"contentUrl\":\"https:\/\/talkpal.ai\/wp-content\/uploads\/2023\/03\/germany.png\",\"width\":512,\"height\":512,\"caption\":\"TalkPal AI learn German\"},{\"@type\":\"BreadcrumbList\",\"@id\":\"https:\/\/talkpal.ai\/no\/tysk-grammatikk\/#breadcrumb\",\"itemListElement\":[{\"@type\":\"ListItem\",\"position\":1,\"name\":\"Homepage\",\"item\":\"https:\/\/talkpal.ai\/no\/\"},{\"@type\":\"ListItem\",\"position\":2,\"name\":\"Tysk grammatikk\"}]},{\"@type\":\"WebSite\",\"@id\":\"https:\/\/talkpal.ai\/no\/#website\",\"url\":\"https:\/\/talkpal.ai\/no\/\",\"name\":\"Talkpal\",\"description\":\"AI Language Learning\",\"publisher\":{\"@id\":\"https:\/\/talkpal.ai\/no\/#organization\"},\"alternateName\":\"Talkpal AI\",\"potentialAction\":[{\"@type\":\"SearchAction\",\"target\":{\"@type\":\"EntryPoint\",\"urlTemplate\":\"https:\/\/talkpal.ai\/no\/?s={search_term_string}\"},\"query-input\":{\"@type\":\"PropertyValueSpecification\",\"valueRequired\":true,\"valueName\":\"search_term_string\"}}],\"inLanguage\":\"nb-NO\"},{\"@type\":\"Organization\",\"@id\":\"https:\/\/talkpal.ai\/no\/#organization\",\"name\":\"Talkpal, Inc.\",\"alternateName\":\"Talkpal AI\",\"url\":\"https:\/\/talkpal.ai\/no\/\",\"logo\":{\"@type\":\"ImageObject\",\"inLanguage\":\"nb-NO\",\"@id\":\"https:\/\/talkpal.ai\/no\/#\/schema\/logo\/image\/\",\"url\":\"https:\/\/talkpal.ai\/wp-content\/uploads\/2024\/03\/Talkpal-Logo-Icon.png\",\"contentUrl\":\"https:\/\/talkpal.ai\/wp-content\/uploads\/2024\/03\/Talkpal-Logo-Icon.png\",\"width\":2880,\"height\":2880,\"caption\":\"Talkpal, Inc.\"},\"image\":{\"@id\":\"https:\/\/talkpal.ai\/no\/#\/schema\/logo\/image\/\"},\"sameAs\":[\"https:\/\/www.facebook.com\/profile.php?id=100090733639311\",\"https:\/\/x.com\/talkpalai\",\"https:\/\/www.linkedin.com\/company\/talkpal\/\",\"https:\/\/www.youtube.com\/@TalkPal\/\",\"https:\/\/www.tiktok.com\/@talkpal\",\"https:\/\/www.instagram.com\/talkpal_ai\/\",\"https:\/\/www.crunchbase.com\/organization\/talkpal-9cde\",\"https:\/\/www.g2.com\/products\/talkpal-for-business\/\",\"https:\/\/www.trustpilot.com\/review\/talkpal.ai\",\"https:\/\/www.capterra.com\/p\/10006800\/TalkPal\/\"],\"description\":\"Talkpal is a language learning web and mobile education app, powered by the latest AI technologies, that provides engaging experiences to its customers in many different languages to help them improve their language skills. Users can chat about unlimited amount of topics with the app and use other modes to practice their language learning.\",\"email\":\"support@talkpal.ai\",\"legalName\":\"Talkpal, Inc.\",\"foundingDate\":\"2023-04-03\",\"duns\":\"118989042\",\"numberOfEmployees\":{\"@type\":\"QuantitativeValue\",\"minValue\":\"11\",\"maxValue\":\"50\"},\"publishingPrinciples\":\"https:\/\/talkpal.ai\/publishing-principles\/\",\"actionableFeedbackPolicy\":\"https:\/\/talkpal.ai\/actionable-feedback-policy\/\",\"correctionsPolicy\":\"https:\/\/talkpal.ai\/corrections-policy\/\",\"ethicsPolicy\":\"https:\/\/talkpal.ai\/ethics-policy\/\",\"diversityPolicy\":\"https:\/\/talkpal.ai\/diversity-policy\/\",\"diversityStaffingReport\":\"https:\/\/talkpal.ai\/diversity-policy\/\"}]}<\/script>\n<!-- \/ Yoast SEO Premium plugin. -->","yoast_head_json":{"title":"Tysk grammatikk - Talkpal","description":"L\u00e6r tysk grammatikk p\u00e5 en enkel m\u00e5te - forst\u00e5 viktige regler, \u00f8v p\u00e5 setningsbygging og snakk tydelig med Talkpal's AI-veiledet st\u00f8tte.","robots":{"index":"index","follow":"follow","max-snippet":"max-snippet:-1","max-image-preview":"max-image-preview:large","max-video-preview":"max-video-preview:-1"},"canonical":"https:\/\/talkpal.ai\/no\/tysk-grammatikk\/","og_locale":"nb_NO","og_type":"article","og_title":"Tysk grammatikk","og_description":"\u00c5 n\u00f8ste opp forviklingene i tysk grammatikk \u00c5 l\u00e6re tysk kan v\u00e6re en spennende og givende innsats. Ikke bare vil du kunne snakke med mer enn 130 millioner","og_url":"https:\/\/talkpal.ai\/no\/tysk-grammatikk\/","og_site_name":"Talkpal","article_publisher":"https:\/\/www.facebook.com\/profile.php?id=100090733639311","article_modified_time":"2025-05-22T19:22:21+00:00","og_image":[{"width":512,"height":512,"url":"https:\/\/talkpal.ai\/wp-content\/uploads\/2023\/03\/germany.png","type":"image\/png"}],"twitter_card":"summary_large_image","twitter_site":"@talkpalai","twitter_misc":{"Ansl. lesetid":"4 minutter"},"schema":{"@context":"https:\/\/schema.org","@graph":[{"@type":"WebPage","@id":"https:\/\/talkpal.ai\/no\/tysk-grammatikk\/","url":"https:\/\/talkpal.ai\/no\/tysk-grammatikk\/","name":"Tysk grammatikk - Talkpal","isPartOf":{"@id":"https:\/\/talkpal.ai\/no\/#website"},"primaryImageOfPage":{"@id":"https:\/\/talkpal.ai\/no\/tysk-grammatikk\/#primaryimage"},"image":{"@id":"https:\/\/talkpal.ai\/no\/tysk-grammatikk\/#primaryimage"},"thumbnailUrl":"https:\/\/talkpal.ai\/wp-content\/uploads\/2023\/03\/germany.png","datePublished":"2023-03-26T11:40:15+00:00","dateModified":"2025-05-22T19:22:21+00:00","description":"L\u00e6r tysk grammatikk p\u00e5 en enkel m\u00e5te - forst\u00e5 viktige regler, \u00f8v p\u00e5 setningsbygging og snakk tydelig med Talkpal's AI-veiledet st\u00f8tte.","breadcrumb":{"@id":"https:\/\/talkpal.ai\/no\/tysk-grammatikk\/#breadcrumb"},"inLanguage":"nb-NO","potentialAction":[{"@type":"ReadAction","target":["https:\/\/talkpal.ai\/no\/tysk-grammatikk\/"]}]},{"@type":"ImageObject","inLanguage":"nb-NO","@id":"https:\/\/talkpal.ai\/no\/tysk-grammatikk\/#primaryimage","url":"https:\/\/talkpal.ai\/wp-content\/uploads\/2023\/03\/germany.png","contentUrl":"https:\/\/talkpal.ai\/wp-content\/uploads\/2023\/03\/germany.png","width":512,"height":512,"caption":"TalkPal AI learn German"},{"@type":"BreadcrumbList","@id":"https:\/\/talkpal.ai\/no\/tysk-grammatikk\/#breadcrumb","itemListElement":[{"@type":"ListItem","position":1,"name":"Homepage","item":"https:\/\/talkpal.ai\/no\/"},{"@type":"ListItem","position":2,"name":"Tysk grammatikk"}]},{"@type":"WebSite","@id":"https:\/\/talkpal.ai\/no\/#website","url":"https:\/\/talkpal.ai\/no\/","name":"Talkpal","description":"AI Language Learning","publisher":{"@id":"https:\/\/talkpal.ai\/no\/#organization"},"alternateName":"Talkpal AI","potentialAction":[{"@type":"SearchAction","target":{"@type":"EntryPoint","urlTemplate":"https:\/\/talkpal.ai\/no\/?s={search_term_string}"},"query-input":{"@type":"PropertyValueSpecification","valueRequired":true,"valueName":"search_term_string"}}],"inLanguage":"nb-NO"},{"@type":"Organization","@id":"https:\/\/talkpal.ai\/no\/#organization","name":"Talkpal, Inc.","alternateName":"Talkpal AI","url":"https:\/\/talkpal.ai\/no\/","logo":{"@type":"ImageObject","inLanguage":"nb-NO","@id":"https:\/\/talkpal.ai\/no\/#\/schema\/logo\/image\/","url":"https:\/\/talkpal.ai\/wp-content\/uploads\/2024\/03\/Talkpal-Logo-Icon.png","contentUrl":"https:\/\/talkpal.ai\/wp-content\/uploads\/2024\/03\/Talkpal-Logo-Icon.png","width":2880,"height":2880,"caption":"Talkpal, Inc."},"image":{"@id":"https:\/\/talkpal.ai\/no\/#\/schema\/logo\/image\/"},"sameAs":["https:\/\/www.facebook.com\/profile.php?id=100090733639311","https:\/\/x.com\/talkpalai","https:\/\/www.linkedin.com\/company\/talkpal\/","https:\/\/www.youtube.com\/@TalkPal\/","https:\/\/www.tiktok.com\/@talkpal","https:\/\/www.instagram.com\/talkpal_ai\/","https:\/\/www.crunchbase.com\/organization\/talkpal-9cde","https:\/\/www.g2.com\/products\/talkpal-for-business\/","https:\/\/www.trustpilot.com\/review\/talkpal.ai","https:\/\/www.capterra.com\/p\/10006800\/TalkPal\/"],"description":"Talkpal is a language learning web and mobile education app, powered by the latest AI technologies, that provides engaging experiences to its customers in many different languages to help them improve their language skills. Users can chat about unlimited amount of topics with the app and use other modes to practice their language learning.","email":"support@talkpal.ai","legalName":"Talkpal, Inc.","foundingDate":"2023-04-03","duns":"118989042","numberOfEmployees":{"@type":"QuantitativeValue","minValue":"11","maxValue":"50"},"publishingPrinciples":"https:\/\/talkpal.ai\/publishing-principles\/","actionableFeedbackPolicy":"https:\/\/talkpal.ai\/actionable-feedback-policy\/","correctionsPolicy":"https:\/\/talkpal.ai\/corrections-policy\/","ethicsPolicy":"https:\/\/talkpal.ai\/ethics-policy\/","diversityPolicy":"https:\/\/talkpal.ai\/diversity-policy\/","diversityStaffingReport":"https:\/\/talkpal.ai\/diversity-policy\/"}]}},"_links":{"self":[{"href":"https:\/\/talkpal.ai\/no\/wp-json\/wp\/v2\/pages\/124137","targetHints":{"allow":["GET"]}}],"collection":[{"href":"https:\/\/talkpal.ai\/no\/wp-json\/wp\/v2\/pages"}],"about":[{"href":"https:\/\/talkpal.ai\/no\/wp-json\/wp\/v2\/types\/page"}],"author":[{"embeddable":true,"href":"https:\/\/talkpal.ai\/no\/wp-json\/wp\/v2\/users\/1"}],"replies":[{"embeddable":true,"href":"https:\/\/talkpal.ai\/no\/wp-json\/wp\/v2\/comments?post=124137"}],"version-history":[{"count":0,"href":"https:\/\/talkpal.ai\/no\/wp-json\/wp\/v2\/pages\/124137\/revisions"}],"wp:featuredmedia":[{"embeddable":true,"href":"https:\/\/talkpal.ai\/no\/wp-json\/wp\/v2\/media\/75520"}],"wp:attachment":[{"href":"https:\/\/talkpal.ai\/no\/wp-json\/wp\/v2\/media?parent=124137"}],"curies":[{"name":"wp","href":"https:\/\/api.w.org\/{rel}","templated":true}]}}