{"id":91371,"date":"2023-03-26T11:55:54","date_gmt":"2023-03-26T11:55:54","guid":{"rendered":"http:\/\/talkpal.ai\/spaanse-grammatica\/"},"modified":"2025-05-22T18:51:49","modified_gmt":"2025-05-22T18:51:49","slug":"spaanse-grammatica","status":"publish","type":"page","link":"https:\/\/talkpal.ai\/nl\/spaanse-grammatica\/","title":{"rendered":"Spaanse grammatica"},"content":{"rendered":"\r\n\r\n\r\n<section class=\"languageChallengeSection\">\r\n    <div class=\"languageInfoWrapper\">\r\n        \r\n        <h1>Spaanse grammatica<\/h1>\r\n        <p>Duik in de levendige wereld <a href=\"https:\/\/talkpal.ai\/locations\/language-courses-in-van\/\">van<\/a> het <a href=\"https:\/\/talkpal.ai\/learn-spanish\/\">Spaans<\/a> door de essenti\u00eble grammaticaregels onder de knie te krijgen. Als je de <a href=\"https:\/\/talkpal.ai\/nl\/grammar\/perfecto-in-spaanse-grammatica\/\">Spaanse grammatica<\/a> begrijpt, kun je zelfverzekerd communiceren en nieuwe contacten leggen met miljoenen sprekers over de hele wereld. Begin vandaag nog met het leren van Spaanse <a href=\"https:\/\/talkpal.ai\/grammar\/\">grammatica<\/a> en zet je eerste stap op weg naar vloeiendheid!<\/p>\r\n\r\n                            <a class=\"getStartedHidden\" href=\"https:\/\/app.talkpal.ai\/nl\/signup?lng=\">Ga aan de slag<\/a>\r\n        \r\n    <\/div>\r\n\r\n    <figure>\r\n    <img decoding=\"async\" width=\"768\" height=\"768\" src=\"https:\/\/talkpal.ai\/wp-content\/uploads\/2023\/06\/Spanish-768x768.png\" class=\"languageImage no-lazy\" alt=\"Default alt text\" fetchpriority=\"high\" sizes=\"(max-width: 768px) 150px, 768px\" srcset=\"https:\/\/talkpal.ai\/wp-content\/uploads\/2023\/06\/Spanish-768x768.png 768w, https:\/\/talkpal.ai\/wp-content\/uploads\/2023\/06\/Spanish-300x300.png 300w\" \/>\r\n    \r\n\r\n    <\/figure>\r\n\r\n            <a class=\"getStartedVisible\" href=\"https:\/\/app.talkpal.ai\/nl\/signup?lng=\">Ga aan de slag<\/a>\r\n    \r\n<\/section>\r\n        <section class=\"grammarSection\">\r\n            <div class=\"grammarLinks\">\r\n                <a href=\"https:\/\/talkpal.ai\/nl\/language\/aanvoegende-wijs-spaanse-grammatica\/\">Aanvoegende wijs <\/a><a href=\"https:\/\/talkpal.ai\/nl\/language\/artikelen-spaanse-grammatica\/\">Artikelen <\/a><a href=\"https:\/\/talkpal.ai\/nl\/language\/bijvoeglijke-naamwoorden-spaanse-grammatica\/\">Bijvoeglijke naamwoorden <\/a><a href=\"https:\/\/talkpal.ai\/nl\/language\/bijwoorden-spaanse-grammatica\/\">Bijwoorden <\/a><a href=\"https:\/\/talkpal.ai\/nl\/language\/tijden-indicatief-spaanse-grammatica\/\">Tijden Indicatief <\/a><a href=\"https:\/\/talkpal.ai\/nl\/language\/voornaamwoorden-spaanse-grammatica\/\">Voornaamwoorden <\/a><a href=\"https:\/\/talkpal.ai\/nl\/language\/voorzetsels-spaanse-grammatica\/\">Voorzetsels <\/a><a href=\"https:\/\/talkpal.ai\/nl\/language\/werkwoorden-spaanse-grammatica\/\">Werkwoorden <\/a><a href=\"https:\/\/talkpal.ai\/nl\/language\/zelfstandige-naamwoorden-spaanse-grammatica\/\">Zelfstandige naamwoorden <\/a><a href=\"https:\/\/talkpal.ai\/nl\/language\/zinsbouw-spaanse-grammatica\/\">Zinsbouw <\/a>            <\/div>\r\n        <\/section>\r\n    <section class=\"promotionalBanner\">\r\n    <p class=\"promotionalText\"><\/p>\r\n    <a class=\"promotionalLink\" href=\"https:\/\/app.talkpal.ai\/nl\/signup?lng=\"><\/a>\r\n<\/section>\n<div class=\"wp-block-group pageContainerStyle\"><div class=\"wp-block-group__inner-container is-layout-constrained wp-block-group-is-layout-constrained\">\n<h2 class=\"wp-block-heading\" id=\"h-a-quick-guide-to-learning-spanish-grammar\">Een beknopte handleiding voor het leren van Spaanse grammatica<\/h2>\n\n\n\n<p>Als je er ooit aan hebt gedacht om een nieuwe taal te leren, is de kans groot dat je aan Spaans hebt gedacht. Als een van de <a href=\"https:\/\/talkpal.ai\/the-10-most-spoken-languages-in-the-world\/\">meest gesproken talen<\/a> ter wereld biedt Spaans tal van voordelen voor persoonlijke en professionele groei. <a href=\"https:\/\/talkpal.ai\/nl\/online-spaans-leren\/\">Spaans leren<\/a> geeft je niet alleen toegang tot nieuwe culturen, maar verbetert ook je communicatieve vaardigheden. Hoewel veel mensen bang zijn om verstrikt te raken in grammaticaregels, kun je opgelucht ademhalen, want de Spaanse grammatica is relatief eenvoudig. In dit artikel geven we je een korte handleiding om je te helpen als een pro door de spannende wereld van de Spaanse grammatica te navigeren!<\/p>\n\n\n\n<h3 class=\"wp-block-heading\" id=\"h-1-understanding-spanish-nouns-and-articles\">1. Spaanse zelfstandige naamwoorden en lidwoorden begrijpen<\/h3>\n\n\n\n<p>Spaanse <a href=\"https:\/\/talkpal.ai\/nl\/grammar\/overeenkomst-met-zelfstandige-naamwoorden-geslacht-en-getal-in-authentieke-grammatica\/\">zelfstandige naamwoorden<\/a> worden, net als in het Engels, gebruikt om mensen, plaatsen, objecten, idee\u00ebn en gevoelens te identificeren. De eerste regel om te onthouden over Spaanse zelfstandige naamwoorden is dat ze geslacht hebben. Spaanse zelfstandige naamwoorden zijn mannelijk of vrouwelijk. Bijvoorbeeld, &#8216;libro&#8217; (boek) is mannelijk, en &#8216;casa&#8217; (huis) is vrouwelijk. Zelfstandige naamwoorden die eindigen op &#8216;o&#8217; zijn vaak mannelijk, terwijl zelfstandige naamwoorden die eindigen op &#8216;a&#8217; vrouwelijk zijn.<\/p>\n\n\n\n<p>Spaanse lidwoorden zijn vergelijkbaar met het Engelse &#8217;the&#8217;, &#8216;a&#8217; of &#8216;an&#8217;. Ze zijn een cruciaal onderdeel van de taal omdat ze het eens moeten zijn met het geslacht en het nummer van het zelfstandig naamwoord dat ze beschrijven. Er zijn vier soorten Spaanse artikelen:<\/p>\n\n\n\n<p>&#8211; <strong>Bepaalde lidwoorden:<\/strong> el (mannelijk enkelvoud), la (vrouwelijk enkelvoud), los (mannelijk meervoud) en las (vrouwelijk meervoud).<br\/>&#8211; <strong>Onbepaalde lidwoorden:<\/strong> un (a\/een mannelijk enkelvoud), una (a\/een vrouwelijk enkelvoud), unos (sommige mannelijke meervouden), en unas (sommige vrouwelijke meervouden).<\/p>\n\n\n\n<h3 class=\"wp-block-heading\" id=\"h-2-slaying-spanish-verbs-conjugation-and-tenses\">2. Spaanse werkwoorden doden: vervoeging en tijden<\/h3>\n\n\n\n<p>Een van de belangrijkste aspecten van het leren van de Spaanse grammatica is het begrijpen van werkwoordvervoeging. Conjugeren betekent simpelweg het veranderen van de stamvorm van een werkwoord om het aan te passen aan het onderwerp en de tijd. In het Spaans zeg je bijvoorbeeld &#8216;Yo como&#8217; (ik eet) en &#8216;\u00e9l come&#8217; (hij eet). Merk op dat het werkwoord comer (eten) van vorm verandert als je van onderwerp verandert.<\/p>\n\n\n\n<p><strong>Enkele veel voorkomende regelmatige werkwoorden in het Spaans zijn:<\/strong><\/p>\n\n\n\n<p>&#8211; AR werkwoorden: hablar (spreken), amar (liefhebben) en bailar (dansen).<br\/>&#8211; ER werkwoorden: comer (eten), aprender (leren) en vender (verkopen).<br\/>&#8211; IR werkwoorden: vivir (leven), escribir (schrijven) en descubrir (ontdekken).<\/p>\n\n\n\n<p>Net als in het Engels heeft het Spaans meerdere werkwoordstijden om het tijdstip aan te duiden waarop een actie plaatsvindt. De meest fundamentele zijn:<\/p>\n\n\n\n<p><strong>&#8211; Aanwezig<\/strong><br\/><strong>&#8211; Preteritatief<\/strong><br\/><strong>&#8211; Onvolmaakt<\/strong><br\/><strong>&#8211; Toekomst<\/strong><br\/><strong>&#8211; Voorwaardelijk<\/strong><br\/><strong>&#8211; Tegenwoordige aanvoegende wijs<\/strong><br\/><strong>&#8211; Imperfecte aanvoegende wijs<\/strong><\/p>\n\n\n\n<p>Maak je geen zorgen over het leren van alle werkwoordstijden tegelijk. Pak ze \u00e9\u00e9n voor \u00e9\u00e9n aan en oefen tot je je er goed bij voelt.<\/p>\n\n\n\n<h3 class=\"wp-block-heading\" id=\"h-3-creating-sentences-with-spanish-adjectives-and-adverbs\">3. Zinnen maken met Spaanse bijvoeglijke naamwoorden en bijwoorden<\/h3>\n\n\n\n<p>Bijvoeglijke naamwoorden en bijwoorden spelen een essenti\u00eble rol bij het opfleuren van uw Spaanse zinnen. Bijvoeglijke naamwoorden beschrijven kwaliteiten of kenmerken van zelfstandige naamwoorden, terwijl bijwoorden acties of werkwoorden beschrijven. In het Spaans moeten bijvoeglijke naamwoorden overeenkomen met het zelfstandig naamwoord dat ze beschrijven, zowel in geslacht als in aantal.<\/p>\n\n\n\n<p>Een belangrijk verschil tussen Spaans en Engels is de volgorde van de bijvoeglijke naamwoorden. Spaanse bijvoeglijke naamwoorden komen meestal na het zelfstandig naamwoord, bijvoorbeeld &#8216;un coche rojo&#8217; (een rode auto).<\/p>\n\n\n\n<p>Spaanse bijwoorden daarentegen veranderen nooit voor geslacht of nummer. Net als in het Engels komen bijwoorden meestal na het werkwoord dat ze veranderen, bijvoorbeeld &#8216;Ella habla r\u00e1pidamente&#8217; (Ze spreekt snel).<\/p>\n\n\n\n<h3 class=\"wp-block-heading\" id=\"h-conclusion\">Conclusie<\/h3>\n\n\n\n<p>Spaanse grammatica hoeft je niet bang te maken! Toegegeven, het vereist oefening, maar als je deze eenvoudige richtlijnen volgt, ben je al een heel eind op weg om een uitstekende Spaanse spreker te worden. Vergeet niet om altijd op een leuke, gemoedelijke manier met de taal om te gaan, terwijl je zelfstandige naamwoorden, werkwoorden, bijvoeglijke naamwoorden en bijwoorden verkent. Blijf oefenen, omarm de cultuur en laat je Spaanse reis zich ontvouwen. Duena suerte!<\/p>\n<\/div><\/div>\n\r\n<section class=\"learnNavigationSection\">\r\n            \r\n        <a href=\"https:\/\/talkpal.ai\/nl\/spaans-leren\/\">\r\n            <div class=\"learnNavigationWrapper\">\r\n                <div class=\"learnNavigationContent\">\r\n                    <img decoding=\"async\" src=\"https:\/\/talkpal.ai\/wp-content\/uploads\/2024\/08\/Spanish.jpg\" alt=\"Spanish Flag\">\r\n                    <div>\r\n                        <h4>Over Spaans Leren<\/h4>\r\n                        <p>Ontdek alles over Spaanse grammatica.<\/p>\r\n                    <\/div>\r\n                <\/div>\r\n            <\/div>\r\n        <\/a>\r\n\r\n        \r\n        <a href=\"https:\/\/talkpal.ai\/nl\/spaanse-grammatica-oefeningen\/\">\r\n            <div class=\"learnNavigationWrapper\">\r\n                <div class=\"learnNavigationContent\">\r\n                    <img decoding=\"async\" src=\"https:\/\/talkpal.ai\/wp-content\/uploads\/2024\/08\/Spanish.jpg\" alt=\"Spanish Flag\">\r\n                    <div>\r\n                        <h4>Grammatica-oefening Spaans<\/h4>\r\n                        <p>Oefen de Spaanse grammatica.<\/p>\r\n                    <\/div>\r\n                <\/div>\r\n            <\/div>\r\n        <\/a>\r\n\r\n        \r\n        <a href=\"https:\/\/talkpal.ai\/vocabulary_language\/spanish\/\">\r\n            <div class=\"learnNavigationWrapper\">\r\n                <div class=\"learnNavigationContent\">\r\n                    <img decoding=\"async\" src=\"https:\/\/talkpal.ai\/wp-content\/uploads\/2024\/08\/Spanish.jpg\" alt=\"Spanish Flag\">\r\n                    <div>\r\n                        <h4>Spaanse woordenschat<\/h4>\r\n                        <p>Breid je Spaanse woordenschat uit.<\/p>\r\n                    <\/div>\r\n                <\/div>\r\n            <\/div>\r\n        <\/a>\r\n\r\n            <\/section>","protected":false},"excerpt":{"rendered":"<p>Een beknopte handleiding voor het leren van Spaanse grammatica Als je er ooit aan hebt gedacht om een nieuwe taal te leren, is de kans groot dat je aan Spaans hebt gedacht. Als een van de meest gesproken talen ter wereld biedt Spaans tal van voordelen voor persoonlijke en professionele groei. Spaans leren geeft je [&hellip;]<\/p>\n","protected":false},"author":1,"featured_media":5996,"parent":0,"menu_order":0,"comment_status":"closed","ping_status":"closed","template":"LearningContentPage.php","meta":{"_acf_changed":false,"footnotes":""},"class_list":["post-91371","page","type-page","status-publish","has-post-thumbnail","hentry"],"acf":[],"yoast_head":"<!-- This site is optimized with the Yoast SEO Premium plugin v27.2 (Yoast SEO v27.2) - https:\/\/yoast.com\/product\/yoast-seo-premium-wordpress\/ -->\n<title>Spaanse grammatica - Talkpal<\/title>\n<meta name=\"description\" content=\"Verbeter je Spaanse grammaticale vaardigheden met interactieve oefeningen voor alle niveaus. Oefen effectief Spaans!\" \/>\n<meta name=\"robots\" content=\"index, follow, max-snippet:-1, max-image-preview:large, max-video-preview:-1\" \/>\n<link rel=\"canonical\" href=\"https:\/\/talkpal.ai\/nl\/spaanse-grammatica\/\" \/>\n<meta property=\"og:locale\" content=\"nl_NL\" \/>\n<meta property=\"og:type\" content=\"article\" \/>\n<meta property=\"og:title\" content=\"Spaanse grammatica\" \/>\n<meta property=\"og:description\" content=\"Een beknopte handleiding voor het leren van Spaanse grammatica Als je er ooit aan hebt gedacht om een nieuwe taal te leren, is de kans groot dat je aan\" \/>\n<meta property=\"og:url\" content=\"https:\/\/talkpal.ai\/nl\/spaanse-grammatica\/\" \/>\n<meta property=\"og:site_name\" content=\"Talkpal\" \/>\n<meta property=\"article:publisher\" content=\"https:\/\/www.facebook.com\/profile.php?id=100090733639311\" \/>\n<meta property=\"article:modified_time\" content=\"2025-05-22T18:51:49+00:00\" \/>\n<meta property=\"og:image\" content=\"https:\/\/talkpal.ai\/wp-content\/uploads\/2023\/03\/spain.png\" \/>\n\t<meta property=\"og:image:width\" content=\"512\" \/>\n\t<meta property=\"og:image:height\" content=\"512\" \/>\n\t<meta property=\"og:image:type\" content=\"image\/png\" \/>\n<meta name=\"twitter:card\" content=\"summary_large_image\" \/>\n<meta name=\"twitter:site\" content=\"@talkpalai\" \/>\n<meta name=\"twitter:label1\" content=\"Geschatte leestijd\" \/>\n\t<meta name=\"twitter:data1\" content=\"3 minuten\" \/>\n<script type=\"application\/ld+json\" class=\"yoast-schema-graph\">{\"@context\":\"https:\/\/schema.org\",\"@graph\":[{\"@type\":\"WebPage\",\"@id\":\"https:\/\/talkpal.ai\/nl\/spaanse-grammatica\/\",\"url\":\"https:\/\/talkpal.ai\/nl\/spaanse-grammatica\/\",\"name\":\"Spaanse grammatica - Talkpal\",\"isPartOf\":{\"@id\":\"https:\/\/talkpal.ai\/nl\/#website\"},\"primaryImageOfPage\":{\"@id\":\"https:\/\/talkpal.ai\/nl\/spaanse-grammatica\/#primaryimage\"},\"image\":{\"@id\":\"https:\/\/talkpal.ai\/nl\/spaanse-grammatica\/#primaryimage\"},\"thumbnailUrl\":\"https:\/\/talkpal.ai\/wp-content\/uploads\/2023\/03\/spain.png\",\"datePublished\":\"2023-03-26T11:55:54+00:00\",\"dateModified\":\"2025-05-22T18:51:49+00:00\",\"description\":\"Verbeter je Spaanse grammaticale vaardigheden met interactieve oefeningen voor alle niveaus. Oefen effectief Spaans!\",\"breadcrumb\":{\"@id\":\"https:\/\/talkpal.ai\/nl\/spaanse-grammatica\/#breadcrumb\"},\"inLanguage\":\"nl-NL\",\"potentialAction\":[{\"@type\":\"ReadAction\",\"target\":[\"https:\/\/talkpal.ai\/nl\/spaanse-grammatica\/\"]}]},{\"@type\":\"ImageObject\",\"inLanguage\":\"nl-NL\",\"@id\":\"https:\/\/talkpal.ai\/nl\/spaanse-grammatica\/#primaryimage\",\"url\":\"https:\/\/talkpal.ai\/wp-content\/uploads\/2023\/03\/spain.png\",\"contentUrl\":\"https:\/\/talkpal.ai\/wp-content\/uploads\/2023\/03\/spain.png\",\"width\":512,\"height\":512,\"caption\":\"TalkPal AI learn Spanish\"},{\"@type\":\"BreadcrumbList\",\"@id\":\"https:\/\/talkpal.ai\/nl\/spaanse-grammatica\/#breadcrumb\",\"itemListElement\":[{\"@type\":\"ListItem\",\"position\":1,\"name\":\"Homepage\",\"item\":\"https:\/\/talkpal.ai\/nl\/\"},{\"@type\":\"ListItem\",\"position\":2,\"name\":\"Spaanse grammatica\"}]},{\"@type\":\"WebSite\",\"@id\":\"https:\/\/talkpal.ai\/nl\/#website\",\"url\":\"https:\/\/talkpal.ai\/nl\/\",\"name\":\"Talkpal\",\"description\":\"AI Language Learning\",\"publisher\":{\"@id\":\"https:\/\/talkpal.ai\/nl\/#organization\"},\"alternateName\":\"Talkpal AI\",\"potentialAction\":[{\"@type\":\"SearchAction\",\"target\":{\"@type\":\"EntryPoint\",\"urlTemplate\":\"https:\/\/talkpal.ai\/nl\/?s={search_term_string}\"},\"query-input\":{\"@type\":\"PropertyValueSpecification\",\"valueRequired\":true,\"valueName\":\"search_term_string\"}}],\"inLanguage\":\"nl-NL\"},{\"@type\":\"Organization\",\"@id\":\"https:\/\/talkpal.ai\/nl\/#organization\",\"name\":\"Talkpal, Inc.\",\"alternateName\":\"Talkpal AI\",\"url\":\"https:\/\/talkpal.ai\/nl\/\",\"logo\":{\"@type\":\"ImageObject\",\"inLanguage\":\"nl-NL\",\"@id\":\"https:\/\/talkpal.ai\/nl\/#\/schema\/logo\/image\/\",\"url\":\"https:\/\/talkpal.ai\/wp-content\/uploads\/2024\/03\/Talkpal-Logo-Icon.png\",\"contentUrl\":\"https:\/\/talkpal.ai\/wp-content\/uploads\/2024\/03\/Talkpal-Logo-Icon.png\",\"width\":2880,\"height\":2880,\"caption\":\"Talkpal, Inc.\"},\"image\":{\"@id\":\"https:\/\/talkpal.ai\/nl\/#\/schema\/logo\/image\/\"},\"sameAs\":[\"https:\/\/www.facebook.com\/profile.php?id=100090733639311\",\"https:\/\/x.com\/talkpalai\",\"https:\/\/www.linkedin.com\/company\/talkpal\/\",\"https:\/\/www.youtube.com\/@TalkPal\/\",\"https:\/\/www.tiktok.com\/@talkpal\",\"https:\/\/www.instagram.com\/talkpal_ai\/\",\"https:\/\/www.crunchbase.com\/organization\/talkpal-9cde\",\"https:\/\/www.g2.com\/products\/talkpal-for-business\/\",\"https:\/\/www.trustpilot.com\/review\/talkpal.ai\",\"https:\/\/www.capterra.com\/p\/10006800\/TalkPal\/\"],\"description\":\"Talkpal is a language learning web and mobile education app, powered by the latest AI technologies, that provides engaging experiences to its customers in many different languages to help them improve their language skills. Users can chat about unlimited amount of topics with the app and use other modes to practice their language learning.\",\"email\":\"support@talkpal.ai\",\"legalName\":\"Talkpal, Inc.\",\"foundingDate\":\"2023-04-03\",\"duns\":\"118989042\",\"numberOfEmployees\":{\"@type\":\"QuantitativeValue\",\"minValue\":\"11\",\"maxValue\":\"50\"},\"publishingPrinciples\":\"https:\/\/talkpal.ai\/publishing-principles\/\",\"actionableFeedbackPolicy\":\"https:\/\/talkpal.ai\/actionable-feedback-policy\/\",\"correctionsPolicy\":\"https:\/\/talkpal.ai\/corrections-policy\/\",\"ethicsPolicy\":\"https:\/\/talkpal.ai\/ethics-policy\/\",\"diversityPolicy\":\"https:\/\/talkpal.ai\/diversity-policy\/\",\"diversityStaffingReport\":\"https:\/\/talkpal.ai\/diversity-policy\/\"}]}<\/script>\n<!-- \/ Yoast SEO Premium plugin. -->","yoast_head_json":{"title":"Spaanse grammatica - Talkpal","description":"Verbeter je Spaanse grammaticale vaardigheden met interactieve oefeningen voor alle niveaus. Oefen effectief Spaans!","robots":{"index":"index","follow":"follow","max-snippet":"max-snippet:-1","max-image-preview":"max-image-preview:large","max-video-preview":"max-video-preview:-1"},"canonical":"https:\/\/talkpal.ai\/nl\/spaanse-grammatica\/","og_locale":"nl_NL","og_type":"article","og_title":"Spaanse grammatica","og_description":"Een beknopte handleiding voor het leren van Spaanse grammatica Als je er ooit aan hebt gedacht om een nieuwe taal te leren, is de kans groot dat je aan","og_url":"https:\/\/talkpal.ai\/nl\/spaanse-grammatica\/","og_site_name":"Talkpal","article_publisher":"https:\/\/www.facebook.com\/profile.php?id=100090733639311","article_modified_time":"2025-05-22T18:51:49+00:00","og_image":[{"width":512,"height":512,"url":"https:\/\/talkpal.ai\/wp-content\/uploads\/2023\/03\/spain.png","type":"image\/png"}],"twitter_card":"summary_large_image","twitter_site":"@talkpalai","twitter_misc":{"Geschatte leestijd":"3 minuten"},"schema":{"@context":"https:\/\/schema.org","@graph":[{"@type":"WebPage","@id":"https:\/\/talkpal.ai\/nl\/spaanse-grammatica\/","url":"https:\/\/talkpal.ai\/nl\/spaanse-grammatica\/","name":"Spaanse grammatica - Talkpal","isPartOf":{"@id":"https:\/\/talkpal.ai\/nl\/#website"},"primaryImageOfPage":{"@id":"https:\/\/talkpal.ai\/nl\/spaanse-grammatica\/#primaryimage"},"image":{"@id":"https:\/\/talkpal.ai\/nl\/spaanse-grammatica\/#primaryimage"},"thumbnailUrl":"https:\/\/talkpal.ai\/wp-content\/uploads\/2023\/03\/spain.png","datePublished":"2023-03-26T11:55:54+00:00","dateModified":"2025-05-22T18:51:49+00:00","description":"Verbeter je Spaanse grammaticale vaardigheden met interactieve oefeningen voor alle niveaus. Oefen effectief Spaans!","breadcrumb":{"@id":"https:\/\/talkpal.ai\/nl\/spaanse-grammatica\/#breadcrumb"},"inLanguage":"nl-NL","potentialAction":[{"@type":"ReadAction","target":["https:\/\/talkpal.ai\/nl\/spaanse-grammatica\/"]}]},{"@type":"ImageObject","inLanguage":"nl-NL","@id":"https:\/\/talkpal.ai\/nl\/spaanse-grammatica\/#primaryimage","url":"https:\/\/talkpal.ai\/wp-content\/uploads\/2023\/03\/spain.png","contentUrl":"https:\/\/talkpal.ai\/wp-content\/uploads\/2023\/03\/spain.png","width":512,"height":512,"caption":"TalkPal AI learn Spanish"},{"@type":"BreadcrumbList","@id":"https:\/\/talkpal.ai\/nl\/spaanse-grammatica\/#breadcrumb","itemListElement":[{"@type":"ListItem","position":1,"name":"Homepage","item":"https:\/\/talkpal.ai\/nl\/"},{"@type":"ListItem","position":2,"name":"Spaanse grammatica"}]},{"@type":"WebSite","@id":"https:\/\/talkpal.ai\/nl\/#website","url":"https:\/\/talkpal.ai\/nl\/","name":"Talkpal","description":"AI Language Learning","publisher":{"@id":"https:\/\/talkpal.ai\/nl\/#organization"},"alternateName":"Talkpal AI","potentialAction":[{"@type":"SearchAction","target":{"@type":"EntryPoint","urlTemplate":"https:\/\/talkpal.ai\/nl\/?s={search_term_string}"},"query-input":{"@type":"PropertyValueSpecification","valueRequired":true,"valueName":"search_term_string"}}],"inLanguage":"nl-NL"},{"@type":"Organization","@id":"https:\/\/talkpal.ai\/nl\/#organization","name":"Talkpal, Inc.","alternateName":"Talkpal AI","url":"https:\/\/talkpal.ai\/nl\/","logo":{"@type":"ImageObject","inLanguage":"nl-NL","@id":"https:\/\/talkpal.ai\/nl\/#\/schema\/logo\/image\/","url":"https:\/\/talkpal.ai\/wp-content\/uploads\/2024\/03\/Talkpal-Logo-Icon.png","contentUrl":"https:\/\/talkpal.ai\/wp-content\/uploads\/2024\/03\/Talkpal-Logo-Icon.png","width":2880,"height":2880,"caption":"Talkpal, Inc."},"image":{"@id":"https:\/\/talkpal.ai\/nl\/#\/schema\/logo\/image\/"},"sameAs":["https:\/\/www.facebook.com\/profile.php?id=100090733639311","https:\/\/x.com\/talkpalai","https:\/\/www.linkedin.com\/company\/talkpal\/","https:\/\/www.youtube.com\/@TalkPal\/","https:\/\/www.tiktok.com\/@talkpal","https:\/\/www.instagram.com\/talkpal_ai\/","https:\/\/www.crunchbase.com\/organization\/talkpal-9cde","https:\/\/www.g2.com\/products\/talkpal-for-business\/","https:\/\/www.trustpilot.com\/review\/talkpal.ai","https:\/\/www.capterra.com\/p\/10006800\/TalkPal\/"],"description":"Talkpal is a language learning web and mobile education app, powered by the latest AI technologies, that provides engaging experiences to its customers in many different languages to help them improve their language skills. Users can chat about unlimited amount of topics with the app and use other modes to practice their language learning.","email":"support@talkpal.ai","legalName":"Talkpal, Inc.","foundingDate":"2023-04-03","duns":"118989042","numberOfEmployees":{"@type":"QuantitativeValue","minValue":"11","maxValue":"50"},"publishingPrinciples":"https:\/\/talkpal.ai\/publishing-principles\/","actionableFeedbackPolicy":"https:\/\/talkpal.ai\/actionable-feedback-policy\/","correctionsPolicy":"https:\/\/talkpal.ai\/corrections-policy\/","ethicsPolicy":"https:\/\/talkpal.ai\/ethics-policy\/","diversityPolicy":"https:\/\/talkpal.ai\/diversity-policy\/","diversityStaffingReport":"https:\/\/talkpal.ai\/diversity-policy\/"}]}},"_links":{"self":[{"href":"https:\/\/talkpal.ai\/nl\/wp-json\/wp\/v2\/pages\/91371","targetHints":{"allow":["GET"]}}],"collection":[{"href":"https:\/\/talkpal.ai\/nl\/wp-json\/wp\/v2\/pages"}],"about":[{"href":"https:\/\/talkpal.ai\/nl\/wp-json\/wp\/v2\/types\/page"}],"author":[{"embeddable":true,"href":"https:\/\/talkpal.ai\/nl\/wp-json\/wp\/v2\/users\/1"}],"replies":[{"embeddable":true,"href":"https:\/\/talkpal.ai\/nl\/wp-json\/wp\/v2\/comments?post=91371"}],"version-history":[{"count":0,"href":"https:\/\/talkpal.ai\/nl\/wp-json\/wp\/v2\/pages\/91371\/revisions"}],"wp:featuredmedia":[{"embeddable":true,"href":"https:\/\/talkpal.ai\/nl\/wp-json\/wp\/v2\/media\/5996"}],"wp:attachment":[{"href":"https:\/\/talkpal.ai\/nl\/wp-json\/wp\/v2\/media?parent=91371"}],"curies":[{"name":"wp","href":"https:\/\/api.w.org\/{rel}","templated":true}]}}