{"id":165196,"date":"2023-06-16T12:01:29","date_gmt":"2023-06-16T12:01:29","guid":{"rendered":"http:\/\/talkpal.ai\/bosnische-grammatica-oefeningen\/"},"modified":"2025-05-23T12:05:29","modified_gmt":"2025-05-23T12:05:29","slug":"bosnische-grammatica-oefeningen","status":"publish","type":"page","link":"https:\/\/talkpal.ai\/nl\/bosnische-grammatica-oefeningen\/","title":{"rendered":"Bosnische grammatica-oefeningen"},"content":{"rendered":"\r\n\r\n\r\n<section class=\"languageChallengeSection\">\r\n    <div class=\"languageInfoWrapper\">\r\n        \r\n        <h1>Bosnische grammatica-oefeningen<\/h1>\r\n        <p>Klaar om zelfverzekerder te worden in het <a href=\"https:\/\/talkpal.ai\/learn-bosnian\/\">Bosnisch<\/a>? Het oefenen <a href=\"https:\/\/talkpal.ai\/locations\/language-courses-in-van\/\">van<\/a> grammatica-oefeningen is een geweldige manier om de zinsstructuur, werkwoordsvormen en de kenmerkende patronen van de Bosnische taal onder de knie te krijgen. Begin vandaag nog met <a href=\"https:\/\/talkpal.ai\/nl\/bosnische-taal-leren-snel-en-gemakkelijk-jouw-eerste-stappen-zetten\/\">Bosnische grammatica<\/a> en zie je begrip en spreekvaardigheid met elke oefening groeien!\n\n<\/p>\r\n\r\n                            <a class=\"getStartedHidden\" href=\"https:\/\/app.talkpal.ai\/nl\/signup?lng=\">Ga aan de slag<\/a>\r\n        \r\n    <\/div>\r\n\r\n    <figure>\r\n    <img decoding=\"async\" width=\"768\" height=\"768\" src=\"https:\/\/talkpal.ai\/wp-content\/uploads\/2023\/06\/bosinian-768x768.png\" class=\"languageImage no-lazy\" alt=\"Default alt text\" fetchpriority=\"high\" sizes=\"(max-width: 768px) 150px, 768px\" srcset=\"https:\/\/talkpal.ai\/wp-content\/uploads\/2023\/06\/bosinian-768x768.png 768w, https:\/\/talkpal.ai\/wp-content\/uploads\/2023\/06\/bosinian-300x300.png 300w\" \/>\r\n    \r\n\r\n    <\/figure>\r\n\r\n            <a class=\"getStartedVisible\" href=\"https:\/\/app.talkpal.ai\/nl\/signup?lng=\">Ga aan de slag<\/a>\r\n    \r\n<\/section>\r\n\r\n\r\n<!-- <section class=\"grammarSection\">\r\n    <div class=\"grammarLinks\">\r\n        <a href=\"https:\/\/talkpal.ai\/nl\/exercise_language\/artikelen-bosnische-grammatica\/\">Artikelen \u2013 Bosnische grammatica<\/a><a href=\"https:\/\/talkpal.ai\/nl\/exercise_language\/bijvoeglijke-naamwoorden-bosnische-grammatica\/\">Bijvoeglijke naamwoorden <\/a><a href=\"https:\/\/talkpal.ai\/nl\/exercise_language\/bijwoorden-bosnische-grammatica\/\">Bijwoorden <\/a><a href=\"https:\/\/talkpal.ai\/nl\/exercise_language\/perfect-progressive-bosnische-grammatica\/\">Perfect Progressive \u2013 Bosnische grammatica<\/a><a href=\"https:\/\/talkpal.ai\/nl\/exercise_language\/progressief-bosnische-grammatica\/\">Progressief \u2013 Bosnische grammatica<\/a><a href=\"https:\/\/talkpal.ai\/nl\/exercise_language\/tijden-bosnische-grammatica\/\">Tijden <\/a><a href=\"https:\/\/talkpal.ai\/nl\/exercise_language\/vergelijking-van-de-tijd-bosnische-grammatica\/\">Vergelijking van de tijd <\/a><a href=\"https:\/\/talkpal.ai\/nl\/exercise_language\/voornaamwoorden-determinanten-bosnische-grammatica\/\">Voornaamwoorden\/determinanten \u2013 Bosnische grammatica<\/a><a href=\"https:\/\/talkpal.ai\/nl\/exercise_language\/voorwaardelijke-taal-bosnische-grammatica\/\">Voorwaardelijke taal \u2013 Bosnische grammatica<\/a><a href=\"https:\/\/talkpal.ai\/nl\/exercise_language\/voorzetsels-bosnische-grammatica\/\">Voorzetsels \u2013 Bosnische grammatica<\/a><a href=\"https:\/\/talkpal.ai\/nl\/exercise_language\/werkwoorden-bosnische-grammatica\/\">Werkwoorden <\/a><a href=\"https:\/\/talkpal.ai\/nl\/exercise_language\/zelfstandige-naamwoorden-bosnische-grammatica\/\">Zelfstandige naamwoorden \u2013 Bosnische grammatica<\/a><a href=\"https:\/\/talkpal.ai\/nl\/exercise_language\/zinnen-bosnische-grammatica\/\">Zinnen \u2013 Bosnische grammatica<\/a>    <\/div>\r\n<\/section> -->\r\n\r\n\r\n\r\n\r\n        <section class=\"grammarSection\">\r\n            <div class=\"grammarLinks\">\r\n                <a href=\"https:\/\/talkpal.ai\/nl\/exercise_language\/artikelen-bosnische-grammatica\/\">Artikelen \u2013 Bosnische grammatica<\/a><a href=\"https:\/\/talkpal.ai\/nl\/exercise_language\/bijvoeglijke-naamwoorden-bosnische-grammatica\/\">Bijvoeglijke naamwoorden <\/a><a href=\"https:\/\/talkpal.ai\/nl\/exercise_language\/bijwoorden-bosnische-grammatica\/\">Bijwoorden <\/a><a href=\"https:\/\/talkpal.ai\/nl\/exercise_language\/perfect-progressive-bosnische-grammatica\/\">Perfect Progressive \u2013 Bosnische grammatica<\/a><a href=\"https:\/\/talkpal.ai\/nl\/exercise_language\/progressief-bosnische-grammatica\/\">Progressief \u2013 Bosnische grammatica<\/a><a href=\"https:\/\/talkpal.ai\/nl\/exercise_language\/tijden-bosnische-grammatica\/\">Tijden <\/a><a href=\"https:\/\/talkpal.ai\/nl\/exercise_language\/vergelijking-van-de-tijd-bosnische-grammatica\/\">Vergelijking van de tijd <\/a><a href=\"https:\/\/talkpal.ai\/nl\/exercise_language\/voornaamwoorden-determinanten-bosnische-grammatica\/\">Voornaamwoorden\/determinanten \u2013 Bosnische grammatica<\/a><a href=\"https:\/\/talkpal.ai\/nl\/exercise_language\/voorwaardelijke-taal-bosnische-grammatica\/\">Voorwaardelijke taal \u2013 Bosnische grammatica<\/a><a href=\"https:\/\/talkpal.ai\/nl\/exercise_language\/voorzetsels-bosnische-grammatica\/\">Voorzetsels \u2013 Bosnische grammatica<\/a><a href=\"https:\/\/talkpal.ai\/nl\/exercise_language\/werkwoorden-bosnische-grammatica\/\">Werkwoorden <\/a><a href=\"https:\/\/talkpal.ai\/nl\/exercise_language\/zelfstandige-naamwoorden-bosnische-grammatica\/\">Zelfstandige naamwoorden \u2013 Bosnische grammatica<\/a><a href=\"https:\/\/talkpal.ai\/nl\/exercise_language\/zinnen-bosnische-grammatica\/\">Zinnen \u2013 Bosnische grammatica<\/a>            <\/div>\r\n        <\/section>\r\n<section class=\"promotionalBanner\">\r\n    <p class=\"promotionalText\">De meest effici\u00ebnte manier om een taal te leren<\/p>\r\n    <a class=\"promotionalLink\" href=\"https:\/\/app.talkpal.ai\/nl\/signup?lng=\">Probeer Talkpal gratis<\/a>\r\n<\/section>\n<div class=\"wp-block-group pageContainerStyle\"><div class=\"wp-block-group__inner-container is-layout-constrained wp-block-group-is-layout-constrained\">\n<h2 class=\"wp-block-heading\" id=\"h-bosnian-grammar-topics\">Bosnische grammatica onderwerpen<\/h2>\n\n\n\n<p>Bosnisch is een Zuid-Slavische taal die voornamelijk wordt gesproken in Bosni\u00eb en Herzegovina, Servi\u00eb, <a href=\"https:\/\/talkpal.ai\/locations\/language-courses-in-montenegro\/\">Montenegro<\/a> en Kroati\u00eb. Het is onderling verstaanbaar met het <a href=\"https:\/\/talkpal.ai\/learn-serbian\/\">Servisch<\/a> en het <a href=\"https:\/\/talkpal.ai\/learn-croatian\/\">Kroatisch<\/a> en maakt deel uit van de gestandaardiseerde Servo-Kroatische taal. Bosnisch leren kan een fascinerende en lonende ervaring zijn, omdat het inzicht geeft in de rijke geschiedenis, cultuur en tradities van de Balkanregio. Om effectief Bosnisch te leren, is het essentieel om het grammaticale systeem te begrijpen, dat verschillende tijden, <a href=\"https:\/\/talkpal.ai\/nl\/grammar\/overeenkomst-met-zelfstandige-naamwoorden-geslacht-en-getal-in-authentieke-grammatica\/\">zelfstandige naamwoorden<\/a> en bijvoeglijke naamwoorden en zinsstructuren omvat. In deze gids zullen we de volgorde van Bosnische grammatica-onderwerpen verkennen om u te helpen de taal effici\u00ebnt onder de knie te krijgen.<\/p>\n\n\n\n<h3 class=\"wp-block-heading\" id=\"h-1-nouns-and-articles\">1. Zelfstandige naamwoorden en lidwoorden:<\/h3>\n\n\n\n<p>Begin met het leren van de zelfstandige naamwoorden, die zijn onderverdeeld in drie geslachten (mannelijk, vrouwelijk, onzijdig) en enkelvouds- en meervoudsvormen hebben. Het Bosnisch heeft geen lidwoorden zoals het Engels, maar het gebruikt aanwijzende voornaamwoorden om specificiteit aan te geven.<\/p>\n\n\n\n<h3 class=\"wp-block-heading\" id=\"h-2-adjectives\">2. Bijvoeglijke naamwoorden:<\/h3>\n\n\n\n<p>Bijvoeglijke naamwoorden komen overeen met zelfstandige naamwoorden in geslacht, getal en naamval. Leer hoe u bijvoeglijke naamwoorden kunt vormen en gebruiken om zelfstandige naamwoorden nauwkeurig te beschrijven.<\/p>\n\n\n\n<h3 class=\"wp-block-heading\" id=\"h-3-pronouns-determiners\">3. Voornaamwoorden\/determinanten:<\/h3>\n\n\n\n<p>Bosnische voornaamwoorden en determinanten komen ook overeen met zelfstandige naamwoorden in geslacht, getal en naamval. Bestudeer persoonlijke, bezittelijke, demonstratieve en vragende voornaamwoorden om uw communicatieve vaardigheden te verbeteren.<\/p>\n\n\n\n<h3 class=\"wp-block-heading\" id=\"h-4-verbs\">4. Werkwoorden:<\/h3>\n\n\n\n<p>Maak kennis met regelmatige en onregelmatige werkwoorden, hun vervoegingspatronen en het onderscheid tussen perfectieve en imperfectieve aspecten.<\/p>\n\n\n\n<h3 class=\"wp-block-heading\" id=\"h-5-tenses\">5. Tijden:<\/h3>\n\n\n\n<p>Het Bosnisch heeft drie tijden: verleden, heden en toekomst. Leer hoe u deze tijden kunt vormen en gebruiken om acties en gebeurtenissen in verschillende tijdsbestekken uit te drukken.<\/p>\n\n\n\n<h3 class=\"wp-block-heading\" id=\"h-6-tense-comparison\">6. Gespannen vergelijking:<\/h3>\n\n\n\n<p>Begrijp de verschillen en overeenkomsten tussen de tijden, met de nadruk op het gebruik ervan in verschillende contexten.<\/p>\n\n\n\n<h3 class=\"wp-block-heading\" id=\"h-7-progressive-and-perfect-progressive\">7. Progressief en perfect progressief:<\/h3>\n\n\n\n<p>Het Bosnisch heeft geen direct equivalent van de Engelse progressieve en perfecte progressieve tijden. Het gebruikt echter verbale aspecten (perfectief en imperfectief) om vergelijkbare betekenissen over te brengen.<\/p>\n\n\n\n<h3 class=\"wp-block-heading\" id=\"h-8-adverbs\">8. Bijwoorden:<\/h3>\n\n\n\n<p>Bestudeer bijwoorden en hun plaatsing in zinnen om tijd, manier en mate uit te drukken.<\/p>\n\n\n\n<h3 class=\"wp-block-heading\" id=\"h-9-conditionals\">9. Voorwaardelijk:<\/h3>\n\n\n\n<p>Leer hoe je voorwaardelijke zinnen (echt en onwerkelijk) kunt vormen en gebruiken om hypothetische situaties en hun gevolgen uit te drukken.<\/p>\n\n\n\n<h3 class=\"wp-block-heading\" id=\"h-10-prepositions\">10. Voorzetsels:<\/h3>\n\n\n\n<p>Voorzetsels zijn essentieel om relaties tussen woorden en zinsdelen aan te geven. Leer hoe u ze nauwkeurig kunt gebruiken in verschillende contexten.<\/p>\n\n\n\n<h3 class=\"wp-block-heading\" id=\"h-11-sentences\">11. Zinnen:<\/h3>\n\n\n\n<p>Oefen ten slotte met het construeren van eenvoudige en complexe zinnen met behulp van alle grammaticale elementen die je hebt geleerd. Dit zal je helpen een sterke basis in het Bosnisch te ontwikkelen en je in staat stellen om effectief te communiceren met moedertaalsprekers.<\/p>\n<\/div><\/div>\n\r\n<section class=\"learnNavigationSection\">\r\n            \r\n        <a href=\"https:\/\/talkpal.ai\/nl\/bosnisch-leren\/\">\r\n            <div class=\"learnNavigationWrapper\">\r\n                <div class=\"learnNavigationContent\">\r\n                    <img decoding=\"async\" src=\"https:\/\/talkpal.ai\/wp-content\/uploads\/2024\/08\/Bosnian.jpg\" alt=\"Bosnian Flag\">\r\n                    <div>\r\n                        <h4>Over Bosnisch Leren<\/h4>\r\n                        <p>Ontdek alles over de Bosnische grammatica.<\/p>\r\n                    <\/div>\r\n                <\/div>\r\n            <\/div>\r\n        <\/a>\r\n\r\n        \r\n        <a href=\"https:\/\/talkpal.ai\/nl\/bosnische-grammatica\/\">\r\n            <div class=\"learnNavigationWrapper\">\r\n                <div class=\"learnNavigationContent\">\r\n                    <img decoding=\"async\" src=\"https:\/\/talkpal.ai\/wp-content\/uploads\/2024\/08\/Bosnian.jpg\" alt=\"Bosnian Flag\">\r\n                    <div>\r\n                        <h4>Bosnische grammaticalessen<\/h4>\r\n                        <p>Oefen de Bosnische grammatica.<\/p>\r\n                    <\/div>\r\n                <\/div>\r\n            <\/div>\r\n        <\/a>\r\n\r\n        \r\n        <a href=\"https:\/\/talkpal.ai\/vocabulary_language\/bosnian\/\">\r\n            <div class=\"learnNavigationWrapper\">\r\n                <div class=\"learnNavigationContent\">\r\n                    <img decoding=\"async\" src=\"https:\/\/talkpal.ai\/wp-content\/uploads\/2024\/08\/Bosnian.jpg\" alt=\"Bosnian Flag\">\r\n                    <div>\r\n                        <h4>Bosnische woordenschat<\/h4>\r\n                        <p>Breid je Bosnische woordenschat uit.<\/p>\r\n                    <\/div>\r\n                <\/div>\r\n            <\/div>\r\n        <\/a>\r\n\r\n            <\/section>","protected":false},"excerpt":{"rendered":"<p>Bosnische grammatica onderwerpen Bosnisch is een Zuid-Slavische taal die voornamelijk wordt gesproken in Bosni\u00eb en Herzegovina, Servi\u00eb, Montenegro en Kroati\u00eb. Het is onderling verstaanbaar met het Servisch en het Kroatisch en maakt deel uit van de gestandaardiseerde Servo-Kroatische taal. Bosnisch leren kan een fascinerende en lonende ervaring zijn, omdat het inzicht geeft in de rijke [&hellip;]<\/p>\n","protected":false},"author":6,"featured_media":28202,"parent":0,"menu_order":0,"comment_status":"closed","ping_status":"closed","template":"LearningContentPage.php","meta":{"_acf_changed":false,"footnotes":""},"class_list":["post-165196","page","type-page","status-publish","has-post-thumbnail","hentry"],"acf":[],"yoast_head":"<!-- This site is optimized with the Yoast SEO Premium plugin v27.2 (Yoast SEO v27.2) - https:\/\/yoast.com\/product\/yoast-seo-premium-wordpress\/ -->\n<title>Bosnische grammatica-oefeningen - Talkpal<\/title>\n<meta name=\"description\" content=\"Leer Bosnisch met boeiende Bosnische grammatica-oefeningen die zijn ontworpen om je begrip van zinsstructuren en tijden te verbeteren.\" \/>\n<meta name=\"robots\" content=\"index, follow, max-snippet:-1, max-image-preview:large, max-video-preview:-1\" \/>\n<link rel=\"canonical\" href=\"https:\/\/talkpal.ai\/nl\/bosnische-grammatica-oefeningen\/\" \/>\n<meta property=\"og:locale\" content=\"nl_NL\" \/>\n<meta property=\"og:type\" content=\"article\" \/>\n<meta property=\"og:title\" content=\"Bosnische grammatica-oefeningen\" \/>\n<meta property=\"og:description\" content=\"Bosnische grammatica onderwerpen Bosnisch is een Zuid-Slavische taal die voornamelijk wordt gesproken in Bosni\u00eb en Herzegovina, Servi\u00eb, Montenegro en\" \/>\n<meta property=\"og:url\" content=\"https:\/\/talkpal.ai\/nl\/bosnische-grammatica-oefeningen\/\" \/>\n<meta property=\"og:site_name\" content=\"Talkpal\" \/>\n<meta property=\"article:publisher\" content=\"https:\/\/www.facebook.com\/profile.php?id=100090733639311\" \/>\n<meta property=\"article:modified_time\" content=\"2025-05-23T12:05:29+00:00\" \/>\n<meta property=\"og:image\" content=\"https:\/\/talkpal.ai\/wp-content\/uploads\/2023\/05\/bosnia-and-herzegovina.png\" \/>\n\t<meta property=\"og:image:width\" content=\"512\" \/>\n\t<meta property=\"og:image:height\" content=\"512\" \/>\n\t<meta property=\"og:image:type\" content=\"image\/png\" \/>\n<meta name=\"twitter:card\" content=\"summary_large_image\" \/>\n<meta name=\"twitter:site\" content=\"@talkpalai\" \/>\n<meta name=\"twitter:label1\" content=\"Geschatte leestijd\" \/>\n\t<meta name=\"twitter:data1\" content=\"2 minuten\" \/>\n<script type=\"application\/ld+json\" class=\"yoast-schema-graph\">{\"@context\":\"https:\/\/schema.org\",\"@graph\":[{\"@type\":\"WebPage\",\"@id\":\"https:\/\/talkpal.ai\/nl\/bosnische-grammatica-oefeningen\/\",\"url\":\"https:\/\/talkpal.ai\/nl\/bosnische-grammatica-oefeningen\/\",\"name\":\"Bosnische grammatica-oefeningen - Talkpal\",\"isPartOf\":{\"@id\":\"https:\/\/talkpal.ai\/nl\/#website\"},\"primaryImageOfPage\":{\"@id\":\"https:\/\/talkpal.ai\/nl\/bosnische-grammatica-oefeningen\/#primaryimage\"},\"image\":{\"@id\":\"https:\/\/talkpal.ai\/nl\/bosnische-grammatica-oefeningen\/#primaryimage\"},\"thumbnailUrl\":\"https:\/\/talkpal.ai\/wp-content\/uploads\/2023\/05\/bosnia-and-herzegovina.png\",\"datePublished\":\"2023-06-16T12:01:29+00:00\",\"dateModified\":\"2025-05-23T12:05:29+00:00\",\"description\":\"Leer Bosnisch met boeiende Bosnische grammatica-oefeningen die zijn ontworpen om je begrip van zinsstructuren en tijden te verbeteren.\",\"breadcrumb\":{\"@id\":\"https:\/\/talkpal.ai\/nl\/bosnische-grammatica-oefeningen\/#breadcrumb\"},\"inLanguage\":\"nl-NL\",\"potentialAction\":[{\"@type\":\"ReadAction\",\"target\":[\"https:\/\/talkpal.ai\/nl\/bosnische-grammatica-oefeningen\/\"]}]},{\"@type\":\"ImageObject\",\"inLanguage\":\"nl-NL\",\"@id\":\"https:\/\/talkpal.ai\/nl\/bosnische-grammatica-oefeningen\/#primaryimage\",\"url\":\"https:\/\/talkpal.ai\/wp-content\/uploads\/2023\/05\/bosnia-and-herzegovina.png\",\"contentUrl\":\"https:\/\/talkpal.ai\/wp-content\/uploads\/2023\/05\/bosnia-and-herzegovina.png\",\"width\":512,\"height\":512},{\"@type\":\"BreadcrumbList\",\"@id\":\"https:\/\/talkpal.ai\/nl\/bosnische-grammatica-oefeningen\/#breadcrumb\",\"itemListElement\":[{\"@type\":\"ListItem\",\"position\":1,\"name\":\"Homepage\",\"item\":\"https:\/\/talkpal.ai\/nl\/\"},{\"@type\":\"ListItem\",\"position\":2,\"name\":\"Bosnische grammatica-oefeningen\"}]},{\"@type\":\"WebSite\",\"@id\":\"https:\/\/talkpal.ai\/nl\/#website\",\"url\":\"https:\/\/talkpal.ai\/nl\/\",\"name\":\"Talkpal\",\"description\":\"AI Language Learning\",\"publisher\":{\"@id\":\"https:\/\/talkpal.ai\/nl\/#organization\"},\"alternateName\":\"Talkpal AI\",\"potentialAction\":[{\"@type\":\"SearchAction\",\"target\":{\"@type\":\"EntryPoint\",\"urlTemplate\":\"https:\/\/talkpal.ai\/nl\/?s={search_term_string}\"},\"query-input\":{\"@type\":\"PropertyValueSpecification\",\"valueRequired\":true,\"valueName\":\"search_term_string\"}}],\"inLanguage\":\"nl-NL\"},{\"@type\":\"Organization\",\"@id\":\"https:\/\/talkpal.ai\/nl\/#organization\",\"name\":\"Talkpal, Inc.\",\"alternateName\":\"Talkpal AI\",\"url\":\"https:\/\/talkpal.ai\/nl\/\",\"logo\":{\"@type\":\"ImageObject\",\"inLanguage\":\"nl-NL\",\"@id\":\"https:\/\/talkpal.ai\/nl\/#\/schema\/logo\/image\/\",\"url\":\"https:\/\/talkpal.ai\/wp-content\/uploads\/2024\/03\/Talkpal-Logo-Icon.png\",\"contentUrl\":\"https:\/\/talkpal.ai\/wp-content\/uploads\/2024\/03\/Talkpal-Logo-Icon.png\",\"width\":2880,\"height\":2880,\"caption\":\"Talkpal, Inc.\"},\"image\":{\"@id\":\"https:\/\/talkpal.ai\/nl\/#\/schema\/logo\/image\/\"},\"sameAs\":[\"https:\/\/www.facebook.com\/profile.php?id=100090733639311\",\"https:\/\/x.com\/talkpalai\",\"https:\/\/www.linkedin.com\/company\/talkpal\/\",\"https:\/\/www.youtube.com\/@TalkPal\/\",\"https:\/\/www.tiktok.com\/@talkpal\",\"https:\/\/www.instagram.com\/talkpal_ai\/\",\"https:\/\/www.crunchbase.com\/organization\/talkpal-9cde\",\"https:\/\/www.g2.com\/products\/talkpal-for-business\/\",\"https:\/\/www.trustpilot.com\/review\/talkpal.ai\",\"https:\/\/www.capterra.com\/p\/10006800\/TalkPal\/\"],\"description\":\"Talkpal is a language learning web and mobile education app, powered by the latest AI technologies, that provides engaging experiences to its customers in many different languages to help them improve their language skills. Users can chat about unlimited amount of topics with the app and use other modes to practice their language learning.\",\"email\":\"support@talkpal.ai\",\"legalName\":\"Talkpal, Inc.\",\"foundingDate\":\"2023-04-03\",\"duns\":\"118989042\",\"numberOfEmployees\":{\"@type\":\"QuantitativeValue\",\"minValue\":\"11\",\"maxValue\":\"50\"},\"publishingPrinciples\":\"https:\/\/talkpal.ai\/publishing-principles\/\",\"actionableFeedbackPolicy\":\"https:\/\/talkpal.ai\/actionable-feedback-policy\/\",\"correctionsPolicy\":\"https:\/\/talkpal.ai\/corrections-policy\/\",\"ethicsPolicy\":\"https:\/\/talkpal.ai\/ethics-policy\/\",\"diversityPolicy\":\"https:\/\/talkpal.ai\/diversity-policy\/\",\"diversityStaffingReport\":\"https:\/\/talkpal.ai\/diversity-policy\/\"}]}<\/script>\n<!-- \/ Yoast SEO Premium plugin. -->","yoast_head_json":{"title":"Bosnische grammatica-oefeningen - Talkpal","description":"Leer Bosnisch met boeiende Bosnische grammatica-oefeningen die zijn ontworpen om je begrip van zinsstructuren en tijden te verbeteren.","robots":{"index":"index","follow":"follow","max-snippet":"max-snippet:-1","max-image-preview":"max-image-preview:large","max-video-preview":"max-video-preview:-1"},"canonical":"https:\/\/talkpal.ai\/nl\/bosnische-grammatica-oefeningen\/","og_locale":"nl_NL","og_type":"article","og_title":"Bosnische grammatica-oefeningen","og_description":"Bosnische grammatica onderwerpen Bosnisch is een Zuid-Slavische taal die voornamelijk wordt gesproken in Bosni\u00eb en Herzegovina, Servi\u00eb, Montenegro en","og_url":"https:\/\/talkpal.ai\/nl\/bosnische-grammatica-oefeningen\/","og_site_name":"Talkpal","article_publisher":"https:\/\/www.facebook.com\/profile.php?id=100090733639311","article_modified_time":"2025-05-23T12:05:29+00:00","og_image":[{"width":512,"height":512,"url":"https:\/\/talkpal.ai\/wp-content\/uploads\/2023\/05\/bosnia-and-herzegovina.png","type":"image\/png"}],"twitter_card":"summary_large_image","twitter_site":"@talkpalai","twitter_misc":{"Geschatte leestijd":"2 minuten"},"schema":{"@context":"https:\/\/schema.org","@graph":[{"@type":"WebPage","@id":"https:\/\/talkpal.ai\/nl\/bosnische-grammatica-oefeningen\/","url":"https:\/\/talkpal.ai\/nl\/bosnische-grammatica-oefeningen\/","name":"Bosnische grammatica-oefeningen - Talkpal","isPartOf":{"@id":"https:\/\/talkpal.ai\/nl\/#website"},"primaryImageOfPage":{"@id":"https:\/\/talkpal.ai\/nl\/bosnische-grammatica-oefeningen\/#primaryimage"},"image":{"@id":"https:\/\/talkpal.ai\/nl\/bosnische-grammatica-oefeningen\/#primaryimage"},"thumbnailUrl":"https:\/\/talkpal.ai\/wp-content\/uploads\/2023\/05\/bosnia-and-herzegovina.png","datePublished":"2023-06-16T12:01:29+00:00","dateModified":"2025-05-23T12:05:29+00:00","description":"Leer Bosnisch met boeiende Bosnische grammatica-oefeningen die zijn ontworpen om je begrip van zinsstructuren en tijden te verbeteren.","breadcrumb":{"@id":"https:\/\/talkpal.ai\/nl\/bosnische-grammatica-oefeningen\/#breadcrumb"},"inLanguage":"nl-NL","potentialAction":[{"@type":"ReadAction","target":["https:\/\/talkpal.ai\/nl\/bosnische-grammatica-oefeningen\/"]}]},{"@type":"ImageObject","inLanguage":"nl-NL","@id":"https:\/\/talkpal.ai\/nl\/bosnische-grammatica-oefeningen\/#primaryimage","url":"https:\/\/talkpal.ai\/wp-content\/uploads\/2023\/05\/bosnia-and-herzegovina.png","contentUrl":"https:\/\/talkpal.ai\/wp-content\/uploads\/2023\/05\/bosnia-and-herzegovina.png","width":512,"height":512},{"@type":"BreadcrumbList","@id":"https:\/\/talkpal.ai\/nl\/bosnische-grammatica-oefeningen\/#breadcrumb","itemListElement":[{"@type":"ListItem","position":1,"name":"Homepage","item":"https:\/\/talkpal.ai\/nl\/"},{"@type":"ListItem","position":2,"name":"Bosnische grammatica-oefeningen"}]},{"@type":"WebSite","@id":"https:\/\/talkpal.ai\/nl\/#website","url":"https:\/\/talkpal.ai\/nl\/","name":"Talkpal","description":"AI Language Learning","publisher":{"@id":"https:\/\/talkpal.ai\/nl\/#organization"},"alternateName":"Talkpal AI","potentialAction":[{"@type":"SearchAction","target":{"@type":"EntryPoint","urlTemplate":"https:\/\/talkpal.ai\/nl\/?s={search_term_string}"},"query-input":{"@type":"PropertyValueSpecification","valueRequired":true,"valueName":"search_term_string"}}],"inLanguage":"nl-NL"},{"@type":"Organization","@id":"https:\/\/talkpal.ai\/nl\/#organization","name":"Talkpal, Inc.","alternateName":"Talkpal AI","url":"https:\/\/talkpal.ai\/nl\/","logo":{"@type":"ImageObject","inLanguage":"nl-NL","@id":"https:\/\/talkpal.ai\/nl\/#\/schema\/logo\/image\/","url":"https:\/\/talkpal.ai\/wp-content\/uploads\/2024\/03\/Talkpal-Logo-Icon.png","contentUrl":"https:\/\/talkpal.ai\/wp-content\/uploads\/2024\/03\/Talkpal-Logo-Icon.png","width":2880,"height":2880,"caption":"Talkpal, Inc."},"image":{"@id":"https:\/\/talkpal.ai\/nl\/#\/schema\/logo\/image\/"},"sameAs":["https:\/\/www.facebook.com\/profile.php?id=100090733639311","https:\/\/x.com\/talkpalai","https:\/\/www.linkedin.com\/company\/talkpal\/","https:\/\/www.youtube.com\/@TalkPal\/","https:\/\/www.tiktok.com\/@talkpal","https:\/\/www.instagram.com\/talkpal_ai\/","https:\/\/www.crunchbase.com\/organization\/talkpal-9cde","https:\/\/www.g2.com\/products\/talkpal-for-business\/","https:\/\/www.trustpilot.com\/review\/talkpal.ai","https:\/\/www.capterra.com\/p\/10006800\/TalkPal\/"],"description":"Talkpal is a language learning web and mobile education app, powered by the latest AI technologies, that provides engaging experiences to its customers in many different languages to help them improve their language skills. Users can chat about unlimited amount of topics with the app and use other modes to practice their language learning.","email":"support@talkpal.ai","legalName":"Talkpal, Inc.","foundingDate":"2023-04-03","duns":"118989042","numberOfEmployees":{"@type":"QuantitativeValue","minValue":"11","maxValue":"50"},"publishingPrinciples":"https:\/\/talkpal.ai\/publishing-principles\/","actionableFeedbackPolicy":"https:\/\/talkpal.ai\/actionable-feedback-policy\/","correctionsPolicy":"https:\/\/talkpal.ai\/corrections-policy\/","ethicsPolicy":"https:\/\/talkpal.ai\/ethics-policy\/","diversityPolicy":"https:\/\/talkpal.ai\/diversity-policy\/","diversityStaffingReport":"https:\/\/talkpal.ai\/diversity-policy\/"}]}},"_links":{"self":[{"href":"https:\/\/talkpal.ai\/nl\/wp-json\/wp\/v2\/pages\/165196","targetHints":{"allow":["GET"]}}],"collection":[{"href":"https:\/\/talkpal.ai\/nl\/wp-json\/wp\/v2\/pages"}],"about":[{"href":"https:\/\/talkpal.ai\/nl\/wp-json\/wp\/v2\/types\/page"}],"author":[{"embeddable":true,"href":"https:\/\/talkpal.ai\/nl\/wp-json\/wp\/v2\/users\/6"}],"replies":[{"embeddable":true,"href":"https:\/\/talkpal.ai\/nl\/wp-json\/wp\/v2\/comments?post=165196"}],"version-history":[{"count":0,"href":"https:\/\/talkpal.ai\/nl\/wp-json\/wp\/v2\/pages\/165196\/revisions"}],"wp:featuredmedia":[{"embeddable":true,"href":"https:\/\/talkpal.ai\/nl\/wp-json\/wp\/v2\/media\/28202"}],"wp:attachment":[{"href":"https:\/\/talkpal.ai\/nl\/wp-json\/wp\/v2\/media?parent=165196"}],"curies":[{"name":"wp","href":"https:\/\/api.w.org\/{rel}","templated":true}]}}