{"id":164248,"date":"2023-06-16T13:02:09","date_gmt":"2023-06-16T13:02:09","guid":{"rendered":"http:\/\/talkpal.ai\/kroatische-grammatica-oefeningen\/"},"modified":"2025-12-17T16:27:04","modified_gmt":"2025-12-17T16:27:04","slug":"kroatische-grammatica-oefeningen","status":"publish","type":"page","link":"https:\/\/talkpal.ai\/nl\/kroatische-grammatica-oefeningen\/","title":{"rendered":"Kroatische grammatica-oefeningen"},"content":{"rendered":"\r\n\r\n\r\n<section class=\"languageChallengeSection\">\r\n    <div class=\"languageInfoWrapper\">\r\n        \r\n        <h1>Kroatische grammatica-oefeningen<\/h1>\r\n        <p>Wil je zelfverzekerder worden in het <a href=\"https:\/\/talkpal.ai\/learn-croatian\/\">Kroatisch<\/a>? Door grammatica-oefeningen te doen krijg je de zinsbouw, werkwoordsvormen en de unieke kenmerken <a href=\"https:\/\/talkpal.ai\/locations\/language-courses-in-van\/\">van<\/a> de Kroatische taal onder de knie. Begin vandaag nog met het verkennen van de <a href=\"https:\/\/talkpal.ai\/es\/gramatica-croata\/\">Kroatische grammatica<\/a> en zie hoe je vaardigheden en spreekvaardigheid verbeteren met elke nieuwe oefening!\n\n<\/p>\r\n\r\n                            <a class=\"getStartedHidden\" href=\"https:\/\/app.talkpal.ai\/nl\/signup?lng=\">Ga aan de slag<\/a>\r\n        \r\n    <\/div>\r\n\r\n    <figure>\r\n    <img decoding=\"async\" width=\"768\" height=\"768\" src=\"https:\/\/talkpal.ai\/wp-content\/uploads\/2023\/06\/croatian-768x768.png\" class=\"languageImage no-lazy\" alt=\"Default alt text\" fetchpriority=\"high\" sizes=\"(max-width: 768px) 150px, 768px\" srcset=\"https:\/\/talkpal.ai\/wp-content\/uploads\/2023\/06\/croatian-768x768.png 768w, https:\/\/talkpal.ai\/wp-content\/uploads\/2023\/06\/croatian-300x300.png 300w\" \/>\r\n    \r\n\r\n    <\/figure>\r\n\r\n            <a class=\"getStartedVisible\" href=\"https:\/\/app.talkpal.ai\/nl\/signup?lng=\">Ga aan de slag<\/a>\r\n    \r\n<\/section>\r\n\r\n\r\n<!-- <section class=\"grammarSection\">\r\n    <div class=\"grammarLinks\">\r\n        <a href=\"https:\/\/talkpal.ai\/nl\/exercise_language\/artikelen-kroatische-grammatica\/\">Artikelen \u2013 Kroatische grammatica<\/a><a href=\"https:\/\/talkpal.ai\/nl\/exercise_language\/bijvoeglijke-naamwoorden-kroatische-grammatica\/\">Bijvoeglijke naamwoorden <\/a><a href=\"https:\/\/talkpal.ai\/nl\/exercise_language\/bijwoorden-kroatische-grammatica\/\">Bijwoorden \u2013 Kroatische grammatica<\/a><a href=\"https:\/\/talkpal.ai\/nl\/exercise_language\/gespannen-vergelijking-kroatische-grammatica\/\">Gespannen vergelijking \u2013 Kroatische grammatica<\/a><a href=\"https:\/\/talkpal.ai\/nl\/exercise_language\/perfect-progressive-kroatische-grammatica\/\">Perfect Progressive \u2013 Kroatische grammatica<\/a><a href=\"https:\/\/talkpal.ai\/nl\/exercise_language\/progressief-kroatische-grammatica\/\">Progressief <\/a><a href=\"https:\/\/talkpal.ai\/nl\/exercise_language\/tijden-kroatische-grammatica\/\">Tijden <\/a><a href=\"https:\/\/talkpal.ai\/nl\/exercise_language\/voornaamwoorden-bepalers-kroatische-grammatica\/\">Voornaamwoorden\/bepalers <\/a><a href=\"https:\/\/talkpal.ai\/nl\/exercise_language\/voorwaardelijke-taal-kroatische-grammatica\/\">Voorwaardelijke taal \u2013 Kroatische grammatica<\/a><a href=\"https:\/\/talkpal.ai\/nl\/exercise_language\/voorzetsels-kroatische-grammatica\/\">Voorzetsels \u2013 Kroatische grammatica<\/a><a href=\"https:\/\/talkpal.ai\/nl\/exercise_language\/werkwoorden-kroatische-grammatica\/\">Werkwoorden <\/a><a href=\"https:\/\/talkpal.ai\/nl\/exercise_language\/zelfstandige-naamwoorden-kroatische-grammatica\/\">Zelfstandige naamwoorden \u2013 Kroatische grammatica<\/a><a href=\"https:\/\/talkpal.ai\/nl\/exercise_language\/zinnen-kroatische-grammatica\/\">Zinnen \u2013 Kroatische grammatica<\/a>    <\/div>\r\n<\/section> -->\r\n\r\n\r\n\r\n\r\n        <section class=\"grammarSection\">\r\n            <div class=\"grammarLinks\">\r\n                <a href=\"https:\/\/talkpal.ai\/nl\/exercise_language\/artikelen-kroatische-grammatica\/\">Artikelen \u2013 Kroatische grammatica<\/a><a href=\"https:\/\/talkpal.ai\/nl\/exercise_language\/bijvoeglijke-naamwoorden-kroatische-grammatica\/\">Bijvoeglijke naamwoorden <\/a><a href=\"https:\/\/talkpal.ai\/nl\/exercise_language\/bijwoorden-kroatische-grammatica\/\">Bijwoorden \u2013 Kroatische grammatica<\/a><a href=\"https:\/\/talkpal.ai\/nl\/exercise_language\/gespannen-vergelijking-kroatische-grammatica\/\">Gespannen vergelijking \u2013 Kroatische grammatica<\/a><a href=\"https:\/\/talkpal.ai\/nl\/exercise_language\/perfect-progressive-kroatische-grammatica\/\">Perfect Progressive \u2013 Kroatische grammatica<\/a><a href=\"https:\/\/talkpal.ai\/nl\/exercise_language\/progressief-kroatische-grammatica\/\">Progressief <\/a><a href=\"https:\/\/talkpal.ai\/nl\/exercise_language\/tijden-kroatische-grammatica\/\">Tijden <\/a><a href=\"https:\/\/talkpal.ai\/nl\/exercise_language\/voornaamwoorden-bepalers-kroatische-grammatica\/\">Voornaamwoorden\/bepalers <\/a><a href=\"https:\/\/talkpal.ai\/nl\/exercise_language\/voorwaardelijke-taal-kroatische-grammatica\/\">Voorwaardelijke taal \u2013 Kroatische grammatica<\/a><a href=\"https:\/\/talkpal.ai\/nl\/exercise_language\/voorzetsels-kroatische-grammatica\/\">Voorzetsels \u2013 Kroatische grammatica<\/a><a href=\"https:\/\/talkpal.ai\/nl\/exercise_language\/werkwoorden-kroatische-grammatica\/\">Werkwoorden <\/a><a href=\"https:\/\/talkpal.ai\/nl\/exercise_language\/zelfstandige-naamwoorden-kroatische-grammatica\/\">Zelfstandige naamwoorden \u2013 Kroatische grammatica<\/a><a href=\"https:\/\/talkpal.ai\/nl\/exercise_language\/zinnen-kroatische-grammatica\/\">Zinnen \u2013 Kroatische grammatica<\/a>            <\/div>\r\n        <\/section>\r\n<section class=\"promotionalBanner\">\r\n    <p class=\"promotionalText\">De meest effici\u00ebnte manier om een taal te leren<\/p>\r\n    <a class=\"promotionalLink\" href=\"https:\/\/app.talkpal.ai\/nl\/signup?lng=\">Probeer Talkpal gratis<\/a>\r\n<\/section>\n<div class=\"wp-block-group pageContainerStyle\"><div class=\"wp-block-group__inner-container is-layout-constrained wp-block-group-is-layout-constrained\">\n<h2 class=\"wp-block-heading\" id=\"h-croatian-grammar-topics\">Kroatische grammatica onderwerpen<\/h2>\n\n\n\n<p>Kroatisch, een Zuid-Slavische taal, is de offici\u00eble taal van Kroati\u00eb en een van de offici\u00eble talen van Bosni\u00eb en Herzegovina. Het is een complexe en rijke taal, met een lange geschiedenis en een uniek grammaticasysteem. Voor leerlingen is het essentieel om de fundamentele aspecten van de Kroatische grammatica te begrijpen om de taal onder de knie te krijgen. Deze gids helpt u bij het navigeren door de belangrijkste grammaticale onderwerpen zoals tijden, werkwoorden, <a href=\"https:\/\/talkpal.ai\/nl\/grammar\/overeenkomst-met-zelfstandige-naamwoorden-geslacht-en-getal-in-authentieke-grammatica\/\">zelfstandige naamwoorden<\/a> en meer, in een volgorde die uw leerproces zal vergemakkelijken en een sterke basis zal bieden om deze prachtige taal onder de knie te krijgen.<\/p>\n\n\n\n<h3 class=\"wp-block-heading\" id=\"h-1-nouns\">1. Zelfstandige naamwoorden:<\/h3>\n\n\n\n<p><a href=\"https:\/\/talkpal.ai\/nl\/grammar\/overeenkomst-met-zelfstandige-naamwoorden-geslacht-en-getal-in-authentieke-grammatica\/\">Zelfstandige naamwoorden<\/a> zijn de eerste bouwsteen van elke taal, en Kroatische zelfstandige naamwoorden hebben drie geslachten &#8211; mannelijk, vrouwelijk en onzijdig, die de declinatie en overeenkomst met bijvoeglijke naamwoorden en voornaamwoorden be\u00efnvloeden. Maak uzelf vertrouwd met de verschillende geslachten en hun respectievelijke eindes.<\/p>\n\n\n\n<h3 class=\"wp-block-heading\" id=\"h-2-articles\">2. Artikelen:<\/h3>\n\n\n\n<p>Kroatisch heeft geen lidwoorden zoals &#8220;the&#8221; of &#8220;a&#8221; in het <a href=\"https:\/\/talkpal.ai\/learn-english-with-ai\/\">Engels<\/a>, waardoor het voor beginners makkelijker is om <a href=\"https:\/\/talkpal.ai\/nl\/grammar\/eenvoudige-zinnen-in-welshe-grammatica\/\">eenvoudige zinnen<\/a> te maken zonder zich zorgen te maken over het gebruik van lidwoorden.<\/p>\n\n\n\n<h3 class=\"wp-block-heading\" id=\"h-3-pronouns-determiners\">3. Voornaamwoorden\/determinanten:<\/h3>\n\n\n\n<p>Voornaamwoorden worden gebruikt om zelfstandige naamwoorden in zinnen te vervangen, terwijl determinanten de specificiteit van een zelfstandig naamwoord aangeven. Leer de verschillende soorten voornaamwoorden (persoonlijk, bezittelijk, aanwijzend, enz.) en hun verbuiging volgens geslacht, nummer en naamval.<\/p>\n\n\n\n<h3 class=\"wp-block-heading\" id=\"h-4-adjectives\">4. Bijvoeglijke naamwoorden:<\/h3>\n\n\n\n<p>Bijvoeglijke naamwoorden beschrijven de kwaliteiten van zelfstandige naamwoorden en ze komen overeen met het geslacht, het aantal en de naamval van het zelfstandig naamwoord dat ze wijzigen. Leer de basisvormen en verbuigingspatronen van bijvoeglijke naamwoorden.<\/p>\n\n\n\n<h3 class=\"wp-block-heading\" id=\"h-5-verbs\">5. Werkwoorden:<\/h3>\n\n\n\n<p>Werkwoorden zijn de kern van elke zin en drukken acties of toestanden uit. Kroatische werkwoorden worden vervoegd op basis van tijd, stemming, stem en persoon. Begin met de meest voorkomende regelmatige werkwoorden en hun vervoegingspatronen in de tegenwoordige tijd.<\/p>\n\n\n\n<h3 class=\"wp-block-heading\" id=\"h-6-tenses\">6. Tijden:<\/h3>\n\n\n\n<p>Kroatisch heeft zeven tijden &#8211; tegenwoordige tijd, toekomende tijd I, toekomende tijd II, verleden tijd, voltooid verleden tijd, aorist en onvoltooid verleden tijd. Begin met de tegenwoordige tijd en ga dan verder met verleden en toekomstige tijd, waarbij je de vervoegingspatronen voor elk leert.<\/p>\n\n\n\n<h3 class=\"wp-block-heading\" id=\"h-7-tense-comparison\">7. Gespannen vergelijking:<\/h3>\n\n\n\n<p>Het begrijpen van de verschillen en overeenkomsten tussen de tijden is cruciaal om het Kroatisch onder de knie te krijgen. Vergelijk de tijden en oefen met het gebruik ervan in context.<\/p>\n\n\n\n<h3 class=\"wp-block-heading\" id=\"h-8-progressive\">8. Progressief:<\/h3>\n\n\n\n<p>Het progressieve aspect drukt acties uit die doorlopend of continu zijn. Het Kroatisch heeft geen aparte progressieve vorm zoals het Engels, maar je kunt de progressieve betekenis overbrengen door specifieke werkwoordsvormen, bijwoorden of constructies te gebruiken.<\/p>\n\n\n\n<h3 class=\"wp-block-heading\" id=\"h-9-perfect-progressive\">9. Perfect progressief:<\/h3>\n\n\n\n<p>Dit aspect combineert de perfecte en progressieve betekenissen. In het Kroatisch wordt het uitgedrukt door de voltooid verleden tijd te gebruiken met een specifieke werkwoordsvorm of constructie die continue actie aangeeft.<\/p>\n\n\n\n<h3 class=\"wp-block-heading\" id=\"h-10-adverbs\">10. Bijwoorden:<\/h3>\n\n\n\n<p>Bijwoorden wijzigen werkwoorden, bijvoeglijke naamwoorden of andere bijwoorden, en ze geven meestal manier, plaats, tijd of graad aan. Leer de meest voorkomende Kroatische bijwoorden en hun plaatsing in zinnen.<\/p>\n\n\n\n<h3 class=\"wp-block-heading\" id=\"h-11-prepositions\">11. Voorzetsels:<\/h3>\n\n\n\n<p>Voorzetsels worden gebruikt om relaties tussen woorden aan te geven, zoals locatie, richting, tijd of bezit. Leer de meest voorkomende Kroatische voorzetsels en de naamvallen die ze beheersen.<\/p>\n\n\n\n<h3 class=\"wp-block-heading\" id=\"h-12-conditionals\">12. Voorwaardelijk:<\/h3>\n\n\n\n<p>Conditionals drukken hypothetische situaties of voorwaarden uit en hun gevolgen. Kroatisch kent drie soorten conditionals: echt, onecht en gemengd. Leer de vorming en het gebruik van elk type.<\/p>\n\n\n\n<h3 class=\"wp-block-heading\" id=\"h-13-sentences\">13. Zinnen:<\/h3>\n\n\n\n<p>Oefen ten slotte met het combineren van alle grammatica-elementen die je hebt geleerd om eenvoudige en complexe zinnen in het Kroatisch te construeren. Dit zal u helpen uw taalvaardigheid en begrip van de Kroatische grammatica als geheel te ontwikkelen.<\/p>\n<\/div><\/div>\n\r\n<section class=\"learnNavigationSection\">\r\n            \r\n        <a href=\"https:\/\/talkpal.ai\/nl\/kroatisch-leren\/\">\r\n            <div class=\"learnNavigationWrapper\">\r\n                <div class=\"learnNavigationContent\">\r\n                    <img decoding=\"async\" src=\"https:\/\/talkpal.ai\/wp-content\/uploads\/2024\/08\/Croatian.jpg\" alt=\"Croatian Flag\">\r\n                    <div>\r\n                        <h4>Over Kroatisch leren<\/h4>\r\n                        <p>Ontdek alles over de Kroatische grammatica.<\/p>\r\n                    <\/div>\r\n                <\/div>\r\n            <\/div>\r\n        <\/a>\r\n\r\n        \r\n        <a href=\"https:\/\/talkpal.ai\/nl\/kroatische-grammatica\/\">\r\n            <div class=\"learnNavigationWrapper\">\r\n                <div class=\"learnNavigationContent\">\r\n                    <img decoding=\"async\" src=\"https:\/\/talkpal.ai\/wp-content\/uploads\/2024\/08\/Croatian.jpg\" alt=\"Croatian Flag\">\r\n                    <div>\r\n                        <h4>Grammaticalessen Kroatisch<\/h4>\r\n                        <p>Oefen de Kroatische grammatica.<\/p>\r\n                    <\/div>\r\n                <\/div>\r\n            <\/div>\r\n        <\/a>\r\n\r\n        \r\n        <a href=\"https:\/\/talkpal.ai\/vocabulary_language\/croatian\/\">\r\n            <div class=\"learnNavigationWrapper\">\r\n                <div class=\"learnNavigationContent\">\r\n                    <img decoding=\"async\" src=\"https:\/\/talkpal.ai\/wp-content\/uploads\/2024\/08\/Croatian.jpg\" alt=\"Croatian Flag\">\r\n                    <div>\r\n                        <h4>Kroatische woordenschat<\/h4>\r\n                        <p>Breid je Kroatische woordenschat uit.<\/p>\r\n                    <\/div>\r\n                <\/div>\r\n            <\/div>\r\n        <\/a>\r\n\r\n            <\/section>","protected":false},"excerpt":{"rendered":"<p>Kroatische grammatica onderwerpen Kroatisch, een Zuid-Slavische taal, is de offici\u00eble taal van Kroati\u00eb en een van de offici\u00eble talen van Bosni\u00eb en Herzegovina. Het is een complexe en rijke taal, met een lange geschiedenis en een uniek grammaticasysteem. Voor leerlingen is het essentieel om de fundamentele aspecten van de Kroatische grammatica te begrijpen om de [&hellip;]<\/p>\n","protected":false},"author":6,"featured_media":269376,"parent":0,"menu_order":0,"comment_status":"closed","ping_status":"closed","template":"LearningContentPage.php","meta":{"_acf_changed":false,"footnotes":""},"class_list":["post-164248","page","type-page","status-publish","has-post-thumbnail","hentry"],"acf":[],"yoast_head":"<!-- This site is optimized with the Yoast SEO Premium plugin v27.2 (Yoast SEO v27.2) - https:\/\/yoast.com\/product\/yoast-seo-premium-wordpress\/ -->\n<title>Kroatische grammatica-oefeningen - Talkpal<\/title>\n<meta name=\"description\" content=\"Leer Kroatisch met effectieve Kroatische grammatica-oefeningen die het leren van tijden, werkwoorden en zelfstandige naamwoorden vereenvoudigen.\" \/>\n<meta name=\"robots\" content=\"index, follow, max-snippet:-1, max-image-preview:large, max-video-preview:-1\" \/>\n<link rel=\"canonical\" href=\"https:\/\/talkpal.ai\/nl\/kroatische-grammatica-oefeningen\/\" \/>\n<meta property=\"og:locale\" content=\"nl_NL\" \/>\n<meta property=\"og:type\" content=\"article\" \/>\n<meta property=\"og:title\" content=\"Kroatische grammatica-oefeningen\" \/>\n<meta property=\"og:description\" content=\"Kroatische grammatica onderwerpen Kroatisch, een Zuid-Slavische taal, is de offici\u00eble taal van Kroati\u00eb en een van de offici\u00eble talen van Bosni\u00eb en\" \/>\n<meta property=\"og:url\" content=\"https:\/\/talkpal.ai\/nl\/kroatische-grammatica-oefeningen\/\" \/>\n<meta property=\"og:site_name\" content=\"Talkpal\" \/>\n<meta property=\"article:publisher\" content=\"https:\/\/www.facebook.com\/profile.php?id=100090733639311\" \/>\n<meta property=\"article:modified_time\" content=\"2025-12-17T16:27:04+00:00\" \/>\n<meta property=\"og:image\" content=\"https:\/\/talkpal.ai\/wp-content\/uploads\/2024\/05\/Talkpal-Illustration-for-Vocabulary140-1024x574.png\" \/>\n\t<meta property=\"og:image:width\" content=\"1024\" \/>\n\t<meta property=\"og:image:height\" content=\"574\" \/>\n\t<meta property=\"og:image:type\" content=\"image\/png\" \/>\n<meta name=\"twitter:card\" content=\"summary_large_image\" \/>\n<meta name=\"twitter:site\" content=\"@talkpalai\" \/>\n<meta name=\"twitter:label1\" content=\"Geschatte leestijd\" \/>\n\t<meta name=\"twitter:data1\" content=\"3 minuten\" \/>\n<script type=\"application\/ld+json\" class=\"yoast-schema-graph\">{\"@context\":\"https:\/\/schema.org\",\"@graph\":[{\"@type\":\"WebPage\",\"@id\":\"https:\/\/talkpal.ai\/nl\/kroatische-grammatica-oefeningen\/\",\"url\":\"https:\/\/talkpal.ai\/nl\/kroatische-grammatica-oefeningen\/\",\"name\":\"Kroatische grammatica-oefeningen - Talkpal\",\"isPartOf\":{\"@id\":\"https:\/\/talkpal.ai\/nl\/#website\"},\"primaryImageOfPage\":{\"@id\":\"https:\/\/talkpal.ai\/nl\/kroatische-grammatica-oefeningen\/#primaryimage\"},\"image\":{\"@id\":\"https:\/\/talkpal.ai\/nl\/kroatische-grammatica-oefeningen\/#primaryimage\"},\"thumbnailUrl\":\"https:\/\/talkpal.ai\/wp-content\/uploads\/2024\/05\/Talkpal-Illustration-for-Vocabulary140.png\",\"datePublished\":\"2023-06-16T13:02:09+00:00\",\"dateModified\":\"2025-12-17T16:27:04+00:00\",\"description\":\"Leer Kroatisch met effectieve Kroatische grammatica-oefeningen die het leren van tijden, werkwoorden en zelfstandige naamwoorden vereenvoudigen.\",\"breadcrumb\":{\"@id\":\"https:\/\/talkpal.ai\/nl\/kroatische-grammatica-oefeningen\/#breadcrumb\"},\"inLanguage\":\"nl-NL\",\"potentialAction\":[{\"@type\":\"ReadAction\",\"target\":[\"https:\/\/talkpal.ai\/nl\/kroatische-grammatica-oefeningen\/\"]}]},{\"@type\":\"ImageObject\",\"inLanguage\":\"nl-NL\",\"@id\":\"https:\/\/talkpal.ai\/nl\/kroatische-grammatica-oefeningen\/#primaryimage\",\"url\":\"https:\/\/talkpal.ai\/wp-content\/uploads\/2024\/05\/Talkpal-Illustration-for-Vocabulary140.png\",\"contentUrl\":\"https:\/\/talkpal.ai\/wp-content\/uploads\/2024\/05\/Talkpal-Illustration-for-Vocabulary140.png\",\"width\":1456,\"height\":816},{\"@type\":\"BreadcrumbList\",\"@id\":\"https:\/\/talkpal.ai\/nl\/kroatische-grammatica-oefeningen\/#breadcrumb\",\"itemListElement\":[{\"@type\":\"ListItem\",\"position\":1,\"name\":\"Homepage\",\"item\":\"https:\/\/talkpal.ai\/nl\/\"},{\"@type\":\"ListItem\",\"position\":2,\"name\":\"Kroatische grammatica-oefeningen\"}]},{\"@type\":\"WebSite\",\"@id\":\"https:\/\/talkpal.ai\/nl\/#website\",\"url\":\"https:\/\/talkpal.ai\/nl\/\",\"name\":\"Talkpal\",\"description\":\"AI Language Learning\",\"publisher\":{\"@id\":\"https:\/\/talkpal.ai\/nl\/#organization\"},\"alternateName\":\"Talkpal AI\",\"potentialAction\":[{\"@type\":\"SearchAction\",\"target\":{\"@type\":\"EntryPoint\",\"urlTemplate\":\"https:\/\/talkpal.ai\/nl\/?s={search_term_string}\"},\"query-input\":{\"@type\":\"PropertyValueSpecification\",\"valueRequired\":true,\"valueName\":\"search_term_string\"}}],\"inLanguage\":\"nl-NL\"},{\"@type\":\"Organization\",\"@id\":\"https:\/\/talkpal.ai\/nl\/#organization\",\"name\":\"Talkpal, Inc.\",\"alternateName\":\"Talkpal AI\",\"url\":\"https:\/\/talkpal.ai\/nl\/\",\"logo\":{\"@type\":\"ImageObject\",\"inLanguage\":\"nl-NL\",\"@id\":\"https:\/\/talkpal.ai\/nl\/#\/schema\/logo\/image\/\",\"url\":\"https:\/\/talkpal.ai\/wp-content\/uploads\/2024\/03\/Talkpal-Logo-Icon.png\",\"contentUrl\":\"https:\/\/talkpal.ai\/wp-content\/uploads\/2024\/03\/Talkpal-Logo-Icon.png\",\"width\":2880,\"height\":2880,\"caption\":\"Talkpal, Inc.\"},\"image\":{\"@id\":\"https:\/\/talkpal.ai\/nl\/#\/schema\/logo\/image\/\"},\"sameAs\":[\"https:\/\/www.facebook.com\/profile.php?id=100090733639311\",\"https:\/\/x.com\/talkpalai\",\"https:\/\/www.linkedin.com\/company\/talkpal\/\",\"https:\/\/www.youtube.com\/@TalkPal\/\",\"https:\/\/www.tiktok.com\/@talkpal\",\"https:\/\/www.instagram.com\/talkpal_ai\/\",\"https:\/\/www.crunchbase.com\/organization\/talkpal-9cde\",\"https:\/\/www.g2.com\/products\/talkpal-for-business\/\",\"https:\/\/www.trustpilot.com\/review\/talkpal.ai\",\"https:\/\/www.capterra.com\/p\/10006800\/TalkPal\/\"],\"description\":\"Talkpal is a language learning web and mobile education app, powered by the latest AI technologies, that provides engaging experiences to its customers in many different languages to help them improve their language skills. Users can chat about unlimited amount of topics with the app and use other modes to practice their language learning.\",\"email\":\"support@talkpal.ai\",\"legalName\":\"Talkpal, Inc.\",\"foundingDate\":\"2023-04-03\",\"duns\":\"118989042\",\"numberOfEmployees\":{\"@type\":\"QuantitativeValue\",\"minValue\":\"11\",\"maxValue\":\"50\"},\"publishingPrinciples\":\"https:\/\/talkpal.ai\/publishing-principles\/\",\"actionableFeedbackPolicy\":\"https:\/\/talkpal.ai\/actionable-feedback-policy\/\",\"correctionsPolicy\":\"https:\/\/talkpal.ai\/corrections-policy\/\",\"ethicsPolicy\":\"https:\/\/talkpal.ai\/ethics-policy\/\",\"diversityPolicy\":\"https:\/\/talkpal.ai\/diversity-policy\/\",\"diversityStaffingReport\":\"https:\/\/talkpal.ai\/diversity-policy\/\"}]}<\/script>\n<!-- \/ Yoast SEO Premium plugin. -->","yoast_head_json":{"title":"Kroatische grammatica-oefeningen - Talkpal","description":"Leer Kroatisch met effectieve Kroatische grammatica-oefeningen die het leren van tijden, werkwoorden en zelfstandige naamwoorden vereenvoudigen.","robots":{"index":"index","follow":"follow","max-snippet":"max-snippet:-1","max-image-preview":"max-image-preview:large","max-video-preview":"max-video-preview:-1"},"canonical":"https:\/\/talkpal.ai\/nl\/kroatische-grammatica-oefeningen\/","og_locale":"nl_NL","og_type":"article","og_title":"Kroatische grammatica-oefeningen","og_description":"Kroatische grammatica onderwerpen Kroatisch, een Zuid-Slavische taal, is de offici\u00eble taal van Kroati\u00eb en een van de offici\u00eble talen van Bosni\u00eb en","og_url":"https:\/\/talkpal.ai\/nl\/kroatische-grammatica-oefeningen\/","og_site_name":"Talkpal","article_publisher":"https:\/\/www.facebook.com\/profile.php?id=100090733639311","article_modified_time":"2025-12-17T16:27:04+00:00","og_image":[{"width":1024,"height":574,"url":"https:\/\/talkpal.ai\/wp-content\/uploads\/2024\/05\/Talkpal-Illustration-for-Vocabulary140-1024x574.png","type":"image\/png"}],"twitter_card":"summary_large_image","twitter_site":"@talkpalai","twitter_misc":{"Geschatte leestijd":"3 minuten"},"schema":{"@context":"https:\/\/schema.org","@graph":[{"@type":"WebPage","@id":"https:\/\/talkpal.ai\/nl\/kroatische-grammatica-oefeningen\/","url":"https:\/\/talkpal.ai\/nl\/kroatische-grammatica-oefeningen\/","name":"Kroatische grammatica-oefeningen - Talkpal","isPartOf":{"@id":"https:\/\/talkpal.ai\/nl\/#website"},"primaryImageOfPage":{"@id":"https:\/\/talkpal.ai\/nl\/kroatische-grammatica-oefeningen\/#primaryimage"},"image":{"@id":"https:\/\/talkpal.ai\/nl\/kroatische-grammatica-oefeningen\/#primaryimage"},"thumbnailUrl":"https:\/\/talkpal.ai\/wp-content\/uploads\/2024\/05\/Talkpal-Illustration-for-Vocabulary140.png","datePublished":"2023-06-16T13:02:09+00:00","dateModified":"2025-12-17T16:27:04+00:00","description":"Leer Kroatisch met effectieve Kroatische grammatica-oefeningen die het leren van tijden, werkwoorden en zelfstandige naamwoorden vereenvoudigen.","breadcrumb":{"@id":"https:\/\/talkpal.ai\/nl\/kroatische-grammatica-oefeningen\/#breadcrumb"},"inLanguage":"nl-NL","potentialAction":[{"@type":"ReadAction","target":["https:\/\/talkpal.ai\/nl\/kroatische-grammatica-oefeningen\/"]}]},{"@type":"ImageObject","inLanguage":"nl-NL","@id":"https:\/\/talkpal.ai\/nl\/kroatische-grammatica-oefeningen\/#primaryimage","url":"https:\/\/talkpal.ai\/wp-content\/uploads\/2024\/05\/Talkpal-Illustration-for-Vocabulary140.png","contentUrl":"https:\/\/talkpal.ai\/wp-content\/uploads\/2024\/05\/Talkpal-Illustration-for-Vocabulary140.png","width":1456,"height":816},{"@type":"BreadcrumbList","@id":"https:\/\/talkpal.ai\/nl\/kroatische-grammatica-oefeningen\/#breadcrumb","itemListElement":[{"@type":"ListItem","position":1,"name":"Homepage","item":"https:\/\/talkpal.ai\/nl\/"},{"@type":"ListItem","position":2,"name":"Kroatische grammatica-oefeningen"}]},{"@type":"WebSite","@id":"https:\/\/talkpal.ai\/nl\/#website","url":"https:\/\/talkpal.ai\/nl\/","name":"Talkpal","description":"AI Language Learning","publisher":{"@id":"https:\/\/talkpal.ai\/nl\/#organization"},"alternateName":"Talkpal AI","potentialAction":[{"@type":"SearchAction","target":{"@type":"EntryPoint","urlTemplate":"https:\/\/talkpal.ai\/nl\/?s={search_term_string}"},"query-input":{"@type":"PropertyValueSpecification","valueRequired":true,"valueName":"search_term_string"}}],"inLanguage":"nl-NL"},{"@type":"Organization","@id":"https:\/\/talkpal.ai\/nl\/#organization","name":"Talkpal, Inc.","alternateName":"Talkpal AI","url":"https:\/\/talkpal.ai\/nl\/","logo":{"@type":"ImageObject","inLanguage":"nl-NL","@id":"https:\/\/talkpal.ai\/nl\/#\/schema\/logo\/image\/","url":"https:\/\/talkpal.ai\/wp-content\/uploads\/2024\/03\/Talkpal-Logo-Icon.png","contentUrl":"https:\/\/talkpal.ai\/wp-content\/uploads\/2024\/03\/Talkpal-Logo-Icon.png","width":2880,"height":2880,"caption":"Talkpal, Inc."},"image":{"@id":"https:\/\/talkpal.ai\/nl\/#\/schema\/logo\/image\/"},"sameAs":["https:\/\/www.facebook.com\/profile.php?id=100090733639311","https:\/\/x.com\/talkpalai","https:\/\/www.linkedin.com\/company\/talkpal\/","https:\/\/www.youtube.com\/@TalkPal\/","https:\/\/www.tiktok.com\/@talkpal","https:\/\/www.instagram.com\/talkpal_ai\/","https:\/\/www.crunchbase.com\/organization\/talkpal-9cde","https:\/\/www.g2.com\/products\/talkpal-for-business\/","https:\/\/www.trustpilot.com\/review\/talkpal.ai","https:\/\/www.capterra.com\/p\/10006800\/TalkPal\/"],"description":"Talkpal is a language learning web and mobile education app, powered by the latest AI technologies, that provides engaging experiences to its customers in many different languages to help them improve their language skills. Users can chat about unlimited amount of topics with the app and use other modes to practice their language learning.","email":"support@talkpal.ai","legalName":"Talkpal, Inc.","foundingDate":"2023-04-03","duns":"118989042","numberOfEmployees":{"@type":"QuantitativeValue","minValue":"11","maxValue":"50"},"publishingPrinciples":"https:\/\/talkpal.ai\/publishing-principles\/","actionableFeedbackPolicy":"https:\/\/talkpal.ai\/actionable-feedback-policy\/","correctionsPolicy":"https:\/\/talkpal.ai\/corrections-policy\/","ethicsPolicy":"https:\/\/talkpal.ai\/ethics-policy\/","diversityPolicy":"https:\/\/talkpal.ai\/diversity-policy\/","diversityStaffingReport":"https:\/\/talkpal.ai\/diversity-policy\/"}]}},"_links":{"self":[{"href":"https:\/\/talkpal.ai\/nl\/wp-json\/wp\/v2\/pages\/164248","targetHints":{"allow":["GET"]}}],"collection":[{"href":"https:\/\/talkpal.ai\/nl\/wp-json\/wp\/v2\/pages"}],"about":[{"href":"https:\/\/talkpal.ai\/nl\/wp-json\/wp\/v2\/types\/page"}],"author":[{"embeddable":true,"href":"https:\/\/talkpal.ai\/nl\/wp-json\/wp\/v2\/users\/6"}],"replies":[{"embeddable":true,"href":"https:\/\/talkpal.ai\/nl\/wp-json\/wp\/v2\/comments?post=164248"}],"version-history":[{"count":0,"href":"https:\/\/talkpal.ai\/nl\/wp-json\/wp\/v2\/pages\/164248\/revisions"}],"wp:featuredmedia":[{"embeddable":true,"href":"https:\/\/talkpal.ai\/nl\/wp-json\/wp\/v2\/media\/269376"}],"wp:attachment":[{"href":"https:\/\/talkpal.ai\/nl\/wp-json\/wp\/v2\/media?parent=164248"}],"curies":[{"name":"wp","href":"https:\/\/api.w.org\/{rel}","templated":true}]}}