{"id":153690,"date":"2023-05-14T14:25:05","date_gmt":"2023-05-14T14:25:05","guid":{"rendered":"http:\/\/talkpal.ai\/swahili-grammatica\/"},"modified":"2025-12-13T15:54:37","modified_gmt":"2025-12-13T15:54:37","slug":"swahili-grammatica","status":"publish","type":"page","link":"https:\/\/talkpal.ai\/nl\/swahili-grammatica\/","title":{"rendered":"Swahili Grammatica"},"content":{"rendered":"\r\n\r\n\r\n<section class=\"languageChallengeSection\">\r\n    <div class=\"languageInfoWrapper\">\r\n        \r\n        <h1>Swahili Grammatica<\/h1>\r\n        <p>Ontdek de geheimen <a href=\"https:\/\/talkpal.ai\/locations\/language-courses-in-van\/\">van<\/a> de Swahili-grammatica en verbeter je taalvaardigheden met boeiende lessen en voorbeelden uit de praktijk. Duik in de basisprincipes van zinsbouw, werkwoordspatronen en essenti\u00eble grammaticaregels. Oefen wat je leert met interactieve oefeningen die ontworpen zijn om je begrip te versterken. Begin vandaag nog met het beheersen van de Swahili-grammatica en communiceer met meer zelfvertrouwen!<\/p>\r\n\r\n                            <a class=\"getStartedHidden\" href=\"https:\/\/app.talkpal.ai\/nl\/signup?lng=\">Ga aan de slag<\/a>\r\n        \r\n    <\/div>\r\n\r\n    <figure>\r\n    <img decoding=\"async\" width=\"768\" height=\"768\" src=\"https:\/\/talkpal.ai\/wp-content\/uploads\/2023\/06\/Swahili-768x768.png\" class=\"languageImage no-lazy\" alt=\"Default alt text\" fetchpriority=\"high\" sizes=\"(max-width: 768px) 150px, 768px\" srcset=\"https:\/\/talkpal.ai\/wp-content\/uploads\/2023\/06\/Swahili-768x768.png 768w, https:\/\/talkpal.ai\/wp-content\/uploads\/2023\/06\/Swahili-300x300.png 300w\" \/>\r\n    \r\n\r\n    <\/figure>\r\n\r\n            <a class=\"getStartedVisible\" href=\"https:\/\/app.talkpal.ai\/nl\/signup?lng=\">Ga aan de slag<\/a>\r\n    \r\n<\/section>\r\n        <section class=\"grammarSection\">\r\n            <div class=\"grammarLinks\">\r\n                <a href=\"https:\/\/talkpal.ai\/nl\/language\/artikelen-swahili-grammatica\/\">Artikelen <\/a><a href=\"https:\/\/talkpal.ai\/nl\/language\/bijvoeglijke-naamwoorden-swahili-grammatica\/\">Bijvoeglijke naamwoorden <\/a><a href=\"https:\/\/talkpal.ai\/nl\/language\/bijwoorden-swahili-grammatica\/\">Bijwoorden <\/a><a href=\"https:\/\/talkpal.ai\/nl\/language\/perfect-progressief-swahili-grammatica\/\">Perfect Progressief <\/a><a href=\"https:\/\/talkpal.ai\/nl\/language\/progressief-swahili-grammatica\/\">Progressief <\/a><a href=\"https:\/\/talkpal.ai\/nl\/language\/tijd-vergelijking-swahili-grammatica\/\">Tijd Vergelijking <\/a><a href=\"https:\/\/talkpal.ai\/nl\/language\/tijden-swahili-grammatica\/\">Tijden <\/a><a href=\"https:\/\/talkpal.ai\/nl\/language\/voornaamwoorden-bepalers-swahili-grammatica\/\">Voornaamwoorden\/Bepalers <\/a><a href=\"https:\/\/talkpal.ai\/nl\/language\/voorwaardelijke-voorwaarden-swahili-grammatica\/\">Voorwaardelijke voorwaarden <\/a><a href=\"https:\/\/talkpal.ai\/nl\/language\/voorzetsels-swahili-grammatica\/\">Voorzetsels <\/a><a href=\"https:\/\/talkpal.ai\/nl\/language\/werkwoorden-swahili-grammatica\/\">Werkwoorden <\/a><a href=\"https:\/\/talkpal.ai\/nl\/language\/zelfstandige-naamwoorden-swahili-grammatica\/\">Zelfstandige naamwoorden <\/a><a href=\"https:\/\/talkpal.ai\/nl\/language\/zinnen-swahili-grammatica\/\">Zinnen <\/a>            <\/div>\r\n        <\/section>\r\n    <section class=\"promotionalBanner\">\r\n    <p class=\"promotionalText\">De meest effici\u00ebnte manier om een taal te leren<\/p>\r\n    <a class=\"promotionalLink\" href=\"https:\/\/app.talkpal.ai\/nl\/signup?lng=\">Probeer Talkpal gratis<\/a>\r\n<\/section>\n<div class=\"wp-block-group pageContainerStyle\"><div class=\"wp-block-group__inner-container is-layout-constrained wp-block-group-is-layout-constrained\">\n<h2 class=\"wp-block-heading\" id=\"h-swahili-grammar-demystifying-the-linguistic-adventure\">Swahili Grammatica: Demystificatie van het taalkundige avontuur<\/h2>\n\n\n\n<p><a href=\"https:\/\/talkpal.ai\/swahili-grammar\/\">Swahili grammatica<\/a> &#8211; uitnodigend maar raadselachtig, vloeiend maar intrigerend, levendig maar fascinerend. Als je aan je taalkundige reis naar de Swahili-taal begint, kun je een mengeling van fascinatie en onzekerheid tegenkomen. Maak je geen zorgen, mede-taalfanaten! Wij zijn er om u te helpen navigeren door deze opwindende taalkundige wateren!<\/p>\n\n\n\n<p>In dit artikel geven we een uitgebreid overzicht van de Swahili-grammatica, waarbij we de belangrijkste componenten verkennen, uitleg en voorbeelden geven en de fijne kneepjes vereenvoudigen. Dus laten we de magie van het <a href=\"https:\/\/talkpal.ai\/learn-swahili\/\">Swahili<\/a> loslaten en de mysteries van de <a href=\"https:\/\/talkpal.ai\/grammar\/\">grammatica<\/a> onthullen!<\/p>\n\n\n\n<h3 class=\"wp-block-heading\" id=\"h-1-noun-classes-from-people-to-abstract-ideas\">1. Zelfstandig naamwoordklassen: van mensen tot abstracte idee\u00ebn<\/h3>\n\n\n\n<p>De Swahili-grammatica draait om een onderscheidend maar essentieel classificatiesysteem voor <a href=\"https:\/\/talkpal.ai\/nl\/grammar\/overeenkomst-met-zelfstandige-naamwoorden-geslacht-en-getal-in-authentieke-grammatica\/\">zelfstandige naamwoorden<\/a>. <a href=\"https:\/\/talkpal.ai\/nl\/grammar\/overeenkomst-met-zelfstandige-naamwoorden-geslacht-en-getal-in-authentieke-grammatica\/\">Zelfstandige naamwoorden<\/a> zijn georganiseerd in verschillende klassen op basis van hun betekenis of kenmerken, en elke klasse heeft een specifiek voorvoegsel. Hoewel dit misschien intimiderend lijkt, is het cruciaal bij het vormen van overeenstemming tussen zelfstandige naamwoorden, bijvoeglijke naamwoorden en werkwoorden.<\/p>\n\n\n\n<p>Om dit proces te vereenvoudigen, begint u met u te concentreren op de meest voorkomende zelfstandige naamwoordklassen:<\/p>\n\n\n\n<p><strong>&#8211; Klasse 1: Mensen (bijv. mtu &#8211; persoon)<\/strong><\/p>\n\n\n\n<p><strong>&#8211; Klas 2: meervouden van zelfstandige naamwoorden uit klas 1 (bijv. watu &#8211; mensen)<\/strong><\/p>\n\n\n\n<p><strong>&#8211; Klas 3: Bomen, planten en abstracte zelfstandige naamwoorden (bijv. mti &#8211; boom)<\/strong><\/p>\n\n\n\n<p><strong>&#8211; Klas 4: Levenloze voorwerpen en abstracte zelfstandige naamwoorden (bijv. kiti &#8211; stoel)<\/strong><\/p>\n\n\n\n<p>Onthoud dat oefening kunst baart, en het begrijpen van zelfstandige naamwoordklassen zal in de loop van de tijd gemakkelijker worden!<\/p>\n\n\n\n<h3 class=\"wp-block-heading\" id=\"h-2-adjectives-from-basic-to-intricate-agreement\">2. Bijvoeglijke naamwoorden: van eenvoudige tot ingewikkelde overeenkomst<\/h3>\n\n\n\n<p>Bijvoeglijke naamwoorden in het Swahili komen overeen met het zelfstandig naamwoord, klasse en getal dat ze wijzigen. Als gevolg hiervan hebben bijvoeglijke naamwoorden meerdere voorvoegsels die overeenkomen met verschillende zelfstandige naamwoordklassen. Het goede nieuws is dat veel bijvoeglijke naamwoorden hetzelfde stamwoord delen, waardoor het leren ervan beter beheersbaar is.<\/p>\n\n\n\n<p>De wortel &#8220;-refu&#8221; betekent bijvoorbeeld &#8220;lang&#8221;. Afhankelijk van de naamwoordklasse kan het verschijnen als &#8220;mrefu&#8221; (klasse 1), &#8220;wazuri&#8221; (klasse 2), &#8220;jurefu&#8221; (klasse 3), enzovoort. Met wat oefening is het een fluitje van een cent om grip te krijgen op de overeenkomst tussen bijvoeglijk naamwoord en zelfstandig naamwoord!<\/p>\n\n\n\n<h3 class=\"wp-block-heading\" id=\"h-3-verbs-tense-subject-and-object\">3. Werkwoorden: tijd, onderwerp en lijdend voorwerp<\/h3>\n\n\n\n<p>Swahili-werkwoorden zijn als effici\u00ebnte Zwitserse zakmessen, die tijd, onderwerp en object compact overbrengen, allemaal in \u00e9\u00e9n nette verpakking. Tijden worden gevormd door tijdsmarkeringen aan de werkwoordsstam te bevestigen, terwijl onderwerp- en objectmarkeringen aangeven wie bij de actie betrokken is.<\/p>\n\n\n\n<p>De stam &#8220;-soma&#8221; betekent bijvoorbeeld &#8220;lezen&#8221;. Door verschillende voor- en achtervoegsels toe te voegen, kun je talloze variaties maken: &#8220;anasoma&#8221; (hij\/zij leest), &#8220;alisoma&#8221; (hij\/zij las) of &#8220;atasoma&#8221; (hij\/zij zal lezen).<\/p>\n\n\n\n<h3 class=\"wp-block-heading\" id=\"h-4-word-order-subject-verb-object-for-clarity\">4. Woordvolgorde: onderwerp-werkwoord-object voor de duidelijkheid<\/h3>\n\n\n\n<p>Swahili volgt een eenvoudige, maar duidelijke Subject-Verb-Object (SVO) woordvolgorde, vergelijkbaar met het Engels, wat de zinsconstructie minder ontmoedigend maakt. Bijvoorbeeld, &#8220;Mwanafunzi anasoma kitabu&#8221; vertaalt direct naar &#8220;Student (onderwerp) leest (werkwoord) boek (object)&#8221;.<\/p>\n\n\n\n<h3 class=\"wp-block-heading\" id=\"h-5-embrace-the-challenges-practice-is-key\">5. Omarm de uitdagingen: oefening is de sleutel<\/h3>\n\n\n\n<p>Duiken in de grammatica van het Swahili kan in het begin een beetje overweldigend aanvoelen. Houd er echter rekening mee dat geduld, oefening en doorzettingsvermogen de geheimen van succes zijn. Ga met de taal om door te lezen, schrijven, luisteren en spreken om uw begrip en zelfvertrouwen te verbeteren.<\/p>\n\n\n\n<p>Dus, ben je klaar om de wonderen van de Swahili-grammatica te verkennen? Omarm de fijne kneepjes, geniet van de nuances en onthoud dat je met toewijding en enthousiasme de ware schoonheid van de Swahili-taal kunt ontsluiten. Bahati njema! (Succes!)<\/p>\n<\/div><\/div>\n\r\n<section class=\"learnNavigationSection\">\r\n            \r\n        <a href=\"https:\/\/talkpal.ai\/nl\/leer-swahili\/\">\r\n            <div class=\"learnNavigationWrapper\">\r\n                <div class=\"learnNavigationContent\">\r\n                    <img decoding=\"async\" src=\"https:\/\/talkpal.ai\/wp-content\/uploads\/2024\/08\/Swahili.jpg\" alt=\"Kenya and Tanzania Flags\">\r\n                    <div>\r\n                        <h4>Over Swahili leren<\/h4>\r\n                        <p>Ontdek alles over Swahili grammatica.<\/p>\r\n                    <\/div>\r\n                <\/div>\r\n            <\/div>\r\n        <\/a>\r\n\r\n        \r\n        <a href=\"https:\/\/talkpal.ai\/nl\/swahili-grammatica-oefeningen\/\">\r\n            <div class=\"learnNavigationWrapper\">\r\n                <div class=\"learnNavigationContent\">\r\n                    <img decoding=\"async\" src=\"https:\/\/talkpal.ai\/wp-content\/uploads\/2024\/08\/Swahili.jpg\" alt=\"Kenya and Tanzania Flags\">\r\n                    <div>\r\n                        <h4>Grammatica-oefening Swahili<\/h4>\r\n                        <p>Oefen de Swahili-grammatica .<\/p>\r\n                    <\/div>\r\n                <\/div>\r\n            <\/div>\r\n        <\/a>\r\n\r\n        \r\n        <a href=\"https:\/\/talkpal.ai\/vocabulary_language\/swahili\/\">\r\n            <div class=\"learnNavigationWrapper\">\r\n                <div class=\"learnNavigationContent\">\r\n                    <img decoding=\"async\" src=\"https:\/\/talkpal.ai\/wp-content\/uploads\/2024\/08\/Swahili.jpg\" alt=\"Kenya and Tanzania Flags\">\r\n                    <div>\r\n                        <h4>Swahili woordenschat<\/h4>\r\n                        <p>Breid je Swahili woordenschat uit.<\/p>\r\n                    <\/div>\r\n                <\/div>\r\n            <\/div>\r\n        <\/a>\r\n\r\n            <\/section>","protected":false},"excerpt":{"rendered":"<p>Swahili Grammatica: Demystificatie van het taalkundige avontuur Swahili grammatica &#8211; uitnodigend maar raadselachtig, vloeiend maar intrigerend, levendig maar fascinerend. Als je aan je taalkundige reis naar de Swahili-taal begint, kun je een mengeling van fascinatie en onzekerheid tegenkomen. Maak je geen zorgen, mede-taalfanaten! Wij zijn er om u te helpen navigeren door deze opwindende taalkundige [&hellip;]<\/p>\n","protected":false},"author":1,"featured_media":28682,"parent":0,"menu_order":0,"comment_status":"closed","ping_status":"closed","template":"LearningContentPage.php","meta":{"_acf_changed":false,"footnotes":""},"class_list":["post-153690","page","type-page","status-publish","has-post-thumbnail","hentry"],"acf":[],"yoast_head":"<!-- This site is optimized with the Yoast SEO Premium plugin v27.2 (Yoast SEO v27.2) - https:\/\/yoast.com\/product\/yoast-seo-premium-wordpress\/ -->\n<title>Swahili Grammatica - Talkpal<\/title>\n<meta name=\"description\" content=\"Ontdek de geheimen van de Swahili-grammatica met onze uitgebreide gids! Ontdek de unieke grondstofklassen en belangrijkste componenten.\" \/>\n<meta name=\"robots\" content=\"index, follow, max-snippet:-1, max-image-preview:large, max-video-preview:-1\" \/>\n<link rel=\"canonical\" href=\"https:\/\/talkpal.ai\/nl\/swahili-grammatica\/\" \/>\n<meta property=\"og:locale\" content=\"nl_NL\" \/>\n<meta property=\"og:type\" content=\"article\" \/>\n<meta property=\"og:title\" content=\"Swahili Grammatica\" \/>\n<meta property=\"og:description\" content=\"Swahili Grammatica: Demystificatie van het taalkundige avontuur Swahili grammatica - uitnodigend maar raadselachtig, vloeiend maar intrigerend, levendig\" \/>\n<meta property=\"og:url\" content=\"https:\/\/talkpal.ai\/nl\/swahili-grammatica\/\" \/>\n<meta property=\"og:site_name\" content=\"Talkpal\" \/>\n<meta property=\"article:publisher\" content=\"https:\/\/www.facebook.com\/profile.php?id=100090733639311\" \/>\n<meta property=\"article:modified_time\" content=\"2025-12-13T15:54:37+00:00\" \/>\n<meta property=\"og:image\" content=\"https:\/\/talkpal.ai\/wp-content\/uploads\/2023\/05\/Swahili-tanzania.png\" \/>\n\t<meta property=\"og:image:width\" content=\"512\" \/>\n\t<meta property=\"og:image:height\" content=\"512\" \/>\n\t<meta property=\"og:image:type\" content=\"image\/png\" \/>\n<meta name=\"twitter:card\" content=\"summary_large_image\" \/>\n<meta name=\"twitter:site\" content=\"@talkpalai\" \/>\n<meta name=\"twitter:label1\" content=\"Geschatte leestijd\" \/>\n\t<meta name=\"twitter:data1\" content=\"3 minuten\" \/>\n<script type=\"application\/ld+json\" class=\"yoast-schema-graph\">{\"@context\":\"https:\/\/schema.org\",\"@graph\":[{\"@type\":\"WebPage\",\"@id\":\"https:\/\/talkpal.ai\/nl\/swahili-grammatica\/\",\"url\":\"https:\/\/talkpal.ai\/nl\/swahili-grammatica\/\",\"name\":\"Swahili Grammatica - Talkpal\",\"isPartOf\":{\"@id\":\"https:\/\/talkpal.ai\/nl\/#website\"},\"primaryImageOfPage\":{\"@id\":\"https:\/\/talkpal.ai\/nl\/swahili-grammatica\/#primaryimage\"},\"image\":{\"@id\":\"https:\/\/talkpal.ai\/nl\/swahili-grammatica\/#primaryimage\"},\"thumbnailUrl\":\"https:\/\/talkpal.ai\/wp-content\/uploads\/2023\/05\/Swahili-tanzania.png\",\"datePublished\":\"2023-05-14T14:25:05+00:00\",\"dateModified\":\"2025-12-13T15:54:37+00:00\",\"description\":\"Ontdek de geheimen van de Swahili-grammatica met onze uitgebreide gids! Ontdek de unieke grondstofklassen en belangrijkste componenten.\",\"breadcrumb\":{\"@id\":\"https:\/\/talkpal.ai\/nl\/swahili-grammatica\/#breadcrumb\"},\"inLanguage\":\"nl-NL\",\"potentialAction\":[{\"@type\":\"ReadAction\",\"target\":[\"https:\/\/talkpal.ai\/nl\/swahili-grammatica\/\"]}]},{\"@type\":\"ImageObject\",\"inLanguage\":\"nl-NL\",\"@id\":\"https:\/\/talkpal.ai\/nl\/swahili-grammatica\/#primaryimage\",\"url\":\"https:\/\/talkpal.ai\/wp-content\/uploads\/2023\/05\/Swahili-tanzania.png\",\"contentUrl\":\"https:\/\/talkpal.ai\/wp-content\/uploads\/2023\/05\/Swahili-tanzania.png\",\"width\":512,\"height\":512},{\"@type\":\"BreadcrumbList\",\"@id\":\"https:\/\/talkpal.ai\/nl\/swahili-grammatica\/#breadcrumb\",\"itemListElement\":[{\"@type\":\"ListItem\",\"position\":1,\"name\":\"Homepage\",\"item\":\"https:\/\/talkpal.ai\/nl\/\"},{\"@type\":\"ListItem\",\"position\":2,\"name\":\"Swahili Grammatica\"}]},{\"@type\":\"WebSite\",\"@id\":\"https:\/\/talkpal.ai\/nl\/#website\",\"url\":\"https:\/\/talkpal.ai\/nl\/\",\"name\":\"Talkpal\",\"description\":\"AI Language Learning\",\"publisher\":{\"@id\":\"https:\/\/talkpal.ai\/nl\/#organization\"},\"alternateName\":\"Talkpal AI\",\"potentialAction\":[{\"@type\":\"SearchAction\",\"target\":{\"@type\":\"EntryPoint\",\"urlTemplate\":\"https:\/\/talkpal.ai\/nl\/?s={search_term_string}\"},\"query-input\":{\"@type\":\"PropertyValueSpecification\",\"valueRequired\":true,\"valueName\":\"search_term_string\"}}],\"inLanguage\":\"nl-NL\"},{\"@type\":\"Organization\",\"@id\":\"https:\/\/talkpal.ai\/nl\/#organization\",\"name\":\"Talkpal, Inc.\",\"alternateName\":\"Talkpal AI\",\"url\":\"https:\/\/talkpal.ai\/nl\/\",\"logo\":{\"@type\":\"ImageObject\",\"inLanguage\":\"nl-NL\",\"@id\":\"https:\/\/talkpal.ai\/nl\/#\/schema\/logo\/image\/\",\"url\":\"https:\/\/talkpal.ai\/wp-content\/uploads\/2024\/03\/Talkpal-Logo-Icon.png\",\"contentUrl\":\"https:\/\/talkpal.ai\/wp-content\/uploads\/2024\/03\/Talkpal-Logo-Icon.png\",\"width\":2880,\"height\":2880,\"caption\":\"Talkpal, Inc.\"},\"image\":{\"@id\":\"https:\/\/talkpal.ai\/nl\/#\/schema\/logo\/image\/\"},\"sameAs\":[\"https:\/\/www.facebook.com\/profile.php?id=100090733639311\",\"https:\/\/x.com\/talkpalai\",\"https:\/\/www.linkedin.com\/company\/talkpal\/\",\"https:\/\/www.youtube.com\/@TalkPal\/\",\"https:\/\/www.tiktok.com\/@talkpal\",\"https:\/\/www.instagram.com\/talkpal_ai\/\",\"https:\/\/www.crunchbase.com\/organization\/talkpal-9cde\",\"https:\/\/www.g2.com\/products\/talkpal-for-business\/\",\"https:\/\/www.trustpilot.com\/review\/talkpal.ai\",\"https:\/\/www.capterra.com\/p\/10006800\/TalkPal\/\"],\"description\":\"Talkpal is a language learning web and mobile education app, powered by the latest AI technologies, that provides engaging experiences to its customers in many different languages to help them improve their language skills. Users can chat about unlimited amount of topics with the app and use other modes to practice their language learning.\",\"email\":\"support@talkpal.ai\",\"legalName\":\"Talkpal, Inc.\",\"foundingDate\":\"2023-04-03\",\"duns\":\"118989042\",\"numberOfEmployees\":{\"@type\":\"QuantitativeValue\",\"minValue\":\"11\",\"maxValue\":\"50\"},\"publishingPrinciples\":\"https:\/\/talkpal.ai\/publishing-principles\/\",\"actionableFeedbackPolicy\":\"https:\/\/talkpal.ai\/actionable-feedback-policy\/\",\"correctionsPolicy\":\"https:\/\/talkpal.ai\/corrections-policy\/\",\"ethicsPolicy\":\"https:\/\/talkpal.ai\/ethics-policy\/\",\"diversityPolicy\":\"https:\/\/talkpal.ai\/diversity-policy\/\",\"diversityStaffingReport\":\"https:\/\/talkpal.ai\/diversity-policy\/\"}]}<\/script>\n<!-- \/ Yoast SEO Premium plugin. -->","yoast_head_json":{"title":"Swahili Grammatica - Talkpal","description":"Ontdek de geheimen van de Swahili-grammatica met onze uitgebreide gids! Ontdek de unieke grondstofklassen en belangrijkste componenten.","robots":{"index":"index","follow":"follow","max-snippet":"max-snippet:-1","max-image-preview":"max-image-preview:large","max-video-preview":"max-video-preview:-1"},"canonical":"https:\/\/talkpal.ai\/nl\/swahili-grammatica\/","og_locale":"nl_NL","og_type":"article","og_title":"Swahili Grammatica","og_description":"Swahili Grammatica: Demystificatie van het taalkundige avontuur Swahili grammatica - uitnodigend maar raadselachtig, vloeiend maar intrigerend, levendig","og_url":"https:\/\/talkpal.ai\/nl\/swahili-grammatica\/","og_site_name":"Talkpal","article_publisher":"https:\/\/www.facebook.com\/profile.php?id=100090733639311","article_modified_time":"2025-12-13T15:54:37+00:00","og_image":[{"width":512,"height":512,"url":"https:\/\/talkpal.ai\/wp-content\/uploads\/2023\/05\/Swahili-tanzania.png","type":"image\/png"}],"twitter_card":"summary_large_image","twitter_site":"@talkpalai","twitter_misc":{"Geschatte leestijd":"3 minuten"},"schema":{"@context":"https:\/\/schema.org","@graph":[{"@type":"WebPage","@id":"https:\/\/talkpal.ai\/nl\/swahili-grammatica\/","url":"https:\/\/talkpal.ai\/nl\/swahili-grammatica\/","name":"Swahili Grammatica - Talkpal","isPartOf":{"@id":"https:\/\/talkpal.ai\/nl\/#website"},"primaryImageOfPage":{"@id":"https:\/\/talkpal.ai\/nl\/swahili-grammatica\/#primaryimage"},"image":{"@id":"https:\/\/talkpal.ai\/nl\/swahili-grammatica\/#primaryimage"},"thumbnailUrl":"https:\/\/talkpal.ai\/wp-content\/uploads\/2023\/05\/Swahili-tanzania.png","datePublished":"2023-05-14T14:25:05+00:00","dateModified":"2025-12-13T15:54:37+00:00","description":"Ontdek de geheimen van de Swahili-grammatica met onze uitgebreide gids! Ontdek de unieke grondstofklassen en belangrijkste componenten.","breadcrumb":{"@id":"https:\/\/talkpal.ai\/nl\/swahili-grammatica\/#breadcrumb"},"inLanguage":"nl-NL","potentialAction":[{"@type":"ReadAction","target":["https:\/\/talkpal.ai\/nl\/swahili-grammatica\/"]}]},{"@type":"ImageObject","inLanguage":"nl-NL","@id":"https:\/\/talkpal.ai\/nl\/swahili-grammatica\/#primaryimage","url":"https:\/\/talkpal.ai\/wp-content\/uploads\/2023\/05\/Swahili-tanzania.png","contentUrl":"https:\/\/talkpal.ai\/wp-content\/uploads\/2023\/05\/Swahili-tanzania.png","width":512,"height":512},{"@type":"BreadcrumbList","@id":"https:\/\/talkpal.ai\/nl\/swahili-grammatica\/#breadcrumb","itemListElement":[{"@type":"ListItem","position":1,"name":"Homepage","item":"https:\/\/talkpal.ai\/nl\/"},{"@type":"ListItem","position":2,"name":"Swahili Grammatica"}]},{"@type":"WebSite","@id":"https:\/\/talkpal.ai\/nl\/#website","url":"https:\/\/talkpal.ai\/nl\/","name":"Talkpal","description":"AI Language Learning","publisher":{"@id":"https:\/\/talkpal.ai\/nl\/#organization"},"alternateName":"Talkpal AI","potentialAction":[{"@type":"SearchAction","target":{"@type":"EntryPoint","urlTemplate":"https:\/\/talkpal.ai\/nl\/?s={search_term_string}"},"query-input":{"@type":"PropertyValueSpecification","valueRequired":true,"valueName":"search_term_string"}}],"inLanguage":"nl-NL"},{"@type":"Organization","@id":"https:\/\/talkpal.ai\/nl\/#organization","name":"Talkpal, Inc.","alternateName":"Talkpal AI","url":"https:\/\/talkpal.ai\/nl\/","logo":{"@type":"ImageObject","inLanguage":"nl-NL","@id":"https:\/\/talkpal.ai\/nl\/#\/schema\/logo\/image\/","url":"https:\/\/talkpal.ai\/wp-content\/uploads\/2024\/03\/Talkpal-Logo-Icon.png","contentUrl":"https:\/\/talkpal.ai\/wp-content\/uploads\/2024\/03\/Talkpal-Logo-Icon.png","width":2880,"height":2880,"caption":"Talkpal, Inc."},"image":{"@id":"https:\/\/talkpal.ai\/nl\/#\/schema\/logo\/image\/"},"sameAs":["https:\/\/www.facebook.com\/profile.php?id=100090733639311","https:\/\/x.com\/talkpalai","https:\/\/www.linkedin.com\/company\/talkpal\/","https:\/\/www.youtube.com\/@TalkPal\/","https:\/\/www.tiktok.com\/@talkpal","https:\/\/www.instagram.com\/talkpal_ai\/","https:\/\/www.crunchbase.com\/organization\/talkpal-9cde","https:\/\/www.g2.com\/products\/talkpal-for-business\/","https:\/\/www.trustpilot.com\/review\/talkpal.ai","https:\/\/www.capterra.com\/p\/10006800\/TalkPal\/"],"description":"Talkpal is a language learning web and mobile education app, powered by the latest AI technologies, that provides engaging experiences to its customers in many different languages to help them improve their language skills. Users can chat about unlimited amount of topics with the app and use other modes to practice their language learning.","email":"support@talkpal.ai","legalName":"Talkpal, Inc.","foundingDate":"2023-04-03","duns":"118989042","numberOfEmployees":{"@type":"QuantitativeValue","minValue":"11","maxValue":"50"},"publishingPrinciples":"https:\/\/talkpal.ai\/publishing-principles\/","actionableFeedbackPolicy":"https:\/\/talkpal.ai\/actionable-feedback-policy\/","correctionsPolicy":"https:\/\/talkpal.ai\/corrections-policy\/","ethicsPolicy":"https:\/\/talkpal.ai\/ethics-policy\/","diversityPolicy":"https:\/\/talkpal.ai\/diversity-policy\/","diversityStaffingReport":"https:\/\/talkpal.ai\/diversity-policy\/"}]}},"_links":{"self":[{"href":"https:\/\/talkpal.ai\/nl\/wp-json\/wp\/v2\/pages\/153690","targetHints":{"allow":["GET"]}}],"collection":[{"href":"https:\/\/talkpal.ai\/nl\/wp-json\/wp\/v2\/pages"}],"about":[{"href":"https:\/\/talkpal.ai\/nl\/wp-json\/wp\/v2\/types\/page"}],"author":[{"embeddable":true,"href":"https:\/\/talkpal.ai\/nl\/wp-json\/wp\/v2\/users\/1"}],"replies":[{"embeddable":true,"href":"https:\/\/talkpal.ai\/nl\/wp-json\/wp\/v2\/comments?post=153690"}],"version-history":[{"count":0,"href":"https:\/\/talkpal.ai\/nl\/wp-json\/wp\/v2\/pages\/153690\/revisions"}],"wp:featuredmedia":[{"embeddable":true,"href":"https:\/\/talkpal.ai\/nl\/wp-json\/wp\/v2\/media\/28682"}],"wp:attachment":[{"href":"https:\/\/talkpal.ai\/nl\/wp-json\/wp\/v2\/media?parent=153690"}],"curies":[{"name":"wp","href":"https:\/\/api.w.org\/{rel}","templated":true}]}}