{"id":150133,"date":"2023-05-14T14:19:49","date_gmt":"2023-05-14T14:19:49","guid":{"rendered":"http:\/\/talkpal.ai\/slowaakse-grammatica\/"},"modified":"2025-12-12T11:12:41","modified_gmt":"2025-12-12T11:12:41","slug":"slowaakse-grammatica","status":"publish","type":"page","link":"https:\/\/talkpal.ai\/nl\/slowaakse-grammatica\/","title":{"rendered":"Slowaakse grammatica"},"content":{"rendered":"\r\n\r\n\r\n<section class=\"languageChallengeSection\">\r\n    <div class=\"languageInfoWrapper\">\r\n        \r\n        <h1>Slowaakse grammatica<\/h1>\r\n        <p>Ontdek de schoonheid <a href=\"https:\/\/talkpal.ai\/locations\/language-courses-in-van\/\">van<\/a> de Slowaakse taal door de basisregels van de <a href=\"https:\/\/talkpal.ai\/grammar\/\">grammatica<\/a> te leren. Als je de <a href=\"https:\/\/talkpal.ai\/nl\/grammar\/eenvoudig-versus-continu-in-de-slowaakse-grammatica\/\">Slowaakse grammatica<\/a> begrijpt, kun je zelfverzekerder communiceren en je beter inleven in de rijke tradities van Slowakije. Begin je reis vandaag nog en zet de eerste stap om het <a href=\"https:\/\/talkpal.ai\/learn-slovak\/\">Slowaaks<\/a> onder de knie te krijgen!\n\n<\/p>\r\n\r\n                            <a class=\"getStartedHidden\" href=\"https:\/\/app.talkpal.ai\/nl\/signup?lng=\">Ga aan de slag<\/a>\r\n        \r\n    <\/div>\r\n\r\n    <figure>\r\n    <img decoding=\"async\" width=\"768\" height=\"768\" src=\"https:\/\/talkpal.ai\/wp-content\/uploads\/2023\/06\/slovak-768x768.png\" class=\"languageImage no-lazy\" alt=\"Default alt text\" fetchpriority=\"high\" sizes=\"(max-width: 768px) 150px, 768px\" srcset=\"https:\/\/talkpal.ai\/wp-content\/uploads\/2023\/06\/slovak-768x768.png 768w, https:\/\/talkpal.ai\/wp-content\/uploads\/2023\/06\/slovak-300x300.png 300w\" \/>\r\n    \r\n\r\n    <\/figure>\r\n\r\n            <a class=\"getStartedVisible\" href=\"https:\/\/app.talkpal.ai\/nl\/signup?lng=\">Ga aan de slag<\/a>\r\n    \r\n<\/section>\r\n        <section class=\"grammarSection\">\r\n            <div class=\"grammarLinks\">\r\n                <a href=\"https:\/\/talkpal.ai\/nl\/language\/artikelen-slowaakse-grammatica\/\">Artikelen <\/a><a href=\"https:\/\/talkpal.ai\/nl\/language\/bijvoeglijke-naamwoorden-slowaakse-grammatica\/\">Bijvoeglijke naamwoorden <\/a><a href=\"https:\/\/talkpal.ai\/nl\/language\/bijwoorden-slowaakse-grammatica\/\">Bijwoorden <\/a><a href=\"https:\/\/talkpal.ai\/nl\/language\/gespannen-vergelijking-slowaakse-grammatica\/\">Gespannen vergelijking <\/a><a href=\"https:\/\/talkpal.ai\/nl\/language\/perfect-progressive-slowaakse-grammatica\/\">Perfect Progressive <\/a><a href=\"https:\/\/talkpal.ai\/nl\/language\/progressief-slowaakse-grammatica\/\">Progressief <\/a><a href=\"https:\/\/talkpal.ai\/nl\/language\/tijden-slowaakse-grammatica\/\">Tijden <\/a><a href=\"https:\/\/talkpal.ai\/nl\/language\/voornaamwoorden-bepalers-slowaakse-grammatica\/\">Voornaamwoorden\/bepalers <\/a><a href=\"https:\/\/talkpal.ai\/nl\/language\/voorwaardelijke-taal-slowaakse-grammatica\/\">Voorwaardelijke taal <\/a><a href=\"https:\/\/talkpal.ai\/nl\/language\/voorzetsels-slowaakse-grammatica\/\">Voorzetsels <\/a><a href=\"https:\/\/talkpal.ai\/nl\/language\/werkwoorden-slowaakse-grammatica\/\">Werkwoorden <\/a><a href=\"https:\/\/talkpal.ai\/nl\/language\/zelfstandige-naamwoorden-slowaakse-grammatica\/\">Zelfstandige naamwoorden <\/a><a href=\"https:\/\/talkpal.ai\/nl\/language\/zinnen-slowaakse-grammatica\/\">Zinnen <\/a>            <\/div>\r\n        <\/section>\r\n    <section class=\"promotionalBanner\">\r\n    <p class=\"promotionalText\">De meest effici\u00ebnte manier om een taal te leren<\/p>\r\n    <a class=\"promotionalLink\" href=\"https:\/\/app.talkpal.ai\/nl\/signup?lng=\">Probeer Talkpal gratis<\/a>\r\n<\/section>\n<div class=\"wp-block-group pageContainerStyle\"><div class=\"wp-block-group__inner-container is-layout-constrained wp-block-group-is-layout-constrained\">\n<h2 class=\"wp-block-heading\" id=\"h-slovak-grammar-the-key-to-unlocking-a-beautiful-language\">Slowaakse grammatica: de sleutel tot het ontsluiten van een mooie taal<\/h2>\n\n\n\n<p>Ben je van plan om Slowaaks te leren of ben je gewoon nieuwsgierig naar de unieke grammatica? Je bent op de juiste plek! De Slowaakse grammatica kan op het eerste gezicht intimiderend lijken, maar maak je geen zorgen &#8211; het is eigenlijk heel logisch en beheersbaar. In dit artikel verkennen we de ins en outs van de Slowaakse grammatica om je te helpen de schoonheid ervan beter te begrijpen en te waarderen.<\/p>\n\n\n\n<p>Laten we beginnen met een stukje achtergrond. Slowaaks is een West-Slavische taal die voornamelijk in Slowakije wordt gesproken, maar je kunt ook sprekers in omringende landen vinden. Als Slavische taal heeft het veel overeenkomsten met andere talen in de regio, zoals <a href=\"https:\/\/talkpal.ai\/learn-czech\/\">Tsjechisch<\/a> en <a href=\"https:\/\/talkpal.ai\/learn-polish\/\">Pools<\/a>. Het heeft echter zijn eigen specifieke grammaticaregels en gebruikspatronen die het onderscheiden.<\/p>\n\n\n\n<p>Laten we nu eens duiken in enkele van de belangrijkste aspecten van de Slowaakse grammatica.<\/p>\n\n\n\n<h3 class=\"wp-block-heading\" id=\"h-1-nouns-and-their-cases\">1. Zelfstandige naamwoorden en hun naamvallen<\/h3>\n\n\n\n<p>Een van de meest opvallende kenmerken van de Slowaakse grammatica is het complexe naamvalsysteem. Als je bekend bent met Duits of Russisch, weet je waar we het over hebben: Slowaakse zelfstandige naamwoorden veranderen van vorm afhankelijk van hun functie in een zin. Met zeven naamvallen (nominatief, genitief, datief, accusatief, locatief, instrumentaal en vocatief) kan dit in het begin overweldigend lijken, maar geef niet op! Als je het eenmaal onder de knie hebt, is het ongelooflijk logisch en zelfs leuk.<\/p>\n\n\n\n<p>Neem het zelfstandig naamwoord &#8220;chlapec&#8221; (jongen) als voorbeeld. Het kan veranderen in &#8220;chlapca,&#8221; &#8220;chlapcovi,&#8221; &#8220;chlapcom,&#8221; enzovoort, afhankelijk van of het het onderwerp, object of ontvanger van een actie is. De uitgangen hangen ook af van het geslacht van het zelfstandig naamwoord (mannelijk, vrouwelijk of onzijdig), wat nog meer variatie geeft aan de taal.<\/p>\n\n\n\n<h3 class=\"wp-block-heading\" id=\"h-2-verb-conjugation-and-tenses\">2. Werkwoordvervoeging en tijden<\/h3>\n\n\n\n<p>Slowaakse werkwoorden veranderen hun uitgang op basis van de persoon en het nummer (enkelvoud of meervoud) van het onderwerp. Het werkwoord &#8220;vidie\u0165&#8221; (zien) kan bijvoorbeeld &#8220;vid\u00edm&#8221; (ik zie), &#8220;vid\u00ed\u0161&#8221; (jij ziet), &#8220;vidia&#8221; (zij zien), en andere worden.<\/p>\n\n\n\n<p>Het Slowaaks heeft drie hoofdtijden: verleden, heden en toekomst. Het interessante is dat het Slowaaks, in tegenstelling tot het Engels, meestal geen hulpwerkwoorden gebruikt om deze tijden te vormen. In plaats daarvan worden ze gevormd door de werkwoordsuitgangen te veranderen. Bijvoorbeeld, &#8220;ik zie&#8221; is &#8220;vid\u00edm,&#8221; &#8220;ik zag&#8221; is &#8220;videl som,&#8221; en &#8220;ik zal zien&#8221; is &#8220;uvid\u00edm.&#8221;<\/p>\n\n\n\n<h3 class=\"wp-block-heading\" id=\"h-3-sentence-structure-and-word-order\">3. Zinsbouw en woordvolgorde<\/h3>\n\n\n\n<p>Het Slowaaks heeft een relatief flexibele woordvolgorde, dankzij het systeem van naamwoorden en werkwoordvervoegingen. Dit betekent dat je, in tegenstelling tot het Engels, woorden op verschillende posities in een zin kunt plaatsen zonder de betekenis te veranderen &#8211; &#8220;chlapec vid\u00ed psa&#8221; (de jongen ziet de hond) kan bijvoorbeeld ook &#8220;psa vid\u00ed chlapec&#8221; zijn en nog steeds dezelfde betekenis hebben.<\/p>\n\n\n\n<p>Dat gezegd hebbende, de meest voorkomende woordvolgorde in het Slowaaks is onderwerp-werkwoord-object of SVO. Dit is vergelijkbaar met Engels en het is een geweldig startpunt voor leerlingen. Naarmate u zich meer op uw gemak voelt met de taal, kunt u experimenteren met verschillende woordvolgordes om nadruk of nuance aan uw zinnen toe te voegen.<\/p>\n\n\n\n<h3 class=\"wp-block-heading\" id=\"h-4-adjectives-and-adverbs\">4. Bijvoeglijke naamwoorden en bijwoorden<\/h3>\n\n\n\n<p>Net als in veel andere talen worden bijvoeglijke naamwoorden en bijwoorden in het Slowaaks gebruikt om zelfstandige naamwoorden en werkwoorden te beschrijven. Ze hebben echter ook hun eigen casusovereenkomst en regels voor genderovereenkomsten, wat de zaken wat ingewikkelder kan maken. Gelukkig, als je eenmaal de naamvallen en werkwoordvervoegingen onder de knie hebt, zullen deze regels natuurlijker worden.<\/p>\n\n\n\n<p>Dus, ben je klaar om de Slowaakse grammatica aan te pakken? Met de juiste mentaliteit en middelen is Slowaaks leren een lonende ervaring die deuren kan openen naar een rijke cultuur en een prachtig land. Doe het stap voor stap, oefen regelmatig en wees niet bang om fouten te maken &#8211; zo leren we tenslotte allemaal. Ve\u013ea \u0161\u0165astia! (Succes!)<\/p>\n<\/div><\/div>\n\r\n<section class=\"learnNavigationSection\">\r\n            \r\n        <a href=\"https:\/\/talkpal.ai\/nl\/slowaaks-leren\/\">\r\n            <div class=\"learnNavigationWrapper\">\r\n                <div class=\"learnNavigationContent\">\r\n                    <img decoding=\"async\" src=\"https:\/\/talkpal.ai\/wp-content\/uploads\/2024\/08\/Slovak.jpg\" alt=\"Slovak Flag\">\r\n                    <div>\r\n                        <h4>Over Slowaaks leren<\/h4>\r\n                        <p>Ontdek alles over de Slowaakse grammatica.<\/p>\r\n                    <\/div>\r\n                <\/div>\r\n            <\/div>\r\n        <\/a>\r\n\r\n        \r\n        <a href=\"https:\/\/talkpal.ai\/nl\/slowaakse-grammatica-oefeningen\/\">\r\n            <div class=\"learnNavigationWrapper\">\r\n                <div class=\"learnNavigationContent\">\r\n                    <img decoding=\"async\" src=\"https:\/\/talkpal.ai\/wp-content\/uploads\/2024\/08\/Slovak.jpg\" alt=\"Slovak Flag\">\r\n                    <div>\r\n                        <h4>Slowaakse grammatica-oefening<\/h4>\r\n                        <p>Oefen de Slowaakse grammatica.<\/p>\r\n                    <\/div>\r\n                <\/div>\r\n            <\/div>\r\n        <\/a>\r\n\r\n        \r\n        <a href=\"https:\/\/talkpal.ai\/vocabulary_language\/slovak\/\">\r\n            <div class=\"learnNavigationWrapper\">\r\n                <div class=\"learnNavigationContent\">\r\n                    <img decoding=\"async\" src=\"https:\/\/talkpal.ai\/wp-content\/uploads\/2024\/08\/Slovak.jpg\" alt=\"Slovak Flag\">\r\n                    <div>\r\n                        <h4>Slowaakse woordenschat<\/h4>\r\n                        <p>Breid je Slowaakse woordenschat uit.<\/p>\r\n                    <\/div>\r\n                <\/div>\r\n            <\/div>\r\n        <\/a>\r\n\r\n            <\/section>","protected":false},"excerpt":{"rendered":"<p>Slowaakse grammatica: de sleutel tot het ontsluiten van een mooie taal Ben je van plan om Slowaaks te leren of ben je gewoon nieuwsgierig naar de unieke grammatica? Je bent op de juiste plek! De Slowaakse grammatica kan op het eerste gezicht intimiderend lijken, maar maak je geen zorgen &#8211; het is eigenlijk heel logisch [&hellip;]<\/p>\n","protected":false},"author":1,"featured_media":28634,"parent":0,"menu_order":0,"comment_status":"closed","ping_status":"closed","template":"LearningContentPage.php","meta":{"_acf_changed":false,"footnotes":""},"class_list":["post-150133","page","type-page","status-publish","has-post-thumbnail","hentry"],"acf":[],"yoast_head":"<!-- This site is optimized with the Yoast SEO Premium plugin v27.2 (Yoast SEO v27.2) - https:\/\/yoast.com\/product\/yoast-seo-premium-wordpress\/ -->\n<title>Slowaakse grammatica - Talkpal<\/title>\n<meta name=\"description\" content=\"Leer de Slowaakse grammatica met duidelijke uitleg, praktische voorbeelden en interactieve oefeningen. Verbeter je vaardigheden!\" \/>\n<meta name=\"robots\" content=\"index, follow, max-snippet:-1, max-image-preview:large, max-video-preview:-1\" \/>\n<link rel=\"canonical\" href=\"https:\/\/talkpal.ai\/nl\/slowaakse-grammatica\/\" \/>\n<meta property=\"og:locale\" content=\"nl_NL\" \/>\n<meta property=\"og:type\" content=\"article\" \/>\n<meta property=\"og:title\" content=\"Slowaakse grammatica\" \/>\n<meta property=\"og:description\" content=\"Slowaakse grammatica: de sleutel tot het ontsluiten van een mooie taal Ben je van plan om Slowaaks te leren of ben je gewoon nieuwsgierig naar de unieke\" \/>\n<meta property=\"og:url\" content=\"https:\/\/talkpal.ai\/nl\/slowaakse-grammatica\/\" \/>\n<meta property=\"og:site_name\" content=\"Talkpal\" \/>\n<meta property=\"article:publisher\" content=\"https:\/\/www.facebook.com\/profile.php?id=100090733639311\" \/>\n<meta property=\"article:modified_time\" content=\"2025-12-12T11:12:41+00:00\" \/>\n<meta property=\"og:image\" content=\"https:\/\/talkpal.ai\/wp-content\/uploads\/2023\/05\/slovakia.png\" \/>\n\t<meta property=\"og:image:width\" content=\"512\" \/>\n\t<meta property=\"og:image:height\" content=\"512\" \/>\n\t<meta property=\"og:image:type\" content=\"image\/png\" \/>\n<meta name=\"twitter:card\" content=\"summary_large_image\" \/>\n<meta name=\"twitter:site\" content=\"@talkpalai\" \/>\n<meta name=\"twitter:label1\" content=\"Geschatte leestijd\" \/>\n\t<meta name=\"twitter:data1\" content=\"3 minuten\" \/>\n<script type=\"application\/ld+json\" class=\"yoast-schema-graph\">{\"@context\":\"https:\/\/schema.org\",\"@graph\":[{\"@type\":\"WebPage\",\"@id\":\"https:\/\/talkpal.ai\/nl\/slowaakse-grammatica\/\",\"url\":\"https:\/\/talkpal.ai\/nl\/slowaakse-grammatica\/\",\"name\":\"Slowaakse grammatica - Talkpal\",\"isPartOf\":{\"@id\":\"https:\/\/talkpal.ai\/nl\/#website\"},\"primaryImageOfPage\":{\"@id\":\"https:\/\/talkpal.ai\/nl\/slowaakse-grammatica\/#primaryimage\"},\"image\":{\"@id\":\"https:\/\/talkpal.ai\/nl\/slowaakse-grammatica\/#primaryimage\"},\"thumbnailUrl\":\"https:\/\/talkpal.ai\/wp-content\/uploads\/2023\/05\/slovakia.png\",\"datePublished\":\"2023-05-14T14:19:49+00:00\",\"dateModified\":\"2025-12-12T11:12:41+00:00\",\"description\":\"Leer de Slowaakse grammatica met duidelijke uitleg, praktische voorbeelden en interactieve oefeningen. Verbeter je vaardigheden!\",\"breadcrumb\":{\"@id\":\"https:\/\/talkpal.ai\/nl\/slowaakse-grammatica\/#breadcrumb\"},\"inLanguage\":\"nl-NL\",\"potentialAction\":[{\"@type\":\"ReadAction\",\"target\":[\"https:\/\/talkpal.ai\/nl\/slowaakse-grammatica\/\"]}]},{\"@type\":\"ImageObject\",\"inLanguage\":\"nl-NL\",\"@id\":\"https:\/\/talkpal.ai\/nl\/slowaakse-grammatica\/#primaryimage\",\"url\":\"https:\/\/talkpal.ai\/wp-content\/uploads\/2023\/05\/slovakia.png\",\"contentUrl\":\"https:\/\/talkpal.ai\/wp-content\/uploads\/2023\/05\/slovakia.png\",\"width\":512,\"height\":512},{\"@type\":\"BreadcrumbList\",\"@id\":\"https:\/\/talkpal.ai\/nl\/slowaakse-grammatica\/#breadcrumb\",\"itemListElement\":[{\"@type\":\"ListItem\",\"position\":1,\"name\":\"Homepage\",\"item\":\"https:\/\/talkpal.ai\/nl\/\"},{\"@type\":\"ListItem\",\"position\":2,\"name\":\"Slowaakse grammatica\"}]},{\"@type\":\"WebSite\",\"@id\":\"https:\/\/talkpal.ai\/nl\/#website\",\"url\":\"https:\/\/talkpal.ai\/nl\/\",\"name\":\"Talkpal\",\"description\":\"AI Language Learning\",\"publisher\":{\"@id\":\"https:\/\/talkpal.ai\/nl\/#organization\"},\"alternateName\":\"Talkpal AI\",\"potentialAction\":[{\"@type\":\"SearchAction\",\"target\":{\"@type\":\"EntryPoint\",\"urlTemplate\":\"https:\/\/talkpal.ai\/nl\/?s={search_term_string}\"},\"query-input\":{\"@type\":\"PropertyValueSpecification\",\"valueRequired\":true,\"valueName\":\"search_term_string\"}}],\"inLanguage\":\"nl-NL\"},{\"@type\":\"Organization\",\"@id\":\"https:\/\/talkpal.ai\/nl\/#organization\",\"name\":\"Talkpal, Inc.\",\"alternateName\":\"Talkpal AI\",\"url\":\"https:\/\/talkpal.ai\/nl\/\",\"logo\":{\"@type\":\"ImageObject\",\"inLanguage\":\"nl-NL\",\"@id\":\"https:\/\/talkpal.ai\/nl\/#\/schema\/logo\/image\/\",\"url\":\"https:\/\/talkpal.ai\/wp-content\/uploads\/2024\/03\/Talkpal-Logo-Icon.png\",\"contentUrl\":\"https:\/\/talkpal.ai\/wp-content\/uploads\/2024\/03\/Talkpal-Logo-Icon.png\",\"width\":2880,\"height\":2880,\"caption\":\"Talkpal, Inc.\"},\"image\":{\"@id\":\"https:\/\/talkpal.ai\/nl\/#\/schema\/logo\/image\/\"},\"sameAs\":[\"https:\/\/www.facebook.com\/profile.php?id=100090733639311\",\"https:\/\/x.com\/talkpalai\",\"https:\/\/www.linkedin.com\/company\/talkpal\/\",\"https:\/\/www.youtube.com\/@TalkPal\/\",\"https:\/\/www.tiktok.com\/@talkpal\",\"https:\/\/www.instagram.com\/talkpal_ai\/\",\"https:\/\/www.crunchbase.com\/organization\/talkpal-9cde\",\"https:\/\/www.g2.com\/products\/talkpal-for-business\/\",\"https:\/\/www.trustpilot.com\/review\/talkpal.ai\",\"https:\/\/www.capterra.com\/p\/10006800\/TalkPal\/\"],\"description\":\"Talkpal is a language learning web and mobile education app, powered by the latest AI technologies, that provides engaging experiences to its customers in many different languages to help them improve their language skills. Users can chat about unlimited amount of topics with the app and use other modes to practice their language learning.\",\"email\":\"support@talkpal.ai\",\"legalName\":\"Talkpal, Inc.\",\"foundingDate\":\"2023-04-03\",\"duns\":\"118989042\",\"numberOfEmployees\":{\"@type\":\"QuantitativeValue\",\"minValue\":\"11\",\"maxValue\":\"50\"},\"publishingPrinciples\":\"https:\/\/talkpal.ai\/publishing-principles\/\",\"actionableFeedbackPolicy\":\"https:\/\/talkpal.ai\/actionable-feedback-policy\/\",\"correctionsPolicy\":\"https:\/\/talkpal.ai\/corrections-policy\/\",\"ethicsPolicy\":\"https:\/\/talkpal.ai\/ethics-policy\/\",\"diversityPolicy\":\"https:\/\/talkpal.ai\/diversity-policy\/\",\"diversityStaffingReport\":\"https:\/\/talkpal.ai\/diversity-policy\/\"}]}<\/script>\n<!-- \/ Yoast SEO Premium plugin. -->","yoast_head_json":{"title":"Slowaakse grammatica - Talkpal","description":"Leer de Slowaakse grammatica met duidelijke uitleg, praktische voorbeelden en interactieve oefeningen. Verbeter je vaardigheden!","robots":{"index":"index","follow":"follow","max-snippet":"max-snippet:-1","max-image-preview":"max-image-preview:large","max-video-preview":"max-video-preview:-1"},"canonical":"https:\/\/talkpal.ai\/nl\/slowaakse-grammatica\/","og_locale":"nl_NL","og_type":"article","og_title":"Slowaakse grammatica","og_description":"Slowaakse grammatica: de sleutel tot het ontsluiten van een mooie taal Ben je van plan om Slowaaks te leren of ben je gewoon nieuwsgierig naar de unieke","og_url":"https:\/\/talkpal.ai\/nl\/slowaakse-grammatica\/","og_site_name":"Talkpal","article_publisher":"https:\/\/www.facebook.com\/profile.php?id=100090733639311","article_modified_time":"2025-12-12T11:12:41+00:00","og_image":[{"width":512,"height":512,"url":"https:\/\/talkpal.ai\/wp-content\/uploads\/2023\/05\/slovakia.png","type":"image\/png"}],"twitter_card":"summary_large_image","twitter_site":"@talkpalai","twitter_misc":{"Geschatte leestijd":"3 minuten"},"schema":{"@context":"https:\/\/schema.org","@graph":[{"@type":"WebPage","@id":"https:\/\/talkpal.ai\/nl\/slowaakse-grammatica\/","url":"https:\/\/talkpal.ai\/nl\/slowaakse-grammatica\/","name":"Slowaakse grammatica - Talkpal","isPartOf":{"@id":"https:\/\/talkpal.ai\/nl\/#website"},"primaryImageOfPage":{"@id":"https:\/\/talkpal.ai\/nl\/slowaakse-grammatica\/#primaryimage"},"image":{"@id":"https:\/\/talkpal.ai\/nl\/slowaakse-grammatica\/#primaryimage"},"thumbnailUrl":"https:\/\/talkpal.ai\/wp-content\/uploads\/2023\/05\/slovakia.png","datePublished":"2023-05-14T14:19:49+00:00","dateModified":"2025-12-12T11:12:41+00:00","description":"Leer de Slowaakse grammatica met duidelijke uitleg, praktische voorbeelden en interactieve oefeningen. Verbeter je vaardigheden!","breadcrumb":{"@id":"https:\/\/talkpal.ai\/nl\/slowaakse-grammatica\/#breadcrumb"},"inLanguage":"nl-NL","potentialAction":[{"@type":"ReadAction","target":["https:\/\/talkpal.ai\/nl\/slowaakse-grammatica\/"]}]},{"@type":"ImageObject","inLanguage":"nl-NL","@id":"https:\/\/talkpal.ai\/nl\/slowaakse-grammatica\/#primaryimage","url":"https:\/\/talkpal.ai\/wp-content\/uploads\/2023\/05\/slovakia.png","contentUrl":"https:\/\/talkpal.ai\/wp-content\/uploads\/2023\/05\/slovakia.png","width":512,"height":512},{"@type":"BreadcrumbList","@id":"https:\/\/talkpal.ai\/nl\/slowaakse-grammatica\/#breadcrumb","itemListElement":[{"@type":"ListItem","position":1,"name":"Homepage","item":"https:\/\/talkpal.ai\/nl\/"},{"@type":"ListItem","position":2,"name":"Slowaakse grammatica"}]},{"@type":"WebSite","@id":"https:\/\/talkpal.ai\/nl\/#website","url":"https:\/\/talkpal.ai\/nl\/","name":"Talkpal","description":"AI Language Learning","publisher":{"@id":"https:\/\/talkpal.ai\/nl\/#organization"},"alternateName":"Talkpal AI","potentialAction":[{"@type":"SearchAction","target":{"@type":"EntryPoint","urlTemplate":"https:\/\/talkpal.ai\/nl\/?s={search_term_string}"},"query-input":{"@type":"PropertyValueSpecification","valueRequired":true,"valueName":"search_term_string"}}],"inLanguage":"nl-NL"},{"@type":"Organization","@id":"https:\/\/talkpal.ai\/nl\/#organization","name":"Talkpal, Inc.","alternateName":"Talkpal AI","url":"https:\/\/talkpal.ai\/nl\/","logo":{"@type":"ImageObject","inLanguage":"nl-NL","@id":"https:\/\/talkpal.ai\/nl\/#\/schema\/logo\/image\/","url":"https:\/\/talkpal.ai\/wp-content\/uploads\/2024\/03\/Talkpal-Logo-Icon.png","contentUrl":"https:\/\/talkpal.ai\/wp-content\/uploads\/2024\/03\/Talkpal-Logo-Icon.png","width":2880,"height":2880,"caption":"Talkpal, Inc."},"image":{"@id":"https:\/\/talkpal.ai\/nl\/#\/schema\/logo\/image\/"},"sameAs":["https:\/\/www.facebook.com\/profile.php?id=100090733639311","https:\/\/x.com\/talkpalai","https:\/\/www.linkedin.com\/company\/talkpal\/","https:\/\/www.youtube.com\/@TalkPal\/","https:\/\/www.tiktok.com\/@talkpal","https:\/\/www.instagram.com\/talkpal_ai\/","https:\/\/www.crunchbase.com\/organization\/talkpal-9cde","https:\/\/www.g2.com\/products\/talkpal-for-business\/","https:\/\/www.trustpilot.com\/review\/talkpal.ai","https:\/\/www.capterra.com\/p\/10006800\/TalkPal\/"],"description":"Talkpal is a language learning web and mobile education app, powered by the latest AI technologies, that provides engaging experiences to its customers in many different languages to help them improve their language skills. Users can chat about unlimited amount of topics with the app and use other modes to practice their language learning.","email":"support@talkpal.ai","legalName":"Talkpal, Inc.","foundingDate":"2023-04-03","duns":"118989042","numberOfEmployees":{"@type":"QuantitativeValue","minValue":"11","maxValue":"50"},"publishingPrinciples":"https:\/\/talkpal.ai\/publishing-principles\/","actionableFeedbackPolicy":"https:\/\/talkpal.ai\/actionable-feedback-policy\/","correctionsPolicy":"https:\/\/talkpal.ai\/corrections-policy\/","ethicsPolicy":"https:\/\/talkpal.ai\/ethics-policy\/","diversityPolicy":"https:\/\/talkpal.ai\/diversity-policy\/","diversityStaffingReport":"https:\/\/talkpal.ai\/diversity-policy\/"}]}},"_links":{"self":[{"href":"https:\/\/talkpal.ai\/nl\/wp-json\/wp\/v2\/pages\/150133","targetHints":{"allow":["GET"]}}],"collection":[{"href":"https:\/\/talkpal.ai\/nl\/wp-json\/wp\/v2\/pages"}],"about":[{"href":"https:\/\/talkpal.ai\/nl\/wp-json\/wp\/v2\/types\/page"}],"author":[{"embeddable":true,"href":"https:\/\/talkpal.ai\/nl\/wp-json\/wp\/v2\/users\/1"}],"replies":[{"embeddable":true,"href":"https:\/\/talkpal.ai\/nl\/wp-json\/wp\/v2\/comments?post=150133"}],"version-history":[{"count":0,"href":"https:\/\/talkpal.ai\/nl\/wp-json\/wp\/v2\/pages\/150133\/revisions"}],"wp:featuredmedia":[{"embeddable":true,"href":"https:\/\/talkpal.ai\/nl\/wp-json\/wp\/v2\/media\/28634"}],"wp:attachment":[{"href":"https:\/\/talkpal.ai\/nl\/wp-json\/wp\/v2\/media?parent=150133"}],"curies":[{"name":"wp","href":"https:\/\/api.w.org\/{rel}","templated":true}]}}