{"id":149736,"date":"2023-05-14T14:19:26","date_gmt":"2023-05-14T14:19:26","guid":{"rendered":"http:\/\/talkpal.ai\/servische-grammatica\/"},"modified":"2025-12-17T15:37:37","modified_gmt":"2025-12-17T15:37:37","slug":"servische-grammatica","status":"publish","type":"page","link":"https:\/\/talkpal.ai\/nl\/servische-grammatica\/","title":{"rendered":"Servische grammatica"},"content":{"rendered":"\r\n\r\n\r\n<section class=\"languageChallengeSection\">\r\n    <div class=\"languageInfoWrapper\">\r\n        \r\n        <h1>Servische grammatica<\/h1>\r\n        <p>Begin je avontuur in de Russische taal en open deuren naar een rijke cultuur en geschiedenis. Het beheersen <a href=\"https:\/\/talkpal.ai\/locations\/language-courses-in-van\/\">van<\/a> de Russische <a href=\"https:\/\/talkpal.ai\/grammar\/\">grammatica<\/a> en woordenschat zal je mogelijkheden op het gebied van reizen, carri\u00e8re en communicatie verbeteren. Begin vandaag nog met Russisch leren en zet de eerste stap naar vloeiendheid!\n\n<\/p>\r\n\r\n                            <a class=\"getStartedHidden\" href=\"https:\/\/app.talkpal.ai\/nl\/signup?lng=\">Ga aan de slag<\/a>\r\n        \r\n    <\/div>\r\n\r\n    <figure>\r\n    <img decoding=\"async\" width=\"768\" height=\"768\" src=\"https:\/\/talkpal.ai\/wp-content\/uploads\/2023\/06\/serbian-768x768.png\" class=\"languageImage no-lazy\" alt=\"Default alt text\" fetchpriority=\"high\" sizes=\"(max-width: 768px) 150px, 768px\" srcset=\"https:\/\/talkpal.ai\/wp-content\/uploads\/2023\/06\/serbian-768x768.png 768w, https:\/\/talkpal.ai\/wp-content\/uploads\/2023\/06\/serbian-300x300.png 300w\" \/>\r\n    \r\n\r\n    <\/figure>\r\n\r\n            <a class=\"getStartedVisible\" href=\"https:\/\/app.talkpal.ai\/nl\/signup?lng=\">Ga aan de slag<\/a>\r\n    \r\n<\/section>\r\n        <section class=\"grammarSection\">\r\n            <div class=\"grammarLinks\">\r\n                <a href=\"https:\/\/talkpal.ai\/nl\/language\/artikelen-servische-grammatica\/\">Artikelen <\/a><a href=\"https:\/\/talkpal.ai\/nl\/language\/bijvoeglijke-naamwoorden-servische-grammatica\/\">Bijvoeglijke naamwoorden <\/a><a href=\"https:\/\/talkpal.ai\/nl\/language\/bijwoorden-servische-grammatica\/\">Bijwoorden <\/a><a href=\"https:\/\/talkpal.ai\/nl\/language\/gespannen-vergelijking-servische-grammatica\/\">Gespannen vergelijking <\/a><a href=\"https:\/\/talkpal.ai\/nl\/language\/perfect-progressive-servische-grammatica\/\">Perfect Progressive <\/a><a href=\"https:\/\/talkpal.ai\/nl\/language\/progressief-servische-grammatica\/\">Progressief <\/a><a href=\"https:\/\/talkpal.ai\/nl\/language\/tijden-servische-grammatica\/\">Tijden <\/a><a href=\"https:\/\/talkpal.ai\/nl\/language\/voornaamwoorden-bepalers-servische-grammatica\/\">Voornaamwoorden\/Bepalers <\/a><a href=\"https:\/\/talkpal.ai\/nl\/language\/voorwaardelijke-taal-servische-grammatica\/\">Voorwaardelijke taal <\/a><a href=\"https:\/\/talkpal.ai\/nl\/language\/voorzetsels-servische-grammatica\/\">Voorzetsels <\/a><a href=\"https:\/\/talkpal.ai\/nl\/language\/werkwoorden-servische-grammatica\/\">Werkwoorden <\/a><a href=\"https:\/\/talkpal.ai\/nl\/language\/zelfstandige-naamwoorden-servische-grammatica\/\">Zelfstandige naamwoorden <\/a><a href=\"https:\/\/talkpal.ai\/nl\/language\/zinnen-servische-grammatica\/\">Zinnen <\/a>            <\/div>\r\n        <\/section>\r\n    <section class=\"promotionalBanner\">\r\n    <p class=\"promotionalText\">De meest effici\u00ebnte manier om een taal te leren<\/p>\r\n    <a class=\"promotionalLink\" href=\"https:\/\/app.talkpal.ai\/nl\/signup?lng=\">Probeer Talkpal gratis<\/a>\r\n<\/section>\n<div class=\"wp-block-group pageContainerStyle\"><div class=\"wp-block-group__inner-container is-layout-constrained wp-block-group-is-layout-constrained\">\n<h1 class=\"wp-block-heading\" id=\"h-serbian-grammar-unraveling-the-intricacies-of-the-south-slavic-language\">Servische grammatica: de fijne kneepjes van de Zuid-Slavische taal ontrafelen<\/h1>\n\n\n\n<p>Oproep aan alle <a href=\"https:\/\/talkpal.ai\/talkpal-discount-for-language-enthusiasts\/\">taalliefhebbers<\/a> en Balkanliefhebbers! Heb je ooit overwogen om in de wereld van de <a href=\"https:\/\/talkpal.ai\/nl\/grammar\/imperatieve-stemming-in-servische-grammatica\/\">Servische grammatica<\/a> te duiken? <a href=\"https:\/\/talkpal.ai\/learn-serbian\/\">Servisch<\/a>, een Zuid-Slavische taal, is de offici\u00eble taal van Servi\u00eb en een van de offici\u00eble talen van Bosni\u00eb en Herzegovina. Met ongeveer 9 miljoen moedertaalsprekers vertoont deze intrigerende taal overeenkomsten met het <a href=\"https:\/\/talkpal.ai\/learn-croatian\/\">Kroatisch<\/a>, <a href=\"https:\/\/talkpal.ai\/learn-bosnian\/\">Bosnisch<\/a> en Montenegrijns, maar heeft het onderscheidende kenmerken die het onderscheiden. In dit artikel verkennen we de fascinerende aspecten van de Servische grammatica.<\/p>\n\n\n\n<h3 class=\"wp-block-heading\" id=\"h-the-dual-alphabet-cyrillic-and-latin\">Het dubbele alfabet: Cyrillisch en Latijn<\/h3>\n\n\n\n<p>Een van de eerste dingen die je opvalt <a href=\"https:\/\/talkpal.ai\/culture\/how-do-i-use-the-construction-aan-het-infinitive\/\">aan het<\/a> Servisch is het gebruik van twee alfabetten: Cyrillisch en Latijn. Het Servische Cyrillische alfabet, met 30 letters, werd in 1818 gestandaardiseerd door taalkundige Vuk Karad\u017ei\u0107 en is het offici\u00eble alfabet van het land. Het Latijnse alfabet, dat ook uit 30 letters bestaat, wordt echter veel gebruikt, vooral voor digitale communicatie en informele contexten. Het gebruik van twee alfabetten geeft het Servisch een uniek, veelzijdig karakter.<\/p>\n\n\n\n<h3 class=\"wp-block-heading\" id=\"h-the-building-blocks-nouns-pronouns-and-cases\">De bouwstenen: zelfstandige naamwoorden, voornaamwoorden en naamvallen<\/h3>\n\n\n\n<p>Net als andere Slavische talen draait de Servische grammatica om verbuiging, waarbij woorden hun uitgang veranderen afhankelijk van hun grammaticale functie. Dit is het duidelijkst in zelfstandige naamwoorden, voornaamwoorden en bijvoeglijke naamwoorden. Servisch heeft zeven gevallen:<\/p>\n\n\n\n<p><strong>1. Nominatief &#8211; geeft het onderwerp van een zin aan<\/strong><\/p>\n\n\n\n<p><strong>2. Genitief &#8211; toont bezit, object van ontkenning, of partitieve betekenis<\/strong><\/p>\n\n\n\n<p><strong>3. Datief &#8211; markeert het indirecte voorwerp<\/strong><\/p>\n\n\n\n<p><strong>4. Accusatief &#8211; betekent lijdend voorwerp<\/strong><\/p>\n\n\n\n<p><strong>5. Vocatief &#8211; gebruikt om iemand aan te spreken of te noemen<\/strong><\/p>\n\n\n\n<p><strong>6. Instrumentaal &#8211; drukt het middel of de methode van een actie uit<\/strong><\/p>\n\n\n\n<p><strong>7. Locatief &#8211; specificeert locatie of object van bepaalde voorzetsels<\/strong><\/p>\n\n\n\n<p>Servische zelfstandige naamwoorden hebben drie geslachten (mannelijk, vrouwelijk en onzijdig) en twee getallen (enkelvoud en meervoud). De specifieke uitgangen voor elk geslacht en elk getal verschillen per geval, dus het is essentieel om deze uitgangen te onthouden om grammaticaal correcte zinnen te construeren.<\/p>\n\n\n\n<h3 class=\"wp-block-heading\" id=\"h-get-moving-with-verbs-tenses-aspects-and-moods\">Kom in beweging met werkwoorden: tijden, aspecten en stemmingen<\/h3>\n\n\n\n<p>Servische werkwoorden vertonen fascinerende complexiteiten met hun tijden (verleden, heden en toekomst), aspecten (perfectief en imperfectief) en stemmingen (indicatief, gebiedend en voorwaardelijk). Aspect speelt een belangrijke rol in Servische werkwoorden, omdat het aangeeft of een actie wordt gezien als voltooid (perfectief) of doorlopend (imperfectief). Veel werkwoorden komen in paren die de verschillende aspecten aangeven, vaak door het gebruik van specifieke voorvoegsels of achtervoegsels.<\/p>\n\n\n\n<h3 class=\"wp-block-heading\" id=\"h-adjectives-adverbs-and-all-that-jazz\">Bijvoeglijke naamwoorden, bijwoorden en al die jazz<\/h3>\n\n\n\n<p>Servische bijvoeglijke naamwoorden komen overeen met de zelfstandige naamwoorden die ze wijzigen in termen van geslacht, aantal en naamval. Ze hebben ook vergelijkende en overtreffende trappen om verschillende gradaties van kwaliteiten uit te drukken. Bovendien zijn bijwoorden vaak afgeleid van bijvoeglijke naamwoorden en brengen ze verschillende betekenissen over, zoals tijd, manier, plaats en graad.<\/p>\n\n\n\n<p>De Servische taal heeft ook een scala aan voegwoorden, voorzetsels, cijfers en deeltjes die bijdragen aan de schoonheid van de taal en helpen bij het cre\u00ebren van complexe, betekenisvolle zinnen.<\/p>\n\n\n\n<h3 class=\"wp-block-heading\" id=\"h-embracing-the-world-of-serbian-grammar\">De wereld van de Servische grammatica omarmen<\/h3>\n\n\n\n<p>De Servische grammatica lijkt op het eerste gezicht misschien overweldigend. Als je je echter verdiept in het rijke landschap van gevallen, aspecten en taalkundige eigenaardigheden, zul je een levendige en expressieve taal ontdekken. Servisch leren zal niet alleen je begrip van de Slavische taalfamilie aanscherpen, maar je ook helpen contact te maken met een boeiende geschiedenis en cultuur.<\/p>\n\n\n\n<p>Dus waarom zou u niet de uitdaging aangaan om de Servische grammatica verder te verkennen? Met doorzettingsvermogen en passie zou je op een dag door de straten van Belgrado kunnen slenteren en levendige gesprekken voeren met de lokale bevolking in hun moedertaal. Veel plezier met leren!<\/p>\n<\/div><\/div>\n\r\n<section class=\"learnNavigationSection\">\r\n            \r\n        <a href=\"https:\/\/talkpal.ai\/nl\/servisch-leren\/\">\r\n            <div class=\"learnNavigationWrapper\">\r\n                <div class=\"learnNavigationContent\">\r\n                    <img decoding=\"async\" src=\"https:\/\/talkpal.ai\/wp-content\/uploads\/2024\/08\/Serbian.jpg\" alt=\"Serbian Flag\">\r\n                    <div>\r\n                        <h4>Over Servi\u00eb Leren<\/h4>\r\n                        <p>Ontdek alles over de grammatica van Servi\u00eb.<\/p>\r\n                    <\/div>\r\n                <\/div>\r\n            <\/div>\r\n        <\/a>\r\n\r\n        \r\n        <a href=\"https:\/\/talkpal.ai\/nl\/servische-grammatica-oefeningen\/\">\r\n            <div class=\"learnNavigationWrapper\">\r\n                <div class=\"learnNavigationContent\">\r\n                    <img decoding=\"async\" src=\"https:\/\/talkpal.ai\/wp-content\/uploads\/2024\/08\/Serbian.jpg\" alt=\"Serbian Flag\">\r\n                    <div>\r\n                        <h4>Servische grammatica-oefening<\/h4>\r\n                        <p>Oefen de Servische grammatica.<\/p>\r\n                    <\/div>\r\n                <\/div>\r\n            <\/div>\r\n        <\/a>\r\n\r\n        \r\n        <a href=\"https:\/\/talkpal.ai\/vocabulary_language\/serbian\/\">\r\n            <div class=\"learnNavigationWrapper\">\r\n                <div class=\"learnNavigationContent\">\r\n                    <img decoding=\"async\" src=\"https:\/\/talkpal.ai\/wp-content\/uploads\/2024\/08\/Serbian.jpg\" alt=\"Serbian Flag\">\r\n                    <div>\r\n                        <h4>Servische woordenschat<\/h4>\r\n                        <p>Breid je Servische woordenschat uit.<\/p>\r\n                    <\/div>\r\n                <\/div>\r\n            <\/div>\r\n        <\/a>\r\n\r\n            <\/section>","protected":false},"excerpt":{"rendered":"<p>Servische grammatica: de fijne kneepjes van de Zuid-Slavische taal ontrafelen Oproep aan alle taalliefhebbers en Balkanliefhebbers! Heb je ooit overwogen om in de wereld van de Servische grammatica te duiken? Servisch, een Zuid-Slavische taal, is de offici\u00eble taal van Servi\u00eb en een van de offici\u00eble talen van Bosni\u00eb en Herzegovina. Met ongeveer 9 miljoen moedertaalsprekers [&hellip;]<\/p>\n","protected":false},"author":1,"featured_media":28618,"parent":0,"menu_order":0,"comment_status":"closed","ping_status":"closed","template":"LearningContentPage.php","meta":{"_acf_changed":false,"footnotes":""},"class_list":["post-149736","page","type-page","status-publish","has-post-thumbnail","hentry"],"acf":[],"yoast_head":"<!-- This site is optimized with the Yoast SEO Premium plugin v27.2 (Yoast SEO v27.2) - https:\/\/yoast.com\/product\/yoast-seo-premium-wordpress\/ -->\n<title>Servische grammatica - Talkpal<\/title>\n<meta name=\"description\" content=\"Verken de fijne kneepjes van de Servische grammatica en ontdek de unieke kenmerken die het onderscheiden van andere Balkantalen.\" \/>\n<meta name=\"robots\" content=\"index, follow, max-snippet:-1, max-image-preview:large, max-video-preview:-1\" \/>\n<link rel=\"canonical\" href=\"https:\/\/talkpal.ai\/nl\/servische-grammatica\/\" \/>\n<meta property=\"og:locale\" content=\"nl_NL\" \/>\n<meta property=\"og:type\" content=\"article\" \/>\n<meta property=\"og:title\" content=\"Servische grammatica\" \/>\n<meta property=\"og:description\" content=\"Servische grammatica: de fijne kneepjes van de Zuid-Slavische taal ontrafelen Oproep aan alle taalliefhebbers en Balkanliefhebbers! Heb je ooit overwogen\" \/>\n<meta property=\"og:url\" content=\"https:\/\/talkpal.ai\/nl\/servische-grammatica\/\" \/>\n<meta property=\"og:site_name\" content=\"Talkpal\" \/>\n<meta property=\"article:publisher\" content=\"https:\/\/www.facebook.com\/profile.php?id=100090733639311\" \/>\n<meta property=\"article:modified_time\" content=\"2025-12-17T15:37:37+00:00\" \/>\n<meta property=\"og:image\" content=\"https:\/\/talkpal.ai\/wp-content\/uploads\/2023\/05\/serbia.png\" \/>\n\t<meta property=\"og:image:width\" content=\"512\" \/>\n\t<meta property=\"og:image:height\" content=\"512\" \/>\n\t<meta property=\"og:image:type\" content=\"image\/png\" \/>\n<meta name=\"twitter:card\" content=\"summary_large_image\" \/>\n<meta name=\"twitter:site\" content=\"@talkpalai\" \/>\n<meta name=\"twitter:label1\" content=\"Geschatte leestijd\" \/>\n\t<meta name=\"twitter:data1\" content=\"3 minuten\" \/>\n<script type=\"application\/ld+json\" class=\"yoast-schema-graph\">{\"@context\":\"https:\/\/schema.org\",\"@graph\":[{\"@type\":\"WebPage\",\"@id\":\"https:\/\/talkpal.ai\/nl\/servische-grammatica\/\",\"url\":\"https:\/\/talkpal.ai\/nl\/servische-grammatica\/\",\"name\":\"Servische grammatica - Talkpal\",\"isPartOf\":{\"@id\":\"https:\/\/talkpal.ai\/nl\/#website\"},\"primaryImageOfPage\":{\"@id\":\"https:\/\/talkpal.ai\/nl\/servische-grammatica\/#primaryimage\"},\"image\":{\"@id\":\"https:\/\/talkpal.ai\/nl\/servische-grammatica\/#primaryimage\"},\"thumbnailUrl\":\"https:\/\/talkpal.ai\/wp-content\/uploads\/2023\/05\/serbia.png\",\"datePublished\":\"2023-05-14T14:19:26+00:00\",\"dateModified\":\"2025-12-17T15:37:37+00:00\",\"description\":\"Verken de fijne kneepjes van de Servische grammatica en ontdek de unieke kenmerken die het onderscheiden van andere Balkantalen.\",\"breadcrumb\":{\"@id\":\"https:\/\/talkpal.ai\/nl\/servische-grammatica\/#breadcrumb\"},\"inLanguage\":\"nl-NL\",\"potentialAction\":[{\"@type\":\"ReadAction\",\"target\":[\"https:\/\/talkpal.ai\/nl\/servische-grammatica\/\"]}]},{\"@type\":\"ImageObject\",\"inLanguage\":\"nl-NL\",\"@id\":\"https:\/\/talkpal.ai\/nl\/servische-grammatica\/#primaryimage\",\"url\":\"https:\/\/talkpal.ai\/wp-content\/uploads\/2023\/05\/serbia.png\",\"contentUrl\":\"https:\/\/talkpal.ai\/wp-content\/uploads\/2023\/05\/serbia.png\",\"width\":512,\"height\":512},{\"@type\":\"BreadcrumbList\",\"@id\":\"https:\/\/talkpal.ai\/nl\/servische-grammatica\/#breadcrumb\",\"itemListElement\":[{\"@type\":\"ListItem\",\"position\":1,\"name\":\"Homepage\",\"item\":\"https:\/\/talkpal.ai\/nl\/\"},{\"@type\":\"ListItem\",\"position\":2,\"name\":\"Servische grammatica\"}]},{\"@type\":\"WebSite\",\"@id\":\"https:\/\/talkpal.ai\/nl\/#website\",\"url\":\"https:\/\/talkpal.ai\/nl\/\",\"name\":\"Talkpal\",\"description\":\"AI Language Learning\",\"publisher\":{\"@id\":\"https:\/\/talkpal.ai\/nl\/#organization\"},\"alternateName\":\"Talkpal AI\",\"potentialAction\":[{\"@type\":\"SearchAction\",\"target\":{\"@type\":\"EntryPoint\",\"urlTemplate\":\"https:\/\/talkpal.ai\/nl\/?s={search_term_string}\"},\"query-input\":{\"@type\":\"PropertyValueSpecification\",\"valueRequired\":true,\"valueName\":\"search_term_string\"}}],\"inLanguage\":\"nl-NL\"},{\"@type\":\"Organization\",\"@id\":\"https:\/\/talkpal.ai\/nl\/#organization\",\"name\":\"Talkpal, Inc.\",\"alternateName\":\"Talkpal AI\",\"url\":\"https:\/\/talkpal.ai\/nl\/\",\"logo\":{\"@type\":\"ImageObject\",\"inLanguage\":\"nl-NL\",\"@id\":\"https:\/\/talkpal.ai\/nl\/#\/schema\/logo\/image\/\",\"url\":\"https:\/\/talkpal.ai\/wp-content\/uploads\/2024\/03\/Talkpal-Logo-Icon.png\",\"contentUrl\":\"https:\/\/talkpal.ai\/wp-content\/uploads\/2024\/03\/Talkpal-Logo-Icon.png\",\"width\":2880,\"height\":2880,\"caption\":\"Talkpal, Inc.\"},\"image\":{\"@id\":\"https:\/\/talkpal.ai\/nl\/#\/schema\/logo\/image\/\"},\"sameAs\":[\"https:\/\/www.facebook.com\/profile.php?id=100090733639311\",\"https:\/\/x.com\/talkpalai\",\"https:\/\/www.linkedin.com\/company\/talkpal\/\",\"https:\/\/www.youtube.com\/@TalkPal\/\",\"https:\/\/www.tiktok.com\/@talkpal\",\"https:\/\/www.instagram.com\/talkpal_ai\/\",\"https:\/\/www.crunchbase.com\/organization\/talkpal-9cde\",\"https:\/\/www.g2.com\/products\/talkpal-for-business\/\",\"https:\/\/www.trustpilot.com\/review\/talkpal.ai\",\"https:\/\/www.capterra.com\/p\/10006800\/TalkPal\/\"],\"description\":\"Talkpal is a language learning web and mobile education app, powered by the latest AI technologies, that provides engaging experiences to its customers in many different languages to help them improve their language skills. Users can chat about unlimited amount of topics with the app and use other modes to practice their language learning.\",\"email\":\"support@talkpal.ai\",\"legalName\":\"Talkpal, Inc.\",\"foundingDate\":\"2023-04-03\",\"duns\":\"118989042\",\"numberOfEmployees\":{\"@type\":\"QuantitativeValue\",\"minValue\":\"11\",\"maxValue\":\"50\"},\"publishingPrinciples\":\"https:\/\/talkpal.ai\/publishing-principles\/\",\"actionableFeedbackPolicy\":\"https:\/\/talkpal.ai\/actionable-feedback-policy\/\",\"correctionsPolicy\":\"https:\/\/talkpal.ai\/corrections-policy\/\",\"ethicsPolicy\":\"https:\/\/talkpal.ai\/ethics-policy\/\",\"diversityPolicy\":\"https:\/\/talkpal.ai\/diversity-policy\/\",\"diversityStaffingReport\":\"https:\/\/talkpal.ai\/diversity-policy\/\"}]}<\/script>\n<!-- \/ Yoast SEO Premium plugin. -->","yoast_head_json":{"title":"Servische grammatica - Talkpal","description":"Verken de fijne kneepjes van de Servische grammatica en ontdek de unieke kenmerken die het onderscheiden van andere Balkantalen.","robots":{"index":"index","follow":"follow","max-snippet":"max-snippet:-1","max-image-preview":"max-image-preview:large","max-video-preview":"max-video-preview:-1"},"canonical":"https:\/\/talkpal.ai\/nl\/servische-grammatica\/","og_locale":"nl_NL","og_type":"article","og_title":"Servische grammatica","og_description":"Servische grammatica: de fijne kneepjes van de Zuid-Slavische taal ontrafelen Oproep aan alle taalliefhebbers en Balkanliefhebbers! Heb je ooit overwogen","og_url":"https:\/\/talkpal.ai\/nl\/servische-grammatica\/","og_site_name":"Talkpal","article_publisher":"https:\/\/www.facebook.com\/profile.php?id=100090733639311","article_modified_time":"2025-12-17T15:37:37+00:00","og_image":[{"width":512,"height":512,"url":"https:\/\/talkpal.ai\/wp-content\/uploads\/2023\/05\/serbia.png","type":"image\/png"}],"twitter_card":"summary_large_image","twitter_site":"@talkpalai","twitter_misc":{"Geschatte leestijd":"3 minuten"},"schema":{"@context":"https:\/\/schema.org","@graph":[{"@type":"WebPage","@id":"https:\/\/talkpal.ai\/nl\/servische-grammatica\/","url":"https:\/\/talkpal.ai\/nl\/servische-grammatica\/","name":"Servische grammatica - Talkpal","isPartOf":{"@id":"https:\/\/talkpal.ai\/nl\/#website"},"primaryImageOfPage":{"@id":"https:\/\/talkpal.ai\/nl\/servische-grammatica\/#primaryimage"},"image":{"@id":"https:\/\/talkpal.ai\/nl\/servische-grammatica\/#primaryimage"},"thumbnailUrl":"https:\/\/talkpal.ai\/wp-content\/uploads\/2023\/05\/serbia.png","datePublished":"2023-05-14T14:19:26+00:00","dateModified":"2025-12-17T15:37:37+00:00","description":"Verken de fijne kneepjes van de Servische grammatica en ontdek de unieke kenmerken die het onderscheiden van andere Balkantalen.","breadcrumb":{"@id":"https:\/\/talkpal.ai\/nl\/servische-grammatica\/#breadcrumb"},"inLanguage":"nl-NL","potentialAction":[{"@type":"ReadAction","target":["https:\/\/talkpal.ai\/nl\/servische-grammatica\/"]}]},{"@type":"ImageObject","inLanguage":"nl-NL","@id":"https:\/\/talkpal.ai\/nl\/servische-grammatica\/#primaryimage","url":"https:\/\/talkpal.ai\/wp-content\/uploads\/2023\/05\/serbia.png","contentUrl":"https:\/\/talkpal.ai\/wp-content\/uploads\/2023\/05\/serbia.png","width":512,"height":512},{"@type":"BreadcrumbList","@id":"https:\/\/talkpal.ai\/nl\/servische-grammatica\/#breadcrumb","itemListElement":[{"@type":"ListItem","position":1,"name":"Homepage","item":"https:\/\/talkpal.ai\/nl\/"},{"@type":"ListItem","position":2,"name":"Servische grammatica"}]},{"@type":"WebSite","@id":"https:\/\/talkpal.ai\/nl\/#website","url":"https:\/\/talkpal.ai\/nl\/","name":"Talkpal","description":"AI Language Learning","publisher":{"@id":"https:\/\/talkpal.ai\/nl\/#organization"},"alternateName":"Talkpal AI","potentialAction":[{"@type":"SearchAction","target":{"@type":"EntryPoint","urlTemplate":"https:\/\/talkpal.ai\/nl\/?s={search_term_string}"},"query-input":{"@type":"PropertyValueSpecification","valueRequired":true,"valueName":"search_term_string"}}],"inLanguage":"nl-NL"},{"@type":"Organization","@id":"https:\/\/talkpal.ai\/nl\/#organization","name":"Talkpal, Inc.","alternateName":"Talkpal AI","url":"https:\/\/talkpal.ai\/nl\/","logo":{"@type":"ImageObject","inLanguage":"nl-NL","@id":"https:\/\/talkpal.ai\/nl\/#\/schema\/logo\/image\/","url":"https:\/\/talkpal.ai\/wp-content\/uploads\/2024\/03\/Talkpal-Logo-Icon.png","contentUrl":"https:\/\/talkpal.ai\/wp-content\/uploads\/2024\/03\/Talkpal-Logo-Icon.png","width":2880,"height":2880,"caption":"Talkpal, Inc."},"image":{"@id":"https:\/\/talkpal.ai\/nl\/#\/schema\/logo\/image\/"},"sameAs":["https:\/\/www.facebook.com\/profile.php?id=100090733639311","https:\/\/x.com\/talkpalai","https:\/\/www.linkedin.com\/company\/talkpal\/","https:\/\/www.youtube.com\/@TalkPal\/","https:\/\/www.tiktok.com\/@talkpal","https:\/\/www.instagram.com\/talkpal_ai\/","https:\/\/www.crunchbase.com\/organization\/talkpal-9cde","https:\/\/www.g2.com\/products\/talkpal-for-business\/","https:\/\/www.trustpilot.com\/review\/talkpal.ai","https:\/\/www.capterra.com\/p\/10006800\/TalkPal\/"],"description":"Talkpal is a language learning web and mobile education app, powered by the latest AI technologies, that provides engaging experiences to its customers in many different languages to help them improve their language skills. Users can chat about unlimited amount of topics with the app and use other modes to practice their language learning.","email":"support@talkpal.ai","legalName":"Talkpal, Inc.","foundingDate":"2023-04-03","duns":"118989042","numberOfEmployees":{"@type":"QuantitativeValue","minValue":"11","maxValue":"50"},"publishingPrinciples":"https:\/\/talkpal.ai\/publishing-principles\/","actionableFeedbackPolicy":"https:\/\/talkpal.ai\/actionable-feedback-policy\/","correctionsPolicy":"https:\/\/talkpal.ai\/corrections-policy\/","ethicsPolicy":"https:\/\/talkpal.ai\/ethics-policy\/","diversityPolicy":"https:\/\/talkpal.ai\/diversity-policy\/","diversityStaffingReport":"https:\/\/talkpal.ai\/diversity-policy\/"}]}},"_links":{"self":[{"href":"https:\/\/talkpal.ai\/nl\/wp-json\/wp\/v2\/pages\/149736","targetHints":{"allow":["GET"]}}],"collection":[{"href":"https:\/\/talkpal.ai\/nl\/wp-json\/wp\/v2\/pages"}],"about":[{"href":"https:\/\/talkpal.ai\/nl\/wp-json\/wp\/v2\/types\/page"}],"author":[{"embeddable":true,"href":"https:\/\/talkpal.ai\/nl\/wp-json\/wp\/v2\/users\/1"}],"replies":[{"embeddable":true,"href":"https:\/\/talkpal.ai\/nl\/wp-json\/wp\/v2\/comments?post=149736"}],"version-history":[{"count":0,"href":"https:\/\/talkpal.ai\/nl\/wp-json\/wp\/v2\/pages\/149736\/revisions"}],"wp:featuredmedia":[{"embeddable":true,"href":"https:\/\/talkpal.ai\/nl\/wp-json\/wp\/v2\/media\/28618"}],"wp:attachment":[{"href":"https:\/\/talkpal.ai\/nl\/wp-json\/wp\/v2\/media?parent=149736"}],"curies":[{"name":"wp","href":"https:\/\/api.w.org\/{rel}","templated":true}]}}