{"id":147680,"date":"2023-05-14T14:12:25","date_gmt":"2023-05-14T14:12:25","guid":{"rendered":"http:\/\/talkpal.ai\/maori-grammatica\/"},"modified":"2025-12-17T16:44:51","modified_gmt":"2025-12-17T16:44:51","slug":"maori-grammatica","status":"publish","type":"page","link":"https:\/\/talkpal.ai\/nl\/maori-grammatica\/","title":{"rendered":"Maori Grammatica"},"content":{"rendered":"\r\n\r\n\r\n<section class=\"languageChallengeSection\">\r\n    <div class=\"languageInfoWrapper\">\r\n        \r\n        <h1>Maori Grammatica<\/h1>\r\n        <p>Wil je M\u0101ori leren? Verdiep je in de M\u0101ori-grammatica, die bekend staat om zijn eenvoud, het gebruik <a href=\"https:\/\/talkpal.ai\/locations\/language-courses-in-van\/\">van<\/a> lidwoorden en de belangrijke rol van partikels om betekenis vorm te geven. Begin vandaag nog &#8211; het beheersen van de M\u0101ori-grammatica zal je helpen om dieper in <a href=\"https:\/\/talkpal.ai\/contact\/\">contact<\/a> te komen met het rijke erfgoed van de taal en de levendige cultuur van Aotearoa Nieuw-Zeeland!<\/p>\r\n\r\n                            <a class=\"getStartedHidden\" href=\"https:\/\/app.talkpal.ai\/nl\/signup?lng=\">Ga aan de slag<\/a>\r\n        \r\n    <\/div>\r\n\r\n    <figure>\r\n    <img decoding=\"async\" width=\"768\" height=\"768\" src=\"https:\/\/talkpal.ai\/wp-content\/uploads\/2023\/06\/maori-768x768.png\" class=\"languageImage no-lazy\" alt=\"Default alt text\" fetchpriority=\"high\" sizes=\"(max-width: 768px) 150px, 768px\" srcset=\"https:\/\/talkpal.ai\/wp-content\/uploads\/2023\/06\/maori-768x768.png 768w, https:\/\/talkpal.ai\/wp-content\/uploads\/2023\/06\/maori-300x300.png 300w\" \/>\r\n    \r\n\r\n    <\/figure>\r\n\r\n            <a class=\"getStartedVisible\" href=\"https:\/\/app.talkpal.ai\/nl\/signup?lng=\">Ga aan de slag<\/a>\r\n    \r\n<\/section>\r\n        <section class=\"grammarSection\">\r\n            <div class=\"grammarLinks\">\r\n                <a href=\"https:\/\/talkpal.ai\/nl\/language\/artikelen-maori-grammatica\/\">Artikelen <\/a><a href=\"https:\/\/talkpal.ai\/nl\/language\/bijvoeglijke-naamwoorden-maori-grammatica\/\">Bijvoeglijke naamwoorden <\/a><a href=\"https:\/\/talkpal.ai\/nl\/language\/bijwoorden-maori-grammatica\/\">Bijwoorden <\/a><a href=\"https:\/\/talkpal.ai\/nl\/language\/gespannen-vergelijking-maori-grammatica\/\">Gespannen vergelijking <\/a><a href=\"https:\/\/talkpal.ai\/nl\/language\/perfect-progressief-maori-grammatica\/\">Perfect Progressief <\/a><a href=\"https:\/\/talkpal.ai\/nl\/language\/progressief-maori-grammatica\/\">Progressief <\/a><a href=\"https:\/\/talkpal.ai\/nl\/language\/tijden-maori-grammatica\/\">Tijden <\/a><a href=\"https:\/\/talkpal.ai\/nl\/language\/voornaamwoorden-bepalers-maori-grammatica\/\">Voornaamwoorden\/bepalers <\/a><a href=\"https:\/\/talkpal.ai\/nl\/language\/voorwaardelijke-voorwaarden-maori-grammatica\/\">Voorwaardelijke voorwaarden <\/a><a href=\"https:\/\/talkpal.ai\/nl\/language\/voorzetsels-maori-grammatica\/\">Voorzetsels <\/a><a href=\"https:\/\/talkpal.ai\/nl\/language\/werkwoorden-maori-grammatica\/\">Werkwoorden <\/a><a href=\"https:\/\/talkpal.ai\/nl\/language\/zelfstandige-naamwoorden-maori-grammatica\/\">Zelfstandige naamwoorden <\/a><a href=\"https:\/\/talkpal.ai\/nl\/language\/zinnen-maori-grammatica\/\">Zinnen <\/a>            <\/div>\r\n        <\/section>\r\n    <section class=\"promotionalBanner\">\r\n    <p class=\"promotionalText\">De meest effici\u00ebnte manier om een taal te leren<\/p>\r\n    <a class=\"promotionalLink\" href=\"https:\/\/app.talkpal.ai\/nl\/signup?lng=\">Probeer Talkpal gratis<\/a>\r\n<\/section>\n<div class=\"wp-block-group pageContainerStyle\"><div class=\"wp-block-group__inner-container is-layout-constrained wp-block-group-is-layout-constrained\">\n<h2 class=\"wp-block-heading\" id=\"h-maori-grammar-your-ticket-to-a-vibrant-bicultural-world\">Maori-grammatica: uw ticket naar een levendige biculturele wereld<\/h2>\n\n\n\n<p><a href=\"https:\/\/talkpal.ai\/culture\/how-do-you-say-lets-go-in-maori\/\">Kia ora<\/a>! <a href=\"https:\/\/talkpal.ai\/locations\/language-courses-in-welkom\/\">Welkom<\/a> in de wondere wereld van de Maori-taal. Als de inheemse taal van Nieuw-Zeeland biedt <a href=\"https:\/\/talkpal.ai\/learn-maori\/\">Maori<\/a> of te reo Maori je een unieke kans om in contact te komen met een eeuwenoude cultuur en haar levendige gemeenschap van sprekers. Zoals elke taal kan de <a href=\"https:\/\/talkpal.ai\/grammar\/\">grammatica<\/a> van het Maori een uitdaging lijken, maar maak je geen zorgen! Deze beginnersvriendelijke gids vereenvoudigt de kerncomponenten van de <a href=\"https:\/\/talkpal.ai\/maori-grammar\/\">Maori-grammatica<\/a> voor een visueel boeiende en informatieve reis.<\/p>\n\n\n\n<h3 class=\"wp-block-heading\" id=\"h-1-starting-with-the-basics-maori-alphabet-and-pronunciation\">1. Beginnen met de basis: Maori-alfabet en uitspraak<\/h3>\n\n\n\n<p>Maori gebruikt een aangepast Latijns schrift, bestaande uit slechts 15 letters: vijf klinkers (a, e, i, o en u) en tien medeklinkers (h, k, m, n, p, r, t, w, ng en wh). Maak uzelf vertrouwd met deze letters en hun verschillende uitspraken, aangezien ze de basis leggen voor al het latere leren van de Maori-grammatica.<\/p>\n\n\n\n<h3 class=\"wp-block-heading\" id=\"h-2-exploring-maori-sentence-structure\">2. Maori-zinsbouw verkennen<\/h3>\n\n\n\n<p>In de kern volgt de Maori-grammatica een eenvoudige onderwerp-werkwoordstructuur (-object), waarbij het werkwoord meestal aan het onderwerp voorafgaat. De duidelijkste manier om deze structuur te begrijpen, is door deze in actie te zien:<\/p>\n\n\n\n<p><strong>Nederlands: Het kind is aan het spelen.<\/strong><\/p>\n\n\n\n<p><strong>Maori: Kei te t\u0101karo te tamaiti.<\/strong><\/p>\n\n\n\n<p>In Maori wordt de werkwoordstijd aangegeven door een combinatie van partikels of door een tijdsaanduiding toe te voegen aan de zin.<\/p>\n\n\n\n<h3 class=\"wp-block-heading\" id=\"h-3-demystifying-particles-building-blocks-of-maori-grammar\">3. Demystificerende deeltjes: bouwstenen van de Maori-grammatica<\/h3>\n\n\n\n<p>Partikels spelen een cruciale rol in de grammatica van de Maori en verbinden woorden en zinnen met elkaar om coherente en expressieve zinnen te cre\u00ebren. Concentreer je als beginner op het begrijpen van een paar essenti\u00eble deeltjes:<\/p>\n\n\n\n<p><strong>&#8211; Kia: gebruikt voor commando&#8217;s, wensen en om het doel van een actie aan te geven.<\/strong><\/p>\n\n\n\n<p><strong>&#8211; Kei: gebruikt om de continue tijd te vormen.<\/strong><\/p>\n\n\n\n<p><strong>&#8211; Ko: wordt gebruikt om het onderwerp van een zin aan te geven.<\/strong><\/p>\n\n\n\n<h3 class=\"wp-block-heading\" id=\"h-4-getting-to-know-maori-pronouns\">4. Maori-voornaamwoorden leren kennen<\/h3>\n\n\n\n<p>Voornaamwoorden in het Maori vervangen zelfstandige naamwoorden en helpen uw gesprekken natuurlijk en vloeiend te houden. Concentreer je als beginner op het begrijpen van persoonlijke en bezittelijke voornaamwoorden:<\/p>\n\n\n\n<p>Persoonlijke voornaamwoorden: ahau (ik), koe (jij, enkelvoud), ia (hij\/zij), t\u0101ua (wij, inclusief persoon die wordt aangesproken), m\u0101ua (wij, exclusief persoon die wordt aangesproken), koutou (jij, meervoud), r\u0101tau (zij)<\/p>\n\n\n\n<p>Bezittelijke voornaamwoorden: taku\/t\u014dku (mijn), t\u014du (uw, enkelvoud), t\u014dna (zijn\/haar), t\u014d t\u0101ua (onze, inclusief spreker en luisteraar), t\u014d m\u0101ua (onze, spreker en iemand anders), t\u014d koutou (uw, meervoud), t\u014d r\u0101tau (hun)<\/p>\n\n\n\n<h3 class=\"wp-block-heading\" id=\"h-5-navigating-maori-nouns-and-adjectives\">5. Navigeren door Maori-zelfstandige naamwoorden en bijvoeglijke naamwoorden<\/h3>\n\n\n\n<p>Maori-zelfstandige naamwoorden en bijvoeglijke naamwoorden volgen eenvoudige grammaticale regels, waardoor het voor beginners gemakkelijk te begrijpen is. Bijvoeglijke naamwoorden volgen meestal het zelfstandig naamwoord dat ze beschrijven, en meervouden van zelfstandig naamwoorden bestaan simpelweg uit het toevoegen van een partikel, &#8220;ng\u0101,&#8221; voor het zelfstandig naamwoord. Bijvoorbeeld:<\/p>\n\n\n\n<p><strong>Te whare nui &#8211; &#8220;het grote huis&#8221;.<\/strong><\/p>\n\n\n\n<p><strong>Ng\u0101 tamariki &#8211; &#8220;de kinderen&#8221;.<\/strong><\/p>\n\n\n\n<p>Daar heb je het! Je hebt de eerste stappen gezet om de Maori-grammatica onder de knie te krijgen en je reis te verrijken met de Maori-taal en -cultuur. Onthoud dat oefening, doorzettingsvermogen en onderdompeling essentieel zijn voor succes, dus ga in gesprek met moedertaalsprekers, verken Maori-teksten en versterk je taalbasis. Kia kaha! (Ga sterk!)<\/p>\n<\/div><\/div>\n\r\n<section class=\"learnNavigationSection\">\r\n            \r\n        <a href=\"https:\/\/talkpal.ai\/nl\/leer-maori\/\">\r\n            <div class=\"learnNavigationWrapper\">\r\n                <div class=\"learnNavigationContent\">\r\n                    <img decoding=\"async\" src=\"https:\/\/talkpal.ai\/wp-content\/uploads\/2024\/08\/Maori.jpg\" alt=\"New Zealand Flag\">\r\n                    <div>\r\n                        <h4>Maori-grammaticalessen<\/h4>\r\n                        <p>Kom alles te weten over Maori-grammatica.<\/p>\r\n                    <\/div>\r\n                <\/div>\r\n            <\/div>\r\n        <\/a>\r\n\r\n        \r\n        <a href=\"https:\/\/talkpal.ai\/nl\/maori-grammatica-oefeningen\/\">\r\n            <div class=\"learnNavigationWrapper\">\r\n                <div class=\"learnNavigationContent\">\r\n                    <img decoding=\"async\" src=\"https:\/\/talkpal.ai\/wp-content\/uploads\/2024\/08\/Maori.jpg\" alt=\"New Zealand Flag\">\r\n                    <div>\r\n                        <h4>Oefening Maori-grammatica<\/h4>\r\n                        <p>Oefen Maori-grammatica.<\/p>\r\n                    <\/div>\r\n                <\/div>\r\n            <\/div>\r\n        <\/a>\r\n\r\n        \r\n        <a href=\"https:\/\/talkpal.ai\/vocabulary_language\/maori\/\">\r\n            <div class=\"learnNavigationWrapper\">\r\n                <div class=\"learnNavigationContent\">\r\n                    <img decoding=\"async\" src=\"https:\/\/talkpal.ai\/wp-content\/uploads\/2024\/08\/Maori.jpg\" alt=\"New Zealand Flag\">\r\n                    <div>\r\n                        <h4>Maori-woordenschat<\/h4>\r\n                        <p>Breid je Maori-woordenschat uit.<\/p>\r\n                    <\/div>\r\n                <\/div>\r\n            <\/div>\r\n        <\/a>\r\n\r\n            <\/section>","protected":false},"excerpt":{"rendered":"<p>Maori-grammatica: uw ticket naar een levendige biculturele wereld Kia ora! Welkom in de wondere wereld van de Maori-taal. Als de inheemse taal van Nieuw-Zeeland biedt Maori of te reo Maori je een unieke kans om in contact te komen met een eeuwenoude cultuur en haar levendige gemeenschap van sprekers. Zoals elke taal kan de grammatica [&hellip;]<\/p>\n","protected":false},"author":1,"featured_media":28490,"parent":0,"menu_order":0,"comment_status":"closed","ping_status":"closed","template":"LearningContentPage.php","meta":{"_acf_changed":false,"footnotes":""},"class_list":["post-147680","page","type-page","status-publish","has-post-thumbnail","hentry"],"acf":[],"yoast_head":"<!-- This site is optimized with the Yoast SEO Premium plugin v27.2 (Yoast SEO v27.2) - https:\/\/yoast.com\/product\/yoast-seo-premium-wordpress\/ -->\n<title>Maori Grammatica - Talkpal<\/title>\n<meta name=\"description\" content=\"Ontdek de basisprincipes van Maori-grammatica met onze beginnersvriendelijke gids. Ontdek de 15 letters en essenti\u00eble regels van te reo Maori.\" \/>\n<meta name=\"robots\" content=\"index, follow, max-snippet:-1, max-image-preview:large, max-video-preview:-1\" \/>\n<link rel=\"canonical\" href=\"https:\/\/talkpal.ai\/nl\/maori-grammatica\/\" \/>\n<meta property=\"og:locale\" content=\"nl_NL\" \/>\n<meta property=\"og:type\" content=\"article\" \/>\n<meta property=\"og:title\" content=\"Maori Grammatica\" \/>\n<meta property=\"og:description\" content=\"Maori-grammatica: uw ticket naar een levendige biculturele wereld Kia ora! Welkom in de wondere wereld van de Maori-taal. Als de inheemse taal van\" \/>\n<meta property=\"og:url\" content=\"https:\/\/talkpal.ai\/nl\/maori-grammatica\/\" \/>\n<meta property=\"og:site_name\" content=\"Talkpal\" \/>\n<meta property=\"article:publisher\" content=\"https:\/\/www.facebook.com\/profile.php?id=100090733639311\" \/>\n<meta property=\"article:modified_time\" content=\"2025-12-17T16:44:51+00:00\" \/>\n<meta property=\"og:image\" content=\"https:\/\/talkpal.ai\/wp-content\/uploads\/2023\/05\/Maori-new-zealand.png\" \/>\n\t<meta property=\"og:image:width\" content=\"512\" \/>\n\t<meta property=\"og:image:height\" content=\"512\" \/>\n\t<meta property=\"og:image:type\" content=\"image\/png\" \/>\n<meta name=\"twitter:card\" content=\"summary_large_image\" \/>\n<meta name=\"twitter:site\" content=\"@talkpalai\" \/>\n<meta name=\"twitter:label1\" content=\"Geschatte leestijd\" \/>\n\t<meta name=\"twitter:data1\" content=\"3 minuten\" \/>\n<script type=\"application\/ld+json\" class=\"yoast-schema-graph\">{\"@context\":\"https:\/\/schema.org\",\"@graph\":[{\"@type\":\"WebPage\",\"@id\":\"https:\/\/talkpal.ai\/nl\/maori-grammatica\/\",\"url\":\"https:\/\/talkpal.ai\/nl\/maori-grammatica\/\",\"name\":\"Maori Grammatica - Talkpal\",\"isPartOf\":{\"@id\":\"https:\/\/talkpal.ai\/nl\/#website\"},\"primaryImageOfPage\":{\"@id\":\"https:\/\/talkpal.ai\/nl\/maori-grammatica\/#primaryimage\"},\"image\":{\"@id\":\"https:\/\/talkpal.ai\/nl\/maori-grammatica\/#primaryimage\"},\"thumbnailUrl\":\"https:\/\/talkpal.ai\/wp-content\/uploads\/2023\/05\/Maori-new-zealand.png\",\"datePublished\":\"2023-05-14T14:12:25+00:00\",\"dateModified\":\"2025-12-17T16:44:51+00:00\",\"description\":\"Ontdek de basisprincipes van Maori-grammatica met onze beginnersvriendelijke gids. Ontdek de 15 letters en essenti\u00eble regels van te reo Maori.\",\"breadcrumb\":{\"@id\":\"https:\/\/talkpal.ai\/nl\/maori-grammatica\/#breadcrumb\"},\"inLanguage\":\"nl-NL\",\"potentialAction\":[{\"@type\":\"ReadAction\",\"target\":[\"https:\/\/talkpal.ai\/nl\/maori-grammatica\/\"]}]},{\"@type\":\"ImageObject\",\"inLanguage\":\"nl-NL\",\"@id\":\"https:\/\/talkpal.ai\/nl\/maori-grammatica\/#primaryimage\",\"url\":\"https:\/\/talkpal.ai\/wp-content\/uploads\/2023\/05\/Maori-new-zealand.png\",\"contentUrl\":\"https:\/\/talkpal.ai\/wp-content\/uploads\/2023\/05\/Maori-new-zealand.png\",\"width\":512,\"height\":512},{\"@type\":\"BreadcrumbList\",\"@id\":\"https:\/\/talkpal.ai\/nl\/maori-grammatica\/#breadcrumb\",\"itemListElement\":[{\"@type\":\"ListItem\",\"position\":1,\"name\":\"Homepage\",\"item\":\"https:\/\/talkpal.ai\/nl\/\"},{\"@type\":\"ListItem\",\"position\":2,\"name\":\"Maori Grammatica\"}]},{\"@type\":\"WebSite\",\"@id\":\"https:\/\/talkpal.ai\/nl\/#website\",\"url\":\"https:\/\/talkpal.ai\/nl\/\",\"name\":\"Talkpal\",\"description\":\"AI Language Learning\",\"publisher\":{\"@id\":\"https:\/\/talkpal.ai\/nl\/#organization\"},\"alternateName\":\"Talkpal AI\",\"potentialAction\":[{\"@type\":\"SearchAction\",\"target\":{\"@type\":\"EntryPoint\",\"urlTemplate\":\"https:\/\/talkpal.ai\/nl\/?s={search_term_string}\"},\"query-input\":{\"@type\":\"PropertyValueSpecification\",\"valueRequired\":true,\"valueName\":\"search_term_string\"}}],\"inLanguage\":\"nl-NL\"},{\"@type\":\"Organization\",\"@id\":\"https:\/\/talkpal.ai\/nl\/#organization\",\"name\":\"Talkpal, Inc.\",\"alternateName\":\"Talkpal AI\",\"url\":\"https:\/\/talkpal.ai\/nl\/\",\"logo\":{\"@type\":\"ImageObject\",\"inLanguage\":\"nl-NL\",\"@id\":\"https:\/\/talkpal.ai\/nl\/#\/schema\/logo\/image\/\",\"url\":\"https:\/\/talkpal.ai\/wp-content\/uploads\/2024\/03\/Talkpal-Logo-Icon.png\",\"contentUrl\":\"https:\/\/talkpal.ai\/wp-content\/uploads\/2024\/03\/Talkpal-Logo-Icon.png\",\"width\":2880,\"height\":2880,\"caption\":\"Talkpal, Inc.\"},\"image\":{\"@id\":\"https:\/\/talkpal.ai\/nl\/#\/schema\/logo\/image\/\"},\"sameAs\":[\"https:\/\/www.facebook.com\/profile.php?id=100090733639311\",\"https:\/\/x.com\/talkpalai\",\"https:\/\/www.linkedin.com\/company\/talkpal\/\",\"https:\/\/www.youtube.com\/@TalkPal\/\",\"https:\/\/www.tiktok.com\/@talkpal\",\"https:\/\/www.instagram.com\/talkpal_ai\/\",\"https:\/\/www.crunchbase.com\/organization\/talkpal-9cde\",\"https:\/\/www.g2.com\/products\/talkpal-for-business\/\",\"https:\/\/www.trustpilot.com\/review\/talkpal.ai\",\"https:\/\/www.capterra.com\/p\/10006800\/TalkPal\/\"],\"description\":\"Talkpal is a language learning web and mobile education app, powered by the latest AI technologies, that provides engaging experiences to its customers in many different languages to help them improve their language skills. Users can chat about unlimited amount of topics with the app and use other modes to practice their language learning.\",\"email\":\"support@talkpal.ai\",\"legalName\":\"Talkpal, Inc.\",\"foundingDate\":\"2023-04-03\",\"duns\":\"118989042\",\"numberOfEmployees\":{\"@type\":\"QuantitativeValue\",\"minValue\":\"11\",\"maxValue\":\"50\"},\"publishingPrinciples\":\"https:\/\/talkpal.ai\/publishing-principles\/\",\"actionableFeedbackPolicy\":\"https:\/\/talkpal.ai\/actionable-feedback-policy\/\",\"correctionsPolicy\":\"https:\/\/talkpal.ai\/corrections-policy\/\",\"ethicsPolicy\":\"https:\/\/talkpal.ai\/ethics-policy\/\",\"diversityPolicy\":\"https:\/\/talkpal.ai\/diversity-policy\/\",\"diversityStaffingReport\":\"https:\/\/talkpal.ai\/diversity-policy\/\"}]}<\/script>\n<!-- \/ Yoast SEO Premium plugin. -->","yoast_head_json":{"title":"Maori Grammatica - Talkpal","description":"Ontdek de basisprincipes van Maori-grammatica met onze beginnersvriendelijke gids. Ontdek de 15 letters en essenti\u00eble regels van te reo Maori.","robots":{"index":"index","follow":"follow","max-snippet":"max-snippet:-1","max-image-preview":"max-image-preview:large","max-video-preview":"max-video-preview:-1"},"canonical":"https:\/\/talkpal.ai\/nl\/maori-grammatica\/","og_locale":"nl_NL","og_type":"article","og_title":"Maori Grammatica","og_description":"Maori-grammatica: uw ticket naar een levendige biculturele wereld Kia ora! Welkom in de wondere wereld van de Maori-taal. Als de inheemse taal van","og_url":"https:\/\/talkpal.ai\/nl\/maori-grammatica\/","og_site_name":"Talkpal","article_publisher":"https:\/\/www.facebook.com\/profile.php?id=100090733639311","article_modified_time":"2025-12-17T16:44:51+00:00","og_image":[{"width":512,"height":512,"url":"https:\/\/talkpal.ai\/wp-content\/uploads\/2023\/05\/Maori-new-zealand.png","type":"image\/png"}],"twitter_card":"summary_large_image","twitter_site":"@talkpalai","twitter_misc":{"Geschatte leestijd":"3 minuten"},"schema":{"@context":"https:\/\/schema.org","@graph":[{"@type":"WebPage","@id":"https:\/\/talkpal.ai\/nl\/maori-grammatica\/","url":"https:\/\/talkpal.ai\/nl\/maori-grammatica\/","name":"Maori Grammatica - Talkpal","isPartOf":{"@id":"https:\/\/talkpal.ai\/nl\/#website"},"primaryImageOfPage":{"@id":"https:\/\/talkpal.ai\/nl\/maori-grammatica\/#primaryimage"},"image":{"@id":"https:\/\/talkpal.ai\/nl\/maori-grammatica\/#primaryimage"},"thumbnailUrl":"https:\/\/talkpal.ai\/wp-content\/uploads\/2023\/05\/Maori-new-zealand.png","datePublished":"2023-05-14T14:12:25+00:00","dateModified":"2025-12-17T16:44:51+00:00","description":"Ontdek de basisprincipes van Maori-grammatica met onze beginnersvriendelijke gids. Ontdek de 15 letters en essenti\u00eble regels van te reo Maori.","breadcrumb":{"@id":"https:\/\/talkpal.ai\/nl\/maori-grammatica\/#breadcrumb"},"inLanguage":"nl-NL","potentialAction":[{"@type":"ReadAction","target":["https:\/\/talkpal.ai\/nl\/maori-grammatica\/"]}]},{"@type":"ImageObject","inLanguage":"nl-NL","@id":"https:\/\/talkpal.ai\/nl\/maori-grammatica\/#primaryimage","url":"https:\/\/talkpal.ai\/wp-content\/uploads\/2023\/05\/Maori-new-zealand.png","contentUrl":"https:\/\/talkpal.ai\/wp-content\/uploads\/2023\/05\/Maori-new-zealand.png","width":512,"height":512},{"@type":"BreadcrumbList","@id":"https:\/\/talkpal.ai\/nl\/maori-grammatica\/#breadcrumb","itemListElement":[{"@type":"ListItem","position":1,"name":"Homepage","item":"https:\/\/talkpal.ai\/nl\/"},{"@type":"ListItem","position":2,"name":"Maori Grammatica"}]},{"@type":"WebSite","@id":"https:\/\/talkpal.ai\/nl\/#website","url":"https:\/\/talkpal.ai\/nl\/","name":"Talkpal","description":"AI Language Learning","publisher":{"@id":"https:\/\/talkpal.ai\/nl\/#organization"},"alternateName":"Talkpal AI","potentialAction":[{"@type":"SearchAction","target":{"@type":"EntryPoint","urlTemplate":"https:\/\/talkpal.ai\/nl\/?s={search_term_string}"},"query-input":{"@type":"PropertyValueSpecification","valueRequired":true,"valueName":"search_term_string"}}],"inLanguage":"nl-NL"},{"@type":"Organization","@id":"https:\/\/talkpal.ai\/nl\/#organization","name":"Talkpal, Inc.","alternateName":"Talkpal AI","url":"https:\/\/talkpal.ai\/nl\/","logo":{"@type":"ImageObject","inLanguage":"nl-NL","@id":"https:\/\/talkpal.ai\/nl\/#\/schema\/logo\/image\/","url":"https:\/\/talkpal.ai\/wp-content\/uploads\/2024\/03\/Talkpal-Logo-Icon.png","contentUrl":"https:\/\/talkpal.ai\/wp-content\/uploads\/2024\/03\/Talkpal-Logo-Icon.png","width":2880,"height":2880,"caption":"Talkpal, Inc."},"image":{"@id":"https:\/\/talkpal.ai\/nl\/#\/schema\/logo\/image\/"},"sameAs":["https:\/\/www.facebook.com\/profile.php?id=100090733639311","https:\/\/x.com\/talkpalai","https:\/\/www.linkedin.com\/company\/talkpal\/","https:\/\/www.youtube.com\/@TalkPal\/","https:\/\/www.tiktok.com\/@talkpal","https:\/\/www.instagram.com\/talkpal_ai\/","https:\/\/www.crunchbase.com\/organization\/talkpal-9cde","https:\/\/www.g2.com\/products\/talkpal-for-business\/","https:\/\/www.trustpilot.com\/review\/talkpal.ai","https:\/\/www.capterra.com\/p\/10006800\/TalkPal\/"],"description":"Talkpal is a language learning web and mobile education app, powered by the latest AI technologies, that provides engaging experiences to its customers in many different languages to help them improve their language skills. Users can chat about unlimited amount of topics with the app and use other modes to practice their language learning.","email":"support@talkpal.ai","legalName":"Talkpal, Inc.","foundingDate":"2023-04-03","duns":"118989042","numberOfEmployees":{"@type":"QuantitativeValue","minValue":"11","maxValue":"50"},"publishingPrinciples":"https:\/\/talkpal.ai\/publishing-principles\/","actionableFeedbackPolicy":"https:\/\/talkpal.ai\/actionable-feedback-policy\/","correctionsPolicy":"https:\/\/talkpal.ai\/corrections-policy\/","ethicsPolicy":"https:\/\/talkpal.ai\/ethics-policy\/","diversityPolicy":"https:\/\/talkpal.ai\/diversity-policy\/","diversityStaffingReport":"https:\/\/talkpal.ai\/diversity-policy\/"}]}},"_links":{"self":[{"href":"https:\/\/talkpal.ai\/nl\/wp-json\/wp\/v2\/pages\/147680","targetHints":{"allow":["GET"]}}],"collection":[{"href":"https:\/\/talkpal.ai\/nl\/wp-json\/wp\/v2\/pages"}],"about":[{"href":"https:\/\/talkpal.ai\/nl\/wp-json\/wp\/v2\/types\/page"}],"author":[{"embeddable":true,"href":"https:\/\/talkpal.ai\/nl\/wp-json\/wp\/v2\/users\/1"}],"replies":[{"embeddable":true,"href":"https:\/\/talkpal.ai\/nl\/wp-json\/wp\/v2\/comments?post=147680"}],"version-history":[{"count":0,"href":"https:\/\/talkpal.ai\/nl\/wp-json\/wp\/v2\/pages\/147680\/revisions"}],"wp:featuredmedia":[{"embeddable":true,"href":"https:\/\/talkpal.ai\/nl\/wp-json\/wp\/v2\/media\/28490"}],"wp:attachment":[{"href":"https:\/\/talkpal.ai\/nl\/wp-json\/wp\/v2\/media?parent=147680"}],"curies":[{"name":"wp","href":"https:\/\/api.w.org\/{rel}","templated":true}]}}