{"id":1466935,"date":"2025-11-11T12:01:19","date_gmt":"2025-11-11T12:01:19","guid":{"rendered":"https:\/\/talkpal.ai\/albanese-grammatica\/"},"modified":"2025-12-30T15:37:51","modified_gmt":"2025-12-30T15:37:51","slug":"albanese-grammatica","status":"publish","type":"page","link":"https:\/\/talkpal.ai\/nl\/albanese-grammatica\/","title":{"rendered":"Albanese grammatica"},"content":{"rendered":"\r\n\r\n\r\n<section class=\"languageChallengeSection\">\r\n    <div class=\"languageInfoWrapper\">\r\n        \r\n        <h1>Albanese grammatica<\/h1>\r\n        <p>De <a href=\"https:\/\/talkpal.ai\/nl\/albanese-grammatica-oefeningen\/\">Albanese grammatica<\/a> lijkt in eerste instantie misschien een uitdaging, maar de unieke kenmerken maken het leren <a href=\"https:\/\/talkpal.ai\/locations\/language-courses-in-van\/\">van<\/a> de taal tot een lonende ervaring. Door het alfabet, de mutaties en de grammaticaregels te verkennen, krijg je inzicht in een rijke taaltraditie. Begin je reis en ontdek de schoonheid van het <a href=\"https:\/\/talkpal.ai\/learn-albanian\/\">Albanees<\/a>!<\/p>\r\n\r\n                            <a class=\"getStartedHidden\" href=\"https:\/\/app.talkpal.ai\/nl\/signup?lng=\">Ga aan de slag<\/a>\r\n        \r\n    <\/div>\r\n\r\n    <figure>\r\n    <img decoding=\"async\" width=\"768\" height=\"768\" src=\"https:\/\/talkpal.ai\/wp-content\/uploads\/2023\/06\/welsh-768x768.png\" class=\"languageImage no-lazy\" alt=\"Default alt text\" fetchpriority=\"high\" sizes=\"(max-width: 768px) 150px, 768px\" srcset=\"https:\/\/talkpal.ai\/wp-content\/uploads\/2023\/06\/welsh-768x768.png 768w, https:\/\/talkpal.ai\/wp-content\/uploads\/2023\/06\/welsh-300x300.png 300w\" \/>\r\n    \r\n\r\n    <\/figure>\r\n\r\n            <a class=\"getStartedVisible\" href=\"https:\/\/app.talkpal.ai\/nl\/signup?lng=\">Ga aan de slag<\/a>\r\n    \r\n<\/section><section class=\"promotionalBanner\">\r\n    <p class=\"promotionalText\">De meest effici\u00ebnte manier om een taal te leren<\/p>\r\n    <a class=\"promotionalLink\" href=\"https:\/\/app.talkpal.ai\/nl\/signup?lng=\">Probeer Talkpal gratis<\/a>\r\n<\/section>\n<div class=\"wp-block-group pageContainerStyle\"><div class=\"wp-block-group__inner-container is-layout-constrained wp-block-group-is-layout-constrained\">\n<h2 class=\"wp-block-heading\" id=\"h-navigating-the-intricacies-of-albanian-grammar\">Navigeren door de fijne kneepjes van de Albanese grammatica<\/h2>\n\n\n\n<p><a href=\"https:\/\/talkpal.ai\/nl\/albanees-leren\/\">Albanees<\/a>, een Indo-Europese taal met een aparte tak en diepe culturele wortels, biedt een lonende reis voor leerlingen die zich aangetrokken voelen tot de unieke <a href=\"https:\/\/talkpal.ai\/grammar\/\">grammatica<\/a> en het geluidssysteem. Terwijl je het Albanees verkent, breid je je taalkundige toolkit uit terwijl je in <a href=\"https:\/\/talkpal.ai\/contact\/\">contact<\/a> komt met de cultuur van Albani\u00eb en de bredere Albanees sprekende wereld. De Albanese grammatica kan er in eerste instantie ingewikkeld uitzien, maar door het op te splitsen in kerndelen wordt de vooruitgang eenvoudig. Hieronder vindt u een gerichte gids voor de essentie, met tips om u te helpen ze onder de knie te krijgen.<\/p>\n\n\n\n<h3 class=\"wp-block-heading\" id=\"h-1-albanian-alphabet-and-phonetics\">1. Albanees alfabet en fonetiek<\/h3>\n\n\n\n<p>Het Albanese alfabet heeft 36 letters, waaronder een aantal die als digrafen zijn geschreven maar als enkele letters worden geteld, zoals dh, gj, ll, nj, rr, sh, th, xh, zh. Het gebruikt ook \u00e7 en \u00eb, en de klinker y vertegenwoordigt een gesloten afgeronde klank aan de voorkant. Het contrast tussen r en rr is betekenisvol, en q en gj zijn palatale registers die verschillen van k en g. Vertrouwd raken met deze klanken en letters door hardop te lezen en te luisteren is een belangrijke eerste stap.<\/p>\n\n\n\n<h3 class=\"wp-block-heading\" id=\"h-2-definite-articles-and-linkers-a-distinctive-albanian-feature\">2. Bepaalde lidwoorden en linkers: een onderscheidend Albanees kenmerk<\/h3>\n\n\n\n<p>Een kenmerk van het Albanees is het achtervoegsel bepaald lidwoord, dat aan <a href=\"https:\/\/talkpal.ai\/nl\/grammar\/overeenkomst-met-zelfstandige-naamwoorden-geslacht-en-getal-in-authentieke-grammatica\/\">zelfstandige naamwoorden<\/a> wordt gehecht en varieert per geslacht en nummer. Een ander opmerkelijk kenmerk is het koppelingsdeeltje in de zelfstandige naamwoordzin, meestal i of e in de onbepaalde en t\u00eb of s\u00eb in bepaalde en naamvalscontexten, gebruikt v\u00f3\u00f3r bijvoeglijke naamwoorden en sommige modifiers. Begrijpen wanneer en hoe definiutheid en de linker verschijnen, is van vitaal belang voor nauwkeurige communicatie in het Albanees.<\/p>\n\n\n\n<h3 class=\"wp-block-heading\" id=\"h-3-nouns-and-pronouns-gender-and-cases\">3. Zelfstandige naamwoorden en voornaamwoorden: geslacht en naamvallen<\/h3>\n\n\n\n<p>Albanese zelfstandige naamwoorden hebben een grammaticaal geslacht (mannelijk of vrouwelijk) en volgen verschillende meervoudsvormingspatronen. De taal markeert naamvalrelaties in de zelfstandige naamwoordzin, traditioneel vijf naamvallen in de standaardtaal. Voornaamwoorden omvatten persoonlijke, bezittelijke, reflexieve, demonstratieve en vragende vormen, evenals objectclitica die aan het werkwoord hechten. Als u vertrouwd raakt met deze voornaamwoorden en hun plaatsing, zult u uw begrip van de Albanese grammatica aanzienlijk verbeteren.<\/p>\n\n\n\n<h3 class=\"wp-block-heading\" id=\"h-4-verbs-structure-and-conjugation\">4. Werkwoorden: structuur en vervoeging<\/h3>\n\n\n\n<p>Albanese werkwoorden volgen een duidelijke structuur en vervoegingspatroon, afhankelijk van de tijd, stemming en persoon. Essenti\u00eble tijden zijn onder meer het heden, het eenvoudige verleden, het onvolmaakte en de samengestelde volmaakte, samen met de toekomst gevormd met do t\u00eb plus de aanvoegende wijs. Het Albanees maakt ook veel gebruik van de aanvoegende wijs, en bevat voorwaardelijke en gebiedende wijs. Het leren van de vervoegingsregels voor veelvoorkomende werkwoorden zal uw vermogen om effectief in het Albanees te communiceren verbeteren.<\/p>\n\n\n\n<h3 class=\"wp-block-heading\" id=\"h-5-adjectives-agreement-and-placement\">5. Bijvoeglijke naamwoorden: overeenkomst en plaatsing<\/h3>\n\n\n\n<p>In de Albanese grammatica volgen bijvoeglijke naamwoorden meestal het zelfstandig naamwoord dat ze wijzigen en overeenkomen via een verbindend deeltje dat geslacht en aantal aangeeft. Sommige bijvoeglijke naamwoorden hebben onregelmatige vergelijkende en overtreffende trappatronen, en vergelijkende woorden gebruiken vaak m\u00eb plus het bijvoeglijk naamwoord, terwijl superlatieven het instemmende lidwoord toevoegen. Door overeenstemming en plaatsing onder de knie te krijgen, klinkt u natuurlijk.<\/p>\n\n\n\n<p><strong>Voorbeelden:<\/strong><\/p>\n\n\n\n<p><strong>\u2013 Dashuri e Madhe (Grote liefde)<\/strong><\/p>\n\n\n\n<p><strong>\u2013 f\u00ebmij\u00eb t\u00eb vegj\u00ebl (kleine kinderen)<\/strong><\/p>\n\n\n\n<h3 class=\"wp-block-heading\" id=\"h-6-engaging-with-the-language\">6. Omgaan met de taal<\/h3>\n\n\n\n<p>De meest effectieve manier om de Albanese grammatica volledig te begrijpen en te internaliseren, is door consequent met de taal om te gaan. Door Albanese literatuur te lezen, Albanese films of televisieseries te kijken, nieuws en podcasts te volgen en actief te communiceren met moedertaalsprekers, versterkt u uw begrip van grammatica en breidt u uw woordenschat uit.<\/p>\n\n\n\n<h3 class=\"wp-block-heading\" id=\"h-conclusion\">Conclusie<\/h3>\n\n\n\n<p>Hoewel de Albanese grammatica misschien ingewikkeld lijkt, kun je deze prachtige taal met toewijding, oefening en enthousiasme beheersen. Door je te concentreren op de fundamentele regels en je in verschillende contexten met de taal bezig te houden, zul je snel je Albanese <a href=\"https:\/\/talkpal.ai\/nl\/grammatica\/\">grammaticale vaardigheden<\/a> verbeteren. Suksese met je Albanese taalreis en geniet van het ontrafelen van de expressieve en boeiende wereld van de Albanese grammatica.<\/p>\n<\/div><\/div>\n\r\n<section class=\"learnNavigationSection\">\r\n            \r\n        <a href=\"https:\/\/talkpal.ai\/nl\/albanees-leren\/\">\r\n            <div class=\"learnNavigationWrapper\">\r\n                <div class=\"learnNavigationContent\">\r\n                    <img decoding=\"async\" src=\"https:\/\/talkpal.ai\/wp-content\/uploads\/2025\/11\/Albanian.png\" alt=\"Albanian Flag\">\r\n                    <div>\r\n                        <h4>Over Albanees leren<\/h4>\r\n                        <p>Kom alles te weten over de Albanese grammatica.<\/p>\r\n                    <\/div>\r\n                <\/div>\r\n            <\/div>\r\n        <\/a>\r\n\r\n        \r\n        <a href=\"https:\/\/talkpal.ai\/nl\/albanese-grammatica-oefeningen\/\">\r\n            <div class=\"learnNavigationWrapper\">\r\n                <div class=\"learnNavigationContent\">\r\n                    <img decoding=\"async\" src=\"https:\/\/talkpal.ai\/wp-content\/uploads\/2025\/11\/Albanian.png\" alt=\"Albanian Flag\">\r\n                    <div>\r\n                        <h4>Albanese grammatica oefening<\/h4>\r\n                        <p>Oefen de Albanese grammatica.<\/p>\r\n                    <\/div>\r\n                <\/div>\r\n            <\/div>\r\n        <\/a>\r\n\r\n            <\/section>","protected":false},"excerpt":{"rendered":"<p>Navigeren door de fijne kneepjes van de Albanese grammatica Albanees, een Indo-Europese taal met een aparte tak en diepe culturele wortels, biedt een lonende reis voor leerlingen die zich aangetrokken voelen tot de unieke grammatica en het geluidssysteem. Terwijl je het Albanees verkent, breid je je taalkundige toolkit uit terwijl je in contact komt met [&hellip;]<\/p>\n","protected":false},"author":20,"featured_media":0,"parent":0,"menu_order":0,"comment_status":"closed","ping_status":"closed","template":"LearningContentPage.php","meta":{"_acf_changed":false,"footnotes":""},"class_list":["post-1466935","page","type-page","status-publish","hentry"],"acf":[],"yoast_head":"<!-- This site is optimized with the Yoast SEO Premium plugin v27.2 (Yoast SEO v27.2) - https:\/\/yoast.com\/product\/yoast-seo-premium-wordpress\/ -->\n<title>Albanese grammatica - Talkpal<\/title>\n<meta name=\"description\" content=\"Leer de essenti\u00eble Albanese grammatica, inclusief naamvallen en werkwoorden, met Talkpal&#039;s interactieve AI-taalgids.\" \/>\n<meta name=\"robots\" content=\"index, follow, max-snippet:-1, max-image-preview:large, max-video-preview:-1\" \/>\n<link rel=\"canonical\" href=\"https:\/\/talkpal.ai\/nl\/albanese-grammatica\/\" \/>\n<meta property=\"og:locale\" content=\"nl_NL\" \/>\n<meta property=\"og:type\" content=\"article\" \/>\n<meta property=\"og:title\" content=\"Albanese grammatica\" \/>\n<meta property=\"og:description\" content=\"Navigeren door de fijne kneepjes van de Albanese grammatica Albanees, een Indo-Europese taal met een aparte tak en diepe culturele wortels, biedt een\" \/>\n<meta property=\"og:url\" content=\"https:\/\/talkpal.ai\/nl\/albanese-grammatica\/\" \/>\n<meta property=\"og:site_name\" content=\"Talkpal\" \/>\n<meta property=\"article:publisher\" content=\"https:\/\/www.facebook.com\/profile.php?id=100090733639311\" \/>\n<meta property=\"article:modified_time\" content=\"2025-12-30T15:37:51+00:00\" \/>\n<meta property=\"og:image\" content=\"https:\/\/talkpal.ai\/wp-content\/uploads\/2025\/02\/Progress-tab-16_9.png\" \/>\n\t<meta property=\"og:image:width\" content=\"2880\" \/>\n\t<meta property=\"og:image:height\" content=\"1620\" \/>\n\t<meta property=\"og:image:type\" content=\"image\/png\" \/>\n<meta name=\"twitter:card\" content=\"summary_large_image\" \/>\n<meta name=\"twitter:site\" content=\"@talkpalai\" \/>\n<meta name=\"twitter:label1\" content=\"Geschatte leestijd\" \/>\n\t<meta name=\"twitter:data1\" content=\"3 minuten\" \/>\n<script type=\"application\/ld+json\" class=\"yoast-schema-graph\">{\"@context\":\"https:\/\/schema.org\",\"@graph\":[{\"@type\":\"WebPage\",\"@id\":\"https:\/\/talkpal.ai\/nl\/albanese-grammatica\/\",\"url\":\"https:\/\/talkpal.ai\/nl\/albanese-grammatica\/\",\"name\":\"Albanese grammatica - Talkpal\",\"isPartOf\":{\"@id\":\"https:\/\/talkpal.ai\/nl\/#website\"},\"datePublished\":\"2025-11-11T12:01:19+00:00\",\"dateModified\":\"2025-12-30T15:37:51+00:00\",\"description\":\"Leer de essenti\u00eble Albanese grammatica, inclusief naamvallen en werkwoorden, met Talkpal's interactieve AI-taalgids.\",\"breadcrumb\":{\"@id\":\"https:\/\/talkpal.ai\/nl\/albanese-grammatica\/#breadcrumb\"},\"inLanguage\":\"nl-NL\",\"potentialAction\":[{\"@type\":\"ReadAction\",\"target\":[\"https:\/\/talkpal.ai\/nl\/albanese-grammatica\/\"]}]},{\"@type\":\"BreadcrumbList\",\"@id\":\"https:\/\/talkpal.ai\/nl\/albanese-grammatica\/#breadcrumb\",\"itemListElement\":[{\"@type\":\"ListItem\",\"position\":1,\"name\":\"Homepage\",\"item\":\"https:\/\/talkpal.ai\/nl\/\"},{\"@type\":\"ListItem\",\"position\":2,\"name\":\"Albanese grammatica\"}]},{\"@type\":\"WebSite\",\"@id\":\"https:\/\/talkpal.ai\/nl\/#website\",\"url\":\"https:\/\/talkpal.ai\/nl\/\",\"name\":\"Talkpal\",\"description\":\"AI Language Learning\",\"publisher\":{\"@id\":\"https:\/\/talkpal.ai\/nl\/#organization\"},\"alternateName\":\"Talkpal AI\",\"potentialAction\":[{\"@type\":\"SearchAction\",\"target\":{\"@type\":\"EntryPoint\",\"urlTemplate\":\"https:\/\/talkpal.ai\/nl\/?s={search_term_string}\"},\"query-input\":{\"@type\":\"PropertyValueSpecification\",\"valueRequired\":true,\"valueName\":\"search_term_string\"}}],\"inLanguage\":\"nl-NL\"},{\"@type\":\"Organization\",\"@id\":\"https:\/\/talkpal.ai\/nl\/#organization\",\"name\":\"Talkpal, Inc.\",\"alternateName\":\"Talkpal AI\",\"url\":\"https:\/\/talkpal.ai\/nl\/\",\"logo\":{\"@type\":\"ImageObject\",\"inLanguage\":\"nl-NL\",\"@id\":\"https:\/\/talkpal.ai\/nl\/#\/schema\/logo\/image\/\",\"url\":\"https:\/\/talkpal.ai\/wp-content\/uploads\/2024\/03\/Talkpal-Logo-Icon.png\",\"contentUrl\":\"https:\/\/talkpal.ai\/wp-content\/uploads\/2024\/03\/Talkpal-Logo-Icon.png\",\"width\":2880,\"height\":2880,\"caption\":\"Talkpal, Inc.\"},\"image\":{\"@id\":\"https:\/\/talkpal.ai\/nl\/#\/schema\/logo\/image\/\"},\"sameAs\":[\"https:\/\/www.facebook.com\/profile.php?id=100090733639311\",\"https:\/\/x.com\/talkpalai\",\"https:\/\/www.linkedin.com\/company\/talkpal\/\",\"https:\/\/www.youtube.com\/@TalkPal\/\",\"https:\/\/www.tiktok.com\/@talkpal\",\"https:\/\/www.instagram.com\/talkpal_ai\/\",\"https:\/\/www.crunchbase.com\/organization\/talkpal-9cde\",\"https:\/\/www.g2.com\/products\/talkpal-for-business\/\",\"https:\/\/www.trustpilot.com\/review\/talkpal.ai\",\"https:\/\/www.capterra.com\/p\/10006800\/TalkPal\/\"],\"description\":\"Talkpal is a language learning web and mobile education app, powered by the latest AI technologies, that provides engaging experiences to its customers in many different languages to help them improve their language skills. Users can chat about unlimited amount of topics with the app and use other modes to practice their language learning.\",\"email\":\"support@talkpal.ai\",\"legalName\":\"Talkpal, Inc.\",\"foundingDate\":\"2023-04-03\",\"duns\":\"118989042\",\"numberOfEmployees\":{\"@type\":\"QuantitativeValue\",\"minValue\":\"11\",\"maxValue\":\"50\"},\"publishingPrinciples\":\"https:\/\/talkpal.ai\/publishing-principles\/\",\"actionableFeedbackPolicy\":\"https:\/\/talkpal.ai\/actionable-feedback-policy\/\",\"correctionsPolicy\":\"https:\/\/talkpal.ai\/corrections-policy\/\",\"ethicsPolicy\":\"https:\/\/talkpal.ai\/ethics-policy\/\",\"diversityPolicy\":\"https:\/\/talkpal.ai\/diversity-policy\/\",\"diversityStaffingReport\":\"https:\/\/talkpal.ai\/diversity-policy\/\"}]}<\/script>\n<!-- \/ Yoast SEO Premium plugin. -->","yoast_head_json":{"title":"Albanese grammatica - Talkpal","description":"Leer de essenti\u00eble Albanese grammatica, inclusief naamvallen en werkwoorden, met Talkpal's interactieve AI-taalgids.","robots":{"index":"index","follow":"follow","max-snippet":"max-snippet:-1","max-image-preview":"max-image-preview:large","max-video-preview":"max-video-preview:-1"},"canonical":"https:\/\/talkpal.ai\/nl\/albanese-grammatica\/","og_locale":"nl_NL","og_type":"article","og_title":"Albanese grammatica","og_description":"Navigeren door de fijne kneepjes van de Albanese grammatica Albanees, een Indo-Europese taal met een aparte tak en diepe culturele wortels, biedt een","og_url":"https:\/\/talkpal.ai\/nl\/albanese-grammatica\/","og_site_name":"Talkpal","article_publisher":"https:\/\/www.facebook.com\/profile.php?id=100090733639311","article_modified_time":"2025-12-30T15:37:51+00:00","og_image":[{"width":2880,"height":1620,"url":"https:\/\/talkpal.ai\/wp-content\/uploads\/2025\/02\/Progress-tab-16_9.png","type":"image\/png"}],"twitter_card":"summary_large_image","twitter_site":"@talkpalai","twitter_misc":{"Geschatte leestijd":"3 minuten"},"schema":{"@context":"https:\/\/schema.org","@graph":[{"@type":"WebPage","@id":"https:\/\/talkpal.ai\/nl\/albanese-grammatica\/","url":"https:\/\/talkpal.ai\/nl\/albanese-grammatica\/","name":"Albanese grammatica - Talkpal","isPartOf":{"@id":"https:\/\/talkpal.ai\/nl\/#website"},"datePublished":"2025-11-11T12:01:19+00:00","dateModified":"2025-12-30T15:37:51+00:00","description":"Leer de essenti\u00eble Albanese grammatica, inclusief naamvallen en werkwoorden, met Talkpal's interactieve AI-taalgids.","breadcrumb":{"@id":"https:\/\/talkpal.ai\/nl\/albanese-grammatica\/#breadcrumb"},"inLanguage":"nl-NL","potentialAction":[{"@type":"ReadAction","target":["https:\/\/talkpal.ai\/nl\/albanese-grammatica\/"]}]},{"@type":"BreadcrumbList","@id":"https:\/\/talkpal.ai\/nl\/albanese-grammatica\/#breadcrumb","itemListElement":[{"@type":"ListItem","position":1,"name":"Homepage","item":"https:\/\/talkpal.ai\/nl\/"},{"@type":"ListItem","position":2,"name":"Albanese grammatica"}]},{"@type":"WebSite","@id":"https:\/\/talkpal.ai\/nl\/#website","url":"https:\/\/talkpal.ai\/nl\/","name":"Talkpal","description":"AI Language Learning","publisher":{"@id":"https:\/\/talkpal.ai\/nl\/#organization"},"alternateName":"Talkpal AI","potentialAction":[{"@type":"SearchAction","target":{"@type":"EntryPoint","urlTemplate":"https:\/\/talkpal.ai\/nl\/?s={search_term_string}"},"query-input":{"@type":"PropertyValueSpecification","valueRequired":true,"valueName":"search_term_string"}}],"inLanguage":"nl-NL"},{"@type":"Organization","@id":"https:\/\/talkpal.ai\/nl\/#organization","name":"Talkpal, Inc.","alternateName":"Talkpal AI","url":"https:\/\/talkpal.ai\/nl\/","logo":{"@type":"ImageObject","inLanguage":"nl-NL","@id":"https:\/\/talkpal.ai\/nl\/#\/schema\/logo\/image\/","url":"https:\/\/talkpal.ai\/wp-content\/uploads\/2024\/03\/Talkpal-Logo-Icon.png","contentUrl":"https:\/\/talkpal.ai\/wp-content\/uploads\/2024\/03\/Talkpal-Logo-Icon.png","width":2880,"height":2880,"caption":"Talkpal, Inc."},"image":{"@id":"https:\/\/talkpal.ai\/nl\/#\/schema\/logo\/image\/"},"sameAs":["https:\/\/www.facebook.com\/profile.php?id=100090733639311","https:\/\/x.com\/talkpalai","https:\/\/www.linkedin.com\/company\/talkpal\/","https:\/\/www.youtube.com\/@TalkPal\/","https:\/\/www.tiktok.com\/@talkpal","https:\/\/www.instagram.com\/talkpal_ai\/","https:\/\/www.crunchbase.com\/organization\/talkpal-9cde","https:\/\/www.g2.com\/products\/talkpal-for-business\/","https:\/\/www.trustpilot.com\/review\/talkpal.ai","https:\/\/www.capterra.com\/p\/10006800\/TalkPal\/"],"description":"Talkpal is a language learning web and mobile education app, powered by the latest AI technologies, that provides engaging experiences to its customers in many different languages to help them improve their language skills. Users can chat about unlimited amount of topics with the app and use other modes to practice their language learning.","email":"support@talkpal.ai","legalName":"Talkpal, Inc.","foundingDate":"2023-04-03","duns":"118989042","numberOfEmployees":{"@type":"QuantitativeValue","minValue":"11","maxValue":"50"},"publishingPrinciples":"https:\/\/talkpal.ai\/publishing-principles\/","actionableFeedbackPolicy":"https:\/\/talkpal.ai\/actionable-feedback-policy\/","correctionsPolicy":"https:\/\/talkpal.ai\/corrections-policy\/","ethicsPolicy":"https:\/\/talkpal.ai\/ethics-policy\/","diversityPolicy":"https:\/\/talkpal.ai\/diversity-policy\/","diversityStaffingReport":"https:\/\/talkpal.ai\/diversity-policy\/"}]}},"_links":{"self":[{"href":"https:\/\/talkpal.ai\/nl\/wp-json\/wp\/v2\/pages\/1466935","targetHints":{"allow":["GET"]}}],"collection":[{"href":"https:\/\/talkpal.ai\/nl\/wp-json\/wp\/v2\/pages"}],"about":[{"href":"https:\/\/talkpal.ai\/nl\/wp-json\/wp\/v2\/types\/page"}],"author":[{"embeddable":true,"href":"https:\/\/talkpal.ai\/nl\/wp-json\/wp\/v2\/users\/20"}],"replies":[{"embeddable":true,"href":"https:\/\/talkpal.ai\/nl\/wp-json\/wp\/v2\/comments?post=1466935"}],"version-history":[{"count":0,"href":"https:\/\/talkpal.ai\/nl\/wp-json\/wp\/v2\/pages\/1466935\/revisions"}],"wp:attachment":[{"href":"https:\/\/talkpal.ai\/nl\/wp-json\/wp\/v2\/media?parent=1466935"}],"curies":[{"name":"wp","href":"https:\/\/api.w.org\/{rel}","templated":true}]}}