{"id":1465370,"date":"2025-11-12T12:14:54","date_gmt":"2025-11-12T12:14:54","guid":{"rendered":"https:\/\/talkpal.ai\/laotiaanse-grammatica-oefeningen\/"},"modified":"2025-12-30T14:13:54","modified_gmt":"2025-12-30T14:13:54","slug":"laotiaanse-grammatica-oefeningen","status":"publish","type":"page","link":"https:\/\/talkpal.ai\/nl\/laotiaanse-grammatica-oefeningen\/","title":{"rendered":"Laotiaanse grammatica oefeningen"},"content":{"rendered":"\r\n\r\n\r\n<section class=\"languageChallengeSection\">\r\n    <div class=\"languageInfoWrapper\">\r\n        \r\n        <h1>Laotiaanse grammatica oefeningen<\/h1>\r\n        <p>Klaar om in de <a href=\"https:\/\/talkpal.ai\/nl\/laotiaanse-grammatica\/\">Laotiaanse grammatica<\/a> te duiken? Door een paar basisbeginselen te oefenen, raak je vertrouwd met deze unieke en prachtige taal. Probeer deze oefeningen om je zelfvertrouwen op te bouwen en onderweg wat plezier te hebben!<\/p>\r\n\r\n                            <a class=\"getStartedHidden\" href=\"https:\/\/app.talkpal.ai\/nl\/signup?lng=\">Ga aan de slag<\/a>\r\n        \r\n    <\/div>\r\n\r\n    <figure>\r\n    <img decoding=\"async\" width=\"768\" height=\"768\" src=\"https:\/\/talkpal.ai\/wp-content\/uploads\/2023\/06\/welsh-768x768.png\" class=\"languageImage no-lazy\" alt=\"Default alt text\" fetchpriority=\"high\" sizes=\"(max-width: 768px) 150px, 768px\" srcset=\"https:\/\/talkpal.ai\/wp-content\/uploads\/2023\/06\/welsh-768x768.png 768w, https:\/\/talkpal.ai\/wp-content\/uploads\/2023\/06\/welsh-300x300.png 300w\" \/>\r\n    \r\n\r\n    <\/figure>\r\n\r\n            <a class=\"getStartedVisible\" href=\"https:\/\/app.talkpal.ai\/nl\/signup?lng=\">Ga aan de slag<\/a>\r\n    \r\n<\/section><section class=\"promotionalBanner\">\r\n    <p class=\"promotionalText\">De meest effici\u00ebnte manier om een taal te leren<\/p>\r\n    <a class=\"promotionalLink\" href=\"https:\/\/app.talkpal.ai\/nl\/signup?lng=\">Probeer Talkpal gratis<\/a>\r\n<\/section>\n<div class=\"wp-block-group pageContainerStyle\"><div class=\"wp-block-group__inner-container is-layout-constrained wp-block-group-is-layout-constrained\">\n<h2 class=\"wp-block-heading\" id=\"h-lao-grammar-topics\">Laotiaanse grammatica onderwerpen<\/h2>\n\n\n\n<p><a href=\"https:\/\/talkpal.ai\/nl\/grootste-fouten-die-je-moet-vermijden-bij-het-leren-van-een-nieuwe-taal\/\">Het leren van een nieuwe taal<\/a> kan een uitdagende maar lonende onderneming zijn. <a href=\"https:\/\/talkpal.ai\/learn-lao\/\">Lao<\/a>, een Tai-Kadai-taal die voornamelijk in <a href=\"https:\/\/talkpal.ai\/learn-lao\/\">Laos<\/a> wordt gesproken, is geen uitzondering. Met zijn unieke kenmerken en structuren vereist <a href=\"https:\/\/talkpal.ai\/nl\/talkpal-voor-het-onderwijs\/\">het leren van<\/a> Lao een systematische benadering <a href=\"https:\/\/talkpal.ai\/culture\/how-do-you-use-the-construction-om-te-in-afrikaans\/\">om te<\/a> begrijpen hoe betekenis wordt opgebouwd met deeltjes, woordvolgorde en classificatoren in plaats <a href=\"https:\/\/talkpal.ai\/locations\/language-courses-in-van\/\">van<\/a> verbuiging. Deze gids schetst de belangrijkste gebieden van de <a href=\"https:\/\/talkpal.ai\/nl\/laotiaanse-grammatica\/\">Laotiaanse grammatica<\/a> in een logische volgorde voor het <a href=\"https:\/\/talkpal.ai\/nl\/ai-chatbot-voor-taalleren\/\">leren van talen<\/a>, beginnend bij de basisprincipes zoals <a href=\"https:\/\/talkpal.ai\/nl\/grammar\/overeenkomst-met-zelfstandige-naamwoorden-geslacht-en-getal-in-authentieke-grammatica\/\">zelfstandige naamwoorden<\/a> en classificatoren, en verder gaand naar complexere gebieden zoals aspectmarkeringen en zinsconstructie.<\/p>\n\n\n\n<h3 class=\"wp-block-heading\" id=\"h-1-nouns\">1. Zelfstandige naamwoorden:<\/h3>\n\n\n\n<p><a href=\"https:\/\/talkpal.ai\/ko\/ai-%ec%96%b8%ec%96%b4-%ea%b5%90%ec%82%ac\/\">Begin<\/a> je Laotiaanse taalreis door de <a href=\"https:\/\/talkpal.ai\/nl\/grammar\/overeenkomst-met-zelfstandige-naamwoorden-geslacht-en-getal-in-authentieke-grammatica\/\">zelfstandige naamwoorden<\/a> te leren. Dit omvat het begrijpen van gewone en eigennamen, hoe pluraliteit wordt weergegeven door middel van context, cijfers en woorden zoals vele, evenals de essenti\u00eble rol van classificaties na getallen en kwantificatoren.<\/p>\n\n\n\n<h3 class=\"wp-block-heading\" id=\"h-2-articles\">2. Artikelen:<\/h3>\n\n\n\n<p>Lao gebruikt geen bepaalde of onbepaalde lidwoorden. In plaats daarvan worden bepaaldheid en specificiteit uitgedrukt door middel van context, demonstratieven zoals dit en dat, en classificatorconstructies.<\/p>\n\n\n\n<h3 class=\"wp-block-heading\" id=\"h-3-adjectives\">3. Bijvoeglijke naamwoorden:<\/h3>\n\n\n\n<p>Bijvoeglijke naamwoorden in het Laotiaan volgen meestal de zelfstandige naamwoorden die ze wijzigen. Leer hoe bijvoeglijke naamwoorden ook als predicaten kunnen fungeren, en hoe u vergelijkingen kunt maken met behulp van markeringen voor meer en dan, evenals superlatieven met de meeste.<\/p>\n\n\n\n<h3 class=\"wp-block-heading\" id=\"h-4-pronouns-determiners\">4. Voornaamwoorden\/determinanten:<\/h3>\n\n\n\n<p>Voornaamwoorden en determinanten zijn essentieel in het Laotiaans; Voornaamwoorden vari\u00ebren per beleefdheid, leeftijd en sociale context. Bepalers zijn onder meer aanjagers en kwantificatoren, en bezit wordt gewoonlijk aangeduid met het woord voor van tussen de bezitter en het zelfstandig naamwoord.<\/p>\n\n\n\n<h3 class=\"wp-block-heading\" id=\"h-5-verbs\">5. Werkwoorden:<\/h3>\n\n\n\n<p>Laotiaanse werkwoorden veranderen niet van vorm voor tijd, persoon of getal. Tijd, aspect en stemming worden weergegeven met partikels en hulpwoorden. Begin met basiswerkwoordspatronen en leer gemeenschappelijke markeringen voor verleden, voltooiing, voortdurende actie en intentie.<\/p>\n\n\n\n<h3 class=\"wp-block-heading\" id=\"h-6-tenses\">6. Tijden:<\/h3>\n\n\n\n<p>Nadat je de basiswerkwoordspatronen onder de knie hebt, ga je dieper in op hoe Lao tijd uitdrukt zonder verbogen tijden. Dit omvat het gebruik van tijdwoorden en aspectmarkeringen om huidige situaties, voltooide gebeurtenissen en toekomstige of beoogde acties in verschillende contexten te onderscheiden.<\/p>\n\n\n\n<h3 class=\"wp-block-heading\" id=\"h-7-tense-comparison\">7. Gespannen vergelijking:<\/h3>\n\n\n\n<p>Het vergelijken van tijd- en aspectmarkering in het Laotiaan helpt bij het begrijpen van de volgorde en het gezichtspunt van gebeurtenissen. Vergelijk dezelfde clausule met verschillende deeltjes om te zien hoe de betekenis verschuift tussen voltooide, lopende, gebruikelijke en prospectieve lezingen.<\/p>\n\n\n\n<h3 class=\"wp-block-heading\" id=\"h-8-progressive\">8. Progressief:<\/h3>\n\n\n\n<p>Het progressieve in Laos wordt gebruikt om lopende acties uit te drukken. Het wordt gewoonlijk gevormd met een pre-verbale markering voor in uitvoering en kan worden versterkt met een zinseind- of post-verbale markering die een huidige toestand aangeeft.<\/p>\n\n\n\n<h3 class=\"wp-block-heading\" id=\"h-9-perfect-progressive\">9. Perfect progressief:<\/h3>\n\n\n\n<p>Deze betekenis wordt uitgedrukt met combinaties die de duur tot aan een referentiepunt aangeven. Lao maakt gebruik van aspectmarkeringen, tijdsuitdrukkingen en deeltjes die aangeven dat ze al een tijdje bezig zijn of tot nu toe zijn.<\/p>\n\n\n\n<h3 class=\"wp-block-heading\" id=\"h-10-conditionals\">10. Voorwaardelijk:<\/h3>\n\n\n\n<p>Conditionals drukken hypothetische situaties en hun mogelijke uitkomsten uit. Ze worden gevormd met een als-clausule gevolgd door een resultaatclausule, waarbij vaak modale deeltjes worden gebruikt om waarschijnlijkheid of intentie aan te geven in plaats van gespannen veranderingen.<\/p>\n\n\n\n<h3 class=\"wp-block-heading\" id=\"h-11-adverbs\">11. Bijwoorden:<\/h3>\n\n\n\n<p>Bijwoorden in het Laotiaans wijzigen werkwoorden, bijvoeglijke naamwoorden of andere bijwoorden. Ze verschijnen meestal na het werkwoord of aan het einde van de clausule en geven informatie over manier, plaats, tijd, graad en meer.<\/p>\n\n\n\n<h3 class=\"wp-block-heading\" id=\"h-12-prepositions\">12. Voorzetsels:<\/h3>\n\n\n\n<p>Voorzetsels verbinden woorden en zinsdelen met elkaar. In het Laotiaan zijn veel van deze coverbs die v\u00f3\u00f3r het zelfstandig naamwoord voorkomen of in seri\u00eble werkwoordconstructies om relaties van tijd, plaats, richting en begeleiding uit te drukken.<\/p>\n\n\n\n<h3 class=\"wp-block-heading\" id=\"h-13-sentences\">13. Zinnen:<\/h3>\n\n\n\n<p>Oefen ten slotte met het construeren van zinnen. Lao is in de eerste plaats onderwerp werkwoord object, met ontkenning voor het werkwoord en vraagdeeltjes of vraagwoorden in positie. Gebruik alle eerder geleerde grammaticapunten in context, inclusief classificaties, aspectmarkeringen en seri\u00eble werkwoorden, om een uitgebreid begrip van de Laotiaanse taal te garanderen.<\/p>\n<\/div><\/div>\n\r\n<section class=\"learnNavigationSection\">\r\n            \r\n        <a href=\"https:\/\/talkpal.ai\/nl\/leer-lao\/\">\r\n            <div class=\"learnNavigationWrapper\">\r\n                <div class=\"learnNavigationContent\">\r\n                    <img decoding=\"async\" src=\"https:\/\/talkpal.ai\/wp-content\/uploads\/2025\/11\/Lao-1.png\" alt=\"Laotian Flag\">\r\n                    <div>\r\n                        <h4>Over Lao Leren<\/h4>\r\n                        <p>Ontdek alles over de Laotiaanse grammatica.<\/p>\r\n                    <\/div>\r\n                <\/div>\r\n            <\/div>\r\n        <\/a>\r\n\r\n        \r\n        <a href=\"https:\/\/talkpal.ai\/nl\/laotiaanse-grammatica\/\">\r\n            <div class=\"learnNavigationWrapper\">\r\n                <div class=\"learnNavigationContent\">\r\n                    <img decoding=\"async\" src=\"https:\/\/talkpal.ai\/wp-content\/uploads\/2025\/11\/Lao-1.png\" alt=\"Laotian Flag\">\r\n                    <div>\r\n                        <h4>Laotiaanse grammaticalessen<\/h4>\r\n                        <p>Oefen de Laotiaanse grammatica.<\/p>\r\n                    <\/div>\r\n                <\/div>\r\n            <\/div>\r\n        <\/a>\r\n\r\n            <\/section>","protected":false},"excerpt":{"rendered":"<p>Laotiaanse grammatica onderwerpen Het leren van een nieuwe taal kan een uitdagende maar lonende onderneming zijn. Lao, een Tai-Kadai-taal die voornamelijk in Laos wordt gesproken, is geen uitzondering. Met zijn unieke kenmerken en structuren vereist het leren van Lao een systematische benadering om te begrijpen hoe betekenis wordt opgebouwd met deeltjes, woordvolgorde en classificatoren in [&hellip;]<\/p>\n","protected":false},"author":20,"featured_media":0,"parent":0,"menu_order":0,"comment_status":"closed","ping_status":"closed","template":"LearningContentPage.php","meta":{"_acf_changed":false,"footnotes":""},"class_list":["post-1465370","page","type-page","status-publish","hentry"],"acf":[],"yoast_head":"<!-- This site is optimized with the Yoast SEO Premium plugin v27.2 (Yoast SEO v27.2) - https:\/\/yoast.com\/product\/yoast-seo-premium-wordpress\/ -->\n<title>Laotiaanse grammatica oefeningen - Talkpal<\/title>\n<meta name=\"description\" content=\"Beheers de Laotiaanse grammatica met interactieve oefeningen die ontworpen zijn om je te helpen de taal vloeiend en zelfverzekerd te leren spreken.\" \/>\n<meta name=\"robots\" content=\"index, follow, max-snippet:-1, max-image-preview:large, max-video-preview:-1\" \/>\n<link rel=\"canonical\" href=\"https:\/\/talkpal.ai\/nl\/laotiaanse-grammatica-oefeningen\/\" \/>\n<meta property=\"og:locale\" content=\"nl_NL\" \/>\n<meta property=\"og:type\" content=\"article\" \/>\n<meta property=\"og:title\" content=\"Laotiaanse grammatica oefeningen\" \/>\n<meta property=\"og:description\" content=\"Laotiaanse grammatica onderwerpen Het leren van een nieuwe taal kan een uitdagende maar lonende onderneming zijn. Lao, een Tai-Kadai-taal die voornamelijk\" \/>\n<meta property=\"og:url\" content=\"https:\/\/talkpal.ai\/nl\/laotiaanse-grammatica-oefeningen\/\" \/>\n<meta property=\"og:site_name\" content=\"Talkpal\" \/>\n<meta property=\"article:publisher\" content=\"https:\/\/www.facebook.com\/profile.php?id=100090733639311\" \/>\n<meta property=\"article:modified_time\" content=\"2025-12-30T14:13:54+00:00\" \/>\n<meta property=\"og:image\" content=\"https:\/\/talkpal.ai\/wp-content\/uploads\/2025\/02\/Progress-tab-16_9.png\" \/>\n\t<meta property=\"og:image:width\" content=\"2880\" \/>\n\t<meta property=\"og:image:height\" content=\"1620\" \/>\n\t<meta property=\"og:image:type\" content=\"image\/png\" \/>\n<meta name=\"twitter:card\" content=\"summary_large_image\" \/>\n<meta name=\"twitter:site\" content=\"@talkpalai\" \/>\n<meta name=\"twitter:label1\" content=\"Geschatte leestijd\" \/>\n\t<meta name=\"twitter:data1\" content=\"3 minuten\" \/>\n<script type=\"application\/ld+json\" class=\"yoast-schema-graph\">{\"@context\":\"https:\/\/schema.org\",\"@graph\":[{\"@type\":\"WebPage\",\"@id\":\"https:\/\/talkpal.ai\/nl\/laotiaanse-grammatica-oefeningen\/\",\"url\":\"https:\/\/talkpal.ai\/nl\/laotiaanse-grammatica-oefeningen\/\",\"name\":\"Laotiaanse grammatica oefeningen - Talkpal\",\"isPartOf\":{\"@id\":\"https:\/\/talkpal.ai\/nl\/#website\"},\"datePublished\":\"2025-11-12T12:14:54+00:00\",\"dateModified\":\"2025-12-30T14:13:54+00:00\",\"description\":\"Beheers de Laotiaanse grammatica met interactieve oefeningen die ontworpen zijn om je te helpen de taal vloeiend en zelfverzekerd te leren spreken.\",\"breadcrumb\":{\"@id\":\"https:\/\/talkpal.ai\/nl\/laotiaanse-grammatica-oefeningen\/#breadcrumb\"},\"inLanguage\":\"nl-NL\",\"potentialAction\":[{\"@type\":\"ReadAction\",\"target\":[\"https:\/\/talkpal.ai\/nl\/laotiaanse-grammatica-oefeningen\/\"]}]},{\"@type\":\"BreadcrumbList\",\"@id\":\"https:\/\/talkpal.ai\/nl\/laotiaanse-grammatica-oefeningen\/#breadcrumb\",\"itemListElement\":[{\"@type\":\"ListItem\",\"position\":1,\"name\":\"Homepage\",\"item\":\"https:\/\/talkpal.ai\/nl\/\"},{\"@type\":\"ListItem\",\"position\":2,\"name\":\"Laotiaanse grammatica oefeningen\"}]},{\"@type\":\"WebSite\",\"@id\":\"https:\/\/talkpal.ai\/nl\/#website\",\"url\":\"https:\/\/talkpal.ai\/nl\/\",\"name\":\"Talkpal\",\"description\":\"AI Language Learning\",\"publisher\":{\"@id\":\"https:\/\/talkpal.ai\/nl\/#organization\"},\"alternateName\":\"Talkpal AI\",\"potentialAction\":[{\"@type\":\"SearchAction\",\"target\":{\"@type\":\"EntryPoint\",\"urlTemplate\":\"https:\/\/talkpal.ai\/nl\/?s={search_term_string}\"},\"query-input\":{\"@type\":\"PropertyValueSpecification\",\"valueRequired\":true,\"valueName\":\"search_term_string\"}}],\"inLanguage\":\"nl-NL\"},{\"@type\":\"Organization\",\"@id\":\"https:\/\/talkpal.ai\/nl\/#organization\",\"name\":\"Talkpal, Inc.\",\"alternateName\":\"Talkpal AI\",\"url\":\"https:\/\/talkpal.ai\/nl\/\",\"logo\":{\"@type\":\"ImageObject\",\"inLanguage\":\"nl-NL\",\"@id\":\"https:\/\/talkpal.ai\/nl\/#\/schema\/logo\/image\/\",\"url\":\"https:\/\/talkpal.ai\/wp-content\/uploads\/2024\/03\/Talkpal-Logo-Icon.png\",\"contentUrl\":\"https:\/\/talkpal.ai\/wp-content\/uploads\/2024\/03\/Talkpal-Logo-Icon.png\",\"width\":2880,\"height\":2880,\"caption\":\"Talkpal, Inc.\"},\"image\":{\"@id\":\"https:\/\/talkpal.ai\/nl\/#\/schema\/logo\/image\/\"},\"sameAs\":[\"https:\/\/www.facebook.com\/profile.php?id=100090733639311\",\"https:\/\/x.com\/talkpalai\",\"https:\/\/www.linkedin.com\/company\/talkpal\/\",\"https:\/\/www.youtube.com\/@TalkPal\/\",\"https:\/\/www.tiktok.com\/@talkpal\",\"https:\/\/www.instagram.com\/talkpal_ai\/\",\"https:\/\/www.crunchbase.com\/organization\/talkpal-9cde\",\"https:\/\/www.g2.com\/products\/talkpal-for-business\/\",\"https:\/\/www.trustpilot.com\/review\/talkpal.ai\",\"https:\/\/www.capterra.com\/p\/10006800\/TalkPal\/\"],\"description\":\"Talkpal is a language learning web and mobile education app, powered by the latest AI technologies, that provides engaging experiences to its customers in many different languages to help them improve their language skills. Users can chat about unlimited amount of topics with the app and use other modes to practice their language learning.\",\"email\":\"support@talkpal.ai\",\"legalName\":\"Talkpal, Inc.\",\"foundingDate\":\"2023-04-03\",\"duns\":\"118989042\",\"numberOfEmployees\":{\"@type\":\"QuantitativeValue\",\"minValue\":\"11\",\"maxValue\":\"50\"},\"publishingPrinciples\":\"https:\/\/talkpal.ai\/publishing-principles\/\",\"actionableFeedbackPolicy\":\"https:\/\/talkpal.ai\/actionable-feedback-policy\/\",\"correctionsPolicy\":\"https:\/\/talkpal.ai\/corrections-policy\/\",\"ethicsPolicy\":\"https:\/\/talkpal.ai\/ethics-policy\/\",\"diversityPolicy\":\"https:\/\/talkpal.ai\/diversity-policy\/\",\"diversityStaffingReport\":\"https:\/\/talkpal.ai\/diversity-policy\/\"}]}<\/script>\n<!-- \/ Yoast SEO Premium plugin. -->","yoast_head_json":{"title":"Laotiaanse grammatica oefeningen - Talkpal","description":"Beheers de Laotiaanse grammatica met interactieve oefeningen die ontworpen zijn om je te helpen de taal vloeiend en zelfverzekerd te leren spreken.","robots":{"index":"index","follow":"follow","max-snippet":"max-snippet:-1","max-image-preview":"max-image-preview:large","max-video-preview":"max-video-preview:-1"},"canonical":"https:\/\/talkpal.ai\/nl\/laotiaanse-grammatica-oefeningen\/","og_locale":"nl_NL","og_type":"article","og_title":"Laotiaanse grammatica oefeningen","og_description":"Laotiaanse grammatica onderwerpen Het leren van een nieuwe taal kan een uitdagende maar lonende onderneming zijn. Lao, een Tai-Kadai-taal die voornamelijk","og_url":"https:\/\/talkpal.ai\/nl\/laotiaanse-grammatica-oefeningen\/","og_site_name":"Talkpal","article_publisher":"https:\/\/www.facebook.com\/profile.php?id=100090733639311","article_modified_time":"2025-12-30T14:13:54+00:00","og_image":[{"width":2880,"height":1620,"url":"https:\/\/talkpal.ai\/wp-content\/uploads\/2025\/02\/Progress-tab-16_9.png","type":"image\/png"}],"twitter_card":"summary_large_image","twitter_site":"@talkpalai","twitter_misc":{"Geschatte leestijd":"3 minuten"},"schema":{"@context":"https:\/\/schema.org","@graph":[{"@type":"WebPage","@id":"https:\/\/talkpal.ai\/nl\/laotiaanse-grammatica-oefeningen\/","url":"https:\/\/talkpal.ai\/nl\/laotiaanse-grammatica-oefeningen\/","name":"Laotiaanse grammatica oefeningen - Talkpal","isPartOf":{"@id":"https:\/\/talkpal.ai\/nl\/#website"},"datePublished":"2025-11-12T12:14:54+00:00","dateModified":"2025-12-30T14:13:54+00:00","description":"Beheers de Laotiaanse grammatica met interactieve oefeningen die ontworpen zijn om je te helpen de taal vloeiend en zelfverzekerd te leren spreken.","breadcrumb":{"@id":"https:\/\/talkpal.ai\/nl\/laotiaanse-grammatica-oefeningen\/#breadcrumb"},"inLanguage":"nl-NL","potentialAction":[{"@type":"ReadAction","target":["https:\/\/talkpal.ai\/nl\/laotiaanse-grammatica-oefeningen\/"]}]},{"@type":"BreadcrumbList","@id":"https:\/\/talkpal.ai\/nl\/laotiaanse-grammatica-oefeningen\/#breadcrumb","itemListElement":[{"@type":"ListItem","position":1,"name":"Homepage","item":"https:\/\/talkpal.ai\/nl\/"},{"@type":"ListItem","position":2,"name":"Laotiaanse grammatica oefeningen"}]},{"@type":"WebSite","@id":"https:\/\/talkpal.ai\/nl\/#website","url":"https:\/\/talkpal.ai\/nl\/","name":"Talkpal","description":"AI Language Learning","publisher":{"@id":"https:\/\/talkpal.ai\/nl\/#organization"},"alternateName":"Talkpal AI","potentialAction":[{"@type":"SearchAction","target":{"@type":"EntryPoint","urlTemplate":"https:\/\/talkpal.ai\/nl\/?s={search_term_string}"},"query-input":{"@type":"PropertyValueSpecification","valueRequired":true,"valueName":"search_term_string"}}],"inLanguage":"nl-NL"},{"@type":"Organization","@id":"https:\/\/talkpal.ai\/nl\/#organization","name":"Talkpal, Inc.","alternateName":"Talkpal AI","url":"https:\/\/talkpal.ai\/nl\/","logo":{"@type":"ImageObject","inLanguage":"nl-NL","@id":"https:\/\/talkpal.ai\/nl\/#\/schema\/logo\/image\/","url":"https:\/\/talkpal.ai\/wp-content\/uploads\/2024\/03\/Talkpal-Logo-Icon.png","contentUrl":"https:\/\/talkpal.ai\/wp-content\/uploads\/2024\/03\/Talkpal-Logo-Icon.png","width":2880,"height":2880,"caption":"Talkpal, Inc."},"image":{"@id":"https:\/\/talkpal.ai\/nl\/#\/schema\/logo\/image\/"},"sameAs":["https:\/\/www.facebook.com\/profile.php?id=100090733639311","https:\/\/x.com\/talkpalai","https:\/\/www.linkedin.com\/company\/talkpal\/","https:\/\/www.youtube.com\/@TalkPal\/","https:\/\/www.tiktok.com\/@talkpal","https:\/\/www.instagram.com\/talkpal_ai\/","https:\/\/www.crunchbase.com\/organization\/talkpal-9cde","https:\/\/www.g2.com\/products\/talkpal-for-business\/","https:\/\/www.trustpilot.com\/review\/talkpal.ai","https:\/\/www.capterra.com\/p\/10006800\/TalkPal\/"],"description":"Talkpal is a language learning web and mobile education app, powered by the latest AI technologies, that provides engaging experiences to its customers in many different languages to help them improve their language skills. Users can chat about unlimited amount of topics with the app and use other modes to practice their language learning.","email":"support@talkpal.ai","legalName":"Talkpal, Inc.","foundingDate":"2023-04-03","duns":"118989042","numberOfEmployees":{"@type":"QuantitativeValue","minValue":"11","maxValue":"50"},"publishingPrinciples":"https:\/\/talkpal.ai\/publishing-principles\/","actionableFeedbackPolicy":"https:\/\/talkpal.ai\/actionable-feedback-policy\/","correctionsPolicy":"https:\/\/talkpal.ai\/corrections-policy\/","ethicsPolicy":"https:\/\/talkpal.ai\/ethics-policy\/","diversityPolicy":"https:\/\/talkpal.ai\/diversity-policy\/","diversityStaffingReport":"https:\/\/talkpal.ai\/diversity-policy\/"}]}},"_links":{"self":[{"href":"https:\/\/talkpal.ai\/nl\/wp-json\/wp\/v2\/pages\/1465370","targetHints":{"allow":["GET"]}}],"collection":[{"href":"https:\/\/talkpal.ai\/nl\/wp-json\/wp\/v2\/pages"}],"about":[{"href":"https:\/\/talkpal.ai\/nl\/wp-json\/wp\/v2\/types\/page"}],"author":[{"embeddable":true,"href":"https:\/\/talkpal.ai\/nl\/wp-json\/wp\/v2\/users\/20"}],"replies":[{"embeddable":true,"href":"https:\/\/talkpal.ai\/nl\/wp-json\/wp\/v2\/comments?post=1465370"}],"version-history":[{"count":0,"href":"https:\/\/talkpal.ai\/nl\/wp-json\/wp\/v2\/pages\/1465370\/revisions"}],"wp:attachment":[{"href":"https:\/\/talkpal.ai\/nl\/wp-json\/wp\/v2\/media?parent=1465370"}],"curies":[{"name":"wp","href":"https:\/\/api.w.org\/{rel}","templated":true}]}}