{"id":1464972,"date":"2025-11-12T09:53:34","date_gmt":"2025-11-12T09:53:34","guid":{"rendered":"https:\/\/talkpal.ai\/ierse-grammatica-oefeningen\/"},"modified":"2025-12-30T14:59:57","modified_gmt":"2025-12-30T14:59:57","slug":"ierse-grammatica-oefeningen","status":"publish","type":"page","link":"https:\/\/talkpal.ai\/nl\/ierse-grammatica-oefeningen\/","title":{"rendered":"Ierse grammatica-oefeningen"},"content":{"rendered":"\r\n\r\n\r\n<section class=\"languageChallengeSection\">\r\n    <div class=\"languageInfoWrapper\">\r\n        \r\n        <h1>Ierse grammatica-oefeningen<\/h1>\r\n        <p>Klaar om in de <a href=\"https:\/\/talkpal.ai\/irish-grammar\/\">Ierse grammatica<\/a> te duiken? Door een paar basisbeginselen te oefenen, raak je vertrouwd met deze unieke en prachtige taal. Probeer deze oefeningen om je zelfvertrouwen op te bouwen en onderweg wat plezier te hebben!<\/p>\r\n\r\n                            <a class=\"getStartedHidden\" href=\"https:\/\/app.talkpal.ai\/nl\/signup?lng=\">Ga aan de slag<\/a>\r\n        \r\n    <\/div>\r\n\r\n    <figure>\r\n    <img decoding=\"async\" width=\"768\" height=\"768\" src=\"https:\/\/talkpal.ai\/wp-content\/uploads\/2023\/06\/welsh-768x768.png\" class=\"languageImage no-lazy\" alt=\"Default alt text\" fetchpriority=\"high\" sizes=\"(max-width: 768px) 150px, 768px\" srcset=\"https:\/\/talkpal.ai\/wp-content\/uploads\/2023\/06\/welsh-768x768.png 768w, https:\/\/talkpal.ai\/wp-content\/uploads\/2023\/06\/welsh-300x300.png 300w\" \/>\r\n    \r\n\r\n    <\/figure>\r\n\r\n            <a class=\"getStartedVisible\" href=\"https:\/\/app.talkpal.ai\/nl\/signup?lng=\">Ga aan de slag<\/a>\r\n    \r\n<\/section><section class=\"promotionalBanner\">\r\n    <p class=\"promotionalText\">De meest effici\u00ebnte manier om een taal te leren<\/p>\r\n    <a class=\"promotionalLink\" href=\"https:\/\/app.talkpal.ai\/nl\/signup?lng=\">Probeer Talkpal gratis<\/a>\r\n<\/section>\n<div class=\"wp-block-group pageContainerStyle\"><div class=\"wp-block-group__inner-container is-layout-constrained wp-block-group-is-layout-constrained\">\n<h2 class=\"wp-block-heading\" id=\"h-irish-grammar-topics\">Ierse grammatica onderwerpen<\/h2>\n\n\n\n<p><a href=\"https:\/\/talkpal.ai\/nl\/grootste-fouten-die-je-moet-vermijden-bij-het-leren-van-een-nieuwe-taal\/\">Het leren van een nieuwe taal<\/a> kan een uitdagende maar lonende onderneming zijn. <a href=\"https:\/\/talkpal.ai\/learn-irish\/\">Iers<\/a>, een Keltische taal die voornamelijk in Ierland wordt gesproken, is geen uitzondering. Met zijn unieke kenmerken en structuren vereist <a href=\"https:\/\/talkpal.ai\/nl\/talkpal-voor-het-onderwijs\/\">het leren van<\/a> Iers een systematische benadering om de complexe <a href=\"https:\/\/talkpal.ai\/grammar\/\">grammatica<\/a> te begrijpen. Deze gids schetst de belangrijkste gebieden <a href=\"https:\/\/talkpal.ai\/locations\/language-courses-in-van\/\">van<\/a> de <a href=\"https:\/\/talkpal.ai\/nl\/ierse-grammatica\/\">Ierse grammatica<\/a> in een logische volgorde voor het <a href=\"https:\/\/talkpal.ai\/nl\/ai-chatbot-voor-taalleren\/\">leren van talen<\/a>, beginnend bij de basis zoals <a href=\"https:\/\/talkpal.ai\/nl\/grammar\/overeenkomst-met-zelfstandige-naamwoorden-geslacht-en-getal-in-authentieke-grammatica\/\">zelfstandige naamwoorden<\/a> en lidwoorden, en doorgaand naar complexere gebieden zoals tijden en zinsconstructie.<\/p>\n\n\n\n<h3 class=\"wp-block-heading\" id=\"h-1-nouns\">1. Zelfstandige naamwoorden:<\/h3>\n\n\n\n<p><a href=\"https:\/\/talkpal.ai\/ko\/ai-%ec%96%b8%ec%96%b4-%ea%b5%90%ec%82%ac\/\">Begin<\/a> je Ierse taalreis door de <a href=\"https:\/\/talkpal.ai\/nl\/grammar\/overeenkomst-met-zelfstandige-naamwoorden-geslacht-en-getal-in-authentieke-grammatica\/\">zelfstandige naamwoorden<\/a> te leren. Dit omvat het begrijpen van het geslacht van zelfstandige naamwoorden, gewone en eigennamen, hun meervoudsvormen en hoe naamvallen vormen en mutaties be\u00efnvloeden.<\/p>\n\n\n\n<h3 class=\"wp-block-heading\" id=\"h-2-articles\">2. Artikelen:<\/h3>\n\n\n\n<p>Artikelen in de Ierse taal worden anders gebruikt dan in het <a href=\"https:\/\/talkpal.ai\/nl\/ai-engels-sprekende-praktijk\/\">Engels<\/a>. Het Iers heeft een bepaald lidwoord an en na, maar geen <a href=\"https:\/\/talkpal.ai\/nl\/grammar\/onbepaald-lidwoord-in-de-wit-russische-grammatica\/\">onbepaald lidwoord<\/a>, dus het beheersen van hun vormen en effecten op mutaties is cruciaal.<\/p>\n\n\n\n<h3 class=\"wp-block-heading\" id=\"h-3-adjectives\">3. Bijvoeglijke naamwoorden:<\/h3>\n\n\n\n<p>Bijvoeglijke naamwoorden in het Iers volgen meestal hun zelfstandige naamwoorden, wat anders is dan in het Engels. Je zult ook moeten leren over initi\u00eble mutaties zoals lenitie en eclipsis en hoe je vergelijkingen en superlatieven kunt vormen met n\u00edos en is.<\/p>\n\n\n\n<h3 class=\"wp-block-heading\" id=\"h-4-pronouns-determiners\">4. Voornaamwoorden\/determinanten:<\/h3>\n\n\n\n<p>Voornaamwoorden en determinanten zijn essentieel in het Iers; Ze vervangen zelfstandige naamwoorden en geven informatie over hoeveelheid, bezit en meer. Leer persoonlijke voornaamwoorden, bezittelijke determinanten zoals mo do a \u00e1r bhur a die mutaties veroorzaken, en demonstratieve factoren zoals seo en sin.<\/p>\n\n\n\n<h3 class=\"wp-block-heading\" id=\"h-5-verbs\">5. Werkwoorden:<\/h3>\n\n\n\n<p>Ierse werkwoorden hebben verschillende vormen, afhankelijk van de tijd, stemming en persoon. Begin met het heden en het werkwoord b\u00ed en verken dan geleidelijk de verleden en toekomstige tijd, samen met de belangrijkste onregelmatige werkwoorden en de copula is.<\/p>\n\n\n\n<h3 class=\"wp-block-heading\" id=\"h-6-tenses\">6. Tijden:<\/h3>\n\n\n\n<p>Nadat je de werkwoordsvormen onder de knie hebt, duik je dieper in de Ierse tijden. Dit omvat het begrijpen van de verschillen tussen de huidige gewoonte, het verleden, de toekomst en het voorwaardelijke, en hoe ze worden gebruikt in verschillende contexten met b\u00ed versus de copula.<\/p>\n\n\n\n<h3 class=\"wp-block-heading\" id=\"h-7-tense-comparison\">7. Gespannen vergelijking:<\/h3>\n\n\n\n<p>Het vergelijken van tijden in het Iers helpt bij het begrijpen van de opeenvolging van gebeurtenissen. Door hetzelfde werkwoord in verschillende tijden te vergelijken, krijgt u een beter begrip van het Ierse gebruik en aspect.<\/p>\n\n\n\n<h3 class=\"wp-block-heading\" id=\"h-8-progressive\">8. Progressief:<\/h3>\n\n\n\n<p>Het progressieve in het Iers wordt gebruikt om lopende acties uit te drukken. Het wordt gevormd met het werkwoord b\u00ed gevolgd door ag en het werkwoordelijk zelfstandig naamwoord, bijvoorbeeld T\u00e1 m\u00e9 ag l\u00e9amh.<\/p>\n\n\n\n<h3 class=\"wp-block-heading\" id=\"h-9-perfect-progressive\">9. Perfect progressief:<\/h3>\n\n\n\n<p>Dit wordt gebruikt om acties uit te drukken die tot op zekere hoogte aan de gang zijn. In het Iers wordt het gewoonlijk uitgedrukt met b\u00ed plus tar \u00e9is a bheith ag en het werkwoordelijk zelfstandig naamwoord of met tijdsuitdrukkingen voor duur.<\/p>\n\n\n\n<h3 class=\"wp-block-heading\" id=\"h-10-conditionals\">10. Voorwaardelijk:<\/h3>\n\n\n\n<p>Conditionals drukken hypothetische situaties en hun mogelijke uitkomsten uit. Ze zijn een belangrijk onderdeel van de Ierse grammatica en gebruiken patronen met m\u00e1 voor echte voorwaarden en d\u00e1 met de voorwaardelijke voor hypothetische.<\/p>\n\n\n\n<h3 class=\"wp-block-heading\" id=\"h-11-adverbs\">11. Bijwoorden:<\/h3>\n\n\n\n<p>Bijwoorden in het Iers wijzigen werkwoorden, bijvoeglijke naamwoorden of andere bijwoorden. Ze omvatten vormen die zijn gemaakt met ga voor bijvoeglijke naamwoorden, evenals vele vaste bijwoorden van manier, plaats, tijd en graad.<\/p>\n\n\n\n<h3 class=\"wp-block-heading\" id=\"h-12-prepositions\">12. Voorzetsels:<\/h3>\n\n\n\n<p>Voorzetsels verbinden woorden en zinsdelen met elkaar. Het Iers gebruikt voorzetselvoornaamwoorden zoals agam agat aige om relaties van bezit, tijd, plaats en meer uit te drukken.<\/p>\n\n\n\n<h3 class=\"wp-block-heading\" id=\"h-13-sentences\">13. Zinnen:<\/h3>\n\n\n\n<p>Oefen ten slotte met het construeren van zinnen. Dit omvat het gebruik van Ierse woordvolgorde VSO, mutatietriggers en zowel b\u00ed als de copula in context, waardoor een uitgebreid begrip van de Ierse taal wordt gegarandeerd.<\/p>\n<\/div><\/div>\n\r\n<section class=\"learnNavigationSection\">\r\n            \r\n        <a href=\"https:\/\/talkpal.ai\/nl\/leer-iers\/\">\r\n            <div class=\"learnNavigationWrapper\">\r\n                <div class=\"learnNavigationContent\">\r\n                    <img decoding=\"async\" src=\"https:\/\/talkpal.ai\/wp-content\/uploads\/2025\/11\/Irish.png\" alt=\"Irish Flag\">\r\n                    <div>\r\n                        <h4>Over Iers leren<\/h4>\r\n                        <p>Kom alles te weten over de Ierse grammatica.<\/p>\r\n                    <\/div>\r\n                <\/div>\r\n            <\/div>\r\n        <\/a>\r\n\r\n        \r\n        <a href=\"https:\/\/talkpal.ai\/nl\/ierse-grammatica\/\">\r\n            <div class=\"learnNavigationWrapper\">\r\n                <div class=\"learnNavigationContent\">\r\n                    <img decoding=\"async\" src=\"https:\/\/talkpal.ai\/wp-content\/uploads\/2025\/11\/Irish.png\" alt=\"Irish Flag\">\r\n                    <div>\r\n                        <h4>Ierse grammaticalessen<\/h4>\r\n                        <p>Oefen de Ierse grammatica.<\/p>\r\n                    <\/div>\r\n                <\/div>\r\n            <\/div>\r\n        <\/a>\r\n\r\n            <\/section>","protected":false},"excerpt":{"rendered":"<p>Ierse grammatica onderwerpen Het leren van een nieuwe taal kan een uitdagende maar lonende onderneming zijn. Iers, een Keltische taal die voornamelijk in Ierland wordt gesproken, is geen uitzondering. Met zijn unieke kenmerken en structuren vereist het leren van Iers een systematische benadering om de complexe grammatica te begrijpen. Deze gids schetst de belangrijkste gebieden [&hellip;]<\/p>\n","protected":false},"author":20,"featured_media":0,"parent":0,"menu_order":0,"comment_status":"closed","ping_status":"closed","template":"LearningContentPage.php","meta":{"_acf_changed":false,"footnotes":""},"class_list":["post-1464972","page","type-page","status-publish","hentry"],"acf":[],"yoast_head":"<!-- This site is optimized with the Yoast SEO Premium plugin v27.2 (Yoast SEO v27.2) - https:\/\/yoast.com\/product\/yoast-seo-premium-wordpress\/ -->\n<title>Ierse grammatica-oefeningen - Talkpal<\/title>\n<meta name=\"description\" content=\"Krijg de Ierse grammatica onder de knie met interactieve oefeningen die ontworpen zijn om je te helpen zelfvertrouwen op te bouwen en de taal sneller te leren.\" \/>\n<meta name=\"robots\" content=\"index, follow, max-snippet:-1, max-image-preview:large, max-video-preview:-1\" \/>\n<link rel=\"canonical\" href=\"https:\/\/talkpal.ai\/nl\/ierse-grammatica-oefeningen\/\" \/>\n<meta property=\"og:locale\" content=\"nl_NL\" \/>\n<meta property=\"og:type\" content=\"article\" \/>\n<meta property=\"og:title\" content=\"Ierse grammatica-oefeningen\" \/>\n<meta property=\"og:description\" content=\"Ierse grammatica onderwerpen Het leren van een nieuwe taal kan een uitdagende maar lonende onderneming zijn. Iers, een Keltische taal die voornamelijk in\" \/>\n<meta property=\"og:url\" content=\"https:\/\/talkpal.ai\/nl\/ierse-grammatica-oefeningen\/\" \/>\n<meta property=\"og:site_name\" content=\"Talkpal\" \/>\n<meta property=\"article:publisher\" content=\"https:\/\/www.facebook.com\/profile.php?id=100090733639311\" \/>\n<meta property=\"article:modified_time\" content=\"2025-12-30T14:59:57+00:00\" \/>\n<meta property=\"og:image\" content=\"https:\/\/talkpal.ai\/wp-content\/uploads\/2025\/02\/Progress-tab-16_9.png\" \/>\n\t<meta property=\"og:image:width\" content=\"2880\" \/>\n\t<meta property=\"og:image:height\" content=\"1620\" \/>\n\t<meta property=\"og:image:type\" content=\"image\/png\" \/>\n<meta name=\"twitter:card\" content=\"summary_large_image\" \/>\n<meta name=\"twitter:site\" content=\"@talkpalai\" \/>\n<meta name=\"twitter:label1\" content=\"Geschatte leestijd\" \/>\n\t<meta name=\"twitter:data1\" content=\"3 minuten\" \/>\n<script type=\"application\/ld+json\" class=\"yoast-schema-graph\">{\"@context\":\"https:\/\/schema.org\",\"@graph\":[{\"@type\":\"WebPage\",\"@id\":\"https:\/\/talkpal.ai\/nl\/ierse-grammatica-oefeningen\/\",\"url\":\"https:\/\/talkpal.ai\/nl\/ierse-grammatica-oefeningen\/\",\"name\":\"Ierse grammatica-oefeningen - Talkpal\",\"isPartOf\":{\"@id\":\"https:\/\/talkpal.ai\/nl\/#website\"},\"datePublished\":\"2025-11-12T09:53:34+00:00\",\"dateModified\":\"2025-12-30T14:59:57+00:00\",\"description\":\"Krijg de Ierse grammatica onder de knie met interactieve oefeningen die ontworpen zijn om je te helpen zelfvertrouwen op te bouwen en de taal sneller te leren.\",\"breadcrumb\":{\"@id\":\"https:\/\/talkpal.ai\/nl\/ierse-grammatica-oefeningen\/#breadcrumb\"},\"inLanguage\":\"nl-NL\",\"potentialAction\":[{\"@type\":\"ReadAction\",\"target\":[\"https:\/\/talkpal.ai\/nl\/ierse-grammatica-oefeningen\/\"]}]},{\"@type\":\"BreadcrumbList\",\"@id\":\"https:\/\/talkpal.ai\/nl\/ierse-grammatica-oefeningen\/#breadcrumb\",\"itemListElement\":[{\"@type\":\"ListItem\",\"position\":1,\"name\":\"Homepage\",\"item\":\"https:\/\/talkpal.ai\/nl\/\"},{\"@type\":\"ListItem\",\"position\":2,\"name\":\"Ierse grammatica-oefeningen\"}]},{\"@type\":\"WebSite\",\"@id\":\"https:\/\/talkpal.ai\/nl\/#website\",\"url\":\"https:\/\/talkpal.ai\/nl\/\",\"name\":\"Talkpal\",\"description\":\"AI Language Learning\",\"publisher\":{\"@id\":\"https:\/\/talkpal.ai\/nl\/#organization\"},\"alternateName\":\"Talkpal AI\",\"potentialAction\":[{\"@type\":\"SearchAction\",\"target\":{\"@type\":\"EntryPoint\",\"urlTemplate\":\"https:\/\/talkpal.ai\/nl\/?s={search_term_string}\"},\"query-input\":{\"@type\":\"PropertyValueSpecification\",\"valueRequired\":true,\"valueName\":\"search_term_string\"}}],\"inLanguage\":\"nl-NL\"},{\"@type\":\"Organization\",\"@id\":\"https:\/\/talkpal.ai\/nl\/#organization\",\"name\":\"Talkpal, Inc.\",\"alternateName\":\"Talkpal AI\",\"url\":\"https:\/\/talkpal.ai\/nl\/\",\"logo\":{\"@type\":\"ImageObject\",\"inLanguage\":\"nl-NL\",\"@id\":\"https:\/\/talkpal.ai\/nl\/#\/schema\/logo\/image\/\",\"url\":\"https:\/\/talkpal.ai\/wp-content\/uploads\/2024\/03\/Talkpal-Logo-Icon.png\",\"contentUrl\":\"https:\/\/talkpal.ai\/wp-content\/uploads\/2024\/03\/Talkpal-Logo-Icon.png\",\"width\":2880,\"height\":2880,\"caption\":\"Talkpal, Inc.\"},\"image\":{\"@id\":\"https:\/\/talkpal.ai\/nl\/#\/schema\/logo\/image\/\"},\"sameAs\":[\"https:\/\/www.facebook.com\/profile.php?id=100090733639311\",\"https:\/\/x.com\/talkpalai\",\"https:\/\/www.linkedin.com\/company\/talkpal\/\",\"https:\/\/www.youtube.com\/@TalkPal\/\",\"https:\/\/www.tiktok.com\/@talkpal\",\"https:\/\/www.instagram.com\/talkpal_ai\/\",\"https:\/\/www.crunchbase.com\/organization\/talkpal-9cde\",\"https:\/\/www.g2.com\/products\/talkpal-for-business\/\",\"https:\/\/www.trustpilot.com\/review\/talkpal.ai\",\"https:\/\/www.capterra.com\/p\/10006800\/TalkPal\/\"],\"description\":\"Talkpal is a language learning web and mobile education app, powered by the latest AI technologies, that provides engaging experiences to its customers in many different languages to help them improve their language skills. Users can chat about unlimited amount of topics with the app and use other modes to practice their language learning.\",\"email\":\"support@talkpal.ai\",\"legalName\":\"Talkpal, Inc.\",\"foundingDate\":\"2023-04-03\",\"duns\":\"118989042\",\"numberOfEmployees\":{\"@type\":\"QuantitativeValue\",\"minValue\":\"11\",\"maxValue\":\"50\"},\"publishingPrinciples\":\"https:\/\/talkpal.ai\/publishing-principles\/\",\"actionableFeedbackPolicy\":\"https:\/\/talkpal.ai\/actionable-feedback-policy\/\",\"correctionsPolicy\":\"https:\/\/talkpal.ai\/corrections-policy\/\",\"ethicsPolicy\":\"https:\/\/talkpal.ai\/ethics-policy\/\",\"diversityPolicy\":\"https:\/\/talkpal.ai\/diversity-policy\/\",\"diversityStaffingReport\":\"https:\/\/talkpal.ai\/diversity-policy\/\"}]}<\/script>\n<!-- \/ Yoast SEO Premium plugin. -->","yoast_head_json":{"title":"Ierse grammatica-oefeningen - Talkpal","description":"Krijg de Ierse grammatica onder de knie met interactieve oefeningen die ontworpen zijn om je te helpen zelfvertrouwen op te bouwen en de taal sneller te leren.","robots":{"index":"index","follow":"follow","max-snippet":"max-snippet:-1","max-image-preview":"max-image-preview:large","max-video-preview":"max-video-preview:-1"},"canonical":"https:\/\/talkpal.ai\/nl\/ierse-grammatica-oefeningen\/","og_locale":"nl_NL","og_type":"article","og_title":"Ierse grammatica-oefeningen","og_description":"Ierse grammatica onderwerpen Het leren van een nieuwe taal kan een uitdagende maar lonende onderneming zijn. Iers, een Keltische taal die voornamelijk in","og_url":"https:\/\/talkpal.ai\/nl\/ierse-grammatica-oefeningen\/","og_site_name":"Talkpal","article_publisher":"https:\/\/www.facebook.com\/profile.php?id=100090733639311","article_modified_time":"2025-12-30T14:59:57+00:00","og_image":[{"width":2880,"height":1620,"url":"https:\/\/talkpal.ai\/wp-content\/uploads\/2025\/02\/Progress-tab-16_9.png","type":"image\/png"}],"twitter_card":"summary_large_image","twitter_site":"@talkpalai","twitter_misc":{"Geschatte leestijd":"3 minuten"},"schema":{"@context":"https:\/\/schema.org","@graph":[{"@type":"WebPage","@id":"https:\/\/talkpal.ai\/nl\/ierse-grammatica-oefeningen\/","url":"https:\/\/talkpal.ai\/nl\/ierse-grammatica-oefeningen\/","name":"Ierse grammatica-oefeningen - Talkpal","isPartOf":{"@id":"https:\/\/talkpal.ai\/nl\/#website"},"datePublished":"2025-11-12T09:53:34+00:00","dateModified":"2025-12-30T14:59:57+00:00","description":"Krijg de Ierse grammatica onder de knie met interactieve oefeningen die ontworpen zijn om je te helpen zelfvertrouwen op te bouwen en de taal sneller te leren.","breadcrumb":{"@id":"https:\/\/talkpal.ai\/nl\/ierse-grammatica-oefeningen\/#breadcrumb"},"inLanguage":"nl-NL","potentialAction":[{"@type":"ReadAction","target":["https:\/\/talkpal.ai\/nl\/ierse-grammatica-oefeningen\/"]}]},{"@type":"BreadcrumbList","@id":"https:\/\/talkpal.ai\/nl\/ierse-grammatica-oefeningen\/#breadcrumb","itemListElement":[{"@type":"ListItem","position":1,"name":"Homepage","item":"https:\/\/talkpal.ai\/nl\/"},{"@type":"ListItem","position":2,"name":"Ierse grammatica-oefeningen"}]},{"@type":"WebSite","@id":"https:\/\/talkpal.ai\/nl\/#website","url":"https:\/\/talkpal.ai\/nl\/","name":"Talkpal","description":"AI Language Learning","publisher":{"@id":"https:\/\/talkpal.ai\/nl\/#organization"},"alternateName":"Talkpal AI","potentialAction":[{"@type":"SearchAction","target":{"@type":"EntryPoint","urlTemplate":"https:\/\/talkpal.ai\/nl\/?s={search_term_string}"},"query-input":{"@type":"PropertyValueSpecification","valueRequired":true,"valueName":"search_term_string"}}],"inLanguage":"nl-NL"},{"@type":"Organization","@id":"https:\/\/talkpal.ai\/nl\/#organization","name":"Talkpal, Inc.","alternateName":"Talkpal AI","url":"https:\/\/talkpal.ai\/nl\/","logo":{"@type":"ImageObject","inLanguage":"nl-NL","@id":"https:\/\/talkpal.ai\/nl\/#\/schema\/logo\/image\/","url":"https:\/\/talkpal.ai\/wp-content\/uploads\/2024\/03\/Talkpal-Logo-Icon.png","contentUrl":"https:\/\/talkpal.ai\/wp-content\/uploads\/2024\/03\/Talkpal-Logo-Icon.png","width":2880,"height":2880,"caption":"Talkpal, Inc."},"image":{"@id":"https:\/\/talkpal.ai\/nl\/#\/schema\/logo\/image\/"},"sameAs":["https:\/\/www.facebook.com\/profile.php?id=100090733639311","https:\/\/x.com\/talkpalai","https:\/\/www.linkedin.com\/company\/talkpal\/","https:\/\/www.youtube.com\/@TalkPal\/","https:\/\/www.tiktok.com\/@talkpal","https:\/\/www.instagram.com\/talkpal_ai\/","https:\/\/www.crunchbase.com\/organization\/talkpal-9cde","https:\/\/www.g2.com\/products\/talkpal-for-business\/","https:\/\/www.trustpilot.com\/review\/talkpal.ai","https:\/\/www.capterra.com\/p\/10006800\/TalkPal\/"],"description":"Talkpal is a language learning web and mobile education app, powered by the latest AI technologies, that provides engaging experiences to its customers in many different languages to help them improve their language skills. Users can chat about unlimited amount of topics with the app and use other modes to practice their language learning.","email":"support@talkpal.ai","legalName":"Talkpal, Inc.","foundingDate":"2023-04-03","duns":"118989042","numberOfEmployees":{"@type":"QuantitativeValue","minValue":"11","maxValue":"50"},"publishingPrinciples":"https:\/\/talkpal.ai\/publishing-principles\/","actionableFeedbackPolicy":"https:\/\/talkpal.ai\/actionable-feedback-policy\/","correctionsPolicy":"https:\/\/talkpal.ai\/corrections-policy\/","ethicsPolicy":"https:\/\/talkpal.ai\/ethics-policy\/","diversityPolicy":"https:\/\/talkpal.ai\/diversity-policy\/","diversityStaffingReport":"https:\/\/talkpal.ai\/diversity-policy\/"}]}},"_links":{"self":[{"href":"https:\/\/talkpal.ai\/nl\/wp-json\/wp\/v2\/pages\/1464972","targetHints":{"allow":["GET"]}}],"collection":[{"href":"https:\/\/talkpal.ai\/nl\/wp-json\/wp\/v2\/pages"}],"about":[{"href":"https:\/\/talkpal.ai\/nl\/wp-json\/wp\/v2\/types\/page"}],"author":[{"embeddable":true,"href":"https:\/\/talkpal.ai\/nl\/wp-json\/wp\/v2\/users\/20"}],"replies":[{"embeddable":true,"href":"https:\/\/talkpal.ai\/nl\/wp-json\/wp\/v2\/comments?post=1464972"}],"version-history":[{"count":0,"href":"https:\/\/talkpal.ai\/nl\/wp-json\/wp\/v2\/pages\/1464972\/revisions"}],"wp:attachment":[{"href":"https:\/\/talkpal.ai\/nl\/wp-json\/wp\/v2\/media?parent=1464972"}],"curies":[{"name":"wp","href":"https:\/\/api.w.org\/{rel}","templated":true}]}}