{"id":146090,"date":"2023-05-14T14:10:42","date_gmt":"2023-05-14T14:10:42","guid":{"rendered":"http:\/\/talkpal.ai\/litouwse-grammatica\/"},"modified":"2025-12-12T10:52:17","modified_gmt":"2025-12-12T10:52:17","slug":"litouwse-grammatica","status":"publish","type":"page","link":"https:\/\/talkpal.ai\/nl\/litouwse-grammatica\/","title":{"rendered":"Litouwse grammatica"},"content":{"rendered":"\r\n\r\n\r\n<section class=\"languageChallengeSection\">\r\n    <div class=\"languageInfoWrapper\">\r\n        \r\n        <h1>Litouwse grammatica<\/h1>\r\n        <p>Begin je reis in de <a href=\"https:\/\/talkpal.ai\/nl\/grammar\/eenvoudig-versus-continu-in-de-litouwse-grammatica\/\">Litouwse grammatica<\/a> en ontdek een <a href=\"https:\/\/talkpal.ai\/locations\/language-courses-in-van\/\">van<\/a> de oudste en meest fascinerende talen van Europa. Leer essenti\u00eble regels en patronen om een sterke taalbasis op te bouwen. Duik er nu in en begin <a href=\"https:\/\/talkpal.ai\/learn-lithuanian\/\">Litouws<\/a> vandaag nog onder de knie te krijgen!<\/p>\r\n\r\n                            <a class=\"getStartedHidden\" href=\"https:\/\/app.talkpal.ai\/nl\/signup?lng=\">Ga aan de slag<\/a>\r\n        \r\n    <\/div>\r\n\r\n    <figure>\r\n    <img decoding=\"async\" width=\"768\" height=\"768\" src=\"https:\/\/talkpal.ai\/wp-content\/uploads\/2023\/06\/lithuenian-768x768.png\" class=\"languageImage no-lazy\" alt=\"Default alt text\" fetchpriority=\"high\" sizes=\"(max-width: 768px) 150px, 768px\" srcset=\"https:\/\/talkpal.ai\/wp-content\/uploads\/2023\/06\/lithuenian-768x768.png 768w, https:\/\/talkpal.ai\/wp-content\/uploads\/2023\/06\/lithuenian-300x300.png 300w\" \/>\r\n    \r\n\r\n    <\/figure>\r\n\r\n            <a class=\"getStartedVisible\" href=\"https:\/\/app.talkpal.ai\/nl\/signup?lng=\">Ga aan de slag<\/a>\r\n    \r\n<\/section>\r\n        <section class=\"grammarSection\">\r\n            <div class=\"grammarLinks\">\r\n                <a href=\"https:\/\/talkpal.ai\/nl\/language\/artikelen-litouwse-grammatica\/\">Artikelen <\/a><a href=\"https:\/\/talkpal.ai\/nl\/language\/bijvoeglijke-naamwoorden-litouwse-grammatica\/\">Bijvoeglijke naamwoorden <\/a><a href=\"https:\/\/talkpal.ai\/nl\/language\/bijwoorden-litouwse-grammatica\/\">Bijwoorden <\/a><a href=\"https:\/\/talkpal.ai\/nl\/language\/gespannen-vergelijking-litouwse-grammatica\/\">Gespannen vergelijking <\/a><a href=\"https:\/\/talkpal.ai\/nl\/language\/perfect-progressive-litouwse-grammatica\/\">Perfect Progressive <\/a><a href=\"https:\/\/talkpal.ai\/nl\/language\/progressief-litouwse-grammatica\/\">Progressief <\/a><a href=\"https:\/\/talkpal.ai\/nl\/language\/tijden-litouwse-grammatica\/\">Tijden <\/a><a href=\"https:\/\/talkpal.ai\/nl\/language\/voornaamwoorden-determinanten-litouwse-grammatica\/\">Voornaamwoorden\/determinanten <\/a><a href=\"https:\/\/talkpal.ai\/nl\/language\/voorwaardelijke-taal-litouwse-grammatica\/\">Voorwaardelijke taal <\/a><a href=\"https:\/\/talkpal.ai\/nl\/language\/voorzetsels-litouwse-grammatica\/\">Voorzetsels <\/a><a href=\"https:\/\/talkpal.ai\/nl\/language\/werkwoorden-litouwse-grammatica\/\">Werkwoorden <\/a><a href=\"https:\/\/talkpal.ai\/nl\/language\/zelfstandige-naamwoorden-litouwse-grammatica\/\">Zelfstandige naamwoorden <\/a><a href=\"https:\/\/talkpal.ai\/nl\/language\/zinnen-litouwse-grammatica\/\">Zinnen <\/a>            <\/div>\r\n        <\/section>\r\n    <section class=\"promotionalBanner\">\r\n    <p class=\"promotionalText\">De meest effici\u00ebnte manier om een taal te leren<\/p>\r\n    <a class=\"promotionalLink\" href=\"https:\/\/app.talkpal.ai\/nl\/signup?lng=\">Probeer Talkpal gratis<\/a>\r\n<\/section>\n<div class=\"wp-block-group pageContainerStyle\"><div class=\"wp-block-group__inner-container is-layout-constrained wp-block-group-is-layout-constrained\">\n<h2 class=\"wp-block-heading\" id=\"h-lithuanian-grammar-a-fascinating-journey-through-language\">Litouwse grammatica: een fascinerende reis door taal<\/h2>\n\n\n\n<p>Heb je ooit overwogen om Litouws te leren of was je gewoon ge\u00efntrigeerd door de unieke <a href=\"https:\/\/talkpal.ai\/grammar\/\">grammatica<\/a>? Dan staat je wat te wachten! De Litouwse grammatica lijkt op het eerste gezicht misschien eigenaardig, maar vergis je niet &#8211; het getuigt van een voortreffelijke taalkundige logica. In dit artikel zullen we de verschillende aspecten van de Litouwse grammatica ontvouwen, zodat u de charme ervan kunt waarderen.<\/p>\n\n\n\n<p>Eerst een korte achtergrond: Litouws is een Baltische taal die voornamelijk in Litouwen wordt gesproken, maar ook in de buurlanden wordt aangetroffen. Als een van de oudste nog levende Indo-Europese talen heeft het archa\u00efsche kenmerken behouden, wat inzicht geeft in de ontwikkeling van andere talen binnen de taalfamilie. Deze historische betekenis maakt het Litouws bijzonder boeiend voor <a href=\"https:\/\/talkpal.ai\/talkpal-discount-for-language-enthusiasts\/\">taalliefhebbers<\/a>.<\/p>\n\n\n\n<p>Laten we ons nu verdiepen in enkele belangrijke aspecten van de Litouwse grammatica.<\/p>\n\n\n\n<h3 class=\"wp-block-heading\" id=\"h-1-nouns-cases-and-declensions\">1. Zelfstandige naamwoorden, naamvallen en verbuigingen<\/h3>\n\n\n\n<p>Een van de meest opvallende kenmerken van de Litouwse grammatica is het ingewikkelde hoofdlettersysteem. <a href=\"https:\/\/talkpal.ai\/nl\/grammar\/overeenkomst-met-zelfstandige-naamwoorden-geslacht-en-getal-in-authentieke-grammatica\/\">Zelfstandige naamwoorden<\/a> nemen verschillende vormen aan, afhankelijk van hun functie in een zin en of ze het onderwerp, het object of de ontvanger van een actie weerspiegelen. Het Litouws heeft zeven naamvallen: nominatief, genitief, datief, accusatief, instrumenteel, locatief en vocatief.<\/p>\n\n\n\n<p>Neem het zelfstandig naamwoord &#8220;vaikas&#8221; (kind) als voorbeeld. Het kan veranderen in &#8220;vaiko,&#8221; &#8220;vaikui,&#8221; &#8220;vaik\u0105,&#8221; enzovoort op basis van de rol die het speelt binnen een zin. Bovendien worden de uitgangen be\u00efnvloed door het geslacht van het zelfstandig naamwoord (mannelijk of vrouwelijk) en verder onderverdeeld in declinaties, wat de taal nog veelzijdiger maakt.<\/p>\n\n\n\n<h3 class=\"wp-block-heading\" id=\"h-2-verb-conjugation-and-tenses\">2. Werkwoordvervoeging en tijden<\/h3>\n\n\n\n<p>Litouwse werkwoorden veranderen hun uitgang afhankelijk van de persoon en het aantal (enkelvoud of meervoud) van het onderwerp. Het werkwoord &#8220;eiti&#8221; (gaan) kan bijvoorbeeld &#8220;einu&#8221; (ik ga), &#8220;einate&#8221; (jij &#8211; meervoud &#8211; gaat), &#8220;eina&#8221; (zij gaan) worden, naast andere vormen.<\/p>\n\n\n\n<p>Het Litouws heeft vier hoofdtijden: tegenwoordig, verleden, verleden tijd iteratief en toekomst. Interessant is dat de taal ook aspectmarkeringen bevat: perfectief en imperfectief. Deze markeringen geven aanvullende informatie over of een actie is voltooid of aan de gang is. Bijvoorbeeld, &#8220;ne\u0161ti&#8221; (dragen &#8211; imperfectief) tegenover &#8220;nat&#8221; (gedragen hebben &#8211; perfectief).<\/p>\n\n\n\n<h3 class=\"wp-block-heading\" id=\"h-3-sentence-structure-and-word-order\">3. Zinsbouw en woordvolgorde<\/h3>\n\n\n\n<p>Hoewel het Litouws over het algemeen de SVO-woordvolgorde (onderwerp-werkwoord-object) volgt, biedt het naamvalsysteem een aanzienlijke flexibiliteit. In tegenstelling tot het Engels, waar de woordvolgorde meestal de betekenis van een zin bepaalt, verandert het verplaatsen van woorden in het Litouws de betekenis niet. Bijvoorbeeld, &#8220;kat\u0117 valgo \u017euv\u012f&#8221; (de kat eet de vis) kan ook &#8220;\u017euv\u012f valgo kat\u0117&#8221; zijn zonder de betekenis te verliezen of te veranderen.<\/p>\n\n\n\n<p>Deze flexibiliteit stelt je in staat om met de zinsbouw te spelen, bepaalde elementen te benadrukken of nuances aan te brengen naarmate je vaardiger wordt in de taal.<\/p>\n\n\n\n<h3 class=\"wp-block-heading\" id=\"h-4-adjectives-adverbs-and-agreement-rules\">4. Bijvoeglijke naamwoorden, bijwoorden en overeenkomstregels<\/h3>\n\n\n\n<p>Zoals veel talen beschrijven bijvoeglijke naamwoorden en bijwoorden in het Litouws zelfstandige naamwoorden en werkwoorden, maar ze volgen ook specifieke overeenkomstregels. In het bijzonder moeten bijvoeglijke naamwoorden overeenkomen met het zelfstandig naamwoord dat ze wijzigen in hoofdletter, geslacht en getal. Als je eenmaal de naamvallen en werkwoordvervoegingen begrijpt, zullen deze regels natuurlijker worden.<\/p>\n\n\n\n<p>Dus, ben je bereid om in de Litouwse grammatica te duiken? Met doorzettingsvermogen, toewijding en de juiste middelen is het leren van Litouws &#8211; rijk aan geschiedenis en cultureel erfgoed &#8211; een enorm lonende ervaring. Pak de taal stap voor stap aan, oefen consequent en blijf openstaan om van je fouten te leren. S\u0117km\u0117s! (Succes!)<\/p>\n<\/div><\/div>\n\r\n<section class=\"learnNavigationSection\">\r\n            \r\n        <a href=\"https:\/\/talkpal.ai\/nl\/litouws-leren\/\">\r\n            <div class=\"learnNavigationWrapper\">\r\n                <div class=\"learnNavigationContent\">\r\n                    <img decoding=\"async\" src=\"https:\/\/talkpal.ai\/wp-content\/uploads\/2024\/08\/Lithuanian.jpg\" alt=\"Lithuanian Flag\">\r\n                    <div>\r\n                        <h4>Over Litouws leren<\/h4>\r\n                        <p>Ontdek alles over de Litouwse grammatica.<\/p>\r\n                    <\/div>\r\n                <\/div>\r\n            <\/div>\r\n        <\/a>\r\n\r\n        \r\n        <a href=\"https:\/\/talkpal.ai\/nl\/litouwse-grammatica-oefeningen\/\">\r\n            <div class=\"learnNavigationWrapper\">\r\n                <div class=\"learnNavigationContent\">\r\n                    <img decoding=\"async\" src=\"https:\/\/talkpal.ai\/wp-content\/uploads\/2024\/08\/Lithuanian.jpg\" alt=\"Lithuanian Flag\">\r\n                    <div>\r\n                        <h4>Grammatica-oefening Litouws<\/h4>\r\n                        <p>Oefen de Litouwse grammatica.<\/p>\r\n                    <\/div>\r\n                <\/div>\r\n            <\/div>\r\n        <\/a>\r\n\r\n        \r\n        <a href=\"https:\/\/talkpal.ai\/vocabulary_language\/lithuanian\/\">\r\n            <div class=\"learnNavigationWrapper\">\r\n                <div class=\"learnNavigationContent\">\r\n                    <img decoding=\"async\" src=\"https:\/\/talkpal.ai\/wp-content\/uploads\/2024\/08\/Lithuanian.jpg\" alt=\"Lithuanian Flag\">\r\n                    <div>\r\n                        <h4>Litouwse woordenschat<\/h4>\r\n                        <p>Breid je Litouwse woordenschat uit.<\/p>\r\n                    <\/div>\r\n                <\/div>\r\n            <\/div>\r\n        <\/a>\r\n\r\n            <\/section>","protected":false},"excerpt":{"rendered":"<p>Litouwse grammatica: een fascinerende reis door taal Heb je ooit overwogen om Litouws te leren of was je gewoon ge\u00efntrigeerd door de unieke grammatica? Dan staat je wat te wachten! De Litouwse grammatica lijkt op het eerste gezicht misschien eigenaardig, maar vergis je niet &#8211; het getuigt van een voortreffelijke taalkundige logica. In dit artikel [&hellip;]<\/p>\n","protected":false},"author":1,"featured_media":28458,"parent":0,"menu_order":0,"comment_status":"closed","ping_status":"closed","template":"LearningContentPage.php","meta":{"_acf_changed":false,"footnotes":""},"class_list":["post-146090","page","type-page","status-publish","has-post-thumbnail","hentry"],"acf":[],"yoast_head":"<!-- This site is optimized with the Yoast SEO Premium plugin v27.2 (Yoast SEO v27.2) - https:\/\/yoast.com\/product\/yoast-seo-premium-wordpress\/ -->\n<title>Litouwse grammatica - Talkpal<\/title>\n<meta name=\"description\" content=\"Ontdek hoe de Litouwse grammatica de historische rijkdom en logica weerspiegelt, waardoor het een perfecte studie is voor taalliefhebbers.\" \/>\n<meta name=\"robots\" content=\"index, follow, max-snippet:-1, max-image-preview:large, max-video-preview:-1\" \/>\n<link rel=\"canonical\" href=\"https:\/\/talkpal.ai\/nl\/litouwse-grammatica\/\" \/>\n<meta property=\"og:locale\" content=\"nl_NL\" \/>\n<meta property=\"og:type\" content=\"article\" \/>\n<meta property=\"og:title\" content=\"Litouwse grammatica\" \/>\n<meta property=\"og:description\" content=\"Litouwse grammatica: een fascinerende reis door taal Heb je ooit overwogen om Litouws te leren of was je gewoon ge\u00efntrigeerd door de unieke grammatica?\" \/>\n<meta property=\"og:url\" content=\"https:\/\/talkpal.ai\/nl\/litouwse-grammatica\/\" \/>\n<meta property=\"og:site_name\" content=\"Talkpal\" \/>\n<meta property=\"article:publisher\" content=\"https:\/\/www.facebook.com\/profile.php?id=100090733639311\" \/>\n<meta property=\"article:modified_time\" content=\"2025-12-12T10:52:17+00:00\" \/>\n<meta property=\"og:image\" content=\"https:\/\/talkpal.ai\/wp-content\/uploads\/2023\/05\/Lithuanian.png\" \/>\n\t<meta property=\"og:image:width\" content=\"512\" \/>\n\t<meta property=\"og:image:height\" content=\"512\" \/>\n\t<meta property=\"og:image:type\" content=\"image\/png\" \/>\n<meta name=\"twitter:card\" content=\"summary_large_image\" \/>\n<meta name=\"twitter:site\" content=\"@talkpalai\" \/>\n<meta name=\"twitter:label1\" content=\"Geschatte leestijd\" \/>\n\t<meta name=\"twitter:data1\" content=\"3 minuten\" \/>\n<script type=\"application\/ld+json\" class=\"yoast-schema-graph\">{\"@context\":\"https:\/\/schema.org\",\"@graph\":[{\"@type\":\"WebPage\",\"@id\":\"https:\/\/talkpal.ai\/nl\/litouwse-grammatica\/\",\"url\":\"https:\/\/talkpal.ai\/nl\/litouwse-grammatica\/\",\"name\":\"Litouwse grammatica - Talkpal\",\"isPartOf\":{\"@id\":\"https:\/\/talkpal.ai\/nl\/#website\"},\"primaryImageOfPage\":{\"@id\":\"https:\/\/talkpal.ai\/nl\/litouwse-grammatica\/#primaryimage\"},\"image\":{\"@id\":\"https:\/\/talkpal.ai\/nl\/litouwse-grammatica\/#primaryimage\"},\"thumbnailUrl\":\"https:\/\/talkpal.ai\/wp-content\/uploads\/2023\/05\/Lithuanian.png\",\"datePublished\":\"2023-05-14T14:10:42+00:00\",\"dateModified\":\"2025-12-12T10:52:17+00:00\",\"description\":\"Ontdek hoe de Litouwse grammatica de historische rijkdom en logica weerspiegelt, waardoor het een perfecte studie is voor taalliefhebbers.\",\"breadcrumb\":{\"@id\":\"https:\/\/talkpal.ai\/nl\/litouwse-grammatica\/#breadcrumb\"},\"inLanguage\":\"nl-NL\",\"potentialAction\":[{\"@type\":\"ReadAction\",\"target\":[\"https:\/\/talkpal.ai\/nl\/litouwse-grammatica\/\"]}]},{\"@type\":\"ImageObject\",\"inLanguage\":\"nl-NL\",\"@id\":\"https:\/\/talkpal.ai\/nl\/litouwse-grammatica\/#primaryimage\",\"url\":\"https:\/\/talkpal.ai\/wp-content\/uploads\/2023\/05\/Lithuanian.png\",\"contentUrl\":\"https:\/\/talkpal.ai\/wp-content\/uploads\/2023\/05\/Lithuanian.png\",\"width\":512,\"height\":512},{\"@type\":\"BreadcrumbList\",\"@id\":\"https:\/\/talkpal.ai\/nl\/litouwse-grammatica\/#breadcrumb\",\"itemListElement\":[{\"@type\":\"ListItem\",\"position\":1,\"name\":\"Homepage\",\"item\":\"https:\/\/talkpal.ai\/nl\/\"},{\"@type\":\"ListItem\",\"position\":2,\"name\":\"Litouwse grammatica\"}]},{\"@type\":\"WebSite\",\"@id\":\"https:\/\/talkpal.ai\/nl\/#website\",\"url\":\"https:\/\/talkpal.ai\/nl\/\",\"name\":\"Talkpal\",\"description\":\"AI Language Learning\",\"publisher\":{\"@id\":\"https:\/\/talkpal.ai\/nl\/#organization\"},\"alternateName\":\"Talkpal AI\",\"potentialAction\":[{\"@type\":\"SearchAction\",\"target\":{\"@type\":\"EntryPoint\",\"urlTemplate\":\"https:\/\/talkpal.ai\/nl\/?s={search_term_string}\"},\"query-input\":{\"@type\":\"PropertyValueSpecification\",\"valueRequired\":true,\"valueName\":\"search_term_string\"}}],\"inLanguage\":\"nl-NL\"},{\"@type\":\"Organization\",\"@id\":\"https:\/\/talkpal.ai\/nl\/#organization\",\"name\":\"Talkpal, Inc.\",\"alternateName\":\"Talkpal AI\",\"url\":\"https:\/\/talkpal.ai\/nl\/\",\"logo\":{\"@type\":\"ImageObject\",\"inLanguage\":\"nl-NL\",\"@id\":\"https:\/\/talkpal.ai\/nl\/#\/schema\/logo\/image\/\",\"url\":\"https:\/\/talkpal.ai\/wp-content\/uploads\/2024\/03\/Talkpal-Logo-Icon.png\",\"contentUrl\":\"https:\/\/talkpal.ai\/wp-content\/uploads\/2024\/03\/Talkpal-Logo-Icon.png\",\"width\":2880,\"height\":2880,\"caption\":\"Talkpal, Inc.\"},\"image\":{\"@id\":\"https:\/\/talkpal.ai\/nl\/#\/schema\/logo\/image\/\"},\"sameAs\":[\"https:\/\/www.facebook.com\/profile.php?id=100090733639311\",\"https:\/\/x.com\/talkpalai\",\"https:\/\/www.linkedin.com\/company\/talkpal\/\",\"https:\/\/www.youtube.com\/@TalkPal\/\",\"https:\/\/www.tiktok.com\/@talkpal\",\"https:\/\/www.instagram.com\/talkpal_ai\/\",\"https:\/\/www.crunchbase.com\/organization\/talkpal-9cde\",\"https:\/\/www.g2.com\/products\/talkpal-for-business\/\",\"https:\/\/www.trustpilot.com\/review\/talkpal.ai\",\"https:\/\/www.capterra.com\/p\/10006800\/TalkPal\/\"],\"description\":\"Talkpal is a language learning web and mobile education app, powered by the latest AI technologies, that provides engaging experiences to its customers in many different languages to help them improve their language skills. Users can chat about unlimited amount of topics with the app and use other modes to practice their language learning.\",\"email\":\"support@talkpal.ai\",\"legalName\":\"Talkpal, Inc.\",\"foundingDate\":\"2023-04-03\",\"duns\":\"118989042\",\"numberOfEmployees\":{\"@type\":\"QuantitativeValue\",\"minValue\":\"11\",\"maxValue\":\"50\"},\"publishingPrinciples\":\"https:\/\/talkpal.ai\/publishing-principles\/\",\"actionableFeedbackPolicy\":\"https:\/\/talkpal.ai\/actionable-feedback-policy\/\",\"correctionsPolicy\":\"https:\/\/talkpal.ai\/corrections-policy\/\",\"ethicsPolicy\":\"https:\/\/talkpal.ai\/ethics-policy\/\",\"diversityPolicy\":\"https:\/\/talkpal.ai\/diversity-policy\/\",\"diversityStaffingReport\":\"https:\/\/talkpal.ai\/diversity-policy\/\"}]}<\/script>\n<!-- \/ Yoast SEO Premium plugin. -->","yoast_head_json":{"title":"Litouwse grammatica - Talkpal","description":"Ontdek hoe de Litouwse grammatica de historische rijkdom en logica weerspiegelt, waardoor het een perfecte studie is voor taalliefhebbers.","robots":{"index":"index","follow":"follow","max-snippet":"max-snippet:-1","max-image-preview":"max-image-preview:large","max-video-preview":"max-video-preview:-1"},"canonical":"https:\/\/talkpal.ai\/nl\/litouwse-grammatica\/","og_locale":"nl_NL","og_type":"article","og_title":"Litouwse grammatica","og_description":"Litouwse grammatica: een fascinerende reis door taal Heb je ooit overwogen om Litouws te leren of was je gewoon ge\u00efntrigeerd door de unieke grammatica?","og_url":"https:\/\/talkpal.ai\/nl\/litouwse-grammatica\/","og_site_name":"Talkpal","article_publisher":"https:\/\/www.facebook.com\/profile.php?id=100090733639311","article_modified_time":"2025-12-12T10:52:17+00:00","og_image":[{"width":512,"height":512,"url":"https:\/\/talkpal.ai\/wp-content\/uploads\/2023\/05\/Lithuanian.png","type":"image\/png"}],"twitter_card":"summary_large_image","twitter_site":"@talkpalai","twitter_misc":{"Geschatte leestijd":"3 minuten"},"schema":{"@context":"https:\/\/schema.org","@graph":[{"@type":"WebPage","@id":"https:\/\/talkpal.ai\/nl\/litouwse-grammatica\/","url":"https:\/\/talkpal.ai\/nl\/litouwse-grammatica\/","name":"Litouwse grammatica - Talkpal","isPartOf":{"@id":"https:\/\/talkpal.ai\/nl\/#website"},"primaryImageOfPage":{"@id":"https:\/\/talkpal.ai\/nl\/litouwse-grammatica\/#primaryimage"},"image":{"@id":"https:\/\/talkpal.ai\/nl\/litouwse-grammatica\/#primaryimage"},"thumbnailUrl":"https:\/\/talkpal.ai\/wp-content\/uploads\/2023\/05\/Lithuanian.png","datePublished":"2023-05-14T14:10:42+00:00","dateModified":"2025-12-12T10:52:17+00:00","description":"Ontdek hoe de Litouwse grammatica de historische rijkdom en logica weerspiegelt, waardoor het een perfecte studie is voor taalliefhebbers.","breadcrumb":{"@id":"https:\/\/talkpal.ai\/nl\/litouwse-grammatica\/#breadcrumb"},"inLanguage":"nl-NL","potentialAction":[{"@type":"ReadAction","target":["https:\/\/talkpal.ai\/nl\/litouwse-grammatica\/"]}]},{"@type":"ImageObject","inLanguage":"nl-NL","@id":"https:\/\/talkpal.ai\/nl\/litouwse-grammatica\/#primaryimage","url":"https:\/\/talkpal.ai\/wp-content\/uploads\/2023\/05\/Lithuanian.png","contentUrl":"https:\/\/talkpal.ai\/wp-content\/uploads\/2023\/05\/Lithuanian.png","width":512,"height":512},{"@type":"BreadcrumbList","@id":"https:\/\/talkpal.ai\/nl\/litouwse-grammatica\/#breadcrumb","itemListElement":[{"@type":"ListItem","position":1,"name":"Homepage","item":"https:\/\/talkpal.ai\/nl\/"},{"@type":"ListItem","position":2,"name":"Litouwse grammatica"}]},{"@type":"WebSite","@id":"https:\/\/talkpal.ai\/nl\/#website","url":"https:\/\/talkpal.ai\/nl\/","name":"Talkpal","description":"AI Language Learning","publisher":{"@id":"https:\/\/talkpal.ai\/nl\/#organization"},"alternateName":"Talkpal AI","potentialAction":[{"@type":"SearchAction","target":{"@type":"EntryPoint","urlTemplate":"https:\/\/talkpal.ai\/nl\/?s={search_term_string}"},"query-input":{"@type":"PropertyValueSpecification","valueRequired":true,"valueName":"search_term_string"}}],"inLanguage":"nl-NL"},{"@type":"Organization","@id":"https:\/\/talkpal.ai\/nl\/#organization","name":"Talkpal, Inc.","alternateName":"Talkpal AI","url":"https:\/\/talkpal.ai\/nl\/","logo":{"@type":"ImageObject","inLanguage":"nl-NL","@id":"https:\/\/talkpal.ai\/nl\/#\/schema\/logo\/image\/","url":"https:\/\/talkpal.ai\/wp-content\/uploads\/2024\/03\/Talkpal-Logo-Icon.png","contentUrl":"https:\/\/talkpal.ai\/wp-content\/uploads\/2024\/03\/Talkpal-Logo-Icon.png","width":2880,"height":2880,"caption":"Talkpal, Inc."},"image":{"@id":"https:\/\/talkpal.ai\/nl\/#\/schema\/logo\/image\/"},"sameAs":["https:\/\/www.facebook.com\/profile.php?id=100090733639311","https:\/\/x.com\/talkpalai","https:\/\/www.linkedin.com\/company\/talkpal\/","https:\/\/www.youtube.com\/@TalkPal\/","https:\/\/www.tiktok.com\/@talkpal","https:\/\/www.instagram.com\/talkpal_ai\/","https:\/\/www.crunchbase.com\/organization\/talkpal-9cde","https:\/\/www.g2.com\/products\/talkpal-for-business\/","https:\/\/www.trustpilot.com\/review\/talkpal.ai","https:\/\/www.capterra.com\/p\/10006800\/TalkPal\/"],"description":"Talkpal is a language learning web and mobile education app, powered by the latest AI technologies, that provides engaging experiences to its customers in many different languages to help them improve their language skills. Users can chat about unlimited amount of topics with the app and use other modes to practice their language learning.","email":"support@talkpal.ai","legalName":"Talkpal, Inc.","foundingDate":"2023-04-03","duns":"118989042","numberOfEmployees":{"@type":"QuantitativeValue","minValue":"11","maxValue":"50"},"publishingPrinciples":"https:\/\/talkpal.ai\/publishing-principles\/","actionableFeedbackPolicy":"https:\/\/talkpal.ai\/actionable-feedback-policy\/","correctionsPolicy":"https:\/\/talkpal.ai\/corrections-policy\/","ethicsPolicy":"https:\/\/talkpal.ai\/ethics-policy\/","diversityPolicy":"https:\/\/talkpal.ai\/diversity-policy\/","diversityStaffingReport":"https:\/\/talkpal.ai\/diversity-policy\/"}]}},"_links":{"self":[{"href":"https:\/\/talkpal.ai\/nl\/wp-json\/wp\/v2\/pages\/146090","targetHints":{"allow":["GET"]}}],"collection":[{"href":"https:\/\/talkpal.ai\/nl\/wp-json\/wp\/v2\/pages"}],"about":[{"href":"https:\/\/talkpal.ai\/nl\/wp-json\/wp\/v2\/types\/page"}],"author":[{"embeddable":true,"href":"https:\/\/talkpal.ai\/nl\/wp-json\/wp\/v2\/users\/1"}],"replies":[{"embeddable":true,"href":"https:\/\/talkpal.ai\/nl\/wp-json\/wp\/v2\/comments?post=146090"}],"version-history":[{"count":0,"href":"https:\/\/talkpal.ai\/nl\/wp-json\/wp\/v2\/pages\/146090\/revisions"}],"wp:featuredmedia":[{"embeddable":true,"href":"https:\/\/talkpal.ai\/nl\/wp-json\/wp\/v2\/media\/28458"}],"wp:attachment":[{"href":"https:\/\/talkpal.ai\/nl\/wp-json\/wp\/v2\/media?parent=146090"}],"curies":[{"name":"wp","href":"https:\/\/api.w.org\/{rel}","templated":true}]}}