{"id":145814,"date":"2023-05-14T14:10:24","date_gmt":"2023-05-14T14:10:24","guid":{"rendered":"http:\/\/talkpal.ai\/letse-grammatica\/"},"modified":"2025-12-17T17:13:14","modified_gmt":"2025-12-17T17:13:14","slug":"letse-grammatica","status":"publish","type":"page","link":"https:\/\/talkpal.ai\/nl\/letse-grammatica\/","title":{"rendered":"Letse grammatica"},"content":{"rendered":"\r\n\r\n\r\n<section class=\"languageChallengeSection\">\r\n    <div class=\"languageInfoWrapper\">\r\n        \r\n        <h1>Letse grammatica<\/h1>\r\n        <p>Ontdek de unieke wereld <a href=\"https:\/\/talkpal.ai\/locations\/language-courses-in-van\/\">van<\/a> de <a href=\"https:\/\/talkpal.ai\/nl\/grammar\/verleden-progressief-in-de-letse-grammatica\/\">Letse grammatica<\/a> en ontgrendel de schoonheid van een van de meest levendige talen van de Baltische regio. Door de structuur en regels te begrijpen, vergroot je je zelfvertrouwen en communicatieve vaardigheden. Begin vandaag nog met het leren van de Letse <a href=\"https:\/\/talkpal.ai\/grammar\/\">grammatica<\/a> en zet je eerste stap op weg naar spreekvaardigheid!\n\n<\/p>\r\n\r\n                            <a class=\"getStartedHidden\" href=\"https:\/\/app.talkpal.ai\/nl\/signup?lng=\">Ga aan de slag<\/a>\r\n        \r\n    <\/div>\r\n\r\n    <figure>\r\n    <img decoding=\"async\" width=\"768\" height=\"768\" src=\"https:\/\/talkpal.ai\/wp-content\/uploads\/2023\/06\/latvian-768x768.png\" class=\"languageImage no-lazy\" alt=\"Default alt text\" fetchpriority=\"high\" sizes=\"(max-width: 768px) 150px, 768px\" srcset=\"https:\/\/talkpal.ai\/wp-content\/uploads\/2023\/06\/latvian-768x768.png 768w, https:\/\/talkpal.ai\/wp-content\/uploads\/2023\/06\/latvian-300x300.png 300w\" \/>\r\n    \r\n\r\n    <\/figure>\r\n\r\n            <a class=\"getStartedVisible\" href=\"https:\/\/app.talkpal.ai\/nl\/signup?lng=\">Ga aan de slag<\/a>\r\n    \r\n<\/section>\r\n        <section class=\"grammarSection\">\r\n            <div class=\"grammarLinks\">\r\n                <a href=\"https:\/\/talkpal.ai\/nl\/language\/artikelen-letse-grammatica\/\">Artikelen <\/a><a href=\"https:\/\/talkpal.ai\/nl\/language\/bijvoeglijke-naamwoorden-letse-grammatica\/\">Bijvoeglijke naamwoorden <\/a><a href=\"https:\/\/talkpal.ai\/nl\/language\/bijwoorden-letse-grammatica\/\">Bijwoorden <\/a><a href=\"https:\/\/talkpal.ai\/nl\/language\/gespannen-vergelijking-letse-grammatica\/\">Gespannen vergelijking <\/a><a href=\"https:\/\/talkpal.ai\/nl\/language\/perfect-progressive-letse-grammatica\/\">Perfect Progressive <\/a><a href=\"https:\/\/talkpal.ai\/nl\/language\/progressief-letse-grammatica\/\">Progressief <\/a><a href=\"https:\/\/talkpal.ai\/nl\/language\/tijden-letse-grammatica\/\">Tijden <\/a><a href=\"https:\/\/talkpal.ai\/nl\/language\/voornaamwoorden-bepalers-letse-grammatica\/\">Voornaamwoorden\/bepalers <\/a><a href=\"https:\/\/talkpal.ai\/nl\/language\/voorwaardelijke-taal-letse-grammatica\/\">Voorwaardelijke taal <\/a><a href=\"https:\/\/talkpal.ai\/nl\/language\/voorzetsels-letse-grammatica\/\">Voorzetsels <\/a><a href=\"https:\/\/talkpal.ai\/nl\/language\/werkwoorden-letse-grammatica\/\">Werkwoorden <\/a><a href=\"https:\/\/talkpal.ai\/nl\/language\/zelfstandige-naamwoorden-letse-grammatica\/\">Zelfstandige naamwoorden <\/a><a href=\"https:\/\/talkpal.ai\/nl\/language\/zinnen-letse-grammatica\/\">Zinnen <\/a>            <\/div>\r\n        <\/section>\r\n    <section class=\"promotionalBanner\">\r\n    <p class=\"promotionalText\">De meest effici\u00ebnte manier om een taal te leren<\/p>\r\n    <a class=\"promotionalLink\" href=\"https:\/\/app.talkpal.ai\/nl\/signup?lng=\">Probeer Talkpal gratis<\/a>\r\n<\/section>\n<div class=\"wp-block-group pageContainerStyle\"><div class=\"wp-block-group__inner-container is-layout-constrained wp-block-group-is-layout-constrained\">\n<h2 class=\"wp-block-heading\" id=\"h-the-ultimate-guide-to-latvian-grammar-navigating-the-intricacies-of-a-unique-language\">De ultieme gids voor de Letse grammatica: navigeren door de fijne kneepjes van een unieke taal<\/h2>\n\n\n\n<p>De Letse grammatica biedt, net als de taal zelf, een rijk en fascinerend tapijt van taalkundige elementen. Als Baltische taal boeit het <a href=\"https:\/\/talkpal.ai\/learn-latvian\/\">Lets<\/a> leerlingen met zijn diverse functies en daagt het zelfs de meest bekwame sprekers uit. In deze gids verkennen we de belangrijkste principes van de Letse grammatica, ontrafelen we de complexiteit ervan en ondersteunen we je op je reis om vloeiend te worden in deze boeiende taal. Laten we beginnen!<\/p>\n\n\n\n<h3 class=\"wp-block-heading\" id=\"h-the-nuts-and-bolts-latvian-sentence-structure\">De moeren en bouten: Letse zinsbouw<\/h3>\n\n\n\n<p>In de kern is de Letse grammatica vrij eenvoudig. De taal volgt over het algemeen de zinsbouw Subject-Verb-Object (SVO), vergelijkbaar met <a href=\"https:\/\/talkpal.ai\/learn-english-with-ai\/\">Engels<\/a> en vele andere talen. De zin &#8220;Ik eet een appel&#8221; wordt bijvoorbeeld vertaald naar &#8220;Es \u0113du \u0101bolu&#8221; (Es \u0113du \u0101bolu). Simpel, toch? Maar als we dieper graven, zul je een aantal intrigerende en onderscheidende kenmerken van de Letse grammatica tegenkomen.<\/p>\n\n\n\n<h3 class=\"wp-block-heading\" id=\"h-meet-the-family-latvian-nouns-and-their-cases\">Maak kennis met de familie: Letse zelfstandige naamwoorden en hun naamvallen<\/h3>\n\n\n\n<p>Een van de meest verbijsterende kenmerken van de Letse grammatica voor Engelstaligen is de notie van grammaticale naamvallen. In het Lets zijn er zeven naamvallen: nominatief, genitief, datief, accusatief, locatief, instrumenteel en vocatief. Elk geval heeft zijn eigen functie en heeft invloed op de vorm van <a href=\"https:\/\/talkpal.ai\/nl\/grammar\/overeenkomst-met-zelfstandige-naamwoorden-geslacht-en-getal-in-authentieke-grammatica\/\">zelfstandige naamwoorden<\/a>, bijvoeglijke naamwoorden, voornaamwoorden en soms zelfs werkwoorden.<\/p>\n\n\n\n<p>Laten we bijvoorbeeld het woord &#8220;\u0101bols&#8221; nemen, dat &#8220;appel&#8221; betekent:<\/p>\n\n\n\n<p><strong>&#8211; Nominatieve naamval (gebruikt voor onderwerpen): \u0101bols<\/strong><\/p>\n\n\n\n<p><strong>&#8211; Genitief naamval (gebruikt voor bezit): \u0101bola<\/strong><\/p>\n\n\n\n<p><strong>&#8211; Datief (gebruikt voor indirecte objecten): \u0101bolam<\/strong><\/p>\n\n\n\n<p><strong>&#8211; Accusatieve naamval (gebruikt voor lijdend voorwerp): \u0101bolu<\/strong><\/p>\n\n\n\n<p><strong>&#8211; Locatieve naamval (gebruikt voor locatie): \u0101bol\u0101<\/strong><\/p>\n\n\n\n<p><strong>&#8211; Instrumentele zaak (gebruikt voor het middel waarmee een actie wordt uitgevoerd): \u0101bolu\/-iem<\/strong><\/p>\n\n\n\n<p><strong>&#8211; Vocatieve naamval (gebruikt om iemand of iets aan te spreken): \u0101bol<\/strong><\/p>\n\n\n\n<p>Het is belangrijk om vertrouwd te raken met deze gevallen, omdat ze de betekenis van je zinnen drastisch kunnen veranderen.<\/p>\n\n\n\n<h3 class=\"wp-block-heading\" id=\"h-playing-with-numbers-latvian-plurals-and-genders\">Spelen met getallen: Letse meervoudsvormen en geslachten<\/h3>\n\n\n\n<p>Bij het vormen van meervouden in het Lets is het essentieel om rekening te houden met het geslacht van het zelfstandig naamwoord. In het Lets hebben zelfstandige naamwoorden twee geslachten: mannelijk en vrouwelijk. Geslacht be\u00efnvloedt de uitgangen van zelfstandige naamwoorden, bijvoeglijke naamwoorden, cijfers en bepaalde werkwoordsvormen.<\/p>\n\n\n\n<p>Over het algemeen eindigen mannelijke zelfstandige naamwoorden in de meervoudsnominatief op -i, terwijl vrouwelijke zelfstandige naamwoorden eindigen op -as. Bijvoorbeeld, &#8220;zirgs&#8221; (zirgs, een mannelijk zelfstandig naamwoord dat &#8220;paard&#8221; betekent) wordt &#8220;zirgi&#8221; (zirgi, paarden), en &#8220;sieviete&#8221; (sieviete, een vrouwelijk zelfstandig naamwoord dat &#8220;vrouw&#8221; betekent) wordt &#8220;sievietes&#8221; (sievietes, vrouwen).<\/p>\n\n\n\n<p>Natuurlijk zijn er uitzonderingen en daarom is het essentieel om zelfstandige naamwoorden met hun geslachten te leren en je bewust te zijn van onregelmatige meervouden.<\/p>\n\n\n\n<h3 class=\"wp-block-heading\" id=\"h-the-art-of-conjugation-latvian-verbs\">De kunst van het vervoegen: Letse werkwoorden<\/h3>\n\n\n\n<p>Letse werkwoorden kunnen in eerste instantie ontmoedigend lijken vanwege hun vele tijden, stemmingen en vervoegingen. De sleutel om ze te begrijpen is echter om gemeenschappelijke patronen te herkennen en regelmatig te oefenen.<\/p>\n\n\n\n<p>In het Lets worden werkwoorden verdeeld in drie groepen op basis van hun infinitiefuitgangen, -t, -ties en -ties\/-t. Elke groep heeft specifieke vervoegingsregels. Laten we het werkwoord &#8220;las\u012bt&#8221; (las\u012bt, &#8220;lezen&#8221;) als voorbeeld nemen:<\/p>\n\n\n\n<p><strong>Tegenwoordige tijd: Es lasu (Es lasu, &#8220;ik lees&#8221;)<\/strong><\/p>\n\n\n\n<p><strong>Verleden tijd: Es las\u012bju (Es las\u012bju, &#8220;ik las&#8221;)<\/strong><\/p>\n\n\n\n<p><strong>Toekomende tijd: Es las\u012b\u0161u (Es las\u012b\u0161u, &#8220;ik zal lezen&#8221;)<\/strong><\/p>\n\n\n\n<p>Zoals je kunt zien, veranderen de eindes afhankelijk van de tijd. En dit is nog niet eens het begin van de Letse werkwoordvervoeging! Laat het je echter niet ontmoedigen. Met oefening en geduld zul je de patronen gaan herkennen en deze uitdaging overwinnen.<\/p>\n\n\n\n<h3 class=\"wp-block-heading\" id=\"h-the-finishing-touches-latvian-adjectives-adverbs-and-more\">De finishing touch: Letse bijvoeglijke naamwoorden, bijwoorden en meer<\/h3>\n\n\n\n<p>Als het gaat om Letse bijvoeglijke naamwoorden en bijwoorden, spelen ze een cruciale rol bij het toevoegen van diepte en complexiteit aan uw toespraak. Bijvoeglijke naamwoorden moeten overeenkomen met de zelfstandige naamwoorden die ze wijzigen in termen van geslacht en naamval, met uitgangen die dienovereenkomstig vari\u00ebren.<\/p>\n\n\n\n<p>Bijvoorbeeld, &#8220;gar\u0161\u012bgs&#8221; (gar\u0161\u012bgs) betekent &#8220;heerlijk,&#8221; en je zou het kunnen zien als &#8220;gar\u0161\u012bgs \u0101bols&#8221; (gar\u0161\u012bgs \u0101bols, &#8220;heerlijke appel&#8221;) of &#8220;gar\u0161\u012bga zupa&#8221; (gar\u0161\u012bga zupa, &#8220;heerlijke soep&#8221;), met verschillende uitgangen voor mannelijke en vrouwelijke zelfstandige naamwoorden.<\/p>\n\n\n\n<p>Bijwoorden volgen meestal vergelijkbare patronen, vaak afgeleid van bijvoeglijke naamwoorden. In het Lets eindigen de meeste bijwoorden op -i, wat dezelfde vorm is als de mannelijke enkelvoud accusatief voor bijvoeglijke naamwoorden.<\/p>\n\n\n\n<p>Kortom, de complexiteit en eigenaardigheden van de Letse grammatica vormen een uitdaging, maar geven de taal haar boeiende schoonheid en karakter. Met een combinatie van doorzettingsvermogen, nieuwsgierigheid en praktische toepassing zul je al snel met gemak en vertrouwen door de Letse grammatica navigeren. Veel plezier met leren!<\/p>\n<\/div><\/div>\n\r\n<section class=\"learnNavigationSection\">\r\n            \r\n        <a href=\"https:\/\/talkpal.ai\/nl\/lets-leren\/\">\r\n            <div class=\"learnNavigationWrapper\">\r\n                <div class=\"learnNavigationContent\">\r\n                    <img decoding=\"async\" src=\"https:\/\/talkpal.ai\/wp-content\/uploads\/2024\/08\/Latvian.jpg\" alt=\"Latvian Flag\">\r\n                    <div>\r\n                        <h4>Over Lets leren<\/h4>\r\n                        <p>Ontdek alles over de Letse grammatica.<\/p>\r\n                    <\/div>\r\n                <\/div>\r\n            <\/div>\r\n        <\/a>\r\n\r\n        \r\n        <a href=\"https:\/\/talkpal.ai\/nl\/letse-grammatica-oefeningen\/\">\r\n            <div class=\"learnNavigationWrapper\">\r\n                <div class=\"learnNavigationContent\">\r\n                    <img decoding=\"async\" src=\"https:\/\/talkpal.ai\/wp-content\/uploads\/2024\/08\/Latvian.jpg\" alt=\"Latvian Flag\">\r\n                    <div>\r\n                        <h4>Grammatica-oefening Lets<\/h4>\r\n                        <p>Oefen de Letse grammatica.<\/p>\r\n                    <\/div>\r\n                <\/div>\r\n            <\/div>\r\n        <\/a>\r\n\r\n        \r\n        <a href=\"https:\/\/talkpal.ai\/vocabulary_language\/latvian\/\">\r\n            <div class=\"learnNavigationWrapper\">\r\n                <div class=\"learnNavigationContent\">\r\n                    <img decoding=\"async\" src=\"https:\/\/talkpal.ai\/wp-content\/uploads\/2024\/08\/Latvian.jpg\" alt=\"Latvian Flag\">\r\n                    <div>\r\n                        <h4>Letse woordenschat<\/h4>\r\n                        <p>Breid je Letse woordenschat uit.<\/p>\r\n                    <\/div>\r\n                <\/div>\r\n            <\/div>\r\n        <\/a>\r\n\r\n            <\/section>","protected":false},"excerpt":{"rendered":"<p>De ultieme gids voor de Letse grammatica: navigeren door de fijne kneepjes van een unieke taal De Letse grammatica biedt, net als de taal zelf, een rijk en fascinerend tapijt van taalkundige elementen. Als Baltische taal boeit het Lets leerlingen met zijn diverse functies en daagt het zelfs de meest bekwame sprekers uit. In deze [&hellip;]<\/p>\n","protected":false},"author":1,"featured_media":28442,"parent":0,"menu_order":0,"comment_status":"closed","ping_status":"closed","template":"LearningContentPage.php","meta":{"_acf_changed":false,"footnotes":""},"class_list":["post-145814","page","type-page","status-publish","has-post-thumbnail","hentry"],"acf":[],"yoast_head":"<!-- This site is optimized with the Yoast SEO Premium plugin v27.2 (Yoast SEO v27.2) - https:\/\/yoast.com\/product\/yoast-seo-premium-wordpress\/ -->\n<title>Letse grammatica - Talkpal<\/title>\n<meta name=\"description\" content=\"Leer zelfverzekerd de Letse grammatica - leer de regels, oefen het gebruik en verbeter de nauwkeurigheid van de taal gemakkelijk met Talkpalgepersonaliseerde AI-begeleiding.\" \/>\n<meta name=\"robots\" content=\"index, follow, max-snippet:-1, max-image-preview:large, max-video-preview:-1\" \/>\n<link rel=\"canonical\" href=\"https:\/\/talkpal.ai\/nl\/letse-grammatica\/\" \/>\n<meta property=\"og:locale\" content=\"nl_NL\" \/>\n<meta property=\"og:type\" content=\"article\" \/>\n<meta property=\"og:title\" content=\"Letse grammatica\" \/>\n<meta property=\"og:description\" content=\"De ultieme gids voor de Letse grammatica: navigeren door de fijne kneepjes van een unieke taal De Letse grammatica biedt, net als de taal zelf, een rijk\" \/>\n<meta property=\"og:url\" content=\"https:\/\/talkpal.ai\/nl\/letse-grammatica\/\" \/>\n<meta property=\"og:site_name\" content=\"Talkpal\" \/>\n<meta property=\"article:publisher\" content=\"https:\/\/www.facebook.com\/profile.php?id=100090733639311\" \/>\n<meta property=\"article:modified_time\" content=\"2025-12-17T17:13:14+00:00\" \/>\n<meta property=\"og:image\" content=\"https:\/\/talkpal.ai\/wp-content\/uploads\/2023\/05\/latvia.png\" \/>\n\t<meta property=\"og:image:width\" content=\"512\" \/>\n\t<meta property=\"og:image:height\" content=\"512\" \/>\n\t<meta property=\"og:image:type\" content=\"image\/png\" \/>\n<meta name=\"twitter:card\" content=\"summary_large_image\" \/>\n<meta name=\"twitter:site\" content=\"@talkpalai\" \/>\n<meta name=\"twitter:label1\" content=\"Geschatte leestijd\" \/>\n\t<meta name=\"twitter:data1\" content=\"4 minuten\" \/>\n<script type=\"application\/ld+json\" class=\"yoast-schema-graph\">{\"@context\":\"https:\/\/schema.org\",\"@graph\":[{\"@type\":\"WebPage\",\"@id\":\"https:\/\/talkpal.ai\/nl\/letse-grammatica\/\",\"url\":\"https:\/\/talkpal.ai\/nl\/letse-grammatica\/\",\"name\":\"Letse grammatica - Talkpal\",\"isPartOf\":{\"@id\":\"https:\/\/talkpal.ai\/nl\/#website\"},\"primaryImageOfPage\":{\"@id\":\"https:\/\/talkpal.ai\/nl\/letse-grammatica\/#primaryimage\"},\"image\":{\"@id\":\"https:\/\/talkpal.ai\/nl\/letse-grammatica\/#primaryimage\"},\"thumbnailUrl\":\"https:\/\/talkpal.ai\/wp-content\/uploads\/2023\/05\/latvia.png\",\"datePublished\":\"2023-05-14T14:10:24+00:00\",\"dateModified\":\"2025-12-17T17:13:14+00:00\",\"description\":\"Leer zelfverzekerd de Letse grammatica - leer de regels, oefen het gebruik en verbeter de nauwkeurigheid van de taal gemakkelijk met Talkpalgepersonaliseerde AI-begeleiding.\",\"breadcrumb\":{\"@id\":\"https:\/\/talkpal.ai\/nl\/letse-grammatica\/#breadcrumb\"},\"inLanguage\":\"nl-NL\",\"potentialAction\":[{\"@type\":\"ReadAction\",\"target\":[\"https:\/\/talkpal.ai\/nl\/letse-grammatica\/\"]}]},{\"@type\":\"ImageObject\",\"inLanguage\":\"nl-NL\",\"@id\":\"https:\/\/talkpal.ai\/nl\/letse-grammatica\/#primaryimage\",\"url\":\"https:\/\/talkpal.ai\/wp-content\/uploads\/2023\/05\/latvia.png\",\"contentUrl\":\"https:\/\/talkpal.ai\/wp-content\/uploads\/2023\/05\/latvia.png\",\"width\":512,\"height\":512},{\"@type\":\"BreadcrumbList\",\"@id\":\"https:\/\/talkpal.ai\/nl\/letse-grammatica\/#breadcrumb\",\"itemListElement\":[{\"@type\":\"ListItem\",\"position\":1,\"name\":\"Homepage\",\"item\":\"https:\/\/talkpal.ai\/nl\/\"},{\"@type\":\"ListItem\",\"position\":2,\"name\":\"Letse grammatica\"}]},{\"@type\":\"WebSite\",\"@id\":\"https:\/\/talkpal.ai\/nl\/#website\",\"url\":\"https:\/\/talkpal.ai\/nl\/\",\"name\":\"Talkpal\",\"description\":\"AI Language Learning\",\"publisher\":{\"@id\":\"https:\/\/talkpal.ai\/nl\/#organization\"},\"alternateName\":\"Talkpal AI\",\"potentialAction\":[{\"@type\":\"SearchAction\",\"target\":{\"@type\":\"EntryPoint\",\"urlTemplate\":\"https:\/\/talkpal.ai\/nl\/?s={search_term_string}\"},\"query-input\":{\"@type\":\"PropertyValueSpecification\",\"valueRequired\":true,\"valueName\":\"search_term_string\"}}],\"inLanguage\":\"nl-NL\"},{\"@type\":\"Organization\",\"@id\":\"https:\/\/talkpal.ai\/nl\/#organization\",\"name\":\"Talkpal, Inc.\",\"alternateName\":\"Talkpal AI\",\"url\":\"https:\/\/talkpal.ai\/nl\/\",\"logo\":{\"@type\":\"ImageObject\",\"inLanguage\":\"nl-NL\",\"@id\":\"https:\/\/talkpal.ai\/nl\/#\/schema\/logo\/image\/\",\"url\":\"https:\/\/talkpal.ai\/wp-content\/uploads\/2024\/03\/Talkpal-Logo-Icon.png\",\"contentUrl\":\"https:\/\/talkpal.ai\/wp-content\/uploads\/2024\/03\/Talkpal-Logo-Icon.png\",\"width\":2880,\"height\":2880,\"caption\":\"Talkpal, Inc.\"},\"image\":{\"@id\":\"https:\/\/talkpal.ai\/nl\/#\/schema\/logo\/image\/\"},\"sameAs\":[\"https:\/\/www.facebook.com\/profile.php?id=100090733639311\",\"https:\/\/x.com\/talkpalai\",\"https:\/\/www.linkedin.com\/company\/talkpal\/\",\"https:\/\/www.youtube.com\/@TalkPal\/\",\"https:\/\/www.tiktok.com\/@talkpal\",\"https:\/\/www.instagram.com\/talkpal_ai\/\",\"https:\/\/www.crunchbase.com\/organization\/talkpal-9cde\",\"https:\/\/www.g2.com\/products\/talkpal-for-business\/\",\"https:\/\/www.trustpilot.com\/review\/talkpal.ai\",\"https:\/\/www.capterra.com\/p\/10006800\/TalkPal\/\"],\"description\":\"Talkpal is a language learning web and mobile education app, powered by the latest AI technologies, that provides engaging experiences to its customers in many different languages to help them improve their language skills. Users can chat about unlimited amount of topics with the app and use other modes to practice their language learning.\",\"email\":\"support@talkpal.ai\",\"legalName\":\"Talkpal, Inc.\",\"foundingDate\":\"2023-04-03\",\"duns\":\"118989042\",\"numberOfEmployees\":{\"@type\":\"QuantitativeValue\",\"minValue\":\"11\",\"maxValue\":\"50\"},\"publishingPrinciples\":\"https:\/\/talkpal.ai\/publishing-principles\/\",\"actionableFeedbackPolicy\":\"https:\/\/talkpal.ai\/actionable-feedback-policy\/\",\"correctionsPolicy\":\"https:\/\/talkpal.ai\/corrections-policy\/\",\"ethicsPolicy\":\"https:\/\/talkpal.ai\/ethics-policy\/\",\"diversityPolicy\":\"https:\/\/talkpal.ai\/diversity-policy\/\",\"diversityStaffingReport\":\"https:\/\/talkpal.ai\/diversity-policy\/\"}]}<\/script>\n<!-- \/ Yoast SEO Premium plugin. -->","yoast_head_json":{"title":"Letse grammatica - Talkpal","description":"Leer zelfverzekerd de Letse grammatica - leer de regels, oefen het gebruik en verbeter de nauwkeurigheid van de taal gemakkelijk met Talkpalgepersonaliseerde AI-begeleiding.","robots":{"index":"index","follow":"follow","max-snippet":"max-snippet:-1","max-image-preview":"max-image-preview:large","max-video-preview":"max-video-preview:-1"},"canonical":"https:\/\/talkpal.ai\/nl\/letse-grammatica\/","og_locale":"nl_NL","og_type":"article","og_title":"Letse grammatica","og_description":"De ultieme gids voor de Letse grammatica: navigeren door de fijne kneepjes van een unieke taal De Letse grammatica biedt, net als de taal zelf, een rijk","og_url":"https:\/\/talkpal.ai\/nl\/letse-grammatica\/","og_site_name":"Talkpal","article_publisher":"https:\/\/www.facebook.com\/profile.php?id=100090733639311","article_modified_time":"2025-12-17T17:13:14+00:00","og_image":[{"width":512,"height":512,"url":"https:\/\/talkpal.ai\/wp-content\/uploads\/2023\/05\/latvia.png","type":"image\/png"}],"twitter_card":"summary_large_image","twitter_site":"@talkpalai","twitter_misc":{"Geschatte leestijd":"4 minuten"},"schema":{"@context":"https:\/\/schema.org","@graph":[{"@type":"WebPage","@id":"https:\/\/talkpal.ai\/nl\/letse-grammatica\/","url":"https:\/\/talkpal.ai\/nl\/letse-grammatica\/","name":"Letse grammatica - Talkpal","isPartOf":{"@id":"https:\/\/talkpal.ai\/nl\/#website"},"primaryImageOfPage":{"@id":"https:\/\/talkpal.ai\/nl\/letse-grammatica\/#primaryimage"},"image":{"@id":"https:\/\/talkpal.ai\/nl\/letse-grammatica\/#primaryimage"},"thumbnailUrl":"https:\/\/talkpal.ai\/wp-content\/uploads\/2023\/05\/latvia.png","datePublished":"2023-05-14T14:10:24+00:00","dateModified":"2025-12-17T17:13:14+00:00","description":"Leer zelfverzekerd de Letse grammatica - leer de regels, oefen het gebruik en verbeter de nauwkeurigheid van de taal gemakkelijk met Talkpalgepersonaliseerde AI-begeleiding.","breadcrumb":{"@id":"https:\/\/talkpal.ai\/nl\/letse-grammatica\/#breadcrumb"},"inLanguage":"nl-NL","potentialAction":[{"@type":"ReadAction","target":["https:\/\/talkpal.ai\/nl\/letse-grammatica\/"]}]},{"@type":"ImageObject","inLanguage":"nl-NL","@id":"https:\/\/talkpal.ai\/nl\/letse-grammatica\/#primaryimage","url":"https:\/\/talkpal.ai\/wp-content\/uploads\/2023\/05\/latvia.png","contentUrl":"https:\/\/talkpal.ai\/wp-content\/uploads\/2023\/05\/latvia.png","width":512,"height":512},{"@type":"BreadcrumbList","@id":"https:\/\/talkpal.ai\/nl\/letse-grammatica\/#breadcrumb","itemListElement":[{"@type":"ListItem","position":1,"name":"Homepage","item":"https:\/\/talkpal.ai\/nl\/"},{"@type":"ListItem","position":2,"name":"Letse grammatica"}]},{"@type":"WebSite","@id":"https:\/\/talkpal.ai\/nl\/#website","url":"https:\/\/talkpal.ai\/nl\/","name":"Talkpal","description":"AI Language Learning","publisher":{"@id":"https:\/\/talkpal.ai\/nl\/#organization"},"alternateName":"Talkpal AI","potentialAction":[{"@type":"SearchAction","target":{"@type":"EntryPoint","urlTemplate":"https:\/\/talkpal.ai\/nl\/?s={search_term_string}"},"query-input":{"@type":"PropertyValueSpecification","valueRequired":true,"valueName":"search_term_string"}}],"inLanguage":"nl-NL"},{"@type":"Organization","@id":"https:\/\/talkpal.ai\/nl\/#organization","name":"Talkpal, Inc.","alternateName":"Talkpal AI","url":"https:\/\/talkpal.ai\/nl\/","logo":{"@type":"ImageObject","inLanguage":"nl-NL","@id":"https:\/\/talkpal.ai\/nl\/#\/schema\/logo\/image\/","url":"https:\/\/talkpal.ai\/wp-content\/uploads\/2024\/03\/Talkpal-Logo-Icon.png","contentUrl":"https:\/\/talkpal.ai\/wp-content\/uploads\/2024\/03\/Talkpal-Logo-Icon.png","width":2880,"height":2880,"caption":"Talkpal, Inc."},"image":{"@id":"https:\/\/talkpal.ai\/nl\/#\/schema\/logo\/image\/"},"sameAs":["https:\/\/www.facebook.com\/profile.php?id=100090733639311","https:\/\/x.com\/talkpalai","https:\/\/www.linkedin.com\/company\/talkpal\/","https:\/\/www.youtube.com\/@TalkPal\/","https:\/\/www.tiktok.com\/@talkpal","https:\/\/www.instagram.com\/talkpal_ai\/","https:\/\/www.crunchbase.com\/organization\/talkpal-9cde","https:\/\/www.g2.com\/products\/talkpal-for-business\/","https:\/\/www.trustpilot.com\/review\/talkpal.ai","https:\/\/www.capterra.com\/p\/10006800\/TalkPal\/"],"description":"Talkpal is a language learning web and mobile education app, powered by the latest AI technologies, that provides engaging experiences to its customers in many different languages to help them improve their language skills. Users can chat about unlimited amount of topics with the app and use other modes to practice their language learning.","email":"support@talkpal.ai","legalName":"Talkpal, Inc.","foundingDate":"2023-04-03","duns":"118989042","numberOfEmployees":{"@type":"QuantitativeValue","minValue":"11","maxValue":"50"},"publishingPrinciples":"https:\/\/talkpal.ai\/publishing-principles\/","actionableFeedbackPolicy":"https:\/\/talkpal.ai\/actionable-feedback-policy\/","correctionsPolicy":"https:\/\/talkpal.ai\/corrections-policy\/","ethicsPolicy":"https:\/\/talkpal.ai\/ethics-policy\/","diversityPolicy":"https:\/\/talkpal.ai\/diversity-policy\/","diversityStaffingReport":"https:\/\/talkpal.ai\/diversity-policy\/"}]}},"_links":{"self":[{"href":"https:\/\/talkpal.ai\/nl\/wp-json\/wp\/v2\/pages\/145814","targetHints":{"allow":["GET"]}}],"collection":[{"href":"https:\/\/talkpal.ai\/nl\/wp-json\/wp\/v2\/pages"}],"about":[{"href":"https:\/\/talkpal.ai\/nl\/wp-json\/wp\/v2\/types\/page"}],"author":[{"embeddable":true,"href":"https:\/\/talkpal.ai\/nl\/wp-json\/wp\/v2\/users\/1"}],"replies":[{"embeddable":true,"href":"https:\/\/talkpal.ai\/nl\/wp-json\/wp\/v2\/comments?post=145814"}],"version-history":[{"count":0,"href":"https:\/\/talkpal.ai\/nl\/wp-json\/wp\/v2\/pages\/145814\/revisions"}],"wp:featuredmedia":[{"embeddable":true,"href":"https:\/\/talkpal.ai\/nl\/wp-json\/wp\/v2\/media\/28442"}],"wp:attachment":[{"href":"https:\/\/talkpal.ai\/nl\/wp-json\/wp\/v2\/media?parent=145814"}],"curies":[{"name":"wp","href":"https:\/\/api.w.org\/{rel}","templated":true}]}}