{"id":143425,"date":"2023-05-14T14:03:07","date_gmt":"2023-05-14T14:03:07","guid":{"rendered":"http:\/\/talkpal.ai\/tsjechische-grammatica\/"},"modified":"2025-12-13T15:24:06","modified_gmt":"2025-12-13T15:24:06","slug":"tsjechische-grammatica","status":"publish","type":"page","link":"https:\/\/talkpal.ai\/nl\/tsjechische-grammatica\/","title":{"rendered":"Tsjechische grammatica"},"content":{"rendered":"\r\n\r\n\r\n<section class=\"languageChallengeSection\">\r\n    <div class=\"languageInfoWrapper\">\r\n        \r\n        <h1>Tsjechische grammatica<\/h1>\r\n        <p>Ontdek de fijne kneepjes <a href=\"https:\/\/talkpal.ai\/locations\/language-courses-in-van\/\">van<\/a> de <a href=\"https:\/\/talkpal.ai\/nl\/grammar\/eenvoudig-versus-progressief-in-de-tsjechische-grammatica\/\">Tsjechische grammatica<\/a> en open de deur naar een beter begrip van deze Centraal-Europese taal. Door de essenti\u00eble regels en patronen onder de knie te krijgen, communiceer je effectiever en krijg je meer inzicht in de Tsjechische cultuur. Begin vandaag nog met het leren van Tsjechische <a href=\"https:\/\/talkpal.ai\/grammar\/\">grammatica<\/a> en zet je eerste stap op weg naar vloeiendheid!<\/p>\r\n\r\n                            <a class=\"getStartedHidden\" href=\"https:\/\/app.talkpal.ai\/nl\/signup?lng=\">Ga aan de slag<\/a>\r\n        \r\n    <\/div>\r\n\r\n    <figure>\r\n    <img decoding=\"async\" width=\"768\" height=\"768\" src=\"https:\/\/talkpal.ai\/wp-content\/uploads\/2023\/06\/Czech-768x768.png\" class=\"languageImage no-lazy\" alt=\"Default alt text\" fetchpriority=\"high\" sizes=\"(max-width: 768px) 150px, 768px\" srcset=\"https:\/\/talkpal.ai\/wp-content\/uploads\/2023\/06\/Czech-768x768.png 768w, https:\/\/talkpal.ai\/wp-content\/uploads\/2023\/06\/Czech-300x300.png 300w\" \/>\r\n    \r\n\r\n    <\/figure>\r\n\r\n            <a class=\"getStartedVisible\" href=\"https:\/\/app.talkpal.ai\/nl\/signup?lng=\">Ga aan de slag<\/a>\r\n    \r\n<\/section>\r\n        <section class=\"grammarSection\">\r\n            <div class=\"grammarLinks\">\r\n                <a href=\"https:\/\/talkpal.ai\/nl\/language\/artikelen-tsjechische-grammatica\/\">Artikelen <\/a><a href=\"https:\/\/talkpal.ai\/nl\/language\/bijvoeglijke-naamwoorden-tsjechische-grammatica\/\">Bijvoeglijke naamwoorden <\/a><a href=\"https:\/\/talkpal.ai\/nl\/language\/bijwoorden-tsjechische-grammatica\/\">Bijwoorden <\/a><a href=\"https:\/\/talkpal.ai\/nl\/language\/gespannen-vergelijking-tsjechische-grammatica\/\">Gespannen vergelijking <\/a><a href=\"https:\/\/talkpal.ai\/nl\/language\/perfect-progressive-tsjechische-grammatica\/\">Perfect Progressive <\/a><a href=\"https:\/\/talkpal.ai\/nl\/language\/progressief-tsjechische-grammatica\/\">Progressief <\/a><a href=\"https:\/\/talkpal.ai\/nl\/language\/tijden-tsjechische-grammatica\/\">Tijden <\/a><a href=\"https:\/\/talkpal.ai\/nl\/language\/voornaamwoorden-determinanten-tsjechische-grammatica\/\">Voornaamwoorden\/determinanten <\/a><a href=\"https:\/\/talkpal.ai\/nl\/language\/voorwaardelijke-taal-tsjechische-grammatica\/\">Voorwaardelijke taal <\/a><a href=\"https:\/\/talkpal.ai\/nl\/language\/voorzetsels-tsjechische-grammatica\/\">Voorzetsels <\/a><a href=\"https:\/\/talkpal.ai\/nl\/language\/werkwoorden-tsjechische-grammatica\/\">Werkwoorden <\/a><a href=\"https:\/\/talkpal.ai\/nl\/language\/zelfstandige-naamwoorden-tsjechische-grammatica\/\">Zelfstandige naamwoorden <\/a><a href=\"https:\/\/talkpal.ai\/nl\/language\/zinnen-tsjechische-grammatica\/\">Zinnen <\/a>            <\/div>\r\n        <\/section>\r\n    <section class=\"promotionalBanner\">\r\n    <p class=\"promotionalText\">De meest effici\u00ebnte manier om een taal te leren<\/p>\r\n    <a class=\"promotionalLink\" href=\"https:\/\/app.talkpal.ai\/nl\/signup?lng=\">Probeer Talkpal gratis<\/a>\r\n<\/section>\n<div class=\"wp-block-group pageContainerStyle\"><div class=\"wp-block-group__inner-container is-layout-constrained wp-block-group-is-layout-constrained\">\n<h2 class=\"wp-block-heading\" id=\"h-czech-grammar-making-sense-of-the-czech-language-s-unique-structure\">Tsjechische grammatica: de unieke structuur van de Tsjechische taal begrijpen<\/h2>\n\n\n\n<p>Als je ooit hebt geprobeerd <a href=\"https:\/\/talkpal.ai\/learn-czech\/\">Tsjechisch<\/a> te leren &#8211; of zelfs maar een Tsjechisch artikel of boek hebt doorgelezen &#8211; heb je waarschijnlijk gemerkt dat de grammatica behoorlijk lastig kan zijn. De Tsjechische grammatica wordt algemeen beschouwd als een van de meest complexe taalsystemen en heeft veel buitenlandse <a href=\"https:\/\/talkpal.ai\/talkpal-discount-for-students\/\">studenten<\/a> verbijsterd. Maar laat je daardoor niet intimideren! De eigenaardigheden van de Tsjechische grammatica maken het fascinerend en uniek. In dit artikel demystificeren we enkele belangrijke elementen van de Tsjechische grammatica op een conversatiegerichte manier, zodat je deze prachtige taal beter leert begrijpen.<\/p>\n\n\n\n<h3 class=\"wp-block-heading\" id=\"h-1-nouns-declensions-and-cases-galore\">1. Zelfstandige naamwoorden &#8211; Verbuigingen en naamvallen in overvloed!<\/h3>\n\n\n\n<p>Een van de eerste dingen die je opvalt aan de Tsjechische grammatica zijn de naamwoordelijke declinaties. Een verbuiging is een groep <a href=\"https:\/\/talkpal.ai\/nl\/grammar\/overeenkomst-met-zelfstandige-naamwoorden-geslacht-en-getal-in-authentieke-grammatica\/\">zelfstandige naamwoorden<\/a> met vergelijkbare grammaticale kenmerken, en het Tsjechisch heeft maximaal 14 verschillende verbuigingen. Hoe is dat voor variatie? Elke verbuiging heeft een specifiek patroon voor het weergeven van enkelvoudige en meervoudige zelfstandige naamwoordvormen.<\/p>\n\n\n\n<p>Tsjechische zelfstandige naamwoorden hebben ook zeven verschillende naamvallen: nominatief, genitief, datief, accusatief, vocatief, locatief en instrumenteel. Hoewel zo&#8217;n aantal misschien ontmoedigend lijkt, is het essentieel om over deze gevallen te leren omdat ze cruciaal zijn in het overbrengen van betekenis. In het Tsjechisch is de woordvolgorde bijvoorbeeld niet zo kritisch als in het Engels &#8211; het zijn de gevallen die relaties tussen woorden aangeven.<\/p>\n\n\n\n<h3 class=\"wp-block-heading\" id=\"h-2-adjectives-agreeing-with-nouns\">2. Bijvoeglijke naamwoorden &#8211; Eens met zelfstandige naamwoorden<\/h3>\n\n\n\n<p>Tsjechische bijvoeglijke naamwoorden hebben een speciale plicht: ze moeten overeenkomen met de zelfstandige naamwoorden die ze wijzigen in geslacht, aantal en hoofdletter. Zie het als een dynamisch duo, de grammaticatango, waarbij de ene helft zich gracieus aanpast om de andere aan te vullen. Deze overeenkomst helpt om harmonie in zinnen te cre\u00ebren en verhoogt de duidelijkheid.<\/p>\n\n\n\n<p>Het woord voor &#8220;mooi&#8221; in het Tsjechisch is bijvoorbeeld &#8220;kr\u00e1sn\u00fd&#8221;. Als je een mooi huis (d\u016fm) beschrijft, wat mannelijk is, gebruik je &#8220;kr\u00e1sn\u00fd d\u016fm&#8221;. Voor een mooi meisje (d\u00edvka), dat vrouwelijk is, wordt het &#8220;kr\u00e1sn\u00e1 d\u00edvka&#8221;. En voor een mooie dag (den), wat onzijdig is, zeg je &#8220;kr\u00e1sn\u00fd den&#8221;. Zie je hoe het bijvoeglijk naamwoord meedanst met het zelfstandig naamwoord?<\/p>\n\n\n\n<h3 class=\"wp-block-heading\" id=\"h-3-verbs-the-art-of-conjugation\">3. Werkwoorden \u2013 De kunst van het vervoegen<\/h3>\n\n\n\n<p>In het Tsjechisch gaat de kunst van de vervoeging \u2013 dat wil zeggen het veranderen van werkwoordsvormen op basis van tijd, stemming en persoon \u2013 een eigen leven leiden. Tsjechische werkwoorden vallen uiteen in twee categorie\u00ebn: perfectief en imperfectief. Perfectieve werkwoorden geven aan dat een actie is voltooid, terwijl imperfectieve werkwoorden lopende of gebruikelijke acties suggereren.  <\/p>\n\n\n\n<p>De Tsjechische grammatica heeft een aantal spannende eigenaardigheden als het gaat om werkwoorden. De toekomende tijd wordt bijvoorbeeld alleen regelmatig gevormd voor imperfectieve werkwoorden. Voor perfectieve werkwoorden versmelt het met de tegenwoordige tijd! In plaats van een specifieke passieve vorm te hebben, bevat het Tsjechisch ook passieve constructies met behulp van hulpwerkwoorden. Laten we ook de Tsjechische wederkerende werkwoorden niet vergeten, waarbij handelingen terugkaatsen naar het onderwerp, wat nog een laag nuance toevoegt aan deze intrigerende taal.<\/p>\n\n\n\n<h3 class=\"wp-block-heading\" id=\"h-4-pronouns-the-mirror-of-linguistic-diversity\">4. Voornaamwoorden: de spiegel van taalkundige diversiteit<\/h3>\n\n\n\n<p>Voornaamwoorden in de Tsjechische grammatica &#8211; we hebben het over persoonlijke, bezittelijke, aanwijzende, vragende en relatieve voornaamwoorden &#8211; vertonen allemaal dezelfde diversiteit als andere spraakdelen. Ook zij moeten qua geslacht, aantal en naamval overeenkomen met de zelfstandige naamwoorden die ze vervangen of waarnaar ze verwijzen.<\/p>\n\n\n\n<p>Als je het bijvoorbeeld hebt over een boek dat je leuk vindt, zeg je &#8220;M\u00e1m r\u00e1d tu knihu&#8221; (Ik vind dat boek leuk). Hier is &#8220;tu&#8221; de vrouwelijke vorm van het aanwijzend voornaamwoord &#8220;dat&#8221;, dat overeenkomt met &#8220;kniha&#8221; (boek), dat ook vrouwelijk is.<\/p>\n\n\n\n<h3 class=\"wp-block-heading\" id=\"h-5-embracing-the-challenge\">5. De uitdaging aangaan<\/h3>\n\n\n\n<p>Tsjechische grammatica kan verbijsterend en intimiderend zijn, maar het is ook wat deze fascinerende taal zo bijzonder maakt. Ga de uitdaging niet uit de weg! Onthoud dat het er niet om gaat dat je alles in \u00e9\u00e9n keer onder de knie hebt, maar dat je stap voor stap vooruitgang boekt. Neem de tijd om het unieke systeem van de Tsjechische grammatica te begrijpen en je zult goed op weg zijn om deze prachtige, complexe taal onder de knie te krijgen. En als je de heerlijke nuances die de Tsjechische grammatica te bieden heeft omarmt, zul je ongetwijfeld een nieuwe waardering voor de fijne kneepjes ervan ontdekken. Veel plezier met leren!<\/p>\n<\/div><\/div>\n\r\n<section class=\"learnNavigationSection\">\r\n            \r\n        <a href=\"https:\/\/talkpal.ai\/nl\/tsjechisch-leren\/\">\r\n            <div class=\"learnNavigationWrapper\">\r\n                <div class=\"learnNavigationContent\">\r\n                    <img decoding=\"async\" src=\"https:\/\/talkpal.ai\/wp-content\/uploads\/2024\/08\/Czech.jpg\" alt=\"Czech Flag\">\r\n                    <div>\r\n                        <h4>Over Tsjechisch leren<\/h4>\r\n                        <p>Ontdek alles over Tsjechische grammatica.<\/p>\r\n                    <\/div>\r\n                <\/div>\r\n            <\/div>\r\n        <\/a>\r\n\r\n        \r\n        <a href=\"https:\/\/talkpal.ai\/nl\/tsjechische-grammatica-oefeningen\/\">\r\n            <div class=\"learnNavigationWrapper\">\r\n                <div class=\"learnNavigationContent\">\r\n                    <img decoding=\"async\" src=\"https:\/\/talkpal.ai\/wp-content\/uploads\/2024\/08\/Czech.jpg\" alt=\"Czech Flag\">\r\n                    <div>\r\n                        <h4>Oefening Tsjechische grammatica<\/h4>\r\n                        <p>Oefen de Tsjechische grammatica.<\/p>\r\n                    <\/div>\r\n                <\/div>\r\n            <\/div>\r\n        <\/a>\r\n\r\n        \r\n        <a href=\"https:\/\/talkpal.ai\/vocabulary_language\/czech\/\">\r\n            <div class=\"learnNavigationWrapper\">\r\n                <div class=\"learnNavigationContent\">\r\n                    <img decoding=\"async\" src=\"https:\/\/talkpal.ai\/wp-content\/uploads\/2024\/08\/Czech.jpg\" alt=\"Czech Flag\">\r\n                    <div>\r\n                        <h4>Tsjechische woordenschat<\/h4>\r\n                        <p>Breid je Tsjechische woordenschat uit.<\/p>\r\n                    <\/div>\r\n                <\/div>\r\n            <\/div>\r\n        <\/a>\r\n\r\n            <\/section>","protected":false},"excerpt":{"rendered":"<p>Tsjechische grammatica: de unieke structuur van de Tsjechische taal begrijpen Als je ooit hebt geprobeerd Tsjechisch te leren &#8211; of zelfs maar een Tsjechisch artikel of boek hebt doorgelezen &#8211; heb je waarschijnlijk gemerkt dat de grammatica behoorlijk lastig kan zijn. De Tsjechische grammatica wordt algemeen beschouwd als een van de meest complexe taalsystemen en [&hellip;]<\/p>\n","protected":false},"author":1,"featured_media":28266,"parent":0,"menu_order":0,"comment_status":"closed","ping_status":"closed","template":"LearningContentPage.php","meta":{"_acf_changed":false,"footnotes":""},"class_list":["post-143425","page","type-page","status-publish","has-post-thumbnail","hentry"],"acf":[],"yoast_head":"<!-- This site is optimized with the Yoast SEO Premium plugin v27.2 (Yoast SEO v27.2) - https:\/\/yoast.com\/product\/yoast-seo-premium-wordpress\/ -->\n<title>Tsjechische grammatica - Talkpal<\/title>\n<meta name=\"description\" content=\"Ontdek de geheimen van de Tsjechische grammatica. Leer meer over de unieke complexiteit ervan en hoe je zelfstandig naamwoorddeclensies effectief kunt beheersen.\" \/>\n<meta name=\"robots\" content=\"index, follow, max-snippet:-1, max-image-preview:large, max-video-preview:-1\" \/>\n<link rel=\"canonical\" href=\"https:\/\/talkpal.ai\/nl\/tsjechische-grammatica\/\" \/>\n<meta property=\"og:locale\" content=\"nl_NL\" \/>\n<meta property=\"og:type\" content=\"article\" \/>\n<meta property=\"og:title\" content=\"Tsjechische grammatica\" \/>\n<meta property=\"og:description\" content=\"Tsjechische grammatica: de unieke structuur van de Tsjechische taal begrijpen Als je ooit hebt geprobeerd Tsjechisch te leren - of zelfs maar een\" \/>\n<meta property=\"og:url\" content=\"https:\/\/talkpal.ai\/nl\/tsjechische-grammatica\/\" \/>\n<meta property=\"og:site_name\" content=\"Talkpal\" \/>\n<meta property=\"article:publisher\" content=\"https:\/\/www.facebook.com\/profile.php?id=100090733639311\" \/>\n<meta property=\"article:modified_time\" content=\"2025-12-13T15:24:06+00:00\" \/>\n<meta property=\"og:image\" content=\"https:\/\/talkpal.ai\/wp-content\/uploads\/2023\/05\/czech-republic.png\" \/>\n\t<meta property=\"og:image:width\" content=\"512\" \/>\n\t<meta property=\"og:image:height\" content=\"512\" \/>\n\t<meta property=\"og:image:type\" content=\"image\/png\" \/>\n<meta name=\"twitter:card\" content=\"summary_large_image\" \/>\n<meta name=\"twitter:site\" content=\"@talkpalai\" \/>\n<meta name=\"twitter:label1\" content=\"Geschatte leestijd\" \/>\n\t<meta name=\"twitter:data1\" content=\"4 minuten\" \/>\n<script type=\"application\/ld+json\" class=\"yoast-schema-graph\">{\"@context\":\"https:\/\/schema.org\",\"@graph\":[{\"@type\":\"WebPage\",\"@id\":\"https:\/\/talkpal.ai\/nl\/tsjechische-grammatica\/\",\"url\":\"https:\/\/talkpal.ai\/nl\/tsjechische-grammatica\/\",\"name\":\"Tsjechische grammatica - Talkpal\",\"isPartOf\":{\"@id\":\"https:\/\/talkpal.ai\/nl\/#website\"},\"primaryImageOfPage\":{\"@id\":\"https:\/\/talkpal.ai\/nl\/tsjechische-grammatica\/#primaryimage\"},\"image\":{\"@id\":\"https:\/\/talkpal.ai\/nl\/tsjechische-grammatica\/#primaryimage\"},\"thumbnailUrl\":\"https:\/\/talkpal.ai\/wp-content\/uploads\/2023\/05\/czech-republic.png\",\"datePublished\":\"2023-05-14T14:03:07+00:00\",\"dateModified\":\"2025-12-13T15:24:06+00:00\",\"description\":\"Ontdek de geheimen van de Tsjechische grammatica. Leer meer over de unieke complexiteit ervan en hoe je zelfstandig naamwoorddeclensies effectief kunt beheersen.\",\"breadcrumb\":{\"@id\":\"https:\/\/talkpal.ai\/nl\/tsjechische-grammatica\/#breadcrumb\"},\"inLanguage\":\"nl-NL\",\"potentialAction\":[{\"@type\":\"ReadAction\",\"target\":[\"https:\/\/talkpal.ai\/nl\/tsjechische-grammatica\/\"]}]},{\"@type\":\"ImageObject\",\"inLanguage\":\"nl-NL\",\"@id\":\"https:\/\/talkpal.ai\/nl\/tsjechische-grammatica\/#primaryimage\",\"url\":\"https:\/\/talkpal.ai\/wp-content\/uploads\/2023\/05\/czech-republic.png\",\"contentUrl\":\"https:\/\/talkpal.ai\/wp-content\/uploads\/2023\/05\/czech-republic.png\",\"width\":512,\"height\":512},{\"@type\":\"BreadcrumbList\",\"@id\":\"https:\/\/talkpal.ai\/nl\/tsjechische-grammatica\/#breadcrumb\",\"itemListElement\":[{\"@type\":\"ListItem\",\"position\":1,\"name\":\"Homepage\",\"item\":\"https:\/\/talkpal.ai\/nl\/\"},{\"@type\":\"ListItem\",\"position\":2,\"name\":\"Tsjechische grammatica\"}]},{\"@type\":\"WebSite\",\"@id\":\"https:\/\/talkpal.ai\/nl\/#website\",\"url\":\"https:\/\/talkpal.ai\/nl\/\",\"name\":\"Talkpal\",\"description\":\"AI Language Learning\",\"publisher\":{\"@id\":\"https:\/\/talkpal.ai\/nl\/#organization\"},\"alternateName\":\"Talkpal AI\",\"potentialAction\":[{\"@type\":\"SearchAction\",\"target\":{\"@type\":\"EntryPoint\",\"urlTemplate\":\"https:\/\/talkpal.ai\/nl\/?s={search_term_string}\"},\"query-input\":{\"@type\":\"PropertyValueSpecification\",\"valueRequired\":true,\"valueName\":\"search_term_string\"}}],\"inLanguage\":\"nl-NL\"},{\"@type\":\"Organization\",\"@id\":\"https:\/\/talkpal.ai\/nl\/#organization\",\"name\":\"Talkpal, Inc.\",\"alternateName\":\"Talkpal AI\",\"url\":\"https:\/\/talkpal.ai\/nl\/\",\"logo\":{\"@type\":\"ImageObject\",\"inLanguage\":\"nl-NL\",\"@id\":\"https:\/\/talkpal.ai\/nl\/#\/schema\/logo\/image\/\",\"url\":\"https:\/\/talkpal.ai\/wp-content\/uploads\/2024\/03\/Talkpal-Logo-Icon.png\",\"contentUrl\":\"https:\/\/talkpal.ai\/wp-content\/uploads\/2024\/03\/Talkpal-Logo-Icon.png\",\"width\":2880,\"height\":2880,\"caption\":\"Talkpal, Inc.\"},\"image\":{\"@id\":\"https:\/\/talkpal.ai\/nl\/#\/schema\/logo\/image\/\"},\"sameAs\":[\"https:\/\/www.facebook.com\/profile.php?id=100090733639311\",\"https:\/\/x.com\/talkpalai\",\"https:\/\/www.linkedin.com\/company\/talkpal\/\",\"https:\/\/www.youtube.com\/@TalkPal\/\",\"https:\/\/www.tiktok.com\/@talkpal\",\"https:\/\/www.instagram.com\/talkpal_ai\/\",\"https:\/\/www.crunchbase.com\/organization\/talkpal-9cde\",\"https:\/\/www.g2.com\/products\/talkpal-for-business\/\",\"https:\/\/www.trustpilot.com\/review\/talkpal.ai\",\"https:\/\/www.capterra.com\/p\/10006800\/TalkPal\/\"],\"description\":\"Talkpal is a language learning web and mobile education app, powered by the latest AI technologies, that provides engaging experiences to its customers in many different languages to help them improve their language skills. Users can chat about unlimited amount of topics with the app and use other modes to practice their language learning.\",\"email\":\"support@talkpal.ai\",\"legalName\":\"Talkpal, Inc.\",\"foundingDate\":\"2023-04-03\",\"duns\":\"118989042\",\"numberOfEmployees\":{\"@type\":\"QuantitativeValue\",\"minValue\":\"11\",\"maxValue\":\"50\"},\"publishingPrinciples\":\"https:\/\/talkpal.ai\/publishing-principles\/\",\"actionableFeedbackPolicy\":\"https:\/\/talkpal.ai\/actionable-feedback-policy\/\",\"correctionsPolicy\":\"https:\/\/talkpal.ai\/corrections-policy\/\",\"ethicsPolicy\":\"https:\/\/talkpal.ai\/ethics-policy\/\",\"diversityPolicy\":\"https:\/\/talkpal.ai\/diversity-policy\/\",\"diversityStaffingReport\":\"https:\/\/talkpal.ai\/diversity-policy\/\"}]}<\/script>\n<!-- \/ Yoast SEO Premium plugin. -->","yoast_head_json":{"title":"Tsjechische grammatica - Talkpal","description":"Ontdek de geheimen van de Tsjechische grammatica. Leer meer over de unieke complexiteit ervan en hoe je zelfstandig naamwoorddeclensies effectief kunt beheersen.","robots":{"index":"index","follow":"follow","max-snippet":"max-snippet:-1","max-image-preview":"max-image-preview:large","max-video-preview":"max-video-preview:-1"},"canonical":"https:\/\/talkpal.ai\/nl\/tsjechische-grammatica\/","og_locale":"nl_NL","og_type":"article","og_title":"Tsjechische grammatica","og_description":"Tsjechische grammatica: de unieke structuur van de Tsjechische taal begrijpen Als je ooit hebt geprobeerd Tsjechisch te leren - of zelfs maar een","og_url":"https:\/\/talkpal.ai\/nl\/tsjechische-grammatica\/","og_site_name":"Talkpal","article_publisher":"https:\/\/www.facebook.com\/profile.php?id=100090733639311","article_modified_time":"2025-12-13T15:24:06+00:00","og_image":[{"width":512,"height":512,"url":"https:\/\/talkpal.ai\/wp-content\/uploads\/2023\/05\/czech-republic.png","type":"image\/png"}],"twitter_card":"summary_large_image","twitter_site":"@talkpalai","twitter_misc":{"Geschatte leestijd":"4 minuten"},"schema":{"@context":"https:\/\/schema.org","@graph":[{"@type":"WebPage","@id":"https:\/\/talkpal.ai\/nl\/tsjechische-grammatica\/","url":"https:\/\/talkpal.ai\/nl\/tsjechische-grammatica\/","name":"Tsjechische grammatica - Talkpal","isPartOf":{"@id":"https:\/\/talkpal.ai\/nl\/#website"},"primaryImageOfPage":{"@id":"https:\/\/talkpal.ai\/nl\/tsjechische-grammatica\/#primaryimage"},"image":{"@id":"https:\/\/talkpal.ai\/nl\/tsjechische-grammatica\/#primaryimage"},"thumbnailUrl":"https:\/\/talkpal.ai\/wp-content\/uploads\/2023\/05\/czech-republic.png","datePublished":"2023-05-14T14:03:07+00:00","dateModified":"2025-12-13T15:24:06+00:00","description":"Ontdek de geheimen van de Tsjechische grammatica. Leer meer over de unieke complexiteit ervan en hoe je zelfstandig naamwoorddeclensies effectief kunt beheersen.","breadcrumb":{"@id":"https:\/\/talkpal.ai\/nl\/tsjechische-grammatica\/#breadcrumb"},"inLanguage":"nl-NL","potentialAction":[{"@type":"ReadAction","target":["https:\/\/talkpal.ai\/nl\/tsjechische-grammatica\/"]}]},{"@type":"ImageObject","inLanguage":"nl-NL","@id":"https:\/\/talkpal.ai\/nl\/tsjechische-grammatica\/#primaryimage","url":"https:\/\/talkpal.ai\/wp-content\/uploads\/2023\/05\/czech-republic.png","contentUrl":"https:\/\/talkpal.ai\/wp-content\/uploads\/2023\/05\/czech-republic.png","width":512,"height":512},{"@type":"BreadcrumbList","@id":"https:\/\/talkpal.ai\/nl\/tsjechische-grammatica\/#breadcrumb","itemListElement":[{"@type":"ListItem","position":1,"name":"Homepage","item":"https:\/\/talkpal.ai\/nl\/"},{"@type":"ListItem","position":2,"name":"Tsjechische grammatica"}]},{"@type":"WebSite","@id":"https:\/\/talkpal.ai\/nl\/#website","url":"https:\/\/talkpal.ai\/nl\/","name":"Talkpal","description":"AI Language Learning","publisher":{"@id":"https:\/\/talkpal.ai\/nl\/#organization"},"alternateName":"Talkpal AI","potentialAction":[{"@type":"SearchAction","target":{"@type":"EntryPoint","urlTemplate":"https:\/\/talkpal.ai\/nl\/?s={search_term_string}"},"query-input":{"@type":"PropertyValueSpecification","valueRequired":true,"valueName":"search_term_string"}}],"inLanguage":"nl-NL"},{"@type":"Organization","@id":"https:\/\/talkpal.ai\/nl\/#organization","name":"Talkpal, Inc.","alternateName":"Talkpal AI","url":"https:\/\/talkpal.ai\/nl\/","logo":{"@type":"ImageObject","inLanguage":"nl-NL","@id":"https:\/\/talkpal.ai\/nl\/#\/schema\/logo\/image\/","url":"https:\/\/talkpal.ai\/wp-content\/uploads\/2024\/03\/Talkpal-Logo-Icon.png","contentUrl":"https:\/\/talkpal.ai\/wp-content\/uploads\/2024\/03\/Talkpal-Logo-Icon.png","width":2880,"height":2880,"caption":"Talkpal, Inc."},"image":{"@id":"https:\/\/talkpal.ai\/nl\/#\/schema\/logo\/image\/"},"sameAs":["https:\/\/www.facebook.com\/profile.php?id=100090733639311","https:\/\/x.com\/talkpalai","https:\/\/www.linkedin.com\/company\/talkpal\/","https:\/\/www.youtube.com\/@TalkPal\/","https:\/\/www.tiktok.com\/@talkpal","https:\/\/www.instagram.com\/talkpal_ai\/","https:\/\/www.crunchbase.com\/organization\/talkpal-9cde","https:\/\/www.g2.com\/products\/talkpal-for-business\/","https:\/\/www.trustpilot.com\/review\/talkpal.ai","https:\/\/www.capterra.com\/p\/10006800\/TalkPal\/"],"description":"Talkpal is a language learning web and mobile education app, powered by the latest AI technologies, that provides engaging experiences to its customers in many different languages to help them improve their language skills. Users can chat about unlimited amount of topics with the app and use other modes to practice their language learning.","email":"support@talkpal.ai","legalName":"Talkpal, Inc.","foundingDate":"2023-04-03","duns":"118989042","numberOfEmployees":{"@type":"QuantitativeValue","minValue":"11","maxValue":"50"},"publishingPrinciples":"https:\/\/talkpal.ai\/publishing-principles\/","actionableFeedbackPolicy":"https:\/\/talkpal.ai\/actionable-feedback-policy\/","correctionsPolicy":"https:\/\/talkpal.ai\/corrections-policy\/","ethicsPolicy":"https:\/\/talkpal.ai\/ethics-policy\/","diversityPolicy":"https:\/\/talkpal.ai\/diversity-policy\/","diversityStaffingReport":"https:\/\/talkpal.ai\/diversity-policy\/"}]}},"_links":{"self":[{"href":"https:\/\/talkpal.ai\/nl\/wp-json\/wp\/v2\/pages\/143425","targetHints":{"allow":["GET"]}}],"collection":[{"href":"https:\/\/talkpal.ai\/nl\/wp-json\/wp\/v2\/pages"}],"about":[{"href":"https:\/\/talkpal.ai\/nl\/wp-json\/wp\/v2\/types\/page"}],"author":[{"embeddable":true,"href":"https:\/\/talkpal.ai\/nl\/wp-json\/wp\/v2\/users\/1"}],"replies":[{"embeddable":true,"href":"https:\/\/talkpal.ai\/nl\/wp-json\/wp\/v2\/comments?post=143425"}],"version-history":[{"count":0,"href":"https:\/\/talkpal.ai\/nl\/wp-json\/wp\/v2\/pages\/143425\/revisions"}],"wp:featuredmedia":[{"embeddable":true,"href":"https:\/\/talkpal.ai\/nl\/wp-json\/wp\/v2\/media\/28266"}],"wp:attachment":[{"href":"https:\/\/talkpal.ai\/nl\/wp-json\/wp\/v2\/media?parent=143425"}],"curies":[{"name":"wp","href":"https:\/\/api.w.org\/{rel}","templated":true}]}}