{"id":142589,"date":"2023-05-14T14:01:53","date_gmt":"2023-05-14T14:01:53","guid":{"rendered":"http:\/\/talkpal.ai\/estse-grammatica\/"},"modified":"2025-12-13T15:31:55","modified_gmt":"2025-12-13T15:31:55","slug":"estse-grammatica","status":"publish","type":"page","link":"https:\/\/talkpal.ai\/nl\/estse-grammatica\/","title":{"rendered":"Estse grammatica"},"content":{"rendered":"\r\n\r\n\r\n<section class=\"languageChallengeSection\">\r\n    <div class=\"languageInfoWrapper\">\r\n        \r\n        <h1>Estse grammatica<\/h1>\r\n        <p>Denk je erover <a href=\"https:\/\/talkpal.ai\/learn-estonian\/\">Ests<\/a> te leren? Stap in de wereld <a href=\"https:\/\/talkpal.ai\/locations\/language-courses-in-van\/\">van<\/a> de <a href=\"https:\/\/talkpal.ai\/estonian-grammar\/\">Estse grammatica<\/a>, waar agglutinatie, klinkerharmonie en een breed scala aan naamvallen zorgen voor een unieke taalervaring. Begin vandaag nog met ontdekken &#8211; het beheersen van de Estse <a href=\"https:\/\/talkpal.ai\/grammar\/\">grammatica<\/a> zal niet alleen je spreekvaardigheid verbeteren, maar je ook in contact brengen met de rijke cultuur en geschiedenis van Estland!<\/p>\r\n\r\n                            <a class=\"getStartedHidden\" href=\"https:\/\/app.talkpal.ai\/nl\/signup?lng=\">Ga aan de slag<\/a>\r\n        \r\n    <\/div>\r\n\r\n    <figure>\r\n    <img decoding=\"async\" width=\"768\" height=\"768\" src=\"https:\/\/talkpal.ai\/wp-content\/uploads\/2023\/06\/Estonian-768x768.png\" class=\"languageImage no-lazy\" alt=\"Default alt text\" fetchpriority=\"high\" sizes=\"(max-width: 768px) 150px, 768px\" srcset=\"https:\/\/talkpal.ai\/wp-content\/uploads\/2023\/06\/Estonian-768x768.png 768w, https:\/\/talkpal.ai\/wp-content\/uploads\/2023\/06\/Estonian-300x300.png 300w\" \/>\r\n    \r\n\r\n    <\/figure>\r\n\r\n            <a class=\"getStartedVisible\" href=\"https:\/\/app.talkpal.ai\/nl\/signup?lng=\">Ga aan de slag<\/a>\r\n    \r\n<\/section>\r\n        <section class=\"grammarSection\">\r\n            <div class=\"grammarLinks\">\r\n                <a href=\"https:\/\/talkpal.ai\/nl\/language\/artikelen-estse-grammatica\/\">Artikelen <\/a><a href=\"https:\/\/talkpal.ai\/nl\/language\/bijvoeglijke-naamwoorden-estse-grammatica\/\">Bijvoeglijke naamwoorden <\/a><a href=\"https:\/\/talkpal.ai\/nl\/language\/bijwoorden-estse-grammatica\/\">Bijwoorden <\/a><a href=\"https:\/\/talkpal.ai\/nl\/language\/perfect-progressive-estse-grammatica\/\">Perfect Progressive <\/a><a href=\"https:\/\/talkpal.ai\/nl\/language\/progressief-estse-grammatica\/\">Progressief <\/a><a href=\"https:\/\/talkpal.ai\/nl\/language\/tijden-estse-grammatica\/\">Tijden <\/a><a href=\"https:\/\/talkpal.ai\/nl\/language\/vergelijking-van-de-tijd-estse-grammatica\/\">Vergelijking van de tijd <\/a><a href=\"https:\/\/talkpal.ai\/nl\/language\/voornaamwoorden-bepalers-estse-grammatica\/\">Voornaamwoorden\/bepalers <\/a><a href=\"https:\/\/talkpal.ai\/nl\/language\/voorwaardelijke-taal-estse-grammatica\/\">Voorwaardelijke taal <\/a><a href=\"https:\/\/talkpal.ai\/nl\/language\/voorzetsels-estse-grammatica\/\">Voorzetsels <\/a><a href=\"https:\/\/talkpal.ai\/nl\/language\/werkwoorden-estse-grammatica\/\">Werkwoorden <\/a><a href=\"https:\/\/talkpal.ai\/nl\/language\/zelfstandige-naamwoorden-estse-grammatica\/\">Zelfstandige naamwoorden <\/a><a href=\"https:\/\/talkpal.ai\/nl\/language\/zinnen-estse-grammatica\/\">Zinnen <\/a>            <\/div>\r\n        <\/section>\r\n    <section class=\"promotionalBanner\">\r\n    <p class=\"promotionalText\">De meest effici\u00ebnte manier om een taal te leren<\/p>\r\n    <a class=\"promotionalLink\" href=\"https:\/\/app.talkpal.ai\/nl\/signup?lng=\">Probeer Talkpal gratis<\/a>\r\n<\/section>\n<div class=\"wp-block-group pageContainerStyle\"><div class=\"wp-block-group__inner-container is-layout-constrained wp-block-group-is-layout-constrained\">\n<h2 class=\"wp-block-heading\" id=\"h-estonian-grammar-the-gateway-to-a-unique-language-journey\">Estse grammatica: de toegangspoort tot een unieke taalreis<\/h2>\n\n\n\n<p><a href=\"https:\/\/talkpal.ai\/locations\/language-courses-in-welkom\/\">Welkom<\/a> in de fascinerende wereld van het Ests! Met meer dan een miljoen moedertaalsprekers biedt het Ests u een unieke kans om uw taalkundige horizon te verbreden en een levendige cultuur te ontdekken. Hoewel de complexiteit van de Estse grammatica op het eerste gezicht ontmoedigend kan lijken, is deze vriendelijke beginnersgids er om de fundamenten van de Estse grammatica op een eenvoudige en boeiende manier uit te leggen.<\/p>\n\n\n\n<h3 class=\"wp-block-heading\" id=\"h-1-embracing-the-estonian-alphabet\">1. Het Estse alfabet omarmen<\/h3>\n\n\n\n<p>De reis om het Ests onder de knie te krijgen begint met het alfabet. Het Ests maakt gebruik van het Latijnse schrift, aangevuld met negen speciale tekens: \u00c4, \u00d6, \u00dc, \u00d5, \u0160, \u017d en hun tegenhangers in kleine letters. Als u vertrouwd raakt met deze karakters, vormt u een sterke basis voor uw Estse leerervaring.<\/p>\n\n\n\n<h3 class=\"wp-block-heading\" id=\"h-2-getting-a-grip-on-estonian-nouns\">2. Grip krijgen op Estse zelfstandige naamwoorden<\/h3>\n\n\n\n<p>In tegenstelling tot veel Europese talen maakt het Ests geen onderscheid tussen mannelijke en vrouwelijke geslachten. <a href=\"https:\/\/talkpal.ai\/nl\/grammar\/overeenkomst-met-zelfstandige-naamwoorden-geslacht-en-getal-in-authentieke-grammatica\/\">Zelfstandige naamwoorden<\/a> worden in plaats daarvan geclassificeerd als enkelvoud of meervoud, en elk zelfstandig naamwoord heeft 14 naamvallen. Hoewel dit misschien overweldigend lijkt, is het essentieel om te begrijpen dat de morfologische structuur van <a href=\"https:\/\/talkpal.ai\/nl\/grammar\/overeenkomst-met-zelfstandige-naamwoorden-geslacht-en-getal-in-authentieke-grammatica\/\">zelfstandige naamwoorden<\/a> vrij regelmatig is, waardoor het makkelijker te leren is. Concentreer u om te beginnen op het beheersen van de meest voorkomende gevallen: nominatief, genitief en partitief.<\/p>\n\n\n\n<h3 class=\"wp-block-heading\" id=\"h-3-conquering-estonian-verb-conjugation\">3. Verovering van de Estse werkwoordsvervoeging<\/h3>\n\n\n\n<p>Estse werkwoorden worden vervoegd op basis van tijd, persoon en getal. Er zijn slechts drie tijden: tegenwoordige tijd, verleden tijd (gecodeerd door het voltooid deelwoord) en toekomst (uitgedrukt door de tegenwoordige tijd van het werkwoord, gecombineerd met een toekomstige hulptijd).<\/p>\n\n\n\n<p>Hier zijn bijvoorbeeld vervoegingen voor het werkwoord &#8220;lugema&#8221; (lezen):<\/p>\n\n\n\n<p><strong>&#8211; Aanwezig: Ma loen (ik lees)<\/strong><\/p>\n\n\n\n<p><strong>&#8211; Verleden: Ma lugesin (ik lees\/ik heb gelezen)<\/strong><\/p>\n\n\n\n<p><strong>&#8211; Toekomst: Ma loen raamatuid (Ik zal boeken lezen)<\/strong><\/p>\n\n\n\n<h3 class=\"wp-block-heading\" id=\"h-4-unraveling-the-mystery-of-estonian-pronouns\">4. Het mysterie van de Estse voornaamwoorden ontrafelen<\/h3>\n\n\n\n<p>Voornaamwoorden in het Ests dienen om zelfstandige naamwoorden te vervangen en spraak soepeler en dynamischer te maken. Concentreer u op het leren van de persoonlijke en bezittelijke voornaamwoorden:<\/p>\n\n\n\n<p><strong>&#8211; Persoonlijke voornaamwoorden: mina (ik), sina (jij, informeel), tema (hij\/zij), meie (wij), teie (jij, meervoud\/formeel), nemad (zij)<\/strong><\/p>\n\n\n\n<p><strong>&#8211; Bezittelijke voornaamwoorden: minu (mijn), sinu (jouw, informeel), tema (zijn\/haar), meie (onze), teie (jouw, meervoud\/formeel), nende (hun)<\/strong><\/p>\n\n\n\n<h3 class=\"wp-block-heading\" id=\"h-5-no-articles-no-problem\">5. Geen artikelen, geen probleem!<\/h3>\n\n\n\n<p>Het Ests maakt geen gebruik van bepaalde of onbepaalde lidwoorden, waardoor u opgelucht adem kunt halen. Bijvoorbeeld:<\/p>\n\n\n\n<p><strong>&#8211; Koer &#8211; &#8220;hond&#8221; of &#8220;een hond&#8221;.<\/strong><\/p>\n\n\n\n<p><strong>&#8211; Maja &#8211; &#8220;huis&#8221; of &#8220;een huis&#8221;.<\/strong><\/p>\n\n\n\n<p>Het beheersen van de Estse grammatica is een spannend en verrijkend proces, dat deuren opent naar een rijke culturele ervaring. Onthoud dat oefening de sleutel is, dus dompel jezelf onder in de Estse grammatica, ga in gesprek met moedertaalsprekers en bouw een sterke basis voor je taalreis. Leermiddelen! (Succes!)<\/p>\n<\/div><\/div>\n\r\n<section class=\"learnNavigationSection\">\r\n            \r\n        <a href=\"https:\/\/talkpal.ai\/nl\/leer-ests\/\">\r\n            <div class=\"learnNavigationWrapper\">\r\n                <div class=\"learnNavigationContent\">\r\n                    <img decoding=\"async\" src=\"https:\/\/talkpal.ai\/wp-content\/uploads\/2024\/08\/Estonian.jpg\" alt=\"Estonian Flag\">\r\n                    <div>\r\n                        <h4>Over Ests leren<\/h4>\r\n                        <p>Ontdek alles over de Estse grammatica.<\/p>\r\n                    <\/div>\r\n                <\/div>\r\n            <\/div>\r\n        <\/a>\r\n\r\n        \r\n        <a href=\"https:\/\/talkpal.ai\/nl\/grammatica-oefeningen-in-het-ests\/\">\r\n            <div class=\"learnNavigationWrapper\">\r\n                <div class=\"learnNavigationContent\">\r\n                    <img decoding=\"async\" src=\"https:\/\/talkpal.ai\/wp-content\/uploads\/2024\/08\/Estonian.jpg\" alt=\"Estonian Flag\">\r\n                    <div>\r\n                        <h4>Estse grammatica-oefening<\/h4>\r\n                        <p>Oefen de Estse grammatica.<\/p>\r\n                    <\/div>\r\n                <\/div>\r\n            <\/div>\r\n        <\/a>\r\n\r\n        \r\n        <a href=\"https:\/\/talkpal.ai\/vocabulary_language\/estonian\/\">\r\n            <div class=\"learnNavigationWrapper\">\r\n                <div class=\"learnNavigationContent\">\r\n                    <img decoding=\"async\" src=\"https:\/\/talkpal.ai\/wp-content\/uploads\/2024\/08\/Estonian.jpg\" alt=\"Estonian Flag\">\r\n                    <div>\r\n                        <h4>Estse woordenschat<\/h4>\r\n                        <p>Breid je Estse woordenschat uit.<\/p>\r\n                    <\/div>\r\n                <\/div>\r\n            <\/div>\r\n        <\/a>\r\n\r\n            <\/section>","protected":false},"excerpt":{"rendered":"<p>Estse grammatica: de toegangspoort tot een unieke taalreis Welkom in de fascinerende wereld van het Ests! Met meer dan een miljoen moedertaalsprekers biedt het Ests u een unieke kans om uw taalkundige horizon te verbreden en een levendige cultuur te ontdekken. Hoewel de complexiteit van de Estse grammatica op het eerste gezicht ontmoedigend kan lijken, [&hellip;]<\/p>\n","protected":false},"author":1,"featured_media":28298,"parent":0,"menu_order":0,"comment_status":"closed","ping_status":"closed","template":"LearningContentPage.php","meta":{"_acf_changed":false,"footnotes":""},"class_list":["post-142589","page","type-page","status-publish","has-post-thumbnail","hentry"],"acf":[],"yoast_head":"<!-- This site is optimized with the Yoast SEO Premium plugin v27.2 (Yoast SEO v27.2) - https:\/\/yoast.com\/product\/yoast-seo-premium-wordpress\/ -->\n<title>Estse grammatica - Talkpal<\/title>\n<meta name=\"description\" content=\"Ontdek essenti\u00eble concepten van de Estse grammatica, waaronder naamvallen, werkwoorden, zinsbouw, uitspraak en tips.\" \/>\n<meta name=\"robots\" content=\"index, follow, max-snippet:-1, max-image-preview:large, max-video-preview:-1\" \/>\n<link rel=\"canonical\" href=\"https:\/\/talkpal.ai\/nl\/estse-grammatica\/\" \/>\n<meta property=\"og:locale\" content=\"nl_NL\" \/>\n<meta property=\"og:type\" content=\"article\" \/>\n<meta property=\"og:title\" content=\"Estse grammatica\" \/>\n<meta property=\"og:description\" content=\"Estse grammatica: de toegangspoort tot een unieke taalreis Welkom in de fascinerende wereld van het Ests! Met meer dan een miljoen moedertaalsprekers\" \/>\n<meta property=\"og:url\" content=\"https:\/\/talkpal.ai\/nl\/estse-grammatica\/\" \/>\n<meta property=\"og:site_name\" content=\"Talkpal\" \/>\n<meta property=\"article:publisher\" content=\"https:\/\/www.facebook.com\/profile.php?id=100090733639311\" \/>\n<meta property=\"article:modified_time\" content=\"2025-12-13T15:31:55+00:00\" \/>\n<meta property=\"og:image\" content=\"https:\/\/talkpal.ai\/wp-content\/uploads\/2023\/05\/estonia.png\" \/>\n\t<meta property=\"og:image:width\" content=\"512\" \/>\n\t<meta property=\"og:image:height\" content=\"512\" \/>\n\t<meta property=\"og:image:type\" content=\"image\/png\" \/>\n<meta name=\"twitter:card\" content=\"summary_large_image\" \/>\n<meta name=\"twitter:site\" content=\"@talkpalai\" \/>\n<meta name=\"twitter:label1\" content=\"Geschatte leestijd\" \/>\n\t<meta name=\"twitter:data1\" content=\"2 minuten\" \/>\n<script type=\"application\/ld+json\" class=\"yoast-schema-graph\">{\"@context\":\"https:\/\/schema.org\",\"@graph\":[{\"@type\":\"WebPage\",\"@id\":\"https:\/\/talkpal.ai\/nl\/estse-grammatica\/\",\"url\":\"https:\/\/talkpal.ai\/nl\/estse-grammatica\/\",\"name\":\"Estse grammatica - Talkpal\",\"isPartOf\":{\"@id\":\"https:\/\/talkpal.ai\/nl\/#website\"},\"primaryImageOfPage\":{\"@id\":\"https:\/\/talkpal.ai\/nl\/estse-grammatica\/#primaryimage\"},\"image\":{\"@id\":\"https:\/\/talkpal.ai\/nl\/estse-grammatica\/#primaryimage\"},\"thumbnailUrl\":\"https:\/\/talkpal.ai\/wp-content\/uploads\/2023\/05\/estonia.png\",\"datePublished\":\"2023-05-14T14:01:53+00:00\",\"dateModified\":\"2025-12-13T15:31:55+00:00\",\"description\":\"Ontdek essenti\u00eble concepten van de Estse grammatica, waaronder naamvallen, werkwoorden, zinsbouw, uitspraak en tips.\",\"breadcrumb\":{\"@id\":\"https:\/\/talkpal.ai\/nl\/estse-grammatica\/#breadcrumb\"},\"inLanguage\":\"nl-NL\",\"potentialAction\":[{\"@type\":\"ReadAction\",\"target\":[\"https:\/\/talkpal.ai\/nl\/estse-grammatica\/\"]}]},{\"@type\":\"ImageObject\",\"inLanguage\":\"nl-NL\",\"@id\":\"https:\/\/talkpal.ai\/nl\/estse-grammatica\/#primaryimage\",\"url\":\"https:\/\/talkpal.ai\/wp-content\/uploads\/2023\/05\/estonia.png\",\"contentUrl\":\"https:\/\/talkpal.ai\/wp-content\/uploads\/2023\/05\/estonia.png\",\"width\":512,\"height\":512},{\"@type\":\"BreadcrumbList\",\"@id\":\"https:\/\/talkpal.ai\/nl\/estse-grammatica\/#breadcrumb\",\"itemListElement\":[{\"@type\":\"ListItem\",\"position\":1,\"name\":\"Homepage\",\"item\":\"https:\/\/talkpal.ai\/nl\/\"},{\"@type\":\"ListItem\",\"position\":2,\"name\":\"Estse grammatica\"}]},{\"@type\":\"WebSite\",\"@id\":\"https:\/\/talkpal.ai\/nl\/#website\",\"url\":\"https:\/\/talkpal.ai\/nl\/\",\"name\":\"Talkpal\",\"description\":\"AI Language Learning\",\"publisher\":{\"@id\":\"https:\/\/talkpal.ai\/nl\/#organization\"},\"alternateName\":\"Talkpal AI\",\"potentialAction\":[{\"@type\":\"SearchAction\",\"target\":{\"@type\":\"EntryPoint\",\"urlTemplate\":\"https:\/\/talkpal.ai\/nl\/?s={search_term_string}\"},\"query-input\":{\"@type\":\"PropertyValueSpecification\",\"valueRequired\":true,\"valueName\":\"search_term_string\"}}],\"inLanguage\":\"nl-NL\"},{\"@type\":\"Organization\",\"@id\":\"https:\/\/talkpal.ai\/nl\/#organization\",\"name\":\"Talkpal, Inc.\",\"alternateName\":\"Talkpal AI\",\"url\":\"https:\/\/talkpal.ai\/nl\/\",\"logo\":{\"@type\":\"ImageObject\",\"inLanguage\":\"nl-NL\",\"@id\":\"https:\/\/talkpal.ai\/nl\/#\/schema\/logo\/image\/\",\"url\":\"https:\/\/talkpal.ai\/wp-content\/uploads\/2024\/03\/Talkpal-Logo-Icon.png\",\"contentUrl\":\"https:\/\/talkpal.ai\/wp-content\/uploads\/2024\/03\/Talkpal-Logo-Icon.png\",\"width\":2880,\"height\":2880,\"caption\":\"Talkpal, Inc.\"},\"image\":{\"@id\":\"https:\/\/talkpal.ai\/nl\/#\/schema\/logo\/image\/\"},\"sameAs\":[\"https:\/\/www.facebook.com\/profile.php?id=100090733639311\",\"https:\/\/x.com\/talkpalai\",\"https:\/\/www.linkedin.com\/company\/talkpal\/\",\"https:\/\/www.youtube.com\/@TalkPal\/\",\"https:\/\/www.tiktok.com\/@talkpal\",\"https:\/\/www.instagram.com\/talkpal_ai\/\",\"https:\/\/www.crunchbase.com\/organization\/talkpal-9cde\",\"https:\/\/www.g2.com\/products\/talkpal-for-business\/\",\"https:\/\/www.trustpilot.com\/review\/talkpal.ai\",\"https:\/\/www.capterra.com\/p\/10006800\/TalkPal\/\"],\"description\":\"Talkpal is a language learning web and mobile education app, powered by the latest AI technologies, that provides engaging experiences to its customers in many different languages to help them improve their language skills. Users can chat about unlimited amount of topics with the app and use other modes to practice their language learning.\",\"email\":\"support@talkpal.ai\",\"legalName\":\"Talkpal, Inc.\",\"foundingDate\":\"2023-04-03\",\"duns\":\"118989042\",\"numberOfEmployees\":{\"@type\":\"QuantitativeValue\",\"minValue\":\"11\",\"maxValue\":\"50\"},\"publishingPrinciples\":\"https:\/\/talkpal.ai\/publishing-principles\/\",\"actionableFeedbackPolicy\":\"https:\/\/talkpal.ai\/actionable-feedback-policy\/\",\"correctionsPolicy\":\"https:\/\/talkpal.ai\/corrections-policy\/\",\"ethicsPolicy\":\"https:\/\/talkpal.ai\/ethics-policy\/\",\"diversityPolicy\":\"https:\/\/talkpal.ai\/diversity-policy\/\",\"diversityStaffingReport\":\"https:\/\/talkpal.ai\/diversity-policy\/\"}]}<\/script>\n<!-- \/ Yoast SEO Premium plugin. -->","yoast_head_json":{"title":"Estse grammatica - Talkpal","description":"Ontdek essenti\u00eble concepten van de Estse grammatica, waaronder naamvallen, werkwoorden, zinsbouw, uitspraak en tips.","robots":{"index":"index","follow":"follow","max-snippet":"max-snippet:-1","max-image-preview":"max-image-preview:large","max-video-preview":"max-video-preview:-1"},"canonical":"https:\/\/talkpal.ai\/nl\/estse-grammatica\/","og_locale":"nl_NL","og_type":"article","og_title":"Estse grammatica","og_description":"Estse grammatica: de toegangspoort tot een unieke taalreis Welkom in de fascinerende wereld van het Ests! Met meer dan een miljoen moedertaalsprekers","og_url":"https:\/\/talkpal.ai\/nl\/estse-grammatica\/","og_site_name":"Talkpal","article_publisher":"https:\/\/www.facebook.com\/profile.php?id=100090733639311","article_modified_time":"2025-12-13T15:31:55+00:00","og_image":[{"width":512,"height":512,"url":"https:\/\/talkpal.ai\/wp-content\/uploads\/2023\/05\/estonia.png","type":"image\/png"}],"twitter_card":"summary_large_image","twitter_site":"@talkpalai","twitter_misc":{"Geschatte leestijd":"2 minuten"},"schema":{"@context":"https:\/\/schema.org","@graph":[{"@type":"WebPage","@id":"https:\/\/talkpal.ai\/nl\/estse-grammatica\/","url":"https:\/\/talkpal.ai\/nl\/estse-grammatica\/","name":"Estse grammatica - Talkpal","isPartOf":{"@id":"https:\/\/talkpal.ai\/nl\/#website"},"primaryImageOfPage":{"@id":"https:\/\/talkpal.ai\/nl\/estse-grammatica\/#primaryimage"},"image":{"@id":"https:\/\/talkpal.ai\/nl\/estse-grammatica\/#primaryimage"},"thumbnailUrl":"https:\/\/talkpal.ai\/wp-content\/uploads\/2023\/05\/estonia.png","datePublished":"2023-05-14T14:01:53+00:00","dateModified":"2025-12-13T15:31:55+00:00","description":"Ontdek essenti\u00eble concepten van de Estse grammatica, waaronder naamvallen, werkwoorden, zinsbouw, uitspraak en tips.","breadcrumb":{"@id":"https:\/\/talkpal.ai\/nl\/estse-grammatica\/#breadcrumb"},"inLanguage":"nl-NL","potentialAction":[{"@type":"ReadAction","target":["https:\/\/talkpal.ai\/nl\/estse-grammatica\/"]}]},{"@type":"ImageObject","inLanguage":"nl-NL","@id":"https:\/\/talkpal.ai\/nl\/estse-grammatica\/#primaryimage","url":"https:\/\/talkpal.ai\/wp-content\/uploads\/2023\/05\/estonia.png","contentUrl":"https:\/\/talkpal.ai\/wp-content\/uploads\/2023\/05\/estonia.png","width":512,"height":512},{"@type":"BreadcrumbList","@id":"https:\/\/talkpal.ai\/nl\/estse-grammatica\/#breadcrumb","itemListElement":[{"@type":"ListItem","position":1,"name":"Homepage","item":"https:\/\/talkpal.ai\/nl\/"},{"@type":"ListItem","position":2,"name":"Estse grammatica"}]},{"@type":"WebSite","@id":"https:\/\/talkpal.ai\/nl\/#website","url":"https:\/\/talkpal.ai\/nl\/","name":"Talkpal","description":"AI Language Learning","publisher":{"@id":"https:\/\/talkpal.ai\/nl\/#organization"},"alternateName":"Talkpal AI","potentialAction":[{"@type":"SearchAction","target":{"@type":"EntryPoint","urlTemplate":"https:\/\/talkpal.ai\/nl\/?s={search_term_string}"},"query-input":{"@type":"PropertyValueSpecification","valueRequired":true,"valueName":"search_term_string"}}],"inLanguage":"nl-NL"},{"@type":"Organization","@id":"https:\/\/talkpal.ai\/nl\/#organization","name":"Talkpal, Inc.","alternateName":"Talkpal AI","url":"https:\/\/talkpal.ai\/nl\/","logo":{"@type":"ImageObject","inLanguage":"nl-NL","@id":"https:\/\/talkpal.ai\/nl\/#\/schema\/logo\/image\/","url":"https:\/\/talkpal.ai\/wp-content\/uploads\/2024\/03\/Talkpal-Logo-Icon.png","contentUrl":"https:\/\/talkpal.ai\/wp-content\/uploads\/2024\/03\/Talkpal-Logo-Icon.png","width":2880,"height":2880,"caption":"Talkpal, Inc."},"image":{"@id":"https:\/\/talkpal.ai\/nl\/#\/schema\/logo\/image\/"},"sameAs":["https:\/\/www.facebook.com\/profile.php?id=100090733639311","https:\/\/x.com\/talkpalai","https:\/\/www.linkedin.com\/company\/talkpal\/","https:\/\/www.youtube.com\/@TalkPal\/","https:\/\/www.tiktok.com\/@talkpal","https:\/\/www.instagram.com\/talkpal_ai\/","https:\/\/www.crunchbase.com\/organization\/talkpal-9cde","https:\/\/www.g2.com\/products\/talkpal-for-business\/","https:\/\/www.trustpilot.com\/review\/talkpal.ai","https:\/\/www.capterra.com\/p\/10006800\/TalkPal\/"],"description":"Talkpal is a language learning web and mobile education app, powered by the latest AI technologies, that provides engaging experiences to its customers in many different languages to help them improve their language skills. Users can chat about unlimited amount of topics with the app and use other modes to practice their language learning.","email":"support@talkpal.ai","legalName":"Talkpal, Inc.","foundingDate":"2023-04-03","duns":"118989042","numberOfEmployees":{"@type":"QuantitativeValue","minValue":"11","maxValue":"50"},"publishingPrinciples":"https:\/\/talkpal.ai\/publishing-principles\/","actionableFeedbackPolicy":"https:\/\/talkpal.ai\/actionable-feedback-policy\/","correctionsPolicy":"https:\/\/talkpal.ai\/corrections-policy\/","ethicsPolicy":"https:\/\/talkpal.ai\/ethics-policy\/","diversityPolicy":"https:\/\/talkpal.ai\/diversity-policy\/","diversityStaffingReport":"https:\/\/talkpal.ai\/diversity-policy\/"}]}},"_links":{"self":[{"href":"https:\/\/talkpal.ai\/nl\/wp-json\/wp\/v2\/pages\/142589","targetHints":{"allow":["GET"]}}],"collection":[{"href":"https:\/\/talkpal.ai\/nl\/wp-json\/wp\/v2\/pages"}],"about":[{"href":"https:\/\/talkpal.ai\/nl\/wp-json\/wp\/v2\/types\/page"}],"author":[{"embeddable":true,"href":"https:\/\/talkpal.ai\/nl\/wp-json\/wp\/v2\/users\/1"}],"replies":[{"embeddable":true,"href":"https:\/\/talkpal.ai\/nl\/wp-json\/wp\/v2\/comments?post=142589"}],"version-history":[{"count":0,"href":"https:\/\/talkpal.ai\/nl\/wp-json\/wp\/v2\/pages\/142589\/revisions"}],"wp:featuredmedia":[{"embeddable":true,"href":"https:\/\/talkpal.ai\/nl\/wp-json\/wp\/v2\/media\/28298"}],"wp:attachment":[{"href":"https:\/\/talkpal.ai\/nl\/wp-json\/wp\/v2\/media?parent=142589"}],"curies":[{"name":"wp","href":"https:\/\/api.w.org\/{rel}","templated":true}]}}