{"id":135737,"date":"2023-06-16T10:51:16","date_gmt":"2023-06-16T10:51:16","guid":{"rendered":"http:\/\/talkpal.ai\/oekraiense-grammatica-oefeningen\/"},"modified":"2025-12-17T16:22:11","modified_gmt":"2025-12-17T16:22:11","slug":"oekraiense-grammatica-oefeningen","status":"publish","type":"page","link":"https:\/\/talkpal.ai\/nl\/oekraiense-grammatica-oefeningen\/","title":{"rendered":"Oekra\u00efense grammatica-oefeningen"},"content":{"rendered":"\r\n\r\n\r\n<section class=\"languageChallengeSection\">\r\n    <div class=\"languageInfoWrapper\">\r\n        \r\n        <h1>Oekra\u00efense grammatica-oefeningen<\/h1>\r\n        <p>Wil je je Oekra\u00efense vaardigheden naar een hoger niveau tillen? Het oefenen <a href=\"https:\/\/talkpal.ai\/locations\/language-courses-in-van\/\">van<\/a> grammatica is een belangrijke manier om zinsbouw, werkwoordsvormen en de unieke patronen van de Oekra\u00efense taal onder de knie te krijgen. <a href=\"https:\/\/talkpal.ai\/ko\/ai-%ec%96%b8%ec%96%b4-%ea%b5%90%ec%82%ac\/\">Begin<\/a> vandaag nog met <a href=\"https:\/\/talkpal.ai\/es\/gramatica-ucraniana\/\">Oekra\u00efense grammatica<\/a> en zie je zelfvertrouwen en spreekvaardigheid met elke oefening groeien!<\/p>\r\n\r\n                            <a class=\"getStartedHidden\" href=\"https:\/\/app.talkpal.ai\/nl\/signup?lng=\">Ga aan de slag<\/a>\r\n        \r\n    <\/div>\r\n\r\n    <figure>\r\n    <img decoding=\"async\" width=\"768\" height=\"768\" src=\"https:\/\/talkpal.ai\/wp-content\/uploads\/2023\/06\/Ukrainian-768x768.png\" class=\"languageImage no-lazy\" alt=\"Default alt text\" fetchpriority=\"high\" sizes=\"(max-width: 768px) 150px, 768px\" srcset=\"https:\/\/talkpal.ai\/wp-content\/uploads\/2023\/06\/Ukrainian-768x768.png 768w, https:\/\/talkpal.ai\/wp-content\/uploads\/2023\/06\/Ukrainian-300x300.png 300w\" \/>\r\n    \r\n\r\n    <\/figure>\r\n\r\n            <a class=\"getStartedVisible\" href=\"https:\/\/app.talkpal.ai\/nl\/signup?lng=\">Ga aan de slag<\/a>\r\n    \r\n<\/section>\r\n\r\n\r\n<!-- <section class=\"grammarSection\">\r\n    <div class=\"grammarLinks\">\r\n        <a href=\"https:\/\/talkpal.ai\/nl\/exercise_language\/aanvoegende-wijs-oekraiense-grammatica\/\">Aanvoegende wijs <\/a><a href=\"https:\/\/talkpal.ai\/nl\/exercise_language\/artikelen-oekraiense-grammatica\/\">Artikelen <\/a><a href=\"https:\/\/talkpal.ai\/nl\/exercise_language\/bijvoeglijke-naamwoorden-oekraiense-grammatica\/\">Bijvoeglijke naamwoorden <\/a><a href=\"https:\/\/talkpal.ai\/nl\/exercise_language\/bijwoorden-oekraiense-grammatica\/\">Bijwoorden <\/a><a href=\"https:\/\/talkpal.ai\/nl\/exercise_language\/gespannen-vergelijking-oekraiense-grammatica\/\">Gespannen vergelijking <\/a><a href=\"https:\/\/talkpal.ai\/nl\/exercise_language\/tijden-indicatief-oekraiense-grammatica\/\">Tijden Indicatief <\/a><a href=\"https:\/\/talkpal.ai\/nl\/exercise_language\/voornaamwoorden-oekraiense-grammatica\/\">Voornaamwoorden <\/a><a href=\"https:\/\/talkpal.ai\/nl\/exercise_language\/voorzetsels-oekraiense-grammatica\/\">Voorzetsels <\/a><a href=\"https:\/\/talkpal.ai\/nl\/exercise_language\/werkwoorden-oekraiense-grammatica\/\">Werkwoorden <\/a><a href=\"https:\/\/talkpal.ai\/nl\/exercise_language\/zelfstandige-naamwoorden-oekraiense-grammatica\/\">Zelfstandige naamwoorden <\/a><a href=\"https:\/\/talkpal.ai\/nl\/exercise_language\/zinsbouw-oekraiense-grammatica\/\">Zinsbouw <\/a>    <\/div>\r\n<\/section> -->\r\n\r\n\r\n\r\n\r\n        <section class=\"grammarSection\">\r\n            <div class=\"grammarLinks\">\r\n                <a href=\"https:\/\/talkpal.ai\/nl\/exercise_language\/aanvoegende-wijs-oekraiense-grammatica\/\">Aanvoegende wijs <\/a><a href=\"https:\/\/talkpal.ai\/nl\/exercise_language\/artikelen-oekraiense-grammatica\/\">Artikelen <\/a><a href=\"https:\/\/talkpal.ai\/nl\/exercise_language\/bijvoeglijke-naamwoorden-oekraiense-grammatica\/\">Bijvoeglijke naamwoorden <\/a><a href=\"https:\/\/talkpal.ai\/nl\/exercise_language\/bijwoorden-oekraiense-grammatica\/\">Bijwoorden <\/a><a href=\"https:\/\/talkpal.ai\/nl\/exercise_language\/gespannen-vergelijking-oekraiense-grammatica\/\">Gespannen vergelijking <\/a><a href=\"https:\/\/talkpal.ai\/nl\/exercise_language\/tijden-indicatief-oekraiense-grammatica\/\">Tijden Indicatief <\/a><a href=\"https:\/\/talkpal.ai\/nl\/exercise_language\/voornaamwoorden-oekraiense-grammatica\/\">Voornaamwoorden <\/a><a href=\"https:\/\/talkpal.ai\/nl\/exercise_language\/voorzetsels-oekraiense-grammatica\/\">Voorzetsels <\/a><a href=\"https:\/\/talkpal.ai\/nl\/exercise_language\/werkwoorden-oekraiense-grammatica\/\">Werkwoorden <\/a><a href=\"https:\/\/talkpal.ai\/nl\/exercise_language\/zelfstandige-naamwoorden-oekraiense-grammatica\/\">Zelfstandige naamwoorden <\/a><a href=\"https:\/\/talkpal.ai\/nl\/exercise_language\/zinsbouw-oekraiense-grammatica\/\">Zinsbouw <\/a>            <\/div>\r\n        <\/section>\r\n<section class=\"promotionalBanner\">\r\n    <p class=\"promotionalText\">De meest effici\u00ebnte manier om een taal te leren<\/p>\r\n    <a class=\"promotionalLink\" href=\"https:\/\/app.talkpal.ai\/nl\/signup?lng=\">Probeer Talkpal gratis<\/a>\r\n<\/section>\n<div class=\"wp-block-group pageContainerStyle\"><div class=\"wp-block-group__inner-container is-layout-constrained wp-block-group-is-layout-constrained\">\n<h2 class=\"wp-block-heading\" id=\"h-ukrainian-grammar-topics\">Oekra\u00efense grammatica onderwerpen<\/h2>\n\n\n\n<p>Het leren van een nieuwe taal kan een opwindende maar uitdagende onderneming zijn, en de Oekra\u00efense taal is daarop geen uitzondering. <a href=\"https:\/\/talkpal.ai\/learn-ukrainian\/\">Oekra\u00efens<\/a>, een Oost-Slavische taal, is de offici\u00eble taal van Oekra\u00efne en heeft een rijke geschiedenis en een diverse grammaticale structuur. Als je aan je reis begint om bekwaam te worden in het Oekra\u00efens, zijn er verschillende belangrijke grammaticale onderwerpen die je onder de knie moet krijgen, waaronder tijden, werkwoorden, <a href=\"https:\/\/talkpal.ai\/nl\/grammar\/overeenkomst-met-zelfstandige-naamwoorden-geslacht-en-getal-in-authentieke-grammatica\/\">zelfstandige naamwoorden<\/a>, lidwoorden, voornaamwoorden, bijvoeglijke naamwoorden, bijwoorden, voorzetsels en zinsbouw. Het begrijpen en correct toepassen van deze grammaticaregels zal uw vloeiendheid in de taal aanzienlijk verbeteren. Laten we dus in elk onderwerp duiken en onderzoeken in welke volgorde je ze moet leren.<\/p>\n\n\n\n<h3 class=\"wp-block-heading\" id=\"h-1-nouns\">1. Zelfstandige naamwoorden:<\/h3>\n\n\n\n<p>Begin met het leren van Oekra\u00efense <a href=\"https:\/\/talkpal.ai\/nl\/grammar\/overeenkomst-met-zelfstandige-naamwoorden-geslacht-en-getal-in-authentieke-grammatica\/\">zelfstandige naamwoorden<\/a>, aangezien deze de basis van de taal vormen. Maak uzelf vertrouwd met hun geslacht (mannelijk, vrouwelijk en onzijdig) en hun meervoudsvormen. Het begrijpen van verbuigingen van zelfstandige naamwoorden (naamvallen) is cruciaal voor een goede zinsvorming.<\/p>\n\n\n\n<h3 class=\"wp-block-heading\" id=\"h-2-pronouns\">2. Voornaamwoorden:<\/h3>\n\n\n\n<p><a href=\"https:\/\/talkpal.ai\/locations\/language-courses-in-leer\/\">Leer<\/a> vervolgens voornaamwoorden &#8211; woorden die zelfstandige naamwoorden in een zin vervangen. Ze hebben ook geslachts- en hoofdletteronderscheid, dus het is essentieel om de juiste vormen te leren gebruiken, afhankelijk van het zelfstandig naamwoord dat ze vervangen.<\/p>\n\n\n\n<h3 class=\"wp-block-heading\" id=\"h-3-verbs\">3. Werkwoorden:<\/h3>\n\n\n\n<p>Werkwoorden zijn de actiewoorden in een zin. In het Oekra\u00efens hebben werkwoorden verschillende vormen op basis van tijd, stemming en aspect. Begin met het leren van de tegenwoordige tijd indicatieve vormen van werkwoorden, die u zullen helpen de basiszinsbouw te begrijpen.<\/p>\n\n\n\n<h3 class=\"wp-block-heading\" id=\"h-4-tenses-indicative\">4. Tijden indicatief:<\/h3>\n\n\n\n<p>Als je eenmaal vertrouwd bent met werkwoorden in de tegenwoordige tijd, ga dan verder met het leren van de verleden en toekomende tijd in de aantonende wijs. Zo kunt u communiceren over gebeurtenissen die al hebben plaatsgevonden of in de toekomst zullen plaatsvinden.<\/p>\n\n\n\n<h3 class=\"wp-block-heading\" id=\"h-5-tenses-subjunctive\">5. Tijden aanvoegende wijs:<\/h3>\n\n\n\n<p>Nadat je de indicatieve stemming onder de knie hebt, verken je de aanvoegende wijs, die hypothetische situaties, wensen of suggesties uitdrukt. De aanvoegende wijs komt vooral voor in de verleden en toekomende tijd in het Oekra\u00efens.<\/p>\n\n\n\n<h3 class=\"wp-block-heading\" id=\"h-6-tense-comparison\">6. Gespannen vergelijking:<\/h3>\n\n\n\n<p>Leer hoe u tijden in het Oekra\u00efens kunt vergelijken om verschillende graden van zekerheid of mogelijkheid uit te drukken. Dit zal u helpen complexere zinnen te begrijpen en te maken.<\/p>\n\n\n\n<h3 class=\"wp-block-heading\" id=\"h-7-adjectives\">7. Bijvoeglijke naamwoorden:<\/h3>\n\n\n\n<p>Bijvoeglijke naamwoorden beschrijven de kwaliteiten van zelfstandige naamwoorden. Ze komen overeen in geslacht, aantal en naamval met het zelfstandig naamwoord dat ze wijzigen. Door bijvoeglijke naamwoorden te leren, kunt u meer details aan uw zinnen toevoegen.<\/p>\n\n\n\n<h3 class=\"wp-block-heading\" id=\"h-8-adverbs\">8. Bijwoorden:<\/h3>\n\n\n\n<p>Bijwoorden beschrijven de manier, plaats of tijd van een actie. Ze lijken niet op bijvoeglijke naamwoorden, maar ze spelen een cruciale rol in het informatiever en boeiender maken van je zinnen.<\/p>\n\n\n\n<h3 class=\"wp-block-heading\" id=\"h-9-prepositions\">9. Voorzetsels:<\/h3>\n\n\n\n<p>Voorzetsels geven de relatie tussen woorden in een zin aan (bijv. locatie, richting of tijd). Leer hoe u voorzetsels correct gebruikt om verwarring te voorkomen en de bedoelde betekenis over te brengen.<\/p>\n\n\n\n<h3 class=\"wp-block-heading\" id=\"h-10-sentence-structure\">10. Zinsbouw:<\/h3>\n\n\n\n<p>Maak u ten slotte vertrouwd met de Oekra\u00efense zinsbouw. Dit omvat het begrijpen van de woordvolgorde onderwerp-werkwoord-object (SVO) en hoe naamvallen en andere grammaticale elementen kunnen worden gebruikt om duidelijke, coherente zinnen te vormen.<\/p>\n\n\n\n<h3 class=\"wp-block-heading\" id=\"h-11-articles\">11. Artikelen:<\/h3>\n\n\n\n<p>Oekra\u00efens heeft geen lidwoorden zoals &#8220;the&#8221; of &#8220;a&#8221; in het Engels, maar het is essentieel om te begrijpen hoe bepaaldheid en onbepaaldheid worden overgebracht in de taal, meestal door het gebruik van aanwijzende voornaamwoorden of context.<\/p>\n\n\n\n<p>Door deze grammaticale onderwerpen in de voorgestelde volgorde te leren, bouwt u geleidelijk een sterke basis op in het Oekra\u00efens en boekt u vooruitgang in de richting van vloeiendheid in de taal.<\/p>\n<\/div><\/div>\n\r\n<section class=\"learnNavigationSection\">\r\n            \r\n        <a href=\"https:\/\/talkpal.ai\/nl\/leer-oekrainer\/\">\r\n            <div class=\"learnNavigationWrapper\">\r\n                <div class=\"learnNavigationContent\">\r\n                    <img decoding=\"async\" src=\"https:\/\/talkpal.ai\/wp-content\/uploads\/2024\/08\/Ukrainian.jpg\" alt=\"Ukrainian Flag\">\r\n                    <div>\r\n                        <h4>Over Oekra\u00efens leren<\/h4>\r\n                        <p>Ontdek alles over Oekra\u00efense grammatica.<\/p>\r\n                    <\/div>\r\n                <\/div>\r\n            <\/div>\r\n        <\/a>\r\n\r\n        \r\n        <a href=\"https:\/\/talkpal.ai\/nl\/oekraiense-grammatica\/\">\r\n            <div class=\"learnNavigationWrapper\">\r\n                <div class=\"learnNavigationContent\">\r\n                    <img decoding=\"async\" src=\"https:\/\/talkpal.ai\/wp-content\/uploads\/2024\/08\/Ukrainian.jpg\" alt=\"Ukrainian Flag\">\r\n                    <div>\r\n                        <h4>Oekra\u00efense grammaticalessen<\/h4>\r\n                        <p>Oefen de Oekra\u00efense grammatica.<\/p>\r\n                    <\/div>\r\n                <\/div>\r\n            <\/div>\r\n        <\/a>\r\n\r\n        \r\n        <a href=\"https:\/\/talkpal.ai\/vocabulary_language\/ukrainian\/\">\r\n            <div class=\"learnNavigationWrapper\">\r\n                <div class=\"learnNavigationContent\">\r\n                    <img decoding=\"async\" src=\"https:\/\/talkpal.ai\/wp-content\/uploads\/2024\/08\/Ukrainian.jpg\" alt=\"Ukrainian Flag\">\r\n                    <div>\r\n                        <h4>Oekra\u00efense woordenschat<\/h4>\r\n                        <p>Breid je Oekra\u00efense woordenschat uit.<\/p>\r\n                    <\/div>\r\n                <\/div>\r\n            <\/div>\r\n        <\/a>\r\n\r\n            <\/section>","protected":false},"excerpt":{"rendered":"<p>Oekra\u00efense grammatica onderwerpen Het leren van een nieuwe taal kan een opwindende maar uitdagende onderneming zijn, en de Oekra\u00efense taal is daarop geen uitzondering. Oekra\u00efens, een Oost-Slavische taal, is de offici\u00eble taal van Oekra\u00efne en heeft een rijke geschiedenis en een diverse grammaticale structuur. Als je aan je reis begint om bekwaam te worden in [&hellip;]<\/p>\n","protected":false},"author":6,"featured_media":11619,"parent":0,"menu_order":0,"comment_status":"closed","ping_status":"closed","template":"LearningContentPage.php","meta":{"_acf_changed":false,"footnotes":""},"class_list":["post-135737","page","type-page","status-publish","has-post-thumbnail","hentry"],"acf":[],"yoast_head":"<!-- This site is optimized with the Yoast SEO Premium plugin v27.2 (Yoast SEO v27.2) - https:\/\/yoast.com\/product\/yoast-seo-premium-wordpress\/ -->\n<title>Oekra\u00efense grammatica-oefeningen - Talkpal<\/title>\n<meta name=\"description\" content=\"Verbeter je Oekra\u00efense vaardigheden met boeiende Oekra\u00efense grammatica-oefeningen die essenti\u00eble grammatica-onderwerpen voor spreekvaardigheid behandelen.\" \/>\n<meta name=\"robots\" content=\"index, follow, max-snippet:-1, max-image-preview:large, max-video-preview:-1\" \/>\n<link rel=\"canonical\" href=\"https:\/\/talkpal.ai\/nl\/oekraiense-grammatica-oefeningen\/\" \/>\n<meta property=\"og:locale\" content=\"nl_NL\" \/>\n<meta property=\"og:type\" content=\"article\" \/>\n<meta property=\"og:title\" content=\"Oekra\u00efense grammatica-oefeningen\" \/>\n<meta property=\"og:description\" content=\"Oekra\u00efense grammatica onderwerpen Het leren van een nieuwe taal kan een opwindende maar uitdagende onderneming zijn, en de Oekra\u00efense taal is daarop geen\" \/>\n<meta property=\"og:url\" content=\"https:\/\/talkpal.ai\/nl\/oekraiense-grammatica-oefeningen\/\" \/>\n<meta property=\"og:site_name\" content=\"Talkpal\" \/>\n<meta property=\"article:publisher\" content=\"https:\/\/www.facebook.com\/profile.php?id=100090733639311\" \/>\n<meta property=\"article:modified_time\" content=\"2025-12-17T16:22:11+00:00\" \/>\n<meta property=\"og:image\" content=\"https:\/\/talkpal.ai\/wp-content\/uploads\/2023\/04\/ukraine.png\" \/>\n\t<meta property=\"og:image:width\" content=\"512\" \/>\n\t<meta property=\"og:image:height\" content=\"512\" \/>\n\t<meta property=\"og:image:type\" content=\"image\/png\" \/>\n<meta name=\"twitter:card\" content=\"summary_large_image\" \/>\n<meta name=\"twitter:site\" content=\"@talkpalai\" \/>\n<meta name=\"twitter:label1\" content=\"Geschatte leestijd\" \/>\n\t<meta name=\"twitter:data1\" content=\"3 minuten\" \/>\n<script type=\"application\/ld+json\" class=\"yoast-schema-graph\">{\"@context\":\"https:\/\/schema.org\",\"@graph\":[{\"@type\":\"WebPage\",\"@id\":\"https:\/\/talkpal.ai\/nl\/oekraiense-grammatica-oefeningen\/\",\"url\":\"https:\/\/talkpal.ai\/nl\/oekraiense-grammatica-oefeningen\/\",\"name\":\"Oekra\u00efense grammatica-oefeningen - Talkpal\",\"isPartOf\":{\"@id\":\"https:\/\/talkpal.ai\/nl\/#website\"},\"primaryImageOfPage\":{\"@id\":\"https:\/\/talkpal.ai\/nl\/oekraiense-grammatica-oefeningen\/#primaryimage\"},\"image\":{\"@id\":\"https:\/\/talkpal.ai\/nl\/oekraiense-grammatica-oefeningen\/#primaryimage\"},\"thumbnailUrl\":\"https:\/\/talkpal.ai\/wp-content\/uploads\/2023\/04\/ukraine.png\",\"datePublished\":\"2023-06-16T10:51:16+00:00\",\"dateModified\":\"2025-12-17T16:22:11+00:00\",\"description\":\"Verbeter je Oekra\u00efense vaardigheden met boeiende Oekra\u00efense grammatica-oefeningen die essenti\u00eble grammatica-onderwerpen voor spreekvaardigheid behandelen.\",\"breadcrumb\":{\"@id\":\"https:\/\/talkpal.ai\/nl\/oekraiense-grammatica-oefeningen\/#breadcrumb\"},\"inLanguage\":\"nl-NL\",\"potentialAction\":[{\"@type\":\"ReadAction\",\"target\":[\"https:\/\/talkpal.ai\/nl\/oekraiense-grammatica-oefeningen\/\"]}]},{\"@type\":\"ImageObject\",\"inLanguage\":\"nl-NL\",\"@id\":\"https:\/\/talkpal.ai\/nl\/oekraiense-grammatica-oefeningen\/#primaryimage\",\"url\":\"https:\/\/talkpal.ai\/wp-content\/uploads\/2023\/04\/ukraine.png\",\"contentUrl\":\"https:\/\/talkpal.ai\/wp-content\/uploads\/2023\/04\/ukraine.png\",\"width\":512,\"height\":512,\"caption\":\"TalkPal Ukrainian Flag\"},{\"@type\":\"BreadcrumbList\",\"@id\":\"https:\/\/talkpal.ai\/nl\/oekraiense-grammatica-oefeningen\/#breadcrumb\",\"itemListElement\":[{\"@type\":\"ListItem\",\"position\":1,\"name\":\"Homepage\",\"item\":\"https:\/\/talkpal.ai\/nl\/\"},{\"@type\":\"ListItem\",\"position\":2,\"name\":\"Oekra\u00efense grammatica-oefeningen\"}]},{\"@type\":\"WebSite\",\"@id\":\"https:\/\/talkpal.ai\/nl\/#website\",\"url\":\"https:\/\/talkpal.ai\/nl\/\",\"name\":\"Talkpal\",\"description\":\"AI Language Learning\",\"publisher\":{\"@id\":\"https:\/\/talkpal.ai\/nl\/#organization\"},\"alternateName\":\"Talkpal AI\",\"potentialAction\":[{\"@type\":\"SearchAction\",\"target\":{\"@type\":\"EntryPoint\",\"urlTemplate\":\"https:\/\/talkpal.ai\/nl\/?s={search_term_string}\"},\"query-input\":{\"@type\":\"PropertyValueSpecification\",\"valueRequired\":true,\"valueName\":\"search_term_string\"}}],\"inLanguage\":\"nl-NL\"},{\"@type\":\"Organization\",\"@id\":\"https:\/\/talkpal.ai\/nl\/#organization\",\"name\":\"Talkpal, Inc.\",\"alternateName\":\"Talkpal AI\",\"url\":\"https:\/\/talkpal.ai\/nl\/\",\"logo\":{\"@type\":\"ImageObject\",\"inLanguage\":\"nl-NL\",\"@id\":\"https:\/\/talkpal.ai\/nl\/#\/schema\/logo\/image\/\",\"url\":\"https:\/\/talkpal.ai\/wp-content\/uploads\/2024\/03\/Talkpal-Logo-Icon.png\",\"contentUrl\":\"https:\/\/talkpal.ai\/wp-content\/uploads\/2024\/03\/Talkpal-Logo-Icon.png\",\"width\":2880,\"height\":2880,\"caption\":\"Talkpal, Inc.\"},\"image\":{\"@id\":\"https:\/\/talkpal.ai\/nl\/#\/schema\/logo\/image\/\"},\"sameAs\":[\"https:\/\/www.facebook.com\/profile.php?id=100090733639311\",\"https:\/\/x.com\/talkpalai\",\"https:\/\/www.linkedin.com\/company\/talkpal\/\",\"https:\/\/www.youtube.com\/@TalkPal\/\",\"https:\/\/www.tiktok.com\/@talkpal\",\"https:\/\/www.instagram.com\/talkpal_ai\/\",\"https:\/\/www.crunchbase.com\/organization\/talkpal-9cde\",\"https:\/\/www.g2.com\/products\/talkpal-for-business\/\",\"https:\/\/www.trustpilot.com\/review\/talkpal.ai\",\"https:\/\/www.capterra.com\/p\/10006800\/TalkPal\/\"],\"description\":\"Talkpal is a language learning web and mobile education app, powered by the latest AI technologies, that provides engaging experiences to its customers in many different languages to help them improve their language skills. Users can chat about unlimited amount of topics with the app and use other modes to practice their language learning.\",\"email\":\"support@talkpal.ai\",\"legalName\":\"Talkpal, Inc.\",\"foundingDate\":\"2023-04-03\",\"duns\":\"118989042\",\"numberOfEmployees\":{\"@type\":\"QuantitativeValue\",\"minValue\":\"11\",\"maxValue\":\"50\"},\"publishingPrinciples\":\"https:\/\/talkpal.ai\/publishing-principles\/\",\"actionableFeedbackPolicy\":\"https:\/\/talkpal.ai\/actionable-feedback-policy\/\",\"correctionsPolicy\":\"https:\/\/talkpal.ai\/corrections-policy\/\",\"ethicsPolicy\":\"https:\/\/talkpal.ai\/ethics-policy\/\",\"diversityPolicy\":\"https:\/\/talkpal.ai\/diversity-policy\/\",\"diversityStaffingReport\":\"https:\/\/talkpal.ai\/diversity-policy\/\"}]}<\/script>\n<!-- \/ Yoast SEO Premium plugin. -->","yoast_head_json":{"title":"Oekra\u00efense grammatica-oefeningen - Talkpal","description":"Verbeter je Oekra\u00efense vaardigheden met boeiende Oekra\u00efense grammatica-oefeningen die essenti\u00eble grammatica-onderwerpen voor spreekvaardigheid behandelen.","robots":{"index":"index","follow":"follow","max-snippet":"max-snippet:-1","max-image-preview":"max-image-preview:large","max-video-preview":"max-video-preview:-1"},"canonical":"https:\/\/talkpal.ai\/nl\/oekraiense-grammatica-oefeningen\/","og_locale":"nl_NL","og_type":"article","og_title":"Oekra\u00efense grammatica-oefeningen","og_description":"Oekra\u00efense grammatica onderwerpen Het leren van een nieuwe taal kan een opwindende maar uitdagende onderneming zijn, en de Oekra\u00efense taal is daarop geen","og_url":"https:\/\/talkpal.ai\/nl\/oekraiense-grammatica-oefeningen\/","og_site_name":"Talkpal","article_publisher":"https:\/\/www.facebook.com\/profile.php?id=100090733639311","article_modified_time":"2025-12-17T16:22:11+00:00","og_image":[{"width":512,"height":512,"url":"https:\/\/talkpal.ai\/wp-content\/uploads\/2023\/04\/ukraine.png","type":"image\/png"}],"twitter_card":"summary_large_image","twitter_site":"@talkpalai","twitter_misc":{"Geschatte leestijd":"3 minuten"},"schema":{"@context":"https:\/\/schema.org","@graph":[{"@type":"WebPage","@id":"https:\/\/talkpal.ai\/nl\/oekraiense-grammatica-oefeningen\/","url":"https:\/\/talkpal.ai\/nl\/oekraiense-grammatica-oefeningen\/","name":"Oekra\u00efense grammatica-oefeningen - Talkpal","isPartOf":{"@id":"https:\/\/talkpal.ai\/nl\/#website"},"primaryImageOfPage":{"@id":"https:\/\/talkpal.ai\/nl\/oekraiense-grammatica-oefeningen\/#primaryimage"},"image":{"@id":"https:\/\/talkpal.ai\/nl\/oekraiense-grammatica-oefeningen\/#primaryimage"},"thumbnailUrl":"https:\/\/talkpal.ai\/wp-content\/uploads\/2023\/04\/ukraine.png","datePublished":"2023-06-16T10:51:16+00:00","dateModified":"2025-12-17T16:22:11+00:00","description":"Verbeter je Oekra\u00efense vaardigheden met boeiende Oekra\u00efense grammatica-oefeningen die essenti\u00eble grammatica-onderwerpen voor spreekvaardigheid behandelen.","breadcrumb":{"@id":"https:\/\/talkpal.ai\/nl\/oekraiense-grammatica-oefeningen\/#breadcrumb"},"inLanguage":"nl-NL","potentialAction":[{"@type":"ReadAction","target":["https:\/\/talkpal.ai\/nl\/oekraiense-grammatica-oefeningen\/"]}]},{"@type":"ImageObject","inLanguage":"nl-NL","@id":"https:\/\/talkpal.ai\/nl\/oekraiense-grammatica-oefeningen\/#primaryimage","url":"https:\/\/talkpal.ai\/wp-content\/uploads\/2023\/04\/ukraine.png","contentUrl":"https:\/\/talkpal.ai\/wp-content\/uploads\/2023\/04\/ukraine.png","width":512,"height":512,"caption":"TalkPal Ukrainian Flag"},{"@type":"BreadcrumbList","@id":"https:\/\/talkpal.ai\/nl\/oekraiense-grammatica-oefeningen\/#breadcrumb","itemListElement":[{"@type":"ListItem","position":1,"name":"Homepage","item":"https:\/\/talkpal.ai\/nl\/"},{"@type":"ListItem","position":2,"name":"Oekra\u00efense grammatica-oefeningen"}]},{"@type":"WebSite","@id":"https:\/\/talkpal.ai\/nl\/#website","url":"https:\/\/talkpal.ai\/nl\/","name":"Talkpal","description":"AI Language Learning","publisher":{"@id":"https:\/\/talkpal.ai\/nl\/#organization"},"alternateName":"Talkpal AI","potentialAction":[{"@type":"SearchAction","target":{"@type":"EntryPoint","urlTemplate":"https:\/\/talkpal.ai\/nl\/?s={search_term_string}"},"query-input":{"@type":"PropertyValueSpecification","valueRequired":true,"valueName":"search_term_string"}}],"inLanguage":"nl-NL"},{"@type":"Organization","@id":"https:\/\/talkpal.ai\/nl\/#organization","name":"Talkpal, Inc.","alternateName":"Talkpal AI","url":"https:\/\/talkpal.ai\/nl\/","logo":{"@type":"ImageObject","inLanguage":"nl-NL","@id":"https:\/\/talkpal.ai\/nl\/#\/schema\/logo\/image\/","url":"https:\/\/talkpal.ai\/wp-content\/uploads\/2024\/03\/Talkpal-Logo-Icon.png","contentUrl":"https:\/\/talkpal.ai\/wp-content\/uploads\/2024\/03\/Talkpal-Logo-Icon.png","width":2880,"height":2880,"caption":"Talkpal, Inc."},"image":{"@id":"https:\/\/talkpal.ai\/nl\/#\/schema\/logo\/image\/"},"sameAs":["https:\/\/www.facebook.com\/profile.php?id=100090733639311","https:\/\/x.com\/talkpalai","https:\/\/www.linkedin.com\/company\/talkpal\/","https:\/\/www.youtube.com\/@TalkPal\/","https:\/\/www.tiktok.com\/@talkpal","https:\/\/www.instagram.com\/talkpal_ai\/","https:\/\/www.crunchbase.com\/organization\/talkpal-9cde","https:\/\/www.g2.com\/products\/talkpal-for-business\/","https:\/\/www.trustpilot.com\/review\/talkpal.ai","https:\/\/www.capterra.com\/p\/10006800\/TalkPal\/"],"description":"Talkpal is a language learning web and mobile education app, powered by the latest AI technologies, that provides engaging experiences to its customers in many different languages to help them improve their language skills. Users can chat about unlimited amount of topics with the app and use other modes to practice their language learning.","email":"support@talkpal.ai","legalName":"Talkpal, Inc.","foundingDate":"2023-04-03","duns":"118989042","numberOfEmployees":{"@type":"QuantitativeValue","minValue":"11","maxValue":"50"},"publishingPrinciples":"https:\/\/talkpal.ai\/publishing-principles\/","actionableFeedbackPolicy":"https:\/\/talkpal.ai\/actionable-feedback-policy\/","correctionsPolicy":"https:\/\/talkpal.ai\/corrections-policy\/","ethicsPolicy":"https:\/\/talkpal.ai\/ethics-policy\/","diversityPolicy":"https:\/\/talkpal.ai\/diversity-policy\/","diversityStaffingReport":"https:\/\/talkpal.ai\/diversity-policy\/"}]}},"_links":{"self":[{"href":"https:\/\/talkpal.ai\/nl\/wp-json\/wp\/v2\/pages\/135737","targetHints":{"allow":["GET"]}}],"collection":[{"href":"https:\/\/talkpal.ai\/nl\/wp-json\/wp\/v2\/pages"}],"about":[{"href":"https:\/\/talkpal.ai\/nl\/wp-json\/wp\/v2\/types\/page"}],"author":[{"embeddable":true,"href":"https:\/\/talkpal.ai\/nl\/wp-json\/wp\/v2\/users\/6"}],"replies":[{"embeddable":true,"href":"https:\/\/talkpal.ai\/nl\/wp-json\/wp\/v2\/comments?post=135737"}],"version-history":[{"count":0,"href":"https:\/\/talkpal.ai\/nl\/wp-json\/wp\/v2\/pages\/135737\/revisions"}],"wp:featuredmedia":[{"embeddable":true,"href":"https:\/\/talkpal.ai\/nl\/wp-json\/wp\/v2\/media\/11619"}],"wp:attachment":[{"href":"https:\/\/talkpal.ai\/nl\/wp-json\/wp\/v2\/media?parent=135737"}],"curies":[{"name":"wp","href":"https:\/\/api.w.org\/{rel}","templated":true}]}}