{"id":131036,"date":"2023-05-14T13:53:24","date_gmt":"2023-05-14T13:53:24","guid":{"rendered":"http:\/\/talkpal.ai\/oekraiense-grammatica\/"},"modified":"2025-12-11T16:38:11","modified_gmt":"2025-12-11T16:38:11","slug":"oekraiense-grammatica","status":"publish","type":"page","link":"https:\/\/talkpal.ai\/nl\/oekraiense-grammatica\/","title":{"rendered":"Oekra\u00efense grammatica"},"content":{"rendered":"\r\n\r\n\r\n<section class=\"languageChallengeSection\">\r\n    <div class=\"languageInfoWrapper\">\r\n        \r\n        <h1>Oekra\u00efense grammatica<\/h1>\r\n        <p>Ontdek de structuur <a href=\"https:\/\/talkpal.ai\/locations\/language-courses-in-van\/\">van<\/a> de Oekra\u00efense taal door de essenti\u00eble grammaticaregels te leren. Als je de <a href=\"https:\/\/talkpal.ai\/es\/gramatica-ucraniana\/\">Oekra\u00efense grammatica<\/a> onder de knie hebt, kun je zelfverzekerder communiceren en je beter inleven in de Oekra\u00efense cultuur en het Oekra\u00efense erfgoed. <a href=\"https:\/\/talkpal.ai\/ko\/ai-%ec%96%b8%ec%96%b4-%ea%b5%90%ec%82%ac\/\">Begin<\/a> vandaag nog aan je Oekra\u00efense grammaticareis en zet de eerste stap naar vloeiendheid!<\/p>\r\n\r\n                            <a class=\"getStartedHidden\" href=\"https:\/\/app.talkpal.ai\/nl\/signup?lng=\">Ga aan de slag<\/a>\r\n        \r\n    <\/div>\r\n\r\n    <figure>\r\n    <img decoding=\"async\" width=\"768\" height=\"768\" src=\"https:\/\/talkpal.ai\/wp-content\/uploads\/2023\/06\/Ukrainian-768x768.png\" class=\"languageImage no-lazy\" alt=\"Default alt text\" fetchpriority=\"high\" sizes=\"(max-width: 768px) 150px, 768px\" srcset=\"https:\/\/talkpal.ai\/wp-content\/uploads\/2023\/06\/Ukrainian-768x768.png 768w, https:\/\/talkpal.ai\/wp-content\/uploads\/2023\/06\/Ukrainian-300x300.png 300w\" \/>\r\n    \r\n\r\n    <\/figure>\r\n\r\n            <a class=\"getStartedVisible\" href=\"https:\/\/app.talkpal.ai\/nl\/signup?lng=\">Ga aan de slag<\/a>\r\n    \r\n<\/section>\r\n        <section class=\"grammarSection\">\r\n            <div class=\"grammarLinks\">\r\n                <a href=\"https:\/\/talkpal.ai\/nl\/language\/aanvoegende-wijs-oekraiense-grammatica\/\">Aanvoegende wijs <\/a><a href=\"https:\/\/talkpal.ai\/nl\/language\/artikelen-oekraiense-grammatica\/\">Artikelen <\/a><a href=\"https:\/\/talkpal.ai\/nl\/language\/bijvoeglijke-naamwoorden-oekraiense-grammatica\/\">Bijvoeglijke naamwoorden <\/a><a href=\"https:\/\/talkpal.ai\/nl\/language\/bijwoorden-oekraiense-grammatica\/\">Bijwoorden <\/a><a href=\"https:\/\/talkpal.ai\/nl\/language\/gespannen-vergelijking-oekraiense-grammatica\/\">Gespannen vergelijking <\/a><a href=\"https:\/\/talkpal.ai\/nl\/language\/tijden-indicatief-oekraiense-grammatica\/\">Tijden Indicatief <\/a><a href=\"https:\/\/talkpal.ai\/nl\/language\/voornaamwoorden-oekraiense-grammatica\/\">Voornaamwoorden <\/a><a href=\"https:\/\/talkpal.ai\/nl\/language\/voorzetsels-oekraiense-grammatica\/\">Voorzetsels <\/a><a href=\"https:\/\/talkpal.ai\/nl\/language\/werkwoorden-oekraiense-grammatica\/\">Werkwoorden <\/a><a href=\"https:\/\/talkpal.ai\/nl\/language\/zelfstandige-naamwoorden-oekraiense-grammatica\/\">Zelfstandige naamwoorden <\/a><a href=\"https:\/\/talkpal.ai\/nl\/language\/zinsbouw-oekraiense-grammatica\/\">Zinsbouw <\/a>            <\/div>\r\n        <\/section>\r\n    <section class=\"promotionalBanner\">\r\n    <p class=\"promotionalText\">De meest effici\u00ebnte manier om een taal te leren<\/p>\r\n    <a class=\"promotionalLink\" href=\"https:\/\/app.talkpal.ai\/nl\/signup?lng=\">Probeer Talkpal gratis<\/a>\r\n<\/section>\n<div class=\"wp-block-group pageContainerStyle\"><div class=\"wp-block-group__inner-container is-layout-constrained wp-block-group-is-layout-constrained\">\n<h2 class=\"wp-block-heading\" id=\"h-a-comprehensive-guide-to-mastering-ukrainian-grammar\">Een uitgebreide gids voor het beheersen van de Oekra\u00efense grammatica<\/h2>\n\n\n\n<p><a href=\"https:\/\/talkpal.ai\/learn-ukrainian\/\">Oekra\u00efens<\/a>, een mooie en melodieuze taal, heeft steeds meer belangstelling gewekt van <a href=\"https:\/\/talkpal.ai\/talkpal-discount-for-language-enthusiasts\/\">taalliefhebbers<\/a> over de hele wereld. <a href=\"https:\/\/talkpal.ai\/nl\/snel-en-effectief-oekraiens-leren-jouw-gids-naar-taalbeheersing\/\">Oekra\u00efens leren<\/a> geeft je toegang tot een rijk cultureel erfgoed en stelt je in staat <a href=\"https:\/\/talkpal.ai\/culture\/how-do-you-use-the-construction-om-te-in-afrikaans\/\">om te<\/a> communiceren met miljoenen mensen in Oekra\u00efne en de buurlanden. Hoewel het in het begin ontmoedigend kan zijn om in de Oekra\u00efense <a href=\"https:\/\/talkpal.ai\/grammar\/\">grammatica<\/a> te duiken, kun je met een sterke basis de nuances van de taal verkennen en de schoonheid ervan ten volle waarderen. Dit artikel leidt je stap voor stap door de basisprincipes van de Oekra\u00efense grammatica en stelt je in staat om vol vertrouwen aan je taalreis te beginnen.<\/p>\n\n\n\n<h3 class=\"wp-block-heading\" id=\"h-1-mastering-ukrainian-nouns-and-cases\">1. Oekra\u00efense zelfstandige naamwoorden en naamvallen onder de knie krijgen<\/h3>\n\n\n\n<p>Een centraal kenmerk van de Oekra\u00efense grammatica is het hoofdlettersysteem. Wanneer u zelfstandige naamwoorden gebruikt, moet u hun geslacht kennen (mannelijk, vrouwelijk of onzijdig) en u bewust zijn van de context die een wijziging in hun uitgangen kan vereisen. De Oekra\u00efense taal kent zeven naamvallen:<\/p>\n\n\n\n<p>&#8211; Nominatief: het onderwerp van een zin<\/p>\n\n\n\n<p>&#8211; Genitief: geeft bezit, hoeveelheid en ontkenning aan<\/p>\n\n\n\n<p>&#8211; Datief: indirect object of beweging naar een doel<\/p>\n\n\n\n<p>&#8211; Accusatief: lijdend voorwerp of beweging gericht op iets<\/p>\n\n\n\n<p>&#8211; Instrumentaal: geeft middel of instrument van actie aan<\/p>\n\n\n\n<p>&#8211; Locatief: geeft locatie aan<\/p>\n\n\n\n<p>&#8211; Vocatief: gebruikt om iemand aan te spreken of te roepen<\/p>\n\n\n\n<p>Je moet letten op de uitgang van het zelfstandig naamwoord en de declinatie, omdat deze veranderen afhankelijk van de naamval, het geslacht en het nummer van het zelfstandig naamwoord.<\/p>\n\n\n\n<h3 class=\"wp-block-heading\" id=\"h-2-navigating-the-ukrainian-verb-system\">2. Navigeren door het Oekra\u00efense werkwoordsysteem<\/h3>\n\n\n\n<p>Oekra\u00efense werkwoorden worden vervoegd op basis van de persoon, het getal, de tijd, de stemming en de stem. In het Oekra\u00efens zijn er vier aspecten van werkwoorden: perfectief, imperfectief, iteratief en inceptief:<\/p>\n\n\n\n<p>&#8211; Perfectief: geeft voltooide handelingen aan<\/p>\n\n\n\n<p>&#8211; Imperfectief: beschrijft voortdurende, gebruikelijke of herhaalde handelingen<\/p>\n\n\n\n<p>&#8211; Iteratief: geeft acties weer die in een bepaald interval worden herhaald<\/p>\n\n\n\n<p>&#8211; Inceptief: geeft het begin van een actie aan<\/p>\n\n\n\n<p>Om door het Oekra\u00efense werkwoordsysteem te navigeren, moet u vertrouwd raken met de drie basisvervoegingen van werkwoorden. Het vervoegingsproces omvat het veranderen van de uitgangen van de werkwoordsstam volgens de tijd, stemming en onderwerp.<\/p>\n\n\n\n<h3 class=\"wp-block-heading\" id=\"h-3-perfecting-ukrainian-adjectives-and-pronouns\">3. Oekra\u00efense bijvoeglijke naamwoorden en voornaamwoorden perfectioneren<\/h3>\n\n\n\n<p>Bijvoeglijke naamwoorden in het Oekra\u00efens moeten overeenkomen met het zelfstandig naamwoord dat ze beschrijven, in geslacht, aantal en naamval. Dit betekent dat u bij het gebruik van een bijvoeglijk naamwoord alert moet zijn op de uitgangen, omdat deze zullen veranderen om in lijn te zijn met het zelfstandig naamwoord. Bovendien kunnen bijvoeglijke naamwoorden in het Oekra\u00efens lange of korte vormen zijn, waarbij elk zijn eigen gebruik heeft, afhankelijk van de context.<\/p>\n\n\n\n<p>Voornaamwoorden worden gebruikt in plaats van zelfstandige naamwoorden en moeten ook overeenkomen met het zelfstandig naamwoord dat ze vervangen, in geslacht, aantal en naamval. Persoonlijke voornaamwoorden in het Oekra\u00efens zijn &#8220;\u044f&#8221; (ik), &#8220;\u0442\u0438&#8221; (jij, enkelvoud), &#8220;\u0432\u0456\u043d\/\u0432\u043e\u043d\u0430\/\u0432\u043e\u043d\u043e&#8221; (hij\/zij\/het), &#8220;\u043c\u0438&#8221; (wij), &#8220;\u0432\u0438&#8221; (jij, meervoud of formeel), en &#8220;\u0432\u043e\u043d\u0438&#8221; (zij). Er zijn ook bezittelijke, aanwijzende en betrekkelijke voornaamwoorden in het Oekra\u00efens.<\/p>\n\n\n\n<h3 class=\"wp-block-heading\" id=\"h-4-putting-it-all-together-sentence-structure\">4. Alles samenvoegen: zinsbouw<\/h3>\n\n\n\n<p>Het Oekra\u00efens volgt de zinsbouw onderwerp-werkwoord-object (SVO), vergelijkbaar met het Engels. In tegenstelling tot het Engels heeft het Oekra\u00efens echter meer flexibiliteit in de woordvolgorde vanwege het hoofdlettersysteem. Deze flexibiliteit stelt sprekers in staat om specifieke woorden of idee\u00ebn te benadrukken door ze op verschillende posities binnen een zin te plaatsen. Hoewel het tijd kan kosten om deze veelzijdigheid onder de knie te krijgen, stelt het je in staat om jezelf artistieker en vloeiender uit te drukken in het Oekra\u00efens.<\/p>\n\n\n\n<h3 class=\"wp-block-heading\" id=\"h-conclusion\">Conclusie<\/h3>\n\n\n\n<p>Als je aan je Oekra\u00efense taalreis begint, onthoud dan dat het vloeiend worden van de grammatica oefening en doorzettingsvermogen vergt. Maak uzelf geleidelijk vertrouwd met de verschillende aspecten van de Oekra\u00efense grammatica, van zelfstandige naamwoorden en naamvallen tot werkwoorden en zinsbouw. Geniet van het leerproces en geniet van de schoonheid en zeggingskracht van de Oekra\u00efense taal. \u0412\u0434\u0430\u0447\u0456! (Succes!)<\/p>\n<\/div><\/div>\n\r\n<section class=\"learnNavigationSection\">\r\n            \r\n        <a href=\"https:\/\/talkpal.ai\/nl\/leer-oekrainer\/\">\r\n            <div class=\"learnNavigationWrapper\">\r\n                <div class=\"learnNavigationContent\">\r\n                    <img decoding=\"async\" src=\"https:\/\/talkpal.ai\/wp-content\/uploads\/2024\/08\/Ukrainian.jpg\" alt=\"Ukrainian Flag\">\r\n                    <div>\r\n                        <h4>Over Oekra\u00efens leren<\/h4>\r\n                        <p>Ontdek alles over Oekra\u00efense grammatica.<\/p>\r\n                    <\/div>\r\n                <\/div>\r\n            <\/div>\r\n        <\/a>\r\n\r\n        \r\n        <a href=\"https:\/\/talkpal.ai\/nl\/oekraiense-grammatica-oefeningen\/\">\r\n            <div class=\"learnNavigationWrapper\">\r\n                <div class=\"learnNavigationContent\">\r\n                    <img decoding=\"async\" src=\"https:\/\/talkpal.ai\/wp-content\/uploads\/2024\/08\/Ukrainian.jpg\" alt=\"Ukrainian Flag\">\r\n                    <div>\r\n                        <h4>Oekra\u00efense grammatica-oefening<\/h4>\r\n                        <p>Oefen de Oekra\u00efense grammatica.<\/p>\r\n                    <\/div>\r\n                <\/div>\r\n            <\/div>\r\n        <\/a>\r\n\r\n        \r\n        <a href=\"https:\/\/talkpal.ai\/vocabulary_language\/ukrainian\/\">\r\n            <div class=\"learnNavigationWrapper\">\r\n                <div class=\"learnNavigationContent\">\r\n                    <img decoding=\"async\" src=\"https:\/\/talkpal.ai\/wp-content\/uploads\/2024\/08\/Ukrainian.jpg\" alt=\"Ukrainian Flag\">\r\n                    <div>\r\n                        <h4>Oekra\u00efense woordenschat<\/h4>\r\n                        <p>Breid je Oekra\u00efense woordenschat uit.<\/p>\r\n                    <\/div>\r\n                <\/div>\r\n            <\/div>\r\n        <\/a>\r\n\r\n            <\/section>","protected":false},"excerpt":{"rendered":"<p>Een uitgebreide gids voor het beheersen van de Oekra\u00efense grammatica Oekra\u00efens, een mooie en melodieuze taal, heeft steeds meer belangstelling gewekt van taalliefhebbers over de hele wereld. Oekra\u00efens leren geeft je toegang tot een rijk cultureel erfgoed en stelt je in staat om te communiceren met miljoenen mensen in Oekra\u00efne en de buurlanden. Hoewel het [&hellip;]<\/p>\n","protected":false},"author":1,"featured_media":11619,"parent":0,"menu_order":0,"comment_status":"closed","ping_status":"closed","template":"LearningContentPage.php","meta":{"_acf_changed":false,"footnotes":""},"class_list":["post-131036","page","type-page","status-publish","has-post-thumbnail","hentry"],"acf":[],"yoast_head":"<!-- This site is optimized with the Yoast SEO Premium plugin v27.2 (Yoast SEO v27.2) - https:\/\/yoast.com\/product\/yoast-seo-premium-wordpress\/ -->\n<title>Oekra\u00efense grammatica - Talkpal<\/title>\n<meta name=\"description\" content=\"Ontdek de schoonheid van Oekra\u00efense grammatica met essenti\u00eble tips en inzichten om uw taalreis te verbeteren.\" \/>\n<meta name=\"robots\" content=\"index, follow, max-snippet:-1, max-image-preview:large, max-video-preview:-1\" \/>\n<link rel=\"canonical\" href=\"https:\/\/talkpal.ai\/nl\/oekraiense-grammatica\/\" \/>\n<meta property=\"og:locale\" content=\"nl_NL\" \/>\n<meta property=\"og:type\" content=\"article\" \/>\n<meta property=\"og:title\" content=\"Oekra\u00efense grammatica\" \/>\n<meta property=\"og:description\" content=\"Een uitgebreide gids voor het beheersen van de Oekra\u00efense grammatica Oekra\u00efens, een mooie en melodieuze taal, heeft steeds meer belangstelling gewekt van\" \/>\n<meta property=\"og:url\" content=\"https:\/\/talkpal.ai\/nl\/oekraiense-grammatica\/\" \/>\n<meta property=\"og:site_name\" content=\"Talkpal\" \/>\n<meta property=\"article:publisher\" content=\"https:\/\/www.facebook.com\/profile.php?id=100090733639311\" \/>\n<meta property=\"article:modified_time\" content=\"2025-12-11T16:38:11+00:00\" \/>\n<meta property=\"og:image\" content=\"https:\/\/talkpal.ai\/wp-content\/uploads\/2023\/04\/ukraine.png\" \/>\n\t<meta property=\"og:image:width\" content=\"512\" \/>\n\t<meta property=\"og:image:height\" content=\"512\" \/>\n\t<meta property=\"og:image:type\" content=\"image\/png\" \/>\n<meta name=\"twitter:card\" content=\"summary_large_image\" \/>\n<meta name=\"twitter:site\" content=\"@talkpalai\" \/>\n<meta name=\"twitter:label1\" content=\"Geschatte leestijd\" \/>\n\t<meta name=\"twitter:data1\" content=\"3 minuten\" \/>\n<script type=\"application\/ld+json\" class=\"yoast-schema-graph\">{\"@context\":\"https:\/\/schema.org\",\"@graph\":[{\"@type\":\"WebPage\",\"@id\":\"https:\/\/talkpal.ai\/nl\/oekraiense-grammatica\/\",\"url\":\"https:\/\/talkpal.ai\/nl\/oekraiense-grammatica\/\",\"name\":\"Oekra\u00efense grammatica - Talkpal\",\"isPartOf\":{\"@id\":\"https:\/\/talkpal.ai\/nl\/#website\"},\"primaryImageOfPage\":{\"@id\":\"https:\/\/talkpal.ai\/nl\/oekraiense-grammatica\/#primaryimage\"},\"image\":{\"@id\":\"https:\/\/talkpal.ai\/nl\/oekraiense-grammatica\/#primaryimage\"},\"thumbnailUrl\":\"https:\/\/talkpal.ai\/wp-content\/uploads\/2023\/04\/ukraine.png\",\"datePublished\":\"2023-05-14T13:53:24+00:00\",\"dateModified\":\"2025-12-11T16:38:11+00:00\",\"description\":\"Ontdek de schoonheid van Oekra\u00efense grammatica met essenti\u00eble tips en inzichten om uw taalreis te verbeteren.\",\"breadcrumb\":{\"@id\":\"https:\/\/talkpal.ai\/nl\/oekraiense-grammatica\/#breadcrumb\"},\"inLanguage\":\"nl-NL\",\"potentialAction\":[{\"@type\":\"ReadAction\",\"target\":[\"https:\/\/talkpal.ai\/nl\/oekraiense-grammatica\/\"]}]},{\"@type\":\"ImageObject\",\"inLanguage\":\"nl-NL\",\"@id\":\"https:\/\/talkpal.ai\/nl\/oekraiense-grammatica\/#primaryimage\",\"url\":\"https:\/\/talkpal.ai\/wp-content\/uploads\/2023\/04\/ukraine.png\",\"contentUrl\":\"https:\/\/talkpal.ai\/wp-content\/uploads\/2023\/04\/ukraine.png\",\"width\":512,\"height\":512,\"caption\":\"TalkPal Ukrainian Flag\"},{\"@type\":\"BreadcrumbList\",\"@id\":\"https:\/\/talkpal.ai\/nl\/oekraiense-grammatica\/#breadcrumb\",\"itemListElement\":[{\"@type\":\"ListItem\",\"position\":1,\"name\":\"Homepage\",\"item\":\"https:\/\/talkpal.ai\/nl\/\"},{\"@type\":\"ListItem\",\"position\":2,\"name\":\"Oekra\u00efense grammatica\"}]},{\"@type\":\"WebSite\",\"@id\":\"https:\/\/talkpal.ai\/nl\/#website\",\"url\":\"https:\/\/talkpal.ai\/nl\/\",\"name\":\"Talkpal\",\"description\":\"AI Language Learning\",\"publisher\":{\"@id\":\"https:\/\/talkpal.ai\/nl\/#organization\"},\"alternateName\":\"Talkpal AI\",\"potentialAction\":[{\"@type\":\"SearchAction\",\"target\":{\"@type\":\"EntryPoint\",\"urlTemplate\":\"https:\/\/talkpal.ai\/nl\/?s={search_term_string}\"},\"query-input\":{\"@type\":\"PropertyValueSpecification\",\"valueRequired\":true,\"valueName\":\"search_term_string\"}}],\"inLanguage\":\"nl-NL\"},{\"@type\":\"Organization\",\"@id\":\"https:\/\/talkpal.ai\/nl\/#organization\",\"name\":\"Talkpal, Inc.\",\"alternateName\":\"Talkpal AI\",\"url\":\"https:\/\/talkpal.ai\/nl\/\",\"logo\":{\"@type\":\"ImageObject\",\"inLanguage\":\"nl-NL\",\"@id\":\"https:\/\/talkpal.ai\/nl\/#\/schema\/logo\/image\/\",\"url\":\"https:\/\/talkpal.ai\/wp-content\/uploads\/2024\/03\/Talkpal-Logo-Icon.png\",\"contentUrl\":\"https:\/\/talkpal.ai\/wp-content\/uploads\/2024\/03\/Talkpal-Logo-Icon.png\",\"width\":2880,\"height\":2880,\"caption\":\"Talkpal, Inc.\"},\"image\":{\"@id\":\"https:\/\/talkpal.ai\/nl\/#\/schema\/logo\/image\/\"},\"sameAs\":[\"https:\/\/www.facebook.com\/profile.php?id=100090733639311\",\"https:\/\/x.com\/talkpalai\",\"https:\/\/www.linkedin.com\/company\/talkpal\/\",\"https:\/\/www.youtube.com\/@TalkPal\/\",\"https:\/\/www.tiktok.com\/@talkpal\",\"https:\/\/www.instagram.com\/talkpal_ai\/\",\"https:\/\/www.crunchbase.com\/organization\/talkpal-9cde\",\"https:\/\/www.g2.com\/products\/talkpal-for-business\/\",\"https:\/\/www.trustpilot.com\/review\/talkpal.ai\",\"https:\/\/www.capterra.com\/p\/10006800\/TalkPal\/\"],\"description\":\"Talkpal is a language learning web and mobile education app, powered by the latest AI technologies, that provides engaging experiences to its customers in many different languages to help them improve their language skills. Users can chat about unlimited amount of topics with the app and use other modes to practice their language learning.\",\"email\":\"support@talkpal.ai\",\"legalName\":\"Talkpal, Inc.\",\"foundingDate\":\"2023-04-03\",\"duns\":\"118989042\",\"numberOfEmployees\":{\"@type\":\"QuantitativeValue\",\"minValue\":\"11\",\"maxValue\":\"50\"},\"publishingPrinciples\":\"https:\/\/talkpal.ai\/publishing-principles\/\",\"actionableFeedbackPolicy\":\"https:\/\/talkpal.ai\/actionable-feedback-policy\/\",\"correctionsPolicy\":\"https:\/\/talkpal.ai\/corrections-policy\/\",\"ethicsPolicy\":\"https:\/\/talkpal.ai\/ethics-policy\/\",\"diversityPolicy\":\"https:\/\/talkpal.ai\/diversity-policy\/\",\"diversityStaffingReport\":\"https:\/\/talkpal.ai\/diversity-policy\/\"}]}<\/script>\n<!-- \/ Yoast SEO Premium plugin. -->","yoast_head_json":{"title":"Oekra\u00efense grammatica - Talkpal","description":"Ontdek de schoonheid van Oekra\u00efense grammatica met essenti\u00eble tips en inzichten om uw taalreis te verbeteren.","robots":{"index":"index","follow":"follow","max-snippet":"max-snippet:-1","max-image-preview":"max-image-preview:large","max-video-preview":"max-video-preview:-1"},"canonical":"https:\/\/talkpal.ai\/nl\/oekraiense-grammatica\/","og_locale":"nl_NL","og_type":"article","og_title":"Oekra\u00efense grammatica","og_description":"Een uitgebreide gids voor het beheersen van de Oekra\u00efense grammatica Oekra\u00efens, een mooie en melodieuze taal, heeft steeds meer belangstelling gewekt van","og_url":"https:\/\/talkpal.ai\/nl\/oekraiense-grammatica\/","og_site_name":"Talkpal","article_publisher":"https:\/\/www.facebook.com\/profile.php?id=100090733639311","article_modified_time":"2025-12-11T16:38:11+00:00","og_image":[{"width":512,"height":512,"url":"https:\/\/talkpal.ai\/wp-content\/uploads\/2023\/04\/ukraine.png","type":"image\/png"}],"twitter_card":"summary_large_image","twitter_site":"@talkpalai","twitter_misc":{"Geschatte leestijd":"3 minuten"},"schema":{"@context":"https:\/\/schema.org","@graph":[{"@type":"WebPage","@id":"https:\/\/talkpal.ai\/nl\/oekraiense-grammatica\/","url":"https:\/\/talkpal.ai\/nl\/oekraiense-grammatica\/","name":"Oekra\u00efense grammatica - Talkpal","isPartOf":{"@id":"https:\/\/talkpal.ai\/nl\/#website"},"primaryImageOfPage":{"@id":"https:\/\/talkpal.ai\/nl\/oekraiense-grammatica\/#primaryimage"},"image":{"@id":"https:\/\/talkpal.ai\/nl\/oekraiense-grammatica\/#primaryimage"},"thumbnailUrl":"https:\/\/talkpal.ai\/wp-content\/uploads\/2023\/04\/ukraine.png","datePublished":"2023-05-14T13:53:24+00:00","dateModified":"2025-12-11T16:38:11+00:00","description":"Ontdek de schoonheid van Oekra\u00efense grammatica met essenti\u00eble tips en inzichten om uw taalreis te verbeteren.","breadcrumb":{"@id":"https:\/\/talkpal.ai\/nl\/oekraiense-grammatica\/#breadcrumb"},"inLanguage":"nl-NL","potentialAction":[{"@type":"ReadAction","target":["https:\/\/talkpal.ai\/nl\/oekraiense-grammatica\/"]}]},{"@type":"ImageObject","inLanguage":"nl-NL","@id":"https:\/\/talkpal.ai\/nl\/oekraiense-grammatica\/#primaryimage","url":"https:\/\/talkpal.ai\/wp-content\/uploads\/2023\/04\/ukraine.png","contentUrl":"https:\/\/talkpal.ai\/wp-content\/uploads\/2023\/04\/ukraine.png","width":512,"height":512,"caption":"TalkPal Ukrainian Flag"},{"@type":"BreadcrumbList","@id":"https:\/\/talkpal.ai\/nl\/oekraiense-grammatica\/#breadcrumb","itemListElement":[{"@type":"ListItem","position":1,"name":"Homepage","item":"https:\/\/talkpal.ai\/nl\/"},{"@type":"ListItem","position":2,"name":"Oekra\u00efense grammatica"}]},{"@type":"WebSite","@id":"https:\/\/talkpal.ai\/nl\/#website","url":"https:\/\/talkpal.ai\/nl\/","name":"Talkpal","description":"AI Language Learning","publisher":{"@id":"https:\/\/talkpal.ai\/nl\/#organization"},"alternateName":"Talkpal AI","potentialAction":[{"@type":"SearchAction","target":{"@type":"EntryPoint","urlTemplate":"https:\/\/talkpal.ai\/nl\/?s={search_term_string}"},"query-input":{"@type":"PropertyValueSpecification","valueRequired":true,"valueName":"search_term_string"}}],"inLanguage":"nl-NL"},{"@type":"Organization","@id":"https:\/\/talkpal.ai\/nl\/#organization","name":"Talkpal, Inc.","alternateName":"Talkpal AI","url":"https:\/\/talkpal.ai\/nl\/","logo":{"@type":"ImageObject","inLanguage":"nl-NL","@id":"https:\/\/talkpal.ai\/nl\/#\/schema\/logo\/image\/","url":"https:\/\/talkpal.ai\/wp-content\/uploads\/2024\/03\/Talkpal-Logo-Icon.png","contentUrl":"https:\/\/talkpal.ai\/wp-content\/uploads\/2024\/03\/Talkpal-Logo-Icon.png","width":2880,"height":2880,"caption":"Talkpal, Inc."},"image":{"@id":"https:\/\/talkpal.ai\/nl\/#\/schema\/logo\/image\/"},"sameAs":["https:\/\/www.facebook.com\/profile.php?id=100090733639311","https:\/\/x.com\/talkpalai","https:\/\/www.linkedin.com\/company\/talkpal\/","https:\/\/www.youtube.com\/@TalkPal\/","https:\/\/www.tiktok.com\/@talkpal","https:\/\/www.instagram.com\/talkpal_ai\/","https:\/\/www.crunchbase.com\/organization\/talkpal-9cde","https:\/\/www.g2.com\/products\/talkpal-for-business\/","https:\/\/www.trustpilot.com\/review\/talkpal.ai","https:\/\/www.capterra.com\/p\/10006800\/TalkPal\/"],"description":"Talkpal is a language learning web and mobile education app, powered by the latest AI technologies, that provides engaging experiences to its customers in many different languages to help them improve their language skills. Users can chat about unlimited amount of topics with the app and use other modes to practice their language learning.","email":"support@talkpal.ai","legalName":"Talkpal, Inc.","foundingDate":"2023-04-03","duns":"118989042","numberOfEmployees":{"@type":"QuantitativeValue","minValue":"11","maxValue":"50"},"publishingPrinciples":"https:\/\/talkpal.ai\/publishing-principles\/","actionableFeedbackPolicy":"https:\/\/talkpal.ai\/actionable-feedback-policy\/","correctionsPolicy":"https:\/\/talkpal.ai\/corrections-policy\/","ethicsPolicy":"https:\/\/talkpal.ai\/ethics-policy\/","diversityPolicy":"https:\/\/talkpal.ai\/diversity-policy\/","diversityStaffingReport":"https:\/\/talkpal.ai\/diversity-policy\/"}]}},"_links":{"self":[{"href":"https:\/\/talkpal.ai\/nl\/wp-json\/wp\/v2\/pages\/131036","targetHints":{"allow":["GET"]}}],"collection":[{"href":"https:\/\/talkpal.ai\/nl\/wp-json\/wp\/v2\/pages"}],"about":[{"href":"https:\/\/talkpal.ai\/nl\/wp-json\/wp\/v2\/types\/page"}],"author":[{"embeddable":true,"href":"https:\/\/talkpal.ai\/nl\/wp-json\/wp\/v2\/users\/1"}],"replies":[{"embeddable":true,"href":"https:\/\/talkpal.ai\/nl\/wp-json\/wp\/v2\/comments?post=131036"}],"version-history":[{"count":0,"href":"https:\/\/talkpal.ai\/nl\/wp-json\/wp\/v2\/pages\/131036\/revisions"}],"wp:featuredmedia":[{"embeddable":true,"href":"https:\/\/talkpal.ai\/nl\/wp-json\/wp\/v2\/media\/11619"}],"wp:attachment":[{"href":"https:\/\/talkpal.ai\/nl\/wp-json\/wp\/v2\/media?parent=131036"}],"curies":[{"name":"wp","href":"https:\/\/api.w.org\/{rel}","templated":true}]}}