{"id":129989,"date":"2023-05-14T13:51:46","date_gmt":"2023-05-14T13:51:46","guid":{"rendered":"http:\/\/talkpal.ai\/portugese-grammatica\/"},"modified":"2025-12-11T16:48:47","modified_gmt":"2025-12-11T16:48:47","slug":"portugese-grammatica","status":"publish","type":"page","link":"https:\/\/talkpal.ai\/nl\/portugese-grammatica\/","title":{"rendered":"Portugese grammatica"},"content":{"rendered":"\r\n\r\n\r\n<section class=\"languageChallengeSection\">\r\n    <div class=\"languageInfoWrapper\">\r\n        \r\n        <h1>Portugese grammatica<\/h1>\r\n        <p>Ontdek de essentie <a href=\"https:\/\/talkpal.ai\/locations\/language-courses-in-van\/\">van<\/a> de <a href=\"https:\/\/talkpal.ai\/nl\/grammar\/aanwezig-in-de-portugese-grammatica\/\">Portugese grammatica<\/a> en ontgrendel een wereld aan mogelijkheden om in contact te komen met miljoenen sprekers wereldwijd. Als je de belangrijkste regels en structuren onder de knie hebt, ben je klaar om met vertrouwen te communiceren en ten volle te genieten van de Portugese cultuur. Begin vandaag nog met het leren van Portugese <a href=\"https:\/\/talkpal.ai\/grammar\/\">grammatica<\/a> en zet je eerste stap op weg naar vloeiendheid!<\/p>\r\n\r\n                            <a class=\"getStartedHidden\" href=\"https:\/\/app.talkpal.ai\/nl\/signup?lng=\">Ga aan de slag<\/a>\r\n        \r\n    <\/div>\r\n\r\n    <figure>\r\n    <img decoding=\"async\" width=\"768\" height=\"768\" src=\"https:\/\/talkpal.ai\/wp-content\/uploads\/2023\/06\/portuguese-768x768.png\" class=\"languageImage no-lazy\" alt=\"Default alt text\" fetchpriority=\"high\" sizes=\"(max-width: 768px) 150px, 768px\" srcset=\"https:\/\/talkpal.ai\/wp-content\/uploads\/2023\/06\/portuguese-768x768.png 768w, https:\/\/talkpal.ai\/wp-content\/uploads\/2023\/06\/portuguese-300x300.png 300w\" \/>\r\n    \r\n\r\n    <\/figure>\r\n\r\n            <a class=\"getStartedVisible\" href=\"https:\/\/app.talkpal.ai\/nl\/signup?lng=\">Ga aan de slag<\/a>\r\n    \r\n<\/section>\r\n        <section class=\"grammarSection\">\r\n            <div class=\"grammarLinks\">\r\n                <a href=\"https:\/\/talkpal.ai\/nl\/language\/aanvoegende-wijs-portugese-grammatica\/\">Aanvoegende wijs <\/a><a href=\"https:\/\/talkpal.ai\/nl\/language\/artikelen-portugese-grammatica\/\">Artikelen <\/a><a href=\"https:\/\/talkpal.ai\/nl\/language\/bijvoeglijke-naamwoorden-portugese-grammatica\/\">Bijvoeglijke naamwoorden <\/a><a href=\"https:\/\/talkpal.ai\/nl\/language\/bijwoorden-portugese-grammatica\/\">Bijwoorden <\/a><a href=\"https:\/\/talkpal.ai\/nl\/language\/gespannen-vergelijking-portugese-grammatica\/\">Gespannen vergelijking <\/a><a href=\"https:\/\/talkpal.ai\/nl\/language\/tijden-indicatief-portugese-grammatica\/\">Tijden Indicatief <\/a><a href=\"https:\/\/talkpal.ai\/nl\/language\/voornaamwoorden-portugese-grammatica\/\">Voornaamwoorden <\/a><a href=\"https:\/\/talkpal.ai\/nl\/language\/voorzetsels-portugese-grammatica\/\">Voorzetsels <\/a><a href=\"https:\/\/talkpal.ai\/nl\/language\/werkwoorden-portugese-grammatica\/\">Werkwoorden <\/a><a href=\"https:\/\/talkpal.ai\/nl\/language\/zelfstandige-naamwoorden-portugese-grammatica\/\">Zelfstandige naamwoorden <\/a><a href=\"https:\/\/talkpal.ai\/nl\/language\/zinsbouw-portugese-grammatica\/\">Zinsbouw <\/a>            <\/div>\r\n        <\/section>\r\n    <section class=\"promotionalBanner\">\r\n    <p class=\"promotionalText\">De meest effici\u00ebnte manier om een taal te leren<\/p>\r\n    <a class=\"promotionalLink\" href=\"https:\/\/app.talkpal.ai\/nl\/signup?lng=\">Probeer Talkpal gratis<\/a>\r\n<\/section>\n<div class=\"wp-block-group pageContainerStyle\"><div class=\"wp-block-group__inner-container is-layout-constrained wp-block-group-is-layout-constrained\">\n<h2 class=\"wp-block-heading\" id=\"h-a-beginner-s-guide-to-understanding-portuguese-grammar\">Een beginnersgids voor het begrijpen van de Portugese grammatica<\/h2>\n\n\n\n<p>Of je nu een reis naar <a href=\"https:\/\/talkpal.ai\/locations\/language-courses-in-portugal\/\">Portugal<\/a> plant of gewoon ge\u00efnteresseerd bent in het beheersen van een nieuwe taal, <a href=\"https:\/\/talkpal.ai\/nl\/portugees-leren\/\">Portugees leren<\/a> kan een opwindende en lonende ervaring zijn. Een essentieel aspect van het leren van de Portugese taal is, net als elk ander, het begrijpen van de grammatica. Dit artikel leidt u door de basisprincipes van de Portugese grammatica en geeft u essenti\u00eble tips en inzichten om u te helpen moeiteloos te navigeren en te communiceren. Dus als je hebt gewacht om de wereld van het <a href=\"https:\/\/talkpal.ai\/learn-portuguese\/\">Portugees<\/a> in te duiken, laten we dan beginnen!<\/p>\n\n\n\n<h3 class=\"wp-block-heading\" id=\"h-1-the-basics-nouns-pronouns-and-articles\">1. De basis: zelfstandige naamwoorden, voornaamwoorden en lidwoorden<\/h3>\n\n\n\n<p>Net als in het <a href=\"https:\/\/talkpal.ai\/learn-english-with-ai\/\">Engels<\/a> is de Portugese grammatica opgebouwd rond <a href=\"https:\/\/talkpal.ai\/nl\/grammar\/overeenkomst-met-zelfstandige-naamwoorden-geslacht-en-getal-in-authentieke-grammatica\/\">zelfstandige naamwoorden<\/a>, voornaamwoorden en lidwoorden. Zelfstandige naamwoorden in het Portugees kunnen mannelijk of vrouwelijk zijn, en het is belangrijk om het geslacht vast te stellen voor een goede zinsvorming. Bijvoorbeeld, &#8220;o menino&#8221; vertaalt naar &#8220;de jongen&#8221;, terwijl &#8220;a menina&#8221; vertaalt naar &#8220;het meisje&#8221;.<\/p>\n\n\n\n<p>Voornaamwoorden in het Portugees fungeren, net als het Engels, als vervanging voor zelfstandige naamwoorden. Ook zij hebben geslachten. Persoonlijke voornaamwoorden zijn eu (ik), voc\u00ea\/tu (jij), ele\/ela (hij\/zij), n\u00f3s (wij) en eles\/elas (zij).<\/p>\n\n\n\n<p>Bepaalde lidwoorden (de) en onbepaalde lidwoorden (een\/een) zijn ook geslachtsspecifiek en zijn essentieel voor een goede zinsconstructie. In het Portugees zijn de bepaalde lidwoorden &#8220;o&#8221; (mannelijk) en &#8220;a&#8221; (vrouwelijk), en de onbepaalde lidwoorden &#8220;um&#8221; (mannelijk) en &#8220;uma&#8221; (vrouwelijk).<\/p>\n\n\n\n<h3 class=\"wp-block-heading\" id=\"h-2-adjectives-and-adverbs-add-spice-to-your-sentences\">2. Bijvoeglijke naamwoorden en bijwoorden: voeg pit toe aan uw zinnen<\/h3>\n\n\n\n<p>Bijvoeglijke naamwoorden zijn woorden die zelfstandige naamwoorden beschrijven of wijzigen, en net als zelfstandige naamwoorden hebben ze geslachten. Gewoonlijk zijn bijvoeglijke naamwoorden die eindigen op &#8220;o&#8221; mannelijk, terwijl bijvoeglijke naamwoorden die eindigen op &#8220;a&#8221; vrouwelijk zijn. Het is essentieel om het geslacht van het bijvoeglijk naamwoord aan te passen aan het zelfstandig naamwoord dat het beschrijft. Bijvoorbeeld, &#8220;homem alto&#8221; betekent &#8220;lange man&#8221;, terwijl &#8220;mulher alta&#8221; &#8220;lange vrouw&#8221; betekent.<\/p>\n\n\n\n<p>Bijwoorden daarentegen wijzigen werkwoorden, bijvoeglijke naamwoorden of andere bijwoorden. In het Portugees hebben bijwoorden meestal geen geslachtsspecifieke vormen. Enkele veelgebruikte bijwoorden zijn &#8220;rapidamente&#8221; (snel), &#8220;lentamente&#8221; (langzaam) en &#8220;sempre&#8221; (altijd).<\/p>\n\n\n\n<h3 class=\"wp-block-heading\" id=\"h-3-verbs-the-action-words\">3. Werkwoorden: de actiewoorden<\/h3>\n\n\n\n<p>Portugese werkwoorden worden ingedeeld in drie vervoegingsgroepen (-ar, -er, -ir), en hun vormen veranderen afhankelijk van de tijd en het onderwerp. Dit zijn enkele essenti\u00eble tijden die je moet kennen:<\/p>\n\n\n\n<p>&#8211; Tegenwoordige tijd (Presente): Beschrijft handelingen die nu plaatsvinden of gebruikelijke handelingen.<br\/>&#8211; Verleden tijd (Pret\u00e9rito): Beschrijft handelingen die in het verleden plaatsvonden. Er zijn twee soorten: Pret\u00e9rito Perfeito (eenvoudig verleden) en Pret\u00e9rito Imperfeito (doorlopend verleden).<br\/>&#8211; Toekomende tijd (Futuro): Beschrijft handelingen die in de toekomst zullen gebeuren.<\/p>\n\n\n\n<p>Het beheersen van werkwoordvervoegingen kan een uitdaging zijn in het Portugees, maar oefening en consistentie zullen u helpen het effici\u00ebnter te begrijpen.<\/p>\n\n\n\n<h3 class=\"wp-block-heading\" id=\"h-4-word-order-building-understandable-sentences\">4. Woordvolgorde: begrijpelijke zinnen bouwen<\/h3>\n\n\n\n<p>De typisch Portugese zinsbouw volgt de volgorde Onderwerp-Werkwoord-Object (SVO). Bijvoorbeeld, de zin &#8220;Eu amo pizza&#8221; (&#8220;Ik hou van pizza&#8221;) volgt dit patroon. De Portugese grammatica kan echter behoorlijk flexibel zijn en u kunt variaties in de woordvolgorde tegenkomen, vooral in literatuur of informele gesprekken. Context en gezond verstand zijn cruciaal om deze variaties te begrijpen.<\/p>\n\n\n\n<h3 class=\"wp-block-heading\" id=\"h-5-negation-and-interrogation-say-no-and-ask-questions\">5. Ontkenning en ondervraging: zeg nee en stel vragen<\/h3>\n\n\n\n<p>Om een zin in het Portugees te ontkennen, plaats je gewoon het woord &#8220;n\u00e3o&#8221; voor het werkwoord. Bijvoorbeeld, &#8220;Eu n\u00e3o falo portugu\u00eas&#8221; betekent &#8220;Ik spreek geen Portugees&#8221;.<\/p>\n\n\n\n<p>Om van een uitspraak een vraag te maken in het Portugees, kun je de woordvolgorde veranderen of een vragend woord gebruiken (zoals &#8220;quem&#8221; voor &#8220;wie&#8221;, &#8220;o que&#8221; voor &#8220;wat&#8221; of &#8220;onde&#8221; voor &#8220;waar&#8221;). &#8220;Voc\u00ea fala ingl\u00eas?&#8221; betekent bijvoorbeeld &#8220;Spreek je Engels?&#8221;.<\/p>\n\n\n\n<h3 class=\"wp-block-heading\" id=\"h-conclusion\">Conclusie<\/h3>\n\n\n\n<p>Portugese grammatica leren lijkt misschien ontmoedigend, maar laat je niet ontmoedigen! Elke taal heeft zijn complexiteiten, maar met consistentie, oefening en een beetje geduld zul je merken dat je zelfverzekerd en effectief communiceert. Houd er rekening mee dat het leren van grammatica slechts een onderdeel is van taalverwerving, en dat je ook moet oefenen met luisteren, spreken en lezen in het Portugees. Boa sorte! (Succes!)<\/p>\n<\/div><\/div>\n\r\n<section class=\"learnNavigationSection\">\r\n            \r\n        <a href=\"https:\/\/talkpal.ai\/nl\/portugees-leren\/\">\r\n            <div class=\"learnNavigationWrapper\">\r\n                <div class=\"learnNavigationContent\">\r\n                    <img decoding=\"async\" src=\"https:\/\/talkpal.ai\/wp-content\/uploads\/2024\/08\/Portuguese.jpg\" alt=\"Portuguese Flag\">\r\n                    <div>\r\n                        <h4>Over Portugal Leren<\/h4>\r\n                        <p>Ontdek alles over Portugese grammatica.<\/p>\r\n                    <\/div>\r\n                <\/div>\r\n            <\/div>\r\n        <\/a>\r\n\r\n        \r\n        <a href=\"https:\/\/talkpal.ai\/nl\/portugese-grammatica-oefeningen\/\">\r\n            <div class=\"learnNavigationWrapper\">\r\n                <div class=\"learnNavigationContent\">\r\n                    <img decoding=\"async\" src=\"https:\/\/talkpal.ai\/wp-content\/uploads\/2024\/08\/Portuguese.jpg\" alt=\"Portuguese Flag\">\r\n                    <div>\r\n                        <h4>Oefening Portugese grammatica<\/h4>\r\n                        <p>Oefen de Portugese grammatica.<\/p>\r\n                    <\/div>\r\n                <\/div>\r\n            <\/div>\r\n        <\/a>\r\n\r\n        \r\n        <a href=\"https:\/\/talkpal.ai\/vocabulary_language\/portuguese\/\">\r\n            <div class=\"learnNavigationWrapper\">\r\n                <div class=\"learnNavigationContent\">\r\n                    <img decoding=\"async\" src=\"https:\/\/talkpal.ai\/wp-content\/uploads\/2024\/08\/Portuguese.jpg\" alt=\"Portuguese Flag\">\r\n                    <div>\r\n                        <h4>Portugese woordenschat<\/h4>\r\n                        <p>Breid je Portugese woordenschat uit.<\/p>\r\n                    <\/div>\r\n                <\/div>\r\n            <\/div>\r\n        <\/a>\r\n\r\n            <\/section>","protected":false},"excerpt":{"rendered":"<p>Een beginnersgids voor het begrijpen van de Portugese grammatica Of je nu een reis naar Portugal plant of gewoon ge\u00efnteresseerd bent in het beheersen van een nieuwe taal, Portugees leren kan een opwindende en lonende ervaring zijn. Een essentieel aspect van het leren van de Portugese taal is, net als elk ander, het begrijpen van [&hellip;]<\/p>\n","protected":false},"author":1,"featured_media":11591,"parent":0,"menu_order":0,"comment_status":"closed","ping_status":"closed","template":"LearningContentPage.php","meta":{"_acf_changed":false,"footnotes":""},"class_list":["post-129989","page","type-page","status-publish","has-post-thumbnail","hentry"],"acf":[],"yoast_head":"<!-- This site is optimized with the Yoast SEO Premium plugin v27.2 (Yoast SEO v27.2) - https:\/\/yoast.com\/product\/yoast-seo-premium-wordpress\/ -->\n<title>Portugese grammatica - Talkpal<\/title>\n<meta name=\"description\" content=\"Leer de Portugese grammatica met interactieve oefeningen voor alle niveaus. Verbeter je taalvaardigheid!\" \/>\n<meta name=\"robots\" content=\"index, follow, max-snippet:-1, max-image-preview:large, max-video-preview:-1\" \/>\n<link rel=\"canonical\" href=\"https:\/\/talkpal.ai\/nl\/portugese-grammatica\/\" \/>\n<meta property=\"og:locale\" content=\"nl_NL\" \/>\n<meta property=\"og:type\" content=\"article\" \/>\n<meta property=\"og:title\" content=\"Portugese grammatica\" \/>\n<meta property=\"og:description\" content=\"Een beginnersgids voor het begrijpen van de Portugese grammatica Of je nu een reis naar Portugal plant of gewoon ge\u00efnteresseerd bent in het beheersen van\" \/>\n<meta property=\"og:url\" content=\"https:\/\/talkpal.ai\/nl\/portugese-grammatica\/\" \/>\n<meta property=\"og:site_name\" content=\"Talkpal\" \/>\n<meta property=\"article:publisher\" content=\"https:\/\/www.facebook.com\/profile.php?id=100090733639311\" \/>\n<meta property=\"article:modified_time\" content=\"2025-12-11T16:48:47+00:00\" \/>\n<meta property=\"og:image\" content=\"https:\/\/talkpal.ai\/wp-content\/uploads\/2023\/04\/portugal.png\" \/>\n\t<meta property=\"og:image:width\" content=\"512\" \/>\n\t<meta property=\"og:image:height\" content=\"512\" \/>\n\t<meta property=\"og:image:type\" content=\"image\/png\" \/>\n<meta name=\"twitter:card\" content=\"summary_large_image\" \/>\n<meta name=\"twitter:site\" content=\"@talkpalai\" \/>\n<meta name=\"twitter:label1\" content=\"Geschatte leestijd\" \/>\n\t<meta name=\"twitter:data1\" content=\"3 minuten\" \/>\n<script type=\"application\/ld+json\" class=\"yoast-schema-graph\">{\"@context\":\"https:\/\/schema.org\",\"@graph\":[{\"@type\":\"WebPage\",\"@id\":\"https:\/\/talkpal.ai\/nl\/portugese-grammatica\/\",\"url\":\"https:\/\/talkpal.ai\/nl\/portugese-grammatica\/\",\"name\":\"Portugese grammatica - Talkpal\",\"isPartOf\":{\"@id\":\"https:\/\/talkpal.ai\/nl\/#website\"},\"primaryImageOfPage\":{\"@id\":\"https:\/\/talkpal.ai\/nl\/portugese-grammatica\/#primaryimage\"},\"image\":{\"@id\":\"https:\/\/talkpal.ai\/nl\/portugese-grammatica\/#primaryimage\"},\"thumbnailUrl\":\"https:\/\/talkpal.ai\/wp-content\/uploads\/2023\/04\/portugal.png\",\"datePublished\":\"2023-05-14T13:51:46+00:00\",\"dateModified\":\"2025-12-11T16:48:47+00:00\",\"description\":\"Leer de Portugese grammatica met interactieve oefeningen voor alle niveaus. Verbeter je taalvaardigheid!\",\"breadcrumb\":{\"@id\":\"https:\/\/talkpal.ai\/nl\/portugese-grammatica\/#breadcrumb\"},\"inLanguage\":\"nl-NL\",\"potentialAction\":[{\"@type\":\"ReadAction\",\"target\":[\"https:\/\/talkpal.ai\/nl\/portugese-grammatica\/\"]}]},{\"@type\":\"ImageObject\",\"inLanguage\":\"nl-NL\",\"@id\":\"https:\/\/talkpal.ai\/nl\/portugese-grammatica\/#primaryimage\",\"url\":\"https:\/\/talkpal.ai\/wp-content\/uploads\/2023\/04\/portugal.png\",\"contentUrl\":\"https:\/\/talkpal.ai\/wp-content\/uploads\/2023\/04\/portugal.png\",\"width\":512,\"height\":512},{\"@type\":\"BreadcrumbList\",\"@id\":\"https:\/\/talkpal.ai\/nl\/portugese-grammatica\/#breadcrumb\",\"itemListElement\":[{\"@type\":\"ListItem\",\"position\":1,\"name\":\"Homepage\",\"item\":\"https:\/\/talkpal.ai\/nl\/\"},{\"@type\":\"ListItem\",\"position\":2,\"name\":\"Portugese grammatica\"}]},{\"@type\":\"WebSite\",\"@id\":\"https:\/\/talkpal.ai\/nl\/#website\",\"url\":\"https:\/\/talkpal.ai\/nl\/\",\"name\":\"Talkpal\",\"description\":\"AI Language Learning\",\"publisher\":{\"@id\":\"https:\/\/talkpal.ai\/nl\/#organization\"},\"alternateName\":\"Talkpal AI\",\"potentialAction\":[{\"@type\":\"SearchAction\",\"target\":{\"@type\":\"EntryPoint\",\"urlTemplate\":\"https:\/\/talkpal.ai\/nl\/?s={search_term_string}\"},\"query-input\":{\"@type\":\"PropertyValueSpecification\",\"valueRequired\":true,\"valueName\":\"search_term_string\"}}],\"inLanguage\":\"nl-NL\"},{\"@type\":\"Organization\",\"@id\":\"https:\/\/talkpal.ai\/nl\/#organization\",\"name\":\"Talkpal, Inc.\",\"alternateName\":\"Talkpal AI\",\"url\":\"https:\/\/talkpal.ai\/nl\/\",\"logo\":{\"@type\":\"ImageObject\",\"inLanguage\":\"nl-NL\",\"@id\":\"https:\/\/talkpal.ai\/nl\/#\/schema\/logo\/image\/\",\"url\":\"https:\/\/talkpal.ai\/wp-content\/uploads\/2024\/03\/Talkpal-Logo-Icon.png\",\"contentUrl\":\"https:\/\/talkpal.ai\/wp-content\/uploads\/2024\/03\/Talkpal-Logo-Icon.png\",\"width\":2880,\"height\":2880,\"caption\":\"Talkpal, Inc.\"},\"image\":{\"@id\":\"https:\/\/talkpal.ai\/nl\/#\/schema\/logo\/image\/\"},\"sameAs\":[\"https:\/\/www.facebook.com\/profile.php?id=100090733639311\",\"https:\/\/x.com\/talkpalai\",\"https:\/\/www.linkedin.com\/company\/talkpal\/\",\"https:\/\/www.youtube.com\/@TalkPal\/\",\"https:\/\/www.tiktok.com\/@talkpal\",\"https:\/\/www.instagram.com\/talkpal_ai\/\",\"https:\/\/www.crunchbase.com\/organization\/talkpal-9cde\",\"https:\/\/www.g2.com\/products\/talkpal-for-business\/\",\"https:\/\/www.trustpilot.com\/review\/talkpal.ai\",\"https:\/\/www.capterra.com\/p\/10006800\/TalkPal\/\"],\"description\":\"Talkpal is a language learning web and mobile education app, powered by the latest AI technologies, that provides engaging experiences to its customers in many different languages to help them improve their language skills. Users can chat about unlimited amount of topics with the app and use other modes to practice their language learning.\",\"email\":\"support@talkpal.ai\",\"legalName\":\"Talkpal, Inc.\",\"foundingDate\":\"2023-04-03\",\"duns\":\"118989042\",\"numberOfEmployees\":{\"@type\":\"QuantitativeValue\",\"minValue\":\"11\",\"maxValue\":\"50\"},\"publishingPrinciples\":\"https:\/\/talkpal.ai\/publishing-principles\/\",\"actionableFeedbackPolicy\":\"https:\/\/talkpal.ai\/actionable-feedback-policy\/\",\"correctionsPolicy\":\"https:\/\/talkpal.ai\/corrections-policy\/\",\"ethicsPolicy\":\"https:\/\/talkpal.ai\/ethics-policy\/\",\"diversityPolicy\":\"https:\/\/talkpal.ai\/diversity-policy\/\",\"diversityStaffingReport\":\"https:\/\/talkpal.ai\/diversity-policy\/\"}]}<\/script>\n<!-- \/ Yoast SEO Premium plugin. -->","yoast_head_json":{"title":"Portugese grammatica - Talkpal","description":"Leer de Portugese grammatica met interactieve oefeningen voor alle niveaus. Verbeter je taalvaardigheid!","robots":{"index":"index","follow":"follow","max-snippet":"max-snippet:-1","max-image-preview":"max-image-preview:large","max-video-preview":"max-video-preview:-1"},"canonical":"https:\/\/talkpal.ai\/nl\/portugese-grammatica\/","og_locale":"nl_NL","og_type":"article","og_title":"Portugese grammatica","og_description":"Een beginnersgids voor het begrijpen van de Portugese grammatica Of je nu een reis naar Portugal plant of gewoon ge\u00efnteresseerd bent in het beheersen van","og_url":"https:\/\/talkpal.ai\/nl\/portugese-grammatica\/","og_site_name":"Talkpal","article_publisher":"https:\/\/www.facebook.com\/profile.php?id=100090733639311","article_modified_time":"2025-12-11T16:48:47+00:00","og_image":[{"width":512,"height":512,"url":"https:\/\/talkpal.ai\/wp-content\/uploads\/2023\/04\/portugal.png","type":"image\/png"}],"twitter_card":"summary_large_image","twitter_site":"@talkpalai","twitter_misc":{"Geschatte leestijd":"3 minuten"},"schema":{"@context":"https:\/\/schema.org","@graph":[{"@type":"WebPage","@id":"https:\/\/talkpal.ai\/nl\/portugese-grammatica\/","url":"https:\/\/talkpal.ai\/nl\/portugese-grammatica\/","name":"Portugese grammatica - Talkpal","isPartOf":{"@id":"https:\/\/talkpal.ai\/nl\/#website"},"primaryImageOfPage":{"@id":"https:\/\/talkpal.ai\/nl\/portugese-grammatica\/#primaryimage"},"image":{"@id":"https:\/\/talkpal.ai\/nl\/portugese-grammatica\/#primaryimage"},"thumbnailUrl":"https:\/\/talkpal.ai\/wp-content\/uploads\/2023\/04\/portugal.png","datePublished":"2023-05-14T13:51:46+00:00","dateModified":"2025-12-11T16:48:47+00:00","description":"Leer de Portugese grammatica met interactieve oefeningen voor alle niveaus. Verbeter je taalvaardigheid!","breadcrumb":{"@id":"https:\/\/talkpal.ai\/nl\/portugese-grammatica\/#breadcrumb"},"inLanguage":"nl-NL","potentialAction":[{"@type":"ReadAction","target":["https:\/\/talkpal.ai\/nl\/portugese-grammatica\/"]}]},{"@type":"ImageObject","inLanguage":"nl-NL","@id":"https:\/\/talkpal.ai\/nl\/portugese-grammatica\/#primaryimage","url":"https:\/\/talkpal.ai\/wp-content\/uploads\/2023\/04\/portugal.png","contentUrl":"https:\/\/talkpal.ai\/wp-content\/uploads\/2023\/04\/portugal.png","width":512,"height":512},{"@type":"BreadcrumbList","@id":"https:\/\/talkpal.ai\/nl\/portugese-grammatica\/#breadcrumb","itemListElement":[{"@type":"ListItem","position":1,"name":"Homepage","item":"https:\/\/talkpal.ai\/nl\/"},{"@type":"ListItem","position":2,"name":"Portugese grammatica"}]},{"@type":"WebSite","@id":"https:\/\/talkpal.ai\/nl\/#website","url":"https:\/\/talkpal.ai\/nl\/","name":"Talkpal","description":"AI Language Learning","publisher":{"@id":"https:\/\/talkpal.ai\/nl\/#organization"},"alternateName":"Talkpal AI","potentialAction":[{"@type":"SearchAction","target":{"@type":"EntryPoint","urlTemplate":"https:\/\/talkpal.ai\/nl\/?s={search_term_string}"},"query-input":{"@type":"PropertyValueSpecification","valueRequired":true,"valueName":"search_term_string"}}],"inLanguage":"nl-NL"},{"@type":"Organization","@id":"https:\/\/talkpal.ai\/nl\/#organization","name":"Talkpal, Inc.","alternateName":"Talkpal AI","url":"https:\/\/talkpal.ai\/nl\/","logo":{"@type":"ImageObject","inLanguage":"nl-NL","@id":"https:\/\/talkpal.ai\/nl\/#\/schema\/logo\/image\/","url":"https:\/\/talkpal.ai\/wp-content\/uploads\/2024\/03\/Talkpal-Logo-Icon.png","contentUrl":"https:\/\/talkpal.ai\/wp-content\/uploads\/2024\/03\/Talkpal-Logo-Icon.png","width":2880,"height":2880,"caption":"Talkpal, Inc."},"image":{"@id":"https:\/\/talkpal.ai\/nl\/#\/schema\/logo\/image\/"},"sameAs":["https:\/\/www.facebook.com\/profile.php?id=100090733639311","https:\/\/x.com\/talkpalai","https:\/\/www.linkedin.com\/company\/talkpal\/","https:\/\/www.youtube.com\/@TalkPal\/","https:\/\/www.tiktok.com\/@talkpal","https:\/\/www.instagram.com\/talkpal_ai\/","https:\/\/www.crunchbase.com\/organization\/talkpal-9cde","https:\/\/www.g2.com\/products\/talkpal-for-business\/","https:\/\/www.trustpilot.com\/review\/talkpal.ai","https:\/\/www.capterra.com\/p\/10006800\/TalkPal\/"],"description":"Talkpal is a language learning web and mobile education app, powered by the latest AI technologies, that provides engaging experiences to its customers in many different languages to help them improve their language skills. Users can chat about unlimited amount of topics with the app and use other modes to practice their language learning.","email":"support@talkpal.ai","legalName":"Talkpal, Inc.","foundingDate":"2023-04-03","duns":"118989042","numberOfEmployees":{"@type":"QuantitativeValue","minValue":"11","maxValue":"50"},"publishingPrinciples":"https:\/\/talkpal.ai\/publishing-principles\/","actionableFeedbackPolicy":"https:\/\/talkpal.ai\/actionable-feedback-policy\/","correctionsPolicy":"https:\/\/talkpal.ai\/corrections-policy\/","ethicsPolicy":"https:\/\/talkpal.ai\/ethics-policy\/","diversityPolicy":"https:\/\/talkpal.ai\/diversity-policy\/","diversityStaffingReport":"https:\/\/talkpal.ai\/diversity-policy\/"}]}},"_links":{"self":[{"href":"https:\/\/talkpal.ai\/nl\/wp-json\/wp\/v2\/pages\/129989","targetHints":{"allow":["GET"]}}],"collection":[{"href":"https:\/\/talkpal.ai\/nl\/wp-json\/wp\/v2\/pages"}],"about":[{"href":"https:\/\/talkpal.ai\/nl\/wp-json\/wp\/v2\/types\/page"}],"author":[{"embeddable":true,"href":"https:\/\/talkpal.ai\/nl\/wp-json\/wp\/v2\/users\/1"}],"replies":[{"embeddable":true,"href":"https:\/\/talkpal.ai\/nl\/wp-json\/wp\/v2\/comments?post=129989"}],"version-history":[{"count":0,"href":"https:\/\/talkpal.ai\/nl\/wp-json\/wp\/v2\/pages\/129989\/revisions"}],"wp:featuredmedia":[{"embeddable":true,"href":"https:\/\/talkpal.ai\/nl\/wp-json\/wp\/v2\/media\/11591"}],"wp:attachment":[{"href":"https:\/\/talkpal.ai\/nl\/wp-json\/wp\/v2\/media?parent=129989"}],"curies":[{"name":"wp","href":"https:\/\/api.w.org\/{rel}","templated":true}]}}