{"id":128418,"date":"2023-05-14T13:48:36","date_gmt":"2023-05-14T13:48:36","guid":{"rendered":"http:\/\/talkpal.ai\/chinese-grammatica\/"},"modified":"2025-06-17T16:40:28","modified_gmt":"2025-06-17T16:40:28","slug":"chinese-grammatica","status":"publish","type":"page","link":"https:\/\/talkpal.ai\/nl\/chinese-grammatica\/","title":{"rendered":"Chinese grammatica"},"content":{"rendered":"\r\n\r\n\r\n<section class=\"languageChallengeSection\">\r\n    <div class=\"languageInfoWrapper\">\r\n        \r\n        <h1>Chinese grammatica<\/h1>\r\n        <p>Versterk uw <a href=\"https:\/\/talkpal.ai\/locations\/learn-chinese-in-central-coast\/\">Chinese<\/a> taalvaardigheid door de belangrijkste grammaticale structuren en gebruikspatronen te leren. Begin vandaag nog met het verbeteren <a href=\"https:\/\/talkpal.ai\/locations\/language-courses-in-van\/\">van<\/a> uw <a href=\"https:\/\/talkpal.ai\/chinese-grammar\/\">Chinese grammatica<\/a> en communiceer met vertrouwen!<\/p>\r\n\r\n                            <a class=\"getStartedHidden\" href=\"https:\/\/app.talkpal.ai\/nl\/signup?lng=\">Ga aan de slag<\/a>\r\n        \r\n    <\/div>\r\n\r\n    <figure>\r\n    <img decoding=\"async\" width=\"768\" height=\"768\" src=\"https:\/\/talkpal.ai\/wp-content\/uploads\/2023\/06\/chinese-768x768.png\" class=\"languageImage no-lazy\" alt=\"Default alt text\" fetchpriority=\"high\" sizes=\"(max-width: 768px) 150px, 768px\" srcset=\"https:\/\/talkpal.ai\/wp-content\/uploads\/2023\/06\/chinese-768x768.png 768w, https:\/\/talkpal.ai\/wp-content\/uploads\/2023\/06\/chinese-300x300.png 300w\" \/>\r\n    \r\n\r\n    <\/figure>\r\n\r\n            <a class=\"getStartedVisible\" href=\"https:\/\/app.talkpal.ai\/nl\/signup?lng=\">Ga aan de slag<\/a>\r\n    \r\n<\/section>\r\n        <section class=\"grammarSection\">\r\n            <div class=\"grammarLinks\">\r\n                <a href=\"https:\/\/talkpal.ai\/nl\/language\/artikelen-chinese-grammatica\/\">Artikelen <\/a><a href=\"https:\/\/talkpal.ai\/nl\/language\/bijvoeglijke-naamwoorden-chinese-grammatica\/\">Bijvoeglijke naamwoorden <\/a><a href=\"https:\/\/talkpal.ai\/nl\/language\/bijwoorden-chinese-grammatica\/\">Bijwoorden <\/a><a href=\"https:\/\/talkpal.ai\/nl\/language\/tijden-chinese-grammatica\/\">Tijden <\/a><a href=\"https:\/\/talkpal.ai\/nl\/language\/voornaamwoorden-chinese-grammatica\/\">Voornaamwoorden <\/a><a href=\"https:\/\/talkpal.ai\/nl\/language\/voorzetsels-chinese-grammatica\/\">Voorzetsels <\/a><a href=\"https:\/\/talkpal.ai\/nl\/language\/werkwoorden-chinese-grammatica\/\">Werkwoorden <\/a><a href=\"https:\/\/talkpal.ai\/nl\/language\/zelfstandige-naamwoorden-chinese-grammatica\/\">Zelfstandige naamwoorden <\/a><a href=\"https:\/\/talkpal.ai\/nl\/language\/zinsbouw-chinese-grammatica\/\">Zinsbouw <\/a>            <\/div>\r\n        <\/section>\r\n    <section class=\"promotionalBanner\">\r\n    <p class=\"promotionalText\">De meest effici\u00ebnte manier om een taal te leren<\/p>\r\n    <a class=\"promotionalLink\" href=\"https:\/\/app.talkpal.ai\/nl\/signup?lng=\">Probeer Talkpal gratis<\/a>\r\n<\/section>\n<div class=\"wp-block-group pageContainerStyle\"><div class=\"wp-block-group__inner-container is-layout-constrained wp-block-group-is-layout-constrained\">\n<h2 class=\"wp-block-heading\" id=\"h-chinese-grammar-the-key-to-mastering-mandarin\">Chinese grammatica: de sleutel tot het beheersen van het Mandarijn<\/h2>\n\n\n\n<p>Ben je een ambitieuze taalleerling die zijn zinnen heeft gezet op het beheersen van Mandarijn? Zo ja, gefeliciteerd! <a href=\"https:\/\/talkpal.ai\/learn-chinese\/\">Chinees<\/a> aanpakken is een fantastische manier om je wereldwijde mindset te verbreden, in <a href=\"https:\/\/talkpal.ai\/contact\/\">contact<\/a> te komen met een breed scala aan sprekers en jezelf intellectueel uit te dagen. Met 1,2 miljard moedertaalsprekers en een taalsysteem dat enorm verschilt van westerse talen, kan de Chinese <a href=\"https:\/\/talkpal.ai\/grammar\/\">grammatica<\/a> echter behoorlijk ontmoedigend lijken. Vrees niet! Lees verder voor een beginnersvriendelijke spoedcursus Chinese grammatica die zowel boeiend als informatief is.<\/p>\n\n\n\n<p><strong>Allereerst: vergeet wat je weet over Europese talen!<\/strong><\/p>\n\n\n\n<p>Een belangrijke reden waarom taalstudenten ge\u00efntimideerd zijn door de Chinese grammatica is dat deze radicaal verschilt van de &#8220;onderwerp-werkwoord-voorwerp&#8221; structuur die we gewend zijn in talen als Engels, Spaans of Frans. Dus haal diep adem en laten we duiken in een gloednieuw universum van taalkundige regels en concepten!<\/p>\n\n\n\n<h3 class=\"wp-block-heading\" id=\"h-1-word-order-is-king\">1. Woordvolgorde is koning<\/h3>\n\n\n\n<p>Hoewel er geen tijden, werkwoordsvervoegingen of meervouden zijn in de Chinese grammatica, is een goede zinsbouw van het grootste belang. Dus hoe wordt de juiste woordvolgorde bereikt? In de meeste gevallen volgt u gewoon het patroon &#8220;onderwerp-werkwoord-object&#8221; (vergelijkbaar met het Engels). Bijvoorbeeld:<\/p>\n\n\n\n<p>Nederlands: Ik hou van je.<br\/>Chinees: \u6211\u7231\u4f60\u3002 W\u01d2 \u00e0i n\u01d0.<\/p>\n\n\n\n<p>Er zijn complexere structuren, maar het ontwikkelen van een sterke basis zal ze gemakkelijker te begrijpen maken naarmate je verder komt.<\/p>\n\n\n\n<h3 class=\"wp-block-heading\" id=\"h-2-particles-particles-everywhere\">2. Deeltjes, overal deeltjes!<\/h3>\n\n\n\n<p>In de Chinese grammatica spelen deeltjes een cruciale rol bij het overbrengen van betekenis. Een van de meest voorkomende partikels is &#8220;\u4e86 (le)&#8221;, waarmee een voltooide actie wordt aangegeven. Bijvoorbeeld:<\/p>\n\n\n\n<p>\u6211\u5403\u4e86\u3002W\u01d2 ch\u012b le. &#8211; &#8220;Ik heb gegeten.&#8221;<\/p>\n\n\n\n<p>Een ander veelvoorkomend partikel is &#8220;\u5427 (ba),&#8221; dat een uitspraak verandert in een suggestie of vraag:<\/p>\n\n\n\n<p>\u8d70\u5427\uff01Z\u01d2u ba! &#8211; &#8220;Laten we gaan!&#8221;<\/p>\n\n\n\n<p>Het begrijpen van de functies van verschillende deeltjes is de sleutel tot het beheersen van de nuances van de Chinese grammatica.<\/p>\n\n\n\n<h3 class=\"wp-block-heading\" id=\"h-3-measure-words-quality-not-quantity\">3. Meet woorden: kwaliteit, geen kwantiteit<\/h3>\n\n\n\n<p>In het Chinees hebben zelfstandige naamwoorden geen meervoud. In plaats daarvan gebruiken ze maatwoorden (ook wel classifiers genoemd) om de hoeveelheid uit te drukken. Meetwoorden worden opgeteld tussen het getal en het zelfstandig naamwoord. Bijvoorbeeld:<\/p>\n\n\n\n<p>\u4e00\u672c\u4e66 &#8211; Y\u012b b\u011bn sh\u016b &#8211; &#8220;\u00e9\u00e9n boek&#8221;.<\/p>\n\n\n\n<p>Let op het gebruik van \u672c (b\u011bn) als maatwoord voor boeken. Verschillende zelfstandige naamwoorden vereisen verschillende maatwoorden, en hoewel dit in het begin verwarrend kan lijken, zal het met oefening een tweede natuur worden.<\/p>\n\n\n\n<h3 class=\"wp-block-heading\" id=\"h-4-the-magic-of-compound-words\">4. De magie van samengestelde woorden<\/h3>\n\n\n\n<p>Het Chinees zit vol met samengestelde woorden, die worden gevormd door twee of meer karakters te combineren. Dit vereenvoudigt niet alleen het leren van woordenschat, maar zorgt ook voor levendige beelden en context. Bijvoorbeeld:<\/p>\n\n\n\n<p>\u706b\u8f66 &#8211; Hu\u01d2ch\u0113 &#8211; &#8220;trein&#8221; (letterlijk: &#8220;brandweerwagen&#8221;)<br\/>\u7535\u8bdd &#8211; Di\u00e0nhu\u00e0 &#8211; &#8220;telefoon&#8221; (letterlijk: &#8220;elektrische spraak&#8221;)<\/p>\n\n\n\n<p>Door de betekenis van de afzonderlijke tekens te begrijpen, kun je gemakkelijk de betekenis afleiden van samengestelde woorden die je nog nooit eerder bent tegengekomen.<\/p>\n\n\n\n<h3 class=\"wp-block-heading\" id=\"h-5-no-tenses-no-problem\">5. Geen tijden? Geen probleem!<\/h3>\n\n\n\n<p>Een van de meest verfrissende aspecten van het Chinees is het ontbreken van werkwoordsvervoegingen voor verschillende tijden. Maar hoe druk je tijd uit? Eenvoudig! Voeg gewoon woorden toe die het tijdsbestek aangeven, zoals:<\/p>\n\n\n\n<p>\u6628\u5929 &#8211; Zu\u00f3ti\u0101n &#8211; &#8220;gisteren&#8221;.<br\/>\u660e\u5929 &#8211; M\u00edngti\u0101n &#8211; &#8220;morgen&#8221;.<\/p>\n\n\n\n<p><strong>Bijvoorbeeld:<\/strong><\/p>\n\n\n\n<p>\u6211\u6628\u5929\u5403\u4e86\u996d\u3002W\u01d2 zu\u00f3ti\u0101n ch\u012b le f\u00e0n. &#8211; &#8220;Ik heb gisteren gegeten.&#8221;<br\/>\u6211\u660e\u5929\u5403\u996d\u3002W\u01d2 m\u00edngti\u0101n ch\u012b f\u00e0n. &#8211; &#8220;Ik zal morgen eten.&#8221;<\/p>\n\n\n\n<p>Gefeliciteerd! Je hebt de eerste stappen gezet om de Chinese grammatica onder de knie te krijgen. Onthoud: oefening baart kunst. Schrik dus niet terug voor het verkennen van nieuwe grammaticale structuren, gesprekken met moedertaalsprekers en het versterken van je basis. De wereld van Mandarijn wacht op je &#8211; veel plezier met leren!<\/p>\n<\/div><\/div>\n\r\n<section class=\"learnNavigationSection\">\r\n            \r\n        <a href=\"https:\/\/talkpal.ai\/nl\/chinees-leren\/\">\r\n            <div class=\"learnNavigationWrapper\">\r\n                <div class=\"learnNavigationContent\">\r\n                    <img decoding=\"async\" src=\"https:\/\/talkpal.ai\/wp-content\/uploads\/2024\/08\/Chinese.jpg\" alt=\"Chinese Flag\u00a0\">\r\n                    <div>\r\n                        <h4>Over Chinees leren<\/h4>\r\n                        <p>Ontdek alles over Chinese grammatica.<\/p>\r\n                    <\/div>\r\n                <\/div>\r\n            <\/div>\r\n        <\/a>\r\n\r\n        \r\n        <a href=\"https:\/\/talkpal.ai\/nl\/chinese-grammatica-oefeningen\/\">\r\n            <div class=\"learnNavigationWrapper\">\r\n                <div class=\"learnNavigationContent\">\r\n                    <img decoding=\"async\" src=\"https:\/\/talkpal.ai\/wp-content\/uploads\/2024\/08\/Chinese.jpg\" alt=\"Chinese Flag\u00a0\">\r\n                    <div>\r\n                        <h4>Oefening Chinese grammatica<\/h4>\r\n                        <p>Oefen de Chinese grammatica.<\/p>\r\n                    <\/div>\r\n                <\/div>\r\n            <\/div>\r\n        <\/a>\r\n\r\n        \r\n        <a href=\"https:\/\/talkpal.ai\/vocabulary_language\/chinese\/\">\r\n            <div class=\"learnNavigationWrapper\">\r\n                <div class=\"learnNavigationContent\">\r\n                    <img decoding=\"async\" src=\"https:\/\/talkpal.ai\/wp-content\/uploads\/2024\/08\/Chinese.jpg\" alt=\"Chinese Flag\u00a0\">\r\n                    <div>\r\n                        <h4>Chinese woordenschat<\/h4>\r\n                        <p>Breid je Chinese woordenschat uit.<\/p>\r\n                    <\/div>\r\n                <\/div>\r\n            <\/div>\r\n        <\/a>\r\n\r\n            <\/section>","protected":false},"excerpt":{"rendered":"<p>Chinese grammatica: de sleutel tot het beheersen van het Mandarijn Ben je een ambitieuze taalleerling die zijn zinnen heeft gezet op het beheersen van Mandarijn? Zo ja, gefeliciteerd! Chinees aanpakken is een fantastische manier om je wereldwijde mindset te verbreden, in contact te komen met een breed scala aan sprekers en jezelf intellectueel uit te [&hellip;]<\/p>\n","protected":false},"author":1,"featured_media":11556,"parent":0,"menu_order":0,"comment_status":"closed","ping_status":"closed","template":"LearningContentPage.php","meta":{"_acf_changed":false,"footnotes":""},"class_list":["post-128418","page","type-page","status-publish","has-post-thumbnail","hentry"],"acf":[],"yoast_head":"<!-- This site is optimized with the Yoast SEO Premium plugin v27.2 (Yoast SEO v27.2) - https:\/\/yoast.com\/product\/yoast-seo-premium-wordpress\/ -->\n<title>Chinese grammatica - Talkpal<\/title>\n<meta name=\"description\" content=\"Ontrafel de geheimen van de Chinese grammatica voor een beter begrip van de Chinese taal en cultuur.\" \/>\n<meta name=\"robots\" content=\"index, follow, max-snippet:-1, max-image-preview:large, max-video-preview:-1\" \/>\n<link rel=\"canonical\" href=\"https:\/\/talkpal.ai\/nl\/chinese-grammatica\/\" \/>\n<meta property=\"og:locale\" content=\"nl_NL\" \/>\n<meta property=\"og:type\" content=\"article\" \/>\n<meta property=\"og:title\" content=\"Chinese grammatica\" \/>\n<meta property=\"og:description\" content=\"Chinese grammatica: de sleutel tot het beheersen van het Mandarijn Ben je een ambitieuze taalleerling die zijn zinnen heeft gezet op het beheersen van\" \/>\n<meta property=\"og:url\" content=\"https:\/\/talkpal.ai\/nl\/chinese-grammatica\/\" \/>\n<meta property=\"og:site_name\" content=\"Talkpal\" \/>\n<meta property=\"article:publisher\" content=\"https:\/\/www.facebook.com\/profile.php?id=100090733639311\" \/>\n<meta property=\"article:modified_time\" content=\"2025-06-17T16:40:28+00:00\" \/>\n<meta property=\"og:image\" content=\"https:\/\/talkpal.ai\/wp-content\/uploads\/2023\/04\/china.png\" \/>\n\t<meta property=\"og:image:width\" content=\"512\" \/>\n\t<meta property=\"og:image:height\" content=\"512\" \/>\n\t<meta property=\"og:image:type\" content=\"image\/png\" \/>\n<meta name=\"twitter:card\" content=\"summary_large_image\" \/>\n<meta name=\"twitter:site\" content=\"@talkpalai\" \/>\n<meta name=\"twitter:label1\" content=\"Geschatte leestijd\" \/>\n\t<meta name=\"twitter:data1\" content=\"3 minuten\" \/>\n<script type=\"application\/ld+json\" class=\"yoast-schema-graph\">{\"@context\":\"https:\/\/schema.org\",\"@graph\":[{\"@type\":\"WebPage\",\"@id\":\"https:\/\/talkpal.ai\/nl\/chinese-grammatica\/\",\"url\":\"https:\/\/talkpal.ai\/nl\/chinese-grammatica\/\",\"name\":\"Chinese grammatica - Talkpal\",\"isPartOf\":{\"@id\":\"https:\/\/talkpal.ai\/nl\/#website\"},\"primaryImageOfPage\":{\"@id\":\"https:\/\/talkpal.ai\/nl\/chinese-grammatica\/#primaryimage\"},\"image\":{\"@id\":\"https:\/\/talkpal.ai\/nl\/chinese-grammatica\/#primaryimage\"},\"thumbnailUrl\":\"https:\/\/talkpal.ai\/wp-content\/uploads\/2023\/04\/china.png\",\"datePublished\":\"2023-05-14T13:48:36+00:00\",\"dateModified\":\"2025-06-17T16:40:28+00:00\",\"description\":\"Ontrafel de geheimen van de Chinese grammatica voor een beter begrip van de Chinese taal en cultuur.\",\"breadcrumb\":{\"@id\":\"https:\/\/talkpal.ai\/nl\/chinese-grammatica\/#breadcrumb\"},\"inLanguage\":\"nl-NL\",\"potentialAction\":[{\"@type\":\"ReadAction\",\"target\":[\"https:\/\/talkpal.ai\/nl\/chinese-grammatica\/\"]}]},{\"@type\":\"ImageObject\",\"inLanguage\":\"nl-NL\",\"@id\":\"https:\/\/talkpal.ai\/nl\/chinese-grammatica\/#primaryimage\",\"url\":\"https:\/\/talkpal.ai\/wp-content\/uploads\/2023\/04\/china.png\",\"contentUrl\":\"https:\/\/talkpal.ai\/wp-content\/uploads\/2023\/04\/china.png\",\"width\":512,\"height\":512},{\"@type\":\"BreadcrumbList\",\"@id\":\"https:\/\/talkpal.ai\/nl\/chinese-grammatica\/#breadcrumb\",\"itemListElement\":[{\"@type\":\"ListItem\",\"position\":1,\"name\":\"Homepage\",\"item\":\"https:\/\/talkpal.ai\/nl\/\"},{\"@type\":\"ListItem\",\"position\":2,\"name\":\"Chinese grammatica\"}]},{\"@type\":\"WebSite\",\"@id\":\"https:\/\/talkpal.ai\/nl\/#website\",\"url\":\"https:\/\/talkpal.ai\/nl\/\",\"name\":\"Talkpal\",\"description\":\"AI Language Learning\",\"publisher\":{\"@id\":\"https:\/\/talkpal.ai\/nl\/#organization\"},\"alternateName\":\"Talkpal AI\",\"potentialAction\":[{\"@type\":\"SearchAction\",\"target\":{\"@type\":\"EntryPoint\",\"urlTemplate\":\"https:\/\/talkpal.ai\/nl\/?s={search_term_string}\"},\"query-input\":{\"@type\":\"PropertyValueSpecification\",\"valueRequired\":true,\"valueName\":\"search_term_string\"}}],\"inLanguage\":\"nl-NL\"},{\"@type\":\"Organization\",\"@id\":\"https:\/\/talkpal.ai\/nl\/#organization\",\"name\":\"Talkpal, Inc.\",\"alternateName\":\"Talkpal AI\",\"url\":\"https:\/\/talkpal.ai\/nl\/\",\"logo\":{\"@type\":\"ImageObject\",\"inLanguage\":\"nl-NL\",\"@id\":\"https:\/\/talkpal.ai\/nl\/#\/schema\/logo\/image\/\",\"url\":\"https:\/\/talkpal.ai\/wp-content\/uploads\/2024\/03\/Talkpal-Logo-Icon.png\",\"contentUrl\":\"https:\/\/talkpal.ai\/wp-content\/uploads\/2024\/03\/Talkpal-Logo-Icon.png\",\"width\":2880,\"height\":2880,\"caption\":\"Talkpal, Inc.\"},\"image\":{\"@id\":\"https:\/\/talkpal.ai\/nl\/#\/schema\/logo\/image\/\"},\"sameAs\":[\"https:\/\/www.facebook.com\/profile.php?id=100090733639311\",\"https:\/\/x.com\/talkpalai\",\"https:\/\/www.linkedin.com\/company\/talkpal\/\",\"https:\/\/www.youtube.com\/@TalkPal\/\",\"https:\/\/www.tiktok.com\/@talkpal\",\"https:\/\/www.instagram.com\/talkpal_ai\/\",\"https:\/\/www.crunchbase.com\/organization\/talkpal-9cde\",\"https:\/\/www.g2.com\/products\/talkpal-for-business\/\",\"https:\/\/www.trustpilot.com\/review\/talkpal.ai\",\"https:\/\/www.capterra.com\/p\/10006800\/TalkPal\/\"],\"description\":\"Talkpal is a language learning web and mobile education app, powered by the latest AI technologies, that provides engaging experiences to its customers in many different languages to help them improve their language skills. Users can chat about unlimited amount of topics with the app and use other modes to practice their language learning.\",\"email\":\"support@talkpal.ai\",\"legalName\":\"Talkpal, Inc.\",\"foundingDate\":\"2023-04-03\",\"duns\":\"118989042\",\"numberOfEmployees\":{\"@type\":\"QuantitativeValue\",\"minValue\":\"11\",\"maxValue\":\"50\"},\"publishingPrinciples\":\"https:\/\/talkpal.ai\/publishing-principles\/\",\"actionableFeedbackPolicy\":\"https:\/\/talkpal.ai\/actionable-feedback-policy\/\",\"correctionsPolicy\":\"https:\/\/talkpal.ai\/corrections-policy\/\",\"ethicsPolicy\":\"https:\/\/talkpal.ai\/ethics-policy\/\",\"diversityPolicy\":\"https:\/\/talkpal.ai\/diversity-policy\/\",\"diversityStaffingReport\":\"https:\/\/talkpal.ai\/diversity-policy\/\"}]}<\/script>\n<!-- \/ Yoast SEO Premium plugin. -->","yoast_head_json":{"title":"Chinese grammatica - Talkpal","description":"Ontrafel de geheimen van de Chinese grammatica voor een beter begrip van de Chinese taal en cultuur.","robots":{"index":"index","follow":"follow","max-snippet":"max-snippet:-1","max-image-preview":"max-image-preview:large","max-video-preview":"max-video-preview:-1"},"canonical":"https:\/\/talkpal.ai\/nl\/chinese-grammatica\/","og_locale":"nl_NL","og_type":"article","og_title":"Chinese grammatica","og_description":"Chinese grammatica: de sleutel tot het beheersen van het Mandarijn Ben je een ambitieuze taalleerling die zijn zinnen heeft gezet op het beheersen van","og_url":"https:\/\/talkpal.ai\/nl\/chinese-grammatica\/","og_site_name":"Talkpal","article_publisher":"https:\/\/www.facebook.com\/profile.php?id=100090733639311","article_modified_time":"2025-06-17T16:40:28+00:00","og_image":[{"width":512,"height":512,"url":"https:\/\/talkpal.ai\/wp-content\/uploads\/2023\/04\/china.png","type":"image\/png"}],"twitter_card":"summary_large_image","twitter_site":"@talkpalai","twitter_misc":{"Geschatte leestijd":"3 minuten"},"schema":{"@context":"https:\/\/schema.org","@graph":[{"@type":"WebPage","@id":"https:\/\/talkpal.ai\/nl\/chinese-grammatica\/","url":"https:\/\/talkpal.ai\/nl\/chinese-grammatica\/","name":"Chinese grammatica - Talkpal","isPartOf":{"@id":"https:\/\/talkpal.ai\/nl\/#website"},"primaryImageOfPage":{"@id":"https:\/\/talkpal.ai\/nl\/chinese-grammatica\/#primaryimage"},"image":{"@id":"https:\/\/talkpal.ai\/nl\/chinese-grammatica\/#primaryimage"},"thumbnailUrl":"https:\/\/talkpal.ai\/wp-content\/uploads\/2023\/04\/china.png","datePublished":"2023-05-14T13:48:36+00:00","dateModified":"2025-06-17T16:40:28+00:00","description":"Ontrafel de geheimen van de Chinese grammatica voor een beter begrip van de Chinese taal en cultuur.","breadcrumb":{"@id":"https:\/\/talkpal.ai\/nl\/chinese-grammatica\/#breadcrumb"},"inLanguage":"nl-NL","potentialAction":[{"@type":"ReadAction","target":["https:\/\/talkpal.ai\/nl\/chinese-grammatica\/"]}]},{"@type":"ImageObject","inLanguage":"nl-NL","@id":"https:\/\/talkpal.ai\/nl\/chinese-grammatica\/#primaryimage","url":"https:\/\/talkpal.ai\/wp-content\/uploads\/2023\/04\/china.png","contentUrl":"https:\/\/talkpal.ai\/wp-content\/uploads\/2023\/04\/china.png","width":512,"height":512},{"@type":"BreadcrumbList","@id":"https:\/\/talkpal.ai\/nl\/chinese-grammatica\/#breadcrumb","itemListElement":[{"@type":"ListItem","position":1,"name":"Homepage","item":"https:\/\/talkpal.ai\/nl\/"},{"@type":"ListItem","position":2,"name":"Chinese grammatica"}]},{"@type":"WebSite","@id":"https:\/\/talkpal.ai\/nl\/#website","url":"https:\/\/talkpal.ai\/nl\/","name":"Talkpal","description":"AI Language Learning","publisher":{"@id":"https:\/\/talkpal.ai\/nl\/#organization"},"alternateName":"Talkpal AI","potentialAction":[{"@type":"SearchAction","target":{"@type":"EntryPoint","urlTemplate":"https:\/\/talkpal.ai\/nl\/?s={search_term_string}"},"query-input":{"@type":"PropertyValueSpecification","valueRequired":true,"valueName":"search_term_string"}}],"inLanguage":"nl-NL"},{"@type":"Organization","@id":"https:\/\/talkpal.ai\/nl\/#organization","name":"Talkpal, Inc.","alternateName":"Talkpal AI","url":"https:\/\/talkpal.ai\/nl\/","logo":{"@type":"ImageObject","inLanguage":"nl-NL","@id":"https:\/\/talkpal.ai\/nl\/#\/schema\/logo\/image\/","url":"https:\/\/talkpal.ai\/wp-content\/uploads\/2024\/03\/Talkpal-Logo-Icon.png","contentUrl":"https:\/\/talkpal.ai\/wp-content\/uploads\/2024\/03\/Talkpal-Logo-Icon.png","width":2880,"height":2880,"caption":"Talkpal, Inc."},"image":{"@id":"https:\/\/talkpal.ai\/nl\/#\/schema\/logo\/image\/"},"sameAs":["https:\/\/www.facebook.com\/profile.php?id=100090733639311","https:\/\/x.com\/talkpalai","https:\/\/www.linkedin.com\/company\/talkpal\/","https:\/\/www.youtube.com\/@TalkPal\/","https:\/\/www.tiktok.com\/@talkpal","https:\/\/www.instagram.com\/talkpal_ai\/","https:\/\/www.crunchbase.com\/organization\/talkpal-9cde","https:\/\/www.g2.com\/products\/talkpal-for-business\/","https:\/\/www.trustpilot.com\/review\/talkpal.ai","https:\/\/www.capterra.com\/p\/10006800\/TalkPal\/"],"description":"Talkpal is a language learning web and mobile education app, powered by the latest AI technologies, that provides engaging experiences to its customers in many different languages to help them improve their language skills. Users can chat about unlimited amount of topics with the app and use other modes to practice their language learning.","email":"support@talkpal.ai","legalName":"Talkpal, Inc.","foundingDate":"2023-04-03","duns":"118989042","numberOfEmployees":{"@type":"QuantitativeValue","minValue":"11","maxValue":"50"},"publishingPrinciples":"https:\/\/talkpal.ai\/publishing-principles\/","actionableFeedbackPolicy":"https:\/\/talkpal.ai\/actionable-feedback-policy\/","correctionsPolicy":"https:\/\/talkpal.ai\/corrections-policy\/","ethicsPolicy":"https:\/\/talkpal.ai\/ethics-policy\/","diversityPolicy":"https:\/\/talkpal.ai\/diversity-policy\/","diversityStaffingReport":"https:\/\/talkpal.ai\/diversity-policy\/"}]}},"_links":{"self":[{"href":"https:\/\/talkpal.ai\/nl\/wp-json\/wp\/v2\/pages\/128418","targetHints":{"allow":["GET"]}}],"collection":[{"href":"https:\/\/talkpal.ai\/nl\/wp-json\/wp\/v2\/pages"}],"about":[{"href":"https:\/\/talkpal.ai\/nl\/wp-json\/wp\/v2\/types\/page"}],"author":[{"embeddable":true,"href":"https:\/\/talkpal.ai\/nl\/wp-json\/wp\/v2\/users\/1"}],"replies":[{"embeddable":true,"href":"https:\/\/talkpal.ai\/nl\/wp-json\/wp\/v2\/comments?post=128418"}],"version-history":[{"count":0,"href":"https:\/\/talkpal.ai\/nl\/wp-json\/wp\/v2\/pages\/128418\/revisions"}],"wp:featuredmedia":[{"embeddable":true,"href":"https:\/\/talkpal.ai\/nl\/wp-json\/wp\/v2\/media\/11556"}],"wp:attachment":[{"href":"https:\/\/talkpal.ai\/nl\/wp-json\/wp\/v2\/media?parent=128418"}],"curies":[{"name":"wp","href":"https:\/\/api.w.org\/{rel}","templated":true}]}}