{"id":1477671,"date":"2025-11-11T15:33:20","date_gmt":"2025-11-11T15:33:20","guid":{"rendered":"https:\/\/talkpal.ai\/ezercizzji-tal-grammatika-baska\/"},"modified":"2025-12-30T15:35:35","modified_gmt":"2025-12-30T15:35:35","slug":"ezercizzji-tal-grammatika-baska","status":"publish","type":"page","link":"https:\/\/talkpal.ai\/mt\/ezercizzji-tal-grammatika-baska\/","title":{"rendered":"E\u017cer\u010bizzji tal-Grammatika Baska"},"content":{"rendered":"\r\n\r\n\r\n<section class=\"languageChallengeSection\">\r\n    <div class=\"languageInfoWrapper\">\r\n        \r\n        <h1>E\u017cer\u010bizzji tal-Grammatika Baska<\/h1>\r\n        <p>Lest biex tg\u0127addas fil-grammatika Baska? Il-prattika ta &#039;ftit affarijiet ba\u017ci\u010bi tg\u0127inek tikseb komdu b&#039;din il-lingwa unika u sabi\u0127a. Ipprova dawn l-e\u017cer\u010bizzji biex tibni l-kunfidenza tieg\u0127ek u tie\u0127u pja\u010bir matul it-triq!<\/p>\r\n\r\n                            <a class=\"getStartedHidden\" href=\"https:\/\/app.talkpal.ai\/signup?lng=\">Ibda<\/a>\r\n        \r\n    <\/div>\r\n\r\n    <figure>\r\n    <img decoding=\"async\" width=\"768\" height=\"768\" src=\"https:\/\/talkpal.ai\/wp-content\/uploads\/2023\/06\/welsh-768x768.png\" class=\"languageImage no-lazy\" alt=\"Language learning for better cognitive abilities\" fetchpriority=\"high\" sizes=\"(max-width: 768px) 150px, 768px\" srcset=\"https:\/\/talkpal.ai\/wp-content\/uploads\/2023\/06\/welsh-768x768.png 768w, https:\/\/talkpal.ai\/wp-content\/uploads\/2023\/06\/welsh-300x300.png 300w\" \/>\r\n    \r\n\r\n    <\/figure>\r\n\r\n            <a class=\"getStartedVisible\" href=\"https:\/\/app.talkpal.ai\/signup?lng=\">Ibda<\/a>\r\n    \r\n<\/section><section class=\"promotionalBanner\">\r\n    <p class=\"promotionalText\">L-aktar mod effi\u010bjenti biex titg\u0127allem lingwa<\/p>\r\n    <a class=\"promotionalLink\" href=\"https:\/\/app.talkpal.ai\/signup?lng=\">Ipprova Talkpal b&#8217;xejn<\/a>\r\n<\/section>\n<div class=\"wp-block-group pageContainerStyle\"><div class=\"wp-block-group__inner-container is-layout-constrained wp-block-group-is-layout-constrained\">\n<h2 class=\"wp-block-heading\" id=\"h-basque-grammar-topics\">Su\u0121\u0121etti tal-Grammatika Baska<\/h2>\n\n\n\n<p><a href=\"https:\/\/talkpal.ai\/mt\/l-akbar-zbalji-li-ghandek-tevita-meta-titghallem-lingwa-gdida\/\">It-tag\u0127lim ta&#8217; lingwa \u0121dida<\/a> It-tag\u0127lim ta &#8216;lingwa \u0121dida jista&#8217; jkun sforz ta &#8216;sfida i\u017cda ta&#8217; sodisfazzjon. <a href=\"https:\/\/talkpal.ai\/learn-basque\/\">Basque<\/a>, a language isolate spoken in the Basque Country, is no exception. Bil-karatteristi\u010bi u l-istrutturi uni\u010bi tieg\u0127u, inklu\u017ci l-ergativit\u00e0 u sistema estensiva tal-ka\u017cijiet, <a href=\"https:\/\/talkpal.ai\/mt\/talkpal-ghall-edukazzjoni\/\">it-tag\u0127lim<\/a> tal-Bask je\u0127tie\u0121 appro\u010b\u010b sistematiku biex jifhem il-grammatika tieg\u0127u. Din il-gwida tiddeskrivi l-oqsma ewlenin<a href=\"https:\/\/talkpal.ai\/mt\/grammatika-baska\/\"> tal-grammatika <\/a>Baska f&#8217;sekwenza lo\u0121ika <a href=\"https:\/\/talkpal.ai\/mt\/ai-chatbot-ghat-taghlim-tal-lingwa\/\">g\u0127at-tag\u0127lim tal-lingwi<\/a>, li tibda mill-affarijiet ba\u017ci\u010bi b\u0127al nomi u artikli, u tavvanza g\u0127al oqsma aktar kumplessi b\u0127at-temp u l-kostruzzjoni tas-sentenzi.<\/p>\n\n\n\n<h3 class=\"wp-block-heading\" id=\"h-1-nouns\">1. Nomi:<\/h3>\n\n\n\n<p>Ibda l-vja\u0121\u0121 tieg\u0127ek bil-lingwa Baska billi titg\u0127allem in-nomi. Dan jinkludi l-fehim tan-nomi komuni u proprji, kif in-numru u d-definizzjoni huma mmarkati b&#8217;suffissi, u kif it-truf tal-ka\u017c ja\u0127dmu g\u0127al rwoli b\u0127al assolutiv, ergattiv u dattiv.<\/p>\n\n\n\n<h3 class=\"wp-block-heading\" id=\"h-2-articles\">2. Artikoli:<\/h3>\n\n\n\n<p>L-artikli bil-lingwa Baska jiffunzjonaw b&#8217;mod differenti milli <a href=\"https:\/\/talkpal.ai\/ai-english-speaking-practice\/\">bl-Ingli\u017c<\/a>. L-artiklu definit huwa suffiss mehmu\u017c man-nom, u m&#8217;hemm l-ebda artiklu indefinit veru. Il-\u0127akma ta &#8216;kif id-definizzjoni u n-numru huma mmarkati huwa kru\u010bjali fil-kostruzzjoni tas-sentenzi.<\/p>\n\n\n\n<h3 class=\"wp-block-heading\" id=\"h-3-adjectives\">3. A\u0121\u0121ettivi:<\/h3>\n\n\n\n<p>L-a\u0121\u0121ettivi bil-Bask tipikament isegwu n-nomi tag\u0127hom. Tg\u0127allem kif l-artiklu je\u0127el mat-tmiem tal-fra\u017ci tan-nom kollu, u kif tifforma komparattivi u superlattivi, pere\u017cempju ma &#8216;-ago g\u0127al komparattiv u -en ma&#8217; l-artiklu g\u0127al superlattiv.<\/p>\n\n\n\n<h3 class=\"wp-block-heading\" id=\"h-4-pronouns-determiners\">4. Pronomi \/ Determinaturi:<\/h3>\n\n\n\n<p>Il-pronomi u d-determinanti huma essenzjali bil-Bask; Huma jissostitwixxu nomi u jipprovdu informazzjoni dwar il-kwantit\u00e0, il-pussess, u aktar. Oqg\u0127od attent g\u0127ad-determinanti possessivi u g\u0127al kif il-persuna u n-numru huma riflessi fil-verb aw\u017ciljarju.<\/p>\n\n\n\n<h3 class=\"wp-block-heading\" id=\"h-5-verbs\">5. Verbi:<\/h3>\n\n\n\n<p>Il-verbi Baski huma fil-bi\u010b\u010ba l-kbira perifrasti\u010bi, bl-u\u017cu ta&#8217; aw\u017ciljarji li jaqblu mas-su\u0121\u0121ett u l-o\u0121\u0121etti. Ibda bit-temp pre\u017centi tal-aw\u017ciljarji komuni u l-parti\u010bipji tal-verb ewlieni, imbag\u0127ad gradwalment esplora l-passat u l-futur, kif ukoll il-forom imperattivi.<\/p>\n\n\n\n<h3 class=\"wp-block-heading\" id=\"h-6-tenses\">6. Tempi:<\/h3>\n\n\n\n<p>Wara li tikkontrolla l-forom tal-verb, t\u0127affef aktar fil-fond fit-temp u l-aspett Bask. Jifhmu kif it-tifsiriet pre\u017centi, passati u futuri huma espressi b&#8217;aw\u017ciljarji u parti\u010bipji, u kif id-distinzjonijiet aspettwali jaffettwaw l-u\u017cu f&#8217;kuntesti differenti.<\/p>\n\n\n\n<h3 class=\"wp-block-heading\" id=\"h-7-tense-comparison\">7. Paragun tat-Tensjoni:<\/h3>\n\n\n\n<p>It-tqabbil tat-tempi bil-Bask jg\u0127in biex wie\u0127ed jifhem is-sekwenza tal-avvenimenti. It-tqabbil tal-istess fra\u017ci verbali bejn l-aw\u017ciljarji tal-pre\u017cent, tal-passat u tal-futur se jipprovdi fehim a\u0127jar ta &#8216;kif il-Bask jimmani\u0121\u0121ja l-\u0127in u l-aspett.<\/p>\n\n\n\n<h3 class=\"wp-block-heading\" id=\"h-8-progressive\">8. Progressiv:<\/h3>\n\n\n\n<p>Il-progressiv fil-Bask jintu\u017ca biex jesprimi azzjonijiet kontinwi. Huwa ffurmat bil-forma -tzen tal-verb flimkien ma &#8216;ari izan b\u0127ala l-aw\u017ciljarju.<\/p>\n\n\n\n<h3 class=\"wp-block-heading\" id=\"h-9-perfect-progressive\">9. Progressiv Perfett:<\/h3>\n\n\n\n<p>Dan jintu\u017ca biex jesprimi azzjonijiet li kienu g\u0127addejjin sa punt partikolari. Bil-Bask, huwa ffurmat bil-perfett ta &#8216;izan flimkien ma&#8217; ari u l-forma -tzen tal-verb ewlieni.<\/p>\n\n\n\n<h3 class=\"wp-block-heading\" id=\"h-10-conditionals\">10. Kondizzjonali:<\/h3>\n\n\n\n<p>Il-kondizzjonali jesprimu sitwazzjonijiet ipoteti\u010bi u r-ri\u017cultati possibbli tag\u0127hom. Fil-Bask huma ffurmati b&#8217;aw\u017ciljarji kondizzjonali u klaw\u017coli introdotti b&#8217;ba, u se j\u017cidu sfumaturi u pre\u010bi\u017cjoni mal-\u0127iliet lingwisti\u010bi tieg\u0127ek.<\/p>\n\n\n\n<h3 class=\"wp-block-heading\" id=\"h-11-adverbs\">11. Avverbji:<\/h3>\n\n\n\n<p>L-avverbji fil-Bask jimmodifikaw verbi, a\u0121\u0121ettivi, jew avverbji o\u0127ra. Huma jipprovdu informazzjoni dwar il-mod, il-post, il-\u0127in, il-grad, u aktar, u jistg\u0127u ji\u0121u ffurmati bi kliem avverbjali komuni jew b&#8217;suffissi b\u0127al -ki jew -z skont il-kuntest.<\/p>\n\n\n\n<h3 class=\"wp-block-heading\" id=\"h-12-prepositions\">12. Prepo\u017cizzjonijiet:<\/h3>\n\n\n\n<p>Il-Bask primarjament ju\u017ca postpo\u017cizzjonijiet u truf tal-ka\u017c aktar milli prepo\u017cizzjonijiet. Huma jesprimu relazzjonijiet ta &#8216;\u0127in, post, direzzjoni, u aktar, u huma essenzjali biex jg\u0127aqqdu kliem u fra\u017cijiet flimkien.<\/p>\n\n\n\n<h3 class=\"wp-block-heading\" id=\"h-13-sentences\">13. Sentenzi:<\/h3>\n\n\n\n<p>Fl-a\u0127\u0127arnett, ipprattika l-kostruzzjoni ta &#8216;sentenzi. Dan se jinvolvi l-u\u017cu tal-punti grammatikali kollha li tg\u0127allmu qabel fil-kuntest, billi ting\u0127ata attenzjoni lill-ordni tipika tal-kliem SOV tal-Bask, it-tqeg\u0127id tal-fokus, u n-negazzjoni, u b&#8217;hekk ji\u0121i \u017cgurat fehim komprensiv tal-lingwa Baska.<\/p>\n<\/div><\/div>\n\r\n<section class=\"learnNavigationSection\">\r\n            \r\n        <a href=\"https:\/\/talkpal.ai\/mt\/tghallem-il-bask\/\">\r\n            <div class=\"learnNavigationWrapper\">\r\n                <div class=\"learnNavigationContent\">\r\n                    <img decoding=\"async\" src=\"https:\/\/talkpal.ai\/wp-content\/uploads\/2025\/11\/Basque.png\" alt=\"Basque Flag\">\r\n                    <div>\r\n                        <h4>Dwar it-Tag\u0127lim Bask<\/h4>\r\n                        <p>Sir af kollox dwar il-Grammatika Baska.<\/p>\r\n                    <\/div>\r\n                <\/div>\r\n            <\/div>\r\n        <\/a>\r\n\r\n        \r\n        <a href=\"https:\/\/talkpal.ai\/mt\/grammatika-baska\/\">\r\n            <div class=\"learnNavigationWrapper\">\r\n                <div class=\"learnNavigationContent\">\r\n                    <img decoding=\"async\" src=\"https:\/\/talkpal.ai\/wp-content\/uploads\/2025\/11\/Basque.png\" alt=\"Basque Flag\">\r\n                    <div>\r\n                        <h4>Lezzjonijiet tal-Grammatika Baska<\/h4>\r\n                        <p>Ipprattika l-grammatika Baska.<\/p>\r\n                    <\/div>\r\n                <\/div>\r\n            <\/div>\r\n        <\/a>\r\n\r\n            <\/section>","protected":false},"excerpt":{"rendered":"<p>Su\u0121\u0121etti tal-Grammatika Baska It-tag\u0127lim ta&#8217; lingwa \u0121dida It-tag\u0127lim ta &#8216;lingwa \u0121dida jista&#8217; jkun sforz ta &#8216;sfida i\u017cda ta&#8217; sodisfazzjon. Basque, a language isolate spoken in the Basque Country, is no exception. Bil-karatteristi\u010bi u l-istrutturi uni\u010bi tieg\u0127u, inklu\u017ci l-ergativit\u00e0 u sistema estensiva tal-ka\u017cijiet, it-tag\u0127lim tal-Bask je\u0127tie\u0121 appro\u010b\u010b sistematiku biex jifhem il-grammatika tieg\u0127u. Din il-gwida tiddeskrivi l-oqsma [&hellip;]<\/p>\n","protected":false},"author":20,"featured_media":0,"parent":0,"menu_order":0,"comment_status":"closed","ping_status":"closed","template":"LearningContentPage.php","meta":{"_acf_changed":false,"footnotes":""},"class_list":["post-1477671","page","type-page","status-publish","hentry"],"acf":[],"yoast_head":"<!-- This site is optimized with the Yoast SEO Premium plugin v27.2 (Yoast SEO v27.2) - https:\/\/yoast.com\/product\/yoast-seo-premium-wordpress\/ -->\n<title>E\u017cer\u010bizzji tal-Grammatika Baska - Talkpal<\/title>\n<meta name=\"description\" content=\"Immani\u0121\u0121ja l-grammatika Baska b&#039;e\u017cer\u010bizzji interessanti li jkopru nomi, verbi, u \u017cminijiet biex ittejjeb il-profi\u010bjenza tieg\u0127ek fil-lingwa.\" \/>\n<meta name=\"robots\" content=\"index, follow, max-snippet:-1, max-image-preview:large, max-video-preview:-1\" \/>\n<link rel=\"canonical\" href=\"https:\/\/talkpal.ai\/mt\/ezercizzji-tal-grammatika-baska\/\" \/>\n<meta property=\"og:locale\" content=\"mt_MT\" \/>\n<meta property=\"og:type\" content=\"article\" \/>\n<meta property=\"og:title\" content=\"E\u017cer\u010bizzji tal-Grammatika Baska\" \/>\n<meta property=\"og:description\" content=\"Su\u0121\u0121etti tal-Grammatika Baska It-tag\u0127lim ta&#039; lingwa \u0121dida It-tag\u0127lim ta &#039;lingwa \u0121dida jista&#039; jkun sforz ta &#039;sfida i\u017cda ta&#039; sodisfazzjon. Basque, a\" \/>\n<meta property=\"og:url\" content=\"https:\/\/talkpal.ai\/mt\/ezercizzji-tal-grammatika-baska\/\" \/>\n<meta property=\"og:site_name\" content=\"Talkpal\" \/>\n<meta property=\"article:publisher\" content=\"https:\/\/www.facebook.com\/profile.php?id=100090733639311\" \/>\n<meta property=\"article:modified_time\" content=\"2025-12-30T15:35:35+00:00\" \/>\n<meta property=\"og:image\" content=\"https:\/\/talkpal.ai\/wp-content\/uploads\/2025\/02\/Progress-tab-16_9.png\" \/>\n\t<meta property=\"og:image:width\" content=\"2880\" \/>\n\t<meta property=\"og:image:height\" content=\"1620\" \/>\n\t<meta property=\"og:image:type\" content=\"image\/png\" \/>\n<meta name=\"twitter:card\" content=\"summary_large_image\" \/>\n<meta name=\"twitter:site\" content=\"@talkpalai\" \/>\n<meta name=\"twitter:label1\" content=\"Est. reading time\" \/>\n\t<meta name=\"twitter:data1\" content=\"3 minutes\" \/>\n<script type=\"application\/ld+json\" class=\"yoast-schema-graph\">{\"@context\":\"https:\/\/schema.org\",\"@graph\":[{\"@type\":\"WebPage\",\"@id\":\"https:\/\/talkpal.ai\/mt\/ezercizzji-tal-grammatika-baska\/\",\"url\":\"https:\/\/talkpal.ai\/mt\/ezercizzji-tal-grammatika-baska\/\",\"name\":\"E\u017cer\u010bizzji tal-Grammatika Baska - Talkpal\",\"isPartOf\":{\"@id\":\"https:\/\/talkpal.ai\/mt\/#website\"},\"datePublished\":\"2025-11-11T15:33:20+00:00\",\"dateModified\":\"2025-12-30T15:35:35+00:00\",\"description\":\"Immani\u0121\u0121ja l-grammatika Baska b'e\u017cer\u010bizzji interessanti li jkopru nomi, verbi, u \u017cminijiet biex ittejjeb il-profi\u010bjenza tieg\u0127ek fil-lingwa.\",\"breadcrumb\":{\"@id\":\"https:\/\/talkpal.ai\/mt\/ezercizzji-tal-grammatika-baska\/#breadcrumb\"},\"inLanguage\":\"mt-MT\",\"potentialAction\":[{\"@type\":\"ReadAction\",\"target\":[\"https:\/\/talkpal.ai\/mt\/ezercizzji-tal-grammatika-baska\/\"]}]},{\"@type\":\"BreadcrumbList\",\"@id\":\"https:\/\/talkpal.ai\/mt\/ezercizzji-tal-grammatika-baska\/#breadcrumb\",\"itemListElement\":[{\"@type\":\"ListItem\",\"position\":1,\"name\":\"Homepage\",\"item\":\"https:\/\/talkpal.ai\/mt\/\"},{\"@type\":\"ListItem\",\"position\":2,\"name\":\"E\u017cer\u010bizzji tal-Grammatika Baska\"}]},{\"@type\":\"WebSite\",\"@id\":\"https:\/\/talkpal.ai\/mt\/#website\",\"url\":\"https:\/\/talkpal.ai\/mt\/\",\"name\":\"Talkpal\",\"description\":\"AI Language Learning\",\"publisher\":{\"@id\":\"https:\/\/talkpal.ai\/mt\/#organization\"},\"alternateName\":\"Talkpal AI\",\"potentialAction\":[{\"@type\":\"SearchAction\",\"target\":{\"@type\":\"EntryPoint\",\"urlTemplate\":\"https:\/\/talkpal.ai\/mt\/?s={search_term_string}\"},\"query-input\":{\"@type\":\"PropertyValueSpecification\",\"valueRequired\":true,\"valueName\":\"search_term_string\"}}],\"inLanguage\":\"mt-MT\"},{\"@type\":\"Organization\",\"@id\":\"https:\/\/talkpal.ai\/mt\/#organization\",\"name\":\"Talkpal, Inc.\",\"alternateName\":\"Talkpal AI\",\"url\":\"https:\/\/talkpal.ai\/mt\/\",\"logo\":{\"@type\":\"ImageObject\",\"inLanguage\":\"mt-MT\",\"@id\":\"https:\/\/talkpal.ai\/mt\/#\/schema\/logo\/image\/\",\"url\":\"https:\/\/talkpal.ai\/wp-content\/uploads\/2024\/03\/Talkpal-Logo-Icon.png\",\"contentUrl\":\"https:\/\/talkpal.ai\/wp-content\/uploads\/2024\/03\/Talkpal-Logo-Icon.png\",\"width\":2880,\"height\":2880,\"caption\":\"Talkpal, Inc.\"},\"image\":{\"@id\":\"https:\/\/talkpal.ai\/mt\/#\/schema\/logo\/image\/\"},\"sameAs\":[\"https:\/\/www.facebook.com\/profile.php?id=100090733639311\",\"https:\/\/x.com\/talkpalai\",\"https:\/\/www.linkedin.com\/company\/talkpal\/\",\"https:\/\/www.youtube.com\/@TalkPal\/\",\"https:\/\/www.tiktok.com\/@talkpal\",\"https:\/\/www.instagram.com\/talkpal_ai\/\",\"https:\/\/www.crunchbase.com\/organization\/talkpal-9cde\",\"https:\/\/www.g2.com\/products\/talkpal-for-business\/\",\"https:\/\/www.trustpilot.com\/review\/talkpal.ai\",\"https:\/\/www.capterra.com\/p\/10006800\/TalkPal\/\"],\"description\":\"Talkpal is a language learning web and mobile education app, powered by the latest AI technologies, that provides engaging experiences to its customers in many different languages to help them improve their language skills. Users can chat about unlimited amount of topics with the app and use other modes to practice their language learning.\",\"email\":\"support@talkpal.ai\",\"legalName\":\"Talkpal, Inc.\",\"foundingDate\":\"2023-04-03\",\"duns\":\"118989042\",\"numberOfEmployees\":{\"@type\":\"QuantitativeValue\",\"minValue\":\"11\",\"maxValue\":\"50\"},\"publishingPrinciples\":\"https:\/\/talkpal.ai\/publishing-principles\/\",\"actionableFeedbackPolicy\":\"https:\/\/talkpal.ai\/actionable-feedback-policy\/\",\"correctionsPolicy\":\"https:\/\/talkpal.ai\/corrections-policy\/\",\"ethicsPolicy\":\"https:\/\/talkpal.ai\/ethics-policy\/\",\"diversityPolicy\":\"https:\/\/talkpal.ai\/diversity-policy\/\",\"diversityStaffingReport\":\"https:\/\/talkpal.ai\/diversity-policy\/\"}]}<\/script>\n<!-- \/ Yoast SEO Premium plugin. -->","yoast_head_json":{"title":"E\u017cer\u010bizzji tal-Grammatika Baska - Talkpal","description":"Immani\u0121\u0121ja l-grammatika Baska b'e\u017cer\u010bizzji interessanti li jkopru nomi, verbi, u \u017cminijiet biex ittejjeb il-profi\u010bjenza tieg\u0127ek fil-lingwa.","robots":{"index":"index","follow":"follow","max-snippet":"max-snippet:-1","max-image-preview":"max-image-preview:large","max-video-preview":"max-video-preview:-1"},"canonical":"https:\/\/talkpal.ai\/mt\/ezercizzji-tal-grammatika-baska\/","og_locale":"mt_MT","og_type":"article","og_title":"E\u017cer\u010bizzji tal-Grammatika Baska","og_description":"Su\u0121\u0121etti tal-Grammatika Baska It-tag\u0127lim ta' lingwa \u0121dida It-tag\u0127lim ta 'lingwa \u0121dida jista' jkun sforz ta 'sfida i\u017cda ta' sodisfazzjon. Basque, a","og_url":"https:\/\/talkpal.ai\/mt\/ezercizzji-tal-grammatika-baska\/","og_site_name":"Talkpal","article_publisher":"https:\/\/www.facebook.com\/profile.php?id=100090733639311","article_modified_time":"2025-12-30T15:35:35+00:00","og_image":[{"width":2880,"height":1620,"url":"https:\/\/talkpal.ai\/wp-content\/uploads\/2025\/02\/Progress-tab-16_9.png","type":"image\/png"}],"twitter_card":"summary_large_image","twitter_site":"@talkpalai","twitter_misc":{"Est. reading time":"3 minutes"},"schema":{"@context":"https:\/\/schema.org","@graph":[{"@type":"WebPage","@id":"https:\/\/talkpal.ai\/mt\/ezercizzji-tal-grammatika-baska\/","url":"https:\/\/talkpal.ai\/mt\/ezercizzji-tal-grammatika-baska\/","name":"E\u017cer\u010bizzji tal-Grammatika Baska - Talkpal","isPartOf":{"@id":"https:\/\/talkpal.ai\/mt\/#website"},"datePublished":"2025-11-11T15:33:20+00:00","dateModified":"2025-12-30T15:35:35+00:00","description":"Immani\u0121\u0121ja l-grammatika Baska b'e\u017cer\u010bizzji interessanti li jkopru nomi, verbi, u \u017cminijiet biex ittejjeb il-profi\u010bjenza tieg\u0127ek fil-lingwa.","breadcrumb":{"@id":"https:\/\/talkpal.ai\/mt\/ezercizzji-tal-grammatika-baska\/#breadcrumb"},"inLanguage":"mt-MT","potentialAction":[{"@type":"ReadAction","target":["https:\/\/talkpal.ai\/mt\/ezercizzji-tal-grammatika-baska\/"]}]},{"@type":"BreadcrumbList","@id":"https:\/\/talkpal.ai\/mt\/ezercizzji-tal-grammatika-baska\/#breadcrumb","itemListElement":[{"@type":"ListItem","position":1,"name":"Homepage","item":"https:\/\/talkpal.ai\/mt\/"},{"@type":"ListItem","position":2,"name":"E\u017cer\u010bizzji tal-Grammatika Baska"}]},{"@type":"WebSite","@id":"https:\/\/talkpal.ai\/mt\/#website","url":"https:\/\/talkpal.ai\/mt\/","name":"Talkpal","description":"AI Language Learning","publisher":{"@id":"https:\/\/talkpal.ai\/mt\/#organization"},"alternateName":"Talkpal AI","potentialAction":[{"@type":"SearchAction","target":{"@type":"EntryPoint","urlTemplate":"https:\/\/talkpal.ai\/mt\/?s={search_term_string}"},"query-input":{"@type":"PropertyValueSpecification","valueRequired":true,"valueName":"search_term_string"}}],"inLanguage":"mt-MT"},{"@type":"Organization","@id":"https:\/\/talkpal.ai\/mt\/#organization","name":"Talkpal, Inc.","alternateName":"Talkpal AI","url":"https:\/\/talkpal.ai\/mt\/","logo":{"@type":"ImageObject","inLanguage":"mt-MT","@id":"https:\/\/talkpal.ai\/mt\/#\/schema\/logo\/image\/","url":"https:\/\/talkpal.ai\/wp-content\/uploads\/2024\/03\/Talkpal-Logo-Icon.png","contentUrl":"https:\/\/talkpal.ai\/wp-content\/uploads\/2024\/03\/Talkpal-Logo-Icon.png","width":2880,"height":2880,"caption":"Talkpal, Inc."},"image":{"@id":"https:\/\/talkpal.ai\/mt\/#\/schema\/logo\/image\/"},"sameAs":["https:\/\/www.facebook.com\/profile.php?id=100090733639311","https:\/\/x.com\/talkpalai","https:\/\/www.linkedin.com\/company\/talkpal\/","https:\/\/www.youtube.com\/@TalkPal\/","https:\/\/www.tiktok.com\/@talkpal","https:\/\/www.instagram.com\/talkpal_ai\/","https:\/\/www.crunchbase.com\/organization\/talkpal-9cde","https:\/\/www.g2.com\/products\/talkpal-for-business\/","https:\/\/www.trustpilot.com\/review\/talkpal.ai","https:\/\/www.capterra.com\/p\/10006800\/TalkPal\/"],"description":"Talkpal is a language learning web and mobile education app, powered by the latest AI technologies, that provides engaging experiences to its customers in many different languages to help them improve their language skills. Users can chat about unlimited amount of topics with the app and use other modes to practice their language learning.","email":"support@talkpal.ai","legalName":"Talkpal, Inc.","foundingDate":"2023-04-03","duns":"118989042","numberOfEmployees":{"@type":"QuantitativeValue","minValue":"11","maxValue":"50"},"publishingPrinciples":"https:\/\/talkpal.ai\/publishing-principles\/","actionableFeedbackPolicy":"https:\/\/talkpal.ai\/actionable-feedback-policy\/","correctionsPolicy":"https:\/\/talkpal.ai\/corrections-policy\/","ethicsPolicy":"https:\/\/talkpal.ai\/ethics-policy\/","diversityPolicy":"https:\/\/talkpal.ai\/diversity-policy\/","diversityStaffingReport":"https:\/\/talkpal.ai\/diversity-policy\/"}]}},"_links":{"self":[{"href":"https:\/\/talkpal.ai\/mt\/wp-json\/wp\/v2\/pages\/1477671","targetHints":{"allow":["GET"]}}],"collection":[{"href":"https:\/\/talkpal.ai\/mt\/wp-json\/wp\/v2\/pages"}],"about":[{"href":"https:\/\/talkpal.ai\/mt\/wp-json\/wp\/v2\/types\/page"}],"author":[{"embeddable":true,"href":"https:\/\/talkpal.ai\/mt\/wp-json\/wp\/v2\/users\/20"}],"replies":[{"embeddable":true,"href":"https:\/\/talkpal.ai\/mt\/wp-json\/wp\/v2\/comments?post=1477671"}],"version-history":[{"count":0,"href":"https:\/\/talkpal.ai\/mt\/wp-json\/wp\/v2\/pages\/1477671\/revisions"}],"wp:attachment":[{"href":"https:\/\/talkpal.ai\/mt\/wp-json\/wp\/v2\/media?parent=1477671"}],"curies":[{"name":"wp","href":"https:\/\/api.w.org\/{rel}","templated":true}]}}