{"id":1477504,"date":"2025-11-11T15:06:39","date_gmt":"2025-11-11T15:06:39","guid":{"rendered":"https:\/\/talkpal.ai\/grammatika-assamese\/"},"modified":"2025-12-30T15:41:33","modified_gmt":"2025-12-30T15:41:33","slug":"grammatika-assamese","status":"publish","type":"page","link":"https:\/\/talkpal.ai\/mt\/grammatika-assamese\/","title":{"rendered":"Grammatika Assamese"},"content":{"rendered":"\r\n\r\n\r\n<section class=\"languageChallengeSection\">\r\n    <div class=\"languageInfoWrapper\">\r\n        \r\n        <h1>Grammatika Assamese<\/h1>\r\n        <p>Il-grammatika <a href=\"https:\/\/talkpal.ai\/learn-assamese\/\">Assamese<\/a> tista &#039;tidher ta&#039; sfida g\u0127all-ewwel, i\u017cda l-karatteristi\u010bi uni\u010bi tag\u0127ha jag\u0127mlu t-tag\u0127lim tal-lingwa esperjenza ta &#039;sodisfazzjon. Billi tesplora l-alfabett, il-mutazzjonijiet u r-regoli tal-grammatika tag\u0127ha, int ser tikseb g\u0127arfien dwar tradizzjoni lingwistika rikka. Ibda l-vja\u0121\u0121 tieg\u0127ek u skopri s-sbu\u0127ija tal-Assamese!<\/p>\r\n\r\n                            <a class=\"getStartedHidden\" href=\"https:\/\/app.talkpal.ai\/signup?lng=\">Ibda<\/a>\r\n        \r\n    <\/div>\r\n\r\n    <figure>\r\n    <img decoding=\"async\" width=\"768\" height=\"768\" src=\"https:\/\/talkpal.ai\/wp-content\/uploads\/2023\/06\/welsh-768x768.png\" class=\"languageImage no-lazy\" alt=\"Language learning for better cognitive abilities\" fetchpriority=\"high\" sizes=\"(max-width: 768px) 150px, 768px\" srcset=\"https:\/\/talkpal.ai\/wp-content\/uploads\/2023\/06\/welsh-768x768.png 768w, https:\/\/talkpal.ai\/wp-content\/uploads\/2023\/06\/welsh-300x300.png 300w\" \/>\r\n    \r\n\r\n    <\/figure>\r\n\r\n            <a class=\"getStartedVisible\" href=\"https:\/\/app.talkpal.ai\/signup?lng=\">Ibda<\/a>\r\n    \r\n<\/section><section class=\"promotionalBanner\">\r\n    <p class=\"promotionalText\">L-aktar mod effi\u010bjenti biex titg\u0127allem lingwa<\/p>\r\n    <a class=\"promotionalLink\" href=\"https:\/\/app.talkpal.ai\/signup?lng=\">Ipprova Talkpal b&#8217;xejn<\/a>\r\n<\/section>\n<div class=\"wp-block-group pageContainerStyle\"><div class=\"wp-block-group__inner-container is-layout-constrained wp-block-group-is-layout-constrained\">\n<h2 class=\"wp-block-heading\" id=\"h-navigating-the-intricacies-of-assamese-grammar\">Navigazzjoni fil-Kumplessitajiet tal-Grammatika Assamese<\/h2>\n\n\n\n<p><a href=\"https:\/\/talkpal.ai\/mt\/tghallem-l-assamese\/\">L-Assamese<\/a>, lingwa Indo-Arjana bi storja rikka u sinifikat kulturali, toffri esperjenza lingwistika e\u010b\u010bitanti g\u0127al dawk \u0127erqana li jesploraw is-sistema grammatikali unika tag\u0127ha. Hekk kif tid\u0127ol fl-isfera tal-Assamese, mhux biss tarrikkixxi r-repertorju lingwistiku tieg\u0127ek i\u017cda t\u0127addan ukoll vja\u0121\u0121 kulturali affaxxinanti. Filwaqt li l-grammatika Assamese tista &#8216;tidher ikkumplikata g\u0127all-ewwel, it-tqassim tag\u0127ha f&#8217;komponenti ewlenin jag\u0127mel it-tag\u0127lim tal-lingwa aktar a\u010b\u010bessibbli. F&#8217;dan l-artikolu, se nesploraw id-dinja captivating tal-grammatika Assamese u nipprovdu pariri dwar kif tikkontrolla l-kumplessitajiet tag\u0127ha.<\/p>\n\n\n\n<h3 class=\"wp-block-heading\" id=\"h-1-assamese-alphabet-and-phonetics\">1. Alfabett Assamese u Fonetika<\/h3>\n\n\n\n<p>Is-sistema tal-kitba Assamese tu\u017ca l-iskrittura Nagari tal-Lvant u tinkludi karattri distintivi u valuri tal-\u0127oss, b\u0127al \u09f0 ra u \u09f1 wa, kif ukoll raggruppamenti ta&#8217; konsonanti u diakriti\u010bi tal-vokali. Biex titg\u0127allem il-grammatika Assamese, huwa kru\u010bjali li ssir familjari ma &#8216;din l-iskrittura u l-fonetika tag\u0127ha billi tipprattika l-qari u l-kitba fl-Assamese.<\/p>\n\n\n\n<h3 class=\"wp-block-heading\" id=\"h-2-sandhi-and-sound-changes-a-peculiar-assamese-feature\">2. Sandhi u Bidliet fil-\u0126oss: Karatteristika Assamese Partikolari<\/h3>\n\n\n\n<p>Aspett impressjonanti tal-Assamese huwa r-rwol tas-sandhi u l-alternazzjonijiet fonolo\u0121i\u010bi li jse\u0127\u0127u meta l-kliem jing\u0127aqdu jew meta je\u0127lu s-suffissi. Tiltaqa &#8216;ma&#8217; pro\u010bessi b\u0127at-t\u0127assir ta &#8216;schwa fid-diskors kollokjali, l-inserzjoni ta&#8217; glide bejn il-vokali, u forom li jalternaw ta &#8216;markaturi ta&#8217; ka\u017c u suffissi, pere\u017cempju -jew -ar g\u0127all-\u0121enittiv u -ok jew -ak g\u0127all-akku\u017cattiv jew dattiv. Li tifhem meta u kif ise\u0127\u0127u dawn il-bidliet huwa vitali g\u0127al komunikazzjoni pre\u010bi\u017ca u naturali fl-Assamese.<\/p>\n\n\n\n<h3 class=\"wp-block-heading\" id=\"h-3-nouns-and-pronouns-number-classifiers-and-cases\">3. Nomi u Pronomi: Numru, Klassifikaturi, u Ka\u017cijiet<\/h3>\n\n\n\n<p>Nomi Assamese m&#8217;g\u0127andhomx \u0121eneru grammatikali, i\u017cda n-numru u d-definizzjoni huma espressi permezz ta &#8216;markaturi plurali u klassifikaturi. Markaturi plurali komuni jinkludu -bor u -bilak, filwaqt li klassifikaturi b\u0127al -ta, -khon, u -zoni huma frekwenti fi fra\u017cijiet nominali b&#8217;numri jew definittivit\u00e0. L-Assamese ju\u017ca postpo\u017cizzjonijiet u markaturi tal-ka\u017c, inklu\u017ci \u0121enittiv -jew -ar, akku\u017cat jew dattiv -ok jew -ak, lokattiv -at jew -ot, strumentali jew a\u0121ent -e, ablattiv -pora, u logot kumitativ. Il-pronomi jinkludu forom personali b\u0127al moi I, toi jew tumi jew apuni you b&#8217;livelli differenti ta &#8216;familjarit\u00e0 u edukatezza, u se hu jew hi, b&#8217;plurali b\u0127al <a href=\"https:\/\/talkpal.ai\/locations\/language-courses-in-ami\/\">ami<\/a> we u teolok they. Forom possessivi huma mag\u0127mula bil-\u0121enittiv, b\u0127al mur tieg\u0127i, tomar ur, apunar edukat tieg\u0127ek, tar tieg\u0127u jew tag\u0127ha. Reflexive nij u nijeke, dimostrattivi eita dan u seita dak, u interrogattivi b\u0127al kune min, ki xiex, kot fejn, u ketiya meta huma essenzjali biex jitg\u0127allmu.<\/p>\n\n\n\n<h3 class=\"wp-block-heading\" id=\"h-4-verbs-structure-and-conjugation\">4. Verbi: Struttura u Konjugazzjoni<\/h3>\n\n\n\n<p>Il-verbi Assamese huma mmarkati g\u0127at-temp, l-aspett, il-burdata, u l-polarit\u00e0, \u0127afna drabi b&#8217;aw\u017ciljarji, u juru qbil limitat. It-tempi essenzjali huma pre\u017centi, passat u futur, flimkien ma &#8216;aspetti b\u0127al progressivi u perfettivi. In-negazzjoni tipikament tu\u017ca na qabel il-verb jew aw\u017ciljarju, u l-e\u017cistenzjali negattiv huwa nai. L-imperattivi jvarjaw skont il-livell ta &#8216;politeness, pere\u017cempju kor do, kora jew korun polite. It-tag\u0127lim tal-mudelli ewlenin tal-konjugazzjoni u kif l-aw\u017ciljarji jesprimu l-aspett se jtejjeb \u0127afna l-abbilt\u00e0 tieg\u0127ek li tikkomunika b&#8217;mod effettiv fl-Assamese.<\/p>\n\n\n\n<h3 class=\"wp-block-heading\" id=\"h-5-adjectives-agreement-and-placement\">5. A\u0121\u0121ettivi: Ftehim u Tqeg\u0127id<\/h3>\n\n\n\n<p>n <a href=\"https:\/\/talkpal.ai\/assamese-grammar\/\">Grammatika Assamese<\/a>, l-a\u0121\u0121ettivi tipikament jippre\u010bedu n-nom li jimmodifikaw u ma jaqblux fis-sess jew fin-numru man-nom. Gradi ta &#8216;tqabbil huma komunement iffurmati b&#8217;avverbji u kostruzzjonijiet perifrasti\u010bi, pere\u017cempju bl-u\u017cu ta&#8217; besi g\u0127al aktar u \u0127afna markaturi g\u0127all-enfasi. It-tag\u0127lim ta &#8216;mudelli komuni jg\u0127inek tinstema&#8217; naturali fid-diskors ta &#8216;kuljum.  <\/p>\n\n\n\n<p><strong>E\u017cempji:<\/strong><\/p>\n\n\n\n<p><strong>\u2013 Dangor Morom (Im\u0127abba Kbira)<\/strong><\/p>\n\n\n\n<p><strong>\u2013 Xoru sishu-bilak (tfal \u017cg\u0127ar)<\/strong><\/p>\n\n\n\n<h3 class=\"wp-block-heading\" id=\"h-6-engaging-with-the-language\">6. Involviment mal-lingwa<\/h3>\n\n\n\n<p>L-iktar mod effettiv biex tifhem u tinternalizza bis-s\u0127i\u0127 il-grammatika Assamese huwa li timpenja ru\u0127ha b&#8217;mod konsistenti mal-lingwa. Billi taqra l-letteratura Assamese, tara films jew serje televi\u017civi Assamesi, tisma &#8216;a\u0127barijiet jew radju Assamese, u tikkomunika b&#8217;mod attiv ma&#8217; kelliema nattivi, int se ssa\u0127\u0127a\u0127 il-fehim tieg\u0127ek tal-grammatika filwaqt li tespandi l-vokabularju tieg\u0127ek.<\/p>\n\n\n\n<h3 class=\"wp-block-heading\" id=\"h-conclusion\">Konklu\u017cjoni<\/h3>\n\n\n\n<p>G\u0127alkemm il-grammatika Assamese tista &#8216;tidher ikkumplikata, tista&#8217; ssir profi\u010bjenti f&#8217;din il-lingwa sabi\u0127a b&#8217;dedikazzjoni, prattika u entu\u017cja\u017cmu. Billi tiffoka fuq ir-regoli fundamentali u timpenja ru\u0127ek mal-lingwa f&#8217;kuntesti differenti, int se ttejjeb malajr <a href=\"https:\/\/talkpal.ai\/mt\/grammatika\/\">il-\u0127iliet tal-grammatika<\/a> Assamese tieg\u0127ek. Xubheccha (xorti tajba) bil-vja\u0121\u0121 tal-lingwa Assamese tieg\u0127ek, u gawdi li ti\u017cvela d-dinja rikka u captivating tal-grammatika Assamese!<\/p>\n<\/div><\/div>\n\r\n<section class=\"learnNavigationSection\">\r\n            \r\n        <a href=\"https:\/\/talkpal.ai\/mt\/tghallem-l-assamese\/\">\r\n            <div class=\"learnNavigationWrapper\">\r\n                <div class=\"learnNavigationContent\">\r\n                    <img decoding=\"async\" src=\"https:\/\/talkpal.ai\/wp-content\/uploads\/2025\/11\/Assamese.png\" alt=\"Indian Simplified Flag\">\r\n                    <div>\r\n                        <h4>Dwar it-Tag\u0127lim Assamese<\/h4>\r\n                        <p>Sir af kollox dwar il-Grammatika Assamese.<\/p>\r\n                    <\/div>\r\n                <\/div>\r\n            <\/div>\r\n        <\/a>\r\n\r\n        \r\n        <a href=\"https:\/\/talkpal.ai\/mt\/ezercizzji-tal-grammatika-assamese\/\">\r\n            <div class=\"learnNavigationWrapper\">\r\n                <div class=\"learnNavigationContent\">\r\n                    <img decoding=\"async\" src=\"https:\/\/talkpal.ai\/wp-content\/uploads\/2025\/11\/Assamese.png\" alt=\"Indian Simplified Flag\">\r\n                    <div>\r\n                        <h4>E\u017cer\u010bizzju tal-Grammatika Assamese<\/h4>\r\n                        <p>Prattika grammatika Assamese.<\/p>\r\n                    <\/div>\r\n                <\/div>\r\n            <\/div>\r\n        <\/a>\r\n\r\n            <\/section>","protected":false},"excerpt":{"rendered":"<p>Navigazzjoni fil-Kumplessitajiet tal-Grammatika Assamese L-Assamese, lingwa Indo-Arjana bi storja rikka u sinifikat kulturali, toffri esperjenza lingwistika e\u010b\u010bitanti g\u0127al dawk \u0127erqana li jesploraw is-sistema grammatikali unika tag\u0127ha. Hekk kif tid\u0127ol fl-isfera tal-Assamese, mhux biss tarrikkixxi r-repertorju lingwistiku tieg\u0127ek i\u017cda t\u0127addan ukoll vja\u0121\u0121 kulturali affaxxinanti. Filwaqt li l-grammatika Assamese tista &#8216;tidher ikkumplikata g\u0127all-ewwel, it-tqassim tag\u0127ha f&#8217;komponenti ewlenin [&hellip;]<\/p>\n","protected":false},"author":20,"featured_media":0,"parent":0,"menu_order":0,"comment_status":"closed","ping_status":"closed","template":"LearningContentPage.php","meta":{"_acf_changed":false,"footnotes":""},"class_list":["post-1477504","page","type-page","status-publish","hentry"],"acf":[],"yoast_head":"<!-- This site is optimized with the Yoast SEO Premium plugin v27.2 (Yoast SEO v27.2) - https:\/\/yoast.com\/product\/yoast-seo-premium-wordpress\/ -->\n<title>Grammatika Assamese - Talkpal<\/title>\n<meta name=\"description\" content=\"Immani\u0121\u0121ja l-intri\u010b\u010bitajiet tal-grammatika Assamese permezz ta&#039; Talkpal AI biex ittejjeb il-profi\u010bjenza tieg\u0127ek u tkellem b&#039;kunfidenza assoluta llum.\" \/>\n<meta name=\"robots\" content=\"index, follow, max-snippet:-1, max-image-preview:large, max-video-preview:-1\" \/>\n<link rel=\"canonical\" href=\"https:\/\/talkpal.ai\/mt\/grammatika-assamese\/\" \/>\n<meta property=\"og:locale\" content=\"mt_MT\" \/>\n<meta property=\"og:type\" content=\"article\" \/>\n<meta property=\"og:title\" content=\"Grammatika Assamese\" \/>\n<meta property=\"og:description\" content=\"Navigazzjoni fil-Kumplessitajiet tal-Grammatika Assamese L-Assamese, lingwa Indo-Arjana bi storja rikka u sinifikat kulturali, toffri esperjenza\" \/>\n<meta property=\"og:url\" content=\"https:\/\/talkpal.ai\/mt\/grammatika-assamese\/\" \/>\n<meta property=\"og:site_name\" content=\"Talkpal\" \/>\n<meta property=\"article:publisher\" content=\"https:\/\/www.facebook.com\/profile.php?id=100090733639311\" \/>\n<meta property=\"article:modified_time\" content=\"2025-12-30T15:41:33+00:00\" \/>\n<meta property=\"og:image\" content=\"https:\/\/talkpal.ai\/wp-content\/uploads\/2025\/02\/Progress-tab-16_9.png\" \/>\n\t<meta property=\"og:image:width\" content=\"2880\" \/>\n\t<meta property=\"og:image:height\" content=\"1620\" \/>\n\t<meta property=\"og:image:type\" content=\"image\/png\" \/>\n<meta name=\"twitter:card\" content=\"summary_large_image\" \/>\n<meta name=\"twitter:site\" content=\"@talkpalai\" \/>\n<meta name=\"twitter:label1\" content=\"Est. reading time\" \/>\n\t<meta name=\"twitter:data1\" content=\"3 minutes\" \/>\n<script type=\"application\/ld+json\" class=\"yoast-schema-graph\">{\"@context\":\"https:\/\/schema.org\",\"@graph\":[{\"@type\":\"WebPage\",\"@id\":\"https:\/\/talkpal.ai\/mt\/grammatika-assamese\/\",\"url\":\"https:\/\/talkpal.ai\/mt\/grammatika-assamese\/\",\"name\":\"Grammatika Assamese - Talkpal\",\"isPartOf\":{\"@id\":\"https:\/\/talkpal.ai\/mt\/#website\"},\"datePublished\":\"2025-11-11T15:06:39+00:00\",\"dateModified\":\"2025-12-30T15:41:33+00:00\",\"description\":\"Immani\u0121\u0121ja l-intri\u010b\u010bitajiet tal-grammatika Assamese permezz ta' Talkpal AI biex ittejjeb il-profi\u010bjenza tieg\u0127ek u tkellem b'kunfidenza assoluta llum.\",\"breadcrumb\":{\"@id\":\"https:\/\/talkpal.ai\/mt\/grammatika-assamese\/#breadcrumb\"},\"inLanguage\":\"mt-MT\",\"potentialAction\":[{\"@type\":\"ReadAction\",\"target\":[\"https:\/\/talkpal.ai\/mt\/grammatika-assamese\/\"]}]},{\"@type\":\"BreadcrumbList\",\"@id\":\"https:\/\/talkpal.ai\/mt\/grammatika-assamese\/#breadcrumb\",\"itemListElement\":[{\"@type\":\"ListItem\",\"position\":1,\"name\":\"Homepage\",\"item\":\"https:\/\/talkpal.ai\/mt\/\"},{\"@type\":\"ListItem\",\"position\":2,\"name\":\"Grammatika Assamese\"}]},{\"@type\":\"WebSite\",\"@id\":\"https:\/\/talkpal.ai\/mt\/#website\",\"url\":\"https:\/\/talkpal.ai\/mt\/\",\"name\":\"Talkpal\",\"description\":\"AI Language Learning\",\"publisher\":{\"@id\":\"https:\/\/talkpal.ai\/mt\/#organization\"},\"alternateName\":\"Talkpal AI\",\"potentialAction\":[{\"@type\":\"SearchAction\",\"target\":{\"@type\":\"EntryPoint\",\"urlTemplate\":\"https:\/\/talkpal.ai\/mt\/?s={search_term_string}\"},\"query-input\":{\"@type\":\"PropertyValueSpecification\",\"valueRequired\":true,\"valueName\":\"search_term_string\"}}],\"inLanguage\":\"mt-MT\"},{\"@type\":\"Organization\",\"@id\":\"https:\/\/talkpal.ai\/mt\/#organization\",\"name\":\"Talkpal, Inc.\",\"alternateName\":\"Talkpal AI\",\"url\":\"https:\/\/talkpal.ai\/mt\/\",\"logo\":{\"@type\":\"ImageObject\",\"inLanguage\":\"mt-MT\",\"@id\":\"https:\/\/talkpal.ai\/mt\/#\/schema\/logo\/image\/\",\"url\":\"https:\/\/talkpal.ai\/wp-content\/uploads\/2024\/03\/Talkpal-Logo-Icon.png\",\"contentUrl\":\"https:\/\/talkpal.ai\/wp-content\/uploads\/2024\/03\/Talkpal-Logo-Icon.png\",\"width\":2880,\"height\":2880,\"caption\":\"Talkpal, Inc.\"},\"image\":{\"@id\":\"https:\/\/talkpal.ai\/mt\/#\/schema\/logo\/image\/\"},\"sameAs\":[\"https:\/\/www.facebook.com\/profile.php?id=100090733639311\",\"https:\/\/x.com\/talkpalai\",\"https:\/\/www.linkedin.com\/company\/talkpal\/\",\"https:\/\/www.youtube.com\/@TalkPal\/\",\"https:\/\/www.tiktok.com\/@talkpal\",\"https:\/\/www.instagram.com\/talkpal_ai\/\",\"https:\/\/www.crunchbase.com\/organization\/talkpal-9cde\",\"https:\/\/www.g2.com\/products\/talkpal-for-business\/\",\"https:\/\/www.trustpilot.com\/review\/talkpal.ai\",\"https:\/\/www.capterra.com\/p\/10006800\/TalkPal\/\"],\"description\":\"Talkpal is a language learning web and mobile education app, powered by the latest AI technologies, that provides engaging experiences to its customers in many different languages to help them improve their language skills. Users can chat about unlimited amount of topics with the app and use other modes to practice their language learning.\",\"email\":\"support@talkpal.ai\",\"legalName\":\"Talkpal, Inc.\",\"foundingDate\":\"2023-04-03\",\"duns\":\"118989042\",\"numberOfEmployees\":{\"@type\":\"QuantitativeValue\",\"minValue\":\"11\",\"maxValue\":\"50\"},\"publishingPrinciples\":\"https:\/\/talkpal.ai\/publishing-principles\/\",\"actionableFeedbackPolicy\":\"https:\/\/talkpal.ai\/actionable-feedback-policy\/\",\"correctionsPolicy\":\"https:\/\/talkpal.ai\/corrections-policy\/\",\"ethicsPolicy\":\"https:\/\/talkpal.ai\/ethics-policy\/\",\"diversityPolicy\":\"https:\/\/talkpal.ai\/diversity-policy\/\",\"diversityStaffingReport\":\"https:\/\/talkpal.ai\/diversity-policy\/\"}]}<\/script>\n<!-- \/ Yoast SEO Premium plugin. -->","yoast_head_json":{"title":"Grammatika Assamese - Talkpal","description":"Immani\u0121\u0121ja l-intri\u010b\u010bitajiet tal-grammatika Assamese permezz ta' Talkpal AI biex ittejjeb il-profi\u010bjenza tieg\u0127ek u tkellem b'kunfidenza assoluta llum.","robots":{"index":"index","follow":"follow","max-snippet":"max-snippet:-1","max-image-preview":"max-image-preview:large","max-video-preview":"max-video-preview:-1"},"canonical":"https:\/\/talkpal.ai\/mt\/grammatika-assamese\/","og_locale":"mt_MT","og_type":"article","og_title":"Grammatika Assamese","og_description":"Navigazzjoni fil-Kumplessitajiet tal-Grammatika Assamese L-Assamese, lingwa Indo-Arjana bi storja rikka u sinifikat kulturali, toffri esperjenza","og_url":"https:\/\/talkpal.ai\/mt\/grammatika-assamese\/","og_site_name":"Talkpal","article_publisher":"https:\/\/www.facebook.com\/profile.php?id=100090733639311","article_modified_time":"2025-12-30T15:41:33+00:00","og_image":[{"width":2880,"height":1620,"url":"https:\/\/talkpal.ai\/wp-content\/uploads\/2025\/02\/Progress-tab-16_9.png","type":"image\/png"}],"twitter_card":"summary_large_image","twitter_site":"@talkpalai","twitter_misc":{"Est. reading time":"3 minutes"},"schema":{"@context":"https:\/\/schema.org","@graph":[{"@type":"WebPage","@id":"https:\/\/talkpal.ai\/mt\/grammatika-assamese\/","url":"https:\/\/talkpal.ai\/mt\/grammatika-assamese\/","name":"Grammatika Assamese - Talkpal","isPartOf":{"@id":"https:\/\/talkpal.ai\/mt\/#website"},"datePublished":"2025-11-11T15:06:39+00:00","dateModified":"2025-12-30T15:41:33+00:00","description":"Immani\u0121\u0121ja l-intri\u010b\u010bitajiet tal-grammatika Assamese permezz ta' Talkpal AI biex ittejjeb il-profi\u010bjenza tieg\u0127ek u tkellem b'kunfidenza assoluta llum.","breadcrumb":{"@id":"https:\/\/talkpal.ai\/mt\/grammatika-assamese\/#breadcrumb"},"inLanguage":"mt-MT","potentialAction":[{"@type":"ReadAction","target":["https:\/\/talkpal.ai\/mt\/grammatika-assamese\/"]}]},{"@type":"BreadcrumbList","@id":"https:\/\/talkpal.ai\/mt\/grammatika-assamese\/#breadcrumb","itemListElement":[{"@type":"ListItem","position":1,"name":"Homepage","item":"https:\/\/talkpal.ai\/mt\/"},{"@type":"ListItem","position":2,"name":"Grammatika Assamese"}]},{"@type":"WebSite","@id":"https:\/\/talkpal.ai\/mt\/#website","url":"https:\/\/talkpal.ai\/mt\/","name":"Talkpal","description":"AI Language Learning","publisher":{"@id":"https:\/\/talkpal.ai\/mt\/#organization"},"alternateName":"Talkpal AI","potentialAction":[{"@type":"SearchAction","target":{"@type":"EntryPoint","urlTemplate":"https:\/\/talkpal.ai\/mt\/?s={search_term_string}"},"query-input":{"@type":"PropertyValueSpecification","valueRequired":true,"valueName":"search_term_string"}}],"inLanguage":"mt-MT"},{"@type":"Organization","@id":"https:\/\/talkpal.ai\/mt\/#organization","name":"Talkpal, Inc.","alternateName":"Talkpal AI","url":"https:\/\/talkpal.ai\/mt\/","logo":{"@type":"ImageObject","inLanguage":"mt-MT","@id":"https:\/\/talkpal.ai\/mt\/#\/schema\/logo\/image\/","url":"https:\/\/talkpal.ai\/wp-content\/uploads\/2024\/03\/Talkpal-Logo-Icon.png","contentUrl":"https:\/\/talkpal.ai\/wp-content\/uploads\/2024\/03\/Talkpal-Logo-Icon.png","width":2880,"height":2880,"caption":"Talkpal, Inc."},"image":{"@id":"https:\/\/talkpal.ai\/mt\/#\/schema\/logo\/image\/"},"sameAs":["https:\/\/www.facebook.com\/profile.php?id=100090733639311","https:\/\/x.com\/talkpalai","https:\/\/www.linkedin.com\/company\/talkpal\/","https:\/\/www.youtube.com\/@TalkPal\/","https:\/\/www.tiktok.com\/@talkpal","https:\/\/www.instagram.com\/talkpal_ai\/","https:\/\/www.crunchbase.com\/organization\/talkpal-9cde","https:\/\/www.g2.com\/products\/talkpal-for-business\/","https:\/\/www.trustpilot.com\/review\/talkpal.ai","https:\/\/www.capterra.com\/p\/10006800\/TalkPal\/"],"description":"Talkpal is a language learning web and mobile education app, powered by the latest AI technologies, that provides engaging experiences to its customers in many different languages to help them improve their language skills. Users can chat about unlimited amount of topics with the app and use other modes to practice their language learning.","email":"support@talkpal.ai","legalName":"Talkpal, Inc.","foundingDate":"2023-04-03","duns":"118989042","numberOfEmployees":{"@type":"QuantitativeValue","minValue":"11","maxValue":"50"},"publishingPrinciples":"https:\/\/talkpal.ai\/publishing-principles\/","actionableFeedbackPolicy":"https:\/\/talkpal.ai\/actionable-feedback-policy\/","correctionsPolicy":"https:\/\/talkpal.ai\/corrections-policy\/","ethicsPolicy":"https:\/\/talkpal.ai\/ethics-policy\/","diversityPolicy":"https:\/\/talkpal.ai\/diversity-policy\/","diversityStaffingReport":"https:\/\/talkpal.ai\/diversity-policy\/"}]}},"_links":{"self":[{"href":"https:\/\/talkpal.ai\/mt\/wp-json\/wp\/v2\/pages\/1477504","targetHints":{"allow":["GET"]}}],"collection":[{"href":"https:\/\/talkpal.ai\/mt\/wp-json\/wp\/v2\/pages"}],"about":[{"href":"https:\/\/talkpal.ai\/mt\/wp-json\/wp\/v2\/types\/page"}],"author":[{"embeddable":true,"href":"https:\/\/talkpal.ai\/mt\/wp-json\/wp\/v2\/users\/20"}],"replies":[{"embeddable":true,"href":"https:\/\/talkpal.ai\/mt\/wp-json\/wp\/v2\/comments?post=1477504"}],"version-history":[{"count":0,"href":"https:\/\/talkpal.ai\/mt\/wp-json\/wp\/v2\/pages\/1477504\/revisions"}],"wp:attachment":[{"href":"https:\/\/talkpal.ai\/mt\/wp-json\/wp\/v2\/media?parent=1477504"}],"curies":[{"name":"wp","href":"https:\/\/api.w.org\/{rel}","templated":true}]}}